{"id":482774,"date":"2024-11-26T20:31:32","date_gmt":"2024-11-26T20:36:24","guid":{"rendered":"https:\/\/hurghadalovers.com\/product\/dzialalnosc-w-zatoce-makadi-2024-2025\/"},"modified":"2024-11-26T20:47:44","modified_gmt":"2024-11-26T20:47:44","slug":"dzialalnosc-w-zatoce-makadi-2024-2025","status":"publish","type":"product","link":"https:\/\/hurghadalovers.com\/pl\/tours\/dzialalnosc-w-zatoce-makadi-2024-2025\/","title":{"rendered":"Dzia\u0142alno\u015b\u0107 w zatoce Makadi 2024\/2025"},"content":{"rendered":"<p>Dzia\u0142alno\u015b\u0107 w zatoce Makadi 2024\/2025<\/p>\n","protected":false},"excerpt":{"rendered":"<p>Dzia\u0142alno\u015b\u0107 w zatoce Makadi 2024\/2025<\/p>\n","protected":false},"featured_media":0,"template":"","meta":{"_joinchat":[]},"product_brand":[],"product_cat":[36264],"product_tag":[51182,50139,51212,50157,51287,51308,51319,51343,51275,51290,51194,51254,51458,51227,51296,51330,51311,51302,51335,50149,51269,50167,51251,51440,51446,51185,51188,51191,50143,50151,51230,51233,51203,51278,51455,51341,51339,51435,51248,51331,51242,51337,51257,51325,51263,51224,51236,51221,51266,51284,51452,51165,51162,51218,51174,51159,50165,50155,50163,50161,50147,50137,50159,51206,51177,51171,51281,51293,51272,51431,51180,51323,51449,51299,51317,51305,51443,51438,51333,50145,50141,50153,51239,51200,50135,51314,51260,51245,51209,51215,51168,51197,51321,51327],"class_list":{"0":"post-482774","1":"product","2":"type-product","3":"status-publish","5":"product_cat-tours-pl","6":"product_tag-aktywnosci-dla-2-latkow-z-makadi-bay","7":"product_tag-aktywnosci-w-zatoce-makadi","8":"product_tag-atrakcje-w-pomieszczeniach-z-makadi-bay","9":"product_tag-atrakcje-w-zatoce-makadi-dla-par","10":"product_tag-atv-makadi-bay-pl","11":"product_tag-autobus-z-makadi-bay-do-luksoru","12":"product_tag-balon-na-ogrzane-powietrze-makadi-bay","13":"product_tag-bobos-makadi-bay-watersports-pl","14":"product_tag-buggy-safari-w-zatoce-makadi","15":"product_tag-buggy-tour-makadi-bay-pl","16":"product_tag-ciekawe-miejsca-z-makadi-bay-do-ktorych-warto-wybrac-sie-z-rodzina","17":"product_tag-czartery-lodzi-w-zatoce-makadi","18":"product_tag-dolphin-house-makadi-bay-pl","19":"product_tag-egipt-luksusowe-wycieczki","20":"product_tag-jazda-na-wielbladzie-makadi-bay","21":"product_tag-jednodniowa-wycieczka-do-kairu-z-makadi-bay","22":"product_tag-jednodniowa-wycieczka-do-luksoru-z-makadi-bay","23":"product_tag-jednodniowa-wycieczka-z-makadi-bay-do-luksoru","24":"product_tag-jednodniowa-wycieczka-z-zatoki-makadi-do-piramid","25":"product_tag-jednodniowe-wycieczki-z-makadi-bay","26":"product_tag-jeep-safari-makadi-bay-pl","27":"product_tag-kryte-atrakcje-dla-par-w-makadi-bay","28":"product_tag-lodz-motorowa-makadi-bay","29":"product_tag-lodz-podwodna-makadi-bay","30":"product_tag-lodz-ze-szklanym-dnem-makadi-bay","31":"product_tag-makadi-bay-atrakcje-dla-calej-rodziny","32":"product_tag-makadi-bay-wycieczki-przyjazne-dzieciom","33":"product_tag-makadi-bay-zajecia-dla-dzieci","34":"product_tag-makadi-bay-co-robic","35":"product_tag-miejsca-warte-odwiedzenia-w-makadi-bay","36":"product_tag-najlepsze-luksusowe-firmy-turystyczne-w-egipcie","37":"product_tag-najlepsze-prywatne-firmy-turystyczne-w-egipcie","38":"product_tag-nurkowanie-makadi-bay","39":"product_tag-obserwacja-gwiazd-w-zatoce-makadi","40":"product_tag-orange-bay-island-makadi-bay-pl","41":"product_tag-paralotniarstwo-makadi-bay","42":"product_tag-parasailing-makadi-bay-pl","43":"product_tag-park-wodny-makadi-bay","44":"product_tag-piracka-lodz-makadi-bay","45":"product_tag-piramidy-z-zatoki-makadi","46":"product_tag-plywanie-z-delfinami-w-zatoce-makadi","47":"product_tag-pokaz-delfinow-w-zatoce-makadi","48":"product_tag-prywatna-lodz-makadi-bay","49":"product_tag-prywatna-wycieczka-do-luksoru-z-makadi-bay","50":"product_tag-prywatna-wycieczka-lodzia-po-zatoce-makadi","51":"product_tag-prywatne-wycieczki-po-egipcie","52":"product_tag-prywatne-wycieczki-po-kairze","53":"product_tag-prywatne-wycieczki-po-luksorze","54":"product_tag-pustynne-safari-makadi-bay","55":"product_tag-quad-biking-makadi-bay-pl","56":"product_tag-rajska-wyspa-makadi-bay","57":"product_tag-rodzinne-atrakcje-w-makadi-bay","58":"product_tag-rodzinne-atrakcje-w-miejscu-takim-jak-makadi-bay","59":"product_tag-rodzinne-atrakcje-z-makadi-bay","60":"product_tag-rodzinne-miejsca-rozrywki-z-makadi-bay","61":"product_tag-rodzinne-wycieczki-z-makadi-bay","62":"product_tag-romantyczne-atrakcje-dla-par-w-makadi-bay","63":"product_tag-romantyczne-rzeczy-do-zrobienia-w-makadi-bay","64":"product_tag-romantyczne-rzeczy-do-zrobienia-w-makadi-bay-pl","65":"product_tag-romantyczne-wycieczki-po-zatoce-makadi","66":"product_tag-rzeczy-do-zobaczenia-w-miejscu-takim-jak-makadi-bay","67":"product_tag-rzeczy-do-zrobienia-w-makadi-bay","68":"product_tag-rzeczy-do-zrobienia-w-makadi-bay-dla-par","69":"product_tag-rzeczy-do-zrobienia-z-dziecmi-w-makadi-bay","70":"product_tag-rzeczy-do-zrobienia-z-niemowletami-z-makadi-bay","71":"product_tag-rzeczy-do-zrobienia-z-rodzina-w-makadi-bay","72":"product_tag-safari-sahara-makadi-bay-pl","73":"product_tag-safari-tour-makadi-bay-pl","74":"product_tag-super-safari-makadi-bay-pl","75":"product_tag-surfing-w-zatoce-makadi","76":"product_tag-tanie-rodzinne-wycieczki-z-makadi-bay","77":"product_tag-transfer-z-luksoru-do-makadi-bay","78":"product_tag-utopia-island-makadi-bay-pl","79":"product_tag-wioska-beduinow-makadi-bay","80":"product_tag-wycieczka-do-luksoru-z-makadi-bay-pl","81":"product_tag-wycieczka-do-luksoru-z-makadi-bay","82":"product_tag-wycieczka-lodzia-podwodna-makadi-bay","83":"product_tag-wycieczka-lodzia-podwodna-po-zatoce-makadi","84":"product_tag-wycieczka-z-makadi-bay-do-kairu","85":"product_tag-wycieczki-jednodniowe-do-zatoki-makadi-pl","86":"product_tag-wycieczki-jednodniowe-do-zatoki-makadi","87":"product_tag-wycieczki-jednodniowe-z-makadi-bay","88":"product_tag-wycieczki-lodzia-po-zatoce-makadi","89":"product_tag-wycieczki-nurkowe-w-zatoce-makadi","90":"product_tag-wycieczki-po-zatoce-makadi","91":"product_tag-wycieczki-z-makadi-bay-do-luksoru","92":"product_tag-wynajem-lodzi-makadi-bay","93":"product_tag-wyspa-giftun-zatoka-makadi","94":"product_tag-zajecia-dla-dzieci-z-makadi-bay","95":"product_tag-zajecia-dla-maluchow-w-makadi-bay","96":"product_tag-zajecia-dla-nastolatkow-z-makadi-bay","97":"product_tag-zatoka-makadi-niedrogie-wycieczki-dla-rodzin","98":"product_tag-zatoka-makadi-do-doliny-krolow","99":"product_tag-zatoka-makadi-do-piramid","100":"tour_category-egypt-tours-pl","102":"first","103":"instock","104":"sale","105":"shipping-taxable","106":"purchasable","107":"product-type-tour"},"yoast_head":"<!-- This site is optimized with the Yoast SEO Premium plugin v26.9 (Yoast SEO v27.2) - https:\/\/yoast.com\/product\/yoast-seo-premium-wordpress\/ -->\n<title>Dzia\u0142alno\u015b\u0107 w zatoce Makadi 2024\/2025 - Hurghada Excursions &amp; Day Trips | Booking Best Prices Tours<\/title>\n<meta name=\"robots\" content=\"index, follow, max-snippet:-1, max-image-preview:large, max-video-preview:-1\" \/>\n<link rel=\"canonical\" href=\"https:\/\/hurghadalovers.com\/pl\/tours\/dzialalnosc-w-zatoce-makadi-2024-2025\/\" \/>\n<meta property=\"og:locale\" content=\"pl_PL\" \/>\n<meta property=\"og:type\" content=\"article\" \/>\n<meta property=\"og:title\" content=\"Dzia\u0142alno\u015b\u0107 w zatoce Makadi 2024\/2025\" \/>\n<meta property=\"og:description\" content=\"Dzia\u0142alno\u015b\u0107 w zatoce Makadi 2024\/2025\" \/>\n<meta property=\"og:url\" content=\"https:\/\/hurghadalovers.com\/pl\/tours\/dzialalnosc-w-zatoce-makadi-2024-2025\/\" \/>\n<meta property=\"og:site_name\" content=\"Hurghada Excursions &amp; Day Trips | Booking Best Prices Tours\" \/>\n<meta property=\"article:publisher\" content=\"https:\/\/www.facebook.com\/Hurghadaloversegypt\" \/>\n<meta property=\"article:modified_time\" content=\"2024-11-26T20:47:44+00:00\" \/>\n<meta property=\"og:image\" content=\"https:\/\/hurghadalovers.com\/wp-content\/uploads\/2025\/02\/Hurghada-Excursions-Day-Trips-Booking-Best-Prices-Tours.jpeg\" \/>\n\t<meta property=\"og:image:width\" content=\"1156\" \/>\n\t<meta property=\"og:image:height\" content=\"867\" \/>\n\t<meta property=\"og:image:type\" content=\"image\/jpeg\" \/>\n<meta name=\"twitter:card\" content=\"summary_large_image\" \/>\n<meta name=\"twitter:label1\" content=\"Cena\" \/>\n\t<meta name=\"twitter:data1\" content=\"&euro;&nbsp;20\" \/>\n\t<meta name=\"twitter:label2\" content=\"Dost\u0119pno\u015b\u0107\" \/>\n\t<meta name=\"twitter:data2\" content=\"Dost\u0119pny\" \/>\n<script type=\"application\/ld+json\" class=\"yoast-schema-graph\">{\"@context\":\"https:\/\/schema.org\",\"@graph\":[{\"@type\":[\"WebPage\",\"ItemPage\"],\"@id\":\"https:\/\/hurghadalovers.com\/pl\/tours\/dzialalnosc-w-zatoce-makadi-2024-2025\/\",\"url\":\"https:\/\/hurghadalovers.com\/pl\/tours\/dzialalnosc-w-zatoce-makadi-2024-2025\/\",\"name\":\"Dzia\u0142alno\u015b\u0107 w zatoce Makadi 2024\/2025 - Hurghada Excursions &amp; Day Trips | Booking Best Prices Tours\",\"isPartOf\":{\"@id\":\"https:\/\/hurghadalovers.com\/pl\/#website\"},\"datePublished\":\"2024-11-26T20:36:24+00:00\",\"dateModified\":\"2024-11-26T20:47:44+00:00\",\"breadcrumb\":{\"@id\":\"https:\/\/hurghadalovers.com\/pl\/tours\/dzialalnosc-w-zatoce-makadi-2024-2025\/#breadcrumb\"},\"inLanguage\":\"pl-PL\",\"potentialAction\":[{\"@type\":\"ReadAction\",\"target\":[\"https:\/\/hurghadalovers.com\/pl\/tours\/dzialalnosc-w-zatoce-makadi-2024-2025\/\"]}]},{\"@type\":\"BreadcrumbList\",\"@id\":\"https:\/\/hurghadalovers.com\/pl\/tours\/dzialalnosc-w-zatoce-makadi-2024-2025\/#breadcrumb\",\"itemListElement\":[{\"@type\":\"ListItem\",\"position\":1,\"name\":\"Home\",\"item\":\"https:\/\/hurghadalovers.com\/pl\/\"},{\"@type\":\"ListItem\",\"position\":2,\"name\":\"Shop\",\"item\":\"https:\/\/hurghadalovers.com\/shop\/\"},{\"@type\":\"ListItem\",\"position\":3,\"name\":\"Dzia\u0142alno\u015b\u0107 w zatoce Makadi 2024\/2025\"}]},{\"@type\":\"WebSite\",\"@id\":\"https:\/\/hurghadalovers.com\/pl\/#website\",\"url\":\"https:\/\/hurghadalovers.com\/pl\/\",\"name\":\"Hurghada Excursions & Day Trips | Booking Best Prices Tours\",\"description\":\"Hurghada Lovers - Best Tour Operator - Excursions &amp; Things to do for Family Day Trips with kids and Couples Romantic. Unique .Hidden gems\",\"publisher\":{\"@id\":\"https:\/\/hurghadalovers.com\/pl\/#organization\"},\"alternateName\":\"Hurghada Excursions\",\"potentialAction\":[{\"@type\":\"SearchAction\",\"target\":{\"@type\":\"EntryPoint\",\"urlTemplate\":\"https:\/\/hurghadalovers.com\/pl\/?s={search_term_string}\"},\"query-input\":{\"@type\":\"PropertyValueSpecification\",\"valueRequired\":true,\"valueName\":\"search_term_string\"}}],\"inLanguage\":\"pl-PL\"},{\"@type\":[\"Organization\",\"Place\",\"TravelAgency\"],\"@id\":\"https:\/\/hurghadalovers.com\/pl\/#organization\",\"name\":\"Hurghada Excursions\",\"url\":\"https:\/\/hurghadalovers.com\/pl\/\",\"logo\":{\"@id\":\"https:\/\/hurghadalovers.com\/pl\/tours\/dzialalnosc-w-zatoce-makadi-2024-2025\/#local-main-organization-logo\"},\"image\":{\"@id\":\"https:\/\/hurghadalovers.com\/pl\/tours\/dzialalnosc-w-zatoce-makadi-2024-2025\/#local-main-organization-logo\"},\"sameAs\":[\"https:\/\/www.facebook.com\/Hurghadaloversegypt\"],\"address\":{\"@id\":\"https:\/\/hurghadalovers.com\/pl\/tours\/dzialalnosc-w-zatoce-makadi-2024-2025\/#local-main-place-address\"},\"telephone\":[\"00201112596434\"],\"contactPoint\":{\"@type\":\"ContactPoint\",\"telephone\":\"00201112596434\",\"email\":\"weyouface@gmail.com\"},\"openingHoursSpecification\":{\"@type\":\"OpeningHoursSpecification\",\"dayOfWeek\":[\"Monday\",\"Tuesday\",\"Wednesday\",\"Thursday\",\"Friday\",\"Saturday\",\"Sunday\"],\"opens\":\"00:00\",\"closes\":\"23:59\"},\"email\":\"weyouface@gmail.com\",\"areaServed\":\"Luxor, Hurghada, El Gouna, Aswan, Sharm El Sheikh, Giza, Alexandria, Marsa Alam, Quseir, Soma Bay, Sahl Hasheesh, Red Sea, Makadi Bay, Cairo\",\"priceRange\":\"$\",\"currenciesAccepted\":\"euro\",\"paymentAccepted\":\"cash on site\"},{\"@type\":\"PostalAddress\",\"@id\":\"https:\/\/hurghadalovers.com\/pl\/tours\/dzialalnosc-w-zatoce-makadi-2024-2025\/#local-main-place-address\",\"streetAddress\":\"17 Banks street, Alkawther area, top nbk bank\",\"addressLocality\":\"hurghada\",\"postalCode\":\"84511\",\"addressRegion\":\"red sea\",\"addressCountry\":\"EG\"},{\"@type\":\"ImageObject\",\"inLanguage\":\"pl-PL\",\"@id\":\"https:\/\/hurghadalovers.com\/pl\/tours\/dzialalnosc-w-zatoce-makadi-2024-2025\/#local-main-organization-logo\",\"url\":\"https:\/\/hurghadalovers.com\/wp-content\/uploads\/2019\/10\/hurghada-excursions-logo.png\",\"contentUrl\":\"https:\/\/hurghadalovers.com\/wp-content\/uploads\/2019\/10\/hurghada-excursions-logo.png\",\"width\":272,\"height\":90,\"caption\":\"Hurghada Excursions\"}]}<\/script>\n<meta property=\"product:brand\" content=\"Wczasy Egipt\" \/>\n<meta property=\"product:price:amount\" content=\"20\" \/>\n<meta property=\"product:price:currency\" content=\"EUR\" \/>\n<meta property=\"og:availability\" content=\"instock\" \/>\n<meta property=\"product:availability\" content=\"instock\" \/>\n<meta property=\"product:retailer_item_id\" content=\"Makadi2323232323\" \/>\n<meta property=\"product:condition\" content=\"new\" \/>\n<meta name=\"geo.placename\" content=\"hurghada\" \/>\n<meta name=\"geo.region\" content=\"Egipt\" \/>\n<!-- \/ Yoast SEO Premium plugin. -->","yoast_head_json":{"title":"Dzia\u0142alno\u015b\u0107 w zatoce Makadi 2024\/2025 - Hurghada Excursions &amp; Day Trips | Booking Best Prices Tours","robots":{"index":"index","follow":"follow","max-snippet":"max-snippet:-1","max-image-preview":"max-image-preview:large","max-video-preview":"max-video-preview:-1"},"canonical":"https:\/\/hurghadalovers.com\/pl\/tours\/dzialalnosc-w-zatoce-makadi-2024-2025\/","og_locale":"pl_PL","og_type":"article","og_title":"Dzia\u0142alno\u015b\u0107 w zatoce Makadi 2024\/2025","og_description":"Dzia\u0142alno\u015b\u0107 w zatoce Makadi 2024\/2025","og_url":"https:\/\/hurghadalovers.com\/pl\/tours\/dzialalnosc-w-zatoce-makadi-2024-2025\/","og_site_name":"Hurghada Excursions &amp; Day Trips | Booking Best Prices Tours","article_publisher":"https:\/\/www.facebook.com\/Hurghadaloversegypt","article_modified_time":"2024-11-26T20:47:44+00:00","og_image":[{"width":1156,"height":867,"url":"https:\/\/hurghadalovers.com\/wp-content\/uploads\/2025\/02\/Hurghada-Excursions-Day-Trips-Booking-Best-Prices-Tours.jpeg","type":"image\/jpeg"}],"twitter_card":"summary_large_image","twitter_misc":{"Cena":"&euro;&nbsp;20","Dost\u0119pno\u015b\u0107":"Dost\u0119pny"},"schema":{"@context":"https:\/\/schema.org","@graph":[{"@type":["WebPage","ItemPage"],"@id":"https:\/\/hurghadalovers.com\/pl\/tours\/dzialalnosc-w-zatoce-makadi-2024-2025\/","url":"https:\/\/hurghadalovers.com\/pl\/tours\/dzialalnosc-w-zatoce-makadi-2024-2025\/","name":"Dzia\u0142alno\u015b\u0107 w zatoce Makadi 2024\/2025 - Hurghada Excursions &amp; Day Trips | Booking Best Prices Tours","isPartOf":{"@id":"https:\/\/hurghadalovers.com\/pl\/#website"},"datePublished":"2024-11-26T20:36:24+00:00","dateModified":"2024-11-26T20:47:44+00:00","breadcrumb":{"@id":"https:\/\/hurghadalovers.com\/pl\/tours\/dzialalnosc-w-zatoce-makadi-2024-2025\/#breadcrumb"},"inLanguage":"pl-PL","potentialAction":[{"@type":"ReadAction","target":["https:\/\/hurghadalovers.com\/pl\/tours\/dzialalnosc-w-zatoce-makadi-2024-2025\/"]}]},{"@type":"BreadcrumbList","@id":"https:\/\/hurghadalovers.com\/pl\/tours\/dzialalnosc-w-zatoce-makadi-2024-2025\/#breadcrumb","itemListElement":[{"@type":"ListItem","position":1,"name":"Home","item":"https:\/\/hurghadalovers.com\/pl\/"},{"@type":"ListItem","position":2,"name":"Shop","item":"https:\/\/hurghadalovers.com\/shop\/"},{"@type":"ListItem","position":3,"name":"Dzia\u0142alno\u015b\u0107 w zatoce Makadi 2024\/2025"}]},{"@type":"WebSite","@id":"https:\/\/hurghadalovers.com\/pl\/#website","url":"https:\/\/hurghadalovers.com\/pl\/","name":"Hurghada Excursions & Day Trips | Booking Best Prices Tours","description":"Hurghada Lovers - Best Tour Operator - Excursions &amp; Things to do for Family Day Trips with kids and Couples Romantic. Unique .Hidden gems","publisher":{"@id":"https:\/\/hurghadalovers.com\/pl\/#organization"},"alternateName":"Hurghada Excursions","potentialAction":[{"@type":"SearchAction","target":{"@type":"EntryPoint","urlTemplate":"https:\/\/hurghadalovers.com\/pl\/?s={search_term_string}"},"query-input":{"@type":"PropertyValueSpecification","valueRequired":true,"valueName":"search_term_string"}}],"inLanguage":"pl-PL"},{"@type":["Organization","Place","TravelAgency"],"@id":"https:\/\/hurghadalovers.com\/pl\/#organization","name":"Hurghada Excursions","url":"https:\/\/hurghadalovers.com\/pl\/","logo":{"@id":"https:\/\/hurghadalovers.com\/pl\/tours\/dzialalnosc-w-zatoce-makadi-2024-2025\/#local-main-organization-logo"},"image":{"@id":"https:\/\/hurghadalovers.com\/pl\/tours\/dzialalnosc-w-zatoce-makadi-2024-2025\/#local-main-organization-logo"},"sameAs":["https:\/\/www.facebook.com\/Hurghadaloversegypt"],"address":{"@id":"https:\/\/hurghadalovers.com\/pl\/tours\/dzialalnosc-w-zatoce-makadi-2024-2025\/#local-main-place-address"},"telephone":["00201112596434"],"contactPoint":{"@type":"ContactPoint","telephone":"00201112596434","email":"weyouface@gmail.com"},"openingHoursSpecification":{"@type":"OpeningHoursSpecification","dayOfWeek":["Monday","Tuesday","Wednesday","Thursday","Friday","Saturday","Sunday"],"opens":"00:00","closes":"23:59"},"email":"weyouface@gmail.com","areaServed":"Luxor, Hurghada, El Gouna, Aswan, Sharm El Sheikh, Giza, Alexandria, Marsa Alam, Quseir, Soma Bay, Sahl Hasheesh, Red Sea, Makadi Bay, Cairo","priceRange":"$","currenciesAccepted":"euro","paymentAccepted":"cash on site"},{"@type":"PostalAddress","@id":"https:\/\/hurghadalovers.com\/pl\/tours\/dzialalnosc-w-zatoce-makadi-2024-2025\/#local-main-place-address","streetAddress":"17 Banks street, Alkawther area, top nbk bank","addressLocality":"hurghada","postalCode":"84511","addressRegion":"red sea","addressCountry":"EG"},{"@type":"ImageObject","inLanguage":"pl-PL","@id":"https:\/\/hurghadalovers.com\/pl\/tours\/dzialalnosc-w-zatoce-makadi-2024-2025\/#local-main-organization-logo","url":"https:\/\/hurghadalovers.com\/wp-content\/uploads\/2019\/10\/hurghada-excursions-logo.png","contentUrl":"https:\/\/hurghadalovers.com\/wp-content\/uploads\/2019\/10\/hurghada-excursions-logo.png","width":272,"height":90,"caption":"Hurghada Excursions"}]},"product_brand":"Wczasy Egipt","product_price_amount":"20","product_price_currency":"EUR","og_availability":"instock","product_availability":"instock","product_retailer_item_id":"Makadi2323232323","product_condition":"new","geo.placename":"hurghada","geo.region":"Egipt"},"_links":{"self":[{"href":"https:\/\/hurghadalovers.com\/pl\/wp-json\/wp\/v2\/product\/482774","targetHints":{"allow":["GET"]}}],"collection":[{"href":"https:\/\/hurghadalovers.com\/pl\/wp-json\/wp\/v2\/product"}],"about":[{"href":"https:\/\/hurghadalovers.com\/pl\/wp-json\/wp\/v2\/types\/product"}],"wp:attachment":[{"href":"https:\/\/hurghadalovers.com\/pl\/wp-json\/wp\/v2\/media?parent=482774"}],"wp:term":[{"taxonomy":"product_brand","embeddable":true,"href":"https:\/\/hurghadalovers.com\/pl\/wp-json\/wp\/v2\/product_brand?post=482774"},{"taxonomy":"product_cat","embeddable":true,"href":"https:\/\/hurghadalovers.com\/pl\/wp-json\/wp\/v2\/product_cat?post=482774"},{"taxonomy":"product_tag","embeddable":true,"href":"https:\/\/hurghadalovers.com\/pl\/wp-json\/wp\/v2\/product_tag?post=482774"}],"curies":[{"name":"wp","href":"https:\/\/api.w.org\/{rel}","templated":true}]}}