{"id":394199,"date":"2023-09-02T20:35:35","date_gmt":"2023-09-02T20:35:35","guid":{"rendered":"https:\/\/hurghadalovers.com\/shop\/bez-kategorii\/prywatne-transfery-taksowka-w-el-gouna\/"},"modified":"2026-02-09T19:58:53","modified_gmt":"2026-02-09T19:58:53","slug":"private-el-gouna-taxi-transfers","status":"publish","type":"product","link":"https:\/\/hurghadalovers.com\/pl\/tours\/private-el-gouna-taxi-transfers\/","title":{"rendered":"Prywatne transfery taks\u00f3wk\u0105 w El Gouna"},"content":{"rendered":"<p><strong>Prywatne <\/strong> <strong>transfery taks\u00f3wk\u0105<\/strong><strong>El Gouna<\/strong> do Luksoru, Kairu | Rezerwacja tanich cen Us\u0142ugi turystyczne Transfer luksusowym minivanem i samochodem VIP na lotnisko Marsa alam, Soma bay, Hurghada (HRG) | Got\u00f3wka na miejscu.<\/p>\n<p><strong>Szczeg\u00f3\u0142y:<\/strong><\/p>\n<ul>\n<li>Rodzaj wycieczki: Luksusowa prywatna samochodem lub minivanem.<\/li>\n<li>Rezerwacja Taxi Samoch\u00f3d, Minivan, Dost\u0119pno\u015b\u0107: Codziennie.<\/li>\n<li>Dost\u0119p dla w\u00f3zk\u00f3w inwalidzkich.<\/li>\n<li>Czas odbioru z lotniska El Gouna do Luksoru: 05:00.<\/li>\n<li>Czas odbioru z lotniska El Gouna do Kairu: 12:30.<\/li>\n<li>Czas odbioru z hotelu w El Gouna na lotnisko Hurghada (HRG), przysta\u0144 w Hurghadzie: wed\u0142ug w\u0142asnego uznania.<\/li>\n<\/ul>\n<p><strong>Zarezerwuj teraz i zap\u0142a\u0107 p\u00f3\u017aniej:<\/strong><\/p>\n<ul>\n<li>Got\u00f3wka na miejscu dla przewodnika.<\/li>\n<li>P\u0142atno\u015b\u0107 w funtach egipskich, $, \u20ac lub \u00a3.<\/li>\n<\/ul>\n<p><strong>Zasady anulowania rezerwacji:<\/strong><\/p>\n<ul>\n<li>mo\u017cna anulowa\u0107 z maksymalnie 24-godzinnym wyprzedzeniem.<\/li>\n<li>Je\u015bli kto\u015b z rodziny anuluje poranek, zap\u0142aci 50% koszt\u00f3w.<\/li>\n<\/ul>\n<p><strong>Co wchodzi w sk\u0142ad zestawu?<\/strong><\/p>\n<ul>\n<li>Transfer z hoteli w El Gouna &#8222;Odbi\u00f3r i dow\u00f3z z hotelu&#8221;.<\/li>\n<li>Wszystkie podatki, op\u0142aty za wst\u0119p i op\u0142aty manipulacyjne.<\/li>\n<li>Transfery.<\/li>\n<li>Napoje.<\/li>\n<\/ul>\n<p><strong>Wy\u0142\u0105czenia?<\/strong><\/p>\n<ul>\n<li>Napiwki.<\/li>\n<\/ul>\n<p><strong>Prywatny transfer <\/strong><strong>El Gouna<\/strong> <strong>do Luksoru:<\/strong><\/p>\n<p>Cena taks\u00f3wki\/samochodu z 3 miejscami = 170 USD Cena za samoch\u00f3d prywatny.<\/p>\n<p>Cena minivana &#8222;8 miejsc&#8221; = 200 USD Cena za prywatny minivan\/minibus.<\/p>\n<p>Odleg\u0142o\u015b\u0107 mi\u0119dzy El Gouna a Luksorem = 360 km<\/p>\n<p>Czas mi\u0119dzy El Gouna a Luksorem = 4,5 godz.<\/p>\n<p>Tam 2 przystanki &#8222;20 minut przerwy, 20 punkt\u00f3w kontroli turystycznej w Safadze&#8221;.<\/p>\n<p><strong> <\/strong><\/p>\n<p><strong>Prywatny transfer <\/strong><strong>El Gouna<\/strong> <strong>do Kair, Piramidy w Gizie:<\/strong><\/p>\n<p>Cena taks\u00f3wki\/samochodu z 3 miejscami = 180 USD Cena za samoch\u00f3d prywatny.<\/p>\n<p>Cena minivana &#8222;8 miejsc&#8221; = 220 USD Cena za prywatny minivan\/minibus.<\/p>\n<p>Odleg\u0142o\u015b\u0107 mi\u0119dzy El Gouna a Kairem = 340 km<\/p>\n<p>Czas mi\u0119dzy El Gouna a Kairem = 7 godz.<\/p>\n<p>Tam 3 przystanki &#8222;20 min przerwy w Saffron Ras Ghareb, 15-30 min turystyczny punkt kontrolny&#8221;.<\/p>\n<p><strong>Prywatny transfer <\/strong><strong>El Gouna<\/strong> <strong>z lub na lotnisko Hurghada (HRG):<\/strong><\/p>\n<p>Cena taks\u00f3wki\/samochodu &#8222;3-6 miejsc&#8221; = 30 USD Cena za samoch\u00f3d prywatny.<\/p>\n<p>Cena minivana &#8222;12 miejsc&#8221; = 40 USD Cena za prywatny minivan\/minibus.<\/p>\n<p><strong> <\/strong><\/p>\n<p><strong>Prywatny transfer <\/strong><strong>El Gouna<\/strong> <strong>do Hurghada Marina:<\/strong><\/p>\n<p>Cena taks\u00f3wki\/samochodu &#8222;3 &#8211; 6 miejsc&#8221; 4 godz. = 45 USD Cena za samoch\u00f3d prywatny.<\/p>\n<p>Cena Minivan &#8222;12 miejsc&#8221; 4h = 75$ Cena za prywatny minivan\/minibus.<\/p>\n<p><strong>  Prywatny transfer na lotnisko w Kairze<\/strong><\/p>\n<p>Je\u015bli chcesz uda\u0107 si\u0119 na lotnisko w Kairze i potrzebujesz transferu do miast turystycznych w Egipcie, mo\u017cesz nam zaufa\u0107, aby zapewni\u0107 Ci luksusowe prywatne samochody Bus Limousine Service.<\/p>\n<p><strong>Taks\u00f3wka z <\/strong><strong>El Gouna<\/strong> <strong>do Marsa Alam<\/strong><\/p>\n<p>Je\u015bli przyby\u0142e\u015b na lotnisko w Hurghadzie lub ze swojej lokalizacji potrzebujesz najlepszych samochod\u00f3w lub autobusu do lub z Marsa Alam, aby odwiedzi\u0107 Kair lub Luksor, zadzwo\u0144 do nas ju\u017c teraz<\/p>\n<p>1-3 osoby (samoch\u00f3d osobowy) = 90 USD<\/p>\n<p>4-8 os\u00f3b (minibus) = 120 USD<\/p>\n<p><strong>Recenzje:<\/strong><\/p>\n<p>sprawd\u017a nasze opinie na mapie Google jako najlepszy <a href=\"https:\/\/g.page\/r\/CUeYvkngP3wkEBM\/review\">organizator<\/a> wycieczek online w <a href=\"https:\/\/hurghadalovers.com\/\">Hurghadzie<\/a> w Egipcie.<\/p>\n<p><strong>Rezerwacja:<\/strong><\/p>\n<p>Wy\u015blij hotel + numer pokoju + paszporty ze zdj\u0119ciem na WhatsApp: <strong>+201112596434<\/strong><\/p>\n<p>Je\u015bli jeste\u015b w Egipcie Rezerwuj teraz online i potwierd\u017a po przyje\u017adzie Hotel.<\/p>\n<p>&nbsp;<\/p>\n<p>&nbsp;<\/p>\n","protected":false},"excerpt":{"rendered":"<p><strong>Prywatne <\/strong> <strong>transfery taks\u00f3wk\u0105<\/strong><strong>El Gouna<\/strong> do Luksoru, Kairu | Rezerwacja tanich cen Us\u0142ugi turystyczne Transfer luksusowym minivanem i samochodem VIP na lotnisko Marsa alam, Soma bay, Hurghada (HRG) | Got\u00f3wka na miejscu.<\/p>\n","protected":false},"featured_media":936340,"template":"","meta":{"_joinchat":[]},"product_brand":[],"product_cat":[36264],"product_tag":[],"class_list":{"0":"post-394199","1":"product","2":"type-product","3":"status-publish","4":"has-post-thumbnail","6":"product_cat-tours-pl","7":"tour_category-el-gouna-wycieczki","8":"tour_category-luksor-wycieczki-z-el-gouna","9":"tour_category-kair-wycieczki-z-el-gouna","11":"first","12":"instock","13":"sale","14":"shipping-taxable","15":"purchasable","16":"product-type-tour"},"yoast_head":"<!-- This site is optimized with the Yoast SEO Premium plugin v26.9 (Yoast SEO v27.2) - https:\/\/yoast.com\/product\/yoast-seo-premium-wordpress\/ -->\n<title>Prywatne transfery taks\u00f3wk\u0105 z El Gouna do Luksoru, Kairu | Tanie ceny<\/title>\n<meta name=\"description\" content=\"Prywatne Transfery Taks\u00f3wk\u0105 El Gouna do Luksor, Kair | Rezerwacja Tanie Ceny Us\u0142ugi Turystyczne Transfer Luksusowym Minivanem i Samochodem Vip do Marsa alam, Soma bay\" \/>\n<meta name=\"robots\" content=\"index, follow, max-snippet:-1, max-image-preview:large, max-video-preview:-1\" \/>\n<link rel=\"canonical\" href=\"https:\/\/hurghadalovers.com\/pl\/tours\/private-el-gouna-taxi-transfers\/\" \/>\n<meta property=\"og:locale\" content=\"pl_PL\" \/>\n<meta property=\"og:type\" content=\"article\" \/>\n<meta property=\"og:title\" content=\"Prywatne transfery taks\u00f3wk\u0105 w El Gouna\" \/>\n<meta property=\"og:description\" content=\"Prywatne Transfery Taks\u00f3wk\u0105 El Gouna do Luksor, Kair | Rezerwacja Tanie Ceny Us\u0142ugi Turystyczne Transfer Luksusowym Minivanem i Samochodem Vip do Marsa alam, Soma bay\" \/>\n<meta property=\"og:url\" content=\"https:\/\/hurghadalovers.com\/pl\/tours\/private-el-gouna-taxi-transfers\/\" \/>\n<meta property=\"og:site_name\" content=\"Hurghada Excursions &amp; Day Trips | Booking Best Prices Tours\" \/>\n<meta property=\"article:publisher\" content=\"https:\/\/www.facebook.com\/Hurghadaloversegypt\" \/>\n<meta property=\"article:modified_time\" content=\"2026-02-09T19:58:53+00:00\" \/>\n<meta property=\"og:image\" content=\"https:\/\/hurghadalovers.com\/wp-content\/uploads\/2023\/08\/Transfer-from-Makadi-bay-Hotels-Hotel-pick-up-and-drop-off.jpeg\" \/>\n\t<meta property=\"og:image:width\" content=\"720\" \/>\n\t<meta property=\"og:image:height\" content=\"540\" \/>\n\t<meta property=\"og:image:type\" content=\"image\/jpeg\" \/>\n<meta name=\"twitter:card\" content=\"summary_large_image\" \/>\n<meta name=\"twitter:label1\" content=\"Cena\" \/>\n\t<meta name=\"twitter:data1\" content=\"&euro;&nbsp;35\" \/>\n\t<meta name=\"twitter:label2\" content=\"Dost\u0119pno\u015b\u0107\" \/>\n\t<meta name=\"twitter:data2\" content=\"Dost\u0119pny\" \/>\n<script type=\"application\/ld+json\" class=\"yoast-schema-graph\">{\"@context\":\"https:\/\/schema.org\",\"@graph\":[{\"@type\":[\"WebPage\",\"ItemPage\"],\"@id\":\"https:\/\/hurghadalovers.com\/pl\/tours\/private-el-gouna-taxi-transfers\/\",\"url\":\"https:\/\/hurghadalovers.com\/pl\/tours\/private-el-gouna-taxi-transfers\/\",\"name\":\"Prywatne transfery taks\u00f3wk\u0105 z El Gouna do Luksoru, Kairu | Tanie ceny\",\"isPartOf\":{\"@id\":\"https:\/\/hurghadalovers.com\/pl\/#website\"},\"primaryImageOfPage\":{\"@id\":\"https:\/\/hurghadalovers.com\/pl\/tours\/private-el-gouna-taxi-transfers\/#primaryimage\"},\"image\":{\"@id\":\"https:\/\/hurghadalovers.com\/pl\/tours\/private-el-gouna-taxi-transfers\/#primaryimage\"},\"thumbnailUrl\":\"https:\/\/hurghadalovers.com\/wp-content\/uploads\/2023\/08\/Transfer-from-Makadi-bay-Hotels-Hotel-pick-up-and-drop-off.jpeg\",\"datePublished\":\"2023-09-02T20:35:35+00:00\",\"dateModified\":\"2026-02-09T19:58:53+00:00\",\"description\":\"Prywatne Transfery Taks\u00f3wk\u0105 El Gouna do Luksor, Kair | Rezerwacja Tanie Ceny Us\u0142ugi Turystyczne Transfer Luksusowym Minivanem i Samochodem Vip do Marsa alam, Soma bay\",\"breadcrumb\":{\"@id\":\"https:\/\/hurghadalovers.com\/pl\/tours\/private-el-gouna-taxi-transfers\/#breadcrumb\"},\"inLanguage\":\"pl-PL\",\"potentialAction\":[{\"@type\":\"ReadAction\",\"target\":[\"https:\/\/hurghadalovers.com\/pl\/tours\/private-el-gouna-taxi-transfers\/\"]}]},{\"@type\":\"ImageObject\",\"inLanguage\":\"pl-PL\",\"@id\":\"https:\/\/hurghadalovers.com\/pl\/tours\/private-el-gouna-taxi-transfers\/#primaryimage\",\"url\":\"https:\/\/hurghadalovers.com\/wp-content\/uploads\/2023\/08\/Transfer-from-Makadi-bay-Hotels-Hotel-pick-up-and-drop-off.jpeg\",\"contentUrl\":\"https:\/\/hurghadalovers.com\/wp-content\/uploads\/2023\/08\/Transfer-from-Makadi-bay-Hotels-Hotel-pick-up-and-drop-off.jpeg\",\"width\":720,\"height\":540,\"caption\":\"Transfer from Makadi bay Hotels \u201cHotel pick up and drop off\u201d\"},{\"@type\":\"BreadcrumbList\",\"@id\":\"https:\/\/hurghadalovers.com\/pl\/tours\/private-el-gouna-taxi-transfers\/#breadcrumb\",\"itemListElement\":[{\"@type\":\"ListItem\",\"position\":1,\"name\":\"Home\",\"item\":\"https:\/\/hurghadalovers.com\/pl\/\"},{\"@type\":\"ListItem\",\"position\":2,\"name\":\"Shop\",\"item\":\"https:\/\/hurghadalovers.com\/shop\/\"},{\"@type\":\"ListItem\",\"position\":3,\"name\":\"Prywatne transfery taks\u00f3wk\u0105 w El Gouna\"}]},{\"@type\":\"WebSite\",\"@id\":\"https:\/\/hurghadalovers.com\/pl\/#website\",\"url\":\"https:\/\/hurghadalovers.com\/pl\/\",\"name\":\"Hurghada Excursions & Day Trips | Booking Best Prices Tours\",\"description\":\"Hurghada Lovers - Best Tour Operator - Excursions &amp; Things to do for Family Day Trips with kids and Couples Romantic. Unique .Hidden gems\",\"publisher\":{\"@id\":\"https:\/\/hurghadalovers.com\/pl\/#organization\"},\"alternateName\":\"Hurghada Excursions\",\"potentialAction\":[{\"@type\":\"SearchAction\",\"target\":{\"@type\":\"EntryPoint\",\"urlTemplate\":\"https:\/\/hurghadalovers.com\/pl\/?s={search_term_string}\"},\"query-input\":{\"@type\":\"PropertyValueSpecification\",\"valueRequired\":true,\"valueName\":\"search_term_string\"}}],\"inLanguage\":\"pl-PL\"},{\"@type\":[\"Organization\",\"Place\",\"TravelAgency\"],\"@id\":\"https:\/\/hurghadalovers.com\/pl\/#organization\",\"name\":\"Hurghada Excursions\",\"url\":\"https:\/\/hurghadalovers.com\/pl\/\",\"logo\":{\"@id\":\"https:\/\/hurghadalovers.com\/pl\/tours\/private-el-gouna-taxi-transfers\/#local-main-organization-logo\"},\"image\":{\"@id\":\"https:\/\/hurghadalovers.com\/pl\/tours\/private-el-gouna-taxi-transfers\/#local-main-organization-logo\"},\"sameAs\":[\"https:\/\/www.facebook.com\/Hurghadaloversegypt\"],\"address\":{\"@id\":\"https:\/\/hurghadalovers.com\/pl\/tours\/private-el-gouna-taxi-transfers\/#local-main-place-address\"},\"telephone\":[\"00201112596434\"],\"contactPoint\":{\"@type\":\"ContactPoint\",\"telephone\":\"00201112596434\",\"email\":\"weyouface@gmail.com\"},\"openingHoursSpecification\":{\"@type\":\"OpeningHoursSpecification\",\"dayOfWeek\":[\"Monday\",\"Tuesday\",\"Wednesday\",\"Thursday\",\"Friday\",\"Saturday\",\"Sunday\"],\"opens\":\"00:00\",\"closes\":\"23:59\"},\"email\":\"weyouface@gmail.com\",\"areaServed\":\"Luxor, Hurghada, El Gouna, Aswan, Sharm El Sheikh, Giza, Alexandria, Marsa Alam, Quseir, Soma Bay, Sahl Hasheesh, Red Sea, Makadi Bay, Cairo\",\"priceRange\":\"$\",\"currenciesAccepted\":\"euro\",\"paymentAccepted\":\"cash on site\"},{\"@type\":\"PostalAddress\",\"@id\":\"https:\/\/hurghadalovers.com\/pl\/tours\/private-el-gouna-taxi-transfers\/#local-main-place-address\",\"streetAddress\":\"17 Banks street, Alkawther area, top nbk bank\",\"addressLocality\":\"hurghada\",\"postalCode\":\"84511\",\"addressRegion\":\"red sea\",\"addressCountry\":\"EG\"},{\"@type\":\"ImageObject\",\"inLanguage\":\"pl-PL\",\"@id\":\"https:\/\/hurghadalovers.com\/pl\/tours\/private-el-gouna-taxi-transfers\/#local-main-organization-logo\",\"url\":\"https:\/\/hurghadalovers.com\/wp-content\/uploads\/2019\/10\/hurghada-excursions-logo.png\",\"contentUrl\":\"https:\/\/hurghadalovers.com\/wp-content\/uploads\/2019\/10\/hurghada-excursions-logo.png\",\"width\":272,\"height\":90,\"caption\":\"Hurghada Excursions\"}]}<\/script>\n<meta property=\"product:brand\" content=\"EL Gouna Wycieczki\" \/>\n<meta property=\"product:price:amount\" content=\"35\" \/>\n<meta property=\"product:price:currency\" content=\"EUR\" \/>\n<meta property=\"og:availability\" content=\"instock\" \/>\n<meta property=\"product:availability\" content=\"instock\" \/>\n<meta property=\"product:retailer_item_id\" content=\"Gouna202024\" \/>\n<meta property=\"product:condition\" content=\"new\" \/>\n<meta name=\"geo.placename\" content=\"hurghada\" \/>\n<meta name=\"geo.region\" content=\"Egipt\" \/>\n<!-- \/ Yoast SEO Premium plugin. -->","yoast_head_json":{"title":"Prywatne transfery taks\u00f3wk\u0105 z El Gouna do Luksoru, Kairu | Tanie ceny","description":"Prywatne Transfery Taks\u00f3wk\u0105 El Gouna do Luksor, Kair | Rezerwacja Tanie Ceny Us\u0142ugi Turystyczne Transfer Luksusowym Minivanem i Samochodem Vip do Marsa alam, Soma bay","robots":{"index":"index","follow":"follow","max-snippet":"max-snippet:-1","max-image-preview":"max-image-preview:large","max-video-preview":"max-video-preview:-1"},"canonical":"https:\/\/hurghadalovers.com\/pl\/tours\/private-el-gouna-taxi-transfers\/","og_locale":"pl_PL","og_type":"article","og_title":"Prywatne transfery taks\u00f3wk\u0105 w El Gouna","og_description":"Prywatne Transfery Taks\u00f3wk\u0105 El Gouna do Luksor, Kair | Rezerwacja Tanie Ceny Us\u0142ugi Turystyczne Transfer Luksusowym Minivanem i Samochodem Vip do Marsa alam, Soma bay","og_url":"https:\/\/hurghadalovers.com\/pl\/tours\/private-el-gouna-taxi-transfers\/","og_site_name":"Hurghada Excursions &amp; Day Trips | Booking Best Prices Tours","article_publisher":"https:\/\/www.facebook.com\/Hurghadaloversegypt","article_modified_time":"2026-02-09T19:58:53+00:00","og_image":[{"width":720,"height":540,"url":"https:\/\/hurghadalovers.com\/wp-content\/uploads\/2023\/08\/Transfer-from-Makadi-bay-Hotels-Hotel-pick-up-and-drop-off.jpeg","type":"image\/jpeg"}],"twitter_card":"summary_large_image","twitter_misc":{"Cena":"&euro;&nbsp;35","Dost\u0119pno\u015b\u0107":"Dost\u0119pny"},"schema":{"@context":"https:\/\/schema.org","@graph":[{"@type":["WebPage","ItemPage"],"@id":"https:\/\/hurghadalovers.com\/pl\/tours\/private-el-gouna-taxi-transfers\/","url":"https:\/\/hurghadalovers.com\/pl\/tours\/private-el-gouna-taxi-transfers\/","name":"Prywatne transfery taks\u00f3wk\u0105 z El Gouna do Luksoru, Kairu | Tanie ceny","isPartOf":{"@id":"https:\/\/hurghadalovers.com\/pl\/#website"},"primaryImageOfPage":{"@id":"https:\/\/hurghadalovers.com\/pl\/tours\/private-el-gouna-taxi-transfers\/#primaryimage"},"image":{"@id":"https:\/\/hurghadalovers.com\/pl\/tours\/private-el-gouna-taxi-transfers\/#primaryimage"},"thumbnailUrl":"https:\/\/hurghadalovers.com\/wp-content\/uploads\/2023\/08\/Transfer-from-Makadi-bay-Hotels-Hotel-pick-up-and-drop-off.jpeg","datePublished":"2023-09-02T20:35:35+00:00","dateModified":"2026-02-09T19:58:53+00:00","description":"Prywatne Transfery Taks\u00f3wk\u0105 El Gouna do Luksor, Kair | Rezerwacja Tanie Ceny Us\u0142ugi Turystyczne Transfer Luksusowym Minivanem i Samochodem Vip do Marsa alam, Soma bay","breadcrumb":{"@id":"https:\/\/hurghadalovers.com\/pl\/tours\/private-el-gouna-taxi-transfers\/#breadcrumb"},"inLanguage":"pl-PL","potentialAction":[{"@type":"ReadAction","target":["https:\/\/hurghadalovers.com\/pl\/tours\/private-el-gouna-taxi-transfers\/"]}]},{"@type":"ImageObject","inLanguage":"pl-PL","@id":"https:\/\/hurghadalovers.com\/pl\/tours\/private-el-gouna-taxi-transfers\/#primaryimage","url":"https:\/\/hurghadalovers.com\/wp-content\/uploads\/2023\/08\/Transfer-from-Makadi-bay-Hotels-Hotel-pick-up-and-drop-off.jpeg","contentUrl":"https:\/\/hurghadalovers.com\/wp-content\/uploads\/2023\/08\/Transfer-from-Makadi-bay-Hotels-Hotel-pick-up-and-drop-off.jpeg","width":720,"height":540,"caption":"Transfer from Makadi bay Hotels \u201cHotel pick up and drop off\u201d"},{"@type":"BreadcrumbList","@id":"https:\/\/hurghadalovers.com\/pl\/tours\/private-el-gouna-taxi-transfers\/#breadcrumb","itemListElement":[{"@type":"ListItem","position":1,"name":"Home","item":"https:\/\/hurghadalovers.com\/pl\/"},{"@type":"ListItem","position":2,"name":"Shop","item":"https:\/\/hurghadalovers.com\/shop\/"},{"@type":"ListItem","position":3,"name":"Prywatne transfery taks\u00f3wk\u0105 w El Gouna"}]},{"@type":"WebSite","@id":"https:\/\/hurghadalovers.com\/pl\/#website","url":"https:\/\/hurghadalovers.com\/pl\/","name":"Hurghada Excursions & Day Trips | Booking Best Prices Tours","description":"Hurghada Lovers - Best Tour Operator - Excursions &amp; Things to do for Family Day Trips with kids and Couples Romantic. Unique .Hidden gems","publisher":{"@id":"https:\/\/hurghadalovers.com\/pl\/#organization"},"alternateName":"Hurghada Excursions","potentialAction":[{"@type":"SearchAction","target":{"@type":"EntryPoint","urlTemplate":"https:\/\/hurghadalovers.com\/pl\/?s={search_term_string}"},"query-input":{"@type":"PropertyValueSpecification","valueRequired":true,"valueName":"search_term_string"}}],"inLanguage":"pl-PL"},{"@type":["Organization","Place","TravelAgency"],"@id":"https:\/\/hurghadalovers.com\/pl\/#organization","name":"Hurghada Excursions","url":"https:\/\/hurghadalovers.com\/pl\/","logo":{"@id":"https:\/\/hurghadalovers.com\/pl\/tours\/private-el-gouna-taxi-transfers\/#local-main-organization-logo"},"image":{"@id":"https:\/\/hurghadalovers.com\/pl\/tours\/private-el-gouna-taxi-transfers\/#local-main-organization-logo"},"sameAs":["https:\/\/www.facebook.com\/Hurghadaloversegypt"],"address":{"@id":"https:\/\/hurghadalovers.com\/pl\/tours\/private-el-gouna-taxi-transfers\/#local-main-place-address"},"telephone":["00201112596434"],"contactPoint":{"@type":"ContactPoint","telephone":"00201112596434","email":"weyouface@gmail.com"},"openingHoursSpecification":{"@type":"OpeningHoursSpecification","dayOfWeek":["Monday","Tuesday","Wednesday","Thursday","Friday","Saturday","Sunday"],"opens":"00:00","closes":"23:59"},"email":"weyouface@gmail.com","areaServed":"Luxor, Hurghada, El Gouna, Aswan, Sharm El Sheikh, Giza, Alexandria, Marsa Alam, Quseir, Soma Bay, Sahl Hasheesh, Red Sea, Makadi Bay, Cairo","priceRange":"$","currenciesAccepted":"euro","paymentAccepted":"cash on site"},{"@type":"PostalAddress","@id":"https:\/\/hurghadalovers.com\/pl\/tours\/private-el-gouna-taxi-transfers\/#local-main-place-address","streetAddress":"17 Banks street, Alkawther area, top nbk bank","addressLocality":"hurghada","postalCode":"84511","addressRegion":"red sea","addressCountry":"EG"},{"@type":"ImageObject","inLanguage":"pl-PL","@id":"https:\/\/hurghadalovers.com\/pl\/tours\/private-el-gouna-taxi-transfers\/#local-main-organization-logo","url":"https:\/\/hurghadalovers.com\/wp-content\/uploads\/2019\/10\/hurghada-excursions-logo.png","contentUrl":"https:\/\/hurghadalovers.com\/wp-content\/uploads\/2019\/10\/hurghada-excursions-logo.png","width":272,"height":90,"caption":"Hurghada Excursions"}]},"product_brand":"EL Gouna Wycieczki","product_price_amount":"35","product_price_currency":"EUR","og_availability":"instock","product_availability":"instock","product_retailer_item_id":"Gouna202024","product_condition":"new","geo.placename":"hurghada","geo.region":"Egipt"},"_links":{"self":[{"href":"https:\/\/hurghadalovers.com\/pl\/wp-json\/wp\/v2\/product\/394199","targetHints":{"allow":["GET"]}}],"collection":[{"href":"https:\/\/hurghadalovers.com\/pl\/wp-json\/wp\/v2\/product"}],"about":[{"href":"https:\/\/hurghadalovers.com\/pl\/wp-json\/wp\/v2\/types\/product"}],"wp:featuredmedia":[{"embeddable":true,"href":"https:\/\/hurghadalovers.com\/pl\/wp-json\/wp\/v2\/media\/936340"}],"wp:attachment":[{"href":"https:\/\/hurghadalovers.com\/pl\/wp-json\/wp\/v2\/media?parent=394199"}],"wp:term":[{"taxonomy":"product_brand","embeddable":true,"href":"https:\/\/hurghadalovers.com\/pl\/wp-json\/wp\/v2\/product_brand?post=394199"},{"taxonomy":"product_cat","embeddable":true,"href":"https:\/\/hurghadalovers.com\/pl\/wp-json\/wp\/v2\/product_cat?post=394199"},{"taxonomy":"product_tag","embeddable":true,"href":"https:\/\/hurghadalovers.com\/pl\/wp-json\/wp\/v2\/product_tag?post=394199"}],"curies":[{"name":"wp","href":"https:\/\/api.w.org\/{rel}","templated":true}]}}