{"id":392294,"date":"2023-09-01T20:53:12","date_gmt":"2023-09-01T20:56:10","guid":{"rendered":"https:\/\/hurghadalovers.com\/shop\/bez-kategorii\/prywatna-wycieczka-quadem-po-sahl-hasheesh\/"},"modified":"2026-02-08T22:48:57","modified_gmt":"2026-02-08T22:48:57","slug":"sahl-hasheesh-private-quad-bike-tour","status":"publish","type":"product","link":"https:\/\/hurghadalovers.com\/pl\/tours\/sahl-hasheesh-private-quad-bike-tour\/","title":{"rendered":"Prywatna wycieczka quadem po Sahl Hasheesh"},"content":{"rendered":"<p><strong>Sahl Hasheesh<\/strong> <strong>Private Quad Bike Tour<\/strong> Pustynne safari do wioski Beduin\u00f3w z przeja\u017cd\u017ck\u0105 na wielb\u0142\u0105dzie.<\/p>\n<p>Szukasz <strong>prywatno\u015bci<\/strong> i chcesz prze\u017cy\u0107 wyj\u0105tkow\u0105 <strong>przygod\u0119 je\u017cd\u017c\u0105c quadami<\/strong> po pustyni? Do\u0142\u0105cz do najpi\u0119kniejszych <strong>wycieczek safari<\/strong> dla rodzin i par, aby przejecha\u0107 25 km po pustyni, aby poczu\u0107 <strong>adrenalin\u0119<\/strong>, a\u017c dotrzesz do <strong>wioski Beduin\u00f3w<\/strong>, a nast\u0119pnie <strong>je\u017adzi\u0107 na wielb\u0142\u0105dzie<\/strong> i pozna\u0107 \u017cycie Beduin\u00f3w z pomoc\u0105 <strong>prywatnego przewodnika safari<\/strong>, kontrolowa\u0107 sw\u00f3j czas i wi\u0119cej prywatno\u015bci i <strong>luksusu<\/strong>.<\/p>\n<p style=\"text-align: center;\"><span style=\"color: #993300;\">Najlepsze rzeczy do zrobienia w Sahl Hasheesh dla <strong>rodzin<\/strong> z dzie\u0107mi oraz <strong>romantyczny<\/strong> <strong>miesi\u0105c miodowy dla par<\/strong><\/span><\/p>\n<p>&nbsp;<\/p>\n<p><strong>Najwa\u017cniejsze wydarzenia:<\/strong><\/p>\n<ol>\n<li>Jazda quadem.<\/li>\n<li>Przeja\u017cd\u017cka na wielb\u0142\u0105dzie.<\/li>\n<li>Wioska Beduin\u00f3w.<\/li>\n<\/ol>\n<p><strong>Szczeg\u00f3\u0142y prywatnej wycieczki quadem:<\/strong><\/p>\n<ul>\n<li>Dost\u0119pno\u015b\u0107 wycieczki: Codziennie.<\/li>\n<li>Typ wycieczki: Grupa.<\/li>\n<li>Czas odbioru: od 08:00 lub po po\u0142udniu od 14:00.<\/li>\n<li>Czas odbioru: 11:45. LUB Czas zachodu s\u0142o\u0144ca.<\/li>\n<li>Czas trwania: 3 godz.<\/li>\n<\/ul>\n<p><strong>Zarezerwuj teraz i zap\u0142a\u0107 p\u00f3\u017aniej:<\/strong><\/p>\n<ul>\n<li>Got\u00f3wka na miejscu dla przewodnika.<\/li>\n<li>P\u0142atno\u015b\u0107 w funtach egipskich, $, \u20ac lub \u00a3.<\/li>\n<\/ul>\n<p><strong>Zasady anulowania rezerwacji:<\/strong><\/p>\n<ul>\n<li>mo\u017cna anulowa\u0107 z maksymalnie 24-godzinnym wyprzedzeniem.<\/li>\n<li>Je\u015bli kto\u015b z rodziny anuluje poranek, zap\u0142aci 50% koszt\u00f3w.<\/li>\n<\/ul>\n<p><strong>Co wchodzi w sk\u0142ad zestawu?<\/strong><\/p>\n<ul>\n<li>Transfer z hoteli w Sahl Hasheesh &#8222;Odbi\u00f3r i dow\u00f3z z hotelu&#8221;.<\/li>\n<li>Wszystkie podatki, op\u0142aty za wst\u0119p i op\u0142aty manipulacyjne.<\/li>\n<li>Transfery.<\/li>\n<li>Przewodnik turystyczny.<\/li>\n<li>Kask.<\/li>\n<\/ul>\n<p><strong>Wy\u0142\u0105czenia?<\/strong><\/p>\n<ul>\n<li>Szalik<\/li>\n<li>Okulary ochronne<\/li>\n<li>Napiwki.<\/li>\n<li>Zdj\u0119cia z podr\u00f3\u017cy.<\/li>\n<li>Wszelkie niewymienione dodatki.<\/li>\n<\/ul>\n<p><strong>Ceny prywatnych wycieczek quadami:<\/strong><\/p>\n<ul>\n<li><strong>Cena dla osoby doros\u0142ej = 40 USD za osob\u0119<\/strong>.<\/li>\n<\/ul>\n<p><strong>Recenzje:<\/strong><\/p>\n<p>sprawd\u017a nasze opinie na mapie Google jako najlepszy <a href=\"https:\/\/g.page\/r\/CUeYvkngP3wkEBM\/review\">organizator<\/a> wycieczek online w <a href=\"https:\/\/hurghadalovers.com\/\">Hurghadzie<\/a> w Egipcie.<\/p>\n<p><strong>Rezerwacja:<\/strong><\/p>\n<p>Wy\u015blij hotel + numer pokoju + paszporty ze zdj\u0119ciem na WhatsApp: <strong>+201112596434<\/strong><\/p>\n<p>Je\u015bli jeste\u015b w Egipcie Rezerwuj teraz online i potwierd\u017a po przyje\u017adzie Hotel.<\/p>\n<p><span style=\"color: #ff0000;\">&#8212;&#8212; | &#8212;&#8212;&#8212;&#8212;&#8211; | &#8212;&#8212;&#8212;-<\/span><\/p>\n<p>&nbsp;<\/p>\n<p>Sprawd\u017a nasze <a href=\"https:\/\/hurghadalovers.com\/tour-category\/sahl-hasheesh-tours\/\"><strong>Wycieczki Sahl Hasheesh<\/strong><\/a> &#8211; <a href=\"https:\/\/hurghadalovers.com\/tour-category\/safari-sahl-hasheesh\/\"><strong>Wycieczka quadem z Sahl Hasheesh<\/strong><\/a>:<\/p>\n<ul>\n<li><a href=\"https:\/\/hurghadalovers.com\/tours\/sahl-hasheesh-morning-quad-biking-tour\/\">Poranna wycieczka quadem po Sahl Hasheesh<\/a><\/li>\n<li><a href=\"https:\/\/hurghadalovers.com\/tours\/sahl-hasheesh-sunset-quad-biking-tour\/\">Wycieczka quadem o zachodzie s\u0142o\u0144ca w Sahl Hasheesh<\/a><\/li>\n<li><a href=\"https:\/\/hurghadalovers.com\/tours\/sahl-hasheesh-super-jeep-safari-trip\/\">Sahl Hasheesh Super Jeep Safari Trip<\/a><\/li>\n<li><a href=\"https:\/\/hurghadalovers.com\/tours\/sahl-hasheesh-desert-safaris-with-kids\/\"><strong>Safari na pustyni Sahl Hasheesh z dzie\u0107mi<\/strong><\/a><\/li>\n<li><a href=\"https:\/\/hurghadalovers.com\/tours\/cheap-quad-biking-tours-from-sahl-hasheesh-2hr\/\">Tanie wycieczki quadami z Sahl Hasheesh<\/a> &#8211; 2 godz.<\/li>\n<li><a href=\"https:\/\/hurghadalovers.com\/tours\/sunset-buggy-tour-from-sahl-hasheesh\/\">Sunset Buggy Tour z Sahl Hasheesh<\/a><\/li>\n<li><a href=\"https:\/\/hurghadalovers.com\/tours\/morning-buggy-tour-from-sahl-hasheesh\/\">Poranna wycieczka buggy z Sahl Hasheesh<\/a><\/li>\n<li><a href=\"https:\/\/hurghadalovers.com\/tours\/morning-jeep-safari-trip-from-sahl-hasheesh\/\">Poranne safari jeepem z Sahl Hasheesh<\/a><\/li>\n<li><a href=\"https:\/\/hurghadalovers.com\/tours\/sahl-hasheesh-private-jeep-safari-trip\/\">Prywatne safari jeepem w Sahl Hasheesh<\/a><\/li>\n<li>Prywatna wycieczka quadem po Sahl Hasheesh<\/li>\n<\/ul>\n<p><a href=\"https:\/\/hurghadalovers.com\/tour-category\/things-to-do-in-sahl-hasheesh\/\"><strong>Rzeczy do zrobienia w Sahl Hasheesh<\/strong><\/a><\/p>\n<p><a href=\"https:\/\/hurghadalovers.com\/tours\/parasailing-sahl-hasheesh\/\">Parasailing Sahl Hasheesh<\/a><\/p>\n","protected":false},"excerpt":{"rendered":"<p><strong>Sahl Hasheesh<\/strong> <strong>Private Quad Bike Tour<\/strong> Pustynne safari do wioski Beduin\u00f3w z przeja\u017cd\u017ck\u0105 na wielb\u0142\u0105dzie. Szukasz <strong>prywatno\u015bci<\/strong> i chcesz prze\u017cy\u0107 wyj\u0105tkow\u0105 <strong>przygod\u0119 na quadach<\/strong>?<\/p>\n","protected":false},"featured_media":935396,"template":"","meta":{"_joinchat":[]},"product_brand":[],"product_cat":[36264],"product_tag":[49907,49927,49915,49861,49870,49863,49903,49867,49889,49899,49911,49881,49884,49894,49923,49919,49864,49876],"class_list":{"0":"post-392294","1":"product","2":"type-product","3":"status-publish","4":"has-post-thumbnail","6":"product_cat-tours-pl","7":"product_tag-atv-sahl-hasheesh-pl","8":"product_tag-buggy-tour-sahl-hasheesh-pl","9":"product_tag-jazda-na-wielbladzie-sahl-hasheesh","10":"product_tag-jednodniowe-wycieczki-z-sahl-hasheesh","11":"product_tag-kryte-atrakcje-dla-par-w-sahl-hasheesh","12":"product_tag-miejsca-warte-odwiedzenia-w-sahl-hasheesh","13":"product_tag-quad-biking-sahl-hasheesh-pl","14":"product_tag-romantyczne-atrakcje-dla-par-w-sahl-hasheesh","15":"product_tag-safari-na-pustyni-sahl-hasheesh","16":"product_tag-safari-sahara-sahl-hasheesh-pl","17":"product_tag-safari-tour-sahl-hasheesh-pl","18":"product_tag-sahl-hasheesh-atrakcje-dla-calej-rodziny","19":"product_tag-sahl-hasheesh-wycieczki-przyjazne-dzieciom","20":"product_tag-sahl-hasheesh-buggy-safari-pl","21":"product_tag-star-gazing-sahl-hasheesh-pl","22":"product_tag-wioska-beduinow-sahl-hasheesh","23":"product_tag-wycieczki-jednodniowe-z-sahl-hasheesh","24":"product_tag-zajecia-dla-2-latkow-z-sahl-hasheesh","25":"tour_category-sahl-hasheesh-wycieczki","26":"tour_category-safari-na-pustyni-w-sahl-hasheesh","28":"first","29":"instock","30":"sale","31":"shipping-taxable","32":"purchasable","33":"product-type-tour"},"yoast_head":"<!-- This site is optimized with the Yoast SEO Premium plugin v26.9 (Yoast SEO v27.2) - https:\/\/yoast.com\/product\/yoast-seo-premium-wordpress\/ -->\n<title>Prywatna wycieczka quadem po Sahl Hasheesh<\/title>\n<meta name=\"description\" content=\"Sahl Hasheesh Private Quad Bike Tour Pustynne safari do wioski Beduin\u00f3w z przeja\u017cd\u017ck\u0105 na wielb\u0142\u0105dzie. Szukasz prywatno\u015bci i chcesz prze\u017cy\u0107 wyj\u0105tkow\u0105 przygod\u0119?\" \/>\n<meta name=\"robots\" content=\"index, follow, max-snippet:-1, max-image-preview:large, max-video-preview:-1\" \/>\n<link rel=\"canonical\" href=\"https:\/\/hurghadalovers.com\/pl\/tours\/sahl-hasheesh-private-quad-bike-tour\/\" \/>\n<meta property=\"og:locale\" content=\"pl_PL\" \/>\n<meta property=\"og:type\" content=\"article\" \/>\n<meta property=\"og:title\" content=\"Prywatna wycieczka quadem po Sahl Hasheesh\" \/>\n<meta property=\"og:description\" content=\"Sahl Hasheesh Private Quad Bike Tour Pustynne safari do wioski Beduin\u00f3w z przeja\u017cd\u017ck\u0105 na wielb\u0142\u0105dzie. Szukasz prywatno\u015bci i chcesz prze\u017cy\u0107 wyj\u0105tkow\u0105 przygod\u0119?\" \/>\n<meta property=\"og:url\" content=\"https:\/\/hurghadalovers.com\/pl\/tours\/sahl-hasheesh-private-quad-bike-tour\/\" \/>\n<meta property=\"og:site_name\" content=\"Hurghada Excursions &amp; Day Trips | Booking Best Prices Tours\" \/>\n<meta property=\"article:publisher\" content=\"https:\/\/www.facebook.com\/Hurghadaloversegypt\" \/>\n<meta property=\"article:modified_time\" content=\"2026-02-08T22:48:57+00:00\" \/>\n<meta property=\"og:image\" content=\"https:\/\/hurghadalovers.com\/wp-content\/uploads\/2023\/08\/Super-Jeep-Safari-Trip-from-Soma-bay-2026.jpeg\" \/>\n\t<meta property=\"og:image:width\" content=\"1156\" \/>\n\t<meta property=\"og:image:height\" content=\"521\" \/>\n\t<meta property=\"og:image:type\" content=\"image\/jpeg\" \/>\n<meta name=\"twitter:card\" content=\"summary_large_image\" \/>\n<meta name=\"twitter:label1\" content=\"Cena\" \/>\n\t<meta name=\"twitter:data1\" content=\"&euro;&nbsp;40\" \/>\n\t<meta name=\"twitter:label2\" content=\"Dost\u0119pno\u015b\u0107\" \/>\n\t<meta name=\"twitter:data2\" content=\"Dost\u0119pny\" \/>\n<script type=\"application\/ld+json\" class=\"yoast-schema-graph\">{\"@context\":\"https:\/\/schema.org\",\"@graph\":[{\"@type\":[\"WebPage\",\"ItemPage\"],\"@id\":\"https:\/\/hurghadalovers.com\/pl\/tours\/sahl-hasheesh-private-quad-bike-tour\/\",\"url\":\"https:\/\/hurghadalovers.com\/pl\/tours\/sahl-hasheesh-private-quad-bike-tour\/\",\"name\":\"Prywatna wycieczka quadem po Sahl Hasheesh\",\"isPartOf\":{\"@id\":\"https:\/\/hurghadalovers.com\/pl\/#website\"},\"primaryImageOfPage\":{\"@id\":\"https:\/\/hurghadalovers.com\/pl\/tours\/sahl-hasheesh-private-quad-bike-tour\/#primaryimage\"},\"image\":{\"@id\":\"https:\/\/hurghadalovers.com\/pl\/tours\/sahl-hasheesh-private-quad-bike-tour\/#primaryimage\"},\"thumbnailUrl\":\"https:\/\/hurghadalovers.com\/wp-content\/uploads\/2023\/08\/Super-Jeep-Safari-Trip-from-Soma-bay-2026.jpeg\",\"datePublished\":\"2023-09-01T20:56:10+00:00\",\"dateModified\":\"2026-02-08T22:48:57+00:00\",\"description\":\"Sahl Hasheesh Private Quad Bike Tour Pustynne safari do wioski Beduin\u00f3w z przeja\u017cd\u017ck\u0105 na wielb\u0142\u0105dzie. Szukasz prywatno\u015bci i chcesz prze\u017cy\u0107 wyj\u0105tkow\u0105 przygod\u0119?\",\"breadcrumb\":{\"@id\":\"https:\/\/hurghadalovers.com\/pl\/tours\/sahl-hasheesh-private-quad-bike-tour\/#breadcrumb\"},\"inLanguage\":\"pl-PL\",\"potentialAction\":[{\"@type\":\"ReadAction\",\"target\":[\"https:\/\/hurghadalovers.com\/pl\/tours\/sahl-hasheesh-private-quad-bike-tour\/\"]}]},{\"@type\":\"ImageObject\",\"inLanguage\":\"pl-PL\",\"@id\":\"https:\/\/hurghadalovers.com\/pl\/tours\/sahl-hasheesh-private-quad-bike-tour\/#primaryimage\",\"url\":\"https:\/\/hurghadalovers.com\/wp-content\/uploads\/2023\/08\/Super-Jeep-Safari-Trip-from-Soma-bay-2026.jpeg\",\"contentUrl\":\"https:\/\/hurghadalovers.com\/wp-content\/uploads\/2023\/08\/Super-Jeep-Safari-Trip-from-Soma-bay-2026.jpeg\",\"width\":1156,\"height\":521,\"caption\":\"Private Soma bay Quad Bike Tour\"},{\"@type\":\"BreadcrumbList\",\"@id\":\"https:\/\/hurghadalovers.com\/pl\/tours\/sahl-hasheesh-private-quad-bike-tour\/#breadcrumb\",\"itemListElement\":[{\"@type\":\"ListItem\",\"position\":1,\"name\":\"Home\",\"item\":\"https:\/\/hurghadalovers.com\/pl\/\"},{\"@type\":\"ListItem\",\"position\":2,\"name\":\"Shop\",\"item\":\"https:\/\/hurghadalovers.com\/shop\/\"},{\"@type\":\"ListItem\",\"position\":3,\"name\":\"Prywatna wycieczka quadem po Sahl Hasheesh\"}]},{\"@type\":\"WebSite\",\"@id\":\"https:\/\/hurghadalovers.com\/pl\/#website\",\"url\":\"https:\/\/hurghadalovers.com\/pl\/\",\"name\":\"Hurghada Excursions & Day Trips | Booking Best Prices Tours\",\"description\":\"Hurghada Lovers - Best Tour Operator - Excursions &amp; Things to do for Family Day Trips with kids and Couples Romantic. Unique .Hidden gems\",\"publisher\":{\"@id\":\"https:\/\/hurghadalovers.com\/pl\/#organization\"},\"alternateName\":\"Hurghada Excursions\",\"potentialAction\":[{\"@type\":\"SearchAction\",\"target\":{\"@type\":\"EntryPoint\",\"urlTemplate\":\"https:\/\/hurghadalovers.com\/pl\/?s={search_term_string}\"},\"query-input\":{\"@type\":\"PropertyValueSpecification\",\"valueRequired\":true,\"valueName\":\"search_term_string\"}}],\"inLanguage\":\"pl-PL\"},{\"@type\":[\"Organization\",\"Place\",\"TravelAgency\"],\"@id\":\"https:\/\/hurghadalovers.com\/pl\/#organization\",\"name\":\"Hurghada Excursions\",\"url\":\"https:\/\/hurghadalovers.com\/pl\/\",\"logo\":{\"@id\":\"https:\/\/hurghadalovers.com\/pl\/tours\/sahl-hasheesh-private-quad-bike-tour\/#local-main-organization-logo\"},\"image\":{\"@id\":\"https:\/\/hurghadalovers.com\/pl\/tours\/sahl-hasheesh-private-quad-bike-tour\/#local-main-organization-logo\"},\"sameAs\":[\"https:\/\/www.facebook.com\/Hurghadaloversegypt\"],\"address\":{\"@id\":\"https:\/\/hurghadalovers.com\/pl\/tours\/sahl-hasheesh-private-quad-bike-tour\/#local-main-place-address\"},\"telephone\":[\"00201112596434\"],\"contactPoint\":{\"@type\":\"ContactPoint\",\"telephone\":\"00201112596434\",\"email\":\"weyouface@gmail.com\"},\"openingHoursSpecification\":{\"@type\":\"OpeningHoursSpecification\",\"dayOfWeek\":[\"Monday\",\"Tuesday\",\"Wednesday\",\"Thursday\",\"Friday\",\"Saturday\",\"Sunday\"],\"opens\":\"00:00\",\"closes\":\"23:59\"},\"email\":\"weyouface@gmail.com\",\"areaServed\":\"Luxor, Hurghada, El Gouna, Aswan, Sharm El Sheikh, Giza, Alexandria, Marsa Alam, Quseir, Soma Bay, Sahl Hasheesh, Red Sea, Makadi Bay, Cairo\",\"priceRange\":\"$\",\"currenciesAccepted\":\"euro\",\"paymentAccepted\":\"cash on site\"},{\"@type\":\"PostalAddress\",\"@id\":\"https:\/\/hurghadalovers.com\/pl\/tours\/sahl-hasheesh-private-quad-bike-tour\/#local-main-place-address\",\"streetAddress\":\"17 Banks street, Alkawther area, top nbk bank\",\"addressLocality\":\"hurghada\",\"postalCode\":\"84511\",\"addressRegion\":\"red sea\",\"addressCountry\":\"EG\"},{\"@type\":\"ImageObject\",\"inLanguage\":\"pl-PL\",\"@id\":\"https:\/\/hurghadalovers.com\/pl\/tours\/sahl-hasheesh-private-quad-bike-tour\/#local-main-organization-logo\",\"url\":\"https:\/\/hurghadalovers.com\/wp-content\/uploads\/2019\/10\/hurghada-excursions-logo.png\",\"contentUrl\":\"https:\/\/hurghadalovers.com\/wp-content\/uploads\/2019\/10\/hurghada-excursions-logo.png\",\"width\":272,\"height\":90,\"caption\":\"Hurghada Excursions\"}]}<\/script>\n<meta property=\"product:brand\" content=\"Sahl Hasheesh Wycieczki\" \/>\n<meta property=\"product:price:amount\" content=\"40\" \/>\n<meta property=\"product:price:currency\" content=\"EUR\" \/>\n<meta property=\"og:availability\" content=\"instock\" \/>\n<meta property=\"product:availability\" content=\"instock\" \/>\n<meta property=\"product:retailer_item_id\" content=\"SahlSafari062024\" \/>\n<meta property=\"product:condition\" content=\"new\" \/>\n<meta name=\"geo.placename\" content=\"hurghada\" \/>\n<meta name=\"geo.region\" content=\"Egipt\" \/>\n<!-- \/ Yoast SEO Premium plugin. -->","yoast_head_json":{"title":"Prywatna wycieczka quadem po Sahl Hasheesh","description":"Sahl Hasheesh Private Quad Bike Tour Pustynne safari do wioski Beduin\u00f3w z przeja\u017cd\u017ck\u0105 na wielb\u0142\u0105dzie. Szukasz prywatno\u015bci i chcesz prze\u017cy\u0107 wyj\u0105tkow\u0105 przygod\u0119?","robots":{"index":"index","follow":"follow","max-snippet":"max-snippet:-1","max-image-preview":"max-image-preview:large","max-video-preview":"max-video-preview:-1"},"canonical":"https:\/\/hurghadalovers.com\/pl\/tours\/sahl-hasheesh-private-quad-bike-tour\/","og_locale":"pl_PL","og_type":"article","og_title":"Prywatna wycieczka quadem po Sahl Hasheesh","og_description":"Sahl Hasheesh Private Quad Bike Tour Pustynne safari do wioski Beduin\u00f3w z przeja\u017cd\u017ck\u0105 na wielb\u0142\u0105dzie. Szukasz prywatno\u015bci i chcesz prze\u017cy\u0107 wyj\u0105tkow\u0105 przygod\u0119?","og_url":"https:\/\/hurghadalovers.com\/pl\/tours\/sahl-hasheesh-private-quad-bike-tour\/","og_site_name":"Hurghada Excursions &amp; Day Trips | Booking Best Prices Tours","article_publisher":"https:\/\/www.facebook.com\/Hurghadaloversegypt","article_modified_time":"2026-02-08T22:48:57+00:00","og_image":[{"width":1156,"height":521,"url":"https:\/\/hurghadalovers.com\/wp-content\/uploads\/2023\/08\/Super-Jeep-Safari-Trip-from-Soma-bay-2026.jpeg","type":"image\/jpeg"}],"twitter_card":"summary_large_image","twitter_misc":{"Cena":"&euro;&nbsp;40","Dost\u0119pno\u015b\u0107":"Dost\u0119pny"},"schema":{"@context":"https:\/\/schema.org","@graph":[{"@type":["WebPage","ItemPage"],"@id":"https:\/\/hurghadalovers.com\/pl\/tours\/sahl-hasheesh-private-quad-bike-tour\/","url":"https:\/\/hurghadalovers.com\/pl\/tours\/sahl-hasheesh-private-quad-bike-tour\/","name":"Prywatna wycieczka quadem po Sahl Hasheesh","isPartOf":{"@id":"https:\/\/hurghadalovers.com\/pl\/#website"},"primaryImageOfPage":{"@id":"https:\/\/hurghadalovers.com\/pl\/tours\/sahl-hasheesh-private-quad-bike-tour\/#primaryimage"},"image":{"@id":"https:\/\/hurghadalovers.com\/pl\/tours\/sahl-hasheesh-private-quad-bike-tour\/#primaryimage"},"thumbnailUrl":"https:\/\/hurghadalovers.com\/wp-content\/uploads\/2023\/08\/Super-Jeep-Safari-Trip-from-Soma-bay-2026.jpeg","datePublished":"2023-09-01T20:56:10+00:00","dateModified":"2026-02-08T22:48:57+00:00","description":"Sahl Hasheesh Private Quad Bike Tour Pustynne safari do wioski Beduin\u00f3w z przeja\u017cd\u017ck\u0105 na wielb\u0142\u0105dzie. Szukasz prywatno\u015bci i chcesz prze\u017cy\u0107 wyj\u0105tkow\u0105 przygod\u0119?","breadcrumb":{"@id":"https:\/\/hurghadalovers.com\/pl\/tours\/sahl-hasheesh-private-quad-bike-tour\/#breadcrumb"},"inLanguage":"pl-PL","potentialAction":[{"@type":"ReadAction","target":["https:\/\/hurghadalovers.com\/pl\/tours\/sahl-hasheesh-private-quad-bike-tour\/"]}]},{"@type":"ImageObject","inLanguage":"pl-PL","@id":"https:\/\/hurghadalovers.com\/pl\/tours\/sahl-hasheesh-private-quad-bike-tour\/#primaryimage","url":"https:\/\/hurghadalovers.com\/wp-content\/uploads\/2023\/08\/Super-Jeep-Safari-Trip-from-Soma-bay-2026.jpeg","contentUrl":"https:\/\/hurghadalovers.com\/wp-content\/uploads\/2023\/08\/Super-Jeep-Safari-Trip-from-Soma-bay-2026.jpeg","width":1156,"height":521,"caption":"Private Soma bay Quad Bike Tour"},{"@type":"BreadcrumbList","@id":"https:\/\/hurghadalovers.com\/pl\/tours\/sahl-hasheesh-private-quad-bike-tour\/#breadcrumb","itemListElement":[{"@type":"ListItem","position":1,"name":"Home","item":"https:\/\/hurghadalovers.com\/pl\/"},{"@type":"ListItem","position":2,"name":"Shop","item":"https:\/\/hurghadalovers.com\/shop\/"},{"@type":"ListItem","position":3,"name":"Prywatna wycieczka quadem po Sahl Hasheesh"}]},{"@type":"WebSite","@id":"https:\/\/hurghadalovers.com\/pl\/#website","url":"https:\/\/hurghadalovers.com\/pl\/","name":"Hurghada Excursions & Day Trips | Booking Best Prices Tours","description":"Hurghada Lovers - Best Tour Operator - Excursions &amp; Things to do for Family Day Trips with kids and Couples Romantic. Unique .Hidden gems","publisher":{"@id":"https:\/\/hurghadalovers.com\/pl\/#organization"},"alternateName":"Hurghada Excursions","potentialAction":[{"@type":"SearchAction","target":{"@type":"EntryPoint","urlTemplate":"https:\/\/hurghadalovers.com\/pl\/?s={search_term_string}"},"query-input":{"@type":"PropertyValueSpecification","valueRequired":true,"valueName":"search_term_string"}}],"inLanguage":"pl-PL"},{"@type":["Organization","Place","TravelAgency"],"@id":"https:\/\/hurghadalovers.com\/pl\/#organization","name":"Hurghada Excursions","url":"https:\/\/hurghadalovers.com\/pl\/","logo":{"@id":"https:\/\/hurghadalovers.com\/pl\/tours\/sahl-hasheesh-private-quad-bike-tour\/#local-main-organization-logo"},"image":{"@id":"https:\/\/hurghadalovers.com\/pl\/tours\/sahl-hasheesh-private-quad-bike-tour\/#local-main-organization-logo"},"sameAs":["https:\/\/www.facebook.com\/Hurghadaloversegypt"],"address":{"@id":"https:\/\/hurghadalovers.com\/pl\/tours\/sahl-hasheesh-private-quad-bike-tour\/#local-main-place-address"},"telephone":["00201112596434"],"contactPoint":{"@type":"ContactPoint","telephone":"00201112596434","email":"weyouface@gmail.com"},"openingHoursSpecification":{"@type":"OpeningHoursSpecification","dayOfWeek":["Monday","Tuesday","Wednesday","Thursday","Friday","Saturday","Sunday"],"opens":"00:00","closes":"23:59"},"email":"weyouface@gmail.com","areaServed":"Luxor, Hurghada, El Gouna, Aswan, Sharm El Sheikh, Giza, Alexandria, Marsa Alam, Quseir, Soma Bay, Sahl Hasheesh, Red Sea, Makadi Bay, Cairo","priceRange":"$","currenciesAccepted":"euro","paymentAccepted":"cash on site"},{"@type":"PostalAddress","@id":"https:\/\/hurghadalovers.com\/pl\/tours\/sahl-hasheesh-private-quad-bike-tour\/#local-main-place-address","streetAddress":"17 Banks street, Alkawther area, top nbk bank","addressLocality":"hurghada","postalCode":"84511","addressRegion":"red sea","addressCountry":"EG"},{"@type":"ImageObject","inLanguage":"pl-PL","@id":"https:\/\/hurghadalovers.com\/pl\/tours\/sahl-hasheesh-private-quad-bike-tour\/#local-main-organization-logo","url":"https:\/\/hurghadalovers.com\/wp-content\/uploads\/2019\/10\/hurghada-excursions-logo.png","contentUrl":"https:\/\/hurghadalovers.com\/wp-content\/uploads\/2019\/10\/hurghada-excursions-logo.png","width":272,"height":90,"caption":"Hurghada Excursions"}]},"product_brand":"Sahl Hasheesh Wycieczki","product_price_amount":"40","product_price_currency":"EUR","og_availability":"instock","product_availability":"instock","product_retailer_item_id":"SahlSafari062024","product_condition":"new","geo.placename":"hurghada","geo.region":"Egipt"},"_links":{"self":[{"href":"https:\/\/hurghadalovers.com\/pl\/wp-json\/wp\/v2\/product\/392294","targetHints":{"allow":["GET"]}}],"collection":[{"href":"https:\/\/hurghadalovers.com\/pl\/wp-json\/wp\/v2\/product"}],"about":[{"href":"https:\/\/hurghadalovers.com\/pl\/wp-json\/wp\/v2\/types\/product"}],"wp:featuredmedia":[{"embeddable":true,"href":"https:\/\/hurghadalovers.com\/pl\/wp-json\/wp\/v2\/media\/935396"}],"wp:attachment":[{"href":"https:\/\/hurghadalovers.com\/pl\/wp-json\/wp\/v2\/media?parent=392294"}],"wp:term":[{"taxonomy":"product_brand","embeddable":true,"href":"https:\/\/hurghadalovers.com\/pl\/wp-json\/wp\/v2\/product_brand?post=392294"},{"taxonomy":"product_cat","embeddable":true,"href":"https:\/\/hurghadalovers.com\/pl\/wp-json\/wp\/v2\/product_cat?post=392294"},{"taxonomy":"product_tag","embeddable":true,"href":"https:\/\/hurghadalovers.com\/pl\/wp-json\/wp\/v2\/product_tag?post=392294"}],"curies":[{"name":"wp","href":"https:\/\/api.w.org\/{rel}","templated":true}]}}