{"id":391930,"date":"2023-08-31T19:50:47","date_gmt":"2023-08-31T19:54:24","guid":{"rendered":"https:\/\/hurghadalovers.com\/shop\/bez-kategorii\/codzienna-wycieczka-lodzia-do-nurkowania-z-sahl-hasheesh\/"},"modified":"2026-02-09T14:00:33","modified_gmt":"2026-02-09T14:00:33","slug":"daily-scuba-diving-boat-trip-from-sahl-hasheesh","status":"publish","type":"product","link":"https:\/\/hurghadalovers.com\/pl\/tours\/daily-scuba-diving-boat-trip-from-sahl-hasheesh\/","title":{"rendered":"Codzienna wycieczka \u0142odzi\u0105 do nurkowania z Sahl Hasheesh"},"content":{"rendered":"<p><strong>Codzienna wycieczka \u0142odzi\u0105 nurkow\u0105 z <\/strong><strong>Sahl Hasheesh<\/strong> | Certyfikowani i profesjonalni nurkowie | z lunchem, napojami, sprz\u0119tem do nurkowania i transferem.<\/p>\n<p style=\"text-align: center;\"><span style=\"color: #008080;\"><strong>Luksusowa \u0142\u00f3d\u017a<\/strong> | <strong>Profesjonalny instruktor nur<\/strong> kowania | <strong>Najlepsze miejsca nurkowe i rafy<\/strong>, Morze Czerwone.<\/span><\/p>\n<p><strong>Najwa\u017cniejsze wydarzenia:<\/strong><\/p>\n<ul>\n<li>2 przystanki nurkowania.<\/li>\n<\/ul>\n<p><strong>Szczeg\u00f3\u0142y:<\/strong><\/p>\n<ul>\n<li>Dost\u0119pno\u015b\u0107 wycieczki: Codziennie.<\/li>\n<li>Typ wycieczki: Grupowa lub prywatna.<\/li>\n<li>Czas odbioru: od 07:30 rano.<\/li>\n<li>Godzina odbioru: 16:00.<\/li>\n<li>Dost\u0119p dla w\u00f3zk\u00f3w inwalidzkich.<\/li>\n<li>Czas trwania: 7 godz.<\/li>\n<\/ul>\n<p><strong>Zarezerwuj teraz i zap\u0142a\u0107 p\u00f3\u017aniej:<\/strong><\/p>\n<ul>\n<li>Got\u00f3wka na miejscu dla przewodnika.<\/li>\n<li>P\u0142atno\u015b\u0107 w funtach egipskich, $, \u20ac lub \u00a3.<\/li>\n<\/ul>\n<p><strong>Zasady anulowania rezerwacji:<\/strong><\/p>\n<ul>\n<li>mo\u017cna anulowa\u0107 z maksymalnie 24-godzinnym wyprzedzeniem.<\/li>\n<li>Je\u015bli kto\u015b z rodziny anuluje poranek, zap\u0142aci 50% koszt\u00f3w.<\/li>\n<\/ul>\n<p><strong>Co wchodzi w sk\u0142ad zestawu?<\/strong><\/p>\n<ul>\n<li>Transfer z hoteli w Sahl Hasheesh &#8222;Odbi\u00f3r i dow\u00f3z z hotelu&#8221;.<\/li>\n<li>Wszystkie podatki, op\u0142aty za wst\u0119p i op\u0142aty manipulacyjne.<\/li>\n<li>Woda mineralna + Cola.<\/li>\n<li>Profesjonalny instruktor nurkowania.<\/li>\n<li>Sprz\u0119t do nurkowania i snorkelingu &#8222;Maski i p\u0142etwy do p\u0142ywania&#8221;.<\/li>\n<li>Lunch VIP w formie bufetu na \u0142odzi.<\/li>\n<li>Kamizelki ratunkowe.<\/li>\n<\/ul>\n<p><strong>Wy\u0142\u0105czenia?<\/strong><\/p>\n<ul>\n<li>Napiwki.<\/li>\n<li>Fotografia i zdj\u0119cia z podr\u00f3\u017cy.<\/li>\n<li>Oferujemy wypo\u017cyczanie kostium\u00f3w k\u0105pielowych i stroj\u00f3w k\u0105pielowych dla kobiet, m\u0119\u017cczyzn, dzieci we wszystkich rozmiarach &#8222;5 $ za sztuk\u0119&#8221;.<\/li>\n<li>Wszelkie niewymienione dodatki.<\/li>\n<li>Nitrox 12 L = 10$ za dzie\u0144<\/li>\n<li>Nitrox 15 L = 10$ za dzie\u0144<\/li>\n<li>Zbiorniki 15 l (zwyk\u0142e powietrze) = 10 USD dziennie<\/li>\n<\/ul>\n<p><strong>Ceny:<\/strong><\/p>\n<ul>\n<li><strong>Cena dla osoby doros\u0142ej = 80 USD za osob\u0119<\/strong>.<\/li>\n<\/ul>\n<p><strong>Recenzje:<\/strong><\/p>\n<p>sprawd\u017a nasze opinie na mapie Google jako najlepszy <a href=\"https:\/\/g.page\/r\/CUeYvkngP3wkEBM\/review\">organizator<\/a> wycieczek online w <a href=\"https:\/\/hurghadalovers.com\/\">Hurghadzie<\/a> w Egipcie.<\/p>\n<p><strong>Rezerwacja:<\/strong><\/p>\n<p>Wy\u015blij hotel + numer pokoju + paszporty ze zdj\u0119ciem na WhatsApp: <strong>+201112596434<\/strong><\/p>\n<p>Je\u015bli jeste\u015b w Egipcie Rezerwuj teraz online i potwierd\u017a po przyje\u017adzie Hotel.<\/p>\n<p>&nbsp;<\/p>\n<p>&nbsp;<\/p>\n","protected":false},"excerpt":{"rendered":"<p><strong>Codzienna wycieczka \u0142odzi\u0105 nurkow\u0105 z <\/strong><strong>Sahl Hasheesh<\/strong> | Certyfikowani i profesjonalni nurkowie | z lunchem, napojami, sprz\u0119tem do nurkowania i transferem.<\/p>\n<p style=\"text-align: center;\"><span style=\"color: #008080;\"><strong>Luksusowa \u0142\u00f3d\u017a<\/strong> | <strong>Profesjonalny instruktor nur<\/strong> kowania | <strong>Najlepsze miejsca nurkowe i rafy<\/strong>, Morze Czerwone.<\/span><\/p>\n<p>&nbsp;<\/p>\n","protected":false},"featured_media":391807,"template":"","meta":{"_joinchat":[]},"product_brand":[],"product_cat":[36264],"product_tag":[53680,53803,53786,53671,53799,53776,53783,53798,53792,53807,53816,53779,53698,53649,53677,53668,53683,53773,53789,53661,53812,53795],"class_list":{"0":"post-391930","1":"product","2":"type-product","3":"status-publish","4":"has-post-thumbnail","6":"product_cat-tours-pl","7":"product_tag-aktywnosci-w-sahl-hasheesh-dla-par","8":"product_tag-czarter-lodzi-w-sahl-hasheesh","9":"product_tag-dolphin-house-sahl-hasheesh-pl","10":"product_tag-dzialania-w-sahl-hasheesh","11":"product_tag-lodz-motorowa-sahl-hasheesh","12":"product_tag-nurkowanie-sahl-hasheesh","13":"product_tag-orange-bay-island-sahl-hasheesh-pl","14":"product_tag-piracka-lodz-sahl-hasheesh","15":"product_tag-plywanie-z-delfinami-sahl-hasheesh","16":"product_tag-prywatna-lodz-sahl-hasheesh","17":"product_tag-prywatna-wycieczka-lodzia-po-sahl-hasheesh","18":"product_tag-rajska-wyspa-sahl-hasheesh","19":"product_tag-rodzinne-atrakcje-w-sahl-hasheesh","20":"product_tag-rodzinne-wycieczki-z-sahl-hasheesh","21":"product_tag-romantyczne-rzeczy-do-zrobienia-w-sahl-hasheesh","22":"product_tag-rzeczy-do-zrobienia-w-sahl-hasheesh","23":"product_tag-rzeczy-do-zrobienia-w-sahl-hasheesh-dla-par","24":"product_tag-sahl-hasheesh-wycieczki-z-rurka","25":"product_tag-wycieczki-lodzia-po-sahl-hasheesh","26":"product_tag-wycieczki-sahl-hasheesh","27":"product_tag-wynajem-lodzi-sahl-hasheesh","28":"product_tag-wyspa-giftun-sahl-hasheesh","29":"tour_category-snorkeling-wycieczka-w-sahl-hasheesh","30":"tour_category-sahl-hasheesh-wycieczki","32":"first","33":"instock","34":"sale","35":"shipping-taxable","36":"purchasable","37":"product-type-tour"},"yoast_head":"<!-- This site is optimized with the Yoast SEO Premium plugin v26.9 (Yoast SEO v27.2) - https:\/\/yoast.com\/product\/yoast-seo-premium-wordpress\/ -->\n<title>Codzienna wycieczka \u0142odzi\u0105 nurkow\u0105 z Sahl Hasheesh | Certyfikat<\/title>\n<meta name=\"description\" content=\"Codzienna wycieczka \u0142odzi\u0105 nurkow\u0105 z Sahl Hasheesh | Certyfikowani i profesjonalni nurkowie | z lunchem, napojami, sprz\u0119tem do nurkowania i transferem. Profesjonalne nurkowanie\" \/>\n<meta name=\"robots\" content=\"index, follow, max-snippet:-1, max-image-preview:large, max-video-preview:-1\" \/>\n<link rel=\"canonical\" href=\"https:\/\/hurghadalovers.com\/pl\/tours\/daily-scuba-diving-boat-trip-from-sahl-hasheesh\/\" \/>\n<meta property=\"og:locale\" content=\"pl_PL\" \/>\n<meta property=\"og:type\" content=\"article\" \/>\n<meta property=\"og:title\" content=\"Codzienna wycieczka \u0142odzi\u0105 do nurkowania z Sahl Hasheesh\" \/>\n<meta property=\"og:description\" content=\"Codzienna wycieczka \u0142odzi\u0105 nurkow\u0105 z Sahl Hasheesh | Certyfikowani i profesjonalni nurkowie | z lunchem, napojami, sprz\u0119tem do nurkowania i transferem. Profesjonalne nurkowanie\" \/>\n<meta property=\"og:url\" content=\"https:\/\/hurghadalovers.com\/pl\/tours\/daily-scuba-diving-boat-trip-from-sahl-hasheesh\/\" \/>\n<meta property=\"og:site_name\" content=\"Hurghada Excursions &amp; Day Trips | Booking Best Prices Tours\" \/>\n<meta property=\"article:publisher\" content=\"https:\/\/www.facebook.com\/Hurghadaloversegypt\" \/>\n<meta property=\"article:modified_time\" content=\"2026-02-09T14:00:33+00:00\" \/>\n<meta property=\"og:image\" content=\"https:\/\/hurghadalovers.com\/wp-content\/uploads\/2023\/08\/Daily-Scuba-Diving-Boat-Trip-from-Sahl-Hasheesh.png\" \/>\n\t<meta property=\"og:image:width\" content=\"907\" \/>\n\t<meta property=\"og:image:height\" content=\"594\" \/>\n\t<meta property=\"og:image:type\" content=\"image\/png\" \/>\n<meta name=\"twitter:card\" content=\"summary_large_image\" \/>\n<meta name=\"twitter:label1\" content=\"Cena\" \/>\n\t<meta name=\"twitter:data1\" content=\"&euro;&nbsp;80\" \/>\n\t<meta name=\"twitter:label2\" content=\"Dost\u0119pno\u015b\u0107\" \/>\n\t<meta name=\"twitter:data2\" content=\"Dost\u0119pny\" \/>\n<script type=\"application\/ld+json\" class=\"yoast-schema-graph\">{\"@context\":\"https:\/\/schema.org\",\"@graph\":[{\"@type\":[\"WebPage\",\"ItemPage\"],\"@id\":\"https:\/\/hurghadalovers.com\/pl\/tours\/daily-scuba-diving-boat-trip-from-sahl-hasheesh\/\",\"url\":\"https:\/\/hurghadalovers.com\/pl\/tours\/daily-scuba-diving-boat-trip-from-sahl-hasheesh\/\",\"name\":\"Codzienna wycieczka \u0142odzi\u0105 nurkow\u0105 z Sahl Hasheesh | Certyfikat\",\"isPartOf\":{\"@id\":\"https:\/\/hurghadalovers.com\/pl\/#website\"},\"primaryImageOfPage\":{\"@id\":\"https:\/\/hurghadalovers.com\/pl\/tours\/daily-scuba-diving-boat-trip-from-sahl-hasheesh\/#primaryimage\"},\"image\":{\"@id\":\"https:\/\/hurghadalovers.com\/pl\/tours\/daily-scuba-diving-boat-trip-from-sahl-hasheesh\/#primaryimage\"},\"thumbnailUrl\":\"https:\/\/hurghadalovers.com\/wp-content\/uploads\/2023\/08\/Daily-Scuba-Diving-Boat-Trip-from-Sahl-Hasheesh.png\",\"datePublished\":\"2023-08-31T19:54:24+00:00\",\"dateModified\":\"2026-02-09T14:00:33+00:00\",\"description\":\"Codzienna wycieczka \u0142odzi\u0105 nurkow\u0105 z Sahl Hasheesh | Certyfikowani i profesjonalni nurkowie | z lunchem, napojami, sprz\u0119tem do nurkowania i transferem. Profesjonalne nurkowanie\",\"breadcrumb\":{\"@id\":\"https:\/\/hurghadalovers.com\/pl\/tours\/daily-scuba-diving-boat-trip-from-sahl-hasheesh\/#breadcrumb\"},\"inLanguage\":\"pl-PL\",\"potentialAction\":[{\"@type\":\"ReadAction\",\"target\":[\"https:\/\/hurghadalovers.com\/pl\/tours\/daily-scuba-diving-boat-trip-from-sahl-hasheesh\/\"]}]},{\"@type\":\"ImageObject\",\"inLanguage\":\"pl-PL\",\"@id\":\"https:\/\/hurghadalovers.com\/pl\/tours\/daily-scuba-diving-boat-trip-from-sahl-hasheesh\/#primaryimage\",\"url\":\"https:\/\/hurghadalovers.com\/wp-content\/uploads\/2023\/08\/Daily-Scuba-Diving-Boat-Trip-from-Sahl-Hasheesh.png\",\"contentUrl\":\"https:\/\/hurghadalovers.com\/wp-content\/uploads\/2023\/08\/Daily-Scuba-Diving-Boat-Trip-from-Sahl-Hasheesh.png\",\"width\":907,\"height\":594,\"caption\":\"Daily Scuba Diving Boat Trip from\u00a0Sahl Hasheesh | Certified\"},{\"@type\":\"BreadcrumbList\",\"@id\":\"https:\/\/hurghadalovers.com\/pl\/tours\/daily-scuba-diving-boat-trip-from-sahl-hasheesh\/#breadcrumb\",\"itemListElement\":[{\"@type\":\"ListItem\",\"position\":1,\"name\":\"Home\",\"item\":\"https:\/\/hurghadalovers.com\/pl\/\"},{\"@type\":\"ListItem\",\"position\":2,\"name\":\"Shop\",\"item\":\"https:\/\/hurghadalovers.com\/shop\/\"},{\"@type\":\"ListItem\",\"position\":3,\"name\":\"Codzienna wycieczka \u0142odzi\u0105 do nurkowania z Sahl Hasheesh\"}]},{\"@type\":\"WebSite\",\"@id\":\"https:\/\/hurghadalovers.com\/pl\/#website\",\"url\":\"https:\/\/hurghadalovers.com\/pl\/\",\"name\":\"Hurghada Excursions & Day Trips | Booking Best Prices Tours\",\"description\":\"Hurghada Lovers - Best Tour Operator - Excursions &amp; Things to do for Family Day Trips with kids and Couples Romantic. Unique .Hidden gems\",\"publisher\":{\"@id\":\"https:\/\/hurghadalovers.com\/pl\/#organization\"},\"alternateName\":\"Hurghada Excursions\",\"potentialAction\":[{\"@type\":\"SearchAction\",\"target\":{\"@type\":\"EntryPoint\",\"urlTemplate\":\"https:\/\/hurghadalovers.com\/pl\/?s={search_term_string}\"},\"query-input\":{\"@type\":\"PropertyValueSpecification\",\"valueRequired\":true,\"valueName\":\"search_term_string\"}}],\"inLanguage\":\"pl-PL\"},{\"@type\":[\"Organization\",\"Place\",\"TravelAgency\"],\"@id\":\"https:\/\/hurghadalovers.com\/pl\/#organization\",\"name\":\"Hurghada Excursions\",\"url\":\"https:\/\/hurghadalovers.com\/pl\/\",\"logo\":{\"@id\":\"https:\/\/hurghadalovers.com\/pl\/tours\/daily-scuba-diving-boat-trip-from-sahl-hasheesh\/#local-main-organization-logo\"},\"image\":{\"@id\":\"https:\/\/hurghadalovers.com\/pl\/tours\/daily-scuba-diving-boat-trip-from-sahl-hasheesh\/#local-main-organization-logo\"},\"sameAs\":[\"https:\/\/www.facebook.com\/Hurghadaloversegypt\"],\"address\":{\"@id\":\"https:\/\/hurghadalovers.com\/pl\/tours\/daily-scuba-diving-boat-trip-from-sahl-hasheesh\/#local-main-place-address\"},\"telephone\":[\"00201112596434\"],\"contactPoint\":{\"@type\":\"ContactPoint\",\"telephone\":\"00201112596434\",\"email\":\"weyouface@gmail.com\"},\"openingHoursSpecification\":{\"@type\":\"OpeningHoursSpecification\",\"dayOfWeek\":[\"Monday\",\"Tuesday\",\"Wednesday\",\"Thursday\",\"Friday\",\"Saturday\",\"Sunday\"],\"opens\":\"00:00\",\"closes\":\"23:59\"},\"email\":\"weyouface@gmail.com\",\"areaServed\":\"Luxor, Hurghada, El Gouna, Aswan, Sharm El Sheikh, Giza, Alexandria, Marsa Alam, Quseir, Soma Bay, Sahl Hasheesh, Red Sea, Makadi Bay, Cairo\",\"priceRange\":\"$\",\"currenciesAccepted\":\"euro\",\"paymentAccepted\":\"cash on site\"},{\"@type\":\"PostalAddress\",\"@id\":\"https:\/\/hurghadalovers.com\/pl\/tours\/daily-scuba-diving-boat-trip-from-sahl-hasheesh\/#local-main-place-address\",\"streetAddress\":\"17 Banks street, Alkawther area, top nbk bank\",\"addressLocality\":\"hurghada\",\"postalCode\":\"84511\",\"addressRegion\":\"red sea\",\"addressCountry\":\"EG\"},{\"@type\":\"ImageObject\",\"inLanguage\":\"pl-PL\",\"@id\":\"https:\/\/hurghadalovers.com\/pl\/tours\/daily-scuba-diving-boat-trip-from-sahl-hasheesh\/#local-main-organization-logo\",\"url\":\"https:\/\/hurghadalovers.com\/wp-content\/uploads\/2019\/10\/hurghada-excursions-logo.png\",\"contentUrl\":\"https:\/\/hurghadalovers.com\/wp-content\/uploads\/2019\/10\/hurghada-excursions-logo.png\",\"width\":272,\"height\":90,\"caption\":\"Hurghada Excursions\"}]}<\/script>\n<meta property=\"product:brand\" content=\"Nurkowanie Z Rurk\u0105 z Sahl Hasheesh\" \/>\n<meta property=\"product:price:amount\" content=\"80\" \/>\n<meta property=\"product:price:currency\" content=\"EUR\" \/>\n<meta property=\"og:availability\" content=\"instock\" \/>\n<meta property=\"product:availability\" content=\"instock\" \/>\n<meta property=\"product:retailer_item_id\" content=\"Sahl512024\" \/>\n<meta property=\"product:condition\" content=\"new\" \/>\n<meta name=\"geo.placename\" content=\"hurghada\" \/>\n<meta name=\"geo.region\" content=\"Egipt\" \/>\n<!-- \/ Yoast SEO Premium plugin. -->","yoast_head_json":{"title":"Codzienna wycieczka \u0142odzi\u0105 nurkow\u0105 z Sahl Hasheesh | Certyfikat","description":"Codzienna wycieczka \u0142odzi\u0105 nurkow\u0105 z Sahl Hasheesh | Certyfikowani i profesjonalni nurkowie | z lunchem, napojami, sprz\u0119tem do nurkowania i transferem. Profesjonalne nurkowanie","robots":{"index":"index","follow":"follow","max-snippet":"max-snippet:-1","max-image-preview":"max-image-preview:large","max-video-preview":"max-video-preview:-1"},"canonical":"https:\/\/hurghadalovers.com\/pl\/tours\/daily-scuba-diving-boat-trip-from-sahl-hasheesh\/","og_locale":"pl_PL","og_type":"article","og_title":"Codzienna wycieczka \u0142odzi\u0105 do nurkowania z Sahl Hasheesh","og_description":"Codzienna wycieczka \u0142odzi\u0105 nurkow\u0105 z Sahl Hasheesh | Certyfikowani i profesjonalni nurkowie | z lunchem, napojami, sprz\u0119tem do nurkowania i transferem. Profesjonalne nurkowanie","og_url":"https:\/\/hurghadalovers.com\/pl\/tours\/daily-scuba-diving-boat-trip-from-sahl-hasheesh\/","og_site_name":"Hurghada Excursions &amp; Day Trips | Booking Best Prices Tours","article_publisher":"https:\/\/www.facebook.com\/Hurghadaloversegypt","article_modified_time":"2026-02-09T14:00:33+00:00","og_image":[{"width":907,"height":594,"url":"https:\/\/hurghadalovers.com\/wp-content\/uploads\/2023\/08\/Daily-Scuba-Diving-Boat-Trip-from-Sahl-Hasheesh.png","type":"image\/png"}],"twitter_card":"summary_large_image","twitter_misc":{"Cena":"&euro;&nbsp;80","Dost\u0119pno\u015b\u0107":"Dost\u0119pny"},"schema":{"@context":"https:\/\/schema.org","@graph":[{"@type":["WebPage","ItemPage"],"@id":"https:\/\/hurghadalovers.com\/pl\/tours\/daily-scuba-diving-boat-trip-from-sahl-hasheesh\/","url":"https:\/\/hurghadalovers.com\/pl\/tours\/daily-scuba-diving-boat-trip-from-sahl-hasheesh\/","name":"Codzienna wycieczka \u0142odzi\u0105 nurkow\u0105 z Sahl Hasheesh | Certyfikat","isPartOf":{"@id":"https:\/\/hurghadalovers.com\/pl\/#website"},"primaryImageOfPage":{"@id":"https:\/\/hurghadalovers.com\/pl\/tours\/daily-scuba-diving-boat-trip-from-sahl-hasheesh\/#primaryimage"},"image":{"@id":"https:\/\/hurghadalovers.com\/pl\/tours\/daily-scuba-diving-boat-trip-from-sahl-hasheesh\/#primaryimage"},"thumbnailUrl":"https:\/\/hurghadalovers.com\/wp-content\/uploads\/2023\/08\/Daily-Scuba-Diving-Boat-Trip-from-Sahl-Hasheesh.png","datePublished":"2023-08-31T19:54:24+00:00","dateModified":"2026-02-09T14:00:33+00:00","description":"Codzienna wycieczka \u0142odzi\u0105 nurkow\u0105 z Sahl Hasheesh | Certyfikowani i profesjonalni nurkowie | z lunchem, napojami, sprz\u0119tem do nurkowania i transferem. Profesjonalne nurkowanie","breadcrumb":{"@id":"https:\/\/hurghadalovers.com\/pl\/tours\/daily-scuba-diving-boat-trip-from-sahl-hasheesh\/#breadcrumb"},"inLanguage":"pl-PL","potentialAction":[{"@type":"ReadAction","target":["https:\/\/hurghadalovers.com\/pl\/tours\/daily-scuba-diving-boat-trip-from-sahl-hasheesh\/"]}]},{"@type":"ImageObject","inLanguage":"pl-PL","@id":"https:\/\/hurghadalovers.com\/pl\/tours\/daily-scuba-diving-boat-trip-from-sahl-hasheesh\/#primaryimage","url":"https:\/\/hurghadalovers.com\/wp-content\/uploads\/2023\/08\/Daily-Scuba-Diving-Boat-Trip-from-Sahl-Hasheesh.png","contentUrl":"https:\/\/hurghadalovers.com\/wp-content\/uploads\/2023\/08\/Daily-Scuba-Diving-Boat-Trip-from-Sahl-Hasheesh.png","width":907,"height":594,"caption":"Daily Scuba Diving Boat Trip from\u00a0Sahl Hasheesh | Certified"},{"@type":"BreadcrumbList","@id":"https:\/\/hurghadalovers.com\/pl\/tours\/daily-scuba-diving-boat-trip-from-sahl-hasheesh\/#breadcrumb","itemListElement":[{"@type":"ListItem","position":1,"name":"Home","item":"https:\/\/hurghadalovers.com\/pl\/"},{"@type":"ListItem","position":2,"name":"Shop","item":"https:\/\/hurghadalovers.com\/shop\/"},{"@type":"ListItem","position":3,"name":"Codzienna wycieczka \u0142odzi\u0105 do nurkowania z Sahl Hasheesh"}]},{"@type":"WebSite","@id":"https:\/\/hurghadalovers.com\/pl\/#website","url":"https:\/\/hurghadalovers.com\/pl\/","name":"Hurghada Excursions & Day Trips | Booking Best Prices Tours","description":"Hurghada Lovers - Best Tour Operator - Excursions &amp; Things to do for Family Day Trips with kids and Couples Romantic. Unique .Hidden gems","publisher":{"@id":"https:\/\/hurghadalovers.com\/pl\/#organization"},"alternateName":"Hurghada Excursions","potentialAction":[{"@type":"SearchAction","target":{"@type":"EntryPoint","urlTemplate":"https:\/\/hurghadalovers.com\/pl\/?s={search_term_string}"},"query-input":{"@type":"PropertyValueSpecification","valueRequired":true,"valueName":"search_term_string"}}],"inLanguage":"pl-PL"},{"@type":["Organization","Place","TravelAgency"],"@id":"https:\/\/hurghadalovers.com\/pl\/#organization","name":"Hurghada Excursions","url":"https:\/\/hurghadalovers.com\/pl\/","logo":{"@id":"https:\/\/hurghadalovers.com\/pl\/tours\/daily-scuba-diving-boat-trip-from-sahl-hasheesh\/#local-main-organization-logo"},"image":{"@id":"https:\/\/hurghadalovers.com\/pl\/tours\/daily-scuba-diving-boat-trip-from-sahl-hasheesh\/#local-main-organization-logo"},"sameAs":["https:\/\/www.facebook.com\/Hurghadaloversegypt"],"address":{"@id":"https:\/\/hurghadalovers.com\/pl\/tours\/daily-scuba-diving-boat-trip-from-sahl-hasheesh\/#local-main-place-address"},"telephone":["00201112596434"],"contactPoint":{"@type":"ContactPoint","telephone":"00201112596434","email":"weyouface@gmail.com"},"openingHoursSpecification":{"@type":"OpeningHoursSpecification","dayOfWeek":["Monday","Tuesday","Wednesday","Thursday","Friday","Saturday","Sunday"],"opens":"00:00","closes":"23:59"},"email":"weyouface@gmail.com","areaServed":"Luxor, Hurghada, El Gouna, Aswan, Sharm El Sheikh, Giza, Alexandria, Marsa Alam, Quseir, Soma Bay, Sahl Hasheesh, Red Sea, Makadi Bay, Cairo","priceRange":"$","currenciesAccepted":"euro","paymentAccepted":"cash on site"},{"@type":"PostalAddress","@id":"https:\/\/hurghadalovers.com\/pl\/tours\/daily-scuba-diving-boat-trip-from-sahl-hasheesh\/#local-main-place-address","streetAddress":"17 Banks street, Alkawther area, top nbk bank","addressLocality":"hurghada","postalCode":"84511","addressRegion":"red sea","addressCountry":"EG"},{"@type":"ImageObject","inLanguage":"pl-PL","@id":"https:\/\/hurghadalovers.com\/pl\/tours\/daily-scuba-diving-boat-trip-from-sahl-hasheesh\/#local-main-organization-logo","url":"https:\/\/hurghadalovers.com\/wp-content\/uploads\/2019\/10\/hurghada-excursions-logo.png","contentUrl":"https:\/\/hurghadalovers.com\/wp-content\/uploads\/2019\/10\/hurghada-excursions-logo.png","width":272,"height":90,"caption":"Hurghada Excursions"}]},"product_brand":"Nurkowanie Z Rurk\u0105 z Sahl Hasheesh","product_price_amount":"80","product_price_currency":"EUR","og_availability":"instock","product_availability":"instock","product_retailer_item_id":"Sahl512024","product_condition":"new","geo.placename":"hurghada","geo.region":"Egipt"},"_links":{"self":[{"href":"https:\/\/hurghadalovers.com\/pl\/wp-json\/wp\/v2\/product\/391930","targetHints":{"allow":["GET"]}}],"collection":[{"href":"https:\/\/hurghadalovers.com\/pl\/wp-json\/wp\/v2\/product"}],"about":[{"href":"https:\/\/hurghadalovers.com\/pl\/wp-json\/wp\/v2\/types\/product"}],"wp:featuredmedia":[{"embeddable":true,"href":"https:\/\/hurghadalovers.com\/pl\/wp-json\/wp\/v2\/media\/391807"}],"wp:attachment":[{"href":"https:\/\/hurghadalovers.com\/pl\/wp-json\/wp\/v2\/media?parent=391930"}],"wp:term":[{"taxonomy":"product_brand","embeddable":true,"href":"https:\/\/hurghadalovers.com\/pl\/wp-json\/wp\/v2\/product_brand?post=391930"},{"taxonomy":"product_cat","embeddable":true,"href":"https:\/\/hurghadalovers.com\/pl\/wp-json\/wp\/v2\/product_cat?post=391930"},{"taxonomy":"product_tag","embeddable":true,"href":"https:\/\/hurghadalovers.com\/pl\/wp-json\/wp\/v2\/product_tag?post=391930"}],"curies":[{"name":"wp","href":"https:\/\/api.w.org\/{rel}","templated":true}]}}