{"id":391751,"date":"2023-08-31T19:18:56","date_gmt":"2023-08-31T19:22:07","guid":{"rendered":"https:\/\/hurghadalovers.com\/shop\/bez-kategorii\/wynajem-lodzi-motorowej-sahl-hasheesh-na-rajska-wyspe\/"},"modified":"2026-01-23T01:00:02","modified_gmt":"2026-01-23T01:00:02","slug":"sahl-hasheesh-speedboat-rental-to-paradise-island","status":"publish","type":"product","link":"https:\/\/hurghadalovers.com\/pl\/tours\/sahl-hasheesh-speedboat-rental-to-paradise-island\/","title":{"rendered":"Wynajem \u0142odzi motorowej Sahl Hasheesh na Rajsk\u0105 Wysp\u0119"},"content":{"rendered":"<p><strong>Sahl Hasheesh<\/strong> <strong>Speedboat Rental to Paradise Island<\/strong> | Prywatne luksusowe \u0142odzie motorowe z biletami, nurkowaniem i transferem.<\/p>\n<p style=\"text-align: center;\"><span style=\"color: #008080;\">Sahl Hasheesh &#8211; Najpi\u0119kniejsze <strong>atrakcje dla rodziny<\/strong>, dla <strong>dzieci<\/strong>, dla senior\u00f3w, dla <strong>nowo\u017ce\u0144c\u00f3w<\/strong> i dla <strong>par<\/strong>.<\/span><\/p>\n<p>Ciesz si\u0119 wyj\u0105tkowym dniem i wyj\u0105tkowym do\u015bwiadczeniem z wi\u0119ksz\u0105 <strong>prywatno\u015bci\u0105<\/strong> i <strong>luksusem<\/strong>, wybierz si\u0119 z rodzin\u0105 i przyjaci\u00f3\u0142mi na najpi\u0119kniejsze pla\u017ce <strong>wyspy Giftun<\/strong> i pop\u0142ywaj w najpi\u0119kniejszych miejscach <strong>raf koralowych<\/strong>.<\/p>\n<p>Zapewniamy rezerwacj\u0119 tylko prywatnego wynajmu \u0142odzi motorowej na <strong>Paradise<\/strong> <strong>Island<\/strong> z biletami i ciesz si\u0119 pla\u017c\u0105 przez 4-5 godzin iz powrotem.<\/p>\n<p>&nbsp;<\/p>\n<p><strong>Najwa\u017cniejsze wydarzenia:<\/strong><\/p>\n<ul>\n<li>jeden Spot Snorkeling House Reef.<\/li>\n<li>2-5 godz. na pla\u017cy w Paradise Island.<\/li>\n<\/ul>\n<p><strong>Szczeg\u00f3\u0142y:<\/strong><\/p>\n<ul>\n<li>Dost\u0119pno\u015b\u0107 wycieczki: Codziennie.<\/li>\n<li>Rodzaj wycieczki: Prywatna.<\/li>\n<li>Czas odbioru: od 07:30 lub od 12:30.<\/li>\n<li>Godzina odbioru: 13:00 lub 18:00.<\/li>\n<li>Dost\u0119p dla w\u00f3zk\u00f3w inwalidzkich.<\/li>\n<li>Czas trwania: 4-5 godz.<\/li>\n<\/ul>\n<p><strong>Zarezerwuj teraz i zap\u0142a\u0107 p\u00f3\u017aniej:<\/strong><\/p>\n<ul>\n<li>Got\u00f3wka na miejscu dla przewodnika.<\/li>\n<li>P\u0142atno\u015b\u0107 w funtach egipskich, $, \u20ac lub \u00a3.<\/li>\n<\/ul>\n<p><strong>Zasady anulowania rezerwacji:<\/strong><\/p>\n<ul>\n<li>mo\u017cna anulowa\u0107 z maksymalnie 24-godzinnym wyprzedzeniem.<\/li>\n<li>Je\u015bli kto\u015b z rodziny anuluje poranek, zap\u0142aci 50% koszt\u00f3w.<\/li>\n<\/ul>\n<p><strong>Co wchodzi w sk\u0142ad zestawu?<\/strong><\/p>\n<ul>\n<li>Transfer z hoteli w Sahl Hasheesh &#8222;Odbi\u00f3r i dow\u00f3z z hotelu&#8221;.<\/li>\n<li>Wszystkie podatki, op\u0142aty za wst\u0119p i op\u0142aty manipulacyjne.<\/li>\n<li>Woda mineralna + Cola.<\/li>\n<li>jedno miejsce do snorkelingu.<\/li>\n<li>Sprz\u0119t do snorkelingu &#8222;Maski i p\u0142etwy do p\u0142ywania&#8221;.<\/li>\n<li>2-5 godz. na <strong>pla\u017cy<\/strong> w <strong>Paradise<\/strong> <strong>Island<\/strong>.<\/li>\n<\/ul>\n<p><strong>Wy\u0142\u0105czenia?<\/strong><\/p>\n<ul>\n<li>Napiwki.<\/li>\n<li>Drinki w restauracji Paradise Restaurant Island.<\/li>\n<li>Wszelkie niewymienione dodatki.<\/li>\n<\/ul>\n<p><strong>Ceny:<\/strong><\/p>\n<ul>\n<li>Wynajem \u0142odzi motorowej na Paradise Island z biletami dla 2 os\u00f3b i transferem = 220 USD<\/li>\n<li>Wynajem \u0142odzi motorowej na Paradise Island z biletami dla 2 os\u00f3b, nurkowaniem z rurk\u0105 i transferem = 270 USD<\/li>\n<li><strong>Dodatkowy bilet dla maksymalnie 2 os\u00f3b = 5 USD za osob\u0119.<\/strong><\/li>\n<\/ul>\n<p><strong>Recenzje:<\/strong><\/p>\n<p>sprawd\u017a nasze opinie na mapie Google jako najlepszy <a href=\"https:\/\/g.page\/r\/CUeYvkngP3wkEBM\/review\">organizator<\/a> wycieczek online w <a href=\"https:\/\/hurghadalovers.com\/\">Hurghadzie<\/a> w Egipcie.<\/p>\n<p><strong>Rezerwacja:<\/strong><\/p>\n<p>Wy\u015blij hotel + numer pokoju + paszporty ze zdj\u0119ciem na WhatsApp: <strong>+201112596434<\/strong><\/p>\n<p>Je\u015bli jeste\u015b w Egipcie Rezerwuj teraz online i potwierd\u017a po przyje\u017adzie Hotel.<\/p>\n<p>&nbsp;<\/p>\n<p>&nbsp;<\/p>\n","protected":false},"excerpt":{"rendered":"<p><strong>Wypo\u017cyczalnia \u0142odzi motorowych<\/strong> <strong>Sahl<\/strong> Hasheesh <strong>na Paradise Island<\/strong> | Prywatne luksusowe \u0142odzie motorowe z biletami, nurkowaniem i transferem. <span style=\"color: #008080;\">Sahl Hasheesh &#8211; Najpi\u0119kniejsze <strong>atrakcje przyjazne rodzinie<\/strong><\/span><\/p>\n","protected":false},"featured_media":391537,"template":"","meta":{"_joinchat":[]},"product_brand":[],"product_cat":[36264],"product_tag":[53803,53786,53799,53776,53783,53798,53792,53807,53816,53779,53725,49867,53715,53711,53707,53734,53701,53773,53674,53704,53789,53812,53795],"class_list":{"0":"post-391751","1":"product","2":"type-product","3":"status-publish","4":"has-post-thumbnail","6":"product_cat-tours-pl","7":"product_tag-czarter-lodzi-w-sahl-hasheesh","8":"product_tag-dolphin-house-sahl-hasheesh-pl","9":"product_tag-lodz-motorowa-sahl-hasheesh","10":"product_tag-nurkowanie-sahl-hasheesh","11":"product_tag-orange-bay-island-sahl-hasheesh-pl","12":"product_tag-piracka-lodz-sahl-hasheesh","13":"product_tag-plywanie-z-delfinami-sahl-hasheesh","14":"product_tag-prywatna-lodz-sahl-hasheesh","15":"product_tag-prywatna-wycieczka-lodzia-po-sahl-hasheesh","16":"product_tag-rajska-wyspa-sahl-hasheesh","17":"product_tag-rodzinne-atrakcje-w-miejscu-takim-jak-sahl-hasheesh-pl-2","18":"product_tag-romantyczne-atrakcje-dla-par-w-sahl-hasheesh","19":"product_tag-romantyczne-rzeczy-do-zrobienia-w-miejscu-takim-jak-sahl-hasheesh-pl","20":"product_tag-romantyczne-wycieczki-do-sahl-hasheesh","21":"product_tag-rzeczy-do-zobaczenia-w-miejscu-takim-jak-sahl-hasheesh","22":"product_tag-rzeczy-do-zrobienia-z-niemowletami-z-sahl-hasheesh","23":"product_tag-sahl-hasheesh-co-robic","24":"product_tag-sahl-hasheesh-wycieczki-z-rurka","25":"product_tag-wycieczki-jednodniowe-do-sahl-hasheesh","26":"product_tag-wycieczki-jednodniowe-do-sahl-hasheesh-pl","27":"product_tag-wycieczki-lodzia-po-sahl-hasheesh","28":"product_tag-wynajem-lodzi-sahl-hasheesh","29":"product_tag-wyspa-giftun-sahl-hasheesh","30":"tour_category-snorkeling-wycieczka-w-sahl-hasheesh","31":"tour_category-sahl-hasheesh-wycieczki","33":"first","34":"instock","35":"sale","36":"shipping-taxable","37":"purchasable","38":"product-type-tour"},"yoast_head":"<!-- This site is optimized with the Yoast SEO Premium plugin v26.9 (Yoast SEO v27.2) - https:\/\/yoast.com\/product\/yoast-seo-premium-wordpress\/ -->\n<title>Wynajem \u0142odzi motorowej Sahl Hasheesh na rajsk\u0105 wysp\u0119<\/title>\n<meta name=\"description\" content=\"Sahl Hasheesh Speedboat Rental to Paradise Island | Prywatne luksusowe \u0142odzie motorowe z biletami, nurkowaniem i transferem. Pi\u0119kne atrakcje przyjazne rodzinie\" \/>\n<meta name=\"robots\" content=\"index, follow, max-snippet:-1, max-image-preview:large, max-video-preview:-1\" \/>\n<link rel=\"canonical\" href=\"https:\/\/hurghadalovers.com\/pl\/tours\/sahl-hasheesh-speedboat-rental-to-paradise-island\/\" \/>\n<meta property=\"og:locale\" content=\"pl_PL\" \/>\n<meta property=\"og:type\" content=\"article\" \/>\n<meta property=\"og:title\" content=\"Wynajem \u0142odzi motorowej Sahl Hasheesh na Rajsk\u0105 Wysp\u0119\" \/>\n<meta property=\"og:description\" content=\"Sahl Hasheesh Speedboat Rental to Paradise Island | Prywatne luksusowe \u0142odzie motorowe z biletami, nurkowaniem i transferem. Pi\u0119kne atrakcje przyjazne rodzinie\" \/>\n<meta property=\"og:url\" content=\"https:\/\/hurghadalovers.com\/pl\/tours\/sahl-hasheesh-speedboat-rental-to-paradise-island\/\" \/>\n<meta property=\"og:site_name\" content=\"Hurghada Excursions &amp; Day Trips | Booking Best Prices Tours\" \/>\n<meta property=\"article:publisher\" content=\"https:\/\/www.facebook.com\/Hurghadaloversegypt\" \/>\n<meta property=\"article:modified_time\" content=\"2026-01-23T01:00:02+00:00\" \/>\n<meta property=\"og:image\" content=\"https:\/\/hurghadalovers.com\/wp-content\/uploads\/2023\/08\/Sahl-Hasheesh-Speedboat-Rental-to-Paradise-Island.jpeg\" \/>\n\t<meta property=\"og:image:width\" content=\"1156\" \/>\n\t<meta property=\"og:image:height\" content=\"867\" \/>\n\t<meta property=\"og:image:type\" content=\"image\/jpeg\" \/>\n<meta name=\"twitter:card\" content=\"summary_large_image\" \/>\n<meta name=\"twitter:label1\" content=\"Cena\" \/>\n\t<meta name=\"twitter:data1\" content=\"&euro;&nbsp;220\" \/>\n\t<meta name=\"twitter:label2\" content=\"Dost\u0119pno\u015b\u0107\" \/>\n\t<meta name=\"twitter:data2\" content=\"Dost\u0119pny\" \/>\n<script type=\"application\/ld+json\" class=\"yoast-schema-graph\">{\"@context\":\"https:\/\/schema.org\",\"@graph\":[{\"@type\":[\"WebPage\",\"ItemPage\"],\"@id\":\"https:\/\/hurghadalovers.com\/pl\/tours\/sahl-hasheesh-speedboat-rental-to-paradise-island\/\",\"url\":\"https:\/\/hurghadalovers.com\/pl\/tours\/sahl-hasheesh-speedboat-rental-to-paradise-island\/\",\"name\":\"Wynajem \u0142odzi motorowej Sahl Hasheesh na rajsk\u0105 wysp\u0119\",\"isPartOf\":{\"@id\":\"https:\/\/hurghadalovers.com\/pl\/#website\"},\"primaryImageOfPage\":{\"@id\":\"https:\/\/hurghadalovers.com\/pl\/tours\/sahl-hasheesh-speedboat-rental-to-paradise-island\/#primaryimage\"},\"image\":{\"@id\":\"https:\/\/hurghadalovers.com\/pl\/tours\/sahl-hasheesh-speedboat-rental-to-paradise-island\/#primaryimage\"},\"thumbnailUrl\":\"https:\/\/hurghadalovers.com\/wp-content\/uploads\/2023\/08\/Sahl-Hasheesh-Speedboat-Rental-to-Paradise-Island.jpeg\",\"datePublished\":\"2023-08-31T19:22:07+00:00\",\"dateModified\":\"2026-01-23T01:00:02+00:00\",\"description\":\"Sahl Hasheesh Speedboat Rental to Paradise Island | Prywatne luksusowe \u0142odzie motorowe z biletami, nurkowaniem i transferem. Pi\u0119kne atrakcje przyjazne rodzinie\",\"breadcrumb\":{\"@id\":\"https:\/\/hurghadalovers.com\/pl\/tours\/sahl-hasheesh-speedboat-rental-to-paradise-island\/#breadcrumb\"},\"inLanguage\":\"pl-PL\",\"potentialAction\":[{\"@type\":\"ReadAction\",\"target\":[\"https:\/\/hurghadalovers.com\/pl\/tours\/sahl-hasheesh-speedboat-rental-to-paradise-island\/\"]}]},{\"@type\":\"ImageObject\",\"inLanguage\":\"pl-PL\",\"@id\":\"https:\/\/hurghadalovers.com\/pl\/tours\/sahl-hasheesh-speedboat-rental-to-paradise-island\/#primaryimage\",\"url\":\"https:\/\/hurghadalovers.com\/wp-content\/uploads\/2023\/08\/Sahl-Hasheesh-Speedboat-Rental-to-Paradise-Island.jpeg\",\"contentUrl\":\"https:\/\/hurghadalovers.com\/wp-content\/uploads\/2023\/08\/Sahl-Hasheesh-Speedboat-Rental-to-Paradise-Island.jpeg\",\"width\":1156,\"height\":867,\"caption\":\"Wynajem \u0142odzi motorowej Sahl Hasheesh na Rajsk\u0105 Wysp\u0119\"},{\"@type\":\"BreadcrumbList\",\"@id\":\"https:\/\/hurghadalovers.com\/pl\/tours\/sahl-hasheesh-speedboat-rental-to-paradise-island\/#breadcrumb\",\"itemListElement\":[{\"@type\":\"ListItem\",\"position\":1,\"name\":\"Home\",\"item\":\"https:\/\/hurghadalovers.com\/pl\/\"},{\"@type\":\"ListItem\",\"position\":2,\"name\":\"Shop\",\"item\":\"https:\/\/hurghadalovers.com\/shop\/\"},{\"@type\":\"ListItem\",\"position\":3,\"name\":\"Wynajem \u0142odzi motorowej Sahl Hasheesh na Rajsk\u0105 Wysp\u0119\"}]},{\"@type\":\"WebSite\",\"@id\":\"https:\/\/hurghadalovers.com\/pl\/#website\",\"url\":\"https:\/\/hurghadalovers.com\/pl\/\",\"name\":\"Hurghada Excursions & Day Trips | Booking Best Prices Tours\",\"description\":\"Hurghada Lovers - Best Tour Operator - Excursions &amp; Things to do for Family Day Trips with kids and Couples Romantic. Unique .Hidden gems\",\"publisher\":{\"@id\":\"https:\/\/hurghadalovers.com\/pl\/#organization\"},\"alternateName\":\"Hurghada Excursions\",\"potentialAction\":[{\"@type\":\"SearchAction\",\"target\":{\"@type\":\"EntryPoint\",\"urlTemplate\":\"https:\/\/hurghadalovers.com\/pl\/?s={search_term_string}\"},\"query-input\":{\"@type\":\"PropertyValueSpecification\",\"valueRequired\":true,\"valueName\":\"search_term_string\"}}],\"inLanguage\":\"pl-PL\"},{\"@type\":[\"Organization\",\"Place\",\"TravelAgency\"],\"@id\":\"https:\/\/hurghadalovers.com\/pl\/#organization\",\"name\":\"Hurghada Excursions\",\"url\":\"https:\/\/hurghadalovers.com\/pl\/\",\"logo\":{\"@id\":\"https:\/\/hurghadalovers.com\/pl\/tours\/sahl-hasheesh-speedboat-rental-to-paradise-island\/#local-main-organization-logo\"},\"image\":{\"@id\":\"https:\/\/hurghadalovers.com\/pl\/tours\/sahl-hasheesh-speedboat-rental-to-paradise-island\/#local-main-organization-logo\"},\"sameAs\":[\"https:\/\/www.facebook.com\/Hurghadaloversegypt\"],\"address\":{\"@id\":\"https:\/\/hurghadalovers.com\/pl\/tours\/sahl-hasheesh-speedboat-rental-to-paradise-island\/#local-main-place-address\"},\"telephone\":[\"00201112596434\"],\"contactPoint\":{\"@type\":\"ContactPoint\",\"telephone\":\"00201112596434\",\"email\":\"weyouface@gmail.com\"},\"openingHoursSpecification\":{\"@type\":\"OpeningHoursSpecification\",\"dayOfWeek\":[\"Monday\",\"Tuesday\",\"Wednesday\",\"Thursday\",\"Friday\",\"Saturday\",\"Sunday\"],\"opens\":\"00:00\",\"closes\":\"23:59\"},\"email\":\"weyouface@gmail.com\",\"areaServed\":\"Luxor, Hurghada, El Gouna, Aswan, Sharm El Sheikh, Giza, Alexandria, Marsa Alam, Quseir, Soma Bay, Sahl Hasheesh, Red Sea, Makadi Bay, Cairo\",\"priceRange\":\"$\",\"currenciesAccepted\":\"euro\",\"paymentAccepted\":\"cash on site\"},{\"@type\":\"PostalAddress\",\"@id\":\"https:\/\/hurghadalovers.com\/pl\/tours\/sahl-hasheesh-speedboat-rental-to-paradise-island\/#local-main-place-address\",\"streetAddress\":\"17 Banks street, Alkawther area, top nbk bank\",\"addressLocality\":\"hurghada\",\"postalCode\":\"84511\",\"addressRegion\":\"red sea\",\"addressCountry\":\"EG\"},{\"@type\":\"ImageObject\",\"inLanguage\":\"pl-PL\",\"@id\":\"https:\/\/hurghadalovers.com\/pl\/tours\/sahl-hasheesh-speedboat-rental-to-paradise-island\/#local-main-organization-logo\",\"url\":\"https:\/\/hurghadalovers.com\/wp-content\/uploads\/2019\/10\/hurghada-excursions-logo.png\",\"contentUrl\":\"https:\/\/hurghadalovers.com\/wp-content\/uploads\/2019\/10\/hurghada-excursions-logo.png\",\"width\":272,\"height\":90,\"caption\":\"Hurghada Excursions\"}]}<\/script>\n<meta property=\"product:brand\" content=\"Nurkowanie Z Rurk\u0105 z Sahl Hasheesh\" \/>\n<meta property=\"product:price:amount\" content=\"220\" \/>\n<meta property=\"product:price:currency\" content=\"EUR\" \/>\n<meta property=\"og:availability\" content=\"instock\" \/>\n<meta property=\"product:availability\" content=\"instock\" \/>\n<meta property=\"product:retailer_item_id\" content=\"Sahl442024\" \/>\n<meta property=\"product:condition\" content=\"new\" \/>\n<meta name=\"geo.placename\" content=\"hurghada\" \/>\n<meta name=\"geo.region\" content=\"Egipt\" \/>\n<!-- \/ Yoast SEO Premium plugin. -->","yoast_head_json":{"title":"Wynajem \u0142odzi motorowej Sahl Hasheesh na rajsk\u0105 wysp\u0119","description":"Sahl Hasheesh Speedboat Rental to Paradise Island | Prywatne luksusowe \u0142odzie motorowe z biletami, nurkowaniem i transferem. Pi\u0119kne atrakcje przyjazne rodzinie","robots":{"index":"index","follow":"follow","max-snippet":"max-snippet:-1","max-image-preview":"max-image-preview:large","max-video-preview":"max-video-preview:-1"},"canonical":"https:\/\/hurghadalovers.com\/pl\/tours\/sahl-hasheesh-speedboat-rental-to-paradise-island\/","og_locale":"pl_PL","og_type":"article","og_title":"Wynajem \u0142odzi motorowej Sahl Hasheesh na Rajsk\u0105 Wysp\u0119","og_description":"Sahl Hasheesh Speedboat Rental to Paradise Island | Prywatne luksusowe \u0142odzie motorowe z biletami, nurkowaniem i transferem. Pi\u0119kne atrakcje przyjazne rodzinie","og_url":"https:\/\/hurghadalovers.com\/pl\/tours\/sahl-hasheesh-speedboat-rental-to-paradise-island\/","og_site_name":"Hurghada Excursions &amp; Day Trips | Booking Best Prices Tours","article_publisher":"https:\/\/www.facebook.com\/Hurghadaloversegypt","article_modified_time":"2026-01-23T01:00:02+00:00","og_image":[{"width":1156,"height":867,"url":"https:\/\/hurghadalovers.com\/wp-content\/uploads\/2023\/08\/Sahl-Hasheesh-Speedboat-Rental-to-Paradise-Island.jpeg","type":"image\/jpeg"}],"twitter_card":"summary_large_image","twitter_misc":{"Cena":"&euro;&nbsp;220","Dost\u0119pno\u015b\u0107":"Dost\u0119pny"},"schema":{"@context":"https:\/\/schema.org","@graph":[{"@type":["WebPage","ItemPage"],"@id":"https:\/\/hurghadalovers.com\/pl\/tours\/sahl-hasheesh-speedboat-rental-to-paradise-island\/","url":"https:\/\/hurghadalovers.com\/pl\/tours\/sahl-hasheesh-speedboat-rental-to-paradise-island\/","name":"Wynajem \u0142odzi motorowej Sahl Hasheesh na rajsk\u0105 wysp\u0119","isPartOf":{"@id":"https:\/\/hurghadalovers.com\/pl\/#website"},"primaryImageOfPage":{"@id":"https:\/\/hurghadalovers.com\/pl\/tours\/sahl-hasheesh-speedboat-rental-to-paradise-island\/#primaryimage"},"image":{"@id":"https:\/\/hurghadalovers.com\/pl\/tours\/sahl-hasheesh-speedboat-rental-to-paradise-island\/#primaryimage"},"thumbnailUrl":"https:\/\/hurghadalovers.com\/wp-content\/uploads\/2023\/08\/Sahl-Hasheesh-Speedboat-Rental-to-Paradise-Island.jpeg","datePublished":"2023-08-31T19:22:07+00:00","dateModified":"2026-01-23T01:00:02+00:00","description":"Sahl Hasheesh Speedboat Rental to Paradise Island | Prywatne luksusowe \u0142odzie motorowe z biletami, nurkowaniem i transferem. Pi\u0119kne atrakcje przyjazne rodzinie","breadcrumb":{"@id":"https:\/\/hurghadalovers.com\/pl\/tours\/sahl-hasheesh-speedboat-rental-to-paradise-island\/#breadcrumb"},"inLanguage":"pl-PL","potentialAction":[{"@type":"ReadAction","target":["https:\/\/hurghadalovers.com\/pl\/tours\/sahl-hasheesh-speedboat-rental-to-paradise-island\/"]}]},{"@type":"ImageObject","inLanguage":"pl-PL","@id":"https:\/\/hurghadalovers.com\/pl\/tours\/sahl-hasheesh-speedboat-rental-to-paradise-island\/#primaryimage","url":"https:\/\/hurghadalovers.com\/wp-content\/uploads\/2023\/08\/Sahl-Hasheesh-Speedboat-Rental-to-Paradise-Island.jpeg","contentUrl":"https:\/\/hurghadalovers.com\/wp-content\/uploads\/2023\/08\/Sahl-Hasheesh-Speedboat-Rental-to-Paradise-Island.jpeg","width":1156,"height":867,"caption":"Wynajem \u0142odzi motorowej Sahl Hasheesh na Rajsk\u0105 Wysp\u0119"},{"@type":"BreadcrumbList","@id":"https:\/\/hurghadalovers.com\/pl\/tours\/sahl-hasheesh-speedboat-rental-to-paradise-island\/#breadcrumb","itemListElement":[{"@type":"ListItem","position":1,"name":"Home","item":"https:\/\/hurghadalovers.com\/pl\/"},{"@type":"ListItem","position":2,"name":"Shop","item":"https:\/\/hurghadalovers.com\/shop\/"},{"@type":"ListItem","position":3,"name":"Wynajem \u0142odzi motorowej Sahl Hasheesh na Rajsk\u0105 Wysp\u0119"}]},{"@type":"WebSite","@id":"https:\/\/hurghadalovers.com\/pl\/#website","url":"https:\/\/hurghadalovers.com\/pl\/","name":"Hurghada Excursions & Day Trips | Booking Best Prices Tours","description":"Hurghada Lovers - Best Tour Operator - Excursions &amp; Things to do for Family Day Trips with kids and Couples Romantic. Unique .Hidden gems","publisher":{"@id":"https:\/\/hurghadalovers.com\/pl\/#organization"},"alternateName":"Hurghada Excursions","potentialAction":[{"@type":"SearchAction","target":{"@type":"EntryPoint","urlTemplate":"https:\/\/hurghadalovers.com\/pl\/?s={search_term_string}"},"query-input":{"@type":"PropertyValueSpecification","valueRequired":true,"valueName":"search_term_string"}}],"inLanguage":"pl-PL"},{"@type":["Organization","Place","TravelAgency"],"@id":"https:\/\/hurghadalovers.com\/pl\/#organization","name":"Hurghada Excursions","url":"https:\/\/hurghadalovers.com\/pl\/","logo":{"@id":"https:\/\/hurghadalovers.com\/pl\/tours\/sahl-hasheesh-speedboat-rental-to-paradise-island\/#local-main-organization-logo"},"image":{"@id":"https:\/\/hurghadalovers.com\/pl\/tours\/sahl-hasheesh-speedboat-rental-to-paradise-island\/#local-main-organization-logo"},"sameAs":["https:\/\/www.facebook.com\/Hurghadaloversegypt"],"address":{"@id":"https:\/\/hurghadalovers.com\/pl\/tours\/sahl-hasheesh-speedboat-rental-to-paradise-island\/#local-main-place-address"},"telephone":["00201112596434"],"contactPoint":{"@type":"ContactPoint","telephone":"00201112596434","email":"weyouface@gmail.com"},"openingHoursSpecification":{"@type":"OpeningHoursSpecification","dayOfWeek":["Monday","Tuesday","Wednesday","Thursday","Friday","Saturday","Sunday"],"opens":"00:00","closes":"23:59"},"email":"weyouface@gmail.com","areaServed":"Luxor, Hurghada, El Gouna, Aswan, Sharm El Sheikh, Giza, Alexandria, Marsa Alam, Quseir, Soma Bay, Sahl Hasheesh, Red Sea, Makadi Bay, Cairo","priceRange":"$","currenciesAccepted":"euro","paymentAccepted":"cash on site"},{"@type":"PostalAddress","@id":"https:\/\/hurghadalovers.com\/pl\/tours\/sahl-hasheesh-speedboat-rental-to-paradise-island\/#local-main-place-address","streetAddress":"17 Banks street, Alkawther area, top nbk bank","addressLocality":"hurghada","postalCode":"84511","addressRegion":"red sea","addressCountry":"EG"},{"@type":"ImageObject","inLanguage":"pl-PL","@id":"https:\/\/hurghadalovers.com\/pl\/tours\/sahl-hasheesh-speedboat-rental-to-paradise-island\/#local-main-organization-logo","url":"https:\/\/hurghadalovers.com\/wp-content\/uploads\/2019\/10\/hurghada-excursions-logo.png","contentUrl":"https:\/\/hurghadalovers.com\/wp-content\/uploads\/2019\/10\/hurghada-excursions-logo.png","width":272,"height":90,"caption":"Hurghada Excursions"}]},"product_brand":"Nurkowanie Z Rurk\u0105 z Sahl Hasheesh","product_price_amount":"220","product_price_currency":"EUR","og_availability":"instock","product_availability":"instock","product_retailer_item_id":"Sahl442024","product_condition":"new","geo.placename":"hurghada","geo.region":"Egipt"},"_links":{"self":[{"href":"https:\/\/hurghadalovers.com\/pl\/wp-json\/wp\/v2\/product\/391751","targetHints":{"allow":["GET"]}}],"collection":[{"href":"https:\/\/hurghadalovers.com\/pl\/wp-json\/wp\/v2\/product"}],"about":[{"href":"https:\/\/hurghadalovers.com\/pl\/wp-json\/wp\/v2\/types\/product"}],"wp:featuredmedia":[{"embeddable":true,"href":"https:\/\/hurghadalovers.com\/pl\/wp-json\/wp\/v2\/media\/391537"}],"wp:attachment":[{"href":"https:\/\/hurghadalovers.com\/pl\/wp-json\/wp\/v2\/media?parent=391751"}],"wp:term":[{"taxonomy":"product_brand","embeddable":true,"href":"https:\/\/hurghadalovers.com\/pl\/wp-json\/wp\/v2\/product_brand?post=391751"},{"taxonomy":"product_cat","embeddable":true,"href":"https:\/\/hurghadalovers.com\/pl\/wp-json\/wp\/v2\/product_cat?post=391751"},{"taxonomy":"product_tag","embeddable":true,"href":"https:\/\/hurghadalovers.com\/pl\/wp-json\/wp\/v2\/product_tag?post=391751"}],"curies":[{"name":"wp","href":"https:\/\/api.w.org\/{rel}","templated":true}]}}