{"id":391333,"date":"2023-08-31T18:11:14","date_gmt":"2023-08-31T18:13:03","guid":{"rendered":"https:\/\/hurghadalovers.com\/shop\/bez-kategorii\/czarter-lodzi-z-sahl-hasheesh-na-rajska-wyspe\/"},"modified":"2026-01-13T15:45:49","modified_gmt":"2026-01-13T15:45:49","slug":"sahl-hasheesh-boat-charter-to-paradise-island","status":"publish","type":"product","link":"https:\/\/hurghadalovers.com\/pl\/tours\/sahl-hasheesh-boat-charter-to-paradise-island\/","title":{"rendered":"Czarter \u0142odzi z Sahl Hasheesh na Rajsk\u0105 Wysp\u0119"},"content":{"rendered":"<p>Sahl Hasheesh Boat Charters to Paradise Island | Prywatne luksusowe jachty z nurkowaniem z rurk\u0105, sportami wodnymi, lunchem i transferem.<\/p>\n<p style=\"text-align: center;\"><span style=\"color: #008080;\">Sahl Hasheesh &#8211; Najpi\u0119kniejsze <strong>atrakcje dla rodziny<\/strong>, dla <strong>dzieci<\/strong>, dla senior\u00f3w, dla <strong>nowo\u017ce\u0144c\u00f3w<\/strong> i dla <strong>par<\/strong>.<\/span><\/p>\n<p>Rezerwacja <strong>czarteru<\/strong> ma\u0142ego <strong>jachtu<\/strong> od 3 do 6 os\u00f3b lub <strong>wynajem<\/strong> luksusowej du\u017cej <strong>\u0142odzi<\/strong> od 8 do 35 os\u00f3b z transferem do p\u0142ywania w najlepszym <strong>miejscu rafy kor<\/strong> alowej i saty 2-4 godziny na najlepszej pla\u017cy na <strong>wyspie Giftun<\/strong> &#8222;Paradise Beach&#8221;.<\/p>\n<p>&nbsp;<\/p>\n<p><strong>Najwa\u017cniejsze wydarzenia:<\/strong><\/p>\n<ul>\n<li>2 miejsca do nurkowania z rurk\u0105 na rafie House.<\/li>\n<li>2-4 godz. na pla\u017cy w Paradise Island.<\/li>\n<li>Sporty wodne &#8222;Banana i Quattro&#8221;.<\/li>\n<\/ul>\n<p><strong>Szczeg\u00f3\u0142y:<\/strong><\/p>\n<ul>\n<li>Dost\u0119pno\u015b\u0107 wycieczki: Codziennie.<\/li>\n<li>Rodzaj wycieczki: Prywatna.<\/li>\n<li>Czas odbioru: od 07:30 rano.<\/li>\n<li>Godzina odbioru: 17:00.<\/li>\n<li>Dost\u0119p dla w\u00f3zk\u00f3w inwalidzkich.<\/li>\n<li>Czas trwania: 8 godz.<\/li>\n<\/ul>\n<p><strong>Zarezerwuj teraz i zap\u0142a\u0107 p\u00f3\u017aniej:<\/strong><\/p>\n<ul>\n<li>Got\u00f3wka na miejscu dla przewodnika.<\/li>\n<li>P\u0142atno\u015b\u0107 w funtach egipskich, $, \u20ac lub \u00a3.<\/li>\n<\/ul>\n<p><strong>Zasady anulowania rezerwacji:<\/strong><\/p>\n<ul>\n<li>mo\u017cna anulowa\u0107 z maksymalnie 24-godzinnym wyprzedzeniem.<\/li>\n<li>Je\u015bli kto\u015b z rodziny anuluje poranek, zap\u0142aci 50% koszt\u00f3w.<\/li>\n<\/ul>\n<p><strong>Co wchodzi w sk\u0142ad zestawu?<\/strong><\/p>\n<ul>\n<li>Transfer z hoteli w Sahl Hasheesh &#8222;Odbi\u00f3r i dow\u00f3z z hotelu&#8221;.<\/li>\n<li>Wszystkie podatki, op\u0142aty za wst\u0119p i op\u0142aty manipulacyjne.<\/li>\n<li>Przewodnik turystyczny.<\/li>\n<li>Woda mineralna + Cola + Mleko + Kawa\/Herbata.<\/li>\n<li>2 Miejsce do nurkowania.<\/li>\n<li>Sprz\u0119t do snorkelingu &#8222;Maski i p\u0142etwy do p\u0142ywania&#8221;.<\/li>\n<li>2-4 godz. na <strong>pla\u017cy<\/strong> w <strong>Paradise Island<\/strong>.<\/li>\n<li>Lunch VIP w formie bufetu na \u0142odzi.<\/li>\n<li>Kamizelki ratunkowe.<\/li>\n<\/ul>\n<p><strong>Wy\u0142\u0105czenia?<\/strong><\/p>\n<ul>\n<li>Napiwki.<\/li>\n<li>Drinki w restauracji The Paradise Restaurant Island.<\/li>\n<li>Fotografia i zdj\u0119cia z podr\u00f3\u017cy.<\/li>\n<li>Oferujemy wypo\u017cyczanie kostium\u00f3w k\u0105pielowych i stroj\u00f3w k\u0105pielowych dla kobiet, m\u0119\u017cczyzn, dzieci we wszystkich rozmiarach &#8222;5 $ za sztuk\u0119&#8221;.<\/li>\n<li>Wszelkie niewymienione dodatki.<\/li>\n<\/ul>\n<p><strong>Ceny:<\/strong><\/p>\n<ul>\n<li><strong>Czarter ma\u0142ego jachtu od 3 do 6 os\u00f3b = od 420 USD<\/strong><\/li>\n<li><strong>Wynajem luksusowej du\u017cej \u0142odzi od 8 do 35 os\u00f3b = od 770 USD<\/strong><\/li>\n<\/ul>\n<p><strong>  Recenzje:<\/strong><\/p>\n<p>sprawd\u017a nasze opinie na mapie Google jako najlepszy <a href=\"https:\/\/g.page\/r\/CUeYvkngP3wkEBM\/review\">organizator<\/a> wycieczek online w <a href=\"https:\/\/hurghadalovers.com\/\">Hurghadzie<\/a> w Egipcie.<\/p>\n<p><strong>Rezerwacja:<\/strong><\/p>\n<p>Wy\u015blij hotel + numer pokoju + paszporty ze zdj\u0119ciem na WhatsApp: <strong>+201112596434<\/strong><\/p>\n<p>Je\u015bli jeste\u015b w Egipcie Rezerwuj teraz online i potwierd\u017a po przyje\u017adzie Hotel.<\/p>\n<p>&nbsp;<\/p>\n<p>&nbsp;<\/p>\n","protected":false},"excerpt":{"rendered":"<p>Sahl Hasheesh Boat Charters to Paradise Island | Prywatne luksusowe jachty z nurkowaniem z rurk\u0105, sportami wodnymi, lunchem i transferem.<\/p>\n<p style=\"text-align: center;\"><span style=\"color: #008080;\">Sahl Hasheesh &#8211; Najpi\u0119kniejsze <strong>atrakcje dla rodziny<\/strong>, dla <strong>dzieci<\/strong>, dla senior\u00f3w, dla <strong>nowo\u017ce\u0144c\u00f3w<\/strong> i dla <strong>par<\/strong>.<\/span><\/p>\n<p>&nbsp;<\/p>\n","protected":false},"featured_media":391127,"template":"","meta":{"_joinchat":[]},"product_brand":[],"product_cat":[36264],"product_tag":[49506],"class_list":{"0":"post-391333","1":"product","2":"type-product","3":"status-publish","4":"has-post-thumbnail","6":"product_cat-tours-pl","7":"product_tag-sahl-hasheesh-private-boat-trip","8":"tour_category-snorkeling-wycieczka-w-sahl-hasheesh","9":"tour_category-sahl-hasheesh-wycieczki","11":"first","12":"instock","13":"sale","14":"shipping-taxable","15":"purchasable","16":"product-type-tour"},"yoast_head":"<!-- This site is optimized with the Yoast SEO Premium plugin v26.9 (Yoast SEO v27.2) - https:\/\/yoast.com\/product\/yoast-seo-premium-wordpress\/ -->\n<title>Czarter \u0142odzi z Sahl Hasheesh na Rajsk\u0105 Wysp\u0119<\/title>\n<meta name=\"description\" content=\"Sahl Hasheesh Boat Charters to Paradise Island | Prywatne luksusowe jachty z nurkowaniem z rurk\u0105, sportami wodnymi, lunchem i transferem. Dzia\u0142ania przyjazne rodzinie\" \/>\n<meta name=\"robots\" content=\"index, follow, max-snippet:-1, max-image-preview:large, max-video-preview:-1\" \/>\n<link rel=\"canonical\" href=\"https:\/\/hurghadalovers.com\/pl\/tours\/sahl-hasheesh-boat-charter-to-paradise-island\/\" \/>\n<meta property=\"og:locale\" content=\"pl_PL\" \/>\n<meta property=\"og:type\" content=\"article\" \/>\n<meta property=\"og:title\" content=\"Czarter \u0142odzi z Sahl Hasheesh na Rajsk\u0105 Wysp\u0119\" \/>\n<meta property=\"og:description\" content=\"Sahl Hasheesh Boat Charters to Paradise Island | Prywatne luksusowe jachty z nurkowaniem z rurk\u0105, sportami wodnymi, lunchem i transferem. Dzia\u0142ania przyjazne rodzinie\" \/>\n<meta property=\"og:url\" content=\"https:\/\/hurghadalovers.com\/pl\/tours\/sahl-hasheesh-boat-charter-to-paradise-island\/\" \/>\n<meta property=\"og:site_name\" content=\"Hurghada Excursions &amp; Day Trips | Booking Best Prices Tours\" \/>\n<meta property=\"article:publisher\" content=\"https:\/\/www.facebook.com\/Hurghadaloversegypt\" \/>\n<meta property=\"article:modified_time\" content=\"2026-01-13T15:45:49+00:00\" \/>\n<meta property=\"og:image\" content=\"https:\/\/hurghadalovers.com\/wp-content\/uploads\/2023\/08\/Sahl-Hasheesh-Boat-Charters-to-Paradise-Island.jpeg\" \/>\n\t<meta property=\"og:image:width\" content=\"1156\" \/>\n\t<meta property=\"og:image:height\" content=\"867\" \/>\n\t<meta property=\"og:image:type\" content=\"image\/jpeg\" \/>\n<meta name=\"twitter:card\" content=\"summary_large_image\" \/>\n<meta name=\"twitter:label1\" content=\"Cena\" \/>\n\t<meta name=\"twitter:data1\" content=\"&euro;&nbsp;420\" \/>\n\t<meta name=\"twitter:label2\" content=\"Dost\u0119pno\u015b\u0107\" \/>\n\t<meta name=\"twitter:data2\" content=\"Dost\u0119pny\" \/>\n<script type=\"application\/ld+json\" class=\"yoast-schema-graph\">{\"@context\":\"https:\/\/schema.org\",\"@graph\":[{\"@type\":[\"WebPage\",\"ItemPage\"],\"@id\":\"https:\/\/hurghadalovers.com\/pl\/tours\/sahl-hasheesh-boat-charter-to-paradise-island\/\",\"url\":\"https:\/\/hurghadalovers.com\/pl\/tours\/sahl-hasheesh-boat-charter-to-paradise-island\/\",\"name\":\"Czarter \u0142odzi z Sahl Hasheesh na Rajsk\u0105 Wysp\u0119\",\"isPartOf\":{\"@id\":\"https:\/\/hurghadalovers.com\/pl\/#website\"},\"primaryImageOfPage\":{\"@id\":\"https:\/\/hurghadalovers.com\/pl\/tours\/sahl-hasheesh-boat-charter-to-paradise-island\/#primaryimage\"},\"image\":{\"@id\":\"https:\/\/hurghadalovers.com\/pl\/tours\/sahl-hasheesh-boat-charter-to-paradise-island\/#primaryimage\"},\"thumbnailUrl\":\"https:\/\/hurghadalovers.com\/wp-content\/uploads\/2023\/08\/Sahl-Hasheesh-Boat-Charters-to-Paradise-Island.jpeg\",\"datePublished\":\"2023-08-31T18:13:03+00:00\",\"dateModified\":\"2026-01-13T15:45:49+00:00\",\"description\":\"Sahl Hasheesh Boat Charters to Paradise Island | Prywatne luksusowe jachty z nurkowaniem z rurk\u0105, sportami wodnymi, lunchem i transferem. Dzia\u0142ania przyjazne rodzinie\",\"breadcrumb\":{\"@id\":\"https:\/\/hurghadalovers.com\/pl\/tours\/sahl-hasheesh-boat-charter-to-paradise-island\/#breadcrumb\"},\"inLanguage\":\"pl-PL\",\"potentialAction\":[{\"@type\":\"ReadAction\",\"target\":[\"https:\/\/hurghadalovers.com\/pl\/tours\/sahl-hasheesh-boat-charter-to-paradise-island\/\"]}]},{\"@type\":\"ImageObject\",\"inLanguage\":\"pl-PL\",\"@id\":\"https:\/\/hurghadalovers.com\/pl\/tours\/sahl-hasheesh-boat-charter-to-paradise-island\/#primaryimage\",\"url\":\"https:\/\/hurghadalovers.com\/wp-content\/uploads\/2023\/08\/Sahl-Hasheesh-Boat-Charters-to-Paradise-Island.jpeg\",\"contentUrl\":\"https:\/\/hurghadalovers.com\/wp-content\/uploads\/2023\/08\/Sahl-Hasheesh-Boat-Charters-to-Paradise-Island.jpeg\",\"width\":1156,\"height\":867,\"caption\":\"Czarter \u0142odzi z Sahl Hasheesh na Rajsk\u0105 Wysp\u0119\"},{\"@type\":\"BreadcrumbList\",\"@id\":\"https:\/\/hurghadalovers.com\/pl\/tours\/sahl-hasheesh-boat-charter-to-paradise-island\/#breadcrumb\",\"itemListElement\":[{\"@type\":\"ListItem\",\"position\":1,\"name\":\"Home\",\"item\":\"https:\/\/hurghadalovers.com\/pl\/\"},{\"@type\":\"ListItem\",\"position\":2,\"name\":\"Shop\",\"item\":\"https:\/\/hurghadalovers.com\/shop\/\"},{\"@type\":\"ListItem\",\"position\":3,\"name\":\"Czarter \u0142odzi z Sahl Hasheesh na Rajsk\u0105 Wysp\u0119\"}]},{\"@type\":\"WebSite\",\"@id\":\"https:\/\/hurghadalovers.com\/pl\/#website\",\"url\":\"https:\/\/hurghadalovers.com\/pl\/\",\"name\":\"Hurghada Excursions & Day Trips | Booking Best Prices Tours\",\"description\":\"Hurghada Lovers - Best Tour Operator - Excursions &amp; Things to do for Family Day Trips with kids and Couples Romantic. Unique .Hidden gems\",\"publisher\":{\"@id\":\"https:\/\/hurghadalovers.com\/pl\/#organization\"},\"alternateName\":\"Hurghada Excursions\",\"potentialAction\":[{\"@type\":\"SearchAction\",\"target\":{\"@type\":\"EntryPoint\",\"urlTemplate\":\"https:\/\/hurghadalovers.com\/pl\/?s={search_term_string}\"},\"query-input\":{\"@type\":\"PropertyValueSpecification\",\"valueRequired\":true,\"valueName\":\"search_term_string\"}}],\"inLanguage\":\"pl-PL\"},{\"@type\":[\"Organization\",\"Place\",\"TravelAgency\"],\"@id\":\"https:\/\/hurghadalovers.com\/pl\/#organization\",\"name\":\"Hurghada Excursions\",\"url\":\"https:\/\/hurghadalovers.com\/pl\/\",\"logo\":{\"@id\":\"https:\/\/hurghadalovers.com\/pl\/tours\/sahl-hasheesh-boat-charter-to-paradise-island\/#local-main-organization-logo\"},\"image\":{\"@id\":\"https:\/\/hurghadalovers.com\/pl\/tours\/sahl-hasheesh-boat-charter-to-paradise-island\/#local-main-organization-logo\"},\"sameAs\":[\"https:\/\/www.facebook.com\/Hurghadaloversegypt\"],\"address\":{\"@id\":\"https:\/\/hurghadalovers.com\/pl\/tours\/sahl-hasheesh-boat-charter-to-paradise-island\/#local-main-place-address\"},\"telephone\":[\"00201112596434\"],\"contactPoint\":{\"@type\":\"ContactPoint\",\"telephone\":\"00201112596434\",\"email\":\"weyouface@gmail.com\"},\"openingHoursSpecification\":{\"@type\":\"OpeningHoursSpecification\",\"dayOfWeek\":[\"Monday\",\"Tuesday\",\"Wednesday\",\"Thursday\",\"Friday\",\"Saturday\",\"Sunday\"],\"opens\":\"00:00\",\"closes\":\"23:59\"},\"email\":\"weyouface@gmail.com\",\"areaServed\":\"Luxor, Hurghada, El Gouna, Aswan, Sharm El Sheikh, Giza, Alexandria, Marsa Alam, Quseir, Soma Bay, Sahl Hasheesh, Red Sea, Makadi Bay, Cairo\",\"priceRange\":\"$\",\"currenciesAccepted\":\"euro\",\"paymentAccepted\":\"cash on site\"},{\"@type\":\"PostalAddress\",\"@id\":\"https:\/\/hurghadalovers.com\/pl\/tours\/sahl-hasheesh-boat-charter-to-paradise-island\/#local-main-place-address\",\"streetAddress\":\"17 Banks street, Alkawther area, top nbk bank\",\"addressLocality\":\"hurghada\",\"postalCode\":\"84511\",\"addressRegion\":\"red sea\",\"addressCountry\":\"EG\"},{\"@type\":\"ImageObject\",\"inLanguage\":\"pl-PL\",\"@id\":\"https:\/\/hurghadalovers.com\/pl\/tours\/sahl-hasheesh-boat-charter-to-paradise-island\/#local-main-organization-logo\",\"url\":\"https:\/\/hurghadalovers.com\/wp-content\/uploads\/2019\/10\/hurghada-excursions-logo.png\",\"contentUrl\":\"https:\/\/hurghadalovers.com\/wp-content\/uploads\/2019\/10\/hurghada-excursions-logo.png\",\"width\":272,\"height\":90,\"caption\":\"Hurghada Excursions\"}]}<\/script>\n<meta property=\"product:brand\" content=\"Nurkowanie Z Rurk\u0105 z Sahl Hasheesh\" \/>\n<meta property=\"product:price:amount\" content=\"420\" \/>\n<meta property=\"product:price:currency\" content=\"EUR\" \/>\n<meta property=\"og:availability\" content=\"instock\" \/>\n<meta property=\"product:availability\" content=\"instock\" \/>\n<meta property=\"product:retailer_item_id\" content=\"Sahl312024\" \/>\n<meta property=\"product:condition\" content=\"new\" \/>\n<meta name=\"geo.placename\" content=\"hurghada\" \/>\n<meta name=\"geo.region\" content=\"Egipt\" \/>\n<!-- \/ Yoast SEO Premium plugin. -->","yoast_head_json":{"title":"Czarter \u0142odzi z Sahl Hasheesh na Rajsk\u0105 Wysp\u0119","description":"Sahl Hasheesh Boat Charters to Paradise Island | Prywatne luksusowe jachty z nurkowaniem z rurk\u0105, sportami wodnymi, lunchem i transferem. Dzia\u0142ania przyjazne rodzinie","robots":{"index":"index","follow":"follow","max-snippet":"max-snippet:-1","max-image-preview":"max-image-preview:large","max-video-preview":"max-video-preview:-1"},"canonical":"https:\/\/hurghadalovers.com\/pl\/tours\/sahl-hasheesh-boat-charter-to-paradise-island\/","og_locale":"pl_PL","og_type":"article","og_title":"Czarter \u0142odzi z Sahl Hasheesh na Rajsk\u0105 Wysp\u0119","og_description":"Sahl Hasheesh Boat Charters to Paradise Island | Prywatne luksusowe jachty z nurkowaniem z rurk\u0105, sportami wodnymi, lunchem i transferem. Dzia\u0142ania przyjazne rodzinie","og_url":"https:\/\/hurghadalovers.com\/pl\/tours\/sahl-hasheesh-boat-charter-to-paradise-island\/","og_site_name":"Hurghada Excursions &amp; Day Trips | Booking Best Prices Tours","article_publisher":"https:\/\/www.facebook.com\/Hurghadaloversegypt","article_modified_time":"2026-01-13T15:45:49+00:00","og_image":[{"width":1156,"height":867,"url":"https:\/\/hurghadalovers.com\/wp-content\/uploads\/2023\/08\/Sahl-Hasheesh-Boat-Charters-to-Paradise-Island.jpeg","type":"image\/jpeg"}],"twitter_card":"summary_large_image","twitter_misc":{"Cena":"&euro;&nbsp;420","Dost\u0119pno\u015b\u0107":"Dost\u0119pny"},"schema":{"@context":"https:\/\/schema.org","@graph":[{"@type":["WebPage","ItemPage"],"@id":"https:\/\/hurghadalovers.com\/pl\/tours\/sahl-hasheesh-boat-charter-to-paradise-island\/","url":"https:\/\/hurghadalovers.com\/pl\/tours\/sahl-hasheesh-boat-charter-to-paradise-island\/","name":"Czarter \u0142odzi z Sahl Hasheesh na Rajsk\u0105 Wysp\u0119","isPartOf":{"@id":"https:\/\/hurghadalovers.com\/pl\/#website"},"primaryImageOfPage":{"@id":"https:\/\/hurghadalovers.com\/pl\/tours\/sahl-hasheesh-boat-charter-to-paradise-island\/#primaryimage"},"image":{"@id":"https:\/\/hurghadalovers.com\/pl\/tours\/sahl-hasheesh-boat-charter-to-paradise-island\/#primaryimage"},"thumbnailUrl":"https:\/\/hurghadalovers.com\/wp-content\/uploads\/2023\/08\/Sahl-Hasheesh-Boat-Charters-to-Paradise-Island.jpeg","datePublished":"2023-08-31T18:13:03+00:00","dateModified":"2026-01-13T15:45:49+00:00","description":"Sahl Hasheesh Boat Charters to Paradise Island | Prywatne luksusowe jachty z nurkowaniem z rurk\u0105, sportami wodnymi, lunchem i transferem. Dzia\u0142ania przyjazne rodzinie","breadcrumb":{"@id":"https:\/\/hurghadalovers.com\/pl\/tours\/sahl-hasheesh-boat-charter-to-paradise-island\/#breadcrumb"},"inLanguage":"pl-PL","potentialAction":[{"@type":"ReadAction","target":["https:\/\/hurghadalovers.com\/pl\/tours\/sahl-hasheesh-boat-charter-to-paradise-island\/"]}]},{"@type":"ImageObject","inLanguage":"pl-PL","@id":"https:\/\/hurghadalovers.com\/pl\/tours\/sahl-hasheesh-boat-charter-to-paradise-island\/#primaryimage","url":"https:\/\/hurghadalovers.com\/wp-content\/uploads\/2023\/08\/Sahl-Hasheesh-Boat-Charters-to-Paradise-Island.jpeg","contentUrl":"https:\/\/hurghadalovers.com\/wp-content\/uploads\/2023\/08\/Sahl-Hasheesh-Boat-Charters-to-Paradise-Island.jpeg","width":1156,"height":867,"caption":"Czarter \u0142odzi z Sahl Hasheesh na Rajsk\u0105 Wysp\u0119"},{"@type":"BreadcrumbList","@id":"https:\/\/hurghadalovers.com\/pl\/tours\/sahl-hasheesh-boat-charter-to-paradise-island\/#breadcrumb","itemListElement":[{"@type":"ListItem","position":1,"name":"Home","item":"https:\/\/hurghadalovers.com\/pl\/"},{"@type":"ListItem","position":2,"name":"Shop","item":"https:\/\/hurghadalovers.com\/shop\/"},{"@type":"ListItem","position":3,"name":"Czarter \u0142odzi z Sahl Hasheesh na Rajsk\u0105 Wysp\u0119"}]},{"@type":"WebSite","@id":"https:\/\/hurghadalovers.com\/pl\/#website","url":"https:\/\/hurghadalovers.com\/pl\/","name":"Hurghada Excursions & Day Trips | Booking Best Prices Tours","description":"Hurghada Lovers - Best Tour Operator - Excursions &amp; Things to do for Family Day Trips with kids and Couples Romantic. Unique .Hidden gems","publisher":{"@id":"https:\/\/hurghadalovers.com\/pl\/#organization"},"alternateName":"Hurghada Excursions","potentialAction":[{"@type":"SearchAction","target":{"@type":"EntryPoint","urlTemplate":"https:\/\/hurghadalovers.com\/pl\/?s={search_term_string}"},"query-input":{"@type":"PropertyValueSpecification","valueRequired":true,"valueName":"search_term_string"}}],"inLanguage":"pl-PL"},{"@type":["Organization","Place","TravelAgency"],"@id":"https:\/\/hurghadalovers.com\/pl\/#organization","name":"Hurghada Excursions","url":"https:\/\/hurghadalovers.com\/pl\/","logo":{"@id":"https:\/\/hurghadalovers.com\/pl\/tours\/sahl-hasheesh-boat-charter-to-paradise-island\/#local-main-organization-logo"},"image":{"@id":"https:\/\/hurghadalovers.com\/pl\/tours\/sahl-hasheesh-boat-charter-to-paradise-island\/#local-main-organization-logo"},"sameAs":["https:\/\/www.facebook.com\/Hurghadaloversegypt"],"address":{"@id":"https:\/\/hurghadalovers.com\/pl\/tours\/sahl-hasheesh-boat-charter-to-paradise-island\/#local-main-place-address"},"telephone":["00201112596434"],"contactPoint":{"@type":"ContactPoint","telephone":"00201112596434","email":"weyouface@gmail.com"},"openingHoursSpecification":{"@type":"OpeningHoursSpecification","dayOfWeek":["Monday","Tuesday","Wednesday","Thursday","Friday","Saturday","Sunday"],"opens":"00:00","closes":"23:59"},"email":"weyouface@gmail.com","areaServed":"Luxor, Hurghada, El Gouna, Aswan, Sharm El Sheikh, Giza, Alexandria, Marsa Alam, Quseir, Soma Bay, Sahl Hasheesh, Red Sea, Makadi Bay, Cairo","priceRange":"$","currenciesAccepted":"euro","paymentAccepted":"cash on site"},{"@type":"PostalAddress","@id":"https:\/\/hurghadalovers.com\/pl\/tours\/sahl-hasheesh-boat-charter-to-paradise-island\/#local-main-place-address","streetAddress":"17 Banks street, Alkawther area, top nbk bank","addressLocality":"hurghada","postalCode":"84511","addressRegion":"red sea","addressCountry":"EG"},{"@type":"ImageObject","inLanguage":"pl-PL","@id":"https:\/\/hurghadalovers.com\/pl\/tours\/sahl-hasheesh-boat-charter-to-paradise-island\/#local-main-organization-logo","url":"https:\/\/hurghadalovers.com\/wp-content\/uploads\/2019\/10\/hurghada-excursions-logo.png","contentUrl":"https:\/\/hurghadalovers.com\/wp-content\/uploads\/2019\/10\/hurghada-excursions-logo.png","width":272,"height":90,"caption":"Hurghada Excursions"}]},"product_brand":"Nurkowanie Z Rurk\u0105 z Sahl Hasheesh","product_price_amount":"420","product_price_currency":"EUR","og_availability":"instock","product_availability":"instock","product_retailer_item_id":"Sahl312024","product_condition":"new","geo.placename":"hurghada","geo.region":"Egipt"},"_links":{"self":[{"href":"https:\/\/hurghadalovers.com\/pl\/wp-json\/wp\/v2\/product\/391333","targetHints":{"allow":["GET"]}}],"collection":[{"href":"https:\/\/hurghadalovers.com\/pl\/wp-json\/wp\/v2\/product"}],"about":[{"href":"https:\/\/hurghadalovers.com\/pl\/wp-json\/wp\/v2\/types\/product"}],"wp:featuredmedia":[{"embeddable":true,"href":"https:\/\/hurghadalovers.com\/pl\/wp-json\/wp\/v2\/media\/391127"}],"wp:attachment":[{"href":"https:\/\/hurghadalovers.com\/pl\/wp-json\/wp\/v2\/media?parent=391333"}],"wp:term":[{"taxonomy":"product_brand","embeddable":true,"href":"https:\/\/hurghadalovers.com\/pl\/wp-json\/wp\/v2\/product_brand?post=391333"},{"taxonomy":"product_cat","embeddable":true,"href":"https:\/\/hurghadalovers.com\/pl\/wp-json\/wp\/v2\/product_cat?post=391333"},{"taxonomy":"product_tag","embeddable":true,"href":"https:\/\/hurghadalovers.com\/pl\/wp-json\/wp\/v2\/product_tag?post=391333"}],"curies":[{"name":"wp","href":"https:\/\/api.w.org\/{rel}","templated":true}]}}