{"id":390466,"date":"2023-08-31T12:32:25","date_gmt":"2023-08-31T12:37:29","guid":{"rendered":"https:\/\/hurghadalovers.com\/shop\/bez-kategorii\/prywatne-transfery-taksowka-z-sahl-hasheesh\/"},"modified":"2026-02-08T18:24:41","modified_gmt":"2026-02-08T18:24:41","slug":"prywatne-transfery-taksowkowe-sahl-hasheesh","status":"publish","type":"product","link":"https:\/\/hurghadalovers.com\/pl\/tours\/prywatne-transfery-taksowkowe-sahl-hasheesh\/","title":{"rendered":"Prywatne transfery taks\u00f3wk\u0105 z Sahl Hasheesh"},"content":{"rendered":"<p><strong>Prywatne <\/strong> <strong>transfery taks\u00f3wk\u0105<\/strong><strong>Sahl Hasheesh<\/strong> do Luksoru, Kairu | Rezerwacja tanich cen Us\u0142ugi turystyczne Transfer luksusowym minivanem i samochodem VIP na lotnisko Marsa alam, EL Gouna, Soma bay, Hurghada (HRG) | Got\u00f3wka na miejscu.<\/p>\n<p><strong>Szczeg\u00f3\u0142y:<\/strong><\/p>\n<ul>\n<li>Rodzaj wycieczki: Luksusowa prywatna samochodem lub minivanem.<\/li>\n<li>Rezerwacja Taxi Samoch\u00f3d, Minivan, Dost\u0119pno\u015b\u0107: Codziennie.<\/li>\n<li>Dost\u0119p dla w\u00f3zk\u00f3w inwalidzkich.<\/li>\n<li>Czas odbioru z lotniska Sahl Hasheesh do Luksoru: 05:00.<\/li>\n<li>Czas odbioru z lotniska Sahl Hasheesh do Kairu: 12:30.<\/li>\n<li>Czas odbioru z hotelu w Sahl Hasheesh do lotniska w Hurghadzie (HRG), przystani w Hurghadzie: wed\u0142ug w\u0142asnego uznania.<\/li>\n<\/ul>\n<p><strong>Zarezerwuj teraz i zap\u0142a\u0107 p\u00f3\u017aniej:<\/strong><\/p>\n<ul>\n<li>Got\u00f3wka na miejscu dla przewodnika.<\/li>\n<li>P\u0142atno\u015b\u0107 w funtach egipskich, $, \u20ac lub \u00a3.<\/li>\n<\/ul>\n<p><strong>Zasady anulowania rezerwacji:<\/strong><\/p>\n<ul>\n<li>mo\u017cna anulowa\u0107 z maksymalnie 24-godzinnym wyprzedzeniem.<\/li>\n<li>Je\u015bli kto\u015b z rodziny anuluje poranek, zap\u0142aci 50% koszt\u00f3w.<\/li>\n<\/ul>\n<p><strong>Co wchodzi w sk\u0142ad zestawu?<\/strong><\/p>\n<ul>\n<li>Transfer z hoteli w Sahl Hasheesh &#8222;Odbi\u00f3r i dow\u00f3z z hotelu&#8221;.<\/li>\n<li>Wszystkie podatki, op\u0142aty za wst\u0119p i op\u0142aty manipulacyjne.<\/li>\n<li>Transfery.<\/li>\n<li>Napoje.<\/li>\n<\/ul>\n<p><strong>Wy\u0142\u0105czenia?<\/strong><\/p>\n<ul>\n<li>Napiwki.<\/li>\n<\/ul>\n<p><strong>Prywatny transfer <\/strong><strong>Sahl Hasheesh<\/strong> <strong>do Luksoru:<\/strong><\/p>\n<p>Cena taks\u00f3wki\/samochodu z 3 miejscami = 170 USD Cena za samoch\u00f3d prywatny.<\/p>\n<p>Cena minivana &#8222;8 miejsc&#8221; = 200 USD Cena za prywatny minivan\/minibus.<\/p>\n<p>Odleg\u0142o\u015b\u0107 mi\u0119dzy Sahl Hasheesh a Luksorem = 300 km<\/p>\n<p>Czas mi\u0119dzy Sahl Hasheesh a Luksorem = 4 godz.<\/p>\n<p>Tam 2 przystanki &#8222;20 minut przerwy, 20 punkt\u00f3w kontroli turystycznej w Safadze&#8221;.<\/p>\n<p><strong> <\/strong><\/p>\n<p><strong>Prywatny transfer <\/strong><strong>Sahl Hasheesh<\/strong> <strong>do Kair, Piramidy w Gizie:<\/strong><\/p>\n<p>Cena taks\u00f3wki\/samochodu z 3 miejscami = 180 USD Cena za samoch\u00f3d prywatny.<\/p>\n<p>Cena minivana &#8222;8 miejsc&#8221; = 220 USD Cena za prywatny minivan\/minibus.<\/p>\n<p>Odleg\u0142o\u015b\u0107 mi\u0119dzy Sahl Hasheesh a Kairem = 380 km<\/p>\n<p>Czas mi\u0119dzy Sahl Hasheesh a Kairem = 7,30 godz.<\/p>\n<p>Tam 3 przystanki &#8222;20 min przerwy w Saffron Ras Ghareb, 15-30 min turystyczny punkt kontrolny&#8221;.<\/p>\n<p><strong>Prywatny transfer <\/strong><strong>Sahl Hasheesh<\/strong> <strong>do lub z lotniska Hurghada (HRG):<\/strong><\/p>\n<p>Cena taks\u00f3wki\/samochodu &#8222;3-6 miejsc&#8221; = 30 USD Cena za samoch\u00f3d prywatny.<\/p>\n<p>Cena minivana &#8222;12 miejsc&#8221; = 40 USD Cena za prywatny minivan\/minibus.<\/p>\n<p><strong> <\/strong><\/p>\n<p><strong>Prywatny transfer <\/strong><strong>Sahl Hasheesh<\/strong> <strong>do Hurghada Marina:<\/strong><\/p>\n<p>Cena taks\u00f3wki\/samochodu &#8222;3 &#8211; 6 miejsc&#8221; 4 godz. = 45 USD Cena za samoch\u00f3d prywatny.<\/p>\n<p>Cena Minivan &#8222;12 miejsc&#8221; 4h = 75$ Cena za prywatny minivan\/minibus.<\/p>\n<p><strong> <\/strong><\/p>\n<p><strong>Prywatny transfer <\/strong><strong>Sahl Hasheesh<\/strong> <strong>do hoteli w El Gouna:<\/strong><\/p>\n<p>Cena taks\u00f3wki\/samochodu &#8222;3-6 miejsc&#8221; = 55 USD Cena za samoch\u00f3d prywatny.<\/p>\n<p>Cena minivana &#8222;12 miejsc&#8221; = 70 USD Cena za prywatny minivan\/minibus.<\/p>\n<p>Odleg\u0142o\u015b\u0107 mi\u0119dzy Sahl Hasheesh a El Gouna = 70 km<\/p>\n<p>Czas mi\u0119dzy Sahl Hasheesh a El Gouna = 70 min.<\/p>\n<p><strong>Prywatny transfer na lotnisko w Kairze<\/strong><\/p>\n<p>Je\u015bli chcesz uda\u0107 si\u0119 na lotnisko w Kairze i potrzebujesz transferu do miast turystycznych w Egipcie, mo\u017cesz nam zaufa\u0107, aby zapewni\u0107 Ci luksusowe prywatne samochody Bus Limousine Service.<\/p>\n<p><strong>Taks\u00f3wka z <\/strong><strong>Sahl Hasheesh<\/strong> <strong>do Marsa Alam<\/strong><\/p>\n<p>Je\u015bli przyby\u0142e\u015b na lotnisko w Hurghadzie lub ze swojej lokalizacji potrzebujesz najlepszych samochod\u00f3w lub autobusu do lub z Marsa Alam, aby odwiedzi\u0107 Kair lub Luksor, zadzwo\u0144 do nas ju\u017c teraz<\/p>\n<p>1-3 osoby (samoch\u00f3d osobowy) = 90 USD<\/p>\n<p>4-8 os\u00f3b (minibus) = 120 USD<\/p>\n<p><strong>Recenzje:<\/strong><\/p>\n<p>sprawd\u017a nasze opinie na mapie Google jako najlepszy <a href=\"https:\/\/g.page\/r\/CUeYvkngP3wkEBM\/review\">organizator<\/a> wycieczek online w <a href=\"https:\/\/hurghadalovers.com\/\">Hurghadzie<\/a> w Egipcie.<\/p>\n<p><strong>Rezerwacja:<\/strong><\/p>\n<p>Wy\u015blij hotel + numer pokoju + paszporty ze zdj\u0119ciem na WhatsApp: <strong>+201112596434<\/strong><\/p>\n<p>Je\u015bli jeste\u015b w Egipcie Rezerwuj teraz online i potwierd\u017a po przyje\u017adzie Hotel.<\/p>\n<p>&nbsp;<\/p>\n<p>&nbsp;<\/p>\n","protected":false},"excerpt":{"rendered":"<p><strong>Prywatne <\/strong> <strong>transfery taks\u00f3wk\u0105<\/strong><strong>Sahl Hasheesh<\/strong> do Luksoru, Kairu | Rezerwacja tanich cen Us\u0142ugi turystyczne Transfer luksusowym minivanem i samochodem VIP na lotnisko Marsa alam, EL Gouna, Soma bay, Hurghada (HRG) | Got\u00f3wka na miejscu.<\/p>\n","protected":false},"featured_media":390322,"template":"","meta":{"_joinchat":[]},"product_brand":[],"product_cat":[36264],"product_tag":[53695,53680,53626,53645,53630,51236,53698,53715,53677,53711,53707,53683,53701,53624,53641,53704],"class_list":{"0":"post-390466","1":"product","2":"type-product","3":"status-publish","4":"has-post-thumbnail","6":"product_cat-tours-pl","7":"product_tag-aktywnosci-dla-maluchow-od-sahl-hasheesh","8":"product_tag-aktywnosci-w-sahl-hasheesh-dla-par","9":"product_tag-jednodniowa-wycieczka-do-kairu-z-sahl-hasheesh","10":"product_tag-jednodniowa-wycieczka-z-sahl-hasheesh-do-piramid","11":"product_tag-piramidy-z-sahl-hasheesh","12":"product_tag-prywatne-wycieczki-po-kairze","13":"product_tag-rodzinne-atrakcje-w-sahl-hasheesh","14":"product_tag-romantyczne-rzeczy-do-zrobienia-w-miejscu-takim-jak-sahl-hasheesh-pl","15":"product_tag-romantyczne-rzeczy-do-zrobienia-w-sahl-hasheesh","16":"product_tag-romantyczne-wycieczki-do-sahl-hasheesh","17":"product_tag-rzeczy-do-zobaczenia-w-miejscu-takim-jak-sahl-hasheesh","18":"product_tag-rzeczy-do-zrobienia-w-sahl-hasheesh-dla-par","19":"product_tag-sahl-hasheesh-co-robic","20":"product_tag-sahl-hasheesh-do-piramid-pl","21":"product_tag-wycieczka-z-sahl-hasheesh-do-kairu","22":"product_tag-wycieczki-jednodniowe-do-sahl-hasheesh-pl","23":"tour_category-sahl-hasheesh-wycieczki","24":"tour_category-luksor-wycieczki-z-sahl-hasheesh","25":"tour_category-kair-wycieczki-z-sahl-hasheesh","27":"first","28":"instock","29":"sale","30":"shipping-taxable","31":"purchasable","32":"product-type-tour"},"yoast_head":"<!-- This site is optimized with the Yoast SEO Premium plugin v26.9 (Yoast SEO v27.2) - https:\/\/yoast.com\/product\/yoast-seo-premium-wordpress\/ -->\n<title>Prywatne transfery taks\u00f3wk\u0105 z Sahl Hasheesh do Luksor, Kair<\/title>\n<meta name=\"description\" content=\"Prywatne Transfery Taks\u00f3wk\u0105 Sahl Hasheesh do Luksor, Kair | Rezerwacja Tanie Ceny Us\u0142ugi Turystyczne Transfer Luksusowym Minivanem i Samochodem Vip do Marsa alam, EL Gouna\" \/>\n<meta name=\"robots\" content=\"index, follow, max-snippet:-1, max-image-preview:large, max-video-preview:-1\" \/>\n<link rel=\"canonical\" href=\"https:\/\/hurghadalovers.com\/pl\/tours\/prywatne-transfery-taksowkowe-sahl-hasheesh\/\" \/>\n<meta property=\"og:locale\" content=\"pl_PL\" \/>\n<meta property=\"og:type\" content=\"article\" \/>\n<meta property=\"og:title\" content=\"Prywatne transfery taks\u00f3wk\u0105 z Sahl Hasheesh\" \/>\n<meta property=\"og:description\" content=\"Prywatne Transfery Taks\u00f3wk\u0105 Sahl Hasheesh do Luksor, Kair | Rezerwacja Tanie Ceny Us\u0142ugi Turystyczne Transfer Luksusowym Minivanem i Samochodem Vip do Marsa alam, EL Gouna\" \/>\n<meta property=\"og:url\" content=\"https:\/\/hurghadalovers.com\/pl\/tours\/prywatne-transfery-taksowkowe-sahl-hasheesh\/\" \/>\n<meta property=\"og:site_name\" content=\"Hurghada Excursions &amp; Day Trips | Booking Best Prices Tours\" \/>\n<meta property=\"article:publisher\" content=\"https:\/\/www.facebook.com\/Hurghadaloversegypt\" \/>\n<meta property=\"article:modified_time\" content=\"2026-02-08T18:24:41+00:00\" \/>\n<meta property=\"og:image\" content=\"https:\/\/hurghadalovers.com\/wp-content\/uploads\/2023\/08\/Private-Sahl-Hasheesh-Taxi-Transfers.jpeg\" \/>\n\t<meta property=\"og:image:width\" content=\"1536\" \/>\n\t<meta property=\"og:image:height\" content=\"1195\" \/>\n\t<meta property=\"og:image:type\" content=\"image\/jpeg\" \/>\n<meta name=\"twitter:card\" content=\"summary_large_image\" \/>\n<meta name=\"twitter:label1\" content=\"Cena\" \/>\n\t<meta name=\"twitter:data1\" content=\"&euro;&nbsp;30\" \/>\n\t<meta name=\"twitter:label2\" content=\"Dost\u0119pno\u015b\u0107\" \/>\n\t<meta name=\"twitter:data2\" content=\"Dost\u0119pny\" \/>\n<script type=\"application\/ld+json\" class=\"yoast-schema-graph\">{\"@context\":\"https:\/\/schema.org\",\"@graph\":[{\"@type\":[\"WebPage\",\"ItemPage\"],\"@id\":\"https:\/\/hurghadalovers.com\/pl\/tours\/prywatne-transfery-taksowkowe-sahl-hasheesh\/\",\"url\":\"https:\/\/hurghadalovers.com\/pl\/tours\/prywatne-transfery-taksowkowe-sahl-hasheesh\/\",\"name\":\"Prywatne transfery taks\u00f3wk\u0105 z Sahl Hasheesh do Luksor, Kair\",\"isPartOf\":{\"@id\":\"https:\/\/hurghadalovers.com\/pl\/#website\"},\"primaryImageOfPage\":{\"@id\":\"https:\/\/hurghadalovers.com\/pl\/tours\/prywatne-transfery-taksowkowe-sahl-hasheesh\/#primaryimage\"},\"image\":{\"@id\":\"https:\/\/hurghadalovers.com\/pl\/tours\/prywatne-transfery-taksowkowe-sahl-hasheesh\/#primaryimage\"},\"thumbnailUrl\":\"https:\/\/hurghadalovers.com\/wp-content\/uploads\/2023\/08\/Private-Sahl-Hasheesh-Taxi-Transfers.jpeg\",\"datePublished\":\"2023-08-31T12:37:29+00:00\",\"dateModified\":\"2026-02-08T18:24:41+00:00\",\"description\":\"Prywatne Transfery Taks\u00f3wk\u0105 Sahl Hasheesh do Luksor, Kair | Rezerwacja Tanie Ceny Us\u0142ugi Turystyczne Transfer Luksusowym Minivanem i Samochodem Vip do Marsa alam, EL Gouna\",\"breadcrumb\":{\"@id\":\"https:\/\/hurghadalovers.com\/pl\/tours\/prywatne-transfery-taksowkowe-sahl-hasheesh\/#breadcrumb\"},\"inLanguage\":\"pl-PL\",\"potentialAction\":[{\"@type\":\"ReadAction\",\"target\":[\"https:\/\/hurghadalovers.com\/pl\/tours\/prywatne-transfery-taksowkowe-sahl-hasheesh\/\"]}]},{\"@type\":\"ImageObject\",\"inLanguage\":\"pl-PL\",\"@id\":\"https:\/\/hurghadalovers.com\/pl\/tours\/prywatne-transfery-taksowkowe-sahl-hasheesh\/#primaryimage\",\"url\":\"https:\/\/hurghadalovers.com\/wp-content\/uploads\/2023\/08\/Private-Sahl-Hasheesh-Taxi-Transfers.jpeg\",\"contentUrl\":\"https:\/\/hurghadalovers.com\/wp-content\/uploads\/2023\/08\/Private-Sahl-Hasheesh-Taxi-Transfers.jpeg\",\"width\":1536,\"height\":1195,\"caption\":\"Private\u00a0Sahl Hasheesh Taxi Transfers\u00a0to Luxor, Cairo\"},{\"@type\":\"BreadcrumbList\",\"@id\":\"https:\/\/hurghadalovers.com\/pl\/tours\/prywatne-transfery-taksowkowe-sahl-hasheesh\/#breadcrumb\",\"itemListElement\":[{\"@type\":\"ListItem\",\"position\":1,\"name\":\"Home\",\"item\":\"https:\/\/hurghadalovers.com\/pl\/\"},{\"@type\":\"ListItem\",\"position\":2,\"name\":\"Shop\",\"item\":\"https:\/\/hurghadalovers.com\/shop\/\"},{\"@type\":\"ListItem\",\"position\":3,\"name\":\"Prywatne transfery taks\u00f3wk\u0105 z Sahl Hasheesh\"}]},{\"@type\":\"WebSite\",\"@id\":\"https:\/\/hurghadalovers.com\/pl\/#website\",\"url\":\"https:\/\/hurghadalovers.com\/pl\/\",\"name\":\"Hurghada Excursions & Day Trips | Booking Best Prices Tours\",\"description\":\"Hurghada Lovers - Best Tour Operator - Excursions &amp; Things to do for Family Day Trips with kids and Couples Romantic. Unique .Hidden gems\",\"publisher\":{\"@id\":\"https:\/\/hurghadalovers.com\/pl\/#organization\"},\"alternateName\":\"Hurghada Excursions\",\"potentialAction\":[{\"@type\":\"SearchAction\",\"target\":{\"@type\":\"EntryPoint\",\"urlTemplate\":\"https:\/\/hurghadalovers.com\/pl\/?s={search_term_string}\"},\"query-input\":{\"@type\":\"PropertyValueSpecification\",\"valueRequired\":true,\"valueName\":\"search_term_string\"}}],\"inLanguage\":\"pl-PL\"},{\"@type\":[\"Organization\",\"Place\",\"TravelAgency\"],\"@id\":\"https:\/\/hurghadalovers.com\/pl\/#organization\",\"name\":\"Hurghada Excursions\",\"url\":\"https:\/\/hurghadalovers.com\/pl\/\",\"logo\":{\"@id\":\"https:\/\/hurghadalovers.com\/pl\/tours\/prywatne-transfery-taksowkowe-sahl-hasheesh\/#local-main-organization-logo\"},\"image\":{\"@id\":\"https:\/\/hurghadalovers.com\/pl\/tours\/prywatne-transfery-taksowkowe-sahl-hasheesh\/#local-main-organization-logo\"},\"sameAs\":[\"https:\/\/www.facebook.com\/Hurghadaloversegypt\"],\"address\":{\"@id\":\"https:\/\/hurghadalovers.com\/pl\/tours\/prywatne-transfery-taksowkowe-sahl-hasheesh\/#local-main-place-address\"},\"telephone\":[\"00201112596434\"],\"contactPoint\":{\"@type\":\"ContactPoint\",\"telephone\":\"00201112596434\",\"email\":\"weyouface@gmail.com\"},\"openingHoursSpecification\":{\"@type\":\"OpeningHoursSpecification\",\"dayOfWeek\":[\"Monday\",\"Tuesday\",\"Wednesday\",\"Thursday\",\"Friday\",\"Saturday\",\"Sunday\"],\"opens\":\"00:00\",\"closes\":\"23:59\"},\"email\":\"weyouface@gmail.com\",\"areaServed\":\"Luxor, Hurghada, El Gouna, Aswan, Sharm El Sheikh, Giza, Alexandria, Marsa Alam, Quseir, Soma Bay, Sahl Hasheesh, Red Sea, Makadi Bay, Cairo\",\"priceRange\":\"$\",\"currenciesAccepted\":\"euro\",\"paymentAccepted\":\"cash on site\"},{\"@type\":\"PostalAddress\",\"@id\":\"https:\/\/hurghadalovers.com\/pl\/tours\/prywatne-transfery-taksowkowe-sahl-hasheesh\/#local-main-place-address\",\"streetAddress\":\"17 Banks street, Alkawther area, top nbk bank\",\"addressLocality\":\"hurghada\",\"postalCode\":\"84511\",\"addressRegion\":\"red sea\",\"addressCountry\":\"EG\"},{\"@type\":\"ImageObject\",\"inLanguage\":\"pl-PL\",\"@id\":\"https:\/\/hurghadalovers.com\/pl\/tours\/prywatne-transfery-taksowkowe-sahl-hasheesh\/#local-main-organization-logo\",\"url\":\"https:\/\/hurghadalovers.com\/wp-content\/uploads\/2019\/10\/hurghada-excursions-logo.png\",\"contentUrl\":\"https:\/\/hurghadalovers.com\/wp-content\/uploads\/2019\/10\/hurghada-excursions-logo.png\",\"width\":272,\"height\":90,\"caption\":\"Hurghada Excursions\"}]}<\/script>\n<meta property=\"product:brand\" content=\"Sahl Hasheesh Wycieczki\" \/>\n<meta property=\"product:price:amount\" content=\"30\" \/>\n<meta property=\"product:price:currency\" content=\"EUR\" \/>\n<meta property=\"og:availability\" content=\"instock\" \/>\n<meta property=\"product:availability\" content=\"instock\" \/>\n<meta property=\"product:retailer_item_id\" content=\"Sahl072024\" \/>\n<meta property=\"product:condition\" content=\"new\" \/>\n<meta name=\"geo.placename\" content=\"hurghada\" \/>\n<meta name=\"geo.region\" content=\"Egipt\" \/>\n<!-- \/ Yoast SEO Premium plugin. -->","yoast_head_json":{"title":"Prywatne transfery taks\u00f3wk\u0105 z Sahl Hasheesh do Luksor, Kair","description":"Prywatne Transfery Taks\u00f3wk\u0105 Sahl Hasheesh do Luksor, Kair | Rezerwacja Tanie Ceny Us\u0142ugi Turystyczne Transfer Luksusowym Minivanem i Samochodem Vip do Marsa alam, EL Gouna","robots":{"index":"index","follow":"follow","max-snippet":"max-snippet:-1","max-image-preview":"max-image-preview:large","max-video-preview":"max-video-preview:-1"},"canonical":"https:\/\/hurghadalovers.com\/pl\/tours\/prywatne-transfery-taksowkowe-sahl-hasheesh\/","og_locale":"pl_PL","og_type":"article","og_title":"Prywatne transfery taks\u00f3wk\u0105 z Sahl Hasheesh","og_description":"Prywatne Transfery Taks\u00f3wk\u0105 Sahl Hasheesh do Luksor, Kair | Rezerwacja Tanie Ceny Us\u0142ugi Turystyczne Transfer Luksusowym Minivanem i Samochodem Vip do Marsa alam, EL Gouna","og_url":"https:\/\/hurghadalovers.com\/pl\/tours\/prywatne-transfery-taksowkowe-sahl-hasheesh\/","og_site_name":"Hurghada Excursions &amp; Day Trips | Booking Best Prices Tours","article_publisher":"https:\/\/www.facebook.com\/Hurghadaloversegypt","article_modified_time":"2026-02-08T18:24:41+00:00","og_image":[{"width":1536,"height":1195,"url":"https:\/\/hurghadalovers.com\/wp-content\/uploads\/2023\/08\/Private-Sahl-Hasheesh-Taxi-Transfers.jpeg","type":"image\/jpeg"}],"twitter_card":"summary_large_image","twitter_misc":{"Cena":"&euro;&nbsp;30","Dost\u0119pno\u015b\u0107":"Dost\u0119pny"},"schema":{"@context":"https:\/\/schema.org","@graph":[{"@type":["WebPage","ItemPage"],"@id":"https:\/\/hurghadalovers.com\/pl\/tours\/prywatne-transfery-taksowkowe-sahl-hasheesh\/","url":"https:\/\/hurghadalovers.com\/pl\/tours\/prywatne-transfery-taksowkowe-sahl-hasheesh\/","name":"Prywatne transfery taks\u00f3wk\u0105 z Sahl Hasheesh do Luksor, Kair","isPartOf":{"@id":"https:\/\/hurghadalovers.com\/pl\/#website"},"primaryImageOfPage":{"@id":"https:\/\/hurghadalovers.com\/pl\/tours\/prywatne-transfery-taksowkowe-sahl-hasheesh\/#primaryimage"},"image":{"@id":"https:\/\/hurghadalovers.com\/pl\/tours\/prywatne-transfery-taksowkowe-sahl-hasheesh\/#primaryimage"},"thumbnailUrl":"https:\/\/hurghadalovers.com\/wp-content\/uploads\/2023\/08\/Private-Sahl-Hasheesh-Taxi-Transfers.jpeg","datePublished":"2023-08-31T12:37:29+00:00","dateModified":"2026-02-08T18:24:41+00:00","description":"Prywatne Transfery Taks\u00f3wk\u0105 Sahl Hasheesh do Luksor, Kair | Rezerwacja Tanie Ceny Us\u0142ugi Turystyczne Transfer Luksusowym Minivanem i Samochodem Vip do Marsa alam, EL Gouna","breadcrumb":{"@id":"https:\/\/hurghadalovers.com\/pl\/tours\/prywatne-transfery-taksowkowe-sahl-hasheesh\/#breadcrumb"},"inLanguage":"pl-PL","potentialAction":[{"@type":"ReadAction","target":["https:\/\/hurghadalovers.com\/pl\/tours\/prywatne-transfery-taksowkowe-sahl-hasheesh\/"]}]},{"@type":"ImageObject","inLanguage":"pl-PL","@id":"https:\/\/hurghadalovers.com\/pl\/tours\/prywatne-transfery-taksowkowe-sahl-hasheesh\/#primaryimage","url":"https:\/\/hurghadalovers.com\/wp-content\/uploads\/2023\/08\/Private-Sahl-Hasheesh-Taxi-Transfers.jpeg","contentUrl":"https:\/\/hurghadalovers.com\/wp-content\/uploads\/2023\/08\/Private-Sahl-Hasheesh-Taxi-Transfers.jpeg","width":1536,"height":1195,"caption":"Private\u00a0Sahl Hasheesh Taxi Transfers\u00a0to Luxor, Cairo"},{"@type":"BreadcrumbList","@id":"https:\/\/hurghadalovers.com\/pl\/tours\/prywatne-transfery-taksowkowe-sahl-hasheesh\/#breadcrumb","itemListElement":[{"@type":"ListItem","position":1,"name":"Home","item":"https:\/\/hurghadalovers.com\/pl\/"},{"@type":"ListItem","position":2,"name":"Shop","item":"https:\/\/hurghadalovers.com\/shop\/"},{"@type":"ListItem","position":3,"name":"Prywatne transfery taks\u00f3wk\u0105 z Sahl Hasheesh"}]},{"@type":"WebSite","@id":"https:\/\/hurghadalovers.com\/pl\/#website","url":"https:\/\/hurghadalovers.com\/pl\/","name":"Hurghada Excursions & Day Trips | Booking Best Prices Tours","description":"Hurghada Lovers - Best Tour Operator - Excursions &amp; Things to do for Family Day Trips with kids and Couples Romantic. Unique .Hidden gems","publisher":{"@id":"https:\/\/hurghadalovers.com\/pl\/#organization"},"alternateName":"Hurghada Excursions","potentialAction":[{"@type":"SearchAction","target":{"@type":"EntryPoint","urlTemplate":"https:\/\/hurghadalovers.com\/pl\/?s={search_term_string}"},"query-input":{"@type":"PropertyValueSpecification","valueRequired":true,"valueName":"search_term_string"}}],"inLanguage":"pl-PL"},{"@type":["Organization","Place","TravelAgency"],"@id":"https:\/\/hurghadalovers.com\/pl\/#organization","name":"Hurghada Excursions","url":"https:\/\/hurghadalovers.com\/pl\/","logo":{"@id":"https:\/\/hurghadalovers.com\/pl\/tours\/prywatne-transfery-taksowkowe-sahl-hasheesh\/#local-main-organization-logo"},"image":{"@id":"https:\/\/hurghadalovers.com\/pl\/tours\/prywatne-transfery-taksowkowe-sahl-hasheesh\/#local-main-organization-logo"},"sameAs":["https:\/\/www.facebook.com\/Hurghadaloversegypt"],"address":{"@id":"https:\/\/hurghadalovers.com\/pl\/tours\/prywatne-transfery-taksowkowe-sahl-hasheesh\/#local-main-place-address"},"telephone":["00201112596434"],"contactPoint":{"@type":"ContactPoint","telephone":"00201112596434","email":"weyouface@gmail.com"},"openingHoursSpecification":{"@type":"OpeningHoursSpecification","dayOfWeek":["Monday","Tuesday","Wednesday","Thursday","Friday","Saturday","Sunday"],"opens":"00:00","closes":"23:59"},"email":"weyouface@gmail.com","areaServed":"Luxor, Hurghada, El Gouna, Aswan, Sharm El Sheikh, Giza, Alexandria, Marsa Alam, Quseir, Soma Bay, Sahl Hasheesh, Red Sea, Makadi Bay, Cairo","priceRange":"$","currenciesAccepted":"euro","paymentAccepted":"cash on site"},{"@type":"PostalAddress","@id":"https:\/\/hurghadalovers.com\/pl\/tours\/prywatne-transfery-taksowkowe-sahl-hasheesh\/#local-main-place-address","streetAddress":"17 Banks street, Alkawther area, top nbk bank","addressLocality":"hurghada","postalCode":"84511","addressRegion":"red sea","addressCountry":"EG"},{"@type":"ImageObject","inLanguage":"pl-PL","@id":"https:\/\/hurghadalovers.com\/pl\/tours\/prywatne-transfery-taksowkowe-sahl-hasheesh\/#local-main-organization-logo","url":"https:\/\/hurghadalovers.com\/wp-content\/uploads\/2019\/10\/hurghada-excursions-logo.png","contentUrl":"https:\/\/hurghadalovers.com\/wp-content\/uploads\/2019\/10\/hurghada-excursions-logo.png","width":272,"height":90,"caption":"Hurghada Excursions"}]},"product_brand":"Sahl Hasheesh Wycieczki","product_price_amount":"30","product_price_currency":"EUR","og_availability":"instock","product_availability":"instock","product_retailer_item_id":"Sahl072024","product_condition":"new","geo.placename":"hurghada","geo.region":"Egipt"},"_links":{"self":[{"href":"https:\/\/hurghadalovers.com\/pl\/wp-json\/wp\/v2\/product\/390466","targetHints":{"allow":["GET"]}}],"collection":[{"href":"https:\/\/hurghadalovers.com\/pl\/wp-json\/wp\/v2\/product"}],"about":[{"href":"https:\/\/hurghadalovers.com\/pl\/wp-json\/wp\/v2\/types\/product"}],"wp:featuredmedia":[{"embeddable":true,"href":"https:\/\/hurghadalovers.com\/pl\/wp-json\/wp\/v2\/media\/390322"}],"wp:attachment":[{"href":"https:\/\/hurghadalovers.com\/pl\/wp-json\/wp\/v2\/media?parent=390466"}],"wp:term":[{"taxonomy":"product_brand","embeddable":true,"href":"https:\/\/hurghadalovers.com\/pl\/wp-json\/wp\/v2\/product_brand?post=390466"},{"taxonomy":"product_cat","embeddable":true,"href":"https:\/\/hurghadalovers.com\/pl\/wp-json\/wp\/v2\/product_cat?post=390466"},{"taxonomy":"product_tag","embeddable":true,"href":"https:\/\/hurghadalovers.com\/pl\/wp-json\/wp\/v2\/product_tag?post=390466"}],"curies":[{"name":"wp","href":"https:\/\/api.w.org\/{rel}","templated":true}]}}