{"id":387730,"date":"2023-08-30T08:10:36","date_gmt":"2023-08-30T08:10:36","guid":{"rendered":"https:\/\/hurghadalovers.com\/shop\/bez-kategorii\/luksusowa-wycieczka-na-wyspe-orange-bay-z-makadi-bay\/"},"modified":"2026-02-08T00:47:35","modified_gmt":"2026-02-08T00:47:35","slug":"luxury-orange-bay-island-trip-from-makadi-bay","status":"publish","type":"product","link":"https:\/\/hurghadalovers.com\/pl\/tours\/luxury-orange-bay-island-trip-from-makadi-bay\/","title":{"rendered":"Luksusowa wycieczka na wysp\u0119 Orange Bay z Makadi Bay"},"content":{"rendered":"<p><strong>Luksusowa wycieczka na wysp\u0119 Orange Bay z <\/strong><strong>Makadi Bay <\/strong>z lunchem VIP i specjalnymi miejscami dla rodzin, wi\u0119cej prywatno\u015bci i luksusu, aby sp\u0119dzi\u0107 czas na najpi\u0119kniejszych pla\u017cach <strong>wyspy Giftun<\/strong> i jednym z najlepszych miejsc rafy koralowej.<\/p>\n<p>&nbsp;<\/p>\n<p><strong>Najwa\u017cniejsze wydarzenia:<\/strong><\/p>\n<ul>\n<li>One Spot Snorkeling House Reef.<\/li>\n<li>1 godzina w Orange Bay Island Beach.<\/li>\n<li>Jacht luksusowy.<\/li>\n<\/ul>\n<p><strong>Szczeg\u00f3\u0142y:<\/strong><\/p>\n<ul>\n<li>Dost\u0119pno\u015b\u0107 wycieczki: Codziennie.<\/li>\n<li>Typ wycieczki: Grupa.<\/li>\n<li>Czas odbioru: od 07:30 rano.<\/li>\n<li>Godzina odbioru: 17:00.<\/li>\n<li>Dost\u0119p dla w\u00f3zk\u00f3w inwalidzkich.<\/li>\n<li>Czas trwania: 8 godz.<\/li>\n<\/ul>\n<p><strong>Zarezerwuj teraz i zap\u0142a\u0107 p\u00f3\u017aniej:<\/strong><\/p>\n<ul>\n<li>Got\u00f3wka na miejscu dla przewodnika.<\/li>\n<li>P\u0142atno\u015b\u0107 w funtach egipskich, $, \u20ac lub \u00a3.<\/li>\n<\/ul>\n<p><strong>Zasady anulowania rezerwacji:<\/strong><\/p>\n<ul>\n<li>mo\u017cna anulowa\u0107 z maksymalnie 24-godzinnym wyprzedzeniem.<\/li>\n<li>Je\u015bli kto\u015b z rodziny anuluje poranek, zap\u0142aci 50% koszt\u00f3w.<\/li>\n<\/ul>\n<p><strong>Co wchodzi w sk\u0142ad zestawu?<\/strong><\/p>\n<ul>\n<li>Transfer z Makadi Bay Hotels &#8222;Hotel pick up and drop off&#8221;.<\/li>\n<li>Wszystkie podatki, op\u0142aty za wst\u0119p i op\u0142aty manipulacyjne.<\/li>\n<li>Przewodnik turystyczny.<\/li>\n<li>Woda mineralna + Cola + Mleko + Kawa\/Herbata.<\/li>\n<li>1 Miejsce do nurkowania.<\/li>\n<li>Sprz\u0119t do snorkelingu &#8222;Maski i p\u0142etwy do p\u0142ywania&#8221;.<\/li>\n<li>1 godzina w <strong>Orange Bay Island<\/strong> <strong>Beach<\/strong>.<\/li>\n<li>Lunch VIP w formie bufetu na \u0142odzi.<\/li>\n<li>Kamizelki ratunkowe.<\/li>\n<\/ul>\n<p><strong>Wy\u0142\u0105czenia?<\/strong><\/p>\n<ul>\n<li>Napiwki.<\/li>\n<li>Drinki w restauracji The Orange Bay Restaurant Island.<\/li>\n<li>Fotografia i zdj\u0119cia z podr\u00f3\u017cy.<\/li>\n<li>Oferujemy wypo\u017cyczanie kostium\u00f3w k\u0105pielowych i stroj\u00f3w k\u0105pielowych dla kobiet, m\u0119\u017cczyzn, dzieci we wszystkich rozmiarach &#8222;5 $ za sztuk\u0119&#8221;.<\/li>\n<li>Wszelkie niewymienione dodatki.<\/li>\n<\/ul>\n<p><strong>Ceny:<\/strong><\/p>\n<ul>\n<li><strong>Cena dla osoby doros\u0142ej = 50 USD za osob\u0119<\/strong>.<\/li>\n<li>Cena dla dzieci &#8222;3-10\u2033 = 50%.<\/li>\n<li>dla dzieci &#8222;0-3\u2033= Bezp\u0142atnie.<\/li>\n<\/ul>\n<p><strong>Recenzje:<\/strong><\/p>\n<p>sprawd\u017a nasze opinie na mapie Google jako najlepszy <a href=\"https:\/\/g.page\/r\/CUeYvkngP3wkEBM\/review\">organizator<\/a> wycieczek online w <a href=\"https:\/\/hurghadalovers.com\/\">Hurghadzie<\/a> w Egipcie.<\/p>\n<p><strong>Rezerwacja:<\/strong><\/p>\n<p>Wy\u015blij hotel + numer pokoju + paszporty ze zdj\u0119ciem na WhatsApp: <strong>+201112596434<\/strong><\/p>\n<p>Je\u015bli jeste\u015b w Egipcie Rezerwuj teraz online i potwierd\u017a po przyje\u017adzie Hotel.<\/p>\n<p>&nbsp;<\/p>\n<p>&nbsp;<\/p>\n","protected":false},"excerpt":{"rendered":"<p><strong>Luksusowa wycieczka na wysp\u0119 Orange Bay z <\/strong><strong>Makadi Bay <\/strong>z lunchem VIP i specjalnymi miejscami dla rodzin, wi\u0119cej prywatno\u015bci i luksusu, aby sp\u0119dzi\u0107 czas na najpi\u0119kniejszych pla\u017cach.<\/p>\n","protected":false},"featured_media":387671,"template":"","meta":{"_joinchat":[]},"product_brand":[],"product_cat":[36264],"product_tag":[],"class_list":{"0":"post-387730","1":"product","2":"type-product","3":"status-publish","4":"has-post-thumbnail","6":"product_cat-tours-pl","7":"tour_category-makadi-bay-wycieczki","8":"tour_category-snorkeling-wycieczka-w-makadi-bay","10":"first","11":"instock","12":"sale","13":"shipping-taxable","14":"purchasable","15":"product-type-tour"},"yoast_head":"<!-- This site is optimized with the Yoast SEO Premium plugin v26.9 (Yoast SEO v27.2) - https:\/\/yoast.com\/product\/yoast-seo-premium-wordpress\/ -->\n<title>Luksusowa wycieczka na wysp\u0119 Orange Bay z Makadi Bay z VIP-em<\/title>\n<meta name=\"description\" content=\"Luksusowa wycieczka na wysp\u0119 Orange Bay z Makadi Bay z lunchem VIP i specjalnymi miejscami dla rodzin, wi\u0119cej prywatno\u015bci i luksusu, aby sp\u0119dzi\u0107...\" \/>\n<meta name=\"robots\" content=\"index, follow, max-snippet:-1, max-image-preview:large, max-video-preview:-1\" \/>\n<link rel=\"canonical\" href=\"https:\/\/hurghadalovers.com\/pl\/tours\/luxury-orange-bay-island-trip-from-makadi-bay\/\" \/>\n<meta property=\"og:locale\" content=\"pl_PL\" \/>\n<meta property=\"og:type\" content=\"article\" \/>\n<meta property=\"og:title\" content=\"Luksusowa wycieczka na wysp\u0119 Orange Bay z Makadi Bay\" \/>\n<meta property=\"og:description\" content=\"Luksusowa wycieczka na wysp\u0119 Orange Bay z Makadi Bay z lunchem VIP i specjalnymi miejscami dla rodzin, wi\u0119cej prywatno\u015bci i luksusu, aby sp\u0119dzi\u0107...\" \/>\n<meta property=\"og:url\" content=\"https:\/\/hurghadalovers.com\/pl\/tours\/luxury-orange-bay-island-trip-from-makadi-bay\/\" \/>\n<meta property=\"og:site_name\" content=\"Hurghada Excursions &amp; Day Trips | Booking Best Prices Tours\" \/>\n<meta property=\"article:publisher\" content=\"https:\/\/www.facebook.com\/Hurghadaloversegypt\" \/>\n<meta property=\"article:modified_time\" content=\"2026-02-08T00:47:35+00:00\" \/>\n<meta property=\"og:image\" content=\"https:\/\/hurghadalovers.com\/wp-content\/uploads\/2023\/08\/Luxury-Orange-Bay-Island-Trip-from-Makadi-Bay.jpeg\" \/>\n\t<meta property=\"og:image:width\" content=\"1156\" \/>\n\t<meta property=\"og:image:height\" content=\"867\" \/>\n\t<meta property=\"og:image:type\" content=\"image\/jpeg\" \/>\n<meta name=\"twitter:card\" content=\"summary_large_image\" \/>\n<meta name=\"twitter:label1\" content=\"Cena\" \/>\n\t<meta name=\"twitter:data1\" content=\"&euro;&nbsp;50\" \/>\n\t<meta name=\"twitter:label2\" content=\"Dost\u0119pno\u015b\u0107\" \/>\n\t<meta name=\"twitter:data2\" content=\"Dost\u0119pny\" \/>\n<script type=\"application\/ld+json\" class=\"yoast-schema-graph\">{\"@context\":\"https:\/\/schema.org\",\"@graph\":[{\"@type\":[\"WebPage\",\"ItemPage\"],\"@id\":\"https:\/\/hurghadalovers.com\/pl\/tours\/luxury-orange-bay-island-trip-from-makadi-bay\/\",\"url\":\"https:\/\/hurghadalovers.com\/pl\/tours\/luxury-orange-bay-island-trip-from-makadi-bay\/\",\"name\":\"Luksusowa wycieczka na wysp\u0119 Orange Bay z Makadi Bay z VIP-em\",\"isPartOf\":{\"@id\":\"https:\/\/hurghadalovers.com\/pl\/#website\"},\"primaryImageOfPage\":{\"@id\":\"https:\/\/hurghadalovers.com\/pl\/tours\/luxury-orange-bay-island-trip-from-makadi-bay\/#primaryimage\"},\"image\":{\"@id\":\"https:\/\/hurghadalovers.com\/pl\/tours\/luxury-orange-bay-island-trip-from-makadi-bay\/#primaryimage\"},\"thumbnailUrl\":\"https:\/\/hurghadalovers.com\/wp-content\/uploads\/2023\/08\/Luxury-Orange-Bay-Island-Trip-from-Makadi-Bay.jpeg\",\"datePublished\":\"2023-08-30T08:10:36+00:00\",\"dateModified\":\"2026-02-08T00:47:35+00:00\",\"description\":\"Luksusowa wycieczka na wysp\u0119 Orange Bay z Makadi Bay z lunchem VIP i specjalnymi miejscami dla rodzin, wi\u0119cej prywatno\u015bci i luksusu, aby sp\u0119dzi\u0107...\",\"breadcrumb\":{\"@id\":\"https:\/\/hurghadalovers.com\/pl\/tours\/luxury-orange-bay-island-trip-from-makadi-bay\/#breadcrumb\"},\"inLanguage\":\"pl-PL\",\"potentialAction\":[{\"@type\":\"ReadAction\",\"target\":[\"https:\/\/hurghadalovers.com\/pl\/tours\/luxury-orange-bay-island-trip-from-makadi-bay\/\"]}]},{\"@type\":\"ImageObject\",\"inLanguage\":\"pl-PL\",\"@id\":\"https:\/\/hurghadalovers.com\/pl\/tours\/luxury-orange-bay-island-trip-from-makadi-bay\/#primaryimage\",\"url\":\"https:\/\/hurghadalovers.com\/wp-content\/uploads\/2023\/08\/Luxury-Orange-Bay-Island-Trip-from-Makadi-Bay.jpeg\",\"contentUrl\":\"https:\/\/hurghadalovers.com\/wp-content\/uploads\/2023\/08\/Luxury-Orange-Bay-Island-Trip-from-Makadi-Bay.jpeg\",\"width\":1156,\"height\":867,\"caption\":\"Luksusowa wycieczka na wysp\u0119 Orange Bay z Makadi Bay\"},{\"@type\":\"BreadcrumbList\",\"@id\":\"https:\/\/hurghadalovers.com\/pl\/tours\/luxury-orange-bay-island-trip-from-makadi-bay\/#breadcrumb\",\"itemListElement\":[{\"@type\":\"ListItem\",\"position\":1,\"name\":\"Home\",\"item\":\"https:\/\/hurghadalovers.com\/pl\/\"},{\"@type\":\"ListItem\",\"position\":2,\"name\":\"Shop\",\"item\":\"https:\/\/hurghadalovers.com\/shop\/\"},{\"@type\":\"ListItem\",\"position\":3,\"name\":\"Luksusowa wycieczka na wysp\u0119 Orange Bay z Makadi Bay\"}]},{\"@type\":\"WebSite\",\"@id\":\"https:\/\/hurghadalovers.com\/pl\/#website\",\"url\":\"https:\/\/hurghadalovers.com\/pl\/\",\"name\":\"Hurghada Excursions & Day Trips | Booking Best Prices Tours\",\"description\":\"Hurghada Lovers - Best Tour Operator - Excursions &amp; Things to do for Family Day Trips with kids and Couples Romantic. Unique .Hidden gems\",\"publisher\":{\"@id\":\"https:\/\/hurghadalovers.com\/pl\/#organization\"},\"alternateName\":\"Hurghada Excursions\",\"potentialAction\":[{\"@type\":\"SearchAction\",\"target\":{\"@type\":\"EntryPoint\",\"urlTemplate\":\"https:\/\/hurghadalovers.com\/pl\/?s={search_term_string}\"},\"query-input\":{\"@type\":\"PropertyValueSpecification\",\"valueRequired\":true,\"valueName\":\"search_term_string\"}}],\"inLanguage\":\"pl-PL\"},{\"@type\":[\"Organization\",\"Place\",\"TravelAgency\"],\"@id\":\"https:\/\/hurghadalovers.com\/pl\/#organization\",\"name\":\"Hurghada Excursions\",\"url\":\"https:\/\/hurghadalovers.com\/pl\/\",\"logo\":{\"@id\":\"https:\/\/hurghadalovers.com\/pl\/tours\/luxury-orange-bay-island-trip-from-makadi-bay\/#local-main-organization-logo\"},\"image\":{\"@id\":\"https:\/\/hurghadalovers.com\/pl\/tours\/luxury-orange-bay-island-trip-from-makadi-bay\/#local-main-organization-logo\"},\"sameAs\":[\"https:\/\/www.facebook.com\/Hurghadaloversegypt\"],\"address\":{\"@id\":\"https:\/\/hurghadalovers.com\/pl\/tours\/luxury-orange-bay-island-trip-from-makadi-bay\/#local-main-place-address\"},\"telephone\":[\"00201112596434\"],\"contactPoint\":{\"@type\":\"ContactPoint\",\"telephone\":\"00201112596434\",\"email\":\"weyouface@gmail.com\"},\"openingHoursSpecification\":{\"@type\":\"OpeningHoursSpecification\",\"dayOfWeek\":[\"Monday\",\"Tuesday\",\"Wednesday\",\"Thursday\",\"Friday\",\"Saturday\",\"Sunday\"],\"opens\":\"00:00\",\"closes\":\"23:59\"},\"email\":\"weyouface@gmail.com\",\"areaServed\":\"Luxor, Hurghada, El Gouna, Aswan, Sharm El Sheikh, Giza, Alexandria, Marsa Alam, Quseir, Soma Bay, Sahl Hasheesh, Red Sea, Makadi Bay, Cairo\",\"priceRange\":\"$\",\"currenciesAccepted\":\"euro\",\"paymentAccepted\":\"cash on site\"},{\"@type\":\"PostalAddress\",\"@id\":\"https:\/\/hurghadalovers.com\/pl\/tours\/luxury-orange-bay-island-trip-from-makadi-bay\/#local-main-place-address\",\"streetAddress\":\"17 Banks street, Alkawther area, top nbk bank\",\"addressLocality\":\"hurghada\",\"postalCode\":\"84511\",\"addressRegion\":\"red sea\",\"addressCountry\":\"EG\"},{\"@type\":\"ImageObject\",\"inLanguage\":\"pl-PL\",\"@id\":\"https:\/\/hurghadalovers.com\/pl\/tours\/luxury-orange-bay-island-trip-from-makadi-bay\/#local-main-organization-logo\",\"url\":\"https:\/\/hurghadalovers.com\/wp-content\/uploads\/2019\/10\/hurghada-excursions-logo.png\",\"contentUrl\":\"https:\/\/hurghadalovers.com\/wp-content\/uploads\/2019\/10\/hurghada-excursions-logo.png\",\"width\":272,\"height\":90,\"caption\":\"Hurghada Excursions\"}]}<\/script>\n<meta property=\"product:brand\" content=\"Makadi bay Wycieczki\" \/>\n<meta property=\"product:price:amount\" content=\"50\" \/>\n<meta property=\"product:price:currency\" content=\"EUR\" \/>\n<meta property=\"og:availability\" content=\"instock\" \/>\n<meta property=\"product:availability\" content=\"instock\" \/>\n<meta property=\"product:retailer_item_id\" content=\"MakadiSnorkeling012024\" \/>\n<meta property=\"product:condition\" content=\"new\" \/>\n<meta name=\"geo.placename\" content=\"hurghada\" \/>\n<meta name=\"geo.region\" content=\"Egipt\" \/>\n<!-- \/ Yoast SEO Premium plugin. -->","yoast_head_json":{"title":"Luksusowa wycieczka na wysp\u0119 Orange Bay z Makadi Bay z VIP-em","description":"Luksusowa wycieczka na wysp\u0119 Orange Bay z Makadi Bay z lunchem VIP i specjalnymi miejscami dla rodzin, wi\u0119cej prywatno\u015bci i luksusu, aby sp\u0119dzi\u0107...","robots":{"index":"index","follow":"follow","max-snippet":"max-snippet:-1","max-image-preview":"max-image-preview:large","max-video-preview":"max-video-preview:-1"},"canonical":"https:\/\/hurghadalovers.com\/pl\/tours\/luxury-orange-bay-island-trip-from-makadi-bay\/","og_locale":"pl_PL","og_type":"article","og_title":"Luksusowa wycieczka na wysp\u0119 Orange Bay z Makadi Bay","og_description":"Luksusowa wycieczka na wysp\u0119 Orange Bay z Makadi Bay z lunchem VIP i specjalnymi miejscami dla rodzin, wi\u0119cej prywatno\u015bci i luksusu, aby sp\u0119dzi\u0107...","og_url":"https:\/\/hurghadalovers.com\/pl\/tours\/luxury-orange-bay-island-trip-from-makadi-bay\/","og_site_name":"Hurghada Excursions &amp; Day Trips | Booking Best Prices Tours","article_publisher":"https:\/\/www.facebook.com\/Hurghadaloversegypt","article_modified_time":"2026-02-08T00:47:35+00:00","og_image":[{"width":1156,"height":867,"url":"https:\/\/hurghadalovers.com\/wp-content\/uploads\/2023\/08\/Luxury-Orange-Bay-Island-Trip-from-Makadi-Bay.jpeg","type":"image\/jpeg"}],"twitter_card":"summary_large_image","twitter_misc":{"Cena":"&euro;&nbsp;50","Dost\u0119pno\u015b\u0107":"Dost\u0119pny"},"schema":{"@context":"https:\/\/schema.org","@graph":[{"@type":["WebPage","ItemPage"],"@id":"https:\/\/hurghadalovers.com\/pl\/tours\/luxury-orange-bay-island-trip-from-makadi-bay\/","url":"https:\/\/hurghadalovers.com\/pl\/tours\/luxury-orange-bay-island-trip-from-makadi-bay\/","name":"Luksusowa wycieczka na wysp\u0119 Orange Bay z Makadi Bay z VIP-em","isPartOf":{"@id":"https:\/\/hurghadalovers.com\/pl\/#website"},"primaryImageOfPage":{"@id":"https:\/\/hurghadalovers.com\/pl\/tours\/luxury-orange-bay-island-trip-from-makadi-bay\/#primaryimage"},"image":{"@id":"https:\/\/hurghadalovers.com\/pl\/tours\/luxury-orange-bay-island-trip-from-makadi-bay\/#primaryimage"},"thumbnailUrl":"https:\/\/hurghadalovers.com\/wp-content\/uploads\/2023\/08\/Luxury-Orange-Bay-Island-Trip-from-Makadi-Bay.jpeg","datePublished":"2023-08-30T08:10:36+00:00","dateModified":"2026-02-08T00:47:35+00:00","description":"Luksusowa wycieczka na wysp\u0119 Orange Bay z Makadi Bay z lunchem VIP i specjalnymi miejscami dla rodzin, wi\u0119cej prywatno\u015bci i luksusu, aby sp\u0119dzi\u0107...","breadcrumb":{"@id":"https:\/\/hurghadalovers.com\/pl\/tours\/luxury-orange-bay-island-trip-from-makadi-bay\/#breadcrumb"},"inLanguage":"pl-PL","potentialAction":[{"@type":"ReadAction","target":["https:\/\/hurghadalovers.com\/pl\/tours\/luxury-orange-bay-island-trip-from-makadi-bay\/"]}]},{"@type":"ImageObject","inLanguage":"pl-PL","@id":"https:\/\/hurghadalovers.com\/pl\/tours\/luxury-orange-bay-island-trip-from-makadi-bay\/#primaryimage","url":"https:\/\/hurghadalovers.com\/wp-content\/uploads\/2023\/08\/Luxury-Orange-Bay-Island-Trip-from-Makadi-Bay.jpeg","contentUrl":"https:\/\/hurghadalovers.com\/wp-content\/uploads\/2023\/08\/Luxury-Orange-Bay-Island-Trip-from-Makadi-Bay.jpeg","width":1156,"height":867,"caption":"Luksusowa wycieczka na wysp\u0119 Orange Bay z Makadi Bay"},{"@type":"BreadcrumbList","@id":"https:\/\/hurghadalovers.com\/pl\/tours\/luxury-orange-bay-island-trip-from-makadi-bay\/#breadcrumb","itemListElement":[{"@type":"ListItem","position":1,"name":"Home","item":"https:\/\/hurghadalovers.com\/pl\/"},{"@type":"ListItem","position":2,"name":"Shop","item":"https:\/\/hurghadalovers.com\/shop\/"},{"@type":"ListItem","position":3,"name":"Luksusowa wycieczka na wysp\u0119 Orange Bay z Makadi Bay"}]},{"@type":"WebSite","@id":"https:\/\/hurghadalovers.com\/pl\/#website","url":"https:\/\/hurghadalovers.com\/pl\/","name":"Hurghada Excursions & Day Trips | Booking Best Prices Tours","description":"Hurghada Lovers - Best Tour Operator - Excursions &amp; Things to do for Family Day Trips with kids and Couples Romantic. Unique .Hidden gems","publisher":{"@id":"https:\/\/hurghadalovers.com\/pl\/#organization"},"alternateName":"Hurghada Excursions","potentialAction":[{"@type":"SearchAction","target":{"@type":"EntryPoint","urlTemplate":"https:\/\/hurghadalovers.com\/pl\/?s={search_term_string}"},"query-input":{"@type":"PropertyValueSpecification","valueRequired":true,"valueName":"search_term_string"}}],"inLanguage":"pl-PL"},{"@type":["Organization","Place","TravelAgency"],"@id":"https:\/\/hurghadalovers.com\/pl\/#organization","name":"Hurghada Excursions","url":"https:\/\/hurghadalovers.com\/pl\/","logo":{"@id":"https:\/\/hurghadalovers.com\/pl\/tours\/luxury-orange-bay-island-trip-from-makadi-bay\/#local-main-organization-logo"},"image":{"@id":"https:\/\/hurghadalovers.com\/pl\/tours\/luxury-orange-bay-island-trip-from-makadi-bay\/#local-main-organization-logo"},"sameAs":["https:\/\/www.facebook.com\/Hurghadaloversegypt"],"address":{"@id":"https:\/\/hurghadalovers.com\/pl\/tours\/luxury-orange-bay-island-trip-from-makadi-bay\/#local-main-place-address"},"telephone":["00201112596434"],"contactPoint":{"@type":"ContactPoint","telephone":"00201112596434","email":"weyouface@gmail.com"},"openingHoursSpecification":{"@type":"OpeningHoursSpecification","dayOfWeek":["Monday","Tuesday","Wednesday","Thursday","Friday","Saturday","Sunday"],"opens":"00:00","closes":"23:59"},"email":"weyouface@gmail.com","areaServed":"Luxor, Hurghada, El Gouna, Aswan, Sharm El Sheikh, Giza, Alexandria, Marsa Alam, Quseir, Soma Bay, Sahl Hasheesh, Red Sea, Makadi Bay, Cairo","priceRange":"$","currenciesAccepted":"euro","paymentAccepted":"cash on site"},{"@type":"PostalAddress","@id":"https:\/\/hurghadalovers.com\/pl\/tours\/luxury-orange-bay-island-trip-from-makadi-bay\/#local-main-place-address","streetAddress":"17 Banks street, Alkawther area, top nbk bank","addressLocality":"hurghada","postalCode":"84511","addressRegion":"red sea","addressCountry":"EG"},{"@type":"ImageObject","inLanguage":"pl-PL","@id":"https:\/\/hurghadalovers.com\/pl\/tours\/luxury-orange-bay-island-trip-from-makadi-bay\/#local-main-organization-logo","url":"https:\/\/hurghadalovers.com\/wp-content\/uploads\/2019\/10\/hurghada-excursions-logo.png","contentUrl":"https:\/\/hurghadalovers.com\/wp-content\/uploads\/2019\/10\/hurghada-excursions-logo.png","width":272,"height":90,"caption":"Hurghada Excursions"}]},"product_brand":"Makadi bay Wycieczki","product_price_amount":"50","product_price_currency":"EUR","og_availability":"instock","product_availability":"instock","product_retailer_item_id":"MakadiSnorkeling012024","product_condition":"new","geo.placename":"hurghada","geo.region":"Egipt"},"_links":{"self":[{"href":"https:\/\/hurghadalovers.com\/pl\/wp-json\/wp\/v2\/product\/387730","targetHints":{"allow":["GET"]}}],"collection":[{"href":"https:\/\/hurghadalovers.com\/pl\/wp-json\/wp\/v2\/product"}],"about":[{"href":"https:\/\/hurghadalovers.com\/pl\/wp-json\/wp\/v2\/types\/product"}],"wp:featuredmedia":[{"embeddable":true,"href":"https:\/\/hurghadalovers.com\/pl\/wp-json\/wp\/v2\/media\/387671"}],"wp:attachment":[{"href":"https:\/\/hurghadalovers.com\/pl\/wp-json\/wp\/v2\/media?parent=387730"}],"wp:term":[{"taxonomy":"product_brand","embeddable":true,"href":"https:\/\/hurghadalovers.com\/pl\/wp-json\/wp\/v2\/product_brand?post=387730"},{"taxonomy":"product_cat","embeddable":true,"href":"https:\/\/hurghadalovers.com\/pl\/wp-json\/wp\/v2\/product_cat?post=387730"},{"taxonomy":"product_tag","embeddable":true,"href":"https:\/\/hurghadalovers.com\/pl\/wp-json\/wp\/v2\/product_tag?post=387730"}],"curies":[{"name":"wp","href":"https:\/\/api.w.org\/{rel}","templated":true}]}}