{"id":385803,"date":"2023-08-27T20:34:30","date_gmt":"2023-08-27T20:34:30","guid":{"rendered":"https:\/\/hurghadalovers.com\/shop\/bez-kategorii\/wycieczka-quadem-o-zachodzie-slonca-z-zatoki-soma\/"},"modified":"2026-01-13T14:26:24","modified_gmt":"2026-01-13T14:26:24","slug":"sunset-quad-biking-tour-from-soma-bay","status":"publish","type":"product","link":"https:\/\/hurghadalovers.com\/pl\/tours\/sunset-quad-biking-tour-from-soma-bay\/","title":{"rendered":"Wycieczka quadem o zachodzie s\u0142o\u0144ca z zatoki Soma"},"content":{"rendered":"<p><strong>Sunset Quad Biking Tour<\/strong> Desert Safari z zatoki Soma do <strong>wioski Beduin\u00f3w<\/strong> z przeja\u017cd\u017ck\u0105 na wielb\u0142\u0105dzie.<\/p>\n<p>Nie mo\u017cesz si\u0119 doczeka\u0107 <strong>zachodu s\u0142o\u0144ca za g\u00f3rami<\/strong> i p\u0142askowy\u017cami oraz robienia zdj\u0119\u0107 z przyjaci\u00f3\u0142mi? Do\u0142\u0105cz do najlepszych <strong>wycieczek safari<\/strong> do wioski Beduin\u00f3w, je\u017adzij <strong>na wielb\u0142\u0105dzie<\/strong>, obserwuj \u017cycie Beduin\u00f3w, wspinaj si\u0119 po g\u00f3rach i prze\u017cyj ekscytuj\u0105ce do\u015bwiadczenie na pustyni, aby pozby\u0107 si\u0119 <strong>adrenaliny<\/strong> z organizmu.<\/p>\n<p style=\"text-align: center;\"><span style=\"color: #ff6600;\">Najlepsze rzeczy do zrobienia w zatoce Soma na <strong>romantyczny<\/strong> <strong>miesi\u0105c miodowy dla par<\/strong><\/span><\/p>\n<p><strong>Najwa\u017cniejsze wydarzenia:<\/strong><\/p>\n<ol>\n<li>Jazda quadem.<\/li>\n<li>Przeja\u017cd\u017cka na wielb\u0142\u0105dzie.<\/li>\n<li>Wioska Beduin\u00f3w.<\/li>\n<\/ol>\n<p><strong>Szczeg\u00f3\u0142y wycieczki Sunset Quad Biking Tour:<\/strong><\/p>\n<ul>\n<li>Dost\u0119pno\u015b\u0107 wycieczki: Codziennie.<\/li>\n<li>Typ wycieczki: Grupa.<\/li>\n<li>Czas odbioru: zaczyna si\u0119 od 13:00.<\/li>\n<li>Czas odbioru: czas zachodu s\u0142o\u0144ca.<\/li>\n<li>Czas trwania: 3 godz.<\/li>\n<\/ul>\n<p><strong>Zarezerwuj teraz i zap\u0142a\u0107 p\u00f3\u017aniej:<\/strong><\/p>\n<ul>\n<li>Got\u00f3wka na miejscu dla przewodnika.<\/li>\n<li>P\u0142atno\u015b\u0107 w funtach egipskich, $, \u20ac lub \u00a3.<\/li>\n<\/ul>\n<p><strong>Zasady anulowania rezerwacji:<\/strong><\/p>\n<ul>\n<li>mo\u017cna anulowa\u0107 z maksymalnie 24-godzinnym wyprzedzeniem.<\/li>\n<li>Je\u015bli kto\u015b z rodziny anuluje poranek, zap\u0142aci 50% koszt\u00f3w.<\/li>\n<\/ul>\n<p><strong>Co wchodzi w sk\u0142ad zestawu?<\/strong><\/p>\n<ul>\n<li>Transfer z Soma Bay Hotels &#8222;Hotel pick up and drop off&#8221;.<\/li>\n<li>Wszystkie podatki, op\u0142aty za wst\u0119p i op\u0142aty manipulacyjne.<\/li>\n<li>Transfery.<\/li>\n<li>Przewodnik turystyczny.<\/li>\n<li>Kask.<\/li>\n<\/ul>\n<p><strong>Wy\u0142\u0105czenia?<\/strong><\/p>\n<ul>\n<li>Szalik<\/li>\n<li>Okulary ochronne<\/li>\n<li>Napiwki.<\/li>\n<li>Zdj\u0119cia z podr\u00f3\u017cy.<\/li>\n<li>Wszelkie niewymienione dodatki.<strong> <\/strong><\/li>\n<\/ul>\n<p><strong>Ceny:<\/strong><\/p>\n<p><strong>Cena dla osoby doros\u0142ej = <\/strong><strong>30 USD<\/strong><strong> za osob\u0119<\/strong>.<\/p>\n<p><strong>Recenzje:<\/strong><\/p>\n<p>sprawd\u017a nasze opinie na mapie Google jako najlepszy <a href=\"https:\/\/g.page\/r\/CUeYvkngP3wkEBM\/review\">organizator<\/a> wycieczek online w <a href=\"https:\/\/hurghadalovers.com\/\">Hurghadzie<\/a> w Egipcie.<\/p>\n<p>&nbsp;<\/p>\n<p><strong>Rezerwacja:<\/strong><\/p>\n<p>Wy\u015blij hotel + numer pokoju + paszporty ze zdj\u0119ciem na WhatsApp: <strong>+201112596434<\/strong><\/p>\n<p>Je\u015bli jeste\u015b w Egipcie Rezerwuj teraz online i potwierd\u017a po przyje\u017adzie Hotel.<\/p>\n<p>&nbsp;<\/p>\n<p>&nbsp;<\/p>\n","protected":false},"excerpt":{"rendered":"<p>Sunset Quad Biking Tour z Soma Bay Desert Safari do wioski Beduin\u00f3w z przeja\u017cd\u017ck\u0105 na wielb\u0142\u0105dzie. Najlepsze rzeczy do zrobienia w zatoce Soma na romantyczny miesi\u0105c miodowy dla par<\/p>\n","protected":false},"featured_media":935478,"template":"","meta":{"_joinchat":[]},"product_brand":[],"product_cat":[36264],"product_tag":[55709,55675,55636,55529,55649,55618,55602,55632,55717,55724,55669,55662,55681,55624,55643,55610,55656,55539,55521],"class_list":{"0":"post-385803","1":"product","2":"type-product","3":"status-publish","4":"has-post-thumbnail","6":"product_cat-tours-pl","7":"product_tag-aktywnosci-dla-maluchow-od-soma-bay","8":"product_tag-atrakcje-w-zatoce-soma-dla-par","9":"product_tag-atv-soma-bay-pl","10":"product_tag-dzialania-w-zatoce-soma","11":"product_tag-jazda-na-wielbladzie-soma-bay","12":"product_tag-obserwacja-gwiazd-w-zatoce-soma","13":"product_tag-pustynne-safari-soma-bay","14":"product_tag-quad-biking-soma-bay-pl","15":"product_tag-rodzinne-atrakcje-z-soma-bay","16":"product_tag-rodzinne-wycieczki-z-soma-bay","17":"product_tag-romantyczne-rzeczy-do-zrobienia-z-soma-bay","18":"product_tag-rzeczy-do-zrobienia-w-soma-bay","19":"product_tag-rzeczy-do-zrobienia-w-soma-bay-dla-par","20":"product_tag-safari-sahara-soma-bay-pl","21":"product_tag-safari-tour-soma-bay-pl","22":"product_tag-soma-bay-buggy-safari-pl","23":"product_tag-wioska-beduinow-soma-bay","24":"product_tag-wycieczki-jednodniowe-do-zatoki-soma","25":"product_tag-wycieczki-po-zatoce-soma","26":"tour_category-soma-bay-wycieczki","27":"tour_category-safari-na-pustyni-w-soma-bay","29":"first","30":"instock","31":"sale","32":"shipping-taxable","33":"purchasable","34":"product-type-tour"},"yoast_head":"<!-- This site is optimized with the Yoast SEO Premium plugin v26.9 (Yoast SEO v27.2) - https:\/\/yoast.com\/product\/yoast-seo-premium-wordpress\/ -->\n<title>Wycieczka quadem o zachodzie s\u0142o\u0144ca z Soma Bay Desert Safari<\/title>\n<meta name=\"description\" content=\"Sunset Quad Biking Tour z Soma Bay Desert Safari do wioski Beduin\u00f3w z przeja\u017cd\u017ck\u0105 na wielb\u0142\u0105dzie. Najlepsze rzeczy do zrobienia w zatoce Soma na romantyczny miesi\u0105c miodowy dla par\" \/>\n<meta name=\"robots\" content=\"index, follow, max-snippet:-1, max-image-preview:large, max-video-preview:-1\" \/>\n<link rel=\"canonical\" href=\"https:\/\/hurghadalovers.com\/pl\/tours\/sunset-quad-biking-tour-from-soma-bay\/\" \/>\n<meta property=\"og:locale\" content=\"pl_PL\" \/>\n<meta property=\"og:type\" content=\"article\" \/>\n<meta property=\"og:title\" content=\"Wycieczka quadem o zachodzie s\u0142o\u0144ca z zatoki Soma\" \/>\n<meta property=\"og:description\" content=\"Sunset Quad Biking Tour z Soma Bay Desert Safari do wioski Beduin\u00f3w z przeja\u017cd\u017ck\u0105 na wielb\u0142\u0105dzie. Najlepsze rzeczy do zrobienia w zatoce Soma na romantyczny miesi\u0105c miodowy dla par\" \/>\n<meta property=\"og:url\" content=\"https:\/\/hurghadalovers.com\/pl\/tours\/sunset-quad-biking-tour-from-soma-bay\/\" \/>\n<meta property=\"og:site_name\" content=\"Hurghada Excursions &amp; Day Trips | Booking Best Prices Tours\" \/>\n<meta property=\"article:publisher\" content=\"https:\/\/www.facebook.com\/Hurghadaloversegypt\" \/>\n<meta property=\"article:modified_time\" content=\"2026-01-13T14:26:24+00:00\" \/>\n<meta property=\"og:image\" content=\"https:\/\/hurghadalovers.com\/wp-content\/uploads\/2023\/08\/Sunset-Quad-Biking-Tour-from-Soma-bay-1.jpeg\" \/>\n\t<meta property=\"og:image:width\" content=\"1156\" \/>\n\t<meta property=\"og:image:height\" content=\"867\" \/>\n\t<meta property=\"og:image:type\" content=\"image\/jpeg\" \/>\n<meta name=\"twitter:card\" content=\"summary_large_image\" \/>\n<meta name=\"twitter:label1\" content=\"Cena\" \/>\n\t<meta name=\"twitter:data1\" content=\"&euro;&nbsp;35\" \/>\n\t<meta name=\"twitter:label2\" content=\"Dost\u0119pno\u015b\u0107\" \/>\n\t<meta name=\"twitter:data2\" content=\"Dost\u0119pny\" \/>\n<script type=\"application\/ld+json\" class=\"yoast-schema-graph\">{\"@context\":\"https:\/\/schema.org\",\"@graph\":[{\"@type\":[\"WebPage\",\"ItemPage\"],\"@id\":\"https:\/\/hurghadalovers.com\/pl\/tours\/sunset-quad-biking-tour-from-soma-bay\/\",\"url\":\"https:\/\/hurghadalovers.com\/pl\/tours\/sunset-quad-biking-tour-from-soma-bay\/\",\"name\":\"Wycieczka quadem o zachodzie s\u0142o\u0144ca z Soma Bay Desert Safari\",\"isPartOf\":{\"@id\":\"https:\/\/hurghadalovers.com\/pl\/#website\"},\"primaryImageOfPage\":{\"@id\":\"https:\/\/hurghadalovers.com\/pl\/tours\/sunset-quad-biking-tour-from-soma-bay\/#primaryimage\"},\"image\":{\"@id\":\"https:\/\/hurghadalovers.com\/pl\/tours\/sunset-quad-biking-tour-from-soma-bay\/#primaryimage\"},\"thumbnailUrl\":\"https:\/\/hurghadalovers.com\/wp-content\/uploads\/2023\/08\/Sunset-Quad-Biking-Tour-from-Soma-bay-1.jpeg\",\"datePublished\":\"2023-08-27T20:34:30+00:00\",\"dateModified\":\"2026-01-13T14:26:24+00:00\",\"description\":\"Sunset Quad Biking Tour z Soma Bay Desert Safari do wioski Beduin\u00f3w z przeja\u017cd\u017ck\u0105 na wielb\u0142\u0105dzie. Najlepsze rzeczy do zrobienia w zatoce Soma na romantyczny miesi\u0105c miodowy dla par\",\"breadcrumb\":{\"@id\":\"https:\/\/hurghadalovers.com\/pl\/tours\/sunset-quad-biking-tour-from-soma-bay\/#breadcrumb\"},\"inLanguage\":\"pl-PL\",\"potentialAction\":[{\"@type\":\"ReadAction\",\"target\":[\"https:\/\/hurghadalovers.com\/pl\/tours\/sunset-quad-biking-tour-from-soma-bay\/\"]}]},{\"@type\":\"ImageObject\",\"inLanguage\":\"pl-PL\",\"@id\":\"https:\/\/hurghadalovers.com\/pl\/tours\/sunset-quad-biking-tour-from-soma-bay\/#primaryimage\",\"url\":\"https:\/\/hurghadalovers.com\/wp-content\/uploads\/2023\/08\/Sunset-Quad-Biking-Tour-from-Soma-bay-1.jpeg\",\"contentUrl\":\"https:\/\/hurghadalovers.com\/wp-content\/uploads\/2023\/08\/Sunset-Quad-Biking-Tour-from-Soma-bay-1.jpeg\",\"width\":1156,\"height\":867,\"caption\":\"Sunset Quad Biking Tour from Soma bay\"},{\"@type\":\"BreadcrumbList\",\"@id\":\"https:\/\/hurghadalovers.com\/pl\/tours\/sunset-quad-biking-tour-from-soma-bay\/#breadcrumb\",\"itemListElement\":[{\"@type\":\"ListItem\",\"position\":1,\"name\":\"Home\",\"item\":\"https:\/\/hurghadalovers.com\/pl\/\"},{\"@type\":\"ListItem\",\"position\":2,\"name\":\"Shop\",\"item\":\"https:\/\/hurghadalovers.com\/shop\/\"},{\"@type\":\"ListItem\",\"position\":3,\"name\":\"Wycieczka quadem o zachodzie s\u0142o\u0144ca z zatoki Soma\"}]},{\"@type\":\"WebSite\",\"@id\":\"https:\/\/hurghadalovers.com\/pl\/#website\",\"url\":\"https:\/\/hurghadalovers.com\/pl\/\",\"name\":\"Hurghada Excursions & Day Trips | Booking Best Prices Tours\",\"description\":\"Hurghada Lovers - Best Tour Operator - Excursions &amp; Things to do for Family Day Trips with kids and Couples Romantic. Unique .Hidden gems\",\"publisher\":{\"@id\":\"https:\/\/hurghadalovers.com\/pl\/#organization\"},\"alternateName\":\"Hurghada Excursions\",\"potentialAction\":[{\"@type\":\"SearchAction\",\"target\":{\"@type\":\"EntryPoint\",\"urlTemplate\":\"https:\/\/hurghadalovers.com\/pl\/?s={search_term_string}\"},\"query-input\":{\"@type\":\"PropertyValueSpecification\",\"valueRequired\":true,\"valueName\":\"search_term_string\"}}],\"inLanguage\":\"pl-PL\"},{\"@type\":[\"Organization\",\"Place\",\"TravelAgency\"],\"@id\":\"https:\/\/hurghadalovers.com\/pl\/#organization\",\"name\":\"Hurghada Excursions\",\"url\":\"https:\/\/hurghadalovers.com\/pl\/\",\"logo\":{\"@id\":\"https:\/\/hurghadalovers.com\/pl\/tours\/sunset-quad-biking-tour-from-soma-bay\/#local-main-organization-logo\"},\"image\":{\"@id\":\"https:\/\/hurghadalovers.com\/pl\/tours\/sunset-quad-biking-tour-from-soma-bay\/#local-main-organization-logo\"},\"sameAs\":[\"https:\/\/www.facebook.com\/Hurghadaloversegypt\"],\"address\":{\"@id\":\"https:\/\/hurghadalovers.com\/pl\/tours\/sunset-quad-biking-tour-from-soma-bay\/#local-main-place-address\"},\"telephone\":[\"00201112596434\"],\"contactPoint\":{\"@type\":\"ContactPoint\",\"telephone\":\"00201112596434\",\"email\":\"weyouface@gmail.com\"},\"openingHoursSpecification\":{\"@type\":\"OpeningHoursSpecification\",\"dayOfWeek\":[\"Monday\",\"Tuesday\",\"Wednesday\",\"Thursday\",\"Friday\",\"Saturday\",\"Sunday\"],\"opens\":\"00:00\",\"closes\":\"23:59\"},\"email\":\"weyouface@gmail.com\",\"areaServed\":\"Luxor, Hurghada, El Gouna, Aswan, Sharm El Sheikh, Giza, Alexandria, Marsa Alam, Quseir, Soma Bay, Sahl Hasheesh, Red Sea, Makadi Bay, Cairo\",\"priceRange\":\"$\",\"currenciesAccepted\":\"euro\",\"paymentAccepted\":\"cash on site\"},{\"@type\":\"PostalAddress\",\"@id\":\"https:\/\/hurghadalovers.com\/pl\/tours\/sunset-quad-biking-tour-from-soma-bay\/#local-main-place-address\",\"streetAddress\":\"17 Banks street, Alkawther area, top nbk bank\",\"addressLocality\":\"hurghada\",\"postalCode\":\"84511\",\"addressRegion\":\"red sea\",\"addressCountry\":\"EG\"},{\"@type\":\"ImageObject\",\"inLanguage\":\"pl-PL\",\"@id\":\"https:\/\/hurghadalovers.com\/pl\/tours\/sunset-quad-biking-tour-from-soma-bay\/#local-main-organization-logo\",\"url\":\"https:\/\/hurghadalovers.com\/wp-content\/uploads\/2019\/10\/hurghada-excursions-logo.png\",\"contentUrl\":\"https:\/\/hurghadalovers.com\/wp-content\/uploads\/2019\/10\/hurghada-excursions-logo.png\",\"width\":272,\"height\":90,\"caption\":\"Hurghada Excursions\"}]}<\/script>\n<meta property=\"product:brand\" content=\"Soma bay Wycieczki\" \/>\n<meta property=\"product:price:amount\" content=\"35\" \/>\n<meta property=\"product:price:currency\" content=\"EUR\" \/>\n<meta property=\"og:availability\" content=\"instock\" \/>\n<meta property=\"product:availability\" content=\"instock\" \/>\n<meta property=\"product:retailer_item_id\" content=\"Soma202404\" \/>\n<meta property=\"product:condition\" content=\"new\" \/>\n<meta name=\"geo.placename\" content=\"hurghada\" \/>\n<meta name=\"geo.region\" content=\"Egipt\" \/>\n<!-- \/ Yoast SEO Premium plugin. -->","yoast_head_json":{"title":"Wycieczka quadem o zachodzie s\u0142o\u0144ca z Soma Bay Desert Safari","description":"Sunset Quad Biking Tour z Soma Bay Desert Safari do wioski Beduin\u00f3w z przeja\u017cd\u017ck\u0105 na wielb\u0142\u0105dzie. Najlepsze rzeczy do zrobienia w zatoce Soma na romantyczny miesi\u0105c miodowy dla par","robots":{"index":"index","follow":"follow","max-snippet":"max-snippet:-1","max-image-preview":"max-image-preview:large","max-video-preview":"max-video-preview:-1"},"canonical":"https:\/\/hurghadalovers.com\/pl\/tours\/sunset-quad-biking-tour-from-soma-bay\/","og_locale":"pl_PL","og_type":"article","og_title":"Wycieczka quadem o zachodzie s\u0142o\u0144ca z zatoki Soma","og_description":"Sunset Quad Biking Tour z Soma Bay Desert Safari do wioski Beduin\u00f3w z przeja\u017cd\u017ck\u0105 na wielb\u0142\u0105dzie. Najlepsze rzeczy do zrobienia w zatoce Soma na romantyczny miesi\u0105c miodowy dla par","og_url":"https:\/\/hurghadalovers.com\/pl\/tours\/sunset-quad-biking-tour-from-soma-bay\/","og_site_name":"Hurghada Excursions &amp; Day Trips | Booking Best Prices Tours","article_publisher":"https:\/\/www.facebook.com\/Hurghadaloversegypt","article_modified_time":"2026-01-13T14:26:24+00:00","og_image":[{"width":1156,"height":867,"url":"https:\/\/hurghadalovers.com\/wp-content\/uploads\/2023\/08\/Sunset-Quad-Biking-Tour-from-Soma-bay-1.jpeg","type":"image\/jpeg"}],"twitter_card":"summary_large_image","twitter_misc":{"Cena":"&euro;&nbsp;35","Dost\u0119pno\u015b\u0107":"Dost\u0119pny"},"schema":{"@context":"https:\/\/schema.org","@graph":[{"@type":["WebPage","ItemPage"],"@id":"https:\/\/hurghadalovers.com\/pl\/tours\/sunset-quad-biking-tour-from-soma-bay\/","url":"https:\/\/hurghadalovers.com\/pl\/tours\/sunset-quad-biking-tour-from-soma-bay\/","name":"Wycieczka quadem o zachodzie s\u0142o\u0144ca z Soma Bay Desert Safari","isPartOf":{"@id":"https:\/\/hurghadalovers.com\/pl\/#website"},"primaryImageOfPage":{"@id":"https:\/\/hurghadalovers.com\/pl\/tours\/sunset-quad-biking-tour-from-soma-bay\/#primaryimage"},"image":{"@id":"https:\/\/hurghadalovers.com\/pl\/tours\/sunset-quad-biking-tour-from-soma-bay\/#primaryimage"},"thumbnailUrl":"https:\/\/hurghadalovers.com\/wp-content\/uploads\/2023\/08\/Sunset-Quad-Biking-Tour-from-Soma-bay-1.jpeg","datePublished":"2023-08-27T20:34:30+00:00","dateModified":"2026-01-13T14:26:24+00:00","description":"Sunset Quad Biking Tour z Soma Bay Desert Safari do wioski Beduin\u00f3w z przeja\u017cd\u017ck\u0105 na wielb\u0142\u0105dzie. Najlepsze rzeczy do zrobienia w zatoce Soma na romantyczny miesi\u0105c miodowy dla par","breadcrumb":{"@id":"https:\/\/hurghadalovers.com\/pl\/tours\/sunset-quad-biking-tour-from-soma-bay\/#breadcrumb"},"inLanguage":"pl-PL","potentialAction":[{"@type":"ReadAction","target":["https:\/\/hurghadalovers.com\/pl\/tours\/sunset-quad-biking-tour-from-soma-bay\/"]}]},{"@type":"ImageObject","inLanguage":"pl-PL","@id":"https:\/\/hurghadalovers.com\/pl\/tours\/sunset-quad-biking-tour-from-soma-bay\/#primaryimage","url":"https:\/\/hurghadalovers.com\/wp-content\/uploads\/2023\/08\/Sunset-Quad-Biking-Tour-from-Soma-bay-1.jpeg","contentUrl":"https:\/\/hurghadalovers.com\/wp-content\/uploads\/2023\/08\/Sunset-Quad-Biking-Tour-from-Soma-bay-1.jpeg","width":1156,"height":867,"caption":"Sunset Quad Biking Tour from Soma bay"},{"@type":"BreadcrumbList","@id":"https:\/\/hurghadalovers.com\/pl\/tours\/sunset-quad-biking-tour-from-soma-bay\/#breadcrumb","itemListElement":[{"@type":"ListItem","position":1,"name":"Home","item":"https:\/\/hurghadalovers.com\/pl\/"},{"@type":"ListItem","position":2,"name":"Shop","item":"https:\/\/hurghadalovers.com\/shop\/"},{"@type":"ListItem","position":3,"name":"Wycieczka quadem o zachodzie s\u0142o\u0144ca z zatoki Soma"}]},{"@type":"WebSite","@id":"https:\/\/hurghadalovers.com\/pl\/#website","url":"https:\/\/hurghadalovers.com\/pl\/","name":"Hurghada Excursions & Day Trips | Booking Best Prices Tours","description":"Hurghada Lovers - Best Tour Operator - Excursions &amp; Things to do for Family Day Trips with kids and Couples Romantic. Unique .Hidden gems","publisher":{"@id":"https:\/\/hurghadalovers.com\/pl\/#organization"},"alternateName":"Hurghada Excursions","potentialAction":[{"@type":"SearchAction","target":{"@type":"EntryPoint","urlTemplate":"https:\/\/hurghadalovers.com\/pl\/?s={search_term_string}"},"query-input":{"@type":"PropertyValueSpecification","valueRequired":true,"valueName":"search_term_string"}}],"inLanguage":"pl-PL"},{"@type":["Organization","Place","TravelAgency"],"@id":"https:\/\/hurghadalovers.com\/pl\/#organization","name":"Hurghada Excursions","url":"https:\/\/hurghadalovers.com\/pl\/","logo":{"@id":"https:\/\/hurghadalovers.com\/pl\/tours\/sunset-quad-biking-tour-from-soma-bay\/#local-main-organization-logo"},"image":{"@id":"https:\/\/hurghadalovers.com\/pl\/tours\/sunset-quad-biking-tour-from-soma-bay\/#local-main-organization-logo"},"sameAs":["https:\/\/www.facebook.com\/Hurghadaloversegypt"],"address":{"@id":"https:\/\/hurghadalovers.com\/pl\/tours\/sunset-quad-biking-tour-from-soma-bay\/#local-main-place-address"},"telephone":["00201112596434"],"contactPoint":{"@type":"ContactPoint","telephone":"00201112596434","email":"weyouface@gmail.com"},"openingHoursSpecification":{"@type":"OpeningHoursSpecification","dayOfWeek":["Monday","Tuesday","Wednesday","Thursday","Friday","Saturday","Sunday"],"opens":"00:00","closes":"23:59"},"email":"weyouface@gmail.com","areaServed":"Luxor, Hurghada, El Gouna, Aswan, Sharm El Sheikh, Giza, Alexandria, Marsa Alam, Quseir, Soma Bay, Sahl Hasheesh, Red Sea, Makadi Bay, Cairo","priceRange":"$","currenciesAccepted":"euro","paymentAccepted":"cash on site"},{"@type":"PostalAddress","@id":"https:\/\/hurghadalovers.com\/pl\/tours\/sunset-quad-biking-tour-from-soma-bay\/#local-main-place-address","streetAddress":"17 Banks street, Alkawther area, top nbk bank","addressLocality":"hurghada","postalCode":"84511","addressRegion":"red sea","addressCountry":"EG"},{"@type":"ImageObject","inLanguage":"pl-PL","@id":"https:\/\/hurghadalovers.com\/pl\/tours\/sunset-quad-biking-tour-from-soma-bay\/#local-main-organization-logo","url":"https:\/\/hurghadalovers.com\/wp-content\/uploads\/2019\/10\/hurghada-excursions-logo.png","contentUrl":"https:\/\/hurghadalovers.com\/wp-content\/uploads\/2019\/10\/hurghada-excursions-logo.png","width":272,"height":90,"caption":"Hurghada Excursions"}]},"product_brand":"Soma bay Wycieczki","product_price_amount":"35","product_price_currency":"EUR","og_availability":"instock","product_availability":"instock","product_retailer_item_id":"Soma202404","product_condition":"new","geo.placename":"hurghada","geo.region":"Egipt"},"_links":{"self":[{"href":"https:\/\/hurghadalovers.com\/pl\/wp-json\/wp\/v2\/product\/385803","targetHints":{"allow":["GET"]}}],"collection":[{"href":"https:\/\/hurghadalovers.com\/pl\/wp-json\/wp\/v2\/product"}],"about":[{"href":"https:\/\/hurghadalovers.com\/pl\/wp-json\/wp\/v2\/types\/product"}],"wp:featuredmedia":[{"embeddable":true,"href":"https:\/\/hurghadalovers.com\/pl\/wp-json\/wp\/v2\/media\/935478"}],"wp:attachment":[{"href":"https:\/\/hurghadalovers.com\/pl\/wp-json\/wp\/v2\/media?parent=385803"}],"wp:term":[{"taxonomy":"product_brand","embeddable":true,"href":"https:\/\/hurghadalovers.com\/pl\/wp-json\/wp\/v2\/product_brand?post=385803"},{"taxonomy":"product_cat","embeddable":true,"href":"https:\/\/hurghadalovers.com\/pl\/wp-json\/wp\/v2\/product_cat?post=385803"},{"taxonomy":"product_tag","embeddable":true,"href":"https:\/\/hurghadalovers.com\/pl\/wp-json\/wp\/v2\/product_tag?post=385803"}],"curies":[{"name":"wp","href":"https:\/\/api.w.org\/{rel}","templated":true}]}}