{"id":385302,"date":"2023-08-27T13:39:06","date_gmt":"2023-08-27T13:41:35","guid":{"rendered":"https:\/\/hurghadalovers.com\/shop\/bez-kategorii\/tanie-wycieczki-quadami-z-zatoki-soma-2-godz\/"},"modified":"2026-01-22T23:52:13","modified_gmt":"2026-01-22T23:52:13","slug":"tanie-quad-rowerowe-wycieczki-z-soma-bay","status":"publish","type":"product","link":"https:\/\/hurghadalovers.com\/pl\/tours\/tanie-quad-rowerowe-wycieczki-z-soma-bay\/","title":{"rendered":"Tanie wycieczki quadami z zatoki Soma &#8211; 2 godz."},"content":{"rendered":"<p><strong>Tanie wycieczki quadami <\/strong><strong>z zatoki Soma<\/strong> z transferem | 2 godziny rano 4WD, ATV lub Quad Bike Safari Popo\u0142udnie Off-Road na pustyni.<\/p>\n<p style=\"text-align: center;\"><span style=\"color: #ff6600;\">Najlepsze rzeczy do zrobienia w zatoce Soma na <strong>romantyczny<\/strong> <strong>miesi\u0105c miodowy dla par | <\/strong>Pustynne <strong>safari z dzie\u0107mi<\/strong> i <strong>rodzin\u0105 przyjazn\u0105<\/strong> seniorom.<\/span><\/p>\n<p>&nbsp;<\/p>\n<p><strong>Najwa\u017cniejsze wydarzenia:<\/strong><\/p>\n<ol>\n<li>60-minutowa przeja\u017cd\u017cka quadem po pustyni.<\/li>\n<\/ol>\n<p><strong>Tanie wycieczki na quadach w <\/strong><strong>Zatoka Soma <\/strong><strong>Szczeg\u00f3\u0142y:<\/strong><\/p>\n<ul>\n<li>Dost\u0119pno\u015b\u0107 wycieczki: Codziennie.<\/li>\n<li>Typ wycieczki: Grupowa lub prywatna.<\/li>\n<li>Czas odbioru: Rozpocznij od 08:00 &#8222;Wybierz sw\u00f3j czas&#8221;.<\/li>\n<li>Czas odbioru: od 19:00.<\/li>\n<li>Czas trwania: 2 godz.<\/li>\n<\/ul>\n<p><strong>Zarezerwuj teraz i zap\u0142a\u0107 p\u00f3\u017aniej:<\/strong><\/p>\n<ul>\n<li>Got\u00f3wka na miejscu dla przewodnika.<\/li>\n<li>P\u0142atno\u015b\u0107 w funtach egipskich, $, \u20ac lub \u00a3.<\/li>\n<\/ul>\n<p><strong>Zasady anulowania rezerwacji:<\/strong><\/p>\n<ul>\n<li>mo\u017cna anulowa\u0107 z maksymalnie 24-godzinnym wyprzedzeniem.<\/li>\n<li>Je\u015bli kto\u015b z rodziny anuluje poranek, zap\u0142aci 50% koszt\u00f3w.<\/li>\n<\/ul>\n<p><strong>Co wchodzi w sk\u0142ad zestawu?<\/strong><\/p>\n<ul>\n<li>Transfer z Soma Bay Hotels &#8222;Hotel pick up and drop off&#8221;.<\/li>\n<li>Wszystkie podatki, op\u0142aty za wst\u0119p i op\u0142aty manipulacyjne.<\/li>\n<li>Transfery.<\/li>\n<li>Przewodnik turystyczny.<\/li>\n<li>Kask.<\/li>\n<\/ul>\n<p><strong>Wy\u0142\u0105czenia?<\/strong><\/p>\n<ul>\n<li>Szalik<\/li>\n<li>Okulary ochronne<\/li>\n<li>Napiwki.<\/li>\n<li>Zdj\u0119cia z podr\u00f3\u017cy.<\/li>\n<li>Wszelkie niewymienione dodatki.<\/li>\n<\/ul>\n<p><strong>Ceny:<\/strong><\/p>\n<ul>\n<li><strong>Cena dla osoby doros\u0142ej = od <\/strong><strong>25 USD<\/strong><strong> za osob\u0119 \/ 1 godz.<\/strong><\/li>\n<li>Cena dla dzieci &#8222;5-12\u2033 = 50%.<\/li>\n<li>dla dzieci &#8222;0-5\u2033= Bezp\u0142atnie.<\/li>\n<\/ul>\n<p><strong>Recenzje:<\/strong><\/p>\n<p>sprawd\u017a nasze opinie na mapie Google jako najlepszy <a href=\"https:\/\/g.page\/r\/CUeYvkngP3wkEBM\/review\">organizator<\/a> wycieczek online w <a href=\"https:\/\/hurghadalovers.com\/\">Hurghadzie<\/a> w Egipcie.<\/p>\n<p><strong>Rezerwacja:<\/strong><\/p>\n<p>Wy\u015blij hotel + numer pokoju + paszporty ze zdj\u0119ciem na WhatsApp: <strong>+201112596434<\/strong><\/p>\n<p>Je\u015bli jeste\u015b w Egipcie Rezerwuj teraz online i potwierd\u017a po przyje\u017adzie Hotel.<\/p>\n<p>&nbsp;<\/p>\n<p>&nbsp;<\/p>\n","protected":false},"excerpt":{"rendered":"<p><strong>Tanie wycieczki quadami <\/strong><strong>z zatoki Soma<\/strong> z transferem | 2 godziny rano 4WD, ATV lub Quad Bike Safari Popo\u0142udnie Off-Road na pustyni. <span style=\"color: #ff6600;\">Pustynne <strong>safari z dzie\u0107mi<\/strong><\/span><\/p>\n","protected":false},"featured_media":385263,"template":"","meta":{"_joinchat":[]},"product_brand":[],"product_cat":[36264],"product_tag":[55636,55529,55602,55632,55572,55586,55753,55662,55624,55643,55610,55539,55521,55757,55762],"class_list":{"0":"post-385302","1":"product","2":"type-product","3":"status-publish","4":"has-post-thumbnail","6":"product_cat-tours-pl","7":"product_tag-atv-soma-bay-pl","8":"product_tag-dzialania-w-zatoce-soma","9":"product_tag-pustynne-safari-soma-bay","10":"product_tag-quad-biking-soma-bay-pl","11":"product_tag-rodzinne-atrakcje-w-miejscu-takim-jak-soma-bay","12":"product_tag-romantyczne-rzeczy-do-zrobienia-w-miejscu-takim-jak-soma-bay","13":"product_tag-romantyczne-wycieczki-po-zatoce-soma","14":"product_tag-rzeczy-do-zrobienia-w-soma-bay","15":"product_tag-safari-sahara-soma-bay-pl","16":"product_tag-safari-tour-soma-bay-pl","17":"product_tag-soma-bay-buggy-safari-pl","18":"product_tag-wycieczki-jednodniowe-do-zatoki-soma","19":"product_tag-wycieczki-po-zatoce-soma","20":"product_tag-zabawne-zajecia-rodzinne-z-soma-bay","21":"product_tag-zajecia-dla-nastolatkow-z-soma-bay","22":"tour_category-soma-bay-wycieczki","23":"tour_category-safari-na-pustyni-w-soma-bay","25":"first","26":"instock","27":"sale","28":"shipping-taxable","29":"purchasable","30":"product-type-tour"},"yoast_head":"<!-- This site is optimized with the Yoast SEO Premium plugin v26.9 (Yoast SEO v27.2) - https:\/\/yoast.com\/product\/yoast-seo-premium-wordpress\/ -->\n<title>Tanie wycieczki quadami z zatoki Soma | 2 godziny rano 4WD, ATV<\/title>\n<meta name=\"description\" content=\"Tanie wycieczki quadami z zatoki Soma z transferem | 2-godzinne poranne safari 4WD, ATV lub quadami Popo\u0142udniowe safari off-road | Safari na pustyni z dzie\u0107mi\" \/>\n<meta name=\"robots\" content=\"index, follow, max-snippet:-1, max-image-preview:large, max-video-preview:-1\" \/>\n<link rel=\"canonical\" href=\"https:\/\/hurghadalovers.com\/pl\/tours\/tanie-quad-rowerowe-wycieczki-z-soma-bay\/\" \/>\n<meta property=\"og:locale\" content=\"pl_PL\" \/>\n<meta property=\"og:type\" content=\"article\" \/>\n<meta property=\"og:title\" content=\"Tanie wycieczki quadami z zatoki Soma - 2 godz.\" \/>\n<meta property=\"og:description\" content=\"Tanie wycieczki quadami z zatoki Soma z transferem | 2-godzinne poranne safari 4WD, ATV lub quadami Popo\u0142udniowe safari off-road | Safari na pustyni z dzie\u0107mi\" \/>\n<meta property=\"og:url\" content=\"https:\/\/hurghadalovers.com\/pl\/tours\/tanie-quad-rowerowe-wycieczki-z-soma-bay\/\" \/>\n<meta property=\"og:site_name\" content=\"Hurghada Excursions &amp; Day Trips | Booking Best Prices Tours\" \/>\n<meta property=\"article:publisher\" content=\"https:\/\/www.facebook.com\/Hurghadaloversegypt\" \/>\n<meta property=\"article:modified_time\" content=\"2026-01-22T23:52:13+00:00\" \/>\n<meta property=\"og:image\" content=\"https:\/\/hurghadalovers.com\/wp-content\/uploads\/2023\/08\/Cheap-Quad-Biking-Tours-from-Soma-bay.jpeg\" \/>\n\t<meta property=\"og:image:width\" content=\"867\" \/>\n\t<meta property=\"og:image:height\" content=\"1156\" \/>\n\t<meta property=\"og:image:type\" content=\"image\/jpeg\" \/>\n<meta name=\"twitter:card\" content=\"summary_large_image\" \/>\n<meta name=\"twitter:label1\" content=\"Cena\" \/>\n\t<meta name=\"twitter:data1\" content=\"&euro;&nbsp;25\" \/>\n\t<meta name=\"twitter:label2\" content=\"Dost\u0119pno\u015b\u0107\" \/>\n\t<meta name=\"twitter:data2\" content=\"Dost\u0119pny\" \/>\n<script type=\"application\/ld+json\" class=\"yoast-schema-graph\">{\"@context\":\"https:\/\/schema.org\",\"@graph\":[{\"@type\":[\"WebPage\",\"ItemPage\"],\"@id\":\"https:\/\/hurghadalovers.com\/pl\/tours\/tanie-quad-rowerowe-wycieczki-z-soma-bay\/\",\"url\":\"https:\/\/hurghadalovers.com\/pl\/tours\/tanie-quad-rowerowe-wycieczki-z-soma-bay\/\",\"name\":\"Tanie wycieczki quadami z zatoki Soma | 2 godziny rano 4WD, ATV\",\"isPartOf\":{\"@id\":\"https:\/\/hurghadalovers.com\/pl\/#website\"},\"primaryImageOfPage\":{\"@id\":\"https:\/\/hurghadalovers.com\/pl\/tours\/tanie-quad-rowerowe-wycieczki-z-soma-bay\/#primaryimage\"},\"image\":{\"@id\":\"https:\/\/hurghadalovers.com\/pl\/tours\/tanie-quad-rowerowe-wycieczki-z-soma-bay\/#primaryimage\"},\"thumbnailUrl\":\"https:\/\/hurghadalovers.com\/wp-content\/uploads\/2023\/08\/Cheap-Quad-Biking-Tours-from-Soma-bay.jpeg\",\"datePublished\":\"2023-08-27T13:41:35+00:00\",\"dateModified\":\"2026-01-22T23:52:13+00:00\",\"description\":\"Tanie wycieczki quadami z zatoki Soma z transferem | 2-godzinne poranne safari 4WD, ATV lub quadami Popo\u0142udniowe safari off-road | Safari na pustyni z dzie\u0107mi\",\"breadcrumb\":{\"@id\":\"https:\/\/hurghadalovers.com\/pl\/tours\/tanie-quad-rowerowe-wycieczki-z-soma-bay\/#breadcrumb\"},\"inLanguage\":\"pl-PL\",\"potentialAction\":[{\"@type\":\"ReadAction\",\"target\":[\"https:\/\/hurghadalovers.com\/pl\/tours\/tanie-quad-rowerowe-wycieczki-z-soma-bay\/\"]}]},{\"@type\":\"ImageObject\",\"inLanguage\":\"pl-PL\",\"@id\":\"https:\/\/hurghadalovers.com\/pl\/tours\/tanie-quad-rowerowe-wycieczki-z-soma-bay\/#primaryimage\",\"url\":\"https:\/\/hurghadalovers.com\/wp-content\/uploads\/2023\/08\/Cheap-Quad-Biking-Tours-from-Soma-bay.jpeg\",\"contentUrl\":\"https:\/\/hurghadalovers.com\/wp-content\/uploads\/2023\/08\/Cheap-Quad-Biking-Tours-from-Soma-bay.jpeg\",\"width\":867,\"height\":1156,\"caption\":\"Cheap Quad Biking Tours from Soma bay | 2hr Morning 4WD, ATV\"},{\"@type\":\"BreadcrumbList\",\"@id\":\"https:\/\/hurghadalovers.com\/pl\/tours\/tanie-quad-rowerowe-wycieczki-z-soma-bay\/#breadcrumb\",\"itemListElement\":[{\"@type\":\"ListItem\",\"position\":1,\"name\":\"Home\",\"item\":\"https:\/\/hurghadalovers.com\/pl\/\"},{\"@type\":\"ListItem\",\"position\":2,\"name\":\"Shop\",\"item\":\"https:\/\/hurghadalovers.com\/shop\/\"},{\"@type\":\"ListItem\",\"position\":3,\"name\":\"Tanie wycieczki quadami z zatoki Soma &#8211; 2 godz.\"}]},{\"@type\":\"WebSite\",\"@id\":\"https:\/\/hurghadalovers.com\/pl\/#website\",\"url\":\"https:\/\/hurghadalovers.com\/pl\/\",\"name\":\"Hurghada Excursions & Day Trips | Booking Best Prices Tours\",\"description\":\"Hurghada Lovers - Best Tour Operator - Excursions &amp; Things to do for Family Day Trips with kids and Couples Romantic. Unique .Hidden gems\",\"publisher\":{\"@id\":\"https:\/\/hurghadalovers.com\/pl\/#organization\"},\"alternateName\":\"Hurghada Excursions\",\"potentialAction\":[{\"@type\":\"SearchAction\",\"target\":{\"@type\":\"EntryPoint\",\"urlTemplate\":\"https:\/\/hurghadalovers.com\/pl\/?s={search_term_string}\"},\"query-input\":{\"@type\":\"PropertyValueSpecification\",\"valueRequired\":true,\"valueName\":\"search_term_string\"}}],\"inLanguage\":\"pl-PL\"},{\"@type\":[\"Organization\",\"Place\",\"TravelAgency\"],\"@id\":\"https:\/\/hurghadalovers.com\/pl\/#organization\",\"name\":\"Hurghada Excursions\",\"url\":\"https:\/\/hurghadalovers.com\/pl\/\",\"logo\":{\"@id\":\"https:\/\/hurghadalovers.com\/pl\/tours\/tanie-quad-rowerowe-wycieczki-z-soma-bay\/#local-main-organization-logo\"},\"image\":{\"@id\":\"https:\/\/hurghadalovers.com\/pl\/tours\/tanie-quad-rowerowe-wycieczki-z-soma-bay\/#local-main-organization-logo\"},\"sameAs\":[\"https:\/\/www.facebook.com\/Hurghadaloversegypt\"],\"address\":{\"@id\":\"https:\/\/hurghadalovers.com\/pl\/tours\/tanie-quad-rowerowe-wycieczki-z-soma-bay\/#local-main-place-address\"},\"telephone\":[\"00201112596434\"],\"contactPoint\":{\"@type\":\"ContactPoint\",\"telephone\":\"00201112596434\",\"email\":\"weyouface@gmail.com\"},\"openingHoursSpecification\":{\"@type\":\"OpeningHoursSpecification\",\"dayOfWeek\":[\"Monday\",\"Tuesday\",\"Wednesday\",\"Thursday\",\"Friday\",\"Saturday\",\"Sunday\"],\"opens\":\"00:00\",\"closes\":\"23:59\"},\"email\":\"weyouface@gmail.com\",\"areaServed\":\"Luxor, Hurghada, El Gouna, Aswan, Sharm El Sheikh, Giza, Alexandria, Marsa Alam, Quseir, Soma Bay, Sahl Hasheesh, Red Sea, Makadi Bay, Cairo\",\"priceRange\":\"$\",\"currenciesAccepted\":\"euro\",\"paymentAccepted\":\"cash on site\"},{\"@type\":\"PostalAddress\",\"@id\":\"https:\/\/hurghadalovers.com\/pl\/tours\/tanie-quad-rowerowe-wycieczki-z-soma-bay\/#local-main-place-address\",\"streetAddress\":\"17 Banks street, Alkawther area, top nbk bank\",\"addressLocality\":\"hurghada\",\"postalCode\":\"84511\",\"addressRegion\":\"red sea\",\"addressCountry\":\"EG\"},{\"@type\":\"ImageObject\",\"inLanguage\":\"pl-PL\",\"@id\":\"https:\/\/hurghadalovers.com\/pl\/tours\/tanie-quad-rowerowe-wycieczki-z-soma-bay\/#local-main-organization-logo\",\"url\":\"https:\/\/hurghadalovers.com\/wp-content\/uploads\/2019\/10\/hurghada-excursions-logo.png\",\"contentUrl\":\"https:\/\/hurghadalovers.com\/wp-content\/uploads\/2019\/10\/hurghada-excursions-logo.png\",\"width\":272,\"height\":90,\"caption\":\"Hurghada Excursions\"}]}<\/script>\n<meta property=\"product:brand\" content=\"Soma bay Wycieczki\" \/>\n<meta property=\"product:price:amount\" content=\"25\" \/>\n<meta property=\"product:price:currency\" content=\"EUR\" \/>\n<meta property=\"og:availability\" content=\"instock\" \/>\n<meta property=\"product:availability\" content=\"instock\" \/>\n<meta property=\"product:retailer_item_id\" content=\"SafariSomabay012024\" \/>\n<meta property=\"product:condition\" content=\"new\" \/>\n<meta name=\"geo.placename\" content=\"hurghada\" \/>\n<meta name=\"geo.region\" content=\"Egipt\" \/>\n<!-- \/ Yoast SEO Premium plugin. -->","yoast_head_json":{"title":"Tanie wycieczki quadami z zatoki Soma | 2 godziny rano 4WD, ATV","description":"Tanie wycieczki quadami z zatoki Soma z transferem | 2-godzinne poranne safari 4WD, ATV lub quadami Popo\u0142udniowe safari off-road | Safari na pustyni z dzie\u0107mi","robots":{"index":"index","follow":"follow","max-snippet":"max-snippet:-1","max-image-preview":"max-image-preview:large","max-video-preview":"max-video-preview:-1"},"canonical":"https:\/\/hurghadalovers.com\/pl\/tours\/tanie-quad-rowerowe-wycieczki-z-soma-bay\/","og_locale":"pl_PL","og_type":"article","og_title":"Tanie wycieczki quadami z zatoki Soma - 2 godz.","og_description":"Tanie wycieczki quadami z zatoki Soma z transferem | 2-godzinne poranne safari 4WD, ATV lub quadami Popo\u0142udniowe safari off-road | Safari na pustyni z dzie\u0107mi","og_url":"https:\/\/hurghadalovers.com\/pl\/tours\/tanie-quad-rowerowe-wycieczki-z-soma-bay\/","og_site_name":"Hurghada Excursions &amp; Day Trips | Booking Best Prices Tours","article_publisher":"https:\/\/www.facebook.com\/Hurghadaloversegypt","article_modified_time":"2026-01-22T23:52:13+00:00","og_image":[{"width":867,"height":1156,"url":"https:\/\/hurghadalovers.com\/wp-content\/uploads\/2023\/08\/Cheap-Quad-Biking-Tours-from-Soma-bay.jpeg","type":"image\/jpeg"}],"twitter_card":"summary_large_image","twitter_misc":{"Cena":"&euro;&nbsp;25","Dost\u0119pno\u015b\u0107":"Dost\u0119pny"},"schema":{"@context":"https:\/\/schema.org","@graph":[{"@type":["WebPage","ItemPage"],"@id":"https:\/\/hurghadalovers.com\/pl\/tours\/tanie-quad-rowerowe-wycieczki-z-soma-bay\/","url":"https:\/\/hurghadalovers.com\/pl\/tours\/tanie-quad-rowerowe-wycieczki-z-soma-bay\/","name":"Tanie wycieczki quadami z zatoki Soma | 2 godziny rano 4WD, ATV","isPartOf":{"@id":"https:\/\/hurghadalovers.com\/pl\/#website"},"primaryImageOfPage":{"@id":"https:\/\/hurghadalovers.com\/pl\/tours\/tanie-quad-rowerowe-wycieczki-z-soma-bay\/#primaryimage"},"image":{"@id":"https:\/\/hurghadalovers.com\/pl\/tours\/tanie-quad-rowerowe-wycieczki-z-soma-bay\/#primaryimage"},"thumbnailUrl":"https:\/\/hurghadalovers.com\/wp-content\/uploads\/2023\/08\/Cheap-Quad-Biking-Tours-from-Soma-bay.jpeg","datePublished":"2023-08-27T13:41:35+00:00","dateModified":"2026-01-22T23:52:13+00:00","description":"Tanie wycieczki quadami z zatoki Soma z transferem | 2-godzinne poranne safari 4WD, ATV lub quadami Popo\u0142udniowe safari off-road | Safari na pustyni z dzie\u0107mi","breadcrumb":{"@id":"https:\/\/hurghadalovers.com\/pl\/tours\/tanie-quad-rowerowe-wycieczki-z-soma-bay\/#breadcrumb"},"inLanguage":"pl-PL","potentialAction":[{"@type":"ReadAction","target":["https:\/\/hurghadalovers.com\/pl\/tours\/tanie-quad-rowerowe-wycieczki-z-soma-bay\/"]}]},{"@type":"ImageObject","inLanguage":"pl-PL","@id":"https:\/\/hurghadalovers.com\/pl\/tours\/tanie-quad-rowerowe-wycieczki-z-soma-bay\/#primaryimage","url":"https:\/\/hurghadalovers.com\/wp-content\/uploads\/2023\/08\/Cheap-Quad-Biking-Tours-from-Soma-bay.jpeg","contentUrl":"https:\/\/hurghadalovers.com\/wp-content\/uploads\/2023\/08\/Cheap-Quad-Biking-Tours-from-Soma-bay.jpeg","width":867,"height":1156,"caption":"Cheap Quad Biking Tours from Soma bay | 2hr Morning 4WD, ATV"},{"@type":"BreadcrumbList","@id":"https:\/\/hurghadalovers.com\/pl\/tours\/tanie-quad-rowerowe-wycieczki-z-soma-bay\/#breadcrumb","itemListElement":[{"@type":"ListItem","position":1,"name":"Home","item":"https:\/\/hurghadalovers.com\/pl\/"},{"@type":"ListItem","position":2,"name":"Shop","item":"https:\/\/hurghadalovers.com\/shop\/"},{"@type":"ListItem","position":3,"name":"Tanie wycieczki quadami z zatoki Soma &#8211; 2 godz."}]},{"@type":"WebSite","@id":"https:\/\/hurghadalovers.com\/pl\/#website","url":"https:\/\/hurghadalovers.com\/pl\/","name":"Hurghada Excursions & Day Trips | Booking Best Prices Tours","description":"Hurghada Lovers - Best Tour Operator - Excursions &amp; Things to do for Family Day Trips with kids and Couples Romantic. Unique .Hidden gems","publisher":{"@id":"https:\/\/hurghadalovers.com\/pl\/#organization"},"alternateName":"Hurghada Excursions","potentialAction":[{"@type":"SearchAction","target":{"@type":"EntryPoint","urlTemplate":"https:\/\/hurghadalovers.com\/pl\/?s={search_term_string}"},"query-input":{"@type":"PropertyValueSpecification","valueRequired":true,"valueName":"search_term_string"}}],"inLanguage":"pl-PL"},{"@type":["Organization","Place","TravelAgency"],"@id":"https:\/\/hurghadalovers.com\/pl\/#organization","name":"Hurghada Excursions","url":"https:\/\/hurghadalovers.com\/pl\/","logo":{"@id":"https:\/\/hurghadalovers.com\/pl\/tours\/tanie-quad-rowerowe-wycieczki-z-soma-bay\/#local-main-organization-logo"},"image":{"@id":"https:\/\/hurghadalovers.com\/pl\/tours\/tanie-quad-rowerowe-wycieczki-z-soma-bay\/#local-main-organization-logo"},"sameAs":["https:\/\/www.facebook.com\/Hurghadaloversegypt"],"address":{"@id":"https:\/\/hurghadalovers.com\/pl\/tours\/tanie-quad-rowerowe-wycieczki-z-soma-bay\/#local-main-place-address"},"telephone":["00201112596434"],"contactPoint":{"@type":"ContactPoint","telephone":"00201112596434","email":"weyouface@gmail.com"},"openingHoursSpecification":{"@type":"OpeningHoursSpecification","dayOfWeek":["Monday","Tuesday","Wednesday","Thursday","Friday","Saturday","Sunday"],"opens":"00:00","closes":"23:59"},"email":"weyouface@gmail.com","areaServed":"Luxor, Hurghada, El Gouna, Aswan, Sharm El Sheikh, Giza, Alexandria, Marsa Alam, Quseir, Soma Bay, Sahl Hasheesh, Red Sea, Makadi Bay, Cairo","priceRange":"$","currenciesAccepted":"euro","paymentAccepted":"cash on site"},{"@type":"PostalAddress","@id":"https:\/\/hurghadalovers.com\/pl\/tours\/tanie-quad-rowerowe-wycieczki-z-soma-bay\/#local-main-place-address","streetAddress":"17 Banks street, Alkawther area, top nbk bank","addressLocality":"hurghada","postalCode":"84511","addressRegion":"red sea","addressCountry":"EG"},{"@type":"ImageObject","inLanguage":"pl-PL","@id":"https:\/\/hurghadalovers.com\/pl\/tours\/tanie-quad-rowerowe-wycieczki-z-soma-bay\/#local-main-organization-logo","url":"https:\/\/hurghadalovers.com\/wp-content\/uploads\/2019\/10\/hurghada-excursions-logo.png","contentUrl":"https:\/\/hurghadalovers.com\/wp-content\/uploads\/2019\/10\/hurghada-excursions-logo.png","width":272,"height":90,"caption":"Hurghada Excursions"}]},"product_brand":"Soma bay Wycieczki","product_price_amount":"25","product_price_currency":"EUR","og_availability":"instock","product_availability":"instock","product_retailer_item_id":"SafariSomabay012024","product_condition":"new","geo.placename":"hurghada","geo.region":"Egipt"},"_links":{"self":[{"href":"https:\/\/hurghadalovers.com\/pl\/wp-json\/wp\/v2\/product\/385302","targetHints":{"allow":["GET"]}}],"collection":[{"href":"https:\/\/hurghadalovers.com\/pl\/wp-json\/wp\/v2\/product"}],"about":[{"href":"https:\/\/hurghadalovers.com\/pl\/wp-json\/wp\/v2\/types\/product"}],"wp:featuredmedia":[{"embeddable":true,"href":"https:\/\/hurghadalovers.com\/pl\/wp-json\/wp\/v2\/media\/385263"}],"wp:attachment":[{"href":"https:\/\/hurghadalovers.com\/pl\/wp-json\/wp\/v2\/media?parent=385302"}],"wp:term":[{"taxonomy":"product_brand","embeddable":true,"href":"https:\/\/hurghadalovers.com\/pl\/wp-json\/wp\/v2\/product_brand?post=385302"},{"taxonomy":"product_cat","embeddable":true,"href":"https:\/\/hurghadalovers.com\/pl\/wp-json\/wp\/v2\/product_cat?post=385302"},{"taxonomy":"product_tag","embeddable":true,"href":"https:\/\/hurghadalovers.com\/pl\/wp-json\/wp\/v2\/product_tag?post=385302"}],"curies":[{"name":"wp","href":"https:\/\/api.w.org\/{rel}","templated":true}]}}