{"id":384754,"date":"2023-08-27T10:12:44","date_gmt":"2023-08-27T10:12:44","guid":{"rendered":"https:\/\/hurghadalovers.com\/shop\/bez-kategorii\/wynajem-lodzi-motorowej-w-zatoce-soma-do-dolphin-house-i-nurkowanie-z-rurka\/"},"modified":"2026-02-09T01:36:46","modified_gmt":"2026-02-09T01:36:46","slug":"soma-bay-speedboat-rental-to-dolphin-house-snorkeling","status":"publish","type":"product","link":"https:\/\/hurghadalovers.com\/pl\/tours\/soma-bay-speedboat-rental-to-dolphin-house-snorkeling\/","title":{"rendered":"Wynajem \u0142odzi motorowej w zatoce Soma do Dolphin House i nurkowanie z rurk\u0105"},"content":{"rendered":"<p><strong>Wynajem \u0142odzi motorowej w zatoce Soma do Dolphin House <\/strong><strong> i snorkeling<\/strong> <strong>z delfinami + miejsca do snorkelingu <\/strong><strong>z<\/strong> biletami, napojami i transferem.<\/p>\n<p style=\"text-align: center;\"><span style=\"color: #00ccff;\">Najpi\u0119kniejsza zatoka Soma <strong>Rodzinne atrakcje<\/strong>, <strong>Rzeczy do zrobienia z dzie\u0107mi<\/strong>, Seniorzy, <strong>Miesi\u0105c miodowy<\/strong> i <strong>Para<\/strong>.<\/span><\/p>\n<p><strong>Najwa\u017cniejsze wydarzenia:<\/strong><\/p>\n<ul>\n<li>One Spot &#8211; nurkowanie z rurk\u0105 i obserwowanie delfin\u00f3w.<\/li>\n<li>jeden Spot Snorkeling House Reef.<\/li>\n<\/ul>\n<p><strong>Szczeg\u00f3\u0142y:<\/strong><\/p>\n<ul>\n<li>Dost\u0119pno\u015b\u0107 wycieczki: Codziennie.<\/li>\n<li>Rodzaj wycieczki: Prywatna.<\/li>\n<li>Czas odbioru: od 07:30 lub od 12:00.<\/li>\n<li>Godzina odbioru: 13:00 lub 18:00.<\/li>\n<li>Dost\u0119p dla w\u00f3zk\u00f3w inwalidzkich.<\/li>\n<li>Czas trwania: 4-5 godz.<\/li>\n<\/ul>\n<p><strong>Zarezerwuj teraz i zap\u0142a\u0107 p\u00f3\u017aniej:<\/strong><\/p>\n<ul>\n<li>Got\u00f3wka na miejscu dla przewodnika.<\/li>\n<li>P\u0142atno\u015b\u0107 w funtach egipskich, $, \u20ac lub \u00a3.<\/li>\n<\/ul>\n<p><strong>Zasady anulowania rezerwacji:<\/strong><\/p>\n<ul>\n<li>mo\u017cna anulowa\u0107 z maksymalnie 24-godzinnym wyprzedzeniem.<\/li>\n<li>Je\u015bli kto\u015b z rodziny anuluje poranek, zap\u0142aci 50% koszt\u00f3w.<\/li>\n<\/ul>\n<p><strong>Co wchodzi w sk\u0142ad zestawu?<\/strong><\/p>\n<ul>\n<li>Transfer z Soma Bay Hotels &#8222;Hotel pick up and drop off&#8221;.<\/li>\n<li>Wszystkie podatki, op\u0142aty za wst\u0119p i op\u0142aty manipulacyjne.<\/li>\n<li>Woda mineralna + Cola.<\/li>\n<li>jedno miejsce do snorkelingu.<\/li>\n<li>One Spot &#8211; nurkowanie z rurk\u0105 i obserwowanie delfin\u00f3w.<\/li>\n<li>Sprz\u0119t do snorkelingu &#8222;Maski i p\u0142etwy do p\u0142ywania&#8221;.<\/li>\n<\/ul>\n<p><strong>Wy\u0142\u0105czenia?<\/strong><\/p>\n<ul>\n<li>Napiwki.<\/li>\n<li>Drinki w restauracji The Orange Bay Restaurant Island.<\/li>\n<li>Wszelkie niewymienione dodatki.<\/li>\n<\/ul>\n<p><strong>Ceny:<\/strong><\/p>\n<ul>\n<li><strong>z biletami &#8222;2 osoby&#8221;= 2<\/strong><strong>20$.<\/strong><\/li>\n<li><strong>Dodatkowy bilet dla maksymalnie 2 os\u00f3b = 5 USD za osob\u0119.<\/strong><\/li>\n<\/ul>\n<p><strong>Recenzje:<\/strong><\/p>\n<p>sprawd\u017a nasze opinie na mapie Google jako najlepszy <a href=\"https:\/\/g.page\/r\/CUeYvkngP3wkEBM\/review\">organizator<\/a> wycieczek online w <a href=\"https:\/\/hurghadalovers.com\/\">Hurghadzie<\/a> w Egipcie.<\/p>\n<p>&nbsp;<\/p>\n<p><strong>Rezerwacja:<\/strong><\/p>\n<p>Wy\u015blij hotel + numer pokoju + paszporty ze zdj\u0119ciem na WhatsApp: <strong>+201112596434<\/strong><\/p>\n<p>Je\u015bli jeste\u015b w Egipcie Rezerwuj teraz online i potwierd\u017a po przyje\u017adzie Hotel.<\/p>\n<p>&nbsp;<\/p>\n<p>&nbsp;<\/p>\n","protected":false},"excerpt":{"rendered":"<p><strong>Wynajem \u0142odzi motorowej w zatoce Soma do Dolphin House <\/strong><strong> i snorkeling<\/strong> <strong>z delfinami + miejsca do snorkelingu <\/strong><strong>z<\/strong> biletami, napojami i transferem.<\/p>\n<p style=\"text-align: center;\"><span style=\"color: #00ccff;\">Najpi\u0119kniejsza zatoka Soma <strong>Rodzinne atrakcje<\/strong>, <strong>Rzeczy do zrobienia z dzie\u0107mi<\/strong>, Seniorzy, <strong>Miesi\u0105c miodowy<\/strong> i <strong>Para<\/strong>.<\/span><\/p>\n<p>&nbsp;<\/p>\n","protected":false},"featured_media":486282,"template":"","meta":{"_joinchat":[]},"product_brand":[],"product_cat":[36264],"product_tag":[55333,55355,55326,55731,55304,55375,55361,55315,55338,55349,55368,55586,55753,55278,55285,55297,55738,55309,55344,55321,55271,55291],"class_list":{"0":"post-384754","1":"product","2":"type-product","3":"status-publish","4":"has-post-thumbnail","6":"product_cat-tours-pl","7":"product_tag-czartery-lodzi-w-zatoce-soma","8":"product_tag-dolphin-house-soma-bay-pl","9":"product_tag-lodz-motorowa-soma-bay","10":"product_tag-miejsca-warte-odwiedzenia-w-soma-bay","11":"product_tag-nurkowanie-soma-bay","12":"product_tag-orange-bay-island-soma-bay-pl","13":"product_tag-piracka-lodz-soma-bay","14":"product_tag-plywanie-z-delfinami-soma-bay","15":"product_tag-prywatna-lodz-soma-bay","16":"product_tag-prywatna-wycieczka-lodzia-po-zatoce-soma","17":"product_tag-rajska-wyspa-soma-bay","18":"product_tag-romantyczne-rzeczy-do-zrobienia-w-miejscu-takim-jak-soma-bay","19":"product_tag-romantyczne-wycieczki-po-zatoce-soma","20":"product_tag-soma-bay-atrakcje-dla-calej-rodziny","21":"product_tag-soma-bay-wycieczki-przyjazne-dzieciom","22":"product_tag-soma-bay-snorkeling-trips-pl","23":"product_tag-wycieczki-jednodniowe-z-soma-bay","24":"product_tag-wycieczki-lodzia-po-zatoce-soma","25":"product_tag-wypozyczalnia-lodzi-soma-bay","26":"product_tag-wyspa-giftun-zatoka-soma","27":"product_tag-zajecia-dla-2-latkow-z-soma-bay","28":"product_tag-zajecia-dla-dzieci-w-soma-bay","29":"tour_category-snorkeling-wycieczka-w-soma-bay","30":"tour_category-soma-bay-wycieczki","32":"first","33":"instock","34":"sale","35":"shipping-taxable","36":"purchasable","37":"product-type-tour"},"yoast_head":"<!-- This site is optimized with the Yoast SEO Premium plugin v26.9 (Yoast SEO v27.2) - https:\/\/yoast.com\/product\/yoast-seo-premium-wordpress\/ -->\n<title>Wynajem \u0142odzi motorowej w zatoce Soma do Dolphin House i nurkowanie z rurk\u0105<\/title>\n<meta name=\"description\" content=\"Wynajem \u0142odzi motorowej w zatoce Soma do Dolphin House i snorkeling z delfinami + miejsca do snorkelingu z biletami, napojami i transferem.\" \/>\n<meta name=\"robots\" content=\"index, follow, max-snippet:-1, max-image-preview:large, max-video-preview:-1\" \/>\n<link rel=\"canonical\" href=\"https:\/\/hurghadalovers.com\/pl\/tours\/soma-bay-speedboat-rental-to-dolphin-house-snorkeling\/\" \/>\n<meta property=\"og:locale\" content=\"pl_PL\" \/>\n<meta property=\"og:type\" content=\"article\" \/>\n<meta property=\"og:title\" content=\"Wynajem \u0142odzi motorowej w zatoce Soma do Dolphin House i nurkowanie z rurk\u0105\" \/>\n<meta property=\"og:description\" content=\"Wynajem \u0142odzi motorowej w zatoce Soma do Dolphin House i snorkeling z delfinami + miejsca do snorkelingu z biletami, napojami i transferem.\" \/>\n<meta property=\"og:url\" content=\"https:\/\/hurghadalovers.com\/pl\/tours\/soma-bay-speedboat-rental-to-dolphin-house-snorkeling\/\" \/>\n<meta property=\"og:site_name\" content=\"Hurghada Excursions &amp; Day Trips | Booking Best Prices Tours\" \/>\n<meta property=\"article:publisher\" content=\"https:\/\/www.facebook.com\/Hurghadaloversegypt\" \/>\n<meta property=\"article:modified_time\" content=\"2026-02-09T01:36:46+00:00\" \/>\n<meta property=\"og:image\" content=\"https:\/\/hurghadalovers.com\/wp-content\/uploads\/2025\/07\/Abu-Minqar-Hurghada-Trips-by-speedboat-All-inclusive-2028.jpeg\" \/>\n\t<meta property=\"og:image:width\" content=\"1156\" \/>\n\t<meta property=\"og:image:height\" content=\"867\" \/>\n\t<meta property=\"og:image:type\" content=\"image\/jpeg\" \/>\n<meta name=\"twitter:card\" content=\"summary_large_image\" \/>\n<meta name=\"twitter:label1\" content=\"Cena\" \/>\n\t<meta name=\"twitter:data1\" content=\"&euro;&nbsp;250\" \/>\n\t<meta name=\"twitter:label2\" content=\"Dost\u0119pno\u015b\u0107\" \/>\n\t<meta name=\"twitter:data2\" content=\"Dost\u0119pny\" \/>\n<script type=\"application\/ld+json\" class=\"yoast-schema-graph\">{\"@context\":\"https:\/\/schema.org\",\"@graph\":[{\"@type\":[\"WebPage\",\"ItemPage\"],\"@id\":\"https:\/\/hurghadalovers.com\/pl\/tours\/soma-bay-speedboat-rental-to-dolphin-house-snorkeling\/\",\"url\":\"https:\/\/hurghadalovers.com\/pl\/tours\/soma-bay-speedboat-rental-to-dolphin-house-snorkeling\/\",\"name\":\"Wynajem \u0142odzi motorowej w zatoce Soma do Dolphin House i nurkowanie z rurk\u0105\",\"isPartOf\":{\"@id\":\"https:\/\/hurghadalovers.com\/pl\/#website\"},\"primaryImageOfPage\":{\"@id\":\"https:\/\/hurghadalovers.com\/pl\/tours\/soma-bay-speedboat-rental-to-dolphin-house-snorkeling\/#primaryimage\"},\"image\":{\"@id\":\"https:\/\/hurghadalovers.com\/pl\/tours\/soma-bay-speedboat-rental-to-dolphin-house-snorkeling\/#primaryimage\"},\"thumbnailUrl\":\"https:\/\/hurghadalovers.com\/wp-content\/uploads\/2025\/07\/Abu-Minqar-Hurghada-Trips-by-speedboat-All-inclusive-2028.jpeg\",\"datePublished\":\"2023-08-27T10:12:44+00:00\",\"dateModified\":\"2026-02-09T01:36:46+00:00\",\"description\":\"Wynajem \u0142odzi motorowej w zatoce Soma do Dolphin House i snorkeling z delfinami + miejsca do snorkelingu z biletami, napojami i transferem.\",\"breadcrumb\":{\"@id\":\"https:\/\/hurghadalovers.com\/pl\/tours\/soma-bay-speedboat-rental-to-dolphin-house-snorkeling\/#breadcrumb\"},\"inLanguage\":\"pl-PL\",\"potentialAction\":[{\"@type\":\"ReadAction\",\"target\":[\"https:\/\/hurghadalovers.com\/pl\/tours\/soma-bay-speedboat-rental-to-dolphin-house-snorkeling\/\"]}]},{\"@type\":\"ImageObject\",\"inLanguage\":\"pl-PL\",\"@id\":\"https:\/\/hurghadalovers.com\/pl\/tours\/soma-bay-speedboat-rental-to-dolphin-house-snorkeling\/#primaryimage\",\"url\":\"https:\/\/hurghadalovers.com\/wp-content\/uploads\/2025\/07\/Abu-Minqar-Hurghada-Trips-by-speedboat-All-inclusive-2028.jpeg\",\"contentUrl\":\"https:\/\/hurghadalovers.com\/wp-content\/uploads\/2025\/07\/Abu-Minqar-Hurghada-Trips-by-speedboat-All-inclusive-2028.jpeg\",\"width\":1156,\"height\":867,\"caption\":\"Abu Minqar Hurghada Trips by speedboat All inclusive 2028\"},{\"@type\":\"BreadcrumbList\",\"@id\":\"https:\/\/hurghadalovers.com\/pl\/tours\/soma-bay-speedboat-rental-to-dolphin-house-snorkeling\/#breadcrumb\",\"itemListElement\":[{\"@type\":\"ListItem\",\"position\":1,\"name\":\"Home\",\"item\":\"https:\/\/hurghadalovers.com\/pl\/\"},{\"@type\":\"ListItem\",\"position\":2,\"name\":\"Shop\",\"item\":\"https:\/\/hurghadalovers.com\/shop\/\"},{\"@type\":\"ListItem\",\"position\":3,\"name\":\"Wynajem \u0142odzi motorowej w zatoce Soma do Dolphin House i nurkowanie z rurk\u0105\"}]},{\"@type\":\"WebSite\",\"@id\":\"https:\/\/hurghadalovers.com\/pl\/#website\",\"url\":\"https:\/\/hurghadalovers.com\/pl\/\",\"name\":\"Hurghada Excursions & Day Trips | Booking Best Prices Tours\",\"description\":\"Hurghada Lovers - Best Tour Operator - Excursions &amp; Things to do for Family Day Trips with kids and Couples Romantic. Unique .Hidden gems\",\"publisher\":{\"@id\":\"https:\/\/hurghadalovers.com\/pl\/#organization\"},\"alternateName\":\"Hurghada Excursions\",\"potentialAction\":[{\"@type\":\"SearchAction\",\"target\":{\"@type\":\"EntryPoint\",\"urlTemplate\":\"https:\/\/hurghadalovers.com\/pl\/?s={search_term_string}\"},\"query-input\":{\"@type\":\"PropertyValueSpecification\",\"valueRequired\":true,\"valueName\":\"search_term_string\"}}],\"inLanguage\":\"pl-PL\"},{\"@type\":[\"Organization\",\"Place\",\"TravelAgency\"],\"@id\":\"https:\/\/hurghadalovers.com\/pl\/#organization\",\"name\":\"Hurghada Excursions\",\"url\":\"https:\/\/hurghadalovers.com\/pl\/\",\"logo\":{\"@id\":\"https:\/\/hurghadalovers.com\/pl\/tours\/soma-bay-speedboat-rental-to-dolphin-house-snorkeling\/#local-main-organization-logo\"},\"image\":{\"@id\":\"https:\/\/hurghadalovers.com\/pl\/tours\/soma-bay-speedboat-rental-to-dolphin-house-snorkeling\/#local-main-organization-logo\"},\"sameAs\":[\"https:\/\/www.facebook.com\/Hurghadaloversegypt\"],\"address\":{\"@id\":\"https:\/\/hurghadalovers.com\/pl\/tours\/soma-bay-speedboat-rental-to-dolphin-house-snorkeling\/#local-main-place-address\"},\"telephone\":[\"00201112596434\"],\"contactPoint\":{\"@type\":\"ContactPoint\",\"telephone\":\"00201112596434\",\"email\":\"weyouface@gmail.com\"},\"openingHoursSpecification\":{\"@type\":\"OpeningHoursSpecification\",\"dayOfWeek\":[\"Monday\",\"Tuesday\",\"Wednesday\",\"Thursday\",\"Friday\",\"Saturday\",\"Sunday\"],\"opens\":\"00:00\",\"closes\":\"23:59\"},\"email\":\"weyouface@gmail.com\",\"areaServed\":\"Luxor, Hurghada, El Gouna, Aswan, Sharm El Sheikh, Giza, Alexandria, Marsa Alam, Quseir, Soma Bay, Sahl Hasheesh, Red Sea, Makadi Bay, Cairo\",\"priceRange\":\"$\",\"currenciesAccepted\":\"euro\",\"paymentAccepted\":\"cash on site\"},{\"@type\":\"PostalAddress\",\"@id\":\"https:\/\/hurghadalovers.com\/pl\/tours\/soma-bay-speedboat-rental-to-dolphin-house-snorkeling\/#local-main-place-address\",\"streetAddress\":\"17 Banks street, Alkawther area, top nbk bank\",\"addressLocality\":\"hurghada\",\"postalCode\":\"84511\",\"addressRegion\":\"red sea\",\"addressCountry\":\"EG\"},{\"@type\":\"ImageObject\",\"inLanguage\":\"pl-PL\",\"@id\":\"https:\/\/hurghadalovers.com\/pl\/tours\/soma-bay-speedboat-rental-to-dolphin-house-snorkeling\/#local-main-organization-logo\",\"url\":\"https:\/\/hurghadalovers.com\/wp-content\/uploads\/2019\/10\/hurghada-excursions-logo.png\",\"contentUrl\":\"https:\/\/hurghadalovers.com\/wp-content\/uploads\/2019\/10\/hurghada-excursions-logo.png\",\"width\":272,\"height\":90,\"caption\":\"Hurghada Excursions\"}]}<\/script>\n<meta property=\"product:brand\" content=\"Nurkowanie Z Rurk\u0105 z Soma bay\" \/>\n<meta property=\"product:price:amount\" content=\"250\" \/>\n<meta property=\"product:price:currency\" content=\"EUR\" \/>\n<meta property=\"og:availability\" content=\"instock\" \/>\n<meta property=\"product:availability\" content=\"instock\" \/>\n<meta property=\"product:retailer_item_id\" content=\"PrivateSoma072024\" \/>\n<meta property=\"product:condition\" content=\"new\" \/>\n<meta name=\"geo.placename\" content=\"hurghada\" \/>\n<meta name=\"geo.region\" content=\"Egipt\" \/>\n<!-- \/ Yoast SEO Premium plugin. -->","yoast_head_json":{"title":"Wynajem \u0142odzi motorowej w zatoce Soma do Dolphin House i nurkowanie z rurk\u0105","description":"Wynajem \u0142odzi motorowej w zatoce Soma do Dolphin House i snorkeling z delfinami + miejsca do snorkelingu z biletami, napojami i transferem.","robots":{"index":"index","follow":"follow","max-snippet":"max-snippet:-1","max-image-preview":"max-image-preview:large","max-video-preview":"max-video-preview:-1"},"canonical":"https:\/\/hurghadalovers.com\/pl\/tours\/soma-bay-speedboat-rental-to-dolphin-house-snorkeling\/","og_locale":"pl_PL","og_type":"article","og_title":"Wynajem \u0142odzi motorowej w zatoce Soma do Dolphin House i nurkowanie z rurk\u0105","og_description":"Wynajem \u0142odzi motorowej w zatoce Soma do Dolphin House i snorkeling z delfinami + miejsca do snorkelingu z biletami, napojami i transferem.","og_url":"https:\/\/hurghadalovers.com\/pl\/tours\/soma-bay-speedboat-rental-to-dolphin-house-snorkeling\/","og_site_name":"Hurghada Excursions &amp; Day Trips | Booking Best Prices Tours","article_publisher":"https:\/\/www.facebook.com\/Hurghadaloversegypt","article_modified_time":"2026-02-09T01:36:46+00:00","og_image":[{"width":1156,"height":867,"url":"https:\/\/hurghadalovers.com\/wp-content\/uploads\/2025\/07\/Abu-Minqar-Hurghada-Trips-by-speedboat-All-inclusive-2028.jpeg","type":"image\/jpeg"}],"twitter_card":"summary_large_image","twitter_misc":{"Cena":"&euro;&nbsp;250","Dost\u0119pno\u015b\u0107":"Dost\u0119pny"},"schema":{"@context":"https:\/\/schema.org","@graph":[{"@type":["WebPage","ItemPage"],"@id":"https:\/\/hurghadalovers.com\/pl\/tours\/soma-bay-speedboat-rental-to-dolphin-house-snorkeling\/","url":"https:\/\/hurghadalovers.com\/pl\/tours\/soma-bay-speedboat-rental-to-dolphin-house-snorkeling\/","name":"Wynajem \u0142odzi motorowej w zatoce Soma do Dolphin House i nurkowanie z rurk\u0105","isPartOf":{"@id":"https:\/\/hurghadalovers.com\/pl\/#website"},"primaryImageOfPage":{"@id":"https:\/\/hurghadalovers.com\/pl\/tours\/soma-bay-speedboat-rental-to-dolphin-house-snorkeling\/#primaryimage"},"image":{"@id":"https:\/\/hurghadalovers.com\/pl\/tours\/soma-bay-speedboat-rental-to-dolphin-house-snorkeling\/#primaryimage"},"thumbnailUrl":"https:\/\/hurghadalovers.com\/wp-content\/uploads\/2025\/07\/Abu-Minqar-Hurghada-Trips-by-speedboat-All-inclusive-2028.jpeg","datePublished":"2023-08-27T10:12:44+00:00","dateModified":"2026-02-09T01:36:46+00:00","description":"Wynajem \u0142odzi motorowej w zatoce Soma do Dolphin House i snorkeling z delfinami + miejsca do snorkelingu z biletami, napojami i transferem.","breadcrumb":{"@id":"https:\/\/hurghadalovers.com\/pl\/tours\/soma-bay-speedboat-rental-to-dolphin-house-snorkeling\/#breadcrumb"},"inLanguage":"pl-PL","potentialAction":[{"@type":"ReadAction","target":["https:\/\/hurghadalovers.com\/pl\/tours\/soma-bay-speedboat-rental-to-dolphin-house-snorkeling\/"]}]},{"@type":"ImageObject","inLanguage":"pl-PL","@id":"https:\/\/hurghadalovers.com\/pl\/tours\/soma-bay-speedboat-rental-to-dolphin-house-snorkeling\/#primaryimage","url":"https:\/\/hurghadalovers.com\/wp-content\/uploads\/2025\/07\/Abu-Minqar-Hurghada-Trips-by-speedboat-All-inclusive-2028.jpeg","contentUrl":"https:\/\/hurghadalovers.com\/wp-content\/uploads\/2025\/07\/Abu-Minqar-Hurghada-Trips-by-speedboat-All-inclusive-2028.jpeg","width":1156,"height":867,"caption":"Abu Minqar Hurghada Trips by speedboat All inclusive 2028"},{"@type":"BreadcrumbList","@id":"https:\/\/hurghadalovers.com\/pl\/tours\/soma-bay-speedboat-rental-to-dolphin-house-snorkeling\/#breadcrumb","itemListElement":[{"@type":"ListItem","position":1,"name":"Home","item":"https:\/\/hurghadalovers.com\/pl\/"},{"@type":"ListItem","position":2,"name":"Shop","item":"https:\/\/hurghadalovers.com\/shop\/"},{"@type":"ListItem","position":3,"name":"Wynajem \u0142odzi motorowej w zatoce Soma do Dolphin House i nurkowanie z rurk\u0105"}]},{"@type":"WebSite","@id":"https:\/\/hurghadalovers.com\/pl\/#website","url":"https:\/\/hurghadalovers.com\/pl\/","name":"Hurghada Excursions & Day Trips | Booking Best Prices Tours","description":"Hurghada Lovers - Best Tour Operator - Excursions &amp; Things to do for Family Day Trips with kids and Couples Romantic. Unique .Hidden gems","publisher":{"@id":"https:\/\/hurghadalovers.com\/pl\/#organization"},"alternateName":"Hurghada Excursions","potentialAction":[{"@type":"SearchAction","target":{"@type":"EntryPoint","urlTemplate":"https:\/\/hurghadalovers.com\/pl\/?s={search_term_string}"},"query-input":{"@type":"PropertyValueSpecification","valueRequired":true,"valueName":"search_term_string"}}],"inLanguage":"pl-PL"},{"@type":["Organization","Place","TravelAgency"],"@id":"https:\/\/hurghadalovers.com\/pl\/#organization","name":"Hurghada Excursions","url":"https:\/\/hurghadalovers.com\/pl\/","logo":{"@id":"https:\/\/hurghadalovers.com\/pl\/tours\/soma-bay-speedboat-rental-to-dolphin-house-snorkeling\/#local-main-organization-logo"},"image":{"@id":"https:\/\/hurghadalovers.com\/pl\/tours\/soma-bay-speedboat-rental-to-dolphin-house-snorkeling\/#local-main-organization-logo"},"sameAs":["https:\/\/www.facebook.com\/Hurghadaloversegypt"],"address":{"@id":"https:\/\/hurghadalovers.com\/pl\/tours\/soma-bay-speedboat-rental-to-dolphin-house-snorkeling\/#local-main-place-address"},"telephone":["00201112596434"],"contactPoint":{"@type":"ContactPoint","telephone":"00201112596434","email":"weyouface@gmail.com"},"openingHoursSpecification":{"@type":"OpeningHoursSpecification","dayOfWeek":["Monday","Tuesday","Wednesday","Thursday","Friday","Saturday","Sunday"],"opens":"00:00","closes":"23:59"},"email":"weyouface@gmail.com","areaServed":"Luxor, Hurghada, El Gouna, Aswan, Sharm El Sheikh, Giza, Alexandria, Marsa Alam, Quseir, Soma Bay, Sahl Hasheesh, Red Sea, Makadi Bay, Cairo","priceRange":"$","currenciesAccepted":"euro","paymentAccepted":"cash on site"},{"@type":"PostalAddress","@id":"https:\/\/hurghadalovers.com\/pl\/tours\/soma-bay-speedboat-rental-to-dolphin-house-snorkeling\/#local-main-place-address","streetAddress":"17 Banks street, Alkawther area, top nbk bank","addressLocality":"hurghada","postalCode":"84511","addressRegion":"red sea","addressCountry":"EG"},{"@type":"ImageObject","inLanguage":"pl-PL","@id":"https:\/\/hurghadalovers.com\/pl\/tours\/soma-bay-speedboat-rental-to-dolphin-house-snorkeling\/#local-main-organization-logo","url":"https:\/\/hurghadalovers.com\/wp-content\/uploads\/2019\/10\/hurghada-excursions-logo.png","contentUrl":"https:\/\/hurghadalovers.com\/wp-content\/uploads\/2019\/10\/hurghada-excursions-logo.png","width":272,"height":90,"caption":"Hurghada Excursions"}]},"product_brand":"Nurkowanie Z Rurk\u0105 z Soma bay","product_price_amount":"250","product_price_currency":"EUR","og_availability":"instock","product_availability":"instock","product_retailer_item_id":"PrivateSoma072024","product_condition":"new","geo.placename":"hurghada","geo.region":"Egipt"},"_links":{"self":[{"href":"https:\/\/hurghadalovers.com\/pl\/wp-json\/wp\/v2\/product\/384754","targetHints":{"allow":["GET"]}}],"collection":[{"href":"https:\/\/hurghadalovers.com\/pl\/wp-json\/wp\/v2\/product"}],"about":[{"href":"https:\/\/hurghadalovers.com\/pl\/wp-json\/wp\/v2\/types\/product"}],"wp:featuredmedia":[{"embeddable":true,"href":"https:\/\/hurghadalovers.com\/pl\/wp-json\/wp\/v2\/media\/486282"}],"wp:attachment":[{"href":"https:\/\/hurghadalovers.com\/pl\/wp-json\/wp\/v2\/media?parent=384754"}],"wp:term":[{"taxonomy":"product_brand","embeddable":true,"href":"https:\/\/hurghadalovers.com\/pl\/wp-json\/wp\/v2\/product_brand?post=384754"},{"taxonomy":"product_cat","embeddable":true,"href":"https:\/\/hurghadalovers.com\/pl\/wp-json\/wp\/v2\/product_cat?post=384754"},{"taxonomy":"product_tag","embeddable":true,"href":"https:\/\/hurghadalovers.com\/pl\/wp-json\/wp\/v2\/product_tag?post=384754"}],"curies":[{"name":"wp","href":"https:\/\/api.w.org\/{rel}","templated":true}]}}