{"id":384228,"date":"2023-08-26T20:38:00","date_gmt":"2023-08-26T20:43:22","guid":{"rendered":"https:\/\/hurghadalovers.com\/shop\/bez-kategorii\/tanie-jednodniowe-wycieczki-autobusem-z-soma-bay-do-luksoru\/"},"modified":"2026-02-08T15:37:57","modified_gmt":"2026-02-08T15:37:57","slug":"cheap-soma-bay-to-luxor-day-trips-by-bus","status":"publish","type":"product","link":"https:\/\/hurghadalovers.com\/pl\/tours\/cheap-soma-bay-to-luxor-day-trips-by-bus\/","title":{"rendered":"Tanie jednodniowe wycieczki autobusem z Soma Bay do Luksoru"},"content":{"rendered":"<p><strong>Tania <\/strong> <strong>jednodniowa wycieczka autobusem<\/strong> z<strong>zatoki Soma<\/strong> <strong>do Luksoru<\/strong>, aby odwiedzi\u0107 \u015bwi\u0105tyni\u0119 Karnak, \u015bwi\u0105tyni\u0119 Hatszepsut, Kolosy Memnona z prywatnym przewodnikiem, lunchem, biletami i transferem.<\/p>\n<p style=\"text-align: center;\"><span style=\"color: #993300;\"><strong>Odkryj sekrety cywilizacji farao\u0144skiej<\/strong><\/span><\/p>\n<p>&nbsp;<\/p>\n<p><strong>Najwa\u017cniejsze wydarzenia:<\/strong><\/p>\n<ol>\n<li>\u015awi\u0105tynia Karnak.<\/li>\n<li>Lunch w restauracji &#8222;Vegetarians Food is available&#8221;.<\/li>\n<li>5min Felucca na rzece Nil.<\/li>\n<li>Kolosy Memnona.<\/li>\n<li>\u015awi\u0105tynia grobowa Hatszepsut.<\/li>\n<\/ol>\n<p><strong>Tani <\/strong><strong>Zatoka Soma<\/strong> <strong>Do Luksoru jednodniowe wycieczki autobusem Szczeg\u00f3\u0142y:<\/strong><\/p>\n<ul>\n<li>Dost\u0119pno\u015b\u0107 wycieczki: Codziennie.<\/li>\n<li>Typ wycieczki: Grupa.<\/li>\n<li>Czas odbioru: zaczyna si\u0119 od 05:00 rano.<\/li>\n<li>Pro\u015bba hotelu o otrzymanie torby \u015bniadaniowej wraz z porankiem.<\/li>\n<li>Czas odbioru: 19:30.<\/li>\n<li>Dost\u0119p dla w\u00f3zk\u00f3w inwalidzkich.<\/li>\n<li>Czas trwania: 20 godz.<\/li>\n<\/ul>\n<p><strong>Zarezerwuj teraz i zap\u0142a\u0107 p\u00f3\u017aniej:<\/strong><\/p>\n<ul>\n<li>Got\u00f3wka na miejscu dla przewodnika.<\/li>\n<li>P\u0142atno\u015b\u0107 w funtach egipskich, $, \u20ac lub \u00a3.<\/li>\n<\/ul>\n<p><strong>Zasady anulowania rezerwacji:<\/strong><\/p>\n<ul>\n<li>mo\u017cna anulowa\u0107 z maksymalnie 24-godzinnym wyprzedzeniem.<\/li>\n<li>Je\u015bli kto\u015b z rodziny anuluje poranek, zap\u0142aci 50% koszt\u00f3w.<\/li>\n<\/ul>\n<p><strong>Co wchodzi w sk\u0142ad zestawu?<\/strong><\/p>\n<ul>\n<li>Transfer z Soma Bay Hotels &#8222;Hotel pick up and drop off&#8221;.<\/li>\n<li>Wszystkie podatki, bilety, op\u0142aty za wst\u0119p i op\u0142aty manipulacyjne.<\/li>\n<li>Transfery.<\/li>\n<li>Przewodnik turystyczny.<\/li>\n<li>Lunch w restauracji.<\/li>\n<\/ul>\n<p><strong>Wy\u0142\u0105czenia?<\/strong><\/p>\n<ul>\n<li>Napiwki.<\/li>\n<li>Wycieczka Felucca &#8222;Rejs \u0142odzi\u0105&#8221; Przez 35 min= 10$.<\/li>\n<li>Wszelkie niewymienione dodatki.<\/li>\n<\/ul>\n<p><strong>Ceny:<\/strong><\/p>\n<ul>\n<li><strong>Cena dla osoby doros\u0142ej = <\/strong><strong>55 USD za osob\u0119<\/strong>.<\/li>\n<li>Cena dla dzieci &#8222;5-12\u2033 = 50%.<\/li>\n<li>dla dzieci &#8222;0-5\u2033= Bezp\u0142atnie.<\/li>\n<\/ul>\n<p>&nbsp;<\/p>\n<p><strong>Recenzje:<\/strong><\/p>\n<p>sprawd\u017a nasze opinie na mapie Google jako najlepszy <a href=\"https:\/\/g.page\/r\/CUeYvkngP3wkEBM\/review\">organizator<\/a> wycieczek online w <a href=\"https:\/\/hurghadalovers.com\/\">Hurghadzie<\/a> w Egipcie.<\/p>\n<p>&nbsp;<\/p>\n<p><strong>Rezerwacja:<\/strong><\/p>\n<p>Wy\u015blij hotel + numer pokoju + paszporty ze zdj\u0119ciem na WhatsApp: <strong>+201112596434<\/strong><\/p>\n<p>Je\u015bli jeste\u015b w Egipcie Rezerwuj teraz online i potwierd\u017a po przyje\u017adzie Hotel.<\/p>\n<p>&nbsp;<\/p>\n<p>&nbsp;<\/p>\n","protected":false},"excerpt":{"rendered":"<p><strong>Tania <\/strong> <strong>jednodniowa wycieczka autobusem<\/strong> z<strong>zatoki Soma<\/strong> <strong>do Luksoru<\/strong>, aby odwiedzi\u0107 \u015bwi\u0105tyni\u0119 Karnak, \u015bwi\u0105tyni\u0119 Hatszepsut, Kolosy Memnona z prywatnym przewodnikiem, lunchem, biletami i transferem.<\/p>\n","protected":false},"featured_media":384170,"template":"","meta":{"_joinchat":[]},"product_brand":[],"product_cat":[36264],"product_tag":[55395,55562,55402,55382,55782,55594,55731,55572,55743,55778,55579,55429,55415,55389,55738,55408],"class_list":{"0":"post-384228","1":"product","2":"type-product","3":"status-publish","4":"has-post-thumbnail","6":"product_cat-tours-pl","7":"product_tag-autobus-z-soma-bay-do-luksoru","8":"product_tag-ciekawe-miejsca-z-soma-bay-do-ktorych-warto-wybrac-sie-z-rodzina","9":"product_tag-jednodniowa-wycieczka-do-luksoru-z-soma-bay","10":"product_tag-jednodniowa-wycieczka-z-soma-bay-do-luksoru","11":"product_tag-jednodniowe-wycieczki-z-soma-bay","12":"product_tag-kryte-atrakcje-dla-par-soma-bay","13":"product_tag-miejsca-warte-odwiedzenia-w-soma-bay","14":"product_tag-rodzinne-atrakcje-w-miejscu-takim-jak-soma-bay","15":"product_tag-romantyczne-atrakcje-dla-par-w-soma-bay","16":"product_tag-rzeczy-do-zobaczenia-w-miejscu-takim-jak-soma-bay","17":"product_tag-soma-bay-niedrogie-wycieczki-dla-rodzin","18":"product_tag-transfer-z-luksoru-do-soma-bay","19":"product_tag-wycieczka-do-luksoru-z-soma-bay-pl","20":"product_tag-wycieczka-do-luksoru-z-soma-bay","21":"product_tag-wycieczki-jednodniowe-z-soma-bay","22":"product_tag-wycieczki-z-soma-bay-do-luksoru","23":"tour_category-soma-bay-wycieczki","24":"tour_category-luksor-wycieczki-z-soma-bay","26":"first","27":"instock","28":"sale","29":"shipping-taxable","30":"purchasable","31":"product-type-tour"},"yoast_head":"<!-- This site is optimized with the Yoast SEO Premium plugin v26.9 (Yoast SEO v27.2) - https:\/\/yoast.com\/product\/yoast-seo-premium-wordpress\/ -->\n<title>Tanie jednodniowe wycieczki autobusem z zatoki Soma do Luksoru, aby odwiedzi\u0107 \u015bwi\u0105tyni\u0119 Karnak<\/title>\n<meta name=\"description\" content=\"Tania jednodniowa wycieczka autobusem z zatoki Soma do Luksoru, aby odwiedzi\u0107 \u015bwi\u0105tyni\u0119 Karnak, \u015bwi\u0105tyni\u0119 Hatszepsut, Kolosy Memnona z prywatnym przewodnikiem, lunchem, biletami i transferem.\" \/>\n<meta name=\"robots\" content=\"index, follow, max-snippet:-1, max-image-preview:large, max-video-preview:-1\" \/>\n<link rel=\"canonical\" href=\"https:\/\/hurghadalovers.com\/pl\/tours\/cheap-soma-bay-to-luxor-day-trips-by-bus\/\" \/>\n<meta property=\"og:locale\" content=\"pl_PL\" \/>\n<meta property=\"og:type\" content=\"article\" \/>\n<meta property=\"og:title\" content=\"Tanie jednodniowe wycieczki autobusem z Soma Bay do Luksoru\" \/>\n<meta property=\"og:description\" content=\"Tania jednodniowa wycieczka autobusem z zatoki Soma do Luksoru, aby odwiedzi\u0107 \u015bwi\u0105tyni\u0119 Karnak, \u015bwi\u0105tyni\u0119 Hatszepsut, Kolosy Memnona z prywatnym przewodnikiem, lunchem, biletami i transferem.\" \/>\n<meta property=\"og:url\" content=\"https:\/\/hurghadalovers.com\/pl\/tours\/cheap-soma-bay-to-luxor-day-trips-by-bus\/\" \/>\n<meta property=\"og:site_name\" content=\"Hurghada Excursions &amp; Day Trips | Booking Best Prices Tours\" \/>\n<meta property=\"article:publisher\" content=\"https:\/\/www.facebook.com\/Hurghadaloversegypt\" \/>\n<meta property=\"article:modified_time\" content=\"2026-02-08T15:37:57+00:00\" \/>\n<meta property=\"og:image\" content=\"https:\/\/hurghadalovers.com\/wp-content\/uploads\/2023\/08\/Cheap-Soma-bay-To-Luxor-Day-Trips-by-Bus.jpeg\" \/>\n\t<meta property=\"og:image:width\" content=\"1536\" \/>\n\t<meta property=\"og:image:height\" content=\"1154\" \/>\n\t<meta property=\"og:image:type\" content=\"image\/jpeg\" \/>\n<meta name=\"twitter:card\" content=\"summary_large_image\" \/>\n<meta name=\"twitter:label1\" content=\"Cena\" \/>\n\t<meta name=\"twitter:data1\" content=\"&euro;&nbsp;55\" \/>\n\t<meta name=\"twitter:label2\" content=\"Dost\u0119pno\u015b\u0107\" \/>\n\t<meta name=\"twitter:data2\" content=\"Dost\u0119pny\" \/>\n<script type=\"application\/ld+json\" class=\"yoast-schema-graph\">{\"@context\":\"https:\/\/schema.org\",\"@graph\":[{\"@type\":[\"WebPage\",\"ItemPage\"],\"@id\":\"https:\/\/hurghadalovers.com\/pl\/tours\/cheap-soma-bay-to-luxor-day-trips-by-bus\/\",\"url\":\"https:\/\/hurghadalovers.com\/pl\/tours\/cheap-soma-bay-to-luxor-day-trips-by-bus\/\",\"name\":\"Tanie jednodniowe wycieczki autobusem z zatoki Soma do Luksoru, aby odwiedzi\u0107 \u015bwi\u0105tyni\u0119 Karnak\",\"isPartOf\":{\"@id\":\"https:\/\/hurghadalovers.com\/pl\/#website\"},\"primaryImageOfPage\":{\"@id\":\"https:\/\/hurghadalovers.com\/pl\/tours\/cheap-soma-bay-to-luxor-day-trips-by-bus\/#primaryimage\"},\"image\":{\"@id\":\"https:\/\/hurghadalovers.com\/pl\/tours\/cheap-soma-bay-to-luxor-day-trips-by-bus\/#primaryimage\"},\"thumbnailUrl\":\"https:\/\/hurghadalovers.com\/wp-content\/uploads\/2023\/08\/Cheap-Soma-bay-To-Luxor-Day-Trips-by-Bus.jpeg\",\"datePublished\":\"2023-08-26T20:43:22+00:00\",\"dateModified\":\"2026-02-08T15:37:57+00:00\",\"description\":\"Tania jednodniowa wycieczka autobusem z zatoki Soma do Luksoru, aby odwiedzi\u0107 \u015bwi\u0105tyni\u0119 Karnak, \u015bwi\u0105tyni\u0119 Hatszepsut, Kolosy Memnona z prywatnym przewodnikiem, lunchem, biletami i transferem.\",\"breadcrumb\":{\"@id\":\"https:\/\/hurghadalovers.com\/pl\/tours\/cheap-soma-bay-to-luxor-day-trips-by-bus\/#breadcrumb\"},\"inLanguage\":\"pl-PL\",\"potentialAction\":[{\"@type\":\"ReadAction\",\"target\":[\"https:\/\/hurghadalovers.com\/pl\/tours\/cheap-soma-bay-to-luxor-day-trips-by-bus\/\"]}]},{\"@type\":\"ImageObject\",\"inLanguage\":\"pl-PL\",\"@id\":\"https:\/\/hurghadalovers.com\/pl\/tours\/cheap-soma-bay-to-luxor-day-trips-by-bus\/#primaryimage\",\"url\":\"https:\/\/hurghadalovers.com\/wp-content\/uploads\/2023\/08\/Cheap-Soma-bay-To-Luxor-Day-Trips-by-Bus.jpeg\",\"contentUrl\":\"https:\/\/hurghadalovers.com\/wp-content\/uploads\/2023\/08\/Cheap-Soma-bay-To-Luxor-Day-Trips-by-Bus.jpeg\",\"width\":1536,\"height\":1154,\"caption\":\"Tanie jednodniowe wycieczki autobusem z Soma Bay do Luksoru\"},{\"@type\":\"BreadcrumbList\",\"@id\":\"https:\/\/hurghadalovers.com\/pl\/tours\/cheap-soma-bay-to-luxor-day-trips-by-bus\/#breadcrumb\",\"itemListElement\":[{\"@type\":\"ListItem\",\"position\":1,\"name\":\"Home\",\"item\":\"https:\/\/hurghadalovers.com\/pl\/\"},{\"@type\":\"ListItem\",\"position\":2,\"name\":\"Shop\",\"item\":\"https:\/\/hurghadalovers.com\/shop\/\"},{\"@type\":\"ListItem\",\"position\":3,\"name\":\"Tanie jednodniowe wycieczki autobusem z Soma Bay do Luksoru\"}]},{\"@type\":\"WebSite\",\"@id\":\"https:\/\/hurghadalovers.com\/pl\/#website\",\"url\":\"https:\/\/hurghadalovers.com\/pl\/\",\"name\":\"Hurghada Excursions & Day Trips | Booking Best Prices Tours\",\"description\":\"Hurghada Lovers - Best Tour Operator - Excursions &amp; Things to do for Family Day Trips with kids and Couples Romantic. Unique .Hidden gems\",\"publisher\":{\"@id\":\"https:\/\/hurghadalovers.com\/pl\/#organization\"},\"alternateName\":\"Hurghada Excursions\",\"potentialAction\":[{\"@type\":\"SearchAction\",\"target\":{\"@type\":\"EntryPoint\",\"urlTemplate\":\"https:\/\/hurghadalovers.com\/pl\/?s={search_term_string}\"},\"query-input\":{\"@type\":\"PropertyValueSpecification\",\"valueRequired\":true,\"valueName\":\"search_term_string\"}}],\"inLanguage\":\"pl-PL\"},{\"@type\":[\"Organization\",\"Place\",\"TravelAgency\"],\"@id\":\"https:\/\/hurghadalovers.com\/pl\/#organization\",\"name\":\"Hurghada Excursions\",\"url\":\"https:\/\/hurghadalovers.com\/pl\/\",\"logo\":{\"@id\":\"https:\/\/hurghadalovers.com\/pl\/tours\/cheap-soma-bay-to-luxor-day-trips-by-bus\/#local-main-organization-logo\"},\"image\":{\"@id\":\"https:\/\/hurghadalovers.com\/pl\/tours\/cheap-soma-bay-to-luxor-day-trips-by-bus\/#local-main-organization-logo\"},\"sameAs\":[\"https:\/\/www.facebook.com\/Hurghadaloversegypt\"],\"address\":{\"@id\":\"https:\/\/hurghadalovers.com\/pl\/tours\/cheap-soma-bay-to-luxor-day-trips-by-bus\/#local-main-place-address\"},\"telephone\":[\"00201112596434\"],\"contactPoint\":{\"@type\":\"ContactPoint\",\"telephone\":\"00201112596434\",\"email\":\"weyouface@gmail.com\"},\"openingHoursSpecification\":{\"@type\":\"OpeningHoursSpecification\",\"dayOfWeek\":[\"Monday\",\"Tuesday\",\"Wednesday\",\"Thursday\",\"Friday\",\"Saturday\",\"Sunday\"],\"opens\":\"00:00\",\"closes\":\"23:59\"},\"email\":\"weyouface@gmail.com\",\"areaServed\":\"Luxor, Hurghada, El Gouna, Aswan, Sharm El Sheikh, Giza, Alexandria, Marsa Alam, Quseir, Soma Bay, Sahl Hasheesh, Red Sea, Makadi Bay, Cairo\",\"priceRange\":\"$\",\"currenciesAccepted\":\"euro\",\"paymentAccepted\":\"cash on site\"},{\"@type\":\"PostalAddress\",\"@id\":\"https:\/\/hurghadalovers.com\/pl\/tours\/cheap-soma-bay-to-luxor-day-trips-by-bus\/#local-main-place-address\",\"streetAddress\":\"17 Banks street, Alkawther area, top nbk bank\",\"addressLocality\":\"hurghada\",\"postalCode\":\"84511\",\"addressRegion\":\"red sea\",\"addressCountry\":\"EG\"},{\"@type\":\"ImageObject\",\"inLanguage\":\"pl-PL\",\"@id\":\"https:\/\/hurghadalovers.com\/pl\/tours\/cheap-soma-bay-to-luxor-day-trips-by-bus\/#local-main-organization-logo\",\"url\":\"https:\/\/hurghadalovers.com\/wp-content\/uploads\/2019\/10\/hurghada-excursions-logo.png\",\"contentUrl\":\"https:\/\/hurghadalovers.com\/wp-content\/uploads\/2019\/10\/hurghada-excursions-logo.png\",\"width\":272,\"height\":90,\"caption\":\"Hurghada Excursions\"}]}<\/script>\n<meta property=\"product:brand\" content=\"Soma bay Wycieczki\" \/>\n<meta property=\"product:price:amount\" content=\"55\" \/>\n<meta property=\"product:price:currency\" content=\"EUR\" \/>\n<meta property=\"og:availability\" content=\"instock\" \/>\n<meta property=\"product:availability\" content=\"instock\" \/>\n<meta property=\"product:retailer_item_id\" content=\"PrivateSomabay362024\" \/>\n<meta property=\"product:condition\" content=\"new\" \/>\n<meta name=\"geo.placename\" content=\"hurghada\" \/>\n<meta name=\"geo.region\" content=\"Egipt\" \/>\n<!-- \/ Yoast SEO Premium plugin. -->","yoast_head_json":{"title":"Tanie jednodniowe wycieczki autobusem z zatoki Soma do Luksoru, aby odwiedzi\u0107 \u015bwi\u0105tyni\u0119 Karnak","description":"Tania jednodniowa wycieczka autobusem z zatoki Soma do Luksoru, aby odwiedzi\u0107 \u015bwi\u0105tyni\u0119 Karnak, \u015bwi\u0105tyni\u0119 Hatszepsut, Kolosy Memnona z prywatnym przewodnikiem, lunchem, biletami i transferem.","robots":{"index":"index","follow":"follow","max-snippet":"max-snippet:-1","max-image-preview":"max-image-preview:large","max-video-preview":"max-video-preview:-1"},"canonical":"https:\/\/hurghadalovers.com\/pl\/tours\/cheap-soma-bay-to-luxor-day-trips-by-bus\/","og_locale":"pl_PL","og_type":"article","og_title":"Tanie jednodniowe wycieczki autobusem z Soma Bay do Luksoru","og_description":"Tania jednodniowa wycieczka autobusem z zatoki Soma do Luksoru, aby odwiedzi\u0107 \u015bwi\u0105tyni\u0119 Karnak, \u015bwi\u0105tyni\u0119 Hatszepsut, Kolosy Memnona z prywatnym przewodnikiem, lunchem, biletami i transferem.","og_url":"https:\/\/hurghadalovers.com\/pl\/tours\/cheap-soma-bay-to-luxor-day-trips-by-bus\/","og_site_name":"Hurghada Excursions &amp; Day Trips | Booking Best Prices Tours","article_publisher":"https:\/\/www.facebook.com\/Hurghadaloversegypt","article_modified_time":"2026-02-08T15:37:57+00:00","og_image":[{"width":1536,"height":1154,"url":"https:\/\/hurghadalovers.com\/wp-content\/uploads\/2023\/08\/Cheap-Soma-bay-To-Luxor-Day-Trips-by-Bus.jpeg","type":"image\/jpeg"}],"twitter_card":"summary_large_image","twitter_misc":{"Cena":"&euro;&nbsp;55","Dost\u0119pno\u015b\u0107":"Dost\u0119pny"},"schema":{"@context":"https:\/\/schema.org","@graph":[{"@type":["WebPage","ItemPage"],"@id":"https:\/\/hurghadalovers.com\/pl\/tours\/cheap-soma-bay-to-luxor-day-trips-by-bus\/","url":"https:\/\/hurghadalovers.com\/pl\/tours\/cheap-soma-bay-to-luxor-day-trips-by-bus\/","name":"Tanie jednodniowe wycieczki autobusem z zatoki Soma do Luksoru, aby odwiedzi\u0107 \u015bwi\u0105tyni\u0119 Karnak","isPartOf":{"@id":"https:\/\/hurghadalovers.com\/pl\/#website"},"primaryImageOfPage":{"@id":"https:\/\/hurghadalovers.com\/pl\/tours\/cheap-soma-bay-to-luxor-day-trips-by-bus\/#primaryimage"},"image":{"@id":"https:\/\/hurghadalovers.com\/pl\/tours\/cheap-soma-bay-to-luxor-day-trips-by-bus\/#primaryimage"},"thumbnailUrl":"https:\/\/hurghadalovers.com\/wp-content\/uploads\/2023\/08\/Cheap-Soma-bay-To-Luxor-Day-Trips-by-Bus.jpeg","datePublished":"2023-08-26T20:43:22+00:00","dateModified":"2026-02-08T15:37:57+00:00","description":"Tania jednodniowa wycieczka autobusem z zatoki Soma do Luksoru, aby odwiedzi\u0107 \u015bwi\u0105tyni\u0119 Karnak, \u015bwi\u0105tyni\u0119 Hatszepsut, Kolosy Memnona z prywatnym przewodnikiem, lunchem, biletami i transferem.","breadcrumb":{"@id":"https:\/\/hurghadalovers.com\/pl\/tours\/cheap-soma-bay-to-luxor-day-trips-by-bus\/#breadcrumb"},"inLanguage":"pl-PL","potentialAction":[{"@type":"ReadAction","target":["https:\/\/hurghadalovers.com\/pl\/tours\/cheap-soma-bay-to-luxor-day-trips-by-bus\/"]}]},{"@type":"ImageObject","inLanguage":"pl-PL","@id":"https:\/\/hurghadalovers.com\/pl\/tours\/cheap-soma-bay-to-luxor-day-trips-by-bus\/#primaryimage","url":"https:\/\/hurghadalovers.com\/wp-content\/uploads\/2023\/08\/Cheap-Soma-bay-To-Luxor-Day-Trips-by-Bus.jpeg","contentUrl":"https:\/\/hurghadalovers.com\/wp-content\/uploads\/2023\/08\/Cheap-Soma-bay-To-Luxor-Day-Trips-by-Bus.jpeg","width":1536,"height":1154,"caption":"Tanie jednodniowe wycieczki autobusem z Soma Bay do Luksoru"},{"@type":"BreadcrumbList","@id":"https:\/\/hurghadalovers.com\/pl\/tours\/cheap-soma-bay-to-luxor-day-trips-by-bus\/#breadcrumb","itemListElement":[{"@type":"ListItem","position":1,"name":"Home","item":"https:\/\/hurghadalovers.com\/pl\/"},{"@type":"ListItem","position":2,"name":"Shop","item":"https:\/\/hurghadalovers.com\/shop\/"},{"@type":"ListItem","position":3,"name":"Tanie jednodniowe wycieczki autobusem z Soma Bay do Luksoru"}]},{"@type":"WebSite","@id":"https:\/\/hurghadalovers.com\/pl\/#website","url":"https:\/\/hurghadalovers.com\/pl\/","name":"Hurghada Excursions & Day Trips | Booking Best Prices Tours","description":"Hurghada Lovers - Best Tour Operator - Excursions &amp; Things to do for Family Day Trips with kids and Couples Romantic. Unique .Hidden gems","publisher":{"@id":"https:\/\/hurghadalovers.com\/pl\/#organization"},"alternateName":"Hurghada Excursions","potentialAction":[{"@type":"SearchAction","target":{"@type":"EntryPoint","urlTemplate":"https:\/\/hurghadalovers.com\/pl\/?s={search_term_string}"},"query-input":{"@type":"PropertyValueSpecification","valueRequired":true,"valueName":"search_term_string"}}],"inLanguage":"pl-PL"},{"@type":["Organization","Place","TravelAgency"],"@id":"https:\/\/hurghadalovers.com\/pl\/#organization","name":"Hurghada Excursions","url":"https:\/\/hurghadalovers.com\/pl\/","logo":{"@id":"https:\/\/hurghadalovers.com\/pl\/tours\/cheap-soma-bay-to-luxor-day-trips-by-bus\/#local-main-organization-logo"},"image":{"@id":"https:\/\/hurghadalovers.com\/pl\/tours\/cheap-soma-bay-to-luxor-day-trips-by-bus\/#local-main-organization-logo"},"sameAs":["https:\/\/www.facebook.com\/Hurghadaloversegypt"],"address":{"@id":"https:\/\/hurghadalovers.com\/pl\/tours\/cheap-soma-bay-to-luxor-day-trips-by-bus\/#local-main-place-address"},"telephone":["00201112596434"],"contactPoint":{"@type":"ContactPoint","telephone":"00201112596434","email":"weyouface@gmail.com"},"openingHoursSpecification":{"@type":"OpeningHoursSpecification","dayOfWeek":["Monday","Tuesday","Wednesday","Thursday","Friday","Saturday","Sunday"],"opens":"00:00","closes":"23:59"},"email":"weyouface@gmail.com","areaServed":"Luxor, Hurghada, El Gouna, Aswan, Sharm El Sheikh, Giza, Alexandria, Marsa Alam, Quseir, Soma Bay, Sahl Hasheesh, Red Sea, Makadi Bay, Cairo","priceRange":"$","currenciesAccepted":"euro","paymentAccepted":"cash on site"},{"@type":"PostalAddress","@id":"https:\/\/hurghadalovers.com\/pl\/tours\/cheap-soma-bay-to-luxor-day-trips-by-bus\/#local-main-place-address","streetAddress":"17 Banks street, Alkawther area, top nbk bank","addressLocality":"hurghada","postalCode":"84511","addressRegion":"red sea","addressCountry":"EG"},{"@type":"ImageObject","inLanguage":"pl-PL","@id":"https:\/\/hurghadalovers.com\/pl\/tours\/cheap-soma-bay-to-luxor-day-trips-by-bus\/#local-main-organization-logo","url":"https:\/\/hurghadalovers.com\/wp-content\/uploads\/2019\/10\/hurghada-excursions-logo.png","contentUrl":"https:\/\/hurghadalovers.com\/wp-content\/uploads\/2019\/10\/hurghada-excursions-logo.png","width":272,"height":90,"caption":"Hurghada Excursions"}]},"product_brand":"Soma bay Wycieczki","product_price_amount":"55","product_price_currency":"EUR","og_availability":"instock","product_availability":"instock","product_retailer_item_id":"PrivateSomabay362024","product_condition":"new","geo.placename":"hurghada","geo.region":"Egipt"},"_links":{"self":[{"href":"https:\/\/hurghadalovers.com\/pl\/wp-json\/wp\/v2\/product\/384228","targetHints":{"allow":["GET"]}}],"collection":[{"href":"https:\/\/hurghadalovers.com\/pl\/wp-json\/wp\/v2\/product"}],"about":[{"href":"https:\/\/hurghadalovers.com\/pl\/wp-json\/wp\/v2\/types\/product"}],"wp:featuredmedia":[{"embeddable":true,"href":"https:\/\/hurghadalovers.com\/pl\/wp-json\/wp\/v2\/media\/384170"}],"wp:attachment":[{"href":"https:\/\/hurghadalovers.com\/pl\/wp-json\/wp\/v2\/media?parent=384228"}],"wp:term":[{"taxonomy":"product_brand","embeddable":true,"href":"https:\/\/hurghadalovers.com\/pl\/wp-json\/wp\/v2\/product_brand?post=384228"},{"taxonomy":"product_cat","embeddable":true,"href":"https:\/\/hurghadalovers.com\/pl\/wp-json\/wp\/v2\/product_cat?post=384228"},{"taxonomy":"product_tag","embeddable":true,"href":"https:\/\/hurghadalovers.com\/pl\/wp-json\/wp\/v2\/product_tag?post=384228"}],"curies":[{"name":"wp","href":"https:\/\/api.w.org\/{rel}","templated":true}]}}