{"id":384108,"date":"2023-08-26T20:21:41","date_gmt":"2023-08-26T20:21:41","guid":{"rendered":"https:\/\/hurghadalovers.com\/shop\/bez-kategorii\/soma-bay-private-luxor-dwudniowa-wycieczka-z-lotem-balonem-na-ogrzane-powietrze\/"},"modified":"2026-02-09T05:55:23","modified_gmt":"2026-02-09T05:55:23","slug":"soma-bay-private-luxor-two-days-trip-with-hot-air-balloon-ride","status":"publish","type":"product","link":"https:\/\/hurghadalovers.com\/pl\/tours\/soma-bay-private-luxor-two-days-trip-with-hot-air-balloon-ride\/","title":{"rendered":"Soma Bay Private Luxor Dwudniowa wycieczka z lotem balonem na ogrzane powietrze"},"content":{"rendered":"<p><strong>Prywatna dwudniowa wycieczka do Luksoru<\/strong> z lotem balonem na ogrzane powietrze z zatoki Soma z prywatnym przewodnikiem, biletami i lunchem.<\/p>\n<p>Odkryj zabytki farao\u0144skie w mie\u015bcie Luksor z g\u00f3ry podczas lotu <strong>balonem na ogrzane<\/strong> powietrze o wschodzie s\u0142o\u0144ca i poznaj nowe sekrety \u017cycia kr\u00f3l\u00f3w faraon\u00f3w oraz tajemnic\u0119 <strong>kr\u00f3la Tutanchamona<\/strong> i nie tylko podczas specjalnej dwudniowej wycieczki.<\/p>\n<p><strong>Najwa\u017cniejsze wydarzenia:<\/strong><\/p>\n<ol>\n<li>\u015awi\u0105tynia Karnak.<\/li>\n<li>\u015awi\u0105tynia w Luksorze.<\/li>\n<li>Jedna noc w hotelu.<\/li>\n<li>Balony na ogrzane powietrze.<\/li>\n<li>Kolosy Memnona.<\/li>\n<li>\u015awi\u0105tynia Hatszepsut.<\/li>\n<li>3 grobowce w Dolinie Kr\u00f3l\u00f3w.<\/li>\n<li>Lunch w restauracji &#8222;Vegetarians Food is available&#8221;.<\/li>\n<\/ol>\n<p><strong>Szczeg\u00f3\u0142y prywatnej dwudniowej wycieczki do Luksoru:<\/strong><\/p>\n<ul>\n<li>Dost\u0119pno\u015b\u0107 wycieczki: Codziennie.<\/li>\n<li>Rodzaj wycieczki: Prywatna samochodem lub minivanem.<\/li>\n<li>Czas odbioru: zaczyna si\u0119 od 05:00 rano.<\/li>\n<li>Pro\u015bba hotelu o otrzymanie torby \u015bniadaniowej wraz z porankiem.<\/li>\n<li>Czas odbioru: 19:00.<\/li>\n<li>Dost\u0119p dla w\u00f3zk\u00f3w inwalidzkich.<\/li>\n<li>Czas trwania: 2 dni \/ 1 noc.<\/li>\n<\/ul>\n<p><strong>Zarezerwuj teraz i zap\u0142a\u0107 p\u00f3\u017aniej:<\/strong><\/p>\n<ul>\n<li>Got\u00f3wka na miejscu dla przewodnika.<\/li>\n<li>P\u0142atno\u015b\u0107 w funtach egipskich, $, \u20ac lub \u00a3.<\/li>\n<\/ul>\n<p><strong>Zasady anulowania rezerwacji:<\/strong><\/p>\n<ul>\n<li>mo\u017cna anulowa\u0107 z maksymalnie 24-godzinnym wyprzedzeniem.<\/li>\n<li>Je\u015bli kto\u015b z rodziny anuluje poranek, zap\u0142aci 50% koszt\u00f3w.<\/li>\n<\/ul>\n<p><strong>Co wchodzi w sk\u0142ad zestawu?<\/strong><\/p>\n<ul>\n<li>Transfer z Soma Bay Hotels &#8222;Hotel pick up and drop off&#8221;.<\/li>\n<li>Wszystkie podatki, op\u0142aty za wst\u0119p i op\u0142aty manipulacyjne.<\/li>\n<li>Transfery.<\/li>\n<li>Lot balonem na ogrzane powietrze.<\/li>\n<li>Przewodnik turystyczny.<\/li>\n<li>Jedna noc w hotelu ze \u015bniadaniem.<\/li>\n<li>Napoje.<\/li>\n<li>2 Czas na lunch w restauracji.<\/li>\n<\/ul>\n<p><strong>Wy\u0142\u0105czenia?<\/strong><\/p>\n<ul>\n<li>Napiwki.<\/li>\n<li>Wycieczka Felucca &#8222;Rejs \u0142odzi\u0105&#8221; Przez 35 min= 10$.<\/li>\n<li>Wszelkie niewymienione dodatki.<\/li>\n<\/ul>\n<p><strong> <\/strong><\/p>\n<p><strong>mo\u017cna doda\u0107 w pierwszym dniu lub mo\u017cna zrelaksowa\u0107 si\u0119 w hotelu:<\/strong><\/p>\n<ul>\n<li>Prywatny 30-minutowy rejs Felucca po rzece Nil.<\/li>\n<li>Muzeum Mumifikacji.<\/li>\n<\/ul>\n<p><strong>mo\u017cna doda\u0107 w Second Day:<\/strong><\/p>\n<ul>\n<li>Kr\u00f3lowa Nefertiti w Dolinie Kr\u00f3lowych.<\/li>\n<li>Zakupy.<\/li>\n<\/ul>\n<p><strong> <\/strong><\/p>\n<p><strong>Ceny:<\/strong><\/p>\n<ul>\n<li><strong>Cena dla osoby doros\u0142ej = od<\/strong><strong>290 USD za osob\u0119<\/strong>.<\/li>\n<li>Cena dla dzieci &#8222;5-12\u2033 = 50%.<\/li>\n<li>dla dzieci &#8222;0-5\u2033= Bezp\u0142atnie.<\/li>\n<\/ul>\n<p><strong>Wi\u0119cej informacji o wycieczce na stronie <a href=\"https:\/\/hurghadalovers.com\/tours\/private-two-day-trip-to-luxor-from-hurghada\/\">Private Overnight Luxor Tour<\/a>.<\/strong><\/p>\n<p><strong> <\/strong><\/p>\n<p><strong>Opinie Prywatna dwudniowa wycieczka do Luksoru:<\/strong><\/p>\n<p>sprawd\u017a nasze opinie na mapie Google jako najlepszy <a href=\"https:\/\/g.page\/r\/CUeYvkngP3wkEBM\/review\">organizator<\/a> wycieczek online w <a href=\"https:\/\/hurghadalovers.com\/\">Hurghadzie<\/a> w Egipcie.<\/p>\n<p>&nbsp;<\/p>\n<p><strong>Rezerwacja:<\/strong><\/p>\n<p>Wy\u015blij hotel + numer pokoju + paszporty ze zdj\u0119ciem na WhatsApp: <strong>+201112596434<\/strong><\/p>\n<p>Je\u015bli jeste\u015b w Egipcie Rezerwuj teraz online i potwierd\u017a po przyje\u017adzie Hotel.<\/p>\n<p>&nbsp;<\/p>\n<p>&nbsp;<\/p>\n","protected":false},"excerpt":{"rendered":"<p>Prywatna dwudniowa wycieczka do Luksoru z lotem balonem na ogrzane powietrze z zatoki Soma z prywatnym przewodnikiem, biletami i lunchem. Tajemnica kr\u00f3la Tutenchamona i nie tylko&#8230;<\/p>\n","protected":false},"featured_media":384065,"template":"","meta":{"_joinchat":[]},"product_brand":[],"product_cat":[36264],"product_tag":[55395,55440,55402,55382,55782,55731,55435,51221,55717,55724,55586,55753,55778,55429,55415,55389,55738,55408,55291,55421],"class_list":{"0":"post-384108","1":"product","2":"type-product","3":"status-publish","4":"has-post-thumbnail","6":"product_cat-tours-pl","7":"product_tag-autobus-z-soma-bay-do-luksoru","8":"product_tag-balon-na-ogrzane-powietrze-soma-bay","9":"product_tag-jednodniowa-wycieczka-do-luksoru-z-soma-bay","10":"product_tag-jednodniowa-wycieczka-z-soma-bay-do-luksoru","11":"product_tag-jednodniowe-wycieczki-z-soma-bay","12":"product_tag-miejsca-warte-odwiedzenia-w-soma-bay","13":"product_tag-prywatna-wycieczka-do-luksoru-z-soma-bay","14":"product_tag-prywatne-wycieczki-po-luksorze","15":"product_tag-rodzinne-atrakcje-z-soma-bay","16":"product_tag-rodzinne-wycieczki-z-soma-bay","17":"product_tag-romantyczne-rzeczy-do-zrobienia-w-miejscu-takim-jak-soma-bay","18":"product_tag-romantyczne-wycieczki-po-zatoce-soma","19":"product_tag-rzeczy-do-zobaczenia-w-miejscu-takim-jak-soma-bay","20":"product_tag-transfer-z-luksoru-do-soma-bay","21":"product_tag-wycieczka-do-luksoru-z-soma-bay-pl","22":"product_tag-wycieczka-do-luksoru-z-soma-bay","23":"product_tag-wycieczki-jednodniowe-z-soma-bay","24":"product_tag-wycieczki-z-soma-bay-do-luksoru","25":"product_tag-zajecia-dla-dzieci-w-soma-bay","26":"product_tag-zatoka-soma-do-doliny-krolow","27":"tour_category-soma-bay-wycieczki","28":"tour_category-luksor-wycieczki-z-soma-bay","30":"first","31":"instock","32":"sale","33":"shipping-taxable","34":"purchasable","35":"product-type-tour"},"yoast_head":"<!-- This site is optimized with the Yoast SEO Premium plugin v26.9 (Yoast SEO v27.2) - https:\/\/yoast.com\/product\/yoast-seo-premium-wordpress\/ -->\n<title>Soma Bay Private Luxor Dwudniowa wycieczka z lotem balonem na ogrzane powietrze<\/title>\n<meta name=\"description\" content=\"Prywatna dwudniowa wycieczka do Luksoru z lotem balonem na ogrzane powietrze z zatoki Soma z prywatnym przewodnikiem, biletami i lunchem. Tajemnica kr\u00f3la Tutenchamona i nie tylko\" \/>\n<meta name=\"robots\" content=\"index, follow, max-snippet:-1, max-image-preview:large, max-video-preview:-1\" \/>\n<link rel=\"canonical\" href=\"https:\/\/hurghadalovers.com\/pl\/tours\/soma-bay-private-luxor-two-days-trip-with-hot-air-balloon-ride\/\" \/>\n<meta property=\"og:locale\" content=\"pl_PL\" \/>\n<meta property=\"og:type\" content=\"article\" \/>\n<meta property=\"og:title\" content=\"Soma Bay Private Luxor Dwudniowa wycieczka z lotem balonem na ogrzane powietrze\" \/>\n<meta property=\"og:description\" content=\"Prywatna dwudniowa wycieczka do Luksoru z lotem balonem na ogrzane powietrze z zatoki Soma z prywatnym przewodnikiem, biletami i lunchem. Tajemnica kr\u00f3la Tutenchamona i nie tylko\" \/>\n<meta property=\"og:url\" content=\"https:\/\/hurghadalovers.com\/pl\/tours\/soma-bay-private-luxor-two-days-trip-with-hot-air-balloon-ride\/\" \/>\n<meta property=\"og:site_name\" content=\"Hurghada Excursions &amp; Day Trips | Booking Best Prices Tours\" \/>\n<meta property=\"article:publisher\" content=\"https:\/\/www.facebook.com\/Hurghadaloversegypt\" \/>\n<meta property=\"article:modified_time\" content=\"2026-02-09T05:55:23+00:00\" \/>\n<meta property=\"og:image\" content=\"https:\/\/hurghadalovers.com\/wp-content\/uploads\/2023\/08\/Soma-bay-Private-Luxor-Two-Days-Trip-with-Hot-Air-Balloon-Ride.jpeg\" \/>\n\t<meta property=\"og:image:width\" content=\"1536\" \/>\n\t<meta property=\"og:image:height\" content=\"830\" \/>\n\t<meta property=\"og:image:type\" content=\"image\/jpeg\" \/>\n<meta name=\"twitter:card\" content=\"summary_large_image\" \/>\n<meta name=\"twitter:label1\" content=\"Cena\" \/>\n\t<meta name=\"twitter:data1\" content=\"&euro;&nbsp;390\" \/>\n\t<meta name=\"twitter:label2\" content=\"Dost\u0119pno\u015b\u0107\" \/>\n\t<meta name=\"twitter:data2\" content=\"Dost\u0119pny\" \/>\n<script type=\"application\/ld+json\" class=\"yoast-schema-graph\">{\"@context\":\"https:\/\/schema.org\",\"@graph\":[{\"@type\":[\"WebPage\",\"ItemPage\"],\"@id\":\"https:\/\/hurghadalovers.com\/pl\/tours\/soma-bay-private-luxor-two-days-trip-with-hot-air-balloon-ride\/\",\"url\":\"https:\/\/hurghadalovers.com\/pl\/tours\/soma-bay-private-luxor-two-days-trip-with-hot-air-balloon-ride\/\",\"name\":\"Soma Bay Private Luxor Dwudniowa wycieczka z lotem balonem na ogrzane powietrze\",\"isPartOf\":{\"@id\":\"https:\/\/hurghadalovers.com\/pl\/#website\"},\"primaryImageOfPage\":{\"@id\":\"https:\/\/hurghadalovers.com\/pl\/tours\/soma-bay-private-luxor-two-days-trip-with-hot-air-balloon-ride\/#primaryimage\"},\"image\":{\"@id\":\"https:\/\/hurghadalovers.com\/pl\/tours\/soma-bay-private-luxor-two-days-trip-with-hot-air-balloon-ride\/#primaryimage\"},\"thumbnailUrl\":\"https:\/\/hurghadalovers.com\/wp-content\/uploads\/2023\/08\/Soma-bay-Private-Luxor-Two-Days-Trip-with-Hot-Air-Balloon-Ride.jpeg\",\"datePublished\":\"2023-08-26T20:21:41+00:00\",\"dateModified\":\"2026-02-09T05:55:23+00:00\",\"description\":\"Prywatna dwudniowa wycieczka do Luksoru z lotem balonem na ogrzane powietrze z zatoki Soma z prywatnym przewodnikiem, biletami i lunchem. Tajemnica kr\u00f3la Tutenchamona i nie tylko\",\"breadcrumb\":{\"@id\":\"https:\/\/hurghadalovers.com\/pl\/tours\/soma-bay-private-luxor-two-days-trip-with-hot-air-balloon-ride\/#breadcrumb\"},\"inLanguage\":\"pl-PL\",\"potentialAction\":[{\"@type\":\"ReadAction\",\"target\":[\"https:\/\/hurghadalovers.com\/pl\/tours\/soma-bay-private-luxor-two-days-trip-with-hot-air-balloon-ride\/\"]}]},{\"@type\":\"ImageObject\",\"inLanguage\":\"pl-PL\",\"@id\":\"https:\/\/hurghadalovers.com\/pl\/tours\/soma-bay-private-luxor-two-days-trip-with-hot-air-balloon-ride\/#primaryimage\",\"url\":\"https:\/\/hurghadalovers.com\/wp-content\/uploads\/2023\/08\/Soma-bay-Private-Luxor-Two-Days-Trip-with-Hot-Air-Balloon-Ride.jpeg\",\"contentUrl\":\"https:\/\/hurghadalovers.com\/wp-content\/uploads\/2023\/08\/Soma-bay-Private-Luxor-Two-Days-Trip-with-Hot-Air-Balloon-Ride.jpeg\",\"width\":1536,\"height\":830,\"caption\":\"Soma Bay Private Luxor Dwudniowa wycieczka z lotem balonem na ogrzane powietrze\"},{\"@type\":\"BreadcrumbList\",\"@id\":\"https:\/\/hurghadalovers.com\/pl\/tours\/soma-bay-private-luxor-two-days-trip-with-hot-air-balloon-ride\/#breadcrumb\",\"itemListElement\":[{\"@type\":\"ListItem\",\"position\":1,\"name\":\"Home\",\"item\":\"https:\/\/hurghadalovers.com\/pl\/\"},{\"@type\":\"ListItem\",\"position\":2,\"name\":\"Shop\",\"item\":\"https:\/\/hurghadalovers.com\/shop\/\"},{\"@type\":\"ListItem\",\"position\":3,\"name\":\"Soma Bay Private Luxor Dwudniowa wycieczka z lotem balonem na ogrzane powietrze\"}]},{\"@type\":\"WebSite\",\"@id\":\"https:\/\/hurghadalovers.com\/pl\/#website\",\"url\":\"https:\/\/hurghadalovers.com\/pl\/\",\"name\":\"Hurghada Excursions & Day Trips | Booking Best Prices Tours\",\"description\":\"Hurghada Lovers - Best Tour Operator - Excursions &amp; Things to do for Family Day Trips with kids and Couples Romantic. Unique .Hidden gems\",\"publisher\":{\"@id\":\"https:\/\/hurghadalovers.com\/pl\/#organization\"},\"alternateName\":\"Hurghada Excursions\",\"potentialAction\":[{\"@type\":\"SearchAction\",\"target\":{\"@type\":\"EntryPoint\",\"urlTemplate\":\"https:\/\/hurghadalovers.com\/pl\/?s={search_term_string}\"},\"query-input\":{\"@type\":\"PropertyValueSpecification\",\"valueRequired\":true,\"valueName\":\"search_term_string\"}}],\"inLanguage\":\"pl-PL\"},{\"@type\":[\"Organization\",\"Place\",\"TravelAgency\"],\"@id\":\"https:\/\/hurghadalovers.com\/pl\/#organization\",\"name\":\"Hurghada Excursions\",\"url\":\"https:\/\/hurghadalovers.com\/pl\/\",\"logo\":{\"@id\":\"https:\/\/hurghadalovers.com\/pl\/tours\/soma-bay-private-luxor-two-days-trip-with-hot-air-balloon-ride\/#local-main-organization-logo\"},\"image\":{\"@id\":\"https:\/\/hurghadalovers.com\/pl\/tours\/soma-bay-private-luxor-two-days-trip-with-hot-air-balloon-ride\/#local-main-organization-logo\"},\"sameAs\":[\"https:\/\/www.facebook.com\/Hurghadaloversegypt\"],\"address\":{\"@id\":\"https:\/\/hurghadalovers.com\/pl\/tours\/soma-bay-private-luxor-two-days-trip-with-hot-air-balloon-ride\/#local-main-place-address\"},\"telephone\":[\"00201112596434\"],\"contactPoint\":{\"@type\":\"ContactPoint\",\"telephone\":\"00201112596434\",\"email\":\"weyouface@gmail.com\"},\"openingHoursSpecification\":{\"@type\":\"OpeningHoursSpecification\",\"dayOfWeek\":[\"Monday\",\"Tuesday\",\"Wednesday\",\"Thursday\",\"Friday\",\"Saturday\",\"Sunday\"],\"opens\":\"00:00\",\"closes\":\"23:59\"},\"email\":\"weyouface@gmail.com\",\"areaServed\":\"Luxor, Hurghada, El Gouna, Aswan, Sharm El Sheikh, Giza, Alexandria, Marsa Alam, Quseir, Soma Bay, Sahl Hasheesh, Red Sea, Makadi Bay, Cairo\",\"priceRange\":\"$\",\"currenciesAccepted\":\"euro\",\"paymentAccepted\":\"cash on site\"},{\"@type\":\"PostalAddress\",\"@id\":\"https:\/\/hurghadalovers.com\/pl\/tours\/soma-bay-private-luxor-two-days-trip-with-hot-air-balloon-ride\/#local-main-place-address\",\"streetAddress\":\"17 Banks street, Alkawther area, top nbk bank\",\"addressLocality\":\"hurghada\",\"postalCode\":\"84511\",\"addressRegion\":\"red sea\",\"addressCountry\":\"EG\"},{\"@type\":\"ImageObject\",\"inLanguage\":\"pl-PL\",\"@id\":\"https:\/\/hurghadalovers.com\/pl\/tours\/soma-bay-private-luxor-two-days-trip-with-hot-air-balloon-ride\/#local-main-organization-logo\",\"url\":\"https:\/\/hurghadalovers.com\/wp-content\/uploads\/2019\/10\/hurghada-excursions-logo.png\",\"contentUrl\":\"https:\/\/hurghadalovers.com\/wp-content\/uploads\/2019\/10\/hurghada-excursions-logo.png\",\"width\":272,\"height\":90,\"caption\":\"Hurghada Excursions\"}]}<\/script>\n<meta property=\"product:brand\" content=\"Soma bay Wycieczki\" \/>\n<meta property=\"product:price:amount\" content=\"390\" \/>\n<meta property=\"product:price:currency\" content=\"EUR\" \/>\n<meta property=\"og:availability\" content=\"instock\" \/>\n<meta property=\"product:availability\" content=\"instock\" \/>\n<meta property=\"product:retailer_item_id\" content=\"PrivateSomabay322024\" \/>\n<meta property=\"product:condition\" content=\"new\" \/>\n<meta name=\"geo.placename\" content=\"hurghada\" \/>\n<meta name=\"geo.region\" content=\"Egipt\" \/>\n<!-- \/ Yoast SEO Premium plugin. -->","yoast_head_json":{"title":"Soma Bay Private Luxor Dwudniowa wycieczka z lotem balonem na ogrzane powietrze","description":"Prywatna dwudniowa wycieczka do Luksoru z lotem balonem na ogrzane powietrze z zatoki Soma z prywatnym przewodnikiem, biletami i lunchem. Tajemnica kr\u00f3la Tutenchamona i nie tylko","robots":{"index":"index","follow":"follow","max-snippet":"max-snippet:-1","max-image-preview":"max-image-preview:large","max-video-preview":"max-video-preview:-1"},"canonical":"https:\/\/hurghadalovers.com\/pl\/tours\/soma-bay-private-luxor-two-days-trip-with-hot-air-balloon-ride\/","og_locale":"pl_PL","og_type":"article","og_title":"Soma Bay Private Luxor Dwudniowa wycieczka z lotem balonem na ogrzane powietrze","og_description":"Prywatna dwudniowa wycieczka do Luksoru z lotem balonem na ogrzane powietrze z zatoki Soma z prywatnym przewodnikiem, biletami i lunchem. Tajemnica kr\u00f3la Tutenchamona i nie tylko","og_url":"https:\/\/hurghadalovers.com\/pl\/tours\/soma-bay-private-luxor-two-days-trip-with-hot-air-balloon-ride\/","og_site_name":"Hurghada Excursions &amp; Day Trips | Booking Best Prices Tours","article_publisher":"https:\/\/www.facebook.com\/Hurghadaloversegypt","article_modified_time":"2026-02-09T05:55:23+00:00","og_image":[{"width":1536,"height":830,"url":"https:\/\/hurghadalovers.com\/wp-content\/uploads\/2023\/08\/Soma-bay-Private-Luxor-Two-Days-Trip-with-Hot-Air-Balloon-Ride.jpeg","type":"image\/jpeg"}],"twitter_card":"summary_large_image","twitter_misc":{"Cena":"&euro;&nbsp;390","Dost\u0119pno\u015b\u0107":"Dost\u0119pny"},"schema":{"@context":"https:\/\/schema.org","@graph":[{"@type":["WebPage","ItemPage"],"@id":"https:\/\/hurghadalovers.com\/pl\/tours\/soma-bay-private-luxor-two-days-trip-with-hot-air-balloon-ride\/","url":"https:\/\/hurghadalovers.com\/pl\/tours\/soma-bay-private-luxor-two-days-trip-with-hot-air-balloon-ride\/","name":"Soma Bay Private Luxor Dwudniowa wycieczka z lotem balonem na ogrzane powietrze","isPartOf":{"@id":"https:\/\/hurghadalovers.com\/pl\/#website"},"primaryImageOfPage":{"@id":"https:\/\/hurghadalovers.com\/pl\/tours\/soma-bay-private-luxor-two-days-trip-with-hot-air-balloon-ride\/#primaryimage"},"image":{"@id":"https:\/\/hurghadalovers.com\/pl\/tours\/soma-bay-private-luxor-two-days-trip-with-hot-air-balloon-ride\/#primaryimage"},"thumbnailUrl":"https:\/\/hurghadalovers.com\/wp-content\/uploads\/2023\/08\/Soma-bay-Private-Luxor-Two-Days-Trip-with-Hot-Air-Balloon-Ride.jpeg","datePublished":"2023-08-26T20:21:41+00:00","dateModified":"2026-02-09T05:55:23+00:00","description":"Prywatna dwudniowa wycieczka do Luksoru z lotem balonem na ogrzane powietrze z zatoki Soma z prywatnym przewodnikiem, biletami i lunchem. Tajemnica kr\u00f3la Tutenchamona i nie tylko","breadcrumb":{"@id":"https:\/\/hurghadalovers.com\/pl\/tours\/soma-bay-private-luxor-two-days-trip-with-hot-air-balloon-ride\/#breadcrumb"},"inLanguage":"pl-PL","potentialAction":[{"@type":"ReadAction","target":["https:\/\/hurghadalovers.com\/pl\/tours\/soma-bay-private-luxor-two-days-trip-with-hot-air-balloon-ride\/"]}]},{"@type":"ImageObject","inLanguage":"pl-PL","@id":"https:\/\/hurghadalovers.com\/pl\/tours\/soma-bay-private-luxor-two-days-trip-with-hot-air-balloon-ride\/#primaryimage","url":"https:\/\/hurghadalovers.com\/wp-content\/uploads\/2023\/08\/Soma-bay-Private-Luxor-Two-Days-Trip-with-Hot-Air-Balloon-Ride.jpeg","contentUrl":"https:\/\/hurghadalovers.com\/wp-content\/uploads\/2023\/08\/Soma-bay-Private-Luxor-Two-Days-Trip-with-Hot-Air-Balloon-Ride.jpeg","width":1536,"height":830,"caption":"Soma Bay Private Luxor Dwudniowa wycieczka z lotem balonem na ogrzane powietrze"},{"@type":"BreadcrumbList","@id":"https:\/\/hurghadalovers.com\/pl\/tours\/soma-bay-private-luxor-two-days-trip-with-hot-air-balloon-ride\/#breadcrumb","itemListElement":[{"@type":"ListItem","position":1,"name":"Home","item":"https:\/\/hurghadalovers.com\/pl\/"},{"@type":"ListItem","position":2,"name":"Shop","item":"https:\/\/hurghadalovers.com\/shop\/"},{"@type":"ListItem","position":3,"name":"Soma Bay Private Luxor Dwudniowa wycieczka z lotem balonem na ogrzane powietrze"}]},{"@type":"WebSite","@id":"https:\/\/hurghadalovers.com\/pl\/#website","url":"https:\/\/hurghadalovers.com\/pl\/","name":"Hurghada Excursions & Day Trips | Booking Best Prices Tours","description":"Hurghada Lovers - Best Tour Operator - Excursions &amp; Things to do for Family Day Trips with kids and Couples Romantic. Unique .Hidden gems","publisher":{"@id":"https:\/\/hurghadalovers.com\/pl\/#organization"},"alternateName":"Hurghada Excursions","potentialAction":[{"@type":"SearchAction","target":{"@type":"EntryPoint","urlTemplate":"https:\/\/hurghadalovers.com\/pl\/?s={search_term_string}"},"query-input":{"@type":"PropertyValueSpecification","valueRequired":true,"valueName":"search_term_string"}}],"inLanguage":"pl-PL"},{"@type":["Organization","Place","TravelAgency"],"@id":"https:\/\/hurghadalovers.com\/pl\/#organization","name":"Hurghada Excursions","url":"https:\/\/hurghadalovers.com\/pl\/","logo":{"@id":"https:\/\/hurghadalovers.com\/pl\/tours\/soma-bay-private-luxor-two-days-trip-with-hot-air-balloon-ride\/#local-main-organization-logo"},"image":{"@id":"https:\/\/hurghadalovers.com\/pl\/tours\/soma-bay-private-luxor-two-days-trip-with-hot-air-balloon-ride\/#local-main-organization-logo"},"sameAs":["https:\/\/www.facebook.com\/Hurghadaloversegypt"],"address":{"@id":"https:\/\/hurghadalovers.com\/pl\/tours\/soma-bay-private-luxor-two-days-trip-with-hot-air-balloon-ride\/#local-main-place-address"},"telephone":["00201112596434"],"contactPoint":{"@type":"ContactPoint","telephone":"00201112596434","email":"weyouface@gmail.com"},"openingHoursSpecification":{"@type":"OpeningHoursSpecification","dayOfWeek":["Monday","Tuesday","Wednesday","Thursday","Friday","Saturday","Sunday"],"opens":"00:00","closes":"23:59"},"email":"weyouface@gmail.com","areaServed":"Luxor, Hurghada, El Gouna, Aswan, Sharm El Sheikh, Giza, Alexandria, Marsa Alam, Quseir, Soma Bay, Sahl Hasheesh, Red Sea, Makadi Bay, Cairo","priceRange":"$","currenciesAccepted":"euro","paymentAccepted":"cash on site"},{"@type":"PostalAddress","@id":"https:\/\/hurghadalovers.com\/pl\/tours\/soma-bay-private-luxor-two-days-trip-with-hot-air-balloon-ride\/#local-main-place-address","streetAddress":"17 Banks street, Alkawther area, top nbk bank","addressLocality":"hurghada","postalCode":"84511","addressRegion":"red sea","addressCountry":"EG"},{"@type":"ImageObject","inLanguage":"pl-PL","@id":"https:\/\/hurghadalovers.com\/pl\/tours\/soma-bay-private-luxor-two-days-trip-with-hot-air-balloon-ride\/#local-main-organization-logo","url":"https:\/\/hurghadalovers.com\/wp-content\/uploads\/2019\/10\/hurghada-excursions-logo.png","contentUrl":"https:\/\/hurghadalovers.com\/wp-content\/uploads\/2019\/10\/hurghada-excursions-logo.png","width":272,"height":90,"caption":"Hurghada Excursions"}]},"product_brand":"Soma bay Wycieczki","product_price_amount":"390","product_price_currency":"EUR","og_availability":"instock","product_availability":"instock","product_retailer_item_id":"PrivateSomabay322024","product_condition":"new","geo.placename":"hurghada","geo.region":"Egipt"},"_links":{"self":[{"href":"https:\/\/hurghadalovers.com\/pl\/wp-json\/wp\/v2\/product\/384108","targetHints":{"allow":["GET"]}}],"collection":[{"href":"https:\/\/hurghadalovers.com\/pl\/wp-json\/wp\/v2\/product"}],"about":[{"href":"https:\/\/hurghadalovers.com\/pl\/wp-json\/wp\/v2\/types\/product"}],"wp:featuredmedia":[{"embeddable":true,"href":"https:\/\/hurghadalovers.com\/pl\/wp-json\/wp\/v2\/media\/384065"}],"wp:attachment":[{"href":"https:\/\/hurghadalovers.com\/pl\/wp-json\/wp\/v2\/media?parent=384108"}],"wp:term":[{"taxonomy":"product_brand","embeddable":true,"href":"https:\/\/hurghadalovers.com\/pl\/wp-json\/wp\/v2\/product_brand?post=384108"},{"taxonomy":"product_cat","embeddable":true,"href":"https:\/\/hurghadalovers.com\/pl\/wp-json\/wp\/v2\/product_cat?post=384108"},{"taxonomy":"product_tag","embeddable":true,"href":"https:\/\/hurghadalovers.com\/pl\/wp-json\/wp\/v2\/product_tag?post=384108"}],"curies":[{"name":"wp","href":"https:\/\/api.w.org\/{rel}","templated":true}]}}