{"id":381395,"date":"2023-08-20T09:09:10","date_gmt":"2023-08-20T09:13:23","guid":{"rendered":"https:\/\/hurghadalovers.com\/shop\/bez-kategorii\/jednodniowa-wycieczka-autobusem-z-hurghady-do-luksoru-do-doliny-krolowych\/"},"modified":"2026-02-09T17:33:25","modified_gmt":"2026-02-09T17:33:25","slug":"hurghada-to-luxor-day-trip-to-valley-of-the-queens","status":"publish","type":"product","link":"https:\/\/hurghadalovers.com\/pl\/tours\/hurghada-to-luxor-day-trip-to-valley-of-the-queens\/","title":{"rendered":"Jednodniowa wycieczka autobusem z Hurghady do Luksoru do Doliny Kr\u00f3lowych"},"content":{"rendered":"<p><strong>Jednodniowa wycieczka autobusem z Hurghady do Luksoru do Doliny Kr\u00f3lowych<\/strong> z prywatnym przewodnikiem, lunchem, biletami i transferem do \u015bwi\u0105tyni w Karnaku, \u015bwi\u0105tyni Hatszepsut i Kolos\u00f3w Memnona.<\/p>\n<p style=\"text-align: center;\"><span style=\"color: #993300;\"><strong>Odkryj sekrety cywilizacji farao\u0144skiej<\/strong><\/span><\/p>\n<p>&nbsp;<\/p>\n<p><strong>Najwa\u017cniejsze wydarzenia:<\/strong><\/p>\n<ol>\n<li>\u015awi\u0105tynia Karnak.<\/li>\n<li>Lunch w restauracji &#8222;Vegetarians Food is available&#8221;.<\/li>\n<li>5min Felucca na rzece Nil.<\/li>\n<li>Kolosy Memnona.<\/li>\n<li>\u015awi\u0105tynia grobowa Hatszepsut.<\/li>\n<li>Valley of The Queens.<\/li>\n<\/ol>\n<p><strong>Jednodniowa wycieczka autobusem z Hurghady do Luksoru do Doliny Kr\u00f3lowych Szczeg\u00f3\u0142y:<\/strong><\/p>\n<ul>\n<li>Dost\u0119pno\u015b\u0107 wycieczki: Codziennie.<\/li>\n<li>Typ wycieczki: Grupa.<\/li>\n<li>Czas odbioru: od 04:30 rano.<\/li>\n<li>Pro\u015bba hotelu o otrzymanie torby \u015bniadaniowej wraz z porankiem.<\/li>\n<li>Czas odbioru: 19:30.<\/li>\n<li>Dost\u0119p dla w\u00f3zk\u00f3w inwalidzkich.<\/li>\n<li>Czas trwania: 20 godz.<\/li>\n<\/ul>\n<p><strong>Zarezerwuj teraz i zap\u0142a\u0107 p\u00f3\u017aniej:<\/strong><\/p>\n<ul>\n<li>Got\u00f3wka na miejscu dla przewodnika.<\/li>\n<li>P\u0142atno\u015b\u0107 w funtach egipskich, $, \u20ac lub \u00a3.<\/li>\n<\/ul>\n<p><strong>Zasady anulowania rezerwacji:<\/strong><\/p>\n<ul>\n<li>mo\u017cna anulowa\u0107 z maksymalnie 24-godzinnym wyprzedzeniem.<\/li>\n<li>Je\u015bli kto\u015b z rodziny anuluje poranek, zap\u0142aci 50% koszt\u00f3w.<\/li>\n<\/ul>\n<p><strong>Co wchodzi w sk\u0142ad zestawu?<\/strong><\/p>\n<ul>\n<li>Transfer z hoteli w Hurghadzie &#8222;Odbi\u00f3r i dow\u00f3z z hotelu&#8221;.<\/li>\n<li>Wszystkie podatki, bilety, op\u0142aty za wst\u0119p i op\u0142aty manipulacyjne.<\/li>\n<li>Transfery.<\/li>\n<li>Przewodnik turystyczny.<\/li>\n<li>Lunch w restauracji.<\/li>\n<\/ul>\n<p><strong>Wy\u0142\u0105czenia?<\/strong><\/p>\n<ul>\n<li>Napiwki.<\/li>\n<li>Wycieczka Felucca &#8222;Rejs \u0142odzi\u0105&#8221; Przez 35 min= 10$.<\/li>\n<li>Wszelkie niewymienione dodatki.<\/li>\n<\/ul>\n<p><strong>Ceny wycieczek autobusowych z Hurghady do Luksoru do Doliny Kr\u00f3lowych:<\/strong><\/p>\n<ul>\n<li><strong>Cena dla osoby doros\u0142ej = <\/strong><strong>53 USD<\/strong><strong> za osob\u0119<\/strong>.<\/li>\n<li>Cena dla dzieci &#8222;5-12\u2033 = 50%.<\/li>\n<li>dla dzieci &#8222;0-5\u2033= Bezp\u0142atnie.<\/li>\n<\/ul>\n<p>&nbsp;<\/p>\n<p><strong>Recenzje:<\/strong><\/p>\n<p>sprawd\u017a nasze opinie na mapie Google jako najlepszy <a href=\"https:\/\/g.page\/r\/CUeYvkngP3wkEBM\/review\">organizator<\/a> wycieczek online w <a href=\"https:\/\/hurghadalovers.com\/\">Hurghadzie<\/a> w Egipcie.<\/p>\n<p>&nbsp;<\/p>\n<p><strong>Uwaga:  <\/strong><\/p>\n<p>Organizujemy r\u00f3wnie\u017c wycieczki z transferem z hotelu w El Goua, zatoce Soma, zatoce Makadi, Sahl Hasheesh, Safaga za dodatkow\u0105 op\u0142at\u0105 = 10 $ za osob\u0119.<\/p>\n<p>&nbsp;<\/p>\n<p><strong>Rezerwacja:<\/strong><\/p>\n<p>Wy\u015blij hotel + numer pokoju + paszporty ze zdj\u0119ciem na WhatsApp: <strong>+201112596434<\/strong><\/p>\n<p>Je\u015bli jeste\u015b w Egipcie Rezerwuj teraz online i potwierd\u017a po przyje\u017adzie Hotel.<\/p>\n","protected":false},"excerpt":{"rendered":"<p>Jednodniowa wycieczka autobusem z Hurghady do Luksoru do Doliny Kr\u00f3lowych z prywatnym przewodnikiem, lunchem, biletami i transferem do \u015bwi\u0105tyni w Karnaku, \u015bwi\u0105tyni Hatszepsut i Kolos\u00f3w Memnona.<\/p>\n","protected":false},"featured_media":381349,"template":"","meta":{"_joinchat":[]},"product_brand":[],"product_cat":[36264],"product_tag":[59759,59752,59765,59738,59748,59756,59740,59744,59729,59733],"class_list":{"0":"post-381395","1":"product","2":"type-product","3":"status-publish","4":"has-post-thumbnail","6":"product_cat-tours-pl","7":"product_tag-hurghada-atrakcje-dla-par","8":"product_tag-hurghada-ciekawe-miejsca-z-rodzina-do-odwiedzenia","9":"product_tag-jednodniowa-wycieczka-z-hurghady-do-luksoru","10":"product_tag-jednodniowe-wycieczki-z-hurghady","11":"product_tag-rodzinne-atrakcje-w-hurghadzie","12":"product_tag-romantyczne-rzeczy-do-zrobienia-z-hurghady","13":"product_tag-rzeczy-do-zrobienia-w-hurghadzie","14":"product_tag-rzeczy-do-zrobienia-z-dziecmi-z-miejsca-takiego-jak-hurghada","15":"product_tag-wycieczki-do-hurghady","16":"product_tag-wycieczki-jednodniowe-do-hurghady","17":"tour_category-hurghada-excursions-pl","18":"tour_category-hurghada-to-luxor-trips-pl","20":"first","21":"instock","22":"sale","23":"shipping-taxable","24":"purchasable","25":"product-type-tour"},"yoast_head":"<!-- This site is optimized with the Yoast SEO Premium plugin v26.9 (Yoast SEO v27.2) - https:\/\/yoast.com\/product\/yoast-seo-premium-wordpress\/ -->\n<title>Jednodniowa wycieczka autobusem z Hurghady do Luksoru do Doliny Kr\u00f3lowych<\/title>\n<meta name=\"description\" content=\"Wycieczka autobusem z Hurghady do Luksoru do Doliny Kr\u00f3lowych z prywatnym przewodnikiem, lunchem, biletami i transferem do \u015bwi\u0105tyni Karnak, Hatszepsut i Memnona.\" \/>\n<meta name=\"robots\" content=\"index, follow, max-snippet:-1, max-image-preview:large, max-video-preview:-1\" \/>\n<link rel=\"canonical\" href=\"https:\/\/hurghadalovers.com\/pl\/tours\/hurghada-to-luxor-day-trip-to-valley-of-the-queens\/\" \/>\n<meta property=\"og:locale\" content=\"pl_PL\" \/>\n<meta property=\"og:type\" content=\"article\" \/>\n<meta property=\"og:title\" content=\"Jednodniowa wycieczka autobusem z Hurghady do Luksoru do Doliny Kr\u00f3lowych\" \/>\n<meta property=\"og:description\" content=\"Wycieczka autobusem z Hurghady do Luksoru do Doliny Kr\u00f3lowych z prywatnym przewodnikiem, lunchem, biletami i transferem do \u015bwi\u0105tyni Karnak, Hatszepsut i Memnona.\" \/>\n<meta property=\"og:url\" content=\"https:\/\/hurghadalovers.com\/pl\/tours\/hurghada-to-luxor-day-trip-to-valley-of-the-queens\/\" \/>\n<meta property=\"og:site_name\" content=\"Hurghada Excursions &amp; Day Trips | Booking Best Prices Tours\" \/>\n<meta property=\"article:publisher\" content=\"https:\/\/www.facebook.com\/Hurghadaloversegypt\" \/>\n<meta property=\"article:modified_time\" content=\"2026-02-09T17:33:25+00:00\" \/>\n<meta property=\"og:image\" content=\"https:\/\/hurghadalovers.com\/wp-content\/uploads\/2023\/08\/Hurghada-To-Luxor-Day-Trip-to-Valley-of-The-Queens-by-Bus.jpg\" \/>\n\t<meta property=\"og:image:width\" content=\"1555\" \/>\n\t<meta property=\"og:image:height\" content=\"1037\" \/>\n\t<meta property=\"og:image:type\" content=\"image\/jpeg\" \/>\n<meta name=\"twitter:card\" content=\"summary_large_image\" \/>\n<meta name=\"twitter:label1\" content=\"Cena\" \/>\n\t<meta name=\"twitter:data1\" content=\"&euro;&nbsp;55\" \/>\n\t<meta name=\"twitter:label2\" content=\"Dost\u0119pno\u015b\u0107\" \/>\n\t<meta name=\"twitter:data2\" content=\"Dost\u0119pny\" \/>\n<script type=\"application\/ld+json\" class=\"yoast-schema-graph\">{\"@context\":\"https:\/\/schema.org\",\"@graph\":[{\"@type\":[\"WebPage\",\"ItemPage\"],\"@id\":\"https:\/\/hurghadalovers.com\/pl\/tours\/hurghada-to-luxor-day-trip-to-valley-of-the-queens\/\",\"url\":\"https:\/\/hurghadalovers.com\/pl\/tours\/hurghada-to-luxor-day-trip-to-valley-of-the-queens\/\",\"name\":\"Jednodniowa wycieczka autobusem z Hurghady do Luksoru do Doliny Kr\u00f3lowych\",\"isPartOf\":{\"@id\":\"https:\/\/hurghadalovers.com\/pl\/#website\"},\"primaryImageOfPage\":{\"@id\":\"https:\/\/hurghadalovers.com\/pl\/tours\/hurghada-to-luxor-day-trip-to-valley-of-the-queens\/#primaryimage\"},\"image\":{\"@id\":\"https:\/\/hurghadalovers.com\/pl\/tours\/hurghada-to-luxor-day-trip-to-valley-of-the-queens\/#primaryimage\"},\"thumbnailUrl\":\"https:\/\/hurghadalovers.com\/wp-content\/uploads\/2023\/08\/Hurghada-To-Luxor-Day-Trip-to-Valley-of-The-Queens-by-Bus.jpg\",\"datePublished\":\"2023-08-20T09:13:23+00:00\",\"dateModified\":\"2026-02-09T17:33:25+00:00\",\"description\":\"Wycieczka autobusem z Hurghady do Luksoru do Doliny Kr\u00f3lowych z prywatnym przewodnikiem, lunchem, biletami i transferem do \u015bwi\u0105tyni Karnak, Hatszepsut i Memnona.\",\"breadcrumb\":{\"@id\":\"https:\/\/hurghadalovers.com\/pl\/tours\/hurghada-to-luxor-day-trip-to-valley-of-the-queens\/#breadcrumb\"},\"inLanguage\":\"pl-PL\",\"potentialAction\":[{\"@type\":\"ReadAction\",\"target\":[\"https:\/\/hurghadalovers.com\/pl\/tours\/hurghada-to-luxor-day-trip-to-valley-of-the-queens\/\"]}]},{\"@type\":\"ImageObject\",\"inLanguage\":\"pl-PL\",\"@id\":\"https:\/\/hurghadalovers.com\/pl\/tours\/hurghada-to-luxor-day-trip-to-valley-of-the-queens\/#primaryimage\",\"url\":\"https:\/\/hurghadalovers.com\/wp-content\/uploads\/2023\/08\/Hurghada-To-Luxor-Day-Trip-to-Valley-of-The-Queens-by-Bus.jpg\",\"contentUrl\":\"https:\/\/hurghadalovers.com\/wp-content\/uploads\/2023\/08\/Hurghada-To-Luxor-Day-Trip-to-Valley-of-The-Queens-by-Bus.jpg\",\"width\":1555,\"height\":1037,\"caption\":\"Hurghada To Luxor Day Trip to Valley of The Queens by Bus\"},{\"@type\":\"BreadcrumbList\",\"@id\":\"https:\/\/hurghadalovers.com\/pl\/tours\/hurghada-to-luxor-day-trip-to-valley-of-the-queens\/#breadcrumb\",\"itemListElement\":[{\"@type\":\"ListItem\",\"position\":1,\"name\":\"Home\",\"item\":\"https:\/\/hurghadalovers.com\/pl\/\"},{\"@type\":\"ListItem\",\"position\":2,\"name\":\"Shop\",\"item\":\"https:\/\/hurghadalovers.com\/shop\/\"},{\"@type\":\"ListItem\",\"position\":3,\"name\":\"Jednodniowa wycieczka autobusem z Hurghady do Luksoru do Doliny Kr\u00f3lowych\"}]},{\"@type\":\"WebSite\",\"@id\":\"https:\/\/hurghadalovers.com\/pl\/#website\",\"url\":\"https:\/\/hurghadalovers.com\/pl\/\",\"name\":\"Hurghada Excursions & Day Trips | Booking Best Prices Tours\",\"description\":\"Hurghada Lovers - Best Tour Operator - Excursions &amp; Things to do for Family Day Trips with kids and Couples Romantic. Unique .Hidden gems\",\"publisher\":{\"@id\":\"https:\/\/hurghadalovers.com\/pl\/#organization\"},\"alternateName\":\"Hurghada Excursions\",\"potentialAction\":[{\"@type\":\"SearchAction\",\"target\":{\"@type\":\"EntryPoint\",\"urlTemplate\":\"https:\/\/hurghadalovers.com\/pl\/?s={search_term_string}\"},\"query-input\":{\"@type\":\"PropertyValueSpecification\",\"valueRequired\":true,\"valueName\":\"search_term_string\"}}],\"inLanguage\":\"pl-PL\"},{\"@type\":[\"Organization\",\"Place\",\"TravelAgency\"],\"@id\":\"https:\/\/hurghadalovers.com\/pl\/#organization\",\"name\":\"Hurghada Excursions\",\"url\":\"https:\/\/hurghadalovers.com\/pl\/\",\"logo\":{\"@id\":\"https:\/\/hurghadalovers.com\/pl\/tours\/hurghada-to-luxor-day-trip-to-valley-of-the-queens\/#local-main-organization-logo\"},\"image\":{\"@id\":\"https:\/\/hurghadalovers.com\/pl\/tours\/hurghada-to-luxor-day-trip-to-valley-of-the-queens\/#local-main-organization-logo\"},\"sameAs\":[\"https:\/\/www.facebook.com\/Hurghadaloversegypt\"],\"address\":{\"@id\":\"https:\/\/hurghadalovers.com\/pl\/tours\/hurghada-to-luxor-day-trip-to-valley-of-the-queens\/#local-main-place-address\"},\"telephone\":[\"00201112596434\"],\"contactPoint\":{\"@type\":\"ContactPoint\",\"telephone\":\"00201112596434\",\"email\":\"weyouface@gmail.com\"},\"openingHoursSpecification\":{\"@type\":\"OpeningHoursSpecification\",\"dayOfWeek\":[\"Monday\",\"Tuesday\",\"Wednesday\",\"Thursday\",\"Friday\",\"Saturday\",\"Sunday\"],\"opens\":\"00:00\",\"closes\":\"23:59\"},\"email\":\"weyouface@gmail.com\",\"areaServed\":\"Luxor, Hurghada, El Gouna, Aswan, Sharm El Sheikh, Giza, Alexandria, Marsa Alam, Quseir, Soma Bay, Sahl Hasheesh, Red Sea, Makadi Bay, Cairo\",\"priceRange\":\"$\",\"currenciesAccepted\":\"euro\",\"paymentAccepted\":\"cash on site\"},{\"@type\":\"PostalAddress\",\"@id\":\"https:\/\/hurghadalovers.com\/pl\/tours\/hurghada-to-luxor-day-trip-to-valley-of-the-queens\/#local-main-place-address\",\"streetAddress\":\"17 Banks street, Alkawther area, top nbk bank\",\"addressLocality\":\"hurghada\",\"postalCode\":\"84511\",\"addressRegion\":\"red sea\",\"addressCountry\":\"EG\"},{\"@type\":\"ImageObject\",\"inLanguage\":\"pl-PL\",\"@id\":\"https:\/\/hurghadalovers.com\/pl\/tours\/hurghada-to-luxor-day-trip-to-valley-of-the-queens\/#local-main-organization-logo\",\"url\":\"https:\/\/hurghadalovers.com\/wp-content\/uploads\/2019\/10\/hurghada-excursions-logo.png\",\"contentUrl\":\"https:\/\/hurghadalovers.com\/wp-content\/uploads\/2019\/10\/hurghada-excursions-logo.png\",\"width\":272,\"height\":90,\"caption\":\"Hurghada Excursions\"}]}<\/script>\n<meta property=\"product:brand\" content=\"Co warto zobaczy\u0107 w Hurghadzie\" \/>\n<meta property=\"product:price:amount\" content=\"55\" \/>\n<meta property=\"product:price:currency\" content=\"EUR\" \/>\n<meta property=\"og:availability\" content=\"instock\" \/>\n<meta property=\"product:availability\" content=\"instock\" \/>\n<meta property=\"product:retailer_item_id\" content=\"Luxor032024\" \/>\n<meta property=\"product:condition\" content=\"new\" \/>\n<meta name=\"geo.placename\" content=\"hurghada\" \/>\n<meta name=\"geo.region\" content=\"Egipt\" \/>\n<!-- \/ Yoast SEO Premium plugin. -->","yoast_head_json":{"title":"Jednodniowa wycieczka autobusem z Hurghady do Luksoru do Doliny Kr\u00f3lowych","description":"Wycieczka autobusem z Hurghady do Luksoru do Doliny Kr\u00f3lowych z prywatnym przewodnikiem, lunchem, biletami i transferem do \u015bwi\u0105tyni Karnak, Hatszepsut i Memnona.","robots":{"index":"index","follow":"follow","max-snippet":"max-snippet:-1","max-image-preview":"max-image-preview:large","max-video-preview":"max-video-preview:-1"},"canonical":"https:\/\/hurghadalovers.com\/pl\/tours\/hurghada-to-luxor-day-trip-to-valley-of-the-queens\/","og_locale":"pl_PL","og_type":"article","og_title":"Jednodniowa wycieczka autobusem z Hurghady do Luksoru do Doliny Kr\u00f3lowych","og_description":"Wycieczka autobusem z Hurghady do Luksoru do Doliny Kr\u00f3lowych z prywatnym przewodnikiem, lunchem, biletami i transferem do \u015bwi\u0105tyni Karnak, Hatszepsut i Memnona.","og_url":"https:\/\/hurghadalovers.com\/pl\/tours\/hurghada-to-luxor-day-trip-to-valley-of-the-queens\/","og_site_name":"Hurghada Excursions &amp; Day Trips | Booking Best Prices Tours","article_publisher":"https:\/\/www.facebook.com\/Hurghadaloversegypt","article_modified_time":"2026-02-09T17:33:25+00:00","og_image":[{"width":1555,"height":1037,"url":"https:\/\/hurghadalovers.com\/wp-content\/uploads\/2023\/08\/Hurghada-To-Luxor-Day-Trip-to-Valley-of-The-Queens-by-Bus.jpg","type":"image\/jpeg"}],"twitter_card":"summary_large_image","twitter_misc":{"Cena":"&euro;&nbsp;55","Dost\u0119pno\u015b\u0107":"Dost\u0119pny"},"schema":{"@context":"https:\/\/schema.org","@graph":[{"@type":["WebPage","ItemPage"],"@id":"https:\/\/hurghadalovers.com\/pl\/tours\/hurghada-to-luxor-day-trip-to-valley-of-the-queens\/","url":"https:\/\/hurghadalovers.com\/pl\/tours\/hurghada-to-luxor-day-trip-to-valley-of-the-queens\/","name":"Jednodniowa wycieczka autobusem z Hurghady do Luksoru do Doliny Kr\u00f3lowych","isPartOf":{"@id":"https:\/\/hurghadalovers.com\/pl\/#website"},"primaryImageOfPage":{"@id":"https:\/\/hurghadalovers.com\/pl\/tours\/hurghada-to-luxor-day-trip-to-valley-of-the-queens\/#primaryimage"},"image":{"@id":"https:\/\/hurghadalovers.com\/pl\/tours\/hurghada-to-luxor-day-trip-to-valley-of-the-queens\/#primaryimage"},"thumbnailUrl":"https:\/\/hurghadalovers.com\/wp-content\/uploads\/2023\/08\/Hurghada-To-Luxor-Day-Trip-to-Valley-of-The-Queens-by-Bus.jpg","datePublished":"2023-08-20T09:13:23+00:00","dateModified":"2026-02-09T17:33:25+00:00","description":"Wycieczka autobusem z Hurghady do Luksoru do Doliny Kr\u00f3lowych z prywatnym przewodnikiem, lunchem, biletami i transferem do \u015bwi\u0105tyni Karnak, Hatszepsut i Memnona.","breadcrumb":{"@id":"https:\/\/hurghadalovers.com\/pl\/tours\/hurghada-to-luxor-day-trip-to-valley-of-the-queens\/#breadcrumb"},"inLanguage":"pl-PL","potentialAction":[{"@type":"ReadAction","target":["https:\/\/hurghadalovers.com\/pl\/tours\/hurghada-to-luxor-day-trip-to-valley-of-the-queens\/"]}]},{"@type":"ImageObject","inLanguage":"pl-PL","@id":"https:\/\/hurghadalovers.com\/pl\/tours\/hurghada-to-luxor-day-trip-to-valley-of-the-queens\/#primaryimage","url":"https:\/\/hurghadalovers.com\/wp-content\/uploads\/2023\/08\/Hurghada-To-Luxor-Day-Trip-to-Valley-of-The-Queens-by-Bus.jpg","contentUrl":"https:\/\/hurghadalovers.com\/wp-content\/uploads\/2023\/08\/Hurghada-To-Luxor-Day-Trip-to-Valley-of-The-Queens-by-Bus.jpg","width":1555,"height":1037,"caption":"Hurghada To Luxor Day Trip to Valley of The Queens by Bus"},{"@type":"BreadcrumbList","@id":"https:\/\/hurghadalovers.com\/pl\/tours\/hurghada-to-luxor-day-trip-to-valley-of-the-queens\/#breadcrumb","itemListElement":[{"@type":"ListItem","position":1,"name":"Home","item":"https:\/\/hurghadalovers.com\/pl\/"},{"@type":"ListItem","position":2,"name":"Shop","item":"https:\/\/hurghadalovers.com\/shop\/"},{"@type":"ListItem","position":3,"name":"Jednodniowa wycieczka autobusem z Hurghady do Luksoru do Doliny Kr\u00f3lowych"}]},{"@type":"WebSite","@id":"https:\/\/hurghadalovers.com\/pl\/#website","url":"https:\/\/hurghadalovers.com\/pl\/","name":"Hurghada Excursions & Day Trips | Booking Best Prices Tours","description":"Hurghada Lovers - Best Tour Operator - Excursions &amp; Things to do for Family Day Trips with kids and Couples Romantic. Unique .Hidden gems","publisher":{"@id":"https:\/\/hurghadalovers.com\/pl\/#organization"},"alternateName":"Hurghada Excursions","potentialAction":[{"@type":"SearchAction","target":{"@type":"EntryPoint","urlTemplate":"https:\/\/hurghadalovers.com\/pl\/?s={search_term_string}"},"query-input":{"@type":"PropertyValueSpecification","valueRequired":true,"valueName":"search_term_string"}}],"inLanguage":"pl-PL"},{"@type":["Organization","Place","TravelAgency"],"@id":"https:\/\/hurghadalovers.com\/pl\/#organization","name":"Hurghada Excursions","url":"https:\/\/hurghadalovers.com\/pl\/","logo":{"@id":"https:\/\/hurghadalovers.com\/pl\/tours\/hurghada-to-luxor-day-trip-to-valley-of-the-queens\/#local-main-organization-logo"},"image":{"@id":"https:\/\/hurghadalovers.com\/pl\/tours\/hurghada-to-luxor-day-trip-to-valley-of-the-queens\/#local-main-organization-logo"},"sameAs":["https:\/\/www.facebook.com\/Hurghadaloversegypt"],"address":{"@id":"https:\/\/hurghadalovers.com\/pl\/tours\/hurghada-to-luxor-day-trip-to-valley-of-the-queens\/#local-main-place-address"},"telephone":["00201112596434"],"contactPoint":{"@type":"ContactPoint","telephone":"00201112596434","email":"weyouface@gmail.com"},"openingHoursSpecification":{"@type":"OpeningHoursSpecification","dayOfWeek":["Monday","Tuesday","Wednesday","Thursday","Friday","Saturday","Sunday"],"opens":"00:00","closes":"23:59"},"email":"weyouface@gmail.com","areaServed":"Luxor, Hurghada, El Gouna, Aswan, Sharm El Sheikh, Giza, Alexandria, Marsa Alam, Quseir, Soma Bay, Sahl Hasheesh, Red Sea, Makadi Bay, Cairo","priceRange":"$","currenciesAccepted":"euro","paymentAccepted":"cash on site"},{"@type":"PostalAddress","@id":"https:\/\/hurghadalovers.com\/pl\/tours\/hurghada-to-luxor-day-trip-to-valley-of-the-queens\/#local-main-place-address","streetAddress":"17 Banks street, Alkawther area, top nbk bank","addressLocality":"hurghada","postalCode":"84511","addressRegion":"red sea","addressCountry":"EG"},{"@type":"ImageObject","inLanguage":"pl-PL","@id":"https:\/\/hurghadalovers.com\/pl\/tours\/hurghada-to-luxor-day-trip-to-valley-of-the-queens\/#local-main-organization-logo","url":"https:\/\/hurghadalovers.com\/wp-content\/uploads\/2019\/10\/hurghada-excursions-logo.png","contentUrl":"https:\/\/hurghadalovers.com\/wp-content\/uploads\/2019\/10\/hurghada-excursions-logo.png","width":272,"height":90,"caption":"Hurghada Excursions"}]},"product_brand":"Co warto zobaczy\u0107 w Hurghadzie","product_price_amount":"55","product_price_currency":"EUR","og_availability":"instock","product_availability":"instock","product_retailer_item_id":"Luxor032024","product_condition":"new","geo.placename":"hurghada","geo.region":"Egipt"},"_links":{"self":[{"href":"https:\/\/hurghadalovers.com\/pl\/wp-json\/wp\/v2\/product\/381395","targetHints":{"allow":["GET"]}}],"collection":[{"href":"https:\/\/hurghadalovers.com\/pl\/wp-json\/wp\/v2\/product"}],"about":[{"href":"https:\/\/hurghadalovers.com\/pl\/wp-json\/wp\/v2\/types\/product"}],"wp:featuredmedia":[{"embeddable":true,"href":"https:\/\/hurghadalovers.com\/pl\/wp-json\/wp\/v2\/media\/381349"}],"wp:attachment":[{"href":"https:\/\/hurghadalovers.com\/pl\/wp-json\/wp\/v2\/media?parent=381395"}],"wp:term":[{"taxonomy":"product_brand","embeddable":true,"href":"https:\/\/hurghadalovers.com\/pl\/wp-json\/wp\/v2\/product_brand?post=381395"},{"taxonomy":"product_cat","embeddable":true,"href":"https:\/\/hurghadalovers.com\/pl\/wp-json\/wp\/v2\/product_cat?post=381395"},{"taxonomy":"product_tag","embeddable":true,"href":"https:\/\/hurghadalovers.com\/pl\/wp-json\/wp\/v2\/product_tag?post=381395"}],"curies":[{"name":"wp","href":"https:\/\/api.w.org\/{rel}","templated":true}]}}