{"id":380455,"date":"2024-04-22T12:00:36","date_gmt":"2024-04-22T12:00:36","guid":{"rendered":"https:\/\/hurghadalovers.com\/shop\/bez-kategorii\/wycieczka-nurkowa-na-wyspe-orange-bay-z-hurghady\/"},"modified":"2026-02-09T04:56:39","modified_gmt":"2026-02-09T04:56:39","slug":"orange-bay-island-snorkeling-trip-from-hurghada-pl","status":"publish","type":"product","link":"https:\/\/hurghadalovers.com\/pl\/tours\/orange-bay-island-snorkeling-trip-from-hurghada-pl\/","title":{"rendered":"Wycieczka nurkowa na wysp\u0119 Orange Bay z Hurghady"},"content":{"rendered":"<p><strong>Orange Bay Island Snorkeling Trip z Hurghady<\/strong> ze sportami wodnymi | do\u0142\u0105cz do nas w najlepszych jednodniowych wycieczkach \u0142odzi\u0105 w Hurghadzie na pla\u017c\u0119 Giftun Island i p\u0142ywanie w najlepszych miejscach rafy koralowej.<\/p>\n<p style=\"text-align: center;\"><span style=\"color: #00ccff;\">Najpi\u0119kniejsza Hurghada <span style=\"color: #33cccc;\"><br \/>\n<strong>Rodzinne atrakcje<\/strong><br \/>\n<\/span><strong>Rzeczy do zrobienia z dzie\u0107mi<\/strong>, Seniorzy, <strong><br \/>\n<span style=\"color: #993366;\">Miesi\u0105c miodowy<\/span><br \/>\n<\/strong> i <strong>Pary<\/strong>.<\/span><\/p>\n<p><strong>Najwa\u017cniejsze wydarzenia:<\/strong><\/p>\n<ul>\n<li>2 miejsca do nurkowania z rurk\u0105 na rafie House.<\/li>\n<li>2 godziny w Orange Bay Island Beach.<\/li>\n<li>Lunch na luksusowym jachcie.<\/li>\n<li>Sporty wodne &#8222;Banana i Quattro&#8221;.<\/li>\n<\/ul>\n<p><strong>Wycieczka snorkelingowa na wysp\u0119 Orange Bay z Hurghady Szczeg\u00f3\u0142y:<\/strong><\/p>\n<ul>\n<li>Dost\u0119pno\u015b\u0107 wycieczki: Codziennie.<\/li>\n<li>Typ wycieczki: Grupa.<\/li>\n<li>Czas odbioru: zaczyna si\u0119 od 08:00 rano.<\/li>\n<li>Godzina odbioru: 17:00.<\/li>\n<li>Dost\u0119p dla w\u00f3zk\u00f3w inwalidzkich.<\/li>\n<li>Czas trwania: 8 godz.<\/li>\n<\/ul>\n<p><strong>Zarezerwuj teraz i zap\u0142a\u0107 p\u00f3\u017aniej:<\/strong><\/p>\n<ul>\n<li>Got\u00f3wka na miejscu dla przewodnika.<\/li>\n<li>P\u0142atno\u015b\u0107 w funtach egipskich, $, \u20ac lub \u00a3.<\/li>\n<\/ul>\n<p><strong>Zasady anulowania rezerwacji:<\/strong><\/p>\n<ul>\n<li>mo\u017cna anulowa\u0107 z maksymalnie 24-godzinnym wyprzedzeniem.<\/li>\n<li>Je\u015bli kto\u015b z rodziny anuluje poranek, zap\u0142aci 50% koszt\u00f3w.<\/li>\n<\/ul>\n<p><strong>Co wchodzi w sk\u0142ad zestawu?<\/strong><\/p>\n<ul>\n<li>Transfer z hoteli w Hurghadzie &#8222;Odbi\u00f3r i dow\u00f3z z hotelu&#8221;.<\/li>\n<li>Wszystkie podatki, op\u0142aty za wst\u0119p i op\u0142aty manipulacyjne.<\/li>\n<li>Przewodnik turystyczny.<\/li>\n<li>Woda mineralna + Cola + Mleko + Kawa\/Herbata.<\/li>\n<li>2 miejsca do nurkowania z rurk\u0105<\/li>\n<li>Sporty wodne &#8222;Banan, \u0142\u00f3d\u017a rozk\u0142adana&#8221;.<\/li>\n<li>Sprz\u0119t do snorkelingu &#8222;Maski i p\u0142etwy do p\u0142ywania&#8221;.<\/li>\n<li>2 godziny w <strong>Orange Bay Island<\/strong> <strong>Beach<\/strong>.<\/li>\n<li>lunch w formie bufetu na \u0142odzi.<\/li>\n<li>Kamizelki ratunkowe.<\/li>\n<\/ul>\n<p><strong>Wy\u0142\u0105czenia?<\/strong><\/p>\n<ul>\n<li>Napiwki.<\/li>\n<li>Drinki w restauracji The Orange Bay Restaurant Island.<\/li>\n<li>Fotografia i zdj\u0119cia z podr\u00f3\u017cy.<\/li>\n<li>Oferujemy wypo\u017cyczanie kostium\u00f3w k\u0105pielowych i stroj\u00f3w k\u0105pielowych dla kobiet, m\u0119\u017cczyzn, dzieci we wszystkich rozmiarach &#8222;5 $ za sztuk\u0119&#8221;.<\/li>\n<li>Wszelkie niewymienione dodatki.<\/li>\n<\/ul>\n<p><strong>Wycieczka z rurk\u0105 na wysp\u0119 Orange Bay z Hurghady Ceny:<\/strong><\/p>\n<ul>\n<li><strong>Cena dla osoby doros\u0142ej = <\/strong><strong>od 25 USD<\/strong><strong> za osob\u0119<\/strong>.<\/li>\n<li>Cena dla dzieci &#8222;5-12\u2033 = 50%.<\/li>\n<li>dla dzieci &#8222;0-5\u2033= Bezp\u0142atnie.<\/li>\n<\/ul>\n<p><strong>Recenzje:<\/strong><\/p>\n<p>sprawd\u017a nasze opinie na mapie Google jako najlepszy <a href=\"https:\/\/g.page\/r\/CUeYvkngP3wkEBM\/review\">organizator<\/a> wycieczek online w <a href=\"https:\/\/hurghadalovers.com\/\">Hurghadzie<\/a> w Egipcie.<\/p>\n<p>&nbsp;<\/p>\n<p><strong>Uwaga: <\/strong><\/p>\n<p>Organizujemy r\u00f3wnie\u017c wycieczki z transferem z hotelu w El Goua, zatoce Soma, zatoce Makadi, Sahl Hasheesh, Safaga za dodatkow\u0105 op\u0142at\u0105 = 10 $ za osob\u0119.<\/p>\n<p>&nbsp;<\/p>\n<p><strong>Rezerwacja:<\/strong><\/p>\n<p>Wy\u015blij hotel + numer pokoju + paszporty ze zdj\u0119ciem na WhatsApp: <strong>+201112596434<\/strong><\/p>\n<p>Je\u015bli jeste\u015b w Egipcie Rezerwuj teraz online i potwierd\u017a po przyje\u017adzie Hotel.<\/p>\n","protected":false},"excerpt":{"rendered":"<p>Orange Bay Island Snorkeling Trip z Hurghady ze sportami wodnymi | do\u0142\u0105cz do nas w najlepszych jednodniowych wycieczkach \u0142odzi\u0105 w Hurghadzie na pla\u017c\u0119 Giftun Island i p\u0142ywanie w najlepszych miejscach rafy koralowej.<\/p>\n","protected":false},"featured_media":483553,"template":"","meta":{"_joinchat":[]},"product_brand":[],"product_cat":[36264],"product_tag":[59801,61020,61029,61025,61026,61023,60950],"class_list":{"0":"post-380455","1":"product","2":"type-product","3":"status-publish","4":"has-post-thumbnail","6":"product_cat-tours-pl","7":"product_tag-dzialania-w-hurghadzie","8":"product_tag-nurkowanie-z-rurka-w-hurghadzie","9":"product_tag-rodzinne-miejsca-rozrywki-w-hurghadzie","10":"product_tag-wycieczki-lodzia-po-hurghadzie","11":"product_tag-wyspa-giftun-hurghada","12":"product_tag-wyspa-orange-bay-hurghada","13":"product_tag-zajecia-dla-nastolatkow-z-hurghady","14":"tour_category-hurghada-excursions-pl","15":"tour_category-hurghada-snorkeling-trips-pl","17":"first","18":"instock","19":"sale","20":"shipping-taxable","21":"purchasable","22":"product-type-tour"},"yoast_head":"<!-- This site is optimized with the Yoast SEO Premium plugin v26.9 (Yoast SEO v27.2) - https:\/\/yoast.com\/product\/yoast-seo-premium-wordpress\/ -->\n<title>Wycieczka nurkowa na wysp\u0119 Orange Bay z Hurghady<\/title>\n<meta name=\"description\" content=\"Orange Bay Island Snorkeling Trip z Hurghady ze sportami wodnymi | do\u0142\u0105cz do nas w najlepszych jednodniowych wycieczkach \u0142odzi\u0105 w Hurghadzie i p\u0142ywaniu w najlepszych miejscach rafy koralowej.\" \/>\n<meta name=\"robots\" content=\"index, follow, max-snippet:-1, max-image-preview:large, max-video-preview:-1\" \/>\n<link rel=\"canonical\" href=\"https:\/\/hurghadalovers.com\/pl\/tours\/orange-bay-island-snorkeling-trip-from-hurghada-pl\/\" \/>\n<meta property=\"og:locale\" content=\"pl_PL\" \/>\n<meta property=\"og:type\" content=\"article\" \/>\n<meta property=\"og:title\" content=\"Wycieczka nurkowa na wysp\u0119 Orange Bay z Hurghady\" \/>\n<meta property=\"og:description\" content=\"Orange Bay Island Snorkeling Trip z Hurghady ze sportami wodnymi | do\u0142\u0105cz do nas w najlepszych jednodniowych wycieczkach \u0142odzi\u0105 w Hurghadzie i p\u0142ywaniu w najlepszych miejscach rafy koralowej.\" \/>\n<meta property=\"og:url\" content=\"https:\/\/hurghadalovers.com\/pl\/tours\/orange-bay-island-snorkeling-trip-from-hurghada-pl\/\" \/>\n<meta property=\"og:site_name\" content=\"Hurghada Excursions &amp; Day Trips | Booking Best Prices Tours\" \/>\n<meta property=\"article:publisher\" content=\"https:\/\/www.facebook.com\/Hurghadaloversegypt\" \/>\n<meta property=\"article:modified_time\" content=\"2026-02-09T04:56:39+00:00\" \/>\n<meta property=\"og:image\" content=\"https:\/\/hurghadalovers.com\/wp-content\/uploads\/2024\/04\/Orange-bay-Hurghada-Snorkeling-Boat-Trip-2025.jpg\" \/>\n\t<meta property=\"og:image:width\" content=\"1156\" \/>\n\t<meta property=\"og:image:height\" content=\"867\" \/>\n\t<meta property=\"og:image:type\" content=\"image\/jpeg\" \/>\n<meta name=\"twitter:card\" content=\"summary_large_image\" \/>\n<meta name=\"twitter:label1\" content=\"Cena\" \/>\n\t<meta name=\"twitter:data1\" content=\"&euro;&nbsp;25\" \/>\n\t<meta name=\"twitter:label2\" content=\"Dost\u0119pno\u015b\u0107\" \/>\n\t<meta name=\"twitter:data2\" content=\"Dost\u0119pny\" \/>\n<script type=\"application\/ld+json\" class=\"yoast-schema-graph\">{\"@context\":\"https:\/\/schema.org\",\"@graph\":[{\"@type\":[\"WebPage\",\"ItemPage\"],\"@id\":\"https:\/\/hurghadalovers.com\/pl\/tours\/orange-bay-island-snorkeling-trip-from-hurghada-pl\/\",\"url\":\"https:\/\/hurghadalovers.com\/pl\/tours\/orange-bay-island-snorkeling-trip-from-hurghada-pl\/\",\"name\":\"Wycieczka nurkowa na wysp\u0119 Orange Bay z Hurghady\",\"isPartOf\":{\"@id\":\"https:\/\/hurghadalovers.com\/pl\/#website\"},\"primaryImageOfPage\":{\"@id\":\"https:\/\/hurghadalovers.com\/pl\/tours\/orange-bay-island-snorkeling-trip-from-hurghada-pl\/#primaryimage\"},\"image\":{\"@id\":\"https:\/\/hurghadalovers.com\/pl\/tours\/orange-bay-island-snorkeling-trip-from-hurghada-pl\/#primaryimage\"},\"thumbnailUrl\":\"https:\/\/hurghadalovers.com\/wp-content\/uploads\/2024\/04\/Orange-bay-Hurghada-Snorkeling-Boat-Trip-2025.jpg\",\"datePublished\":\"2024-04-22T12:00:36+00:00\",\"dateModified\":\"2026-02-09T04:56:39+00:00\",\"description\":\"Orange Bay Island Snorkeling Trip z Hurghady ze sportami wodnymi | do\u0142\u0105cz do nas w najlepszych jednodniowych wycieczkach \u0142odzi\u0105 w Hurghadzie i p\u0142ywaniu w najlepszych miejscach rafy koralowej.\",\"breadcrumb\":{\"@id\":\"https:\/\/hurghadalovers.com\/pl\/tours\/orange-bay-island-snorkeling-trip-from-hurghada-pl\/#breadcrumb\"},\"inLanguage\":\"pl-PL\",\"potentialAction\":[{\"@type\":\"ReadAction\",\"target\":[\"https:\/\/hurghadalovers.com\/pl\/tours\/orange-bay-island-snorkeling-trip-from-hurghada-pl\/\"]}]},{\"@type\":\"ImageObject\",\"inLanguage\":\"pl-PL\",\"@id\":\"https:\/\/hurghadalovers.com\/pl\/tours\/orange-bay-island-snorkeling-trip-from-hurghada-pl\/#primaryimage\",\"url\":\"https:\/\/hurghadalovers.com\/wp-content\/uploads\/2024\/04\/Orange-bay-Hurghada-Snorkeling-Boat-Trip-2025.jpg\",\"contentUrl\":\"https:\/\/hurghadalovers.com\/wp-content\/uploads\/2024\/04\/Orange-bay-Hurghada-Snorkeling-Boat-Trip-2025.jpg\",\"width\":1156,\"height\":867,\"caption\":\"Orange bay Hurghada Snorkeling Boat Trip all inclusive\"},{\"@type\":\"BreadcrumbList\",\"@id\":\"https:\/\/hurghadalovers.com\/pl\/tours\/orange-bay-island-snorkeling-trip-from-hurghada-pl\/#breadcrumb\",\"itemListElement\":[{\"@type\":\"ListItem\",\"position\":1,\"name\":\"Home\",\"item\":\"https:\/\/hurghadalovers.com\/pl\/\"},{\"@type\":\"ListItem\",\"position\":2,\"name\":\"Shop\",\"item\":\"https:\/\/hurghadalovers.com\/shop\/\"},{\"@type\":\"ListItem\",\"position\":3,\"name\":\"Wycieczka nurkowa na wysp\u0119 Orange Bay z Hurghady\"}]},{\"@type\":\"WebSite\",\"@id\":\"https:\/\/hurghadalovers.com\/pl\/#website\",\"url\":\"https:\/\/hurghadalovers.com\/pl\/\",\"name\":\"Hurghada Excursions & Day Trips | Booking Best Prices Tours\",\"description\":\"Hurghada Lovers - Best Tour Operator - Excursions &amp; Things to do for Family Day Trips with kids and Couples Romantic. Unique .Hidden gems\",\"publisher\":{\"@id\":\"https:\/\/hurghadalovers.com\/pl\/#organization\"},\"alternateName\":\"Hurghada Excursions\",\"potentialAction\":[{\"@type\":\"SearchAction\",\"target\":{\"@type\":\"EntryPoint\",\"urlTemplate\":\"https:\/\/hurghadalovers.com\/pl\/?s={search_term_string}\"},\"query-input\":{\"@type\":\"PropertyValueSpecification\",\"valueRequired\":true,\"valueName\":\"search_term_string\"}}],\"inLanguage\":\"pl-PL\"},{\"@type\":[\"Organization\",\"Place\",\"TravelAgency\"],\"@id\":\"https:\/\/hurghadalovers.com\/pl\/#organization\",\"name\":\"Hurghada Excursions\",\"url\":\"https:\/\/hurghadalovers.com\/pl\/\",\"logo\":{\"@id\":\"https:\/\/hurghadalovers.com\/pl\/tours\/orange-bay-island-snorkeling-trip-from-hurghada-pl\/#local-main-organization-logo\"},\"image\":{\"@id\":\"https:\/\/hurghadalovers.com\/pl\/tours\/orange-bay-island-snorkeling-trip-from-hurghada-pl\/#local-main-organization-logo\"},\"sameAs\":[\"https:\/\/www.facebook.com\/Hurghadaloversegypt\"],\"address\":{\"@id\":\"https:\/\/hurghadalovers.com\/pl\/tours\/orange-bay-island-snorkeling-trip-from-hurghada-pl\/#local-main-place-address\"},\"telephone\":[\"00201112596434\"],\"contactPoint\":{\"@type\":\"ContactPoint\",\"telephone\":\"00201112596434\",\"email\":\"weyouface@gmail.com\"},\"openingHoursSpecification\":{\"@type\":\"OpeningHoursSpecification\",\"dayOfWeek\":[\"Monday\",\"Tuesday\",\"Wednesday\",\"Thursday\",\"Friday\",\"Saturday\",\"Sunday\"],\"opens\":\"00:00\",\"closes\":\"23:59\"},\"email\":\"weyouface@gmail.com\",\"areaServed\":\"Luxor, Hurghada, El Gouna, Aswan, Sharm El Sheikh, Giza, Alexandria, Marsa Alam, Quseir, Soma Bay, Sahl Hasheesh, Red Sea, Makadi Bay, Cairo\",\"priceRange\":\"$\",\"currenciesAccepted\":\"euro\",\"paymentAccepted\":\"cash on site\"},{\"@type\":\"PostalAddress\",\"@id\":\"https:\/\/hurghadalovers.com\/pl\/tours\/orange-bay-island-snorkeling-trip-from-hurghada-pl\/#local-main-place-address\",\"streetAddress\":\"17 Banks street, Alkawther area, top nbk bank\",\"addressLocality\":\"hurghada\",\"postalCode\":\"84511\",\"addressRegion\":\"red sea\",\"addressCountry\":\"EG\"},{\"@type\":\"ImageObject\",\"inLanguage\":\"pl-PL\",\"@id\":\"https:\/\/hurghadalovers.com\/pl\/tours\/orange-bay-island-snorkeling-trip-from-hurghada-pl\/#local-main-organization-logo\",\"url\":\"https:\/\/hurghadalovers.com\/wp-content\/uploads\/2019\/10\/hurghada-excursions-logo.png\",\"contentUrl\":\"https:\/\/hurghadalovers.com\/wp-content\/uploads\/2019\/10\/hurghada-excursions-logo.png\",\"width\":272,\"height\":90,\"caption\":\"Hurghada Excursions\"}]}<\/script>\n<meta property=\"product:brand\" content=\"Co warto zobaczy\u0107 w Hurghadzie\" \/>\n<meta property=\"product:price:amount\" content=\"25\" \/>\n<meta property=\"product:price:currency\" content=\"EUR\" \/>\n<meta property=\"og:availability\" content=\"instock\" \/>\n<meta property=\"product:availability\" content=\"instock\" \/>\n<meta property=\"product:retailer_item_id\" content=\"snorkeling012024\" \/>\n<meta property=\"product:condition\" content=\"new\" \/>\n<meta name=\"geo.placename\" content=\"hurghada\" \/>\n<meta name=\"geo.region\" content=\"Egipt\" \/>\n<!-- \/ Yoast SEO Premium plugin. -->","yoast_head_json":{"title":"Wycieczka nurkowa na wysp\u0119 Orange Bay z Hurghady","description":"Orange Bay Island Snorkeling Trip z Hurghady ze sportami wodnymi | do\u0142\u0105cz do nas w najlepszych jednodniowych wycieczkach \u0142odzi\u0105 w Hurghadzie i p\u0142ywaniu w najlepszych miejscach rafy koralowej.","robots":{"index":"index","follow":"follow","max-snippet":"max-snippet:-1","max-image-preview":"max-image-preview:large","max-video-preview":"max-video-preview:-1"},"canonical":"https:\/\/hurghadalovers.com\/pl\/tours\/orange-bay-island-snorkeling-trip-from-hurghada-pl\/","og_locale":"pl_PL","og_type":"article","og_title":"Wycieczka nurkowa na wysp\u0119 Orange Bay z Hurghady","og_description":"Orange Bay Island Snorkeling Trip z Hurghady ze sportami wodnymi | do\u0142\u0105cz do nas w najlepszych jednodniowych wycieczkach \u0142odzi\u0105 w Hurghadzie i p\u0142ywaniu w najlepszych miejscach rafy koralowej.","og_url":"https:\/\/hurghadalovers.com\/pl\/tours\/orange-bay-island-snorkeling-trip-from-hurghada-pl\/","og_site_name":"Hurghada Excursions &amp; Day Trips | Booking Best Prices Tours","article_publisher":"https:\/\/www.facebook.com\/Hurghadaloversegypt","article_modified_time":"2026-02-09T04:56:39+00:00","og_image":[{"width":1156,"height":867,"url":"https:\/\/hurghadalovers.com\/wp-content\/uploads\/2024\/04\/Orange-bay-Hurghada-Snorkeling-Boat-Trip-2025.jpg","type":"image\/jpeg"}],"twitter_card":"summary_large_image","twitter_misc":{"Cena":"&euro;&nbsp;25","Dost\u0119pno\u015b\u0107":"Dost\u0119pny"},"schema":{"@context":"https:\/\/schema.org","@graph":[{"@type":["WebPage","ItemPage"],"@id":"https:\/\/hurghadalovers.com\/pl\/tours\/orange-bay-island-snorkeling-trip-from-hurghada-pl\/","url":"https:\/\/hurghadalovers.com\/pl\/tours\/orange-bay-island-snorkeling-trip-from-hurghada-pl\/","name":"Wycieczka nurkowa na wysp\u0119 Orange Bay z Hurghady","isPartOf":{"@id":"https:\/\/hurghadalovers.com\/pl\/#website"},"primaryImageOfPage":{"@id":"https:\/\/hurghadalovers.com\/pl\/tours\/orange-bay-island-snorkeling-trip-from-hurghada-pl\/#primaryimage"},"image":{"@id":"https:\/\/hurghadalovers.com\/pl\/tours\/orange-bay-island-snorkeling-trip-from-hurghada-pl\/#primaryimage"},"thumbnailUrl":"https:\/\/hurghadalovers.com\/wp-content\/uploads\/2024\/04\/Orange-bay-Hurghada-Snorkeling-Boat-Trip-2025.jpg","datePublished":"2024-04-22T12:00:36+00:00","dateModified":"2026-02-09T04:56:39+00:00","description":"Orange Bay Island Snorkeling Trip z Hurghady ze sportami wodnymi | do\u0142\u0105cz do nas w najlepszych jednodniowych wycieczkach \u0142odzi\u0105 w Hurghadzie i p\u0142ywaniu w najlepszych miejscach rafy koralowej.","breadcrumb":{"@id":"https:\/\/hurghadalovers.com\/pl\/tours\/orange-bay-island-snorkeling-trip-from-hurghada-pl\/#breadcrumb"},"inLanguage":"pl-PL","potentialAction":[{"@type":"ReadAction","target":["https:\/\/hurghadalovers.com\/pl\/tours\/orange-bay-island-snorkeling-trip-from-hurghada-pl\/"]}]},{"@type":"ImageObject","inLanguage":"pl-PL","@id":"https:\/\/hurghadalovers.com\/pl\/tours\/orange-bay-island-snorkeling-trip-from-hurghada-pl\/#primaryimage","url":"https:\/\/hurghadalovers.com\/wp-content\/uploads\/2024\/04\/Orange-bay-Hurghada-Snorkeling-Boat-Trip-2025.jpg","contentUrl":"https:\/\/hurghadalovers.com\/wp-content\/uploads\/2024\/04\/Orange-bay-Hurghada-Snorkeling-Boat-Trip-2025.jpg","width":1156,"height":867,"caption":"Orange bay Hurghada Snorkeling Boat Trip all inclusive"},{"@type":"BreadcrumbList","@id":"https:\/\/hurghadalovers.com\/pl\/tours\/orange-bay-island-snorkeling-trip-from-hurghada-pl\/#breadcrumb","itemListElement":[{"@type":"ListItem","position":1,"name":"Home","item":"https:\/\/hurghadalovers.com\/pl\/"},{"@type":"ListItem","position":2,"name":"Shop","item":"https:\/\/hurghadalovers.com\/shop\/"},{"@type":"ListItem","position":3,"name":"Wycieczka nurkowa na wysp\u0119 Orange Bay z Hurghady"}]},{"@type":"WebSite","@id":"https:\/\/hurghadalovers.com\/pl\/#website","url":"https:\/\/hurghadalovers.com\/pl\/","name":"Hurghada Excursions & Day Trips | Booking Best Prices Tours","description":"Hurghada Lovers - Best Tour Operator - Excursions &amp; Things to do for Family Day Trips with kids and Couples Romantic. Unique .Hidden gems","publisher":{"@id":"https:\/\/hurghadalovers.com\/pl\/#organization"},"alternateName":"Hurghada Excursions","potentialAction":[{"@type":"SearchAction","target":{"@type":"EntryPoint","urlTemplate":"https:\/\/hurghadalovers.com\/pl\/?s={search_term_string}"},"query-input":{"@type":"PropertyValueSpecification","valueRequired":true,"valueName":"search_term_string"}}],"inLanguage":"pl-PL"},{"@type":["Organization","Place","TravelAgency"],"@id":"https:\/\/hurghadalovers.com\/pl\/#organization","name":"Hurghada Excursions","url":"https:\/\/hurghadalovers.com\/pl\/","logo":{"@id":"https:\/\/hurghadalovers.com\/pl\/tours\/orange-bay-island-snorkeling-trip-from-hurghada-pl\/#local-main-organization-logo"},"image":{"@id":"https:\/\/hurghadalovers.com\/pl\/tours\/orange-bay-island-snorkeling-trip-from-hurghada-pl\/#local-main-organization-logo"},"sameAs":["https:\/\/www.facebook.com\/Hurghadaloversegypt"],"address":{"@id":"https:\/\/hurghadalovers.com\/pl\/tours\/orange-bay-island-snorkeling-trip-from-hurghada-pl\/#local-main-place-address"},"telephone":["00201112596434"],"contactPoint":{"@type":"ContactPoint","telephone":"00201112596434","email":"weyouface@gmail.com"},"openingHoursSpecification":{"@type":"OpeningHoursSpecification","dayOfWeek":["Monday","Tuesday","Wednesday","Thursday","Friday","Saturday","Sunday"],"opens":"00:00","closes":"23:59"},"email":"weyouface@gmail.com","areaServed":"Luxor, Hurghada, El Gouna, Aswan, Sharm El Sheikh, Giza, Alexandria, Marsa Alam, Quseir, Soma Bay, Sahl Hasheesh, Red Sea, Makadi Bay, Cairo","priceRange":"$","currenciesAccepted":"euro","paymentAccepted":"cash on site"},{"@type":"PostalAddress","@id":"https:\/\/hurghadalovers.com\/pl\/tours\/orange-bay-island-snorkeling-trip-from-hurghada-pl\/#local-main-place-address","streetAddress":"17 Banks street, Alkawther area, top nbk bank","addressLocality":"hurghada","postalCode":"84511","addressRegion":"red sea","addressCountry":"EG"},{"@type":"ImageObject","inLanguage":"pl-PL","@id":"https:\/\/hurghadalovers.com\/pl\/tours\/orange-bay-island-snorkeling-trip-from-hurghada-pl\/#local-main-organization-logo","url":"https:\/\/hurghadalovers.com\/wp-content\/uploads\/2019\/10\/hurghada-excursions-logo.png","contentUrl":"https:\/\/hurghadalovers.com\/wp-content\/uploads\/2019\/10\/hurghada-excursions-logo.png","width":272,"height":90,"caption":"Hurghada Excursions"}]},"product_brand":"Co warto zobaczy\u0107 w Hurghadzie","product_price_amount":"25","product_price_currency":"EUR","og_availability":"instock","product_availability":"instock","product_retailer_item_id":"snorkeling012024","product_condition":"new","geo.placename":"hurghada","geo.region":"Egipt"},"_links":{"self":[{"href":"https:\/\/hurghadalovers.com\/pl\/wp-json\/wp\/v2\/product\/380455","targetHints":{"allow":["GET"]}}],"collection":[{"href":"https:\/\/hurghadalovers.com\/pl\/wp-json\/wp\/v2\/product"}],"about":[{"href":"https:\/\/hurghadalovers.com\/pl\/wp-json\/wp\/v2\/types\/product"}],"wp:featuredmedia":[{"embeddable":true,"href":"https:\/\/hurghadalovers.com\/pl\/wp-json\/wp\/v2\/media\/483553"}],"wp:attachment":[{"href":"https:\/\/hurghadalovers.com\/pl\/wp-json\/wp\/v2\/media?parent=380455"}],"wp:term":[{"taxonomy":"product_brand","embeddable":true,"href":"https:\/\/hurghadalovers.com\/pl\/wp-json\/wp\/v2\/product_brand?post=380455"},{"taxonomy":"product_cat","embeddable":true,"href":"https:\/\/hurghadalovers.com\/pl\/wp-json\/wp\/v2\/product_cat?post=380455"},{"taxonomy":"product_tag","embeddable":true,"href":"https:\/\/hurghadalovers.com\/pl\/wp-json\/wp\/v2\/product_tag?post=380455"}],"curies":[{"name":"wp","href":"https:\/\/api.w.org\/{rel}","templated":true}]}}