{"id":380313,"date":"2024-04-22T11:00:55","date_gmt":"2024-04-22T11:00:55","guid":{"rendered":"https:\/\/hurghadalovers.com\/shop\/bez-kategorii\/wycieczka-super-jeep-safari-z-hurghady\/"},"modified":"2026-02-08T12:57:21","modified_gmt":"2026-02-08T12:57:21","slug":"super-jeep-safari-trip-from-hurghada","status":"publish","type":"product","link":"https:\/\/hurghadalovers.com\/pl\/tours\/super-jeep-safari-trip-from-hurghada\/","title":{"rendered":"Wycieczka Super Jeep Safari z Hurghady"},"content":{"rendered":"<p><strong>Super Jeep Safari Trip z Hurghady<\/strong> Desert Safari z ATV Quad Bike, Spider Car i 4 \u00d7 4 Car do wioski Beduin\u00f3w z Camel Ride, a nast\u0119pnie BBQ Dinner + Traditional Show.<\/p>\n<p style=\"text-align: center;\"><span style=\"color: #ff6600;\">  Najlepsze rzeczy do zrobienia w Hurghadzie dla <span style=\"color: #33cccc;\"><br \/>\n  <strong>Dla rodzin z dzie\u0107mi<\/strong><br \/>\n<\/span><strong>seniorzy<\/strong> i <span style=\"color: #993366;\"><br \/>\n  <strong>Romantyczny<\/strong><br \/>\n<\/span> i <span style=\"color: #993366;\"><br \/>\n  <strong>Miesi\u0105c miodowy dla par<\/strong><br \/>\n<\/span><\/span><\/p>\n<p>&nbsp;<\/p>\n<p><strong>Najwa\u017cniejsze wydarzenia:<\/strong><\/p>\n<ol>\n<li>4\u00d74 Jeep Car.<\/li>\n<li>Jazda quadem.<\/li>\n<li>Samoch\u00f3d paj\u0105k.<\/li>\n<li>Przeja\u017cd\u017cka na wielb\u0142\u0105dzie.<\/li>\n<li>Wioska Beduin\u00f3w.<\/li>\n<li>Kolacja BBQ.<\/li>\n<li>Oriental Show.<\/li>\n<\/ol>\n<p><strong>Szczeg\u00f3\u0142y wycieczki Super Jeep Safari z Hurghady:<\/strong><\/p>\n<ul>\n<li>Dost\u0119pno\u015b\u0107 wycieczki: Codziennie.<\/li>\n<li>Typ wycieczki: Grupa.<\/li>\n<li>Czas odbioru: od 11:45 AM..<\/li>\n<li>Czas odbioru: 19:00.<\/li>\n<li>Czas trwania: 7 godz.<\/li>\n<\/ul>\n<p><strong>Zarezerwuj teraz i zap\u0142a\u0107 p\u00f3\u017aniej:<\/strong><\/p>\n<ul>\n<li>Got\u00f3wka na miejscu dla przewodnika.<\/li>\n<li>P\u0142atno\u015b\u0107 w funtach egipskich, $, \u20ac lub \u00a3.<\/li>\n<\/ul>\n<p><strong>Zasady anulowania rezerwacji:<\/strong><\/p>\n<ul>\n<li>mo\u017cna anulowa\u0107 z maksymalnie 24-godzinnym wyprzedzeniem.<\/li>\n<li>Je\u015bli kto\u015b z rodziny anuluje poranek, zap\u0142aci 50% koszt\u00f3w.<\/li>\n<\/ul>\n<p><strong>Co wchodzi w sk\u0142ad zestawu?<\/strong><\/p>\n<ul>\n<li>Transfer z hoteli w Hurghadzie &#8222;Odbi\u00f3r i dow\u00f3z z hotelu&#8221;.<\/li>\n<li>Wszystkie podatki, op\u0142aty za wst\u0119p i op\u0142aty manipulacyjne.<\/li>\n<li>Transfery.<\/li>\n<li>Przewodnik turystyczny.<\/li>\n<li>Kask.<\/li>\n<\/ul>\n<p><strong>Wy\u0142\u0105czenia?<\/strong><\/p>\n<ul>\n<li>Szalik<\/li>\n<li>Okulary ochronne<\/li>\n<li>Napiwki.<\/li>\n<li>Zdj\u0119cia z podr\u00f3\u017cy.<\/li>\n<li>Wszelkie niewymienione dodatki.<\/li>\n<\/ul>\n<p><strong>Wycieczka Super Jeep Safari z Hurghady Ceny:<\/strong><\/p>\n<ul>\n<li><strong>Cena dla osoby doros\u0142ej = <\/strong><strong>25 USD<\/strong><strong> za osob\u0119<\/strong>.<\/li>\n<li>Cena dla dzieci &#8222;5-12\u2033 = 50%.<\/li>\n<li>dla dzieci &#8222;0-5\u2033= Bezp\u0142atnie.<\/li>\n<\/ul>\n<p><strong>Recenzje:<\/strong><\/p>\n<p>sprawd\u017a nasze opinie na mapie Google jako najlepszy <a href=\"https:\/\/g.page\/r\/CUeYvkngP3wkEBM\/review\">organizator<\/a> wycieczek online w <a href=\"https:\/\/hurghadalovers.com\/\">Hurghadzie<\/a> w Egipcie.<\/p>\n<p>&nbsp;<\/p>\n<p><strong>Uwaga:  <\/strong><\/p>\n<p>Organizujemy r\u00f3wnie\u017c wycieczki z transferem z hotelu w El Goua, zatoce Soma, zatoce Makadi, Sahl Hasheesh, Safaga za dodatkow\u0105 op\u0142at\u0105 = 10 $ za osob\u0119.<\/p>\n<p>&nbsp;<\/p>\n<p><strong>Rezerwacja:<\/strong><\/p>\n<p>Wy\u015blij hotel + numer pokoju + paszporty ze zdj\u0119ciem na WhatsApp: <strong>+201112596434<\/strong><\/p>\n<p>Je\u015bli jeste\u015b w Egipcie Rezerwuj teraz online i potwierd\u017a po przyje\u017adzie Hotel.<\/p>\n<p>&nbsp;<\/p>\n","protected":false},"excerpt":{"rendered":"<p><strong>Super Jeep Safari Trip z Hurghady<\/strong> Desert Safari z ATV Quad Bike, Spider Car i 4 \u00d7 4 Car do wioski Beduin\u00f3w z Camel Ride, a nast\u0119pnie BBQ Dinner + Traditional Show.<\/p>\n","protected":false},"featured_media":487214,"template":"","meta":{"_joinchat":[]},"product_brand":[],"product_cat":[36264],"product_tag":[61012],"class_list":{"0":"post-380313","1":"product","2":"type-product","3":"status-publish","4":"has-post-thumbnail","6":"product_cat-tours-pl","7":"product_tag-safari-tour-hurghada-pl","8":"tour_category-hurghada-excursions-pl","9":"tour_category-safari-hurghada-trips-pl","11":"first","12":"instock","13":"sale","14":"shipping-taxable","15":"purchasable","16":"product-type-tour"},"yoast_head":"<!-- This site is optimized with the Yoast SEO Premium plugin v26.9 (Yoast SEO v27.2) - https:\/\/yoast.com\/product\/yoast-seo-premium-wordpress\/ -->\n<title>Wycieczka Super Jeep Safari z Hurghady na pustynne safari z ATV<\/title>\n<meta name=\"description\" content=\"Super Jeep Safari Trip z Hurghady Desert Safari z ATV Quad Bike, Spider Car i 4 \u00d7 4 Car do wioski Beduin\u00f3w z Camel Ride, a nast\u0119pnie BBQ Dinner + show.\" \/>\n<meta name=\"robots\" content=\"index, follow, max-snippet:-1, max-image-preview:large, max-video-preview:-1\" \/>\n<link rel=\"canonical\" href=\"https:\/\/hurghadalovers.com\/pl\/tours\/super-jeep-safari-trip-from-hurghada\/\" \/>\n<meta property=\"og:locale\" content=\"pl_PL\" \/>\n<meta property=\"og:type\" content=\"article\" \/>\n<meta property=\"og:title\" content=\"Wycieczka Super Jeep Safari z Hurghady\" \/>\n<meta property=\"og:description\" content=\"Super Jeep Safari Trip z Hurghady Desert Safari z ATV Quad Bike, Spider Car i 4 \u00d7 4 Car do wioski Beduin\u00f3w z Camel Ride, a nast\u0119pnie BBQ Dinner + show.\" \/>\n<meta property=\"og:url\" content=\"https:\/\/hurghadalovers.com\/pl\/tours\/super-jeep-safari-trip-from-hurghada\/\" \/>\n<meta property=\"og:site_name\" content=\"Hurghada Excursions &amp; Day Trips | Booking Best Prices Tours\" \/>\n<meta property=\"article:publisher\" content=\"https:\/\/www.facebook.com\/Hurghadaloversegypt\" \/>\n<meta property=\"article:modified_time\" content=\"2026-02-08T12:57:21+00:00\" \/>\n<meta property=\"og:image\" content=\"https:\/\/hurghadalovers.com\/wp-content\/uploads\/2024\/04\/Safari-Sahara-Hurghada-Jeep-4WD-Tours-2026.jpeg\" \/>\n\t<meta property=\"og:image:width\" content=\"960\" \/>\n\t<meta property=\"og:image:height\" content=\"1280\" \/>\n\t<meta property=\"og:image:type\" content=\"image\/jpeg\" \/>\n<meta name=\"twitter:card\" content=\"summary_large_image\" \/>\n<meta name=\"twitter:label1\" content=\"Cena\" \/>\n\t<meta name=\"twitter:data1\" content=\"&euro;&nbsp;25\" \/>\n\t<meta name=\"twitter:label2\" content=\"Dost\u0119pno\u015b\u0107\" \/>\n\t<meta name=\"twitter:data2\" content=\"Dost\u0119pny\" \/>\n<script type=\"application\/ld+json\" class=\"yoast-schema-graph\">{\"@context\":\"https:\/\/schema.org\",\"@graph\":[{\"@type\":[\"WebPage\",\"ItemPage\"],\"@id\":\"https:\/\/hurghadalovers.com\/pl\/tours\/super-jeep-safari-trip-from-hurghada\/\",\"url\":\"https:\/\/hurghadalovers.com\/pl\/tours\/super-jeep-safari-trip-from-hurghada\/\",\"name\":\"Wycieczka Super Jeep Safari z Hurghady na pustynne safari z ATV\",\"isPartOf\":{\"@id\":\"https:\/\/hurghadalovers.com\/pl\/#website\"},\"primaryImageOfPage\":{\"@id\":\"https:\/\/hurghadalovers.com\/pl\/tours\/super-jeep-safari-trip-from-hurghada\/#primaryimage\"},\"image\":{\"@id\":\"https:\/\/hurghadalovers.com\/pl\/tours\/super-jeep-safari-trip-from-hurghada\/#primaryimage\"},\"thumbnailUrl\":\"https:\/\/hurghadalovers.com\/wp-content\/uploads\/2024\/04\/Safari-Sahara-Hurghada-Jeep-4WD-Tours-2026.jpeg\",\"datePublished\":\"2024-04-22T11:00:55+00:00\",\"dateModified\":\"2026-02-08T12:57:21+00:00\",\"description\":\"Super Jeep Safari Trip z Hurghady Desert Safari z ATV Quad Bike, Spider Car i 4 \u00d7 4 Car do wioski Beduin\u00f3w z Camel Ride, a nast\u0119pnie BBQ Dinner + show.\",\"breadcrumb\":{\"@id\":\"https:\/\/hurghadalovers.com\/pl\/tours\/super-jeep-safari-trip-from-hurghada\/#breadcrumb\"},\"inLanguage\":\"pl-PL\",\"potentialAction\":[{\"@type\":\"ReadAction\",\"target\":[\"https:\/\/hurghadalovers.com\/pl\/tours\/super-jeep-safari-trip-from-hurghada\/\"]}]},{\"@type\":\"ImageObject\",\"inLanguage\":\"pl-PL\",\"@id\":\"https:\/\/hurghadalovers.com\/pl\/tours\/super-jeep-safari-trip-from-hurghada\/#primaryimage\",\"url\":\"https:\/\/hurghadalovers.com\/wp-content\/uploads\/2024\/04\/Safari-Sahara-Hurghada-Jeep-4WD-Tours-2026.jpeg\",\"contentUrl\":\"https:\/\/hurghadalovers.com\/wp-content\/uploads\/2024\/04\/Safari-Sahara-Hurghada-Jeep-4WD-Tours-2026.jpeg\",\"width\":960,\"height\":1280,\"caption\":\"Safari Sahara Hurghada Jeep 4WD Tours 2026\"},{\"@type\":\"BreadcrumbList\",\"@id\":\"https:\/\/hurghadalovers.com\/pl\/tours\/super-jeep-safari-trip-from-hurghada\/#breadcrumb\",\"itemListElement\":[{\"@type\":\"ListItem\",\"position\":1,\"name\":\"Home\",\"item\":\"https:\/\/hurghadalovers.com\/pl\/\"},{\"@type\":\"ListItem\",\"position\":2,\"name\":\"Shop\",\"item\":\"https:\/\/hurghadalovers.com\/shop\/\"},{\"@type\":\"ListItem\",\"position\":3,\"name\":\"Wycieczka Super Jeep Safari z Hurghady\"}]},{\"@type\":\"WebSite\",\"@id\":\"https:\/\/hurghadalovers.com\/pl\/#website\",\"url\":\"https:\/\/hurghadalovers.com\/pl\/\",\"name\":\"Hurghada Excursions & Day Trips | Booking Best Prices Tours\",\"description\":\"Hurghada Lovers - Best Tour Operator - Excursions &amp; Things to do for Family Day Trips with kids and Couples Romantic. Unique .Hidden gems\",\"publisher\":{\"@id\":\"https:\/\/hurghadalovers.com\/pl\/#organization\"},\"alternateName\":\"Hurghada Excursions\",\"potentialAction\":[{\"@type\":\"SearchAction\",\"target\":{\"@type\":\"EntryPoint\",\"urlTemplate\":\"https:\/\/hurghadalovers.com\/pl\/?s={search_term_string}\"},\"query-input\":{\"@type\":\"PropertyValueSpecification\",\"valueRequired\":true,\"valueName\":\"search_term_string\"}}],\"inLanguage\":\"pl-PL\"},{\"@type\":[\"Organization\",\"Place\",\"TravelAgency\"],\"@id\":\"https:\/\/hurghadalovers.com\/pl\/#organization\",\"name\":\"Hurghada Excursions\",\"url\":\"https:\/\/hurghadalovers.com\/pl\/\",\"logo\":{\"@id\":\"https:\/\/hurghadalovers.com\/pl\/tours\/super-jeep-safari-trip-from-hurghada\/#local-main-organization-logo\"},\"image\":{\"@id\":\"https:\/\/hurghadalovers.com\/pl\/tours\/super-jeep-safari-trip-from-hurghada\/#local-main-organization-logo\"},\"sameAs\":[\"https:\/\/www.facebook.com\/Hurghadaloversegypt\"],\"address\":{\"@id\":\"https:\/\/hurghadalovers.com\/pl\/tours\/super-jeep-safari-trip-from-hurghada\/#local-main-place-address\"},\"telephone\":[\"00201112596434\"],\"contactPoint\":{\"@type\":\"ContactPoint\",\"telephone\":\"00201112596434\",\"email\":\"weyouface@gmail.com\"},\"openingHoursSpecification\":{\"@type\":\"OpeningHoursSpecification\",\"dayOfWeek\":[\"Monday\",\"Tuesday\",\"Wednesday\",\"Thursday\",\"Friday\",\"Saturday\",\"Sunday\"],\"opens\":\"00:00\",\"closes\":\"23:59\"},\"email\":\"weyouface@gmail.com\",\"areaServed\":\"Luxor, Hurghada, El Gouna, Aswan, Sharm El Sheikh, Giza, Alexandria, Marsa Alam, Quseir, Soma Bay, Sahl Hasheesh, Red Sea, Makadi Bay, Cairo\",\"priceRange\":\"$\",\"currenciesAccepted\":\"euro\",\"paymentAccepted\":\"cash on site\"},{\"@type\":\"PostalAddress\",\"@id\":\"https:\/\/hurghadalovers.com\/pl\/tours\/super-jeep-safari-trip-from-hurghada\/#local-main-place-address\",\"streetAddress\":\"17 Banks street, Alkawther area, top nbk bank\",\"addressLocality\":\"hurghada\",\"postalCode\":\"84511\",\"addressRegion\":\"red sea\",\"addressCountry\":\"EG\"},{\"@type\":\"ImageObject\",\"inLanguage\":\"pl-PL\",\"@id\":\"https:\/\/hurghadalovers.com\/pl\/tours\/super-jeep-safari-trip-from-hurghada\/#local-main-organization-logo\",\"url\":\"https:\/\/hurghadalovers.com\/wp-content\/uploads\/2019\/10\/hurghada-excursions-logo.png\",\"contentUrl\":\"https:\/\/hurghadalovers.com\/wp-content\/uploads\/2019\/10\/hurghada-excursions-logo.png\",\"width\":272,\"height\":90,\"caption\":\"Hurghada Excursions\"}]}<\/script>\n<meta property=\"product:brand\" content=\"Co warto zobaczy\u0107 w Hurghadzie\" \/>\n<meta property=\"product:price:amount\" content=\"25\" \/>\n<meta property=\"product:price:currency\" content=\"EUR\" \/>\n<meta property=\"og:availability\" content=\"instock\" \/>\n<meta property=\"product:availability\" content=\"instock\" \/>\n<meta property=\"product:retailer_item_id\" content=\"Safari042024\" \/>\n<meta property=\"product:condition\" content=\"new\" \/>\n<meta name=\"geo.placename\" content=\"hurghada\" \/>\n<meta name=\"geo.region\" content=\"Egipt\" \/>\n<!-- \/ Yoast SEO Premium plugin. -->","yoast_head_json":{"title":"Wycieczka Super Jeep Safari z Hurghady na pustynne safari z ATV","description":"Super Jeep Safari Trip z Hurghady Desert Safari z ATV Quad Bike, Spider Car i 4 \u00d7 4 Car do wioski Beduin\u00f3w z Camel Ride, a nast\u0119pnie BBQ Dinner + show.","robots":{"index":"index","follow":"follow","max-snippet":"max-snippet:-1","max-image-preview":"max-image-preview:large","max-video-preview":"max-video-preview:-1"},"canonical":"https:\/\/hurghadalovers.com\/pl\/tours\/super-jeep-safari-trip-from-hurghada\/","og_locale":"pl_PL","og_type":"article","og_title":"Wycieczka Super Jeep Safari z Hurghady","og_description":"Super Jeep Safari Trip z Hurghady Desert Safari z ATV Quad Bike, Spider Car i 4 \u00d7 4 Car do wioski Beduin\u00f3w z Camel Ride, a nast\u0119pnie BBQ Dinner + show.","og_url":"https:\/\/hurghadalovers.com\/pl\/tours\/super-jeep-safari-trip-from-hurghada\/","og_site_name":"Hurghada Excursions &amp; Day Trips | Booking Best Prices Tours","article_publisher":"https:\/\/www.facebook.com\/Hurghadaloversegypt","article_modified_time":"2026-02-08T12:57:21+00:00","og_image":[{"width":960,"height":1280,"url":"https:\/\/hurghadalovers.com\/wp-content\/uploads\/2024\/04\/Safari-Sahara-Hurghada-Jeep-4WD-Tours-2026.jpeg","type":"image\/jpeg"}],"twitter_card":"summary_large_image","twitter_misc":{"Cena":"&euro;&nbsp;25","Dost\u0119pno\u015b\u0107":"Dost\u0119pny"},"schema":{"@context":"https:\/\/schema.org","@graph":[{"@type":["WebPage","ItemPage"],"@id":"https:\/\/hurghadalovers.com\/pl\/tours\/super-jeep-safari-trip-from-hurghada\/","url":"https:\/\/hurghadalovers.com\/pl\/tours\/super-jeep-safari-trip-from-hurghada\/","name":"Wycieczka Super Jeep Safari z Hurghady na pustynne safari z ATV","isPartOf":{"@id":"https:\/\/hurghadalovers.com\/pl\/#website"},"primaryImageOfPage":{"@id":"https:\/\/hurghadalovers.com\/pl\/tours\/super-jeep-safari-trip-from-hurghada\/#primaryimage"},"image":{"@id":"https:\/\/hurghadalovers.com\/pl\/tours\/super-jeep-safari-trip-from-hurghada\/#primaryimage"},"thumbnailUrl":"https:\/\/hurghadalovers.com\/wp-content\/uploads\/2024\/04\/Safari-Sahara-Hurghada-Jeep-4WD-Tours-2026.jpeg","datePublished":"2024-04-22T11:00:55+00:00","dateModified":"2026-02-08T12:57:21+00:00","description":"Super Jeep Safari Trip z Hurghady Desert Safari z ATV Quad Bike, Spider Car i 4 \u00d7 4 Car do wioski Beduin\u00f3w z Camel Ride, a nast\u0119pnie BBQ Dinner + show.","breadcrumb":{"@id":"https:\/\/hurghadalovers.com\/pl\/tours\/super-jeep-safari-trip-from-hurghada\/#breadcrumb"},"inLanguage":"pl-PL","potentialAction":[{"@type":"ReadAction","target":["https:\/\/hurghadalovers.com\/pl\/tours\/super-jeep-safari-trip-from-hurghada\/"]}]},{"@type":"ImageObject","inLanguage":"pl-PL","@id":"https:\/\/hurghadalovers.com\/pl\/tours\/super-jeep-safari-trip-from-hurghada\/#primaryimage","url":"https:\/\/hurghadalovers.com\/wp-content\/uploads\/2024\/04\/Safari-Sahara-Hurghada-Jeep-4WD-Tours-2026.jpeg","contentUrl":"https:\/\/hurghadalovers.com\/wp-content\/uploads\/2024\/04\/Safari-Sahara-Hurghada-Jeep-4WD-Tours-2026.jpeg","width":960,"height":1280,"caption":"Safari Sahara Hurghada Jeep 4WD Tours 2026"},{"@type":"BreadcrumbList","@id":"https:\/\/hurghadalovers.com\/pl\/tours\/super-jeep-safari-trip-from-hurghada\/#breadcrumb","itemListElement":[{"@type":"ListItem","position":1,"name":"Home","item":"https:\/\/hurghadalovers.com\/pl\/"},{"@type":"ListItem","position":2,"name":"Shop","item":"https:\/\/hurghadalovers.com\/shop\/"},{"@type":"ListItem","position":3,"name":"Wycieczka Super Jeep Safari z Hurghady"}]},{"@type":"WebSite","@id":"https:\/\/hurghadalovers.com\/pl\/#website","url":"https:\/\/hurghadalovers.com\/pl\/","name":"Hurghada Excursions & Day Trips | Booking Best Prices Tours","description":"Hurghada Lovers - Best Tour Operator - Excursions &amp; Things to do for Family Day Trips with kids and Couples Romantic. Unique .Hidden gems","publisher":{"@id":"https:\/\/hurghadalovers.com\/pl\/#organization"},"alternateName":"Hurghada Excursions","potentialAction":[{"@type":"SearchAction","target":{"@type":"EntryPoint","urlTemplate":"https:\/\/hurghadalovers.com\/pl\/?s={search_term_string}"},"query-input":{"@type":"PropertyValueSpecification","valueRequired":true,"valueName":"search_term_string"}}],"inLanguage":"pl-PL"},{"@type":["Organization","Place","TravelAgency"],"@id":"https:\/\/hurghadalovers.com\/pl\/#organization","name":"Hurghada Excursions","url":"https:\/\/hurghadalovers.com\/pl\/","logo":{"@id":"https:\/\/hurghadalovers.com\/pl\/tours\/super-jeep-safari-trip-from-hurghada\/#local-main-organization-logo"},"image":{"@id":"https:\/\/hurghadalovers.com\/pl\/tours\/super-jeep-safari-trip-from-hurghada\/#local-main-organization-logo"},"sameAs":["https:\/\/www.facebook.com\/Hurghadaloversegypt"],"address":{"@id":"https:\/\/hurghadalovers.com\/pl\/tours\/super-jeep-safari-trip-from-hurghada\/#local-main-place-address"},"telephone":["00201112596434"],"contactPoint":{"@type":"ContactPoint","telephone":"00201112596434","email":"weyouface@gmail.com"},"openingHoursSpecification":{"@type":"OpeningHoursSpecification","dayOfWeek":["Monday","Tuesday","Wednesday","Thursday","Friday","Saturday","Sunday"],"opens":"00:00","closes":"23:59"},"email":"weyouface@gmail.com","areaServed":"Luxor, Hurghada, El Gouna, Aswan, Sharm El Sheikh, Giza, Alexandria, Marsa Alam, Quseir, Soma Bay, Sahl Hasheesh, Red Sea, Makadi Bay, Cairo","priceRange":"$","currenciesAccepted":"euro","paymentAccepted":"cash on site"},{"@type":"PostalAddress","@id":"https:\/\/hurghadalovers.com\/pl\/tours\/super-jeep-safari-trip-from-hurghada\/#local-main-place-address","streetAddress":"17 Banks street, Alkawther area, top nbk bank","addressLocality":"hurghada","postalCode":"84511","addressRegion":"red sea","addressCountry":"EG"},{"@type":"ImageObject","inLanguage":"pl-PL","@id":"https:\/\/hurghadalovers.com\/pl\/tours\/super-jeep-safari-trip-from-hurghada\/#local-main-organization-logo","url":"https:\/\/hurghadalovers.com\/wp-content\/uploads\/2019\/10\/hurghada-excursions-logo.png","contentUrl":"https:\/\/hurghadalovers.com\/wp-content\/uploads\/2019\/10\/hurghada-excursions-logo.png","width":272,"height":90,"caption":"Hurghada Excursions"}]},"product_brand":"Co warto zobaczy\u0107 w Hurghadzie","product_price_amount":"25","product_price_currency":"EUR","og_availability":"instock","product_availability":"instock","product_retailer_item_id":"Safari042024","product_condition":"new","geo.placename":"hurghada","geo.region":"Egipt"},"_links":{"self":[{"href":"https:\/\/hurghadalovers.com\/pl\/wp-json\/wp\/v2\/product\/380313","targetHints":{"allow":["GET"]}}],"collection":[{"href":"https:\/\/hurghadalovers.com\/pl\/wp-json\/wp\/v2\/product"}],"about":[{"href":"https:\/\/hurghadalovers.com\/pl\/wp-json\/wp\/v2\/types\/product"}],"wp:featuredmedia":[{"embeddable":true,"href":"https:\/\/hurghadalovers.com\/pl\/wp-json\/wp\/v2\/media\/487214"}],"wp:attachment":[{"href":"https:\/\/hurghadalovers.com\/pl\/wp-json\/wp\/v2\/media?parent=380313"}],"wp:term":[{"taxonomy":"product_brand","embeddable":true,"href":"https:\/\/hurghadalovers.com\/pl\/wp-json\/wp\/v2\/product_brand?post=380313"},{"taxonomy":"product_cat","embeddable":true,"href":"https:\/\/hurghadalovers.com\/pl\/wp-json\/wp\/v2\/product_cat?post=380313"},{"taxonomy":"product_tag","embeddable":true,"href":"https:\/\/hurghadalovers.com\/pl\/wp-json\/wp\/v2\/product_tag?post=380313"}],"curies":[{"name":"wp","href":"https:\/\/api.w.org\/{rel}","templated":true}]}}