{"id":379474,"date":"2023-08-12T08:38:05","date_gmt":"2023-08-12T08:41:24","guid":{"rendered":"https:\/\/hurghadalovers.com\/shop\/bez-kategorii\/prywatna-jednodniowa-wycieczka-z-hurghady-do-kairu-i-luksoru-2-dni\/"},"modified":"2026-02-07T18:25:48","modified_gmt":"2026-02-07T18:25:48","slug":"private-day-trip-from-hurghada-to-cairo-and-luxor-2-days","status":"publish","type":"product","link":"https:\/\/hurghadalovers.com\/pl\/tours\/private-day-trip-from-hurghada-to-cairo-and-luxor-2-days\/","title":{"rendered":"Prywatna jednodniowa wycieczka z Hurghady do Kairu i Luksoru 2 DNI"},"content":{"rendered":"<p><strong>Prywatna jednodniowa wycieczka z Hurghady<\/strong> do Kairu i Luksoru 2 DNI z prywatnym przewodnikiem, biletami i lunchem.<\/p>\n<p>Wyj\u0105tkowa wycieczka pozwalaj\u0105ca odkry\u0107 sekrety i histori\u0119 budowy <strong>piramid<\/strong> i Wielkiego <strong>Sfinksa<\/strong>, a tak\u017ce pozna\u0107 fakty dotycz\u0105ce \u015bwi\u0105ty\u0144 i grobowc\u00f3w kr\u00f3lewskich w <strong>Luksorze<\/strong> podczas dwudniowej wycieczki, kt\u00f3ra obejmuje wszystko.<\/p>\n<p>&nbsp;<\/p>\n<p><strong>Najwa\u017cniejsze wydarzenia:<\/strong><\/p>\n<ul>\n<li>Piramidy w Gizie.<\/li>\n<li>Wielki Sfinks.<\/li>\n<li>Valley Temple.<\/li>\n<li>Stary bazar.<\/li>\n<li>Muzeum Egipskie.<\/li>\n<li>\u015awi\u0105tynia Karnak.<\/li>\n<li>Kolosy Memnona.<\/li>\n<li>\u015awi\u0105tynia grobowa Hatszepsut.<\/li>\n<li>3 grobowce w Dolinie Kr\u00f3l\u00f3w.<\/li>\n<li>Lunch w restauracji.<\/li>\n<\/ul>\n<p><strong>Szczeg\u00f3\u0142y prywatnej jednodniowej wycieczki z Hurghady:<\/strong><\/p>\n<ul>\n<li>Dost\u0119pno\u015b\u0107 wycieczki: Codziennie.<\/li>\n<li>Rodzaj wycieczki: Prywatna samochodem lub minivanem.<\/li>\n<li>Czas odbioru: zaczyna si\u0119 od 02:30.<\/li>\n<li>Pro\u015bba hotelu o otrzymanie torby \u015bniadaniowej wraz z porankiem.<\/li>\n<li>Czas odbioru: 19:30.<\/li>\n<li>Dost\u0119p dla w\u00f3zk\u00f3w inwalidzkich.<\/li>\n<li>Czas trwania: 2 dni i 1 noc.<\/li>\n<\/ul>\n<p><strong>Zarezerwuj teraz i zap\u0142a\u0107 p\u00f3\u017aniej:<\/strong><\/p>\n<ul>\n<li>Got\u00f3wka na miejscu dla przewodnika.<\/li>\n<li>P\u0142atno\u015b\u0107 w funtach egipskich, $, \u20ac lub \u00a3.<\/li>\n<\/ul>\n<p><strong>Zasady anulowania rezerwacji:<\/strong><\/p>\n<ul>\n<li>mo\u017cna anulowa\u0107 z maksymalnie 24-godzinnym wyprzedzeniem.<\/li>\n<li>Je\u015bli kto\u015b z rodziny anuluje poranek, zap\u0142aci 50% koszt\u00f3w.<\/li>\n<\/ul>\n<p><strong>Co obejmuje prywatna jednodniowa wycieczka z Hurghady?<\/strong><\/p>\n<ul>\n<li>Transfer z hoteli w Hurghadzie &#8222;Odbi\u00f3r i dow\u00f3z z hotelu&#8221;.<\/li>\n<li>Wszystkie podatki, op\u0142aty za wst\u0119p i op\u0142aty manipulacyjne.<\/li>\n<li>Bilet lotniczy Kair\/Luksor.<\/li>\n<li>Transfery.<\/li>\n<li>Przewodnik turystyczny.<\/li>\n<li>Jedna noc w hotelu w Luksorze.<\/li>\n<li>Napoje.<\/li>\n<li>Lunch w restauracji.<\/li>\n<\/ul>\n<p><strong>Wy\u0142\u0105czenia?<\/strong><\/p>\n<ul>\n<li>Napiwki.<\/li>\n<li>Wycieczka Felucca &#8222;Rejs \u0142odzi\u0105&#8221; Przez 35 min= 10$.<\/li>\n<li>Pow\u00f3z konny w rejonie piramid.<\/li>\n<li>Bilet wst\u0119pu do Wielkiej Piramidy Chufu.<\/li>\n<li>Wszelkie niewymienione dodatki.<\/li>\n<\/ul>\n<p><strong>Ceny prywatnych jednodniowych wycieczek z Hurghady:<\/strong><\/p>\n<ul>\n<li><strong>Cena dla osoby doros\u0142ej = <\/strong><strong>od 510 USD<\/strong><strong> za osob\u0119<\/strong>.<\/li>\n<li>Cena dla dzieci &#8222;5-12\u2033 = 50%.<\/li>\n<li>dla dzieci &#8222;0-5\u2033= Bezp\u0142atnie.<\/li>\n<\/ul>\n<p><strong>Recenzje:<\/strong><\/p>\n<p>sprawd\u017a nasze opinie na mapie Google jako najlepszy <a href=\"https:\/\/g.page\/r\/CUeYvkngP3wkEBM\/review\">organizator<\/a> wycieczek online <a href=\"https:\/\/g.page\/r\/CUeYvkngP3wkEBM\/review\">w<\/a> <a href=\"https:\/\/hurghadalovers.com\/\">Hurghadzie<\/a> w Egipcie.<\/p>\n<p>&nbsp;<\/p>\n<p><strong>Uwaga :  <\/strong><\/p>\n<p>Organizujemy r\u00f3wnie\u017c wycieczki z transferem z hotelu w El Goua, zatoce Soma, zatoce Makadi, Sahl Hasheesh, Safaga za dodatkow\u0105 op\u0142at\u0105 = 10 $ za osob\u0119.<\/p>\n<p>&nbsp;<\/p>\n<p><strong>Rezerwacja:<\/strong><\/p>\n<p>Wy\u015blij hotel + numer pokoju + paszporty ze zdj\u0119ciem na WhatsApp: <strong>+201112596434<\/strong><\/p>\n<p>Je\u015bli jeste\u015b w Egipcie Rezerwuj teraz online i potwierd\u017a po przyje\u017adzie Hotel.<\/p>\n","protected":false},"excerpt":{"rendered":"<p>Prywatna jednodniowa wycieczka z Hurghady do Kairu i Luksoru 2 DNI z prywatnym przewodnikiem, biletami i lunchem. Wyj\u0105tkowa wycieczka pozwalaj\u0105ca odkry\u0107 tajemnice i histori\u0119 budowy piramid&#8230;<\/p>\n","protected":false},"featured_media":379430,"template":"","meta":{"_joinchat":[]},"product_brand":[],"product_cat":[36264],"product_tag":[60960,60962,60964,59777,59783,59726,59789,51224,51236,59740,59795,59729,60948],"class_list":{"0":"post-379474","1":"product","2":"type-product","3":"status-publish","4":"has-post-thumbnail","6":"product_cat-tours-pl","7":"product_tag-hurghada-atrakcje-dla-calej-rodziny-2","8":"product_tag-hurghada-wycieczki-przyjazne-dzieciom","9":"product_tag-hurghada-zajecia-dla-dzieci","10":"product_tag-hurghada-do-piramid","11":"product_tag-jednodniowa-wycieczka-do-kairu-z-hurghady","12":"product_tag-jednodniowa-wycieczka-z-hurghady-do-piramid","13":"product_tag-piramidy-z-hurghady","14":"product_tag-prywatne-wycieczki-po-egipcie","15":"product_tag-prywatne-wycieczki-po-kairze","16":"product_tag-rzeczy-do-zrobienia-w-hurghadzie","17":"product_tag-wycieczka-z-hurghady-do-kairu","18":"product_tag-wycieczki-do-hurghady","19":"product_tag-wycieczki-jednodniowe-z-hurghady","20":"tour_category-hurghada-excursions-pl","21":"tour_category-hurghada-to-cairo-trips-pl","23":"first","24":"instock","25":"sale","26":"shipping-taxable","27":"purchasable","28":"product-type-tour"},"yoast_head":"<!-- This site is optimized with the Yoast SEO Premium plugin v26.9 (Yoast SEO v27.2) - https:\/\/yoast.com\/product\/yoast-seo-premium-wordpress\/ -->\n<title>Prywatna jednodniowa wycieczka z Hurghady do Kairu i Luksoru 2 DNI<\/title>\n<meta name=\"description\" content=\"Prywatna jednodniowa wycieczka z Hurghady do Kairu i Luksoru 2 DNI z prywatnym przewodnikiem, biletami i lunchem. Wyj\u0105tkowa wycieczka pozwalaj\u0105ca odkry\u0107 tajemnice i histori\u0119...\" \/>\n<meta name=\"robots\" content=\"index, follow, max-snippet:-1, max-image-preview:large, max-video-preview:-1\" \/>\n<link rel=\"canonical\" href=\"https:\/\/hurghadalovers.com\/pl\/tours\/private-day-trip-from-hurghada-to-cairo-and-luxor-2-days\/\" \/>\n<meta property=\"og:locale\" content=\"pl_PL\" \/>\n<meta property=\"og:type\" content=\"article\" \/>\n<meta property=\"og:title\" content=\"Prywatna jednodniowa wycieczka z Hurghady do Kairu i Luksoru 2 DNI\" \/>\n<meta property=\"og:description\" content=\"Prywatna jednodniowa wycieczka z Hurghady do Kairu i Luksoru 2 DNI z prywatnym przewodnikiem, biletami i lunchem. Wyj\u0105tkowa wycieczka pozwalaj\u0105ca odkry\u0107 tajemnice i histori\u0119...\" \/>\n<meta property=\"og:url\" content=\"https:\/\/hurghadalovers.com\/pl\/tours\/private-day-trip-from-hurghada-to-cairo-and-luxor-2-days\/\" \/>\n<meta property=\"og:site_name\" content=\"Hurghada Excursions &amp; Day Trips | Booking Best Prices Tours\" \/>\n<meta property=\"article:publisher\" content=\"https:\/\/www.facebook.com\/Hurghadaloversegypt\" \/>\n<meta property=\"article:modified_time\" content=\"2026-02-07T18:25:48+00:00\" \/>\n<meta property=\"og:image\" content=\"https:\/\/hurghadalovers.com\/wp-content\/uploads\/2023\/08\/Private-Day-Trip-from-Hurghada-to-Cairo-and-Luxor-2-DAYS.jpg\" \/>\n\t<meta property=\"og:image:width\" content=\"1500\" \/>\n\t<meta property=\"og:image:height\" content=\"404\" \/>\n\t<meta property=\"og:image:type\" content=\"image\/jpeg\" \/>\n<meta name=\"twitter:card\" content=\"summary_large_image\" \/>\n<meta name=\"twitter:label1\" content=\"Cena\" \/>\n\t<meta name=\"twitter:data1\" content=\"&euro;&nbsp;510\" \/>\n\t<meta name=\"twitter:label2\" content=\"Dost\u0119pno\u015b\u0107\" \/>\n\t<meta name=\"twitter:data2\" content=\"Dost\u0119pny\" \/>\n<script type=\"application\/ld+json\" class=\"yoast-schema-graph\">{\"@context\":\"https:\/\/schema.org\",\"@graph\":[{\"@type\":[\"WebPage\",\"ItemPage\"],\"@id\":\"https:\/\/hurghadalovers.com\/pl\/tours\/private-day-trip-from-hurghada-to-cairo-and-luxor-2-days\/\",\"url\":\"https:\/\/hurghadalovers.com\/pl\/tours\/private-day-trip-from-hurghada-to-cairo-and-luxor-2-days\/\",\"name\":\"Prywatna jednodniowa wycieczka z Hurghady do Kairu i Luksoru 2 DNI\",\"isPartOf\":{\"@id\":\"https:\/\/hurghadalovers.com\/pl\/#website\"},\"primaryImageOfPage\":{\"@id\":\"https:\/\/hurghadalovers.com\/pl\/tours\/private-day-trip-from-hurghada-to-cairo-and-luxor-2-days\/#primaryimage\"},\"image\":{\"@id\":\"https:\/\/hurghadalovers.com\/pl\/tours\/private-day-trip-from-hurghada-to-cairo-and-luxor-2-days\/#primaryimage\"},\"thumbnailUrl\":\"https:\/\/hurghadalovers.com\/wp-content\/uploads\/2023\/08\/Private-Day-Trip-from-Hurghada-to-Cairo-and-Luxor-2-DAYS.jpg\",\"datePublished\":\"2023-08-12T08:41:24+00:00\",\"dateModified\":\"2026-02-07T18:25:48+00:00\",\"description\":\"Prywatna jednodniowa wycieczka z Hurghady do Kairu i Luksoru 2 DNI z prywatnym przewodnikiem, biletami i lunchem. Wyj\u0105tkowa wycieczka pozwalaj\u0105ca odkry\u0107 tajemnice i histori\u0119...\",\"breadcrumb\":{\"@id\":\"https:\/\/hurghadalovers.com\/pl\/tours\/private-day-trip-from-hurghada-to-cairo-and-luxor-2-days\/#breadcrumb\"},\"inLanguage\":\"pl-PL\",\"potentialAction\":[{\"@type\":\"ReadAction\",\"target\":[\"https:\/\/hurghadalovers.com\/pl\/tours\/private-day-trip-from-hurghada-to-cairo-and-luxor-2-days\/\"]}]},{\"@type\":\"ImageObject\",\"inLanguage\":\"pl-PL\",\"@id\":\"https:\/\/hurghadalovers.com\/pl\/tours\/private-day-trip-from-hurghada-to-cairo-and-luxor-2-days\/#primaryimage\",\"url\":\"https:\/\/hurghadalovers.com\/wp-content\/uploads\/2023\/08\/Private-Day-Trip-from-Hurghada-to-Cairo-and-Luxor-2-DAYS.jpg\",\"contentUrl\":\"https:\/\/hurghadalovers.com\/wp-content\/uploads\/2023\/08\/Private-Day-Trip-from-Hurghada-to-Cairo-and-Luxor-2-DAYS.jpg\",\"width\":1500,\"height\":404,\"caption\":\"Prywatna jednodniowa wycieczka z Hurghady do Kairu i Luksoru 2 DNI\"},{\"@type\":\"BreadcrumbList\",\"@id\":\"https:\/\/hurghadalovers.com\/pl\/tours\/private-day-trip-from-hurghada-to-cairo-and-luxor-2-days\/#breadcrumb\",\"itemListElement\":[{\"@type\":\"ListItem\",\"position\":1,\"name\":\"Home\",\"item\":\"https:\/\/hurghadalovers.com\/pl\/\"},{\"@type\":\"ListItem\",\"position\":2,\"name\":\"Shop\",\"item\":\"https:\/\/hurghadalovers.com\/shop\/\"},{\"@type\":\"ListItem\",\"position\":3,\"name\":\"Prywatna jednodniowa wycieczka z Hurghady do Kairu i Luksoru 2 DNI\"}]},{\"@type\":\"WebSite\",\"@id\":\"https:\/\/hurghadalovers.com\/pl\/#website\",\"url\":\"https:\/\/hurghadalovers.com\/pl\/\",\"name\":\"Hurghada Excursions & Day Trips | Booking Best Prices Tours\",\"description\":\"Hurghada Lovers - Best Tour Operator - Excursions &amp; Things to do for Family Day Trips with kids and Couples Romantic. Unique .Hidden gems\",\"publisher\":{\"@id\":\"https:\/\/hurghadalovers.com\/pl\/#organization\"},\"alternateName\":\"Hurghada Excursions\",\"potentialAction\":[{\"@type\":\"SearchAction\",\"target\":{\"@type\":\"EntryPoint\",\"urlTemplate\":\"https:\/\/hurghadalovers.com\/pl\/?s={search_term_string}\"},\"query-input\":{\"@type\":\"PropertyValueSpecification\",\"valueRequired\":true,\"valueName\":\"search_term_string\"}}],\"inLanguage\":\"pl-PL\"},{\"@type\":[\"Organization\",\"Place\",\"TravelAgency\"],\"@id\":\"https:\/\/hurghadalovers.com\/pl\/#organization\",\"name\":\"Hurghada Excursions\",\"url\":\"https:\/\/hurghadalovers.com\/pl\/\",\"logo\":{\"@id\":\"https:\/\/hurghadalovers.com\/pl\/tours\/private-day-trip-from-hurghada-to-cairo-and-luxor-2-days\/#local-main-organization-logo\"},\"image\":{\"@id\":\"https:\/\/hurghadalovers.com\/pl\/tours\/private-day-trip-from-hurghada-to-cairo-and-luxor-2-days\/#local-main-organization-logo\"},\"sameAs\":[\"https:\/\/www.facebook.com\/Hurghadaloversegypt\"],\"address\":{\"@id\":\"https:\/\/hurghadalovers.com\/pl\/tours\/private-day-trip-from-hurghada-to-cairo-and-luxor-2-days\/#local-main-place-address\"},\"telephone\":[\"00201112596434\"],\"contactPoint\":{\"@type\":\"ContactPoint\",\"telephone\":\"00201112596434\",\"email\":\"weyouface@gmail.com\"},\"openingHoursSpecification\":{\"@type\":\"OpeningHoursSpecification\",\"dayOfWeek\":[\"Monday\",\"Tuesday\",\"Wednesday\",\"Thursday\",\"Friday\",\"Saturday\",\"Sunday\"],\"opens\":\"00:00\",\"closes\":\"23:59\"},\"email\":\"weyouface@gmail.com\",\"areaServed\":\"Luxor, Hurghada, El Gouna, Aswan, Sharm El Sheikh, Giza, Alexandria, Marsa Alam, Quseir, Soma Bay, Sahl Hasheesh, Red Sea, Makadi Bay, Cairo\",\"priceRange\":\"$\",\"currenciesAccepted\":\"euro\",\"paymentAccepted\":\"cash on site\"},{\"@type\":\"PostalAddress\",\"@id\":\"https:\/\/hurghadalovers.com\/pl\/tours\/private-day-trip-from-hurghada-to-cairo-and-luxor-2-days\/#local-main-place-address\",\"streetAddress\":\"17 Banks street, Alkawther area, top nbk bank\",\"addressLocality\":\"hurghada\",\"postalCode\":\"84511\",\"addressRegion\":\"red sea\",\"addressCountry\":\"EG\"},{\"@type\":\"ImageObject\",\"inLanguage\":\"pl-PL\",\"@id\":\"https:\/\/hurghadalovers.com\/pl\/tours\/private-day-trip-from-hurghada-to-cairo-and-luxor-2-days\/#local-main-organization-logo\",\"url\":\"https:\/\/hurghadalovers.com\/wp-content\/uploads\/2019\/10\/hurghada-excursions-logo.png\",\"contentUrl\":\"https:\/\/hurghadalovers.com\/wp-content\/uploads\/2019\/10\/hurghada-excursions-logo.png\",\"width\":272,\"height\":90,\"caption\":\"Hurghada Excursions\"}]}<\/script>\n<meta property=\"product:brand\" content=\"Co warto zobaczy\u0107 w Hurghadzie\" \/>\n<meta property=\"product:price:amount\" content=\"510\" \/>\n<meta property=\"product:price:currency\" content=\"EUR\" \/>\n<meta property=\"og:availability\" content=\"instock\" \/>\n<meta property=\"product:availability\" content=\"instock\" \/>\n<meta property=\"product:retailer_item_id\" content=\"Private22024\" \/>\n<meta property=\"product:condition\" content=\"new\" \/>\n<meta name=\"geo.placename\" content=\"hurghada\" \/>\n<meta name=\"geo.region\" content=\"Egipt\" \/>\n<!-- \/ Yoast SEO Premium plugin. -->","yoast_head_json":{"title":"Prywatna jednodniowa wycieczka z Hurghady do Kairu i Luksoru 2 DNI","description":"Prywatna jednodniowa wycieczka z Hurghady do Kairu i Luksoru 2 DNI z prywatnym przewodnikiem, biletami i lunchem. Wyj\u0105tkowa wycieczka pozwalaj\u0105ca odkry\u0107 tajemnice i histori\u0119...","robots":{"index":"index","follow":"follow","max-snippet":"max-snippet:-1","max-image-preview":"max-image-preview:large","max-video-preview":"max-video-preview:-1"},"canonical":"https:\/\/hurghadalovers.com\/pl\/tours\/private-day-trip-from-hurghada-to-cairo-and-luxor-2-days\/","og_locale":"pl_PL","og_type":"article","og_title":"Prywatna jednodniowa wycieczka z Hurghady do Kairu i Luksoru 2 DNI","og_description":"Prywatna jednodniowa wycieczka z Hurghady do Kairu i Luksoru 2 DNI z prywatnym przewodnikiem, biletami i lunchem. Wyj\u0105tkowa wycieczka pozwalaj\u0105ca odkry\u0107 tajemnice i histori\u0119...","og_url":"https:\/\/hurghadalovers.com\/pl\/tours\/private-day-trip-from-hurghada-to-cairo-and-luxor-2-days\/","og_site_name":"Hurghada Excursions &amp; Day Trips | Booking Best Prices Tours","article_publisher":"https:\/\/www.facebook.com\/Hurghadaloversegypt","article_modified_time":"2026-02-07T18:25:48+00:00","og_image":[{"width":1500,"height":404,"url":"https:\/\/hurghadalovers.com\/wp-content\/uploads\/2023\/08\/Private-Day-Trip-from-Hurghada-to-Cairo-and-Luxor-2-DAYS.jpg","type":"image\/jpeg"}],"twitter_card":"summary_large_image","twitter_misc":{"Cena":"&euro;&nbsp;510","Dost\u0119pno\u015b\u0107":"Dost\u0119pny"},"schema":{"@context":"https:\/\/schema.org","@graph":[{"@type":["WebPage","ItemPage"],"@id":"https:\/\/hurghadalovers.com\/pl\/tours\/private-day-trip-from-hurghada-to-cairo-and-luxor-2-days\/","url":"https:\/\/hurghadalovers.com\/pl\/tours\/private-day-trip-from-hurghada-to-cairo-and-luxor-2-days\/","name":"Prywatna jednodniowa wycieczka z Hurghady do Kairu i Luksoru 2 DNI","isPartOf":{"@id":"https:\/\/hurghadalovers.com\/pl\/#website"},"primaryImageOfPage":{"@id":"https:\/\/hurghadalovers.com\/pl\/tours\/private-day-trip-from-hurghada-to-cairo-and-luxor-2-days\/#primaryimage"},"image":{"@id":"https:\/\/hurghadalovers.com\/pl\/tours\/private-day-trip-from-hurghada-to-cairo-and-luxor-2-days\/#primaryimage"},"thumbnailUrl":"https:\/\/hurghadalovers.com\/wp-content\/uploads\/2023\/08\/Private-Day-Trip-from-Hurghada-to-Cairo-and-Luxor-2-DAYS.jpg","datePublished":"2023-08-12T08:41:24+00:00","dateModified":"2026-02-07T18:25:48+00:00","description":"Prywatna jednodniowa wycieczka z Hurghady do Kairu i Luksoru 2 DNI z prywatnym przewodnikiem, biletami i lunchem. Wyj\u0105tkowa wycieczka pozwalaj\u0105ca odkry\u0107 tajemnice i histori\u0119...","breadcrumb":{"@id":"https:\/\/hurghadalovers.com\/pl\/tours\/private-day-trip-from-hurghada-to-cairo-and-luxor-2-days\/#breadcrumb"},"inLanguage":"pl-PL","potentialAction":[{"@type":"ReadAction","target":["https:\/\/hurghadalovers.com\/pl\/tours\/private-day-trip-from-hurghada-to-cairo-and-luxor-2-days\/"]}]},{"@type":"ImageObject","inLanguage":"pl-PL","@id":"https:\/\/hurghadalovers.com\/pl\/tours\/private-day-trip-from-hurghada-to-cairo-and-luxor-2-days\/#primaryimage","url":"https:\/\/hurghadalovers.com\/wp-content\/uploads\/2023\/08\/Private-Day-Trip-from-Hurghada-to-Cairo-and-Luxor-2-DAYS.jpg","contentUrl":"https:\/\/hurghadalovers.com\/wp-content\/uploads\/2023\/08\/Private-Day-Trip-from-Hurghada-to-Cairo-and-Luxor-2-DAYS.jpg","width":1500,"height":404,"caption":"Prywatna jednodniowa wycieczka z Hurghady do Kairu i Luksoru 2 DNI"},{"@type":"BreadcrumbList","@id":"https:\/\/hurghadalovers.com\/pl\/tours\/private-day-trip-from-hurghada-to-cairo-and-luxor-2-days\/#breadcrumb","itemListElement":[{"@type":"ListItem","position":1,"name":"Home","item":"https:\/\/hurghadalovers.com\/pl\/"},{"@type":"ListItem","position":2,"name":"Shop","item":"https:\/\/hurghadalovers.com\/shop\/"},{"@type":"ListItem","position":3,"name":"Prywatna jednodniowa wycieczka z Hurghady do Kairu i Luksoru 2 DNI"}]},{"@type":"WebSite","@id":"https:\/\/hurghadalovers.com\/pl\/#website","url":"https:\/\/hurghadalovers.com\/pl\/","name":"Hurghada Excursions & Day Trips | Booking Best Prices Tours","description":"Hurghada Lovers - Best Tour Operator - Excursions &amp; Things to do for Family Day Trips with kids and Couples Romantic. Unique .Hidden gems","publisher":{"@id":"https:\/\/hurghadalovers.com\/pl\/#organization"},"alternateName":"Hurghada Excursions","potentialAction":[{"@type":"SearchAction","target":{"@type":"EntryPoint","urlTemplate":"https:\/\/hurghadalovers.com\/pl\/?s={search_term_string}"},"query-input":{"@type":"PropertyValueSpecification","valueRequired":true,"valueName":"search_term_string"}}],"inLanguage":"pl-PL"},{"@type":["Organization","Place","TravelAgency"],"@id":"https:\/\/hurghadalovers.com\/pl\/#organization","name":"Hurghada Excursions","url":"https:\/\/hurghadalovers.com\/pl\/","logo":{"@id":"https:\/\/hurghadalovers.com\/pl\/tours\/private-day-trip-from-hurghada-to-cairo-and-luxor-2-days\/#local-main-organization-logo"},"image":{"@id":"https:\/\/hurghadalovers.com\/pl\/tours\/private-day-trip-from-hurghada-to-cairo-and-luxor-2-days\/#local-main-organization-logo"},"sameAs":["https:\/\/www.facebook.com\/Hurghadaloversegypt"],"address":{"@id":"https:\/\/hurghadalovers.com\/pl\/tours\/private-day-trip-from-hurghada-to-cairo-and-luxor-2-days\/#local-main-place-address"},"telephone":["00201112596434"],"contactPoint":{"@type":"ContactPoint","telephone":"00201112596434","email":"weyouface@gmail.com"},"openingHoursSpecification":{"@type":"OpeningHoursSpecification","dayOfWeek":["Monday","Tuesday","Wednesday","Thursday","Friday","Saturday","Sunday"],"opens":"00:00","closes":"23:59"},"email":"weyouface@gmail.com","areaServed":"Luxor, Hurghada, El Gouna, Aswan, Sharm El Sheikh, Giza, Alexandria, Marsa Alam, Quseir, Soma Bay, Sahl Hasheesh, Red Sea, Makadi Bay, Cairo","priceRange":"$","currenciesAccepted":"euro","paymentAccepted":"cash on site"},{"@type":"PostalAddress","@id":"https:\/\/hurghadalovers.com\/pl\/tours\/private-day-trip-from-hurghada-to-cairo-and-luxor-2-days\/#local-main-place-address","streetAddress":"17 Banks street, Alkawther area, top nbk bank","addressLocality":"hurghada","postalCode":"84511","addressRegion":"red sea","addressCountry":"EG"},{"@type":"ImageObject","inLanguage":"pl-PL","@id":"https:\/\/hurghadalovers.com\/pl\/tours\/private-day-trip-from-hurghada-to-cairo-and-luxor-2-days\/#local-main-organization-logo","url":"https:\/\/hurghadalovers.com\/wp-content\/uploads\/2019\/10\/hurghada-excursions-logo.png","contentUrl":"https:\/\/hurghadalovers.com\/wp-content\/uploads\/2019\/10\/hurghada-excursions-logo.png","width":272,"height":90,"caption":"Hurghada Excursions"}]},"product_brand":"Co warto zobaczy\u0107 w Hurghadzie","product_price_amount":"510","product_price_currency":"EUR","og_availability":"instock","product_availability":"instock","product_retailer_item_id":"Private22024","product_condition":"new","geo.placename":"hurghada","geo.region":"Egipt"},"_links":{"self":[{"href":"https:\/\/hurghadalovers.com\/pl\/wp-json\/wp\/v2\/product\/379474","targetHints":{"allow":["GET"]}}],"collection":[{"href":"https:\/\/hurghadalovers.com\/pl\/wp-json\/wp\/v2\/product"}],"about":[{"href":"https:\/\/hurghadalovers.com\/pl\/wp-json\/wp\/v2\/types\/product"}],"wp:featuredmedia":[{"embeddable":true,"href":"https:\/\/hurghadalovers.com\/pl\/wp-json\/wp\/v2\/media\/379430"}],"wp:attachment":[{"href":"https:\/\/hurghadalovers.com\/pl\/wp-json\/wp\/v2\/media?parent=379474"}],"wp:term":[{"taxonomy":"product_brand","embeddable":true,"href":"https:\/\/hurghadalovers.com\/pl\/wp-json\/wp\/v2\/product_brand?post=379474"},{"taxonomy":"product_cat","embeddable":true,"href":"https:\/\/hurghadalovers.com\/pl\/wp-json\/wp\/v2\/product_cat?post=379474"},{"taxonomy":"product_tag","embeddable":true,"href":"https:\/\/hurghadalovers.com\/pl\/wp-json\/wp\/v2\/product_tag?post=379474"}],"curies":[{"name":"wp","href":"https:\/\/api.w.org\/{rel}","templated":true}]}}