{"id":322417,"date":"2023-07-15T17:26:38","date_gmt":"2023-07-15T17:31:18","guid":{"rendered":"https:\/\/hurghadalovers.com\/shop\/bez-kategorii\/prywatna-lodz-motorowa-do-dolphin-house-z-hurghady\/"},"modified":"2026-02-09T16:58:41","modified_gmt":"2026-02-09T16:58:41","slug":"prywatna-motorowka-delfinarium-z-hurghady","status":"publish","type":"product","link":"https:\/\/hurghadalovers.com\/pl\/tours\/prywatna-motorowka-delfinarium-z-hurghady\/","title":{"rendered":"Prywatna \u0142\u00f3d\u017a motorowa do Dolphin House z Hurghady"},"content":{"rendered":"<p><strong>Prywatna \u0142\u00f3d\u017a motorowa do Dolphin House z Hurghady<\/strong><\/p>\n<p>Rezerwacja 4 godz. obserwowania delfin\u00f3w i p\u0142ywania z delfinami + 2 miejsca do nurkowania z rurk\u0105.<\/p>\n<h4><strong>Najwa\u017cniejsze wydarzenia:<\/strong><\/h4>\n<ul>\n<li>\u0141\u00f3d\u017a motorowa.<\/li>\n<li>Prywatny transfer.<\/li>\n<li>Sprz\u0119t do snorkelingu.<\/li>\n<li>Woda, napoje bezalkoholowe.<\/li>\n<li>Miejsca do nurkowania z rurk\u0105 House Reef.<\/li>\n<li>Dom delfin\u00f3w i p\u0142ywanie z delfinami.<\/li>\n<\/ul>\n<h4><strong>Szczeg\u00f3\u0142y:<\/strong><\/h4>\n<ul>\n<li>Dost\u0119pno\u015b\u0107: Codziennie.<\/li>\n<li>Dost\u0119p dla w\u00f3zk\u00f3w inwalidzkich.<\/li>\n<li>Czas trwania: 04 godz.<\/li>\n<li>Czas odbioru z hoteli w Hurghadzie: od 07:30 lub wed\u0142ug w\u0142asnego uznania.<\/li>\n<li>Czas odbioru z hotelu w Hurghadzie: 18:00 lub wed\u0142ug w\u0142asnego uznania.<\/li>\n<\/ul>\n<h3><strong>Zarezerwuj teraz i zap\u0142a\u0107 p\u00f3\u017aniej:<\/strong><\/h3>\n<p>Got\u00f3wka na miejscu u pana Tamera&#8221; lub mo\u017ce ustali\u0107 czas spotkania w hotelu&#8221;.<\/p>\n<p>P\u0142atno\u015b\u0107 w funtach egipskich, dolarach, euro lub funtach szterlingach.<\/p>\n<p>&nbsp;<\/p>\n<h3><strong>Zasady anulowania rezerwacji:<\/strong><\/h3>\n<p>mo\u017cna anulowa\u0107 z maksymalnie 24-godzinnym wyprzedzeniem.<\/p>\n<p>&nbsp;<\/p>\n<h4><strong>Wliczone w cen\u0119 &#8211; co obejmuje wycieczka prywatn\u0105 \u0142odzi\u0105 motorow\u0105 do Dolphin House?<\/strong><\/h4>\n<ol>\n<li>Prywatny transfer z hotelu w Hurghadzie &#8222;Hotel pick up and drop off&#8221;.<\/li>\n<li>Snorkel Guide.<\/li>\n<li>Wszystkie podatki, op\u0142aty za wst\u0119p i op\u0142aty manipulacyjne.<\/li>\n<li>Woda mineralna + Cola + Mleko + Kawa\/Herbata.<\/li>\n<li>2 -3 Miejsca do nurkowania z rurk\u0105.<\/li>\n<li>Sprz\u0119t do snorkelingu &#8222;Maski, kamizelki ratunkowe i p\u0142etwy do p\u0142ywania&#8221;.<\/li>\n<\/ol>\n<h4><strong>Wy\u0142\u0105czenia &#8211; wynajem \u0142odzi motorowych z Hurghady wliczony w cen\u0119?<\/strong><\/h4>\n<ul>\n<li>Napiwek &#8222;napiwek dla przewodnika&#8221;.<\/li>\n<li>Drinki w restauracji The Paradise Island.<\/li>\n<li>Wy\u017cywienie i lunch &#8222;mo\u017cna doda\u0107 wed\u0142ug uznania&#8221;<\/li>\n<li>Fotografia na wycieczk\u0119 lub mo\u017ce anulowa\u0107 fotografa z wycieczk\u0105.<\/li>\n<li>Oferujemy wynajem kostium\u00f3w k\u0105pielowych i stroj\u00f3w k\u0105pielowych dla kobiet, m\u0119\u017cczyzn, dzieci we wszystkich rozmiarach &#8222;5 $ za sztuk\u0119&#8221;.<\/li>\n<\/ul>\n<h3><strong>Prywatna \u0142\u00f3d\u017a motorowa do Dolphin House z Hurghady Ceny:<\/strong><\/h3>\n<p><strong>4h = 200$<\/strong><\/p>\n<p>&nbsp;<\/p>\n","protected":false},"excerpt":{"rendered":"<p>Prywatna \u0142\u00f3d\u017a motorowa do Dolphin House z Hurghady | Rezerwacja 4 godz. obserwowania delfin\u00f3w i p\u0142ywania z delfinami + 2 miejsca do nurkowania z rurk\u0105.<\/p>\n","protected":false},"featured_media":995802,"template":"","meta":{"_joinchat":[]},"product_brand":[],"product_cat":[36264],"product_tag":[],"class_list":{"0":"post-322417","1":"product","2":"type-product","3":"status-publish","4":"has-post-thumbnail","6":"product_cat-tours-pl","7":"tour_category-hurghada-excursions-pl","8":"tour_category-hurghada-snorkeling-trips-pl","10":"first","11":"instock","12":"sale","13":"shipping-taxable","14":"purchasable","15":"product-type-tour"},"yoast_head":"<!-- This site is optimized with the Yoast SEO Premium plugin v26.9 (Yoast SEO v27.2) - https:\/\/yoast.com\/product\/yoast-seo-premium-wordpress\/ -->\n<title>Prywatna \u0142\u00f3d\u017a motorowa do Dolphin House z Hurghady<\/title>\n<meta name=\"description\" content=\"Prywatna \u0142\u00f3d\u017a motorowa do Dolphin House z Hurghady | Rezerwacja 4 godz. obserwowania delfin\u00f3w i p\u0142ywania z delfinami + 2 miejsca do nurkowania z rurk\u0105\" \/>\n<meta name=\"robots\" content=\"index, follow, max-snippet:-1, max-image-preview:large, max-video-preview:-1\" \/>\n<link rel=\"canonical\" href=\"https:\/\/hurghadalovers.com\/pl\/tours\/prywatna-motorowka-delfinarium-z-hurghady\/\" \/>\n<meta property=\"og:locale\" content=\"pl_PL\" \/>\n<meta property=\"og:type\" content=\"article\" \/>\n<meta property=\"og:title\" content=\"Prywatna \u0142\u00f3d\u017a motorowa do Dolphin House z Hurghady\" \/>\n<meta property=\"og:description\" content=\"Prywatna \u0142\u00f3d\u017a motorowa do Dolphin House z Hurghady | Rezerwacja 4 godz. obserwowania delfin\u00f3w i p\u0142ywania z delfinami + 2 miejsca do nurkowania z rurk\u0105\" \/>\n<meta property=\"og:url\" content=\"https:\/\/hurghadalovers.com\/pl\/tours\/prywatna-motorowka-delfinarium-z-hurghady\/\" \/>\n<meta property=\"og:site_name\" content=\"Hurghada Excursions &amp; Day Trips | Booking Best Prices Tours\" \/>\n<meta property=\"article:publisher\" content=\"https:\/\/www.facebook.com\/Hurghadaloversegypt\" \/>\n<meta property=\"article:modified_time\" content=\"2026-02-09T16:58:41+00:00\" \/>\n<meta property=\"og:image\" content=\"https:\/\/hurghadalovers.com\/wp-content\/uploads\/2023\/07\/Green-Turtles-Abu-Dabbab-Marsa-aLam.jpg\" \/>\n\t<meta property=\"og:image:width\" content=\"1111\" \/>\n\t<meta property=\"og:image:height\" content=\"940\" \/>\n\t<meta property=\"og:image:type\" content=\"image\/jpeg\" \/>\n<meta name=\"twitter:card\" content=\"summary_large_image\" \/>\n<meta name=\"twitter:label1\" content=\"Cena\" \/>\n\t<meta name=\"twitter:data1\" content=\"&euro;&nbsp;80\" \/>\n\t<meta name=\"twitter:label2\" content=\"Dost\u0119pno\u015b\u0107\" \/>\n\t<meta name=\"twitter:data2\" content=\"Dost\u0119pny\" \/>\n<script type=\"application\/ld+json\" class=\"yoast-schema-graph\">{\"@context\":\"https:\/\/schema.org\",\"@graph\":[{\"@type\":[\"WebPage\",\"ItemPage\"],\"@id\":\"https:\/\/hurghadalovers.com\/pl\/tours\/prywatna-motorowka-delfinarium-z-hurghady\/\",\"url\":\"https:\/\/hurghadalovers.com\/pl\/tours\/prywatna-motorowka-delfinarium-z-hurghady\/\",\"name\":\"Prywatna \u0142\u00f3d\u017a motorowa do Dolphin House z Hurghady\",\"isPartOf\":{\"@id\":\"https:\/\/hurghadalovers.com\/pl\/#website\"},\"primaryImageOfPage\":{\"@id\":\"https:\/\/hurghadalovers.com\/pl\/tours\/prywatna-motorowka-delfinarium-z-hurghady\/#primaryimage\"},\"image\":{\"@id\":\"https:\/\/hurghadalovers.com\/pl\/tours\/prywatna-motorowka-delfinarium-z-hurghady\/#primaryimage\"},\"thumbnailUrl\":\"https:\/\/hurghadalovers.com\/wp-content\/uploads\/2023\/07\/Green-Turtles-Abu-Dabbab-Marsa-aLam.jpg\",\"datePublished\":\"2023-07-15T17:31:18+00:00\",\"dateModified\":\"2026-02-09T16:58:41+00:00\",\"description\":\"Prywatna \u0142\u00f3d\u017a motorowa do Dolphin House z Hurghady | Rezerwacja 4 godz. obserwowania delfin\u00f3w i p\u0142ywania z delfinami + 2 miejsca do nurkowania z rurk\u0105\",\"breadcrumb\":{\"@id\":\"https:\/\/hurghadalovers.com\/pl\/tours\/prywatna-motorowka-delfinarium-z-hurghady\/#breadcrumb\"},\"inLanguage\":\"pl-PL\",\"potentialAction\":[{\"@type\":\"ReadAction\",\"target\":[\"https:\/\/hurghadalovers.com\/pl\/tours\/prywatna-motorowka-delfinarium-z-hurghady\/\"]}]},{\"@type\":\"ImageObject\",\"inLanguage\":\"pl-PL\",\"@id\":\"https:\/\/hurghadalovers.com\/pl\/tours\/prywatna-motorowka-delfinarium-z-hurghady\/#primaryimage\",\"url\":\"https:\/\/hurghadalovers.com\/wp-content\/uploads\/2023\/07\/Green-Turtles-Abu-Dabbab-Marsa-aLam.jpg\",\"contentUrl\":\"https:\/\/hurghadalovers.com\/wp-content\/uploads\/2023\/07\/Green-Turtles-Abu-Dabbab-Marsa-aLam.jpg\",\"width\":1111,\"height\":940,\"caption\":\"Green Turtles Abu Dabbab Marsa aLam\"},{\"@type\":\"BreadcrumbList\",\"@id\":\"https:\/\/hurghadalovers.com\/pl\/tours\/prywatna-motorowka-delfinarium-z-hurghady\/#breadcrumb\",\"itemListElement\":[{\"@type\":\"ListItem\",\"position\":1,\"name\":\"Home\",\"item\":\"https:\/\/hurghadalovers.com\/pl\/\"},{\"@type\":\"ListItem\",\"position\":2,\"name\":\"Shop\",\"item\":\"https:\/\/hurghadalovers.com\/shop\/\"},{\"@type\":\"ListItem\",\"position\":3,\"name\":\"Prywatna \u0142\u00f3d\u017a motorowa do Dolphin House z Hurghady\"}]},{\"@type\":\"WebSite\",\"@id\":\"https:\/\/hurghadalovers.com\/pl\/#website\",\"url\":\"https:\/\/hurghadalovers.com\/pl\/\",\"name\":\"Hurghada Excursions & Day Trips | Booking Best Prices Tours\",\"description\":\"Hurghada Lovers - Best Tour Operator - Excursions &amp; Things to do for Family Day Trips with kids and Couples Romantic. Unique .Hidden gems\",\"publisher\":{\"@id\":\"https:\/\/hurghadalovers.com\/pl\/#organization\"},\"alternateName\":\"Hurghada Excursions\",\"potentialAction\":[{\"@type\":\"SearchAction\",\"target\":{\"@type\":\"EntryPoint\",\"urlTemplate\":\"https:\/\/hurghadalovers.com\/pl\/?s={search_term_string}\"},\"query-input\":{\"@type\":\"PropertyValueSpecification\",\"valueRequired\":true,\"valueName\":\"search_term_string\"}}],\"inLanguage\":\"pl-PL\"},{\"@type\":[\"Organization\",\"Place\",\"TravelAgency\"],\"@id\":\"https:\/\/hurghadalovers.com\/pl\/#organization\",\"name\":\"Hurghada Excursions\",\"url\":\"https:\/\/hurghadalovers.com\/pl\/\",\"logo\":{\"@id\":\"https:\/\/hurghadalovers.com\/pl\/tours\/prywatna-motorowka-delfinarium-z-hurghady\/#local-main-organization-logo\"},\"image\":{\"@id\":\"https:\/\/hurghadalovers.com\/pl\/tours\/prywatna-motorowka-delfinarium-z-hurghady\/#local-main-organization-logo\"},\"sameAs\":[\"https:\/\/www.facebook.com\/Hurghadaloversegypt\"],\"address\":{\"@id\":\"https:\/\/hurghadalovers.com\/pl\/tours\/prywatna-motorowka-delfinarium-z-hurghady\/#local-main-place-address\"},\"telephone\":[\"00201112596434\"],\"contactPoint\":{\"@type\":\"ContactPoint\",\"telephone\":\"00201112596434\",\"email\":\"weyouface@gmail.com\"},\"openingHoursSpecification\":{\"@type\":\"OpeningHoursSpecification\",\"dayOfWeek\":[\"Monday\",\"Tuesday\",\"Wednesday\",\"Thursday\",\"Friday\",\"Saturday\",\"Sunday\"],\"opens\":\"00:00\",\"closes\":\"23:59\"},\"email\":\"weyouface@gmail.com\",\"areaServed\":\"Luxor, Hurghada, El Gouna, Aswan, Sharm El Sheikh, Giza, Alexandria, Marsa Alam, Quseir, Soma Bay, Sahl Hasheesh, Red Sea, Makadi Bay, Cairo\",\"priceRange\":\"$\",\"currenciesAccepted\":\"euro\",\"paymentAccepted\":\"cash on site\"},{\"@type\":\"PostalAddress\",\"@id\":\"https:\/\/hurghadalovers.com\/pl\/tours\/prywatna-motorowka-delfinarium-z-hurghady\/#local-main-place-address\",\"streetAddress\":\"17 Banks street, Alkawther area, top nbk bank\",\"addressLocality\":\"hurghada\",\"postalCode\":\"84511\",\"addressRegion\":\"red sea\",\"addressCountry\":\"EG\"},{\"@type\":\"ImageObject\",\"inLanguage\":\"pl-PL\",\"@id\":\"https:\/\/hurghadalovers.com\/pl\/tours\/prywatna-motorowka-delfinarium-z-hurghady\/#local-main-organization-logo\",\"url\":\"https:\/\/hurghadalovers.com\/wp-content\/uploads\/2019\/10\/hurghada-excursions-logo.png\",\"contentUrl\":\"https:\/\/hurghadalovers.com\/wp-content\/uploads\/2019\/10\/hurghada-excursions-logo.png\",\"width\":272,\"height\":90,\"caption\":\"Hurghada Excursions\"}]}<\/script>\n<meta property=\"product:brand\" content=\"Co warto zobaczy\u0107 w Hurghadzie\" \/>\n<meta property=\"product:price:amount\" content=\"80\" \/>\n<meta property=\"product:price:currency\" content=\"EUR\" \/>\n<meta property=\"og:availability\" content=\"instock\" \/>\n<meta property=\"product:availability\" content=\"instock\" \/>\n<meta property=\"product:retailer_item_id\" content=\"SpeedBoat9494\" \/>\n<meta property=\"product:condition\" content=\"new\" \/>\n<meta name=\"geo.placename\" content=\"hurghada\" \/>\n<meta name=\"geo.region\" content=\"Egipt\" \/>\n<!-- \/ Yoast SEO Premium plugin. -->","yoast_head_json":{"title":"Prywatna \u0142\u00f3d\u017a motorowa do Dolphin House z Hurghady","description":"Prywatna \u0142\u00f3d\u017a motorowa do Dolphin House z Hurghady | Rezerwacja 4 godz. obserwowania delfin\u00f3w i p\u0142ywania z delfinami + 2 miejsca do nurkowania z rurk\u0105","robots":{"index":"index","follow":"follow","max-snippet":"max-snippet:-1","max-image-preview":"max-image-preview:large","max-video-preview":"max-video-preview:-1"},"canonical":"https:\/\/hurghadalovers.com\/pl\/tours\/prywatna-motorowka-delfinarium-z-hurghady\/","og_locale":"pl_PL","og_type":"article","og_title":"Prywatna \u0142\u00f3d\u017a motorowa do Dolphin House z Hurghady","og_description":"Prywatna \u0142\u00f3d\u017a motorowa do Dolphin House z Hurghady | Rezerwacja 4 godz. obserwowania delfin\u00f3w i p\u0142ywania z delfinami + 2 miejsca do nurkowania z rurk\u0105","og_url":"https:\/\/hurghadalovers.com\/pl\/tours\/prywatna-motorowka-delfinarium-z-hurghady\/","og_site_name":"Hurghada Excursions &amp; Day Trips | Booking Best Prices Tours","article_publisher":"https:\/\/www.facebook.com\/Hurghadaloversegypt","article_modified_time":"2026-02-09T16:58:41+00:00","og_image":[{"width":1111,"height":940,"url":"https:\/\/hurghadalovers.com\/wp-content\/uploads\/2023\/07\/Green-Turtles-Abu-Dabbab-Marsa-aLam.jpg","type":"image\/jpeg"}],"twitter_card":"summary_large_image","twitter_misc":{"Cena":"&euro;&nbsp;80","Dost\u0119pno\u015b\u0107":"Dost\u0119pny"},"schema":{"@context":"https:\/\/schema.org","@graph":[{"@type":["WebPage","ItemPage"],"@id":"https:\/\/hurghadalovers.com\/pl\/tours\/prywatna-motorowka-delfinarium-z-hurghady\/","url":"https:\/\/hurghadalovers.com\/pl\/tours\/prywatna-motorowka-delfinarium-z-hurghady\/","name":"Prywatna \u0142\u00f3d\u017a motorowa do Dolphin House z Hurghady","isPartOf":{"@id":"https:\/\/hurghadalovers.com\/pl\/#website"},"primaryImageOfPage":{"@id":"https:\/\/hurghadalovers.com\/pl\/tours\/prywatna-motorowka-delfinarium-z-hurghady\/#primaryimage"},"image":{"@id":"https:\/\/hurghadalovers.com\/pl\/tours\/prywatna-motorowka-delfinarium-z-hurghady\/#primaryimage"},"thumbnailUrl":"https:\/\/hurghadalovers.com\/wp-content\/uploads\/2023\/07\/Green-Turtles-Abu-Dabbab-Marsa-aLam.jpg","datePublished":"2023-07-15T17:31:18+00:00","dateModified":"2026-02-09T16:58:41+00:00","description":"Prywatna \u0142\u00f3d\u017a motorowa do Dolphin House z Hurghady | Rezerwacja 4 godz. obserwowania delfin\u00f3w i p\u0142ywania z delfinami + 2 miejsca do nurkowania z rurk\u0105","breadcrumb":{"@id":"https:\/\/hurghadalovers.com\/pl\/tours\/prywatna-motorowka-delfinarium-z-hurghady\/#breadcrumb"},"inLanguage":"pl-PL","potentialAction":[{"@type":"ReadAction","target":["https:\/\/hurghadalovers.com\/pl\/tours\/prywatna-motorowka-delfinarium-z-hurghady\/"]}]},{"@type":"ImageObject","inLanguage":"pl-PL","@id":"https:\/\/hurghadalovers.com\/pl\/tours\/prywatna-motorowka-delfinarium-z-hurghady\/#primaryimage","url":"https:\/\/hurghadalovers.com\/wp-content\/uploads\/2023\/07\/Green-Turtles-Abu-Dabbab-Marsa-aLam.jpg","contentUrl":"https:\/\/hurghadalovers.com\/wp-content\/uploads\/2023\/07\/Green-Turtles-Abu-Dabbab-Marsa-aLam.jpg","width":1111,"height":940,"caption":"Green Turtles Abu Dabbab Marsa aLam"},{"@type":"BreadcrumbList","@id":"https:\/\/hurghadalovers.com\/pl\/tours\/prywatna-motorowka-delfinarium-z-hurghady\/#breadcrumb","itemListElement":[{"@type":"ListItem","position":1,"name":"Home","item":"https:\/\/hurghadalovers.com\/pl\/"},{"@type":"ListItem","position":2,"name":"Shop","item":"https:\/\/hurghadalovers.com\/shop\/"},{"@type":"ListItem","position":3,"name":"Prywatna \u0142\u00f3d\u017a motorowa do Dolphin House z Hurghady"}]},{"@type":"WebSite","@id":"https:\/\/hurghadalovers.com\/pl\/#website","url":"https:\/\/hurghadalovers.com\/pl\/","name":"Hurghada Excursions & Day Trips | Booking Best Prices Tours","description":"Hurghada Lovers - Best Tour Operator - Excursions &amp; Things to do for Family Day Trips with kids and Couples Romantic. Unique .Hidden gems","publisher":{"@id":"https:\/\/hurghadalovers.com\/pl\/#organization"},"alternateName":"Hurghada Excursions","potentialAction":[{"@type":"SearchAction","target":{"@type":"EntryPoint","urlTemplate":"https:\/\/hurghadalovers.com\/pl\/?s={search_term_string}"},"query-input":{"@type":"PropertyValueSpecification","valueRequired":true,"valueName":"search_term_string"}}],"inLanguage":"pl-PL"},{"@type":["Organization","Place","TravelAgency"],"@id":"https:\/\/hurghadalovers.com\/pl\/#organization","name":"Hurghada Excursions","url":"https:\/\/hurghadalovers.com\/pl\/","logo":{"@id":"https:\/\/hurghadalovers.com\/pl\/tours\/prywatna-motorowka-delfinarium-z-hurghady\/#local-main-organization-logo"},"image":{"@id":"https:\/\/hurghadalovers.com\/pl\/tours\/prywatna-motorowka-delfinarium-z-hurghady\/#local-main-organization-logo"},"sameAs":["https:\/\/www.facebook.com\/Hurghadaloversegypt"],"address":{"@id":"https:\/\/hurghadalovers.com\/pl\/tours\/prywatna-motorowka-delfinarium-z-hurghady\/#local-main-place-address"},"telephone":["00201112596434"],"contactPoint":{"@type":"ContactPoint","telephone":"00201112596434","email":"weyouface@gmail.com"},"openingHoursSpecification":{"@type":"OpeningHoursSpecification","dayOfWeek":["Monday","Tuesday","Wednesday","Thursday","Friday","Saturday","Sunday"],"opens":"00:00","closes":"23:59"},"email":"weyouface@gmail.com","areaServed":"Luxor, Hurghada, El Gouna, Aswan, Sharm El Sheikh, Giza, Alexandria, Marsa Alam, Quseir, Soma Bay, Sahl Hasheesh, Red Sea, Makadi Bay, Cairo","priceRange":"$","currenciesAccepted":"euro","paymentAccepted":"cash on site"},{"@type":"PostalAddress","@id":"https:\/\/hurghadalovers.com\/pl\/tours\/prywatna-motorowka-delfinarium-z-hurghady\/#local-main-place-address","streetAddress":"17 Banks street, Alkawther area, top nbk bank","addressLocality":"hurghada","postalCode":"84511","addressRegion":"red sea","addressCountry":"EG"},{"@type":"ImageObject","inLanguage":"pl-PL","@id":"https:\/\/hurghadalovers.com\/pl\/tours\/prywatna-motorowka-delfinarium-z-hurghady\/#local-main-organization-logo","url":"https:\/\/hurghadalovers.com\/wp-content\/uploads\/2019\/10\/hurghada-excursions-logo.png","contentUrl":"https:\/\/hurghadalovers.com\/wp-content\/uploads\/2019\/10\/hurghada-excursions-logo.png","width":272,"height":90,"caption":"Hurghada Excursions"}]},"product_brand":"Co warto zobaczy\u0107 w Hurghadzie","product_price_amount":"80","product_price_currency":"EUR","og_availability":"instock","product_availability":"instock","product_retailer_item_id":"SpeedBoat9494","product_condition":"new","geo.placename":"hurghada","geo.region":"Egipt"},"_links":{"self":[{"href":"https:\/\/hurghadalovers.com\/pl\/wp-json\/wp\/v2\/product\/322417","targetHints":{"allow":["GET"]}}],"collection":[{"href":"https:\/\/hurghadalovers.com\/pl\/wp-json\/wp\/v2\/product"}],"about":[{"href":"https:\/\/hurghadalovers.com\/pl\/wp-json\/wp\/v2\/types\/product"}],"wp:featuredmedia":[{"embeddable":true,"href":"https:\/\/hurghadalovers.com\/pl\/wp-json\/wp\/v2\/media\/995802"}],"wp:attachment":[{"href":"https:\/\/hurghadalovers.com\/pl\/wp-json\/wp\/v2\/media?parent=322417"}],"wp:term":[{"taxonomy":"product_brand","embeddable":true,"href":"https:\/\/hurghadalovers.com\/pl\/wp-json\/wp\/v2\/product_brand?post=322417"},{"taxonomy":"product_cat","embeddable":true,"href":"https:\/\/hurghadalovers.com\/pl\/wp-json\/wp\/v2\/product_cat?post=322417"},{"taxonomy":"product_tag","embeddable":true,"href":"https:\/\/hurghadalovers.com\/pl\/wp-json\/wp\/v2\/product_tag?post=322417"}],"curies":[{"name":"wp","href":"https:\/\/api.w.org\/{rel}","templated":true}]}}