{"id":394192,"date":"2023-09-02T20:35:35","date_gmt":"2023-09-02T20:35:35","guid":{"rendered":"https:\/\/hurghadalovers.com\/shop\/niet-gecategoriseerd\/prive-el-gouna-taxi-transfers\/"},"modified":"2026-02-09T19:58:53","modified_gmt":"2026-02-09T19:58:53","slug":"prive-el-gouna-taxi-transfers","status":"publish","type":"product","link":"https:\/\/hurghadalovers.com\/nl\/tours\/prive-el-gouna-taxi-transfers\/","title":{"rendered":"Priv\u00e9 El Gouna Taxi Transfers"},"content":{"rendered":"<p><strong>Prive <\/strong><strong>El Gouna<\/strong> <strong>Taxi Transfers<\/strong> naar Luxor, Ca\u00efro | Boek Goedkope Prijzen Tourist Service Transfer met Luxe Minivan en Vip Car naar Marsa alam, Soma bay, Hurghada (HRG) Airport | Contant ter plaatse.<\/p>\n<p><strong>Bijzonderheden:<\/strong><\/p>\n<ul>\n<li>Type tour: Luxe priv\u00e9tour met auto of minibus.<\/li>\n<li>Boeking Taxi Auto, Minivan, Beschikbaarheid: Elke dag.<\/li>\n<li>Toegankelijk voor rolstoelen.<\/li>\n<li>Pick Up Tijd van El Gouna naar Luxor: 05:00 A.M.<\/li>\n<li>Pick Up Tijd van El Gouna naar Ca\u00efro: 12:30 A.M.<\/li>\n<li>Pick Up Time van El Gouna Hotels naar Hurghada (HRG) Vliegveld, Hurghada Marina: zoals jij wilt.<\/li>\n<\/ul>\n<p><strong>Reserveer nu en betaal later:<\/strong><\/p>\n<ul>\n<li>Contant geld ter plaatse om te begeleiden.<\/li>\n<li>Betaling in Egyptische ponden, $, \u20ac of \u00a3.<\/li>\n<\/ul>\n<p><strong>Annuleringsvoorwaarden:<\/strong><\/p>\n<ul>\n<li>Je kunt tot 24 uur van tevoren annuleren.<\/li>\n<li>Wanneer iemand van je familie de ochtend annuleert, betaal je 50% van de kosten.<\/li>\n<\/ul>\n<p><strong>Wat is inbegrepen?<\/strong><\/p>\n<ul>\n<li>Transfer van El Gouna Hotels &#8220;Ophalen en wegbrengen van hotel&#8221;.<\/li>\n<li>Alle belastingen, entreegelden en administratiekosten.<\/li>\n<li>Transfers.<\/li>\n<li>Drankjes.<\/li>\n<\/ul>\n<p><strong>Uitsluitingen?<\/strong><\/p>\n<ul>\n<li>Fooien.<\/li>\n<\/ul>\n<p><strong>Priv\u00e9 transfer <\/strong><strong>El Gouna<\/strong> <strong>naar Luxor:<\/strong><\/p>\n<p>Prijs Taxi\/ Auto &#8221; 3 zitplaatsen&#8221; = 170$ Prijs per priv\u00e9-auto.<\/p>\n<p>Prijs Minivan &#8220;8 zitplaatsen&#8221; = 200$ Prijs per priv\u00e9 Minivan\/Minibus.<\/p>\n<p>Afstand tussen El Gouna en Luxor = 360 km<\/p>\n<p>Tijd tussen El Gouna en Luxor = 4,5 uur.<\/p>\n<p>Er zijn 2 stops &#8221; 20 min pauze, 20 toeristische checkpoints in Safaga&#8221;.<\/p>\n<p><strong> <\/strong><\/p>\n<p><strong>Priv\u00e9 transfer <\/strong><strong>El Gouna<\/strong> <strong>naar Ca\u00efro, piramides van Gizeh:<\/strong><\/p>\n<p>Prijs Taxi\/ Auto &#8221; 3 zitplaatsen&#8221; = 180$ Prijs per priv\u00e9 auto.<\/p>\n<p>Prijs Minivan &#8220;8 zitplaatsen&#8221; = 220$ Prijs per priv\u00e9 Minivan\/Minibus.<\/p>\n<p>Afstand tussen El Gouna en Ca\u00efro = 340 km<\/p>\n<p>Tijd tussen El Gouna en Ca\u00efro = 7 uur<\/p>\n<p>Er zijn 3 stops &#8221; 20 min pauze in Saffron Ras Ghareb, 15-30 min toeristencontrolepunt&#8221;.<\/p>\n<p><strong>Priv\u00e9 transfer <\/strong><strong>El Gouna<\/strong> <strong>van of naar Hurghada (HRG) Luchthaven:<\/strong><\/p>\n<p>Prijs Taxi\/ Auto &#8221; 3 &#8211; 6 zitplaatsen&#8221; = 30$ Prijs per priv\u00e9-auto.<\/p>\n<p>Prijs Minivan &#8220;12 zitplaatsen&#8221; = 40$ Prijs per priv\u00e9 Minivan\/Minibus.<\/p>\n<p><strong> <\/strong><\/p>\n<p><strong>Priv\u00e9 transfer <\/strong><strong>El Gouna<\/strong> <strong>naar de jachthaven van Hurghada:<\/strong><\/p>\n<p>Prijs Taxi\/ Auto &#8221; 3 &#8211; 6 zitplaatsen&#8221; 4hr = 45$ Prijs per priv\u00e9 auto.<\/p>\n<p>Prijs Minivan &#8220;12 zitplaatsen&#8221; 4 uur = 75$ Prijs per priv\u00e9 Minivan\/Minibus.<\/p>\n<p><strong>  Privetransfers naar de luchthaven van Ca\u00efro<\/strong><\/p>\n<p>Als je naar Ca\u00efro Vliegveld moet en transfer nodig hebt naar toeristische steden in Egypte, kun je op ons vertrouwen voor een luxe priv\u00e9 auto bus limousine service.<\/p>\n<p><strong>Taxi van <\/strong><strong>El Gouna<\/strong> <strong>naar Marsa Alam<\/strong><\/p>\n<p>Als je bent aangekomen op de luchthaven van Hurghada of vanaf jouw locatie de beste auto&#8217;s of een bus nodig hebt van of naar Mars Alam om Ca\u00efro of Luxor te bezoeken, bel ons dan nu.<\/p>\n<p>1-3 personen (individuele auto) = 90 $<\/p>\n<p>4-8 personen (minibus) = 120 $<\/p>\n<p><strong>Beoordelingen:<\/strong><\/p>\n<p>bekijk onze Google Map beoordelingen als beste <a href=\"https:\/\/g.page\/r\/CUeYvkngP3wkEBM\/review\">touroperator in Hurghada<\/a> online in <a href=\"https:\/\/hurghadalovers.com\/\">Hurghada<\/a> Egypte.<\/p>\n<p><strong>Boeken:<\/strong><\/p>\n<p>Stuur hotel + kamernummer + fotopaspoorten naar WhatsApp: <strong>+201112596434<\/strong><\/p>\n<p>Als je uit Egypte Boek nu online en bevestig wanneer aankomst Hotel.<\/p>\n<p>&nbsp;<\/p>\n<p>&nbsp;<\/p>\n","protected":false},"excerpt":{"rendered":"<p><strong>Prive <\/strong><strong>El Gouna<\/strong> <strong>Taxi Transfers<\/strong> naar Luxor, Ca\u00efro | Boek Goedkope Prijzen Tourist Service Transfer met Luxe Minivan en Vip Car naar Marsa alam, Soma bay, Hurghada (HRG) Airport | Contant ter plaatse.<\/p>\n","protected":false},"featured_media":936340,"template":"","meta":{"_joinchat":[]},"product_brand":[],"product_cat":[29382],"product_tag":[],"class_list":{"0":"post-394192","1":"product","2":"type-product","3":"status-publish","4":"has-post-thumbnail","6":"product_cat-reizen-egypte","7":"tour_category-dagtrips-cairo-vanuit-el-gouna","8":"tour_category-dagtrips-luxor-vanuit-el-gouna","9":"tour_category-el-gouna-excursies","11":"first","12":"instock","13":"sale","14":"shipping-taxable","15":"purchasable","16":"product-type-tour"},"yoast_head":"<!-- This site is optimized with the Yoast SEO Premium plugin v26.9 (Yoast SEO v27.2) - https:\/\/yoast.com\/product\/yoast-seo-premium-wordpress\/ -->\n<title>Priv\u00e9 El Gouna Taxi Transfers naar Luxor, Ca\u00efro | Goedkope Prijzen<\/title>\n<meta name=\"description\" content=\"Prive El Gouna Taxi Transfers naar Luxor, Ca\u00efro Boek Goedkope Prijzen Toeristische Service Transfer met Luxe Minibus en Vip Auto naar Marsa alam, Soma baai\" \/>\n<meta name=\"robots\" content=\"index, follow, max-snippet:-1, max-image-preview:large, max-video-preview:-1\" \/>\n<link rel=\"canonical\" href=\"https:\/\/hurghadalovers.com\/nl\/tours\/prive-el-gouna-taxi-transfers\/\" \/>\n<meta property=\"og:locale\" content=\"nl_NL\" \/>\n<meta property=\"og:type\" content=\"article\" \/>\n<meta property=\"og:title\" content=\"Priv\u00e9 El Gouna Taxi Transfers\" \/>\n<meta property=\"og:description\" content=\"Prive El Gouna Taxi Transfers naar Luxor, Ca\u00efro Boek Goedkope Prijzen Toeristische Service Transfer met Luxe Minibus en Vip Auto naar Marsa alam, Soma baai\" \/>\n<meta property=\"og:url\" content=\"https:\/\/hurghadalovers.com\/nl\/tours\/prive-el-gouna-taxi-transfers\/\" \/>\n<meta property=\"og:site_name\" content=\"Hurghada Excursions &amp; Day Trips | Booking Best Prices Tours\" \/>\n<meta property=\"article:publisher\" content=\"https:\/\/www.facebook.com\/Hurghadaloversegypt\" \/>\n<meta property=\"article:modified_time\" content=\"2026-02-09T19:58:53+00:00\" \/>\n<meta property=\"og:image\" content=\"https:\/\/hurghadalovers.com\/wp-content\/uploads\/2023\/08\/Transfer-from-Makadi-bay-Hotels-Hotel-pick-up-and-drop-off.jpeg\" \/>\n\t<meta property=\"og:image:width\" content=\"720\" \/>\n\t<meta property=\"og:image:height\" content=\"540\" \/>\n\t<meta property=\"og:image:type\" content=\"image\/jpeg\" \/>\n<meta name=\"twitter:card\" content=\"summary_large_image\" \/>\n<meta name=\"twitter:label1\" content=\"Prijs\" \/>\n\t<meta name=\"twitter:data1\" content=\"&euro;&nbsp;35\" \/>\n\t<meta name=\"twitter:label2\" content=\"Beschikbaarheid\" \/>\n\t<meta name=\"twitter:data2\" content=\"Op voorraad\" \/>\n<script type=\"application\/ld+json\" class=\"yoast-schema-graph\">{\"@context\":\"https:\/\/schema.org\",\"@graph\":[{\"@type\":[\"WebPage\",\"ItemPage\"],\"@id\":\"https:\/\/hurghadalovers.com\/nl\/tours\/prive-el-gouna-taxi-transfers\/\",\"url\":\"https:\/\/hurghadalovers.com\/nl\/tours\/prive-el-gouna-taxi-transfers\/\",\"name\":\"Priv\u00e9 El Gouna Taxi Transfers naar Luxor, Ca\u00efro | Goedkope Prijzen\",\"isPartOf\":{\"@id\":\"https:\/\/hurghadalovers.com\/nl\/#website\"},\"primaryImageOfPage\":{\"@id\":\"https:\/\/hurghadalovers.com\/nl\/tours\/prive-el-gouna-taxi-transfers\/#primaryimage\"},\"image\":{\"@id\":\"https:\/\/hurghadalovers.com\/nl\/tours\/prive-el-gouna-taxi-transfers\/#primaryimage\"},\"thumbnailUrl\":\"https:\/\/hurghadalovers.com\/wp-content\/uploads\/2023\/08\/Transfer-from-Makadi-bay-Hotels-Hotel-pick-up-and-drop-off.jpeg\",\"datePublished\":\"2023-09-02T20:35:35+00:00\",\"dateModified\":\"2026-02-09T19:58:53+00:00\",\"description\":\"Prive El Gouna Taxi Transfers naar Luxor, Ca\u00efro Boek Goedkope Prijzen Toeristische Service Transfer met Luxe Minibus en Vip Auto naar Marsa alam, Soma baai\",\"breadcrumb\":{\"@id\":\"https:\/\/hurghadalovers.com\/nl\/tours\/prive-el-gouna-taxi-transfers\/#breadcrumb\"},\"inLanguage\":\"nl-NL\",\"potentialAction\":[{\"@type\":\"ReadAction\",\"target\":[\"https:\/\/hurghadalovers.com\/nl\/tours\/prive-el-gouna-taxi-transfers\/\"]}]},{\"@type\":\"ImageObject\",\"inLanguage\":\"nl-NL\",\"@id\":\"https:\/\/hurghadalovers.com\/nl\/tours\/prive-el-gouna-taxi-transfers\/#primaryimage\",\"url\":\"https:\/\/hurghadalovers.com\/wp-content\/uploads\/2023\/08\/Transfer-from-Makadi-bay-Hotels-Hotel-pick-up-and-drop-off.jpeg\",\"contentUrl\":\"https:\/\/hurghadalovers.com\/wp-content\/uploads\/2023\/08\/Transfer-from-Makadi-bay-Hotels-Hotel-pick-up-and-drop-off.jpeg\",\"width\":720,\"height\":540,\"caption\":\"Transfer from Makadi bay Hotels \u201cHotel pick up and drop off\u201d\"},{\"@type\":\"BreadcrumbList\",\"@id\":\"https:\/\/hurghadalovers.com\/nl\/tours\/prive-el-gouna-taxi-transfers\/#breadcrumb\",\"itemListElement\":[{\"@type\":\"ListItem\",\"position\":1,\"name\":\"Home\",\"item\":\"https:\/\/hurghadalovers.com\/nl\/\"},{\"@type\":\"ListItem\",\"position\":2,\"name\":\"Winkel\",\"item\":\"https:\/\/hurghadalovers.com\/nl\/winkel\/\"},{\"@type\":\"ListItem\",\"position\":3,\"name\":\"Priv\u00e9 El Gouna Taxi Transfers\"}]},{\"@type\":\"WebSite\",\"@id\":\"https:\/\/hurghadalovers.com\/nl\/#website\",\"url\":\"https:\/\/hurghadalovers.com\/nl\/\",\"name\":\"Hurghada Excursions & Day Trips | Booking Best Prices Tours\",\"description\":\"Hurghada Lovers - Best Tour Operator - Excursions &amp; Things to do for Family Day Trips with kids and Couples Romantic. Unique .Hidden gems\",\"publisher\":{\"@id\":\"https:\/\/hurghadalovers.com\/nl\/#organization\"},\"alternateName\":\"Hurghada Excursions\",\"potentialAction\":[{\"@type\":\"SearchAction\",\"target\":{\"@type\":\"EntryPoint\",\"urlTemplate\":\"https:\/\/hurghadalovers.com\/nl\/?s={search_term_string}\"},\"query-input\":{\"@type\":\"PropertyValueSpecification\",\"valueRequired\":true,\"valueName\":\"search_term_string\"}}],\"inLanguage\":\"nl-NL\"},{\"@type\":[\"Organization\",\"Place\",\"TravelAgency\"],\"@id\":\"https:\/\/hurghadalovers.com\/nl\/#organization\",\"name\":\"Hurghada Excursions\",\"url\":\"https:\/\/hurghadalovers.com\/nl\/\",\"logo\":{\"@id\":\"https:\/\/hurghadalovers.com\/nl\/tours\/prive-el-gouna-taxi-transfers\/#local-main-organization-logo\"},\"image\":{\"@id\":\"https:\/\/hurghadalovers.com\/nl\/tours\/prive-el-gouna-taxi-transfers\/#local-main-organization-logo\"},\"sameAs\":[\"https:\/\/www.facebook.com\/Hurghadaloversegypt\"],\"address\":{\"@id\":\"https:\/\/hurghadalovers.com\/nl\/tours\/prive-el-gouna-taxi-transfers\/#local-main-place-address\"},\"telephone\":[\"00201112596434\"],\"contactPoint\":{\"@type\":\"ContactPoint\",\"telephone\":\"00201112596434\",\"email\":\"weyouface@gmail.com\"},\"openingHoursSpecification\":{\"@type\":\"OpeningHoursSpecification\",\"dayOfWeek\":[\"Monday\",\"Tuesday\",\"Wednesday\",\"Thursday\",\"Friday\",\"Saturday\",\"Sunday\"],\"opens\":\"00:00\",\"closes\":\"23:59\"},\"email\":\"weyouface@gmail.com\",\"areaServed\":\"Luxor, Hurghada, El Gouna, Aswan, Sharm El Sheikh, Giza, Alexandria, Marsa Alam, Quseir, Soma Bay, Sahl Hasheesh, Red Sea, Makadi Bay, Cairo\",\"priceRange\":\"$\",\"currenciesAccepted\":\"euro\",\"paymentAccepted\":\"cash on site\"},{\"@type\":\"PostalAddress\",\"@id\":\"https:\/\/hurghadalovers.com\/nl\/tours\/prive-el-gouna-taxi-transfers\/#local-main-place-address\",\"streetAddress\":\"17 Banks street, Alkawther area, top nbk bank\",\"addressLocality\":\"hurghada\",\"postalCode\":\"84511\",\"addressRegion\":\"red sea\",\"addressCountry\":\"EG\"},{\"@type\":\"ImageObject\",\"inLanguage\":\"nl-NL\",\"@id\":\"https:\/\/hurghadalovers.com\/nl\/tours\/prive-el-gouna-taxi-transfers\/#local-main-organization-logo\",\"url\":\"https:\/\/hurghadalovers.com\/wp-content\/uploads\/2019\/10\/hurghada-excursions-logo.png\",\"contentUrl\":\"https:\/\/hurghadalovers.com\/wp-content\/uploads\/2019\/10\/hurghada-excursions-logo.png\",\"width\":272,\"height\":90,\"caption\":\"Hurghada Excursions\"}]}<\/script>\n<meta property=\"product:brand\" content=\"Dagtrips Ca\u00efro vanuit EL Gouna\" \/>\n<meta property=\"product:price:amount\" content=\"35\" \/>\n<meta property=\"product:price:currency\" content=\"EUR\" \/>\n<meta property=\"og:availability\" content=\"instock\" \/>\n<meta property=\"product:availability\" content=\"instock\" \/>\n<meta property=\"product:retailer_item_id\" content=\"Gouna202024\" \/>\n<meta property=\"product:condition\" content=\"new\" \/>\n<meta name=\"geo.placename\" content=\"hurghada\" \/>\n<meta name=\"geo.region\" content=\"Egypte\" \/>\n<!-- \/ Yoast SEO Premium plugin. -->","yoast_head_json":{"title":"Priv\u00e9 El Gouna Taxi Transfers naar Luxor, Ca\u00efro | Goedkope Prijzen","description":"Prive El Gouna Taxi Transfers naar Luxor, Ca\u00efro Boek Goedkope Prijzen Toeristische Service Transfer met Luxe Minibus en Vip Auto naar Marsa alam, Soma baai","robots":{"index":"index","follow":"follow","max-snippet":"max-snippet:-1","max-image-preview":"max-image-preview:large","max-video-preview":"max-video-preview:-1"},"canonical":"https:\/\/hurghadalovers.com\/nl\/tours\/prive-el-gouna-taxi-transfers\/","og_locale":"nl_NL","og_type":"article","og_title":"Priv\u00e9 El Gouna Taxi Transfers","og_description":"Prive El Gouna Taxi Transfers naar Luxor, Ca\u00efro Boek Goedkope Prijzen Toeristische Service Transfer met Luxe Minibus en Vip Auto naar Marsa alam, Soma baai","og_url":"https:\/\/hurghadalovers.com\/nl\/tours\/prive-el-gouna-taxi-transfers\/","og_site_name":"Hurghada Excursions &amp; Day Trips | Booking Best Prices Tours","article_publisher":"https:\/\/www.facebook.com\/Hurghadaloversegypt","article_modified_time":"2026-02-09T19:58:53+00:00","og_image":[{"width":720,"height":540,"url":"https:\/\/hurghadalovers.com\/wp-content\/uploads\/2023\/08\/Transfer-from-Makadi-bay-Hotels-Hotel-pick-up-and-drop-off.jpeg","type":"image\/jpeg"}],"twitter_card":"summary_large_image","twitter_misc":{"Prijs":"&euro;&nbsp;35","Beschikbaarheid":"Op voorraad"},"schema":{"@context":"https:\/\/schema.org","@graph":[{"@type":["WebPage","ItemPage"],"@id":"https:\/\/hurghadalovers.com\/nl\/tours\/prive-el-gouna-taxi-transfers\/","url":"https:\/\/hurghadalovers.com\/nl\/tours\/prive-el-gouna-taxi-transfers\/","name":"Priv\u00e9 El Gouna Taxi Transfers naar Luxor, Ca\u00efro | Goedkope Prijzen","isPartOf":{"@id":"https:\/\/hurghadalovers.com\/nl\/#website"},"primaryImageOfPage":{"@id":"https:\/\/hurghadalovers.com\/nl\/tours\/prive-el-gouna-taxi-transfers\/#primaryimage"},"image":{"@id":"https:\/\/hurghadalovers.com\/nl\/tours\/prive-el-gouna-taxi-transfers\/#primaryimage"},"thumbnailUrl":"https:\/\/hurghadalovers.com\/wp-content\/uploads\/2023\/08\/Transfer-from-Makadi-bay-Hotels-Hotel-pick-up-and-drop-off.jpeg","datePublished":"2023-09-02T20:35:35+00:00","dateModified":"2026-02-09T19:58:53+00:00","description":"Prive El Gouna Taxi Transfers naar Luxor, Ca\u00efro Boek Goedkope Prijzen Toeristische Service Transfer met Luxe Minibus en Vip Auto naar Marsa alam, Soma baai","breadcrumb":{"@id":"https:\/\/hurghadalovers.com\/nl\/tours\/prive-el-gouna-taxi-transfers\/#breadcrumb"},"inLanguage":"nl-NL","potentialAction":[{"@type":"ReadAction","target":["https:\/\/hurghadalovers.com\/nl\/tours\/prive-el-gouna-taxi-transfers\/"]}]},{"@type":"ImageObject","inLanguage":"nl-NL","@id":"https:\/\/hurghadalovers.com\/nl\/tours\/prive-el-gouna-taxi-transfers\/#primaryimage","url":"https:\/\/hurghadalovers.com\/wp-content\/uploads\/2023\/08\/Transfer-from-Makadi-bay-Hotels-Hotel-pick-up-and-drop-off.jpeg","contentUrl":"https:\/\/hurghadalovers.com\/wp-content\/uploads\/2023\/08\/Transfer-from-Makadi-bay-Hotels-Hotel-pick-up-and-drop-off.jpeg","width":720,"height":540,"caption":"Transfer from Makadi bay Hotels \u201cHotel pick up and drop off\u201d"},{"@type":"BreadcrumbList","@id":"https:\/\/hurghadalovers.com\/nl\/tours\/prive-el-gouna-taxi-transfers\/#breadcrumb","itemListElement":[{"@type":"ListItem","position":1,"name":"Home","item":"https:\/\/hurghadalovers.com\/nl\/"},{"@type":"ListItem","position":2,"name":"Winkel","item":"https:\/\/hurghadalovers.com\/nl\/winkel\/"},{"@type":"ListItem","position":3,"name":"Priv\u00e9 El Gouna Taxi Transfers"}]},{"@type":"WebSite","@id":"https:\/\/hurghadalovers.com\/nl\/#website","url":"https:\/\/hurghadalovers.com\/nl\/","name":"Hurghada Excursions & Day Trips | Booking Best Prices Tours","description":"Hurghada Lovers - Best Tour Operator - Excursions &amp; Things to do for Family Day Trips with kids and Couples Romantic. Unique .Hidden gems","publisher":{"@id":"https:\/\/hurghadalovers.com\/nl\/#organization"},"alternateName":"Hurghada Excursions","potentialAction":[{"@type":"SearchAction","target":{"@type":"EntryPoint","urlTemplate":"https:\/\/hurghadalovers.com\/nl\/?s={search_term_string}"},"query-input":{"@type":"PropertyValueSpecification","valueRequired":true,"valueName":"search_term_string"}}],"inLanguage":"nl-NL"},{"@type":["Organization","Place","TravelAgency"],"@id":"https:\/\/hurghadalovers.com\/nl\/#organization","name":"Hurghada Excursions","url":"https:\/\/hurghadalovers.com\/nl\/","logo":{"@id":"https:\/\/hurghadalovers.com\/nl\/tours\/prive-el-gouna-taxi-transfers\/#local-main-organization-logo"},"image":{"@id":"https:\/\/hurghadalovers.com\/nl\/tours\/prive-el-gouna-taxi-transfers\/#local-main-organization-logo"},"sameAs":["https:\/\/www.facebook.com\/Hurghadaloversegypt"],"address":{"@id":"https:\/\/hurghadalovers.com\/nl\/tours\/prive-el-gouna-taxi-transfers\/#local-main-place-address"},"telephone":["00201112596434"],"contactPoint":{"@type":"ContactPoint","telephone":"00201112596434","email":"weyouface@gmail.com"},"openingHoursSpecification":{"@type":"OpeningHoursSpecification","dayOfWeek":["Monday","Tuesday","Wednesday","Thursday","Friday","Saturday","Sunday"],"opens":"00:00","closes":"23:59"},"email":"weyouface@gmail.com","areaServed":"Luxor, Hurghada, El Gouna, Aswan, Sharm El Sheikh, Giza, Alexandria, Marsa Alam, Quseir, Soma Bay, Sahl Hasheesh, Red Sea, Makadi Bay, Cairo","priceRange":"$","currenciesAccepted":"euro","paymentAccepted":"cash on site"},{"@type":"PostalAddress","@id":"https:\/\/hurghadalovers.com\/nl\/tours\/prive-el-gouna-taxi-transfers\/#local-main-place-address","streetAddress":"17 Banks street, Alkawther area, top nbk bank","addressLocality":"hurghada","postalCode":"84511","addressRegion":"red sea","addressCountry":"EG"},{"@type":"ImageObject","inLanguage":"nl-NL","@id":"https:\/\/hurghadalovers.com\/nl\/tours\/prive-el-gouna-taxi-transfers\/#local-main-organization-logo","url":"https:\/\/hurghadalovers.com\/wp-content\/uploads\/2019\/10\/hurghada-excursions-logo.png","contentUrl":"https:\/\/hurghadalovers.com\/wp-content\/uploads\/2019\/10\/hurghada-excursions-logo.png","width":272,"height":90,"caption":"Hurghada Excursions"}]},"product_brand":"Dagtrips Ca\u00efro vanuit EL Gouna","product_price_amount":"35","product_price_currency":"EUR","og_availability":"instock","product_availability":"instock","product_retailer_item_id":"Gouna202024","product_condition":"new","geo.placename":"hurghada","geo.region":"Egypte"},"_links":{"self":[{"href":"https:\/\/hurghadalovers.com\/nl\/wp-json\/wp\/v2\/product\/394192","targetHints":{"allow":["GET"]}}],"collection":[{"href":"https:\/\/hurghadalovers.com\/nl\/wp-json\/wp\/v2\/product"}],"about":[{"href":"https:\/\/hurghadalovers.com\/nl\/wp-json\/wp\/v2\/types\/product"}],"wp:featuredmedia":[{"embeddable":true,"href":"https:\/\/hurghadalovers.com\/nl\/wp-json\/wp\/v2\/media\/936340"}],"wp:attachment":[{"href":"https:\/\/hurghadalovers.com\/nl\/wp-json\/wp\/v2\/media?parent=394192"}],"wp:term":[{"taxonomy":"product_brand","embeddable":true,"href":"https:\/\/hurghadalovers.com\/nl\/wp-json\/wp\/v2\/product_brand?post=394192"},{"taxonomy":"product_cat","embeddable":true,"href":"https:\/\/hurghadalovers.com\/nl\/wp-json\/wp\/v2\/product_cat?post=394192"},{"taxonomy":"product_tag","embeddable":true,"href":"https:\/\/hurghadalovers.com\/nl\/wp-json\/wp\/v2\/product_tag?post=394192"}],"curies":[{"name":"wp","href":"https:\/\/api.w.org\/{rel}","templated":true}]}}