{"id":394011,"date":"2023-09-02T12:09:59","date_gmt":"2023-09-02T12:11:31","guid":{"rendered":"https:\/\/hurghadalovers.com\/shop\/niet-gecategoriseerd\/el-gouna-prive-dagtocht-naar-koptisch-cairo\/"},"modified":"2026-02-08T07:14:48","modified_gmt":"2026-02-08T07:14:48","slug":"el-gouna-prive-dagtrip-naar-koptisch-cairo","status":"publish","type":"product","link":"https:\/\/hurghadalovers.com\/nl\/tours\/el-gouna-prive-dagtrip-naar-koptisch-cairo\/","title":{"rendered":"El Gouna Priv\u00e9 Dagtocht naar Koptisch Ca\u00efro"},"content":{"rendered":"<p><strong>El Gouna Priv\u00e9 Dagtocht naar Koptisch Ca\u00efro<\/strong> met priv\u00e9gids, kaartjes en lunch.<\/p>\n<p>Ontdek prachtige historische feiten tijdens een bezoek aan de belangrijkste Koptische monumenten in <strong>Oud-Ca\u00efro<\/strong>, bezoek het Koptisch Museum en <strong>de oude kerken<\/strong>, en ontdek hoe zij de geschiedenis van <strong>het oude Egypte<\/strong> hebben be\u00efnvloed.<\/p>\n<p>&nbsp;<\/p>\n<p><strong>Hoogtepunten:<\/strong><\/p>\n<ul>\n<li>Attracties in het oude Ca\u00efro<\/li>\n<li>de hangende kerk &#8220;Al-Muallaqa Kerk&#8221;.<\/li>\n<li>de heiligen Sergius.<\/li>\n<li>Bacchus Kerk<\/li>\n<li>Kerk Abu Serga<\/li>\n<li>Ben Ezra<\/li>\n<li>het koptisch museum<\/li>\n<li>Lunch in restaurant.<\/li>\n<\/ul>\n<p><strong>El Gouna<\/strong> <strong>Priv\u00e9 Dagtocht naar Koptisch Ca\u00efro Details:<\/strong><\/p>\n<ul>\n<li>Beschikbaarheid tour: Elke dag.<\/li>\n<li>Type tour: Prive met auto of minibus.<\/li>\n<li>Pick Up Time: Start vanaf 01:00 A.M.<\/li>\n<li>Hotel vragen om &#8217;s ochtends je ontbijttasje mee te nemen.<\/li>\n<li>Pick off Tijd: 20:30.<\/li>\n<li>Toegankelijk voor rolstoelen.<\/li>\n<li>Duur: 22 uur.<\/li>\n<\/ul>\n<p><strong>Reserveer nu en betaal later:<\/strong><\/p>\n<ul>\n<li>Contant geld ter plaatse om te begeleiden.<\/li>\n<li>Betaling in Egyptische ponden, $, \u20ac of \u00a3.<\/li>\n<\/ul>\n<p><strong>Annuleringsvoorwaarden:<\/strong><\/p>\n<ul>\n<li>Je kunt tot 24 uur van tevoren annuleren.<\/li>\n<li>Wanneer iemand van je familie de ochtend annuleert, betaal je 50% van de kosten.<\/li>\n<\/ul>\n<p><strong>Wat is inbegrepen?<\/strong><\/p>\n<ul>\n<li>Transfer van El Gouna Hotels &#8220;Ophalen en wegbrengen van hotel&#8221;.<\/li>\n<li>Alle belastingen, entreegelden en administratiekosten.<\/li>\n<li>Transfers.<\/li>\n<li>Reisleiding.<\/li>\n<li>Drankjes.<\/li>\n<li>Lunch in restaurant.<\/li>\n<\/ul>\n<p><strong>Uitsluitingen?<\/strong><\/p>\n<ul>\n<li>Fooien.<\/li>\n<li>Felucca tocht &#8220;Bootcruise&#8221; Voor 35 min= 10$.<\/li>\n<li>Extra&#8217;s die niet worden genoemd.<\/li>\n<\/ul>\n<p><strong>Prijzen:<\/strong><\/p>\n<ul>\n<li><strong>Prijs volwassenen = vanaf 160$ per persoon<\/strong>.<\/li>\n<li>Prijs voor kinderen &#8220;5-12\u2033= 50%.<\/li>\n<li>voor kinderen &#8220;0-5\u2033= gratis.<\/li>\n<\/ul>\n<p><strong>Beoordelingen:<\/strong><\/p>\n<p>bekijk onze Google Map beoordelingen als beste <a href=\"https:\/\/g.page\/r\/CUeYvkngP3wkEBM\/review\">touroperator in Hurghada<\/a> online in <a href=\"https:\/\/hurghadalovers.com\/\">Hurghada<\/a> Egypte.<\/p>\n<p>&nbsp;<\/p>\n<p><strong>Boeken :<\/strong><\/p>\n<p>Stuur hotel + kamernummer + fotopaspoorten naar WhatsApp: <strong>+201112596434<\/strong><\/p>\n<p>Als je uit Egypte Boek nu online en bevestig wanneer aankomst Hotel.<\/p>\n<p>&nbsp;<\/p>\n<p>&nbsp;<\/p>\n","protected":false},"excerpt":{"rendered":"<p><strong>El Gouna Priv\u00e9 Dagtocht naar Koptisch Ca\u00efro<\/strong> met priv\u00e9gids, kaartjes en lunch. Ontdek prachtige historische feiten tijdens een bezoek aan de belangrijkste Koptische monumenten<\/p>\n","protected":false},"featured_media":393790,"template":"","meta":{"_joinchat":[]},"product_brand":[],"product_cat":[29382],"product_tag":[],"class_list":{"0":"post-394011","1":"product","2":"type-product","3":"status-publish","4":"has-post-thumbnail","6":"product_cat-reizen-egypte","7":"tour_category-dagtrips-cairo-vanuit-el-gouna","8":"tour_category-el-gouna-excursies","10":"first","11":"instock","12":"sale","13":"shipping-taxable","14":"purchasable","15":"product-type-tour"},"yoast_head":"<!-- This site is optimized with the Yoast SEO Premium plugin v26.9 (Yoast SEO v27.2) - https:\/\/yoast.com\/product\/yoast-seo-premium-wordpress\/ -->\n<title>El Gouna Priv\u00e9 Dagtocht naar Koptisch Ca\u00efro<\/title>\n<meta name=\"description\" content=\"El Gouna Priv\u00e9 Dagtocht naar Koptisch Ca\u00efro met priv\u00e9gids, kaartjes en lunch. Ontdek prachtige historische feiten tijdens een bezoek aan de belangrijkste\" \/>\n<meta name=\"robots\" content=\"index, follow, max-snippet:-1, max-image-preview:large, max-video-preview:-1\" \/>\n<link rel=\"canonical\" href=\"https:\/\/hurghadalovers.com\/nl\/tours\/el-gouna-prive-dagtrip-naar-koptisch-cairo\/\" \/>\n<meta property=\"og:locale\" content=\"nl_NL\" \/>\n<meta property=\"og:type\" content=\"article\" \/>\n<meta property=\"og:title\" content=\"El Gouna Priv\u00e9 Dagtocht naar Koptisch Ca\u00efro\" \/>\n<meta property=\"og:description\" content=\"El Gouna Priv\u00e9 Dagtocht naar Koptisch Ca\u00efro met priv\u00e9gids, kaartjes en lunch. Ontdek prachtige historische feiten tijdens een bezoek aan de belangrijkste\" \/>\n<meta property=\"og:url\" content=\"https:\/\/hurghadalovers.com\/nl\/tours\/el-gouna-prive-dagtrip-naar-koptisch-cairo\/\" \/>\n<meta property=\"og:site_name\" content=\"Hurghada Excursions &amp; Day Trips | Booking Best Prices Tours\" \/>\n<meta property=\"article:publisher\" content=\"https:\/\/www.facebook.com\/Hurghadaloversegypt\" \/>\n<meta property=\"article:modified_time\" content=\"2026-02-08T07:14:48+00:00\" \/>\n<meta property=\"og:image\" content=\"https:\/\/hurghadalovers.com\/wp-content\/uploads\/2023\/09\/El-Gouna-Private-Day-Trip-to-Coptic-Cairo.jpeg\" \/>\n\t<meta property=\"og:image:width\" content=\"1536\" \/>\n\t<meta property=\"og:image:height\" content=\"823\" \/>\n\t<meta property=\"og:image:type\" content=\"image\/jpeg\" \/>\n<meta name=\"twitter:card\" content=\"summary_large_image\" \/>\n<meta name=\"twitter:label1\" content=\"Prijs\" \/>\n\t<meta name=\"twitter:data1\" content=\"&euro;&nbsp;160\" \/>\n\t<meta name=\"twitter:label2\" content=\"Beschikbaarheid\" \/>\n\t<meta name=\"twitter:data2\" content=\"Op voorraad\" \/>\n<script type=\"application\/ld+json\" class=\"yoast-schema-graph\">{\"@context\":\"https:\/\/schema.org\",\"@graph\":[{\"@type\":[\"WebPage\",\"ItemPage\"],\"@id\":\"https:\/\/hurghadalovers.com\/nl\/tours\/el-gouna-prive-dagtrip-naar-koptisch-cairo\/\",\"url\":\"https:\/\/hurghadalovers.com\/nl\/tours\/el-gouna-prive-dagtrip-naar-koptisch-cairo\/\",\"name\":\"El Gouna Priv\u00e9 Dagtocht naar Koptisch Ca\u00efro\",\"isPartOf\":{\"@id\":\"https:\/\/hurghadalovers.com\/nl\/#website\"},\"primaryImageOfPage\":{\"@id\":\"https:\/\/hurghadalovers.com\/nl\/tours\/el-gouna-prive-dagtrip-naar-koptisch-cairo\/#primaryimage\"},\"image\":{\"@id\":\"https:\/\/hurghadalovers.com\/nl\/tours\/el-gouna-prive-dagtrip-naar-koptisch-cairo\/#primaryimage\"},\"thumbnailUrl\":\"https:\/\/hurghadalovers.com\/wp-content\/uploads\/2023\/09\/El-Gouna-Private-Day-Trip-to-Coptic-Cairo.jpeg\",\"datePublished\":\"2023-09-02T12:11:31+00:00\",\"dateModified\":\"2026-02-08T07:14:48+00:00\",\"description\":\"El Gouna Priv\u00e9 Dagtocht naar Koptisch Ca\u00efro met priv\u00e9gids, kaartjes en lunch. Ontdek prachtige historische feiten tijdens een bezoek aan de belangrijkste\",\"breadcrumb\":{\"@id\":\"https:\/\/hurghadalovers.com\/nl\/tours\/el-gouna-prive-dagtrip-naar-koptisch-cairo\/#breadcrumb\"},\"inLanguage\":\"nl-NL\",\"potentialAction\":[{\"@type\":\"ReadAction\",\"target\":[\"https:\/\/hurghadalovers.com\/nl\/tours\/el-gouna-prive-dagtrip-naar-koptisch-cairo\/\"]}]},{\"@type\":\"ImageObject\",\"inLanguage\":\"nl-NL\",\"@id\":\"https:\/\/hurghadalovers.com\/nl\/tours\/el-gouna-prive-dagtrip-naar-koptisch-cairo\/#primaryimage\",\"url\":\"https:\/\/hurghadalovers.com\/wp-content\/uploads\/2023\/09\/El-Gouna-Private-Day-Trip-to-Coptic-Cairo.jpeg\",\"contentUrl\":\"https:\/\/hurghadalovers.com\/wp-content\/uploads\/2023\/09\/El-Gouna-Private-Day-Trip-to-Coptic-Cairo.jpeg\",\"width\":1536,\"height\":823,\"caption\":\"El Gouna Priv\u00e9 Dagtocht naar Koptisch Ca\u00efro\"},{\"@type\":\"BreadcrumbList\",\"@id\":\"https:\/\/hurghadalovers.com\/nl\/tours\/el-gouna-prive-dagtrip-naar-koptisch-cairo\/#breadcrumb\",\"itemListElement\":[{\"@type\":\"ListItem\",\"position\":1,\"name\":\"Home\",\"item\":\"https:\/\/hurghadalovers.com\/nl\/\"},{\"@type\":\"ListItem\",\"position\":2,\"name\":\"Winkel\",\"item\":\"https:\/\/hurghadalovers.com\/nl\/winkel\/\"},{\"@type\":\"ListItem\",\"position\":3,\"name\":\"El Gouna Priv\u00e9 Dagtocht naar Koptisch Ca\u00efro\"}]},{\"@type\":\"WebSite\",\"@id\":\"https:\/\/hurghadalovers.com\/nl\/#website\",\"url\":\"https:\/\/hurghadalovers.com\/nl\/\",\"name\":\"Hurghada Excursions & Day Trips | Booking Best Prices Tours\",\"description\":\"Hurghada Lovers - Best Tour Operator - Excursions &amp; Things to do for Family Day Trips with kids and Couples Romantic. Unique .Hidden gems\",\"publisher\":{\"@id\":\"https:\/\/hurghadalovers.com\/nl\/#organization\"},\"alternateName\":\"Hurghada Excursions\",\"potentialAction\":[{\"@type\":\"SearchAction\",\"target\":{\"@type\":\"EntryPoint\",\"urlTemplate\":\"https:\/\/hurghadalovers.com\/nl\/?s={search_term_string}\"},\"query-input\":{\"@type\":\"PropertyValueSpecification\",\"valueRequired\":true,\"valueName\":\"search_term_string\"}}],\"inLanguage\":\"nl-NL\"},{\"@type\":[\"Organization\",\"Place\",\"TravelAgency\"],\"@id\":\"https:\/\/hurghadalovers.com\/nl\/#organization\",\"name\":\"Hurghada Excursions\",\"url\":\"https:\/\/hurghadalovers.com\/nl\/\",\"logo\":{\"@id\":\"https:\/\/hurghadalovers.com\/nl\/tours\/el-gouna-prive-dagtrip-naar-koptisch-cairo\/#local-main-organization-logo\"},\"image\":{\"@id\":\"https:\/\/hurghadalovers.com\/nl\/tours\/el-gouna-prive-dagtrip-naar-koptisch-cairo\/#local-main-organization-logo\"},\"sameAs\":[\"https:\/\/www.facebook.com\/Hurghadaloversegypt\"],\"address\":{\"@id\":\"https:\/\/hurghadalovers.com\/nl\/tours\/el-gouna-prive-dagtrip-naar-koptisch-cairo\/#local-main-place-address\"},\"telephone\":[\"00201112596434\"],\"contactPoint\":{\"@type\":\"ContactPoint\",\"telephone\":\"00201112596434\",\"email\":\"weyouface@gmail.com\"},\"openingHoursSpecification\":{\"@type\":\"OpeningHoursSpecification\",\"dayOfWeek\":[\"Monday\",\"Tuesday\",\"Wednesday\",\"Thursday\",\"Friday\",\"Saturday\",\"Sunday\"],\"opens\":\"00:00\",\"closes\":\"23:59\"},\"email\":\"weyouface@gmail.com\",\"areaServed\":\"Luxor, Hurghada, El Gouna, Aswan, Sharm El Sheikh, Giza, Alexandria, Marsa Alam, Quseir, Soma Bay, Sahl Hasheesh, Red Sea, Makadi Bay, Cairo\",\"priceRange\":\"$\",\"currenciesAccepted\":\"euro\",\"paymentAccepted\":\"cash on site\"},{\"@type\":\"PostalAddress\",\"@id\":\"https:\/\/hurghadalovers.com\/nl\/tours\/el-gouna-prive-dagtrip-naar-koptisch-cairo\/#local-main-place-address\",\"streetAddress\":\"17 Banks street, Alkawther area, top nbk bank\",\"addressLocality\":\"hurghada\",\"postalCode\":\"84511\",\"addressRegion\":\"red sea\",\"addressCountry\":\"EG\"},{\"@type\":\"ImageObject\",\"inLanguage\":\"nl-NL\",\"@id\":\"https:\/\/hurghadalovers.com\/nl\/tours\/el-gouna-prive-dagtrip-naar-koptisch-cairo\/#local-main-organization-logo\",\"url\":\"https:\/\/hurghadalovers.com\/wp-content\/uploads\/2019\/10\/hurghada-excursions-logo.png\",\"contentUrl\":\"https:\/\/hurghadalovers.com\/wp-content\/uploads\/2019\/10\/hurghada-excursions-logo.png\",\"width\":272,\"height\":90,\"caption\":\"Hurghada Excursions\"}]}<\/script>\n<meta property=\"product:brand\" content=\"Dagtrips Ca\u00efro vanuit EL Gouna\" \/>\n<meta property=\"product:price:amount\" content=\"160\" \/>\n<meta property=\"product:price:currency\" content=\"EUR\" \/>\n<meta property=\"og:availability\" content=\"instock\" \/>\n<meta property=\"product:availability\" content=\"instock\" \/>\n<meta property=\"product:retailer_item_id\" content=\"Gouna052024\" \/>\n<meta property=\"product:condition\" content=\"new\" \/>\n<meta name=\"geo.placename\" content=\"hurghada\" \/>\n<meta name=\"geo.region\" content=\"Egypte\" \/>\n<!-- \/ Yoast SEO Premium plugin. -->","yoast_head_json":{"title":"El Gouna Priv\u00e9 Dagtocht naar Koptisch Ca\u00efro","description":"El Gouna Priv\u00e9 Dagtocht naar Koptisch Ca\u00efro met priv\u00e9gids, kaartjes en lunch. Ontdek prachtige historische feiten tijdens een bezoek aan de belangrijkste","robots":{"index":"index","follow":"follow","max-snippet":"max-snippet:-1","max-image-preview":"max-image-preview:large","max-video-preview":"max-video-preview:-1"},"canonical":"https:\/\/hurghadalovers.com\/nl\/tours\/el-gouna-prive-dagtrip-naar-koptisch-cairo\/","og_locale":"nl_NL","og_type":"article","og_title":"El Gouna Priv\u00e9 Dagtocht naar Koptisch Ca\u00efro","og_description":"El Gouna Priv\u00e9 Dagtocht naar Koptisch Ca\u00efro met priv\u00e9gids, kaartjes en lunch. Ontdek prachtige historische feiten tijdens een bezoek aan de belangrijkste","og_url":"https:\/\/hurghadalovers.com\/nl\/tours\/el-gouna-prive-dagtrip-naar-koptisch-cairo\/","og_site_name":"Hurghada Excursions &amp; Day Trips | Booking Best Prices Tours","article_publisher":"https:\/\/www.facebook.com\/Hurghadaloversegypt","article_modified_time":"2026-02-08T07:14:48+00:00","og_image":[{"width":1536,"height":823,"url":"https:\/\/hurghadalovers.com\/wp-content\/uploads\/2023\/09\/El-Gouna-Private-Day-Trip-to-Coptic-Cairo.jpeg","type":"image\/jpeg"}],"twitter_card":"summary_large_image","twitter_misc":{"Prijs":"&euro;&nbsp;160","Beschikbaarheid":"Op voorraad"},"schema":{"@context":"https:\/\/schema.org","@graph":[{"@type":["WebPage","ItemPage"],"@id":"https:\/\/hurghadalovers.com\/nl\/tours\/el-gouna-prive-dagtrip-naar-koptisch-cairo\/","url":"https:\/\/hurghadalovers.com\/nl\/tours\/el-gouna-prive-dagtrip-naar-koptisch-cairo\/","name":"El Gouna Priv\u00e9 Dagtocht naar Koptisch Ca\u00efro","isPartOf":{"@id":"https:\/\/hurghadalovers.com\/nl\/#website"},"primaryImageOfPage":{"@id":"https:\/\/hurghadalovers.com\/nl\/tours\/el-gouna-prive-dagtrip-naar-koptisch-cairo\/#primaryimage"},"image":{"@id":"https:\/\/hurghadalovers.com\/nl\/tours\/el-gouna-prive-dagtrip-naar-koptisch-cairo\/#primaryimage"},"thumbnailUrl":"https:\/\/hurghadalovers.com\/wp-content\/uploads\/2023\/09\/El-Gouna-Private-Day-Trip-to-Coptic-Cairo.jpeg","datePublished":"2023-09-02T12:11:31+00:00","dateModified":"2026-02-08T07:14:48+00:00","description":"El Gouna Priv\u00e9 Dagtocht naar Koptisch Ca\u00efro met priv\u00e9gids, kaartjes en lunch. Ontdek prachtige historische feiten tijdens een bezoek aan de belangrijkste","breadcrumb":{"@id":"https:\/\/hurghadalovers.com\/nl\/tours\/el-gouna-prive-dagtrip-naar-koptisch-cairo\/#breadcrumb"},"inLanguage":"nl-NL","potentialAction":[{"@type":"ReadAction","target":["https:\/\/hurghadalovers.com\/nl\/tours\/el-gouna-prive-dagtrip-naar-koptisch-cairo\/"]}]},{"@type":"ImageObject","inLanguage":"nl-NL","@id":"https:\/\/hurghadalovers.com\/nl\/tours\/el-gouna-prive-dagtrip-naar-koptisch-cairo\/#primaryimage","url":"https:\/\/hurghadalovers.com\/wp-content\/uploads\/2023\/09\/El-Gouna-Private-Day-Trip-to-Coptic-Cairo.jpeg","contentUrl":"https:\/\/hurghadalovers.com\/wp-content\/uploads\/2023\/09\/El-Gouna-Private-Day-Trip-to-Coptic-Cairo.jpeg","width":1536,"height":823,"caption":"El Gouna Priv\u00e9 Dagtocht naar Koptisch Ca\u00efro"},{"@type":"BreadcrumbList","@id":"https:\/\/hurghadalovers.com\/nl\/tours\/el-gouna-prive-dagtrip-naar-koptisch-cairo\/#breadcrumb","itemListElement":[{"@type":"ListItem","position":1,"name":"Home","item":"https:\/\/hurghadalovers.com\/nl\/"},{"@type":"ListItem","position":2,"name":"Winkel","item":"https:\/\/hurghadalovers.com\/nl\/winkel\/"},{"@type":"ListItem","position":3,"name":"El Gouna Priv\u00e9 Dagtocht naar Koptisch Ca\u00efro"}]},{"@type":"WebSite","@id":"https:\/\/hurghadalovers.com\/nl\/#website","url":"https:\/\/hurghadalovers.com\/nl\/","name":"Hurghada Excursions & Day Trips | Booking Best Prices Tours","description":"Hurghada Lovers - Best Tour Operator - Excursions &amp; Things to do for Family Day Trips with kids and Couples Romantic. Unique .Hidden gems","publisher":{"@id":"https:\/\/hurghadalovers.com\/nl\/#organization"},"alternateName":"Hurghada Excursions","potentialAction":[{"@type":"SearchAction","target":{"@type":"EntryPoint","urlTemplate":"https:\/\/hurghadalovers.com\/nl\/?s={search_term_string}"},"query-input":{"@type":"PropertyValueSpecification","valueRequired":true,"valueName":"search_term_string"}}],"inLanguage":"nl-NL"},{"@type":["Organization","Place","TravelAgency"],"@id":"https:\/\/hurghadalovers.com\/nl\/#organization","name":"Hurghada Excursions","url":"https:\/\/hurghadalovers.com\/nl\/","logo":{"@id":"https:\/\/hurghadalovers.com\/nl\/tours\/el-gouna-prive-dagtrip-naar-koptisch-cairo\/#local-main-organization-logo"},"image":{"@id":"https:\/\/hurghadalovers.com\/nl\/tours\/el-gouna-prive-dagtrip-naar-koptisch-cairo\/#local-main-organization-logo"},"sameAs":["https:\/\/www.facebook.com\/Hurghadaloversegypt"],"address":{"@id":"https:\/\/hurghadalovers.com\/nl\/tours\/el-gouna-prive-dagtrip-naar-koptisch-cairo\/#local-main-place-address"},"telephone":["00201112596434"],"contactPoint":{"@type":"ContactPoint","telephone":"00201112596434","email":"weyouface@gmail.com"},"openingHoursSpecification":{"@type":"OpeningHoursSpecification","dayOfWeek":["Monday","Tuesday","Wednesday","Thursday","Friday","Saturday","Sunday"],"opens":"00:00","closes":"23:59"},"email":"weyouface@gmail.com","areaServed":"Luxor, Hurghada, El Gouna, Aswan, Sharm El Sheikh, Giza, Alexandria, Marsa Alam, Quseir, Soma Bay, Sahl Hasheesh, Red Sea, Makadi Bay, Cairo","priceRange":"$","currenciesAccepted":"euro","paymentAccepted":"cash on site"},{"@type":"PostalAddress","@id":"https:\/\/hurghadalovers.com\/nl\/tours\/el-gouna-prive-dagtrip-naar-koptisch-cairo\/#local-main-place-address","streetAddress":"17 Banks street, Alkawther area, top nbk bank","addressLocality":"hurghada","postalCode":"84511","addressRegion":"red sea","addressCountry":"EG"},{"@type":"ImageObject","inLanguage":"nl-NL","@id":"https:\/\/hurghadalovers.com\/nl\/tours\/el-gouna-prive-dagtrip-naar-koptisch-cairo\/#local-main-organization-logo","url":"https:\/\/hurghadalovers.com\/wp-content\/uploads\/2019\/10\/hurghada-excursions-logo.png","contentUrl":"https:\/\/hurghadalovers.com\/wp-content\/uploads\/2019\/10\/hurghada-excursions-logo.png","width":272,"height":90,"caption":"Hurghada Excursions"}]},"product_brand":"Dagtrips Ca\u00efro vanuit EL Gouna","product_price_amount":"160","product_price_currency":"EUR","og_availability":"instock","product_availability":"instock","product_retailer_item_id":"Gouna052024","product_condition":"new","geo.placename":"hurghada","geo.region":"Egypte"},"_links":{"self":[{"href":"https:\/\/hurghadalovers.com\/nl\/wp-json\/wp\/v2\/product\/394011","targetHints":{"allow":["GET"]}}],"collection":[{"href":"https:\/\/hurghadalovers.com\/nl\/wp-json\/wp\/v2\/product"}],"about":[{"href":"https:\/\/hurghadalovers.com\/nl\/wp-json\/wp\/v2\/types\/product"}],"wp:featuredmedia":[{"embeddable":true,"href":"https:\/\/hurghadalovers.com\/nl\/wp-json\/wp\/v2\/media\/393790"}],"wp:attachment":[{"href":"https:\/\/hurghadalovers.com\/nl\/wp-json\/wp\/v2\/media?parent=394011"}],"wp:term":[{"taxonomy":"product_brand","embeddable":true,"href":"https:\/\/hurghadalovers.com\/nl\/wp-json\/wp\/v2\/product_brand?post=394011"},{"taxonomy":"product_cat","embeddable":true,"href":"https:\/\/hurghadalovers.com\/nl\/wp-json\/wp\/v2\/product_cat?post=394011"},{"taxonomy":"product_tag","embeddable":true,"href":"https:\/\/hurghadalovers.com\/nl\/wp-json\/wp\/v2\/product_tag?post=394011"}],"curies":[{"name":"wp","href":"https:\/\/api.w.org\/{rel}","templated":true}]}}