{"id":392287,"date":"2023-09-01T20:53:12","date_gmt":"2023-09-01T20:55:37","guid":{"rendered":"https:\/\/hurghadalovers.com\/shop\/niet-gecategoriseerd\/sahl-hasheesh-prive-quad-tour\/"},"modified":"2026-02-08T22:48:57","modified_gmt":"2026-02-08T22:48:57","slug":"sahl-hasheesh-private-quad-fietstocht","status":"publish","type":"product","link":"https:\/\/hurghadalovers.com\/nl\/tours\/sahl-hasheesh-private-quad-fietstocht\/","title":{"rendered":"Sahl Hasheesh Priv\u00e9 Quad Tour"},"content":{"rendered":"<p><strong>Sahl Hasheesh<\/strong> <strong>priv\u00e9 quad tour<\/strong> woestijnsafari naar bedoe\u00efenendorp met kameeltocht.<\/p>\n<p>Ben je op zoek naar <strong>privacy<\/strong> en ga je op een uniek <strong>avontuur op een quad<\/strong> in de woestijn? Neem deel aan de mooiste <strong>safaritochten<\/strong> voor gezinnen en stellen om 25 km door de woestijn te rijden om <strong>de adrenaline<\/strong> eruit te halen tot je het <strong>bedoe\u00efenendorp<\/strong> bereikt, <strong>rijd<\/strong> dan <strong>op een kameel<\/strong> en leer meer over het leven van de bedoe\u00efenen met de hulp van een <strong>priv\u00e9 safarigids<\/strong>, bepaal je eigen tijd en meer privacy en <strong>luxe<\/strong>.<\/p>\n<p style=\"text-align: center;\"><span style=\"color: #993300;\">Beste dingen om te doen in Sahl Hasheesh voor <strong>gezinsvriendelijke activiteiten<\/strong> &amp; <strong>romantisch<\/strong> en <strong>huwelijksreis met koppel<\/strong><\/span><\/p>\n<p>&nbsp;<\/p>\n<p><strong>Hoogtepunten:<\/strong><\/p>\n<ol>\n<li>Quadtocht.<\/li>\n<li>Kameeltocht.<\/li>\n<li>Bedoe\u00efenendorp.<\/li>\n<\/ol>\n<p><strong>Priv\u00e9 Quad Bike Tour Details:<\/strong><\/p>\n<ul>\n<li>Beschikbaarheid tour: Elke dag.<\/li>\n<li>Type tour: Groep.<\/li>\n<li>Pick Up Time: Start vanaf 08:00 of &#8217;s middags vanaf 14:00.<\/li>\n<li>Pick off Tijd: 11:45 A.M. OF Tijd zonsondergang.<\/li>\n<li>Duur: 3 uur.<\/li>\n<\/ul>\n<p><strong>Reserveer nu en betaal later:<\/strong><\/p>\n<ul>\n<li>Contant geld ter plaatse om te begeleiden.<\/li>\n<li>Betaling in Egyptische ponden, $, \u20ac of \u00a3.<\/li>\n<\/ul>\n<p><strong>Annuleringsvoorwaarden:<\/strong><\/p>\n<ul>\n<li>Je kunt tot 24 uur van tevoren annuleren.<\/li>\n<li>Wanneer iemand van je familie de ochtend annuleert, betaal je 50% van de kosten.<\/li>\n<\/ul>\n<p><strong>Wat is inbegrepen?<\/strong><\/p>\n<ul>\n<li>Transfer van Sahl Hasheesh Hotels &#8220;Ophalen en wegbrengen van hotel&#8221;.<\/li>\n<li>Alle belastingen, entreegelden en administratiekosten.<\/li>\n<li>Transfers.<\/li>\n<li>Reisleiding.<\/li>\n<li>Helm.<\/li>\n<\/ul>\n<p><strong>Uitsluitingen?<\/strong><\/p>\n<ul>\n<li>Sjaal<\/li>\n<li>Veiligheidsbril<\/li>\n<li>Fooien.<\/li>\n<li>Fotografie voor de reis.<\/li>\n<li>Extra&#8217;s die niet worden genoemd.<\/li>\n<\/ul>\n<p><strong>Prijzen priv\u00e9 Quadtour:<\/strong><\/p>\n<ul>\n<li><strong>Prijs volwassenen = 40$ per persoon<\/strong>.<\/li>\n<\/ul>\n<p><strong>Beoordelingen:<\/strong><\/p>\n<p>bekijk onze Google Map beoordelingen als beste <a href=\"https:\/\/g.page\/r\/CUeYvkngP3wkEBM\/review\">touroperator in Hurghada<\/a> online in <a href=\"https:\/\/hurghadalovers.com\/\">Hurghada<\/a> Egypte.<\/p>\n<p><strong>Boeken:<\/strong><\/p>\n<p>Stuur hotel + kamernummer + fotopaspoorten naar WhatsApp: <strong>+201112596434<\/strong><\/p>\n<p>Als je uit Egypte Boek nu online en bevestig wanneer aankomst Hotel.<\/p>\n<p><span style=\"color: #ff0000;\">&#8212;&#8212; | &#8212;&#8212;&#8212;&#8212;&#8211; | &#8212;&#8212;&#8212;-<\/span><\/p>\n<p>&nbsp;<\/p>\n<p>Bekijk onze <a href=\"https:\/\/hurghadalovers.com\/tour-category\/sahl-hasheesh-tours\/\"><strong>Sahl Hasheesh Excursies<\/strong><\/a> &#8211; <a href=\"https:\/\/hurghadalovers.com\/tour-category\/safari-sahl-hasheesh\/\"><strong>Quad tocht vanuit Sahl Hasheesh<\/strong><\/a>:<\/p>\n<ul>\n<li><a href=\"https:\/\/hurghadalovers.com\/tours\/sahl-hasheesh-morning-quad-biking-tour\/\">Sahl Hasheesh ochtend quad tour<\/a><\/li>\n<li><a href=\"https:\/\/hurghadalovers.com\/tours\/sahl-hasheesh-sunset-quad-biking-tour\/\">Sahl Hasheesh Zonsondergang Quad Rit<\/a><\/li>\n<li><a href=\"https:\/\/hurghadalovers.com\/tours\/sahl-hasheesh-super-jeep-safari-trip\/\">Sahl Hasheesh Super Jeep Safari Trip<\/a><\/li>\n<li><a href=\"https:\/\/hurghadalovers.com\/tours\/sahl-hasheesh-desert-safaris-with-kids\/\"><strong>Sahl Hasheesh Woestijnsafari met kinderen<\/strong><\/a><\/li>\n<li><a href=\"https:\/\/hurghadalovers.com\/tours\/cheap-quad-biking-tours-from-sahl-hasheesh-2hr\/\">Goedkope tours per quad vanuit Sahl Hasheesh<\/a> &#8211; 2 uur<\/li>\n<li><a href=\"https:\/\/hurghadalovers.com\/tours\/sunset-buggy-tour-from-sahl-hasheesh\/\">Zonsondergang Buggy Tour vanuit Sahl Hasheesh<\/a><\/li>\n<li><a href=\"https:\/\/hurghadalovers.com\/tours\/morning-buggy-tour-from-sahl-hasheesh\/\">Ochtend Buggy Tour vanuit Sahl Hasheesh<\/a><\/li>\n<li><a href=\"https:\/\/hurghadalovers.com\/tours\/morning-jeep-safari-trip-from-sahl-hasheesh\/\">Ochtend Jeepsafari vanuit Sahl Hasheesh<\/a><\/li>\n<li><a href=\"https:\/\/hurghadalovers.com\/tours\/sahl-hasheesh-private-jeep-safari-trip\/\">Sahl Hasheesh priv\u00e9 jeepsafari<\/a><\/li>\n<li>Sahl Hasheesh Priv\u00e9 Quad Tour<\/li>\n<\/ul>\n<p><a href=\"https:\/\/hurghadalovers.com\/tour-category\/things-to-do-in-sahl-hasheesh\/\"><strong>Dingen om te doen in Sahl Hasheesh<\/strong><\/a><\/p>\n<p><a href=\"https:\/\/hurghadalovers.com\/tours\/parasailing-sahl-hasheesh\/\">Parasailen in Sahl Hasheesh<\/a><\/p>\n","protected":false},"excerpt":{"rendered":"<p><strong>Sahl Hasheesh<\/strong> <strong>priv\u00e9 quad tour<\/strong> woestijnsafari naar bedoe\u00efenendorp met kameeltocht. Ben je op zoek naar <strong>privacy<\/strong> en ga je een uniek <strong>avontuur aan met quad rijden<\/strong><\/p>\n","protected":false},"featured_media":935396,"template":"","meta":{"_joinchat":[]},"product_brand":[],"product_cat":[29382],"product_tag":[49544,49570,49582,49528,49590,49524,49531,49539,49578,49566,49536,49562,49574,49560,49548,49552,49586,49556],"class_list":{"0":"post-392287","1":"product","2":"type-product","3":"status-publish","4":"has-post-thumbnail","6":"product_cat-reizen-egypte","7":"product_tag-activiteiten-voor-2-jarigen-uit-sahl-hasheesh","8":"product_tag-atv-sahl-hasheesh-nl","9":"product_tag-bedoeienendorp-sahl-hasheesh","10":"product_tag-bezienswaardigheden-in-sahl-hasheesh","11":"product_tag-buggytoer-sahl-hasheesh","12":"product_tag-dagtochten-vanuit-sahl-hasheesh","13":"product_tag-dagtochten-vanuit-sahl-hasheesh-nl","14":"product_tag-indoor-activiteiten-voor-koppels-sahl-hasheesh","15":"product_tag-kameelrijden-sahl-hasheesh","16":"product_tag-quad-rijden-in-sahl-hasheesh","17":"product_tag-romantische-activiteiten-voor-koppels-in-sahl-hasheesh","18":"product_tag-safari-sahara-sahl-hasheesh-nl","19":"product_tag-safari-sahl-hasheesh","20":"product_tag-sahl-hasheesh-buggy-safari-nl","21":"product_tag-sahl-hasheesh-gezinsvriendelijke-activiteiten","22":"product_tag-sahl-hasheesh-kindvriendelijke-rondleidingen","23":"product_tag-sterren-kijken-in-sahl-hasheesh","24":"product_tag-woestijnsafari-sahl-hasheesh","25":"tour_category-sahl-hasheesh-excursies","26":"tour_category-woestijnsafari-in-sahl-hasheesh","28":"first","29":"instock","30":"sale","31":"shipping-taxable","32":"purchasable","33":"product-type-tour"},"yoast_head":"<!-- This site is optimized with the Yoast SEO Premium plugin v26.9 (Yoast SEO v27.2) - https:\/\/yoast.com\/product\/yoast-seo-premium-wordpress\/ -->\n<title>Sahl Hasheesh Priv\u00e9 Quad Tour<\/title>\n<meta name=\"description\" content=\"Sahl Hasheesh priv\u00e9 quad tour woestijnsafari naar bedoe\u00efenendorp met kameeltocht. Ben je op zoek naar privacy en ga je een uniek avontuur tegemoet\" \/>\n<meta name=\"robots\" content=\"index, follow, max-snippet:-1, max-image-preview:large, max-video-preview:-1\" \/>\n<link rel=\"canonical\" href=\"https:\/\/hurghadalovers.com\/nl\/tours\/sahl-hasheesh-private-quad-fietstocht\/\" \/>\n<meta property=\"og:locale\" content=\"nl_NL\" \/>\n<meta property=\"og:type\" content=\"article\" \/>\n<meta property=\"og:title\" content=\"Sahl Hasheesh Priv\u00e9 Quad Tour\" \/>\n<meta property=\"og:description\" content=\"Sahl Hasheesh priv\u00e9 quad tour woestijnsafari naar bedoe\u00efenendorp met kameeltocht. Ben je op zoek naar privacy en ga je een uniek avontuur tegemoet\" \/>\n<meta property=\"og:url\" content=\"https:\/\/hurghadalovers.com\/nl\/tours\/sahl-hasheesh-private-quad-fietstocht\/\" \/>\n<meta property=\"og:site_name\" content=\"Hurghada Excursions &amp; Day Trips | Booking Best Prices Tours\" \/>\n<meta property=\"article:publisher\" content=\"https:\/\/www.facebook.com\/Hurghadaloversegypt\" \/>\n<meta property=\"article:modified_time\" content=\"2026-02-08T22:48:57+00:00\" \/>\n<meta property=\"og:image\" content=\"https:\/\/hurghadalovers.com\/wp-content\/uploads\/2023\/08\/Super-Jeep-Safari-Trip-from-Soma-bay-2026.jpeg\" \/>\n\t<meta property=\"og:image:width\" content=\"1156\" \/>\n\t<meta property=\"og:image:height\" content=\"521\" \/>\n\t<meta property=\"og:image:type\" content=\"image\/jpeg\" \/>\n<meta name=\"twitter:card\" content=\"summary_large_image\" \/>\n<meta name=\"twitter:label1\" content=\"Prijs\" \/>\n\t<meta name=\"twitter:data1\" content=\"&euro;&nbsp;40\" \/>\n\t<meta name=\"twitter:label2\" content=\"Beschikbaarheid\" \/>\n\t<meta name=\"twitter:data2\" content=\"Op voorraad\" \/>\n<script type=\"application\/ld+json\" class=\"yoast-schema-graph\">{\"@context\":\"https:\/\/schema.org\",\"@graph\":[{\"@type\":[\"WebPage\",\"ItemPage\"],\"@id\":\"https:\/\/hurghadalovers.com\/nl\/tours\/sahl-hasheesh-private-quad-fietstocht\/\",\"url\":\"https:\/\/hurghadalovers.com\/nl\/tours\/sahl-hasheesh-private-quad-fietstocht\/\",\"name\":\"Sahl Hasheesh Priv\u00e9 Quad Tour\",\"isPartOf\":{\"@id\":\"https:\/\/hurghadalovers.com\/nl\/#website\"},\"primaryImageOfPage\":{\"@id\":\"https:\/\/hurghadalovers.com\/nl\/tours\/sahl-hasheesh-private-quad-fietstocht\/#primaryimage\"},\"image\":{\"@id\":\"https:\/\/hurghadalovers.com\/nl\/tours\/sahl-hasheesh-private-quad-fietstocht\/#primaryimage\"},\"thumbnailUrl\":\"https:\/\/hurghadalovers.com\/wp-content\/uploads\/2023\/08\/Super-Jeep-Safari-Trip-from-Soma-bay-2026.jpeg\",\"datePublished\":\"2023-09-01T20:55:37+00:00\",\"dateModified\":\"2026-02-08T22:48:57+00:00\",\"description\":\"Sahl Hasheesh priv\u00e9 quad tour woestijnsafari naar bedoe\u00efenendorp met kameeltocht. Ben je op zoek naar privacy en ga je een uniek avontuur tegemoet\",\"breadcrumb\":{\"@id\":\"https:\/\/hurghadalovers.com\/nl\/tours\/sahl-hasheesh-private-quad-fietstocht\/#breadcrumb\"},\"inLanguage\":\"nl-NL\",\"potentialAction\":[{\"@type\":\"ReadAction\",\"target\":[\"https:\/\/hurghadalovers.com\/nl\/tours\/sahl-hasheesh-private-quad-fietstocht\/\"]}]},{\"@type\":\"ImageObject\",\"inLanguage\":\"nl-NL\",\"@id\":\"https:\/\/hurghadalovers.com\/nl\/tours\/sahl-hasheesh-private-quad-fietstocht\/#primaryimage\",\"url\":\"https:\/\/hurghadalovers.com\/wp-content\/uploads\/2023\/08\/Super-Jeep-Safari-Trip-from-Soma-bay-2026.jpeg\",\"contentUrl\":\"https:\/\/hurghadalovers.com\/wp-content\/uploads\/2023\/08\/Super-Jeep-Safari-Trip-from-Soma-bay-2026.jpeg\",\"width\":1156,\"height\":521,\"caption\":\"Private Soma bay Quad Bike Tour\"},{\"@type\":\"BreadcrumbList\",\"@id\":\"https:\/\/hurghadalovers.com\/nl\/tours\/sahl-hasheesh-private-quad-fietstocht\/#breadcrumb\",\"itemListElement\":[{\"@type\":\"ListItem\",\"position\":1,\"name\":\"Home\",\"item\":\"https:\/\/hurghadalovers.com\/nl\/\"},{\"@type\":\"ListItem\",\"position\":2,\"name\":\"Winkel\",\"item\":\"https:\/\/hurghadalovers.com\/nl\/winkel\/\"},{\"@type\":\"ListItem\",\"position\":3,\"name\":\"Sahl Hasheesh Priv\u00e9 Quad Tour\"}]},{\"@type\":\"WebSite\",\"@id\":\"https:\/\/hurghadalovers.com\/nl\/#website\",\"url\":\"https:\/\/hurghadalovers.com\/nl\/\",\"name\":\"Hurghada Excursions & Day Trips | Booking Best Prices Tours\",\"description\":\"Hurghada Lovers - Best Tour Operator - Excursions &amp; Things to do for Family Day Trips with kids and Couples Romantic. Unique .Hidden gems\",\"publisher\":{\"@id\":\"https:\/\/hurghadalovers.com\/nl\/#organization\"},\"alternateName\":\"Hurghada Excursions\",\"potentialAction\":[{\"@type\":\"SearchAction\",\"target\":{\"@type\":\"EntryPoint\",\"urlTemplate\":\"https:\/\/hurghadalovers.com\/nl\/?s={search_term_string}\"},\"query-input\":{\"@type\":\"PropertyValueSpecification\",\"valueRequired\":true,\"valueName\":\"search_term_string\"}}],\"inLanguage\":\"nl-NL\"},{\"@type\":[\"Organization\",\"Place\",\"TravelAgency\"],\"@id\":\"https:\/\/hurghadalovers.com\/nl\/#organization\",\"name\":\"Hurghada Excursions\",\"url\":\"https:\/\/hurghadalovers.com\/nl\/\",\"logo\":{\"@id\":\"https:\/\/hurghadalovers.com\/nl\/tours\/sahl-hasheesh-private-quad-fietstocht\/#local-main-organization-logo\"},\"image\":{\"@id\":\"https:\/\/hurghadalovers.com\/nl\/tours\/sahl-hasheesh-private-quad-fietstocht\/#local-main-organization-logo\"},\"sameAs\":[\"https:\/\/www.facebook.com\/Hurghadaloversegypt\"],\"address\":{\"@id\":\"https:\/\/hurghadalovers.com\/nl\/tours\/sahl-hasheesh-private-quad-fietstocht\/#local-main-place-address\"},\"telephone\":[\"00201112596434\"],\"contactPoint\":{\"@type\":\"ContactPoint\",\"telephone\":\"00201112596434\",\"email\":\"weyouface@gmail.com\"},\"openingHoursSpecification\":{\"@type\":\"OpeningHoursSpecification\",\"dayOfWeek\":[\"Monday\",\"Tuesday\",\"Wednesday\",\"Thursday\",\"Friday\",\"Saturday\",\"Sunday\"],\"opens\":\"00:00\",\"closes\":\"23:59\"},\"email\":\"weyouface@gmail.com\",\"areaServed\":\"Luxor, Hurghada, El Gouna, Aswan, Sharm El Sheikh, Giza, Alexandria, Marsa Alam, Quseir, Soma Bay, Sahl Hasheesh, Red Sea, Makadi Bay, Cairo\",\"priceRange\":\"$\",\"currenciesAccepted\":\"euro\",\"paymentAccepted\":\"cash on site\"},{\"@type\":\"PostalAddress\",\"@id\":\"https:\/\/hurghadalovers.com\/nl\/tours\/sahl-hasheesh-private-quad-fietstocht\/#local-main-place-address\",\"streetAddress\":\"17 Banks street, Alkawther area, top nbk bank\",\"addressLocality\":\"hurghada\",\"postalCode\":\"84511\",\"addressRegion\":\"red sea\",\"addressCountry\":\"EG\"},{\"@type\":\"ImageObject\",\"inLanguage\":\"nl-NL\",\"@id\":\"https:\/\/hurghadalovers.com\/nl\/tours\/sahl-hasheesh-private-quad-fietstocht\/#local-main-organization-logo\",\"url\":\"https:\/\/hurghadalovers.com\/wp-content\/uploads\/2019\/10\/hurghada-excursions-logo.png\",\"contentUrl\":\"https:\/\/hurghadalovers.com\/wp-content\/uploads\/2019\/10\/hurghada-excursions-logo.png\",\"width\":272,\"height\":90,\"caption\":\"Hurghada Excursions\"}]}<\/script>\n<meta property=\"product:brand\" content=\"Sahl Hasheesh Excursies\" \/>\n<meta property=\"product:price:amount\" content=\"40\" \/>\n<meta property=\"product:price:currency\" content=\"EUR\" \/>\n<meta property=\"og:availability\" content=\"instock\" \/>\n<meta property=\"product:availability\" content=\"instock\" \/>\n<meta property=\"product:retailer_item_id\" content=\"SahlSafari062024\" \/>\n<meta property=\"product:condition\" content=\"new\" \/>\n<meta name=\"geo.placename\" content=\"hurghada\" \/>\n<meta name=\"geo.region\" content=\"Egypte\" \/>\n<!-- \/ Yoast SEO Premium plugin. -->","yoast_head_json":{"title":"Sahl Hasheesh Priv\u00e9 Quad Tour","description":"Sahl Hasheesh priv\u00e9 quad tour woestijnsafari naar bedoe\u00efenendorp met kameeltocht. Ben je op zoek naar privacy en ga je een uniek avontuur tegemoet","robots":{"index":"index","follow":"follow","max-snippet":"max-snippet:-1","max-image-preview":"max-image-preview:large","max-video-preview":"max-video-preview:-1"},"canonical":"https:\/\/hurghadalovers.com\/nl\/tours\/sahl-hasheesh-private-quad-fietstocht\/","og_locale":"nl_NL","og_type":"article","og_title":"Sahl Hasheesh Priv\u00e9 Quad Tour","og_description":"Sahl Hasheesh priv\u00e9 quad tour woestijnsafari naar bedoe\u00efenendorp met kameeltocht. Ben je op zoek naar privacy en ga je een uniek avontuur tegemoet","og_url":"https:\/\/hurghadalovers.com\/nl\/tours\/sahl-hasheesh-private-quad-fietstocht\/","og_site_name":"Hurghada Excursions &amp; Day Trips | Booking Best Prices Tours","article_publisher":"https:\/\/www.facebook.com\/Hurghadaloversegypt","article_modified_time":"2026-02-08T22:48:57+00:00","og_image":[{"width":1156,"height":521,"url":"https:\/\/hurghadalovers.com\/wp-content\/uploads\/2023\/08\/Super-Jeep-Safari-Trip-from-Soma-bay-2026.jpeg","type":"image\/jpeg"}],"twitter_card":"summary_large_image","twitter_misc":{"Prijs":"&euro;&nbsp;40","Beschikbaarheid":"Op voorraad"},"schema":{"@context":"https:\/\/schema.org","@graph":[{"@type":["WebPage","ItemPage"],"@id":"https:\/\/hurghadalovers.com\/nl\/tours\/sahl-hasheesh-private-quad-fietstocht\/","url":"https:\/\/hurghadalovers.com\/nl\/tours\/sahl-hasheesh-private-quad-fietstocht\/","name":"Sahl Hasheesh Priv\u00e9 Quad Tour","isPartOf":{"@id":"https:\/\/hurghadalovers.com\/nl\/#website"},"primaryImageOfPage":{"@id":"https:\/\/hurghadalovers.com\/nl\/tours\/sahl-hasheesh-private-quad-fietstocht\/#primaryimage"},"image":{"@id":"https:\/\/hurghadalovers.com\/nl\/tours\/sahl-hasheesh-private-quad-fietstocht\/#primaryimage"},"thumbnailUrl":"https:\/\/hurghadalovers.com\/wp-content\/uploads\/2023\/08\/Super-Jeep-Safari-Trip-from-Soma-bay-2026.jpeg","datePublished":"2023-09-01T20:55:37+00:00","dateModified":"2026-02-08T22:48:57+00:00","description":"Sahl Hasheesh priv\u00e9 quad tour woestijnsafari naar bedoe\u00efenendorp met kameeltocht. Ben je op zoek naar privacy en ga je een uniek avontuur tegemoet","breadcrumb":{"@id":"https:\/\/hurghadalovers.com\/nl\/tours\/sahl-hasheesh-private-quad-fietstocht\/#breadcrumb"},"inLanguage":"nl-NL","potentialAction":[{"@type":"ReadAction","target":["https:\/\/hurghadalovers.com\/nl\/tours\/sahl-hasheesh-private-quad-fietstocht\/"]}]},{"@type":"ImageObject","inLanguage":"nl-NL","@id":"https:\/\/hurghadalovers.com\/nl\/tours\/sahl-hasheesh-private-quad-fietstocht\/#primaryimage","url":"https:\/\/hurghadalovers.com\/wp-content\/uploads\/2023\/08\/Super-Jeep-Safari-Trip-from-Soma-bay-2026.jpeg","contentUrl":"https:\/\/hurghadalovers.com\/wp-content\/uploads\/2023\/08\/Super-Jeep-Safari-Trip-from-Soma-bay-2026.jpeg","width":1156,"height":521,"caption":"Private Soma bay Quad Bike Tour"},{"@type":"BreadcrumbList","@id":"https:\/\/hurghadalovers.com\/nl\/tours\/sahl-hasheesh-private-quad-fietstocht\/#breadcrumb","itemListElement":[{"@type":"ListItem","position":1,"name":"Home","item":"https:\/\/hurghadalovers.com\/nl\/"},{"@type":"ListItem","position":2,"name":"Winkel","item":"https:\/\/hurghadalovers.com\/nl\/winkel\/"},{"@type":"ListItem","position":3,"name":"Sahl Hasheesh Priv\u00e9 Quad Tour"}]},{"@type":"WebSite","@id":"https:\/\/hurghadalovers.com\/nl\/#website","url":"https:\/\/hurghadalovers.com\/nl\/","name":"Hurghada Excursions & Day Trips | Booking Best Prices Tours","description":"Hurghada Lovers - Best Tour Operator - Excursions &amp; Things to do for Family Day Trips with kids and Couples Romantic. Unique .Hidden gems","publisher":{"@id":"https:\/\/hurghadalovers.com\/nl\/#organization"},"alternateName":"Hurghada Excursions","potentialAction":[{"@type":"SearchAction","target":{"@type":"EntryPoint","urlTemplate":"https:\/\/hurghadalovers.com\/nl\/?s={search_term_string}"},"query-input":{"@type":"PropertyValueSpecification","valueRequired":true,"valueName":"search_term_string"}}],"inLanguage":"nl-NL"},{"@type":["Organization","Place","TravelAgency"],"@id":"https:\/\/hurghadalovers.com\/nl\/#organization","name":"Hurghada Excursions","url":"https:\/\/hurghadalovers.com\/nl\/","logo":{"@id":"https:\/\/hurghadalovers.com\/nl\/tours\/sahl-hasheesh-private-quad-fietstocht\/#local-main-organization-logo"},"image":{"@id":"https:\/\/hurghadalovers.com\/nl\/tours\/sahl-hasheesh-private-quad-fietstocht\/#local-main-organization-logo"},"sameAs":["https:\/\/www.facebook.com\/Hurghadaloversegypt"],"address":{"@id":"https:\/\/hurghadalovers.com\/nl\/tours\/sahl-hasheesh-private-quad-fietstocht\/#local-main-place-address"},"telephone":["00201112596434"],"contactPoint":{"@type":"ContactPoint","telephone":"00201112596434","email":"weyouface@gmail.com"},"openingHoursSpecification":{"@type":"OpeningHoursSpecification","dayOfWeek":["Monday","Tuesday","Wednesday","Thursday","Friday","Saturday","Sunday"],"opens":"00:00","closes":"23:59"},"email":"weyouface@gmail.com","areaServed":"Luxor, Hurghada, El Gouna, Aswan, Sharm El Sheikh, Giza, Alexandria, Marsa Alam, Quseir, Soma Bay, Sahl Hasheesh, Red Sea, Makadi Bay, Cairo","priceRange":"$","currenciesAccepted":"euro","paymentAccepted":"cash on site"},{"@type":"PostalAddress","@id":"https:\/\/hurghadalovers.com\/nl\/tours\/sahl-hasheesh-private-quad-fietstocht\/#local-main-place-address","streetAddress":"17 Banks street, Alkawther area, top nbk bank","addressLocality":"hurghada","postalCode":"84511","addressRegion":"red sea","addressCountry":"EG"},{"@type":"ImageObject","inLanguage":"nl-NL","@id":"https:\/\/hurghadalovers.com\/nl\/tours\/sahl-hasheesh-private-quad-fietstocht\/#local-main-organization-logo","url":"https:\/\/hurghadalovers.com\/wp-content\/uploads\/2019\/10\/hurghada-excursions-logo.png","contentUrl":"https:\/\/hurghadalovers.com\/wp-content\/uploads\/2019\/10\/hurghada-excursions-logo.png","width":272,"height":90,"caption":"Hurghada Excursions"}]},"product_brand":"Sahl Hasheesh Excursies","product_price_amount":"40","product_price_currency":"EUR","og_availability":"instock","product_availability":"instock","product_retailer_item_id":"SahlSafari062024","product_condition":"new","geo.placename":"hurghada","geo.region":"Egypte"},"_links":{"self":[{"href":"https:\/\/hurghadalovers.com\/nl\/wp-json\/wp\/v2\/product\/392287","targetHints":{"allow":["GET"]}}],"collection":[{"href":"https:\/\/hurghadalovers.com\/nl\/wp-json\/wp\/v2\/product"}],"about":[{"href":"https:\/\/hurghadalovers.com\/nl\/wp-json\/wp\/v2\/types\/product"}],"wp:featuredmedia":[{"embeddable":true,"href":"https:\/\/hurghadalovers.com\/nl\/wp-json\/wp\/v2\/media\/935396"}],"wp:attachment":[{"href":"https:\/\/hurghadalovers.com\/nl\/wp-json\/wp\/v2\/media?parent=392287"}],"wp:term":[{"taxonomy":"product_brand","embeddable":true,"href":"https:\/\/hurghadalovers.com\/nl\/wp-json\/wp\/v2\/product_brand?post=392287"},{"taxonomy":"product_cat","embeddable":true,"href":"https:\/\/hurghadalovers.com\/nl\/wp-json\/wp\/v2\/product_cat?post=392287"},{"taxonomy":"product_tag","embeddable":true,"href":"https:\/\/hurghadalovers.com\/nl\/wp-json\/wp\/v2\/product_tag?post=392287"}],"curies":[{"name":"wp","href":"https:\/\/api.w.org\/{rel}","templated":true}]}}