{"id":389255,"date":"2023-08-30T14:07:24","date_gmt":"2023-08-30T14:07:24","guid":{"rendered":"https:\/\/hurghadalovers.com\/shop\/niet-gecategoriseerd\/makadi-bay-super-jeep-safari-trip\/"},"modified":"2026-02-08T05:40:11","modified_gmt":"2026-02-08T05:40:11","slug":"makadi-bay-super-jeep-safari-trip","status":"publish","type":"product","link":"https:\/\/hurghadalovers.com\/nl\/tours\/makadi-bay-super-jeep-safari-trip\/","title":{"rendered":"Jeep Safari Tour vanuit Makadi Bay"},"content":{"rendered":"<p><strong>Jeep Safari Tour vanuit Makadi Bay<\/strong> door de woestijn met ATV Quad Bike, Spider Car en 4\u00d74 auto naar bedoe\u00efenendorp met kameeltocht en aansluitend BBQ-diner + traditionele show.<\/p>\n<p style=\"text-align: center;\"><span style=\"color: #008080;\">Beste dingen om te doen in Makadi Bay voor <strong>gezinsvriendelijk met kinderen<\/strong>, <strong>senioren<\/strong> &amp; <strong>romantisch<\/strong> en <strong>huwelijksreis met stellen<\/strong><\/span><\/p>\n<p>&nbsp;<\/p>\n<p><strong>Jeep Safari Tour vanuit Makadi Bay Hoogtepunten:<\/strong><\/p>\n<ol>\n<li>4\u00d74 WD Jeep<\/li>\n<li>Quad Bike rit<\/li>\n<li>Spider Auto<\/li>\n<li>Kameeltocht<\/li>\n<li>Bedoe\u00efenendorp<\/li>\n<li>BBQ Diner<\/li>\n<li>Oosterse show.<\/li>\n<li>Priv\u00e9 transfer van en naar hotel in Makadi Bay.<\/li>\n<\/ol>\n<p><strong>Jeep Safari Tour vanuit Makadi Bay<\/strong>\u00a0| Het beste woestijnavontuur voor het hele gezin, kinderen, senioren, een romantische stellen | 45min ATV Quad Bike, 20 min Spider Car, Kameeltocht in Bedoe\u00efenendorp, BBQ Diner + Traditionele show met Transfer van en naar hotel in Makadi Bay.<\/p>\n<p><strong>Overzicht:<\/strong><\/p>\n<p>Kijk je uit naar een echt <strong>avontuur in de woestijn<\/strong>, <strong>gezinsvriendelijke activiteiten<\/strong> in <strong>Hurghada<\/strong> en Makadi Bay en de beste dingen om te doen met kinderen vanaf twee jaar en <strong>senioren<\/strong> in de middag?<\/p>\n<p><strong>Jeep Safari Dagtocht <\/strong>begint met 45 min. <strong>ATV Quad Bike<\/strong> in de woestijn en op een zachte en veilige zandweg voor kinderen en mensen die niet goed zijn in het snel besturen van Quad Bikes, dan 20 minuten rijden in een <strong>Spider Car<\/strong>, dan voorbereiden op de <strong>4\u00d74 WD Jeep<\/strong> om naar het <strong>Bedoe\u00efenendorp<\/strong> over een afstand van 25km te gaan, rijd dan op een <strong>kameel<\/strong> en leer over het woestijnleven in Egypte en het leven van de bedoe\u00efenen. Klim naar de top van de bergen om een prachtig uitzicht over de natuur te hebben, keer dan terug naar het safaristation om met de traditionele show te beginnen en een BBQ-diner te nuttigen.<\/p>\n<p>Als je op huwelijksreis bent en een speciale tijd in de woestijn wilt doorbrengen en op zoek bent naar <strong>de beste dingen om te doen in Makadi Bay <\/strong>voor romantici, dan raad ik je de <strong>Jeep Safari Adventure Tour<\/strong> aan, omdat die zeer geschikt is voor jonge mensen en koppels op huwelijksreis om samen kwaliteitstijd door te brengen, naar de zonsondergang te kijken vanachter de bergen en prachtige foto&#8217;s te maken.<\/p>\n<p>Als je op zoek bent naar de activiteiten die een grote adrenalinekick geven, dan raad ik je de <strong>Woestijn Super Safari Excursies<\/strong> aan om met een 4&#215;4 voertuig door de woestijn te rijden omdat het je zal helpen om een grote <strong>adrenalinekick<\/strong> te krijgen.<\/p>\n<p>We bieden ook andere tochten die geschikt zijn voor gezinnen, kinderen en senioren, waaronder 5 uur <strong>Mega Safari<\/strong> en 3 uur <strong>Duinbuggy Tour<\/strong> vanuit Makadi Bay voor je gemak en om een onderscheidend niveau van dienstverlening te bieden.<\/p>\n<p><strong>Super Jeepsafari vanuit <\/strong><strong>Makadi Baai<\/strong> <strong>Bijzonderheden:<\/strong><\/p>\n<ul>\n<li>Beschikbaarheid tour: Elke dag.<\/li>\n<li>Type tour: Groep.<\/li>\n<li>Pick Up Time: Start vanaf 11:45 AM..<\/li>\n<li>Pick off Time: 19:00.<\/li>\n<li>Duur: 7 uur.<\/li>\n<\/ul>\n<p><strong>Reserveer nu en betaal later:<\/strong><\/p>\n<ul>\n<li>Contant geld ter plaatse om te begeleiden.<\/li>\n<li>Betaling in Egyptische ponden, $, \u20ac of \u00a3.<\/li>\n<\/ul>\n<p><strong>Programmabeschrijving:<\/strong><\/p>\n<p><strong>12:00 uur<\/strong><\/p>\n<ul>\n<li>Ophalen van je hotel in Makadi Bay.<\/li>\n<li>Tijd tussen je hotel in Makadi Bay en het safaristation = 10-20 min.<\/li>\n<\/ul>\n<p><strong>12:50 uur<\/strong><\/p>\n<ul>\n<li>De Gids legt uit hoe je Quad motoren moet besturen.<\/li>\n<li>De gids helpt je bij het opzetten van de helm.<\/li>\n<\/ul>\n<p><strong>13:00 uur<\/strong><\/p>\n<p>45 min Rijden op Quad Bikes.<\/p>\n<p><strong>14:00 uur<\/strong><\/p>\n<p>20 min Rijden met Spider auto.<\/p>\n<p><strong>15:00 uur tot 15:30 uur<\/strong><\/p>\n<p>Rijden met 4\u00d74 WD Jeep naar het bedoe\u00efenendorp.<\/p>\n<p><strong>15:30 uur<\/strong><\/p>\n<ul>\n<li>Aankomst in bedoe\u00efenendorp<\/li>\n<li>Kameelrijden.<\/li>\n<li>Bedoe\u00efenenthee drinken<\/li>\n<li>Zien hoe het bedoe\u00efenenbrood in de bergen wordt gemaakt.<\/li>\n<li>De bergen beklimmen en de bergen van de Rode Zee en de woestijn bekijken, een prachtig en magisch uitzicht dat avontuur verdient en dan beginnen aan de complete Hurghada Bedoe\u00efenen Woestijnsafari Tour.<\/li>\n<\/ul>\n<p><strong>16:15 uur<\/strong><\/p>\n<ul>\n<li>Begin te rijden met <strong>4\u00d74 WD Jeep<\/strong>.<\/li>\n<li>Stop 10 minuten om naar de <strong>zonsondergang achter de bergen <\/strong>te kijken en maak foto&#8217;s van bijzondere en onvergetelijke momenten.<\/li>\n<\/ul>\n<p><strong>17:00 uur<\/strong><\/p>\n<p>BBQ diner &amp; oosterse show<\/p>\n<p><strong>19:00 uur<\/strong><\/p>\n<p>Terugkeer naar je hotel in Makadi Bay.<\/p>\n<p><strong>Annuleringsvoorwaarden:<\/strong><\/p>\n<ul>\n<li>Je kunt tot 24 uur van tevoren annuleren.<\/li>\n<li>Wanneer iemand van je familie de ochtend annuleert, betaal je 50% van de kosten.<\/li>\n<\/ul>\n<p><strong>Wat is inbegrepen?<\/strong><\/p>\n<ul>\n<li>Transfer van Makadi Bay Hotels &#8220;Ophalen en wegbrengen van hotel&#8221;.<\/li>\n<li>Alle belastingen, entreegelden en administratiekosten.<\/li>\n<li>Transfers.<\/li>\n<li>Reisleiding.<\/li>\n<li>Helm.<\/li>\n<\/ul>\n<p><strong>Uitsluitingen?<\/strong><\/p>\n<ul>\n<li>Sjaal<\/li>\n<li>Veiligheidsbril<\/li>\n<li>Fooien.<\/li>\n<li>Fotografie voor de reis.<\/li>\n<li>Extra&#8217;s die niet worden genoemd.<\/li>\n<\/ul>\n<p><strong>Prijzen:<\/strong><\/p>\n<ul>\n<li><strong>Prijs volwassenen = 35$ per persoon<\/strong>.<\/li>\n<li>Prijs voor kinderen &#8220;5-12\u2033= 50%.<\/li>\n<li>voor kinderen &#8220;0-5\u2033= gratis.<\/li>\n<\/ul>\n<p><strong>Beoordelingen:<\/strong><\/p>\n<p>bekijk onze Google Map beoordelingen als beste <a href=\"https:\/\/g.page\/r\/CUeYvkngP3wkEBM\/review\">touroperator in Hurghada<\/a> online in <a href=\"https:\/\/hurghadalovers.com\/\">Hurghada<\/a> Egypte.<\/p>\n<p>&nbsp;<\/p>\n<p><strong>Boeken:<\/strong><\/p>\n<p>Stuur hotel + kamernummer + fotopaspoorten naar WhatsApp: <strong>+201112596434<\/strong><\/p>\n<p>Als je uit Egypte Boek nu online en bevestig wanneer aankomst Hotel.<\/p>\n<p><strong>Waarom zou je voor <\/strong><strong>Hurghada Excursions <\/strong><strong>Lovers kiezen om een Jeep Safari Tour vanuit de resorts in Makadi Bay te boeken?<\/strong><\/p>\n<ul>\n<li><strong>Reserveringen voor de Jeep Safari Trips <\/strong>kunnen dagelijks worden gemaakt en alle trips vinden dagelijks plaats<strong>.<\/strong><\/li>\n<li>Ons doel is dat je geniet van de<strong> 4\u00d74 WD Jeep Safari Hurghada Trip <\/strong>en niet het geld en we behandelen en helpen je als \u00e9\u00e9n familie<strong>.<\/strong><\/li>\n<li>Concurrerende prijzen.<\/li>\n<li>Professioneel in de omgang.<\/li>\n<li>Naleving van kwaliteitsnormen voor toerisme en andere.<\/li>\n<li>Je kunt de beoordeling en opmerkingen van toeristen bekijken via ons offici\u00eble account op Google Map als Beste Reisbureau in Hurghada.<\/li>\n<li>Ons doel is om je <strong>HAPPY EN BLIJ<\/strong> te maken, niet om geld te verdienen.<\/li>\n<\/ul>\n<p><strong>Veelgestelde vragen:<\/strong><\/p>\n<p><strong>Hoe is het leven van de bedoe\u00efenen in de woestijn?<\/strong><\/p>\n<p>Bedoe\u00efenen zijn voor het bepalen van de richting in de woestijn afhankelijk van de sterren &#8217;s nachts en de richting van de zonnestralen overdag. De bedoe\u00efenen leiden een zeer moeizaam leven als gevolg van de wind en het zand en de afwezigheid van dammen, naast de voortdurende verplaatsing van de ene plaats naar de andere op zoek naar een bron van voedsel en water.<\/p>\n<p>De bedoe\u00efenen zijn afhankelijk van het houden van vee, kamelen, geiten en schapen om melk en vlees te verkrijgen voor het bereiden van de lunch en het avondeten door direct boven het vuur te grillen.<\/p>\n<p><strong>Wat eten bedoe\u00efenen over het algemeen?<\/strong><\/p>\n<p>Bedoe\u00efenenbrood bestaande uit melk en water is \u00e9\u00e9n van de dagelijkse voedingsmiddelen naast geiten- en schapenvlees. Er zijn enkele maaltijden zoals meelballetjes, het koken van tarwekorrels en het mengen daarvan met vellen saj brood en het maken van kaas van de melk van runderen en kamelen.<\/p>\n<p>&nbsp;<\/p>\n<p>&nbsp;<\/p>\n<p>&nbsp;<\/p>\n","protected":false},"excerpt":{"rendered":"<p><strong>Makadi Bay Super Jeep Safari Tocht<\/strong> door de woestijn met ATV Quad Bike, Spider Car en 4\u00d74 auto naar bedoe\u00efenendorp met kameeltocht en aansluitend BBQ-diner + traditionele show.<\/p>\n","protected":false},"featured_media":935234,"template":"","meta":{"_joinchat":[]},"product_brand":[],"product_cat":[29382],"product_tag":[51995,52001],"class_list":{"0":"post-389255","1":"product","2":"type-product","3":"status-publish","4":"has-post-thumbnail","6":"product_cat-reizen-egypte","7":"product_tag-buggytour-makadi-baai","8":"product_tag-safari-makadi-baai","9":"tour_category-makadi-bay-excursies","10":"tour_category-woestijnsafari-in-makadi-bay","12":"first","13":"instock","14":"sale","15":"shipping-taxable","16":"purchasable","17":"product-type-tour"},"yoast_head":"<!-- This site is optimized with the Yoast SEO Premium plugin v26.9 (Yoast SEO v27.2) - https:\/\/yoast.com\/product\/yoast-seo-premium-wordpress\/ -->\n<title>Jeep Safari Tour vanuit Makadi Bay Woestijnsafari met ATV<\/title>\n<meta name=\"description\" content=\"Jeep Safari Tour vanuit Makadi Bay woestijn met ATV Quad Bike, Spider Car en 4\u00d74 auto naar bedoe\u00efenendorp met kamelentocht en aansluitend BBQ-diner + show.\" \/>\n<meta name=\"robots\" content=\"index, follow, max-snippet:-1, max-image-preview:large, max-video-preview:-1\" \/>\n<link rel=\"canonical\" href=\"https:\/\/hurghadalovers.com\/nl\/tours\/makadi-bay-super-jeep-safari-trip\/\" \/>\n<meta property=\"og:locale\" content=\"nl_NL\" \/>\n<meta property=\"og:type\" content=\"article\" \/>\n<meta property=\"og:title\" content=\"Jeep Safari Tour vanuit Makadi Bay\" \/>\n<meta property=\"og:description\" content=\"Jeep Safari Tour vanuit Makadi Bay woestijn met ATV Quad Bike, Spider Car en 4\u00d74 auto naar bedoe\u00efenendorp met kamelentocht en aansluitend BBQ-diner + show.\" \/>\n<meta property=\"og:url\" content=\"https:\/\/hurghadalovers.com\/nl\/tours\/makadi-bay-super-jeep-safari-trip\/\" \/>\n<meta property=\"og:site_name\" content=\"Hurghada Excursions &amp; Day Trips | Booking Best Prices Tours\" \/>\n<meta property=\"article:publisher\" content=\"https:\/\/www.facebook.com\/Hurghadaloversegypt\" \/>\n<meta property=\"article:modified_time\" content=\"2026-02-08T05:40:11+00:00\" \/>\n<meta property=\"og:image\" content=\"https:\/\/hurghadalovers.com\/wp-content\/uploads\/2023\/08\/Soma-bay-Private-Quad-Bike-Tour-2025.jpeg\" \/>\n\t<meta property=\"og:image:width\" content=\"1156\" \/>\n\t<meta property=\"og:image:height\" content=\"521\" \/>\n\t<meta property=\"og:image:type\" content=\"image\/jpeg\" \/>\n<meta name=\"twitter:card\" content=\"summary_large_image\" \/>\n<meta name=\"twitter:label1\" content=\"Prijs\" \/>\n\t<meta name=\"twitter:data1\" content=\"&euro;&nbsp;40\" \/>\n\t<meta name=\"twitter:label2\" content=\"Beschikbaarheid\" \/>\n\t<meta name=\"twitter:data2\" content=\"Op voorraad\" \/>\n<script type=\"application\/ld+json\" class=\"yoast-schema-graph\">{\"@context\":\"https:\/\/schema.org\",\"@graph\":[{\"@type\":[\"WebPage\",\"ItemPage\"],\"@id\":\"https:\/\/hurghadalovers.com\/nl\/tours\/makadi-bay-super-jeep-safari-trip\/\",\"url\":\"https:\/\/hurghadalovers.com\/nl\/tours\/makadi-bay-super-jeep-safari-trip\/\",\"name\":\"Jeep Safari Tour vanuit Makadi Bay Woestijnsafari met ATV\",\"isPartOf\":{\"@id\":\"https:\/\/hurghadalovers.com\/nl\/#website\"},\"primaryImageOfPage\":{\"@id\":\"https:\/\/hurghadalovers.com\/nl\/tours\/makadi-bay-super-jeep-safari-trip\/#primaryimage\"},\"image\":{\"@id\":\"https:\/\/hurghadalovers.com\/nl\/tours\/makadi-bay-super-jeep-safari-trip\/#primaryimage\"},\"thumbnailUrl\":\"https:\/\/hurghadalovers.com\/wp-content\/uploads\/2023\/08\/Soma-bay-Private-Quad-Bike-Tour-2025.jpeg\",\"datePublished\":\"2023-08-30T14:07:24+00:00\",\"dateModified\":\"2026-02-08T05:40:11+00:00\",\"description\":\"Jeep Safari Tour vanuit Makadi Bay woestijn met ATV Quad Bike, Spider Car en 4\u00d74 auto naar bedoe\u00efenendorp met kamelentocht en aansluitend BBQ-diner + show.\",\"breadcrumb\":{\"@id\":\"https:\/\/hurghadalovers.com\/nl\/tours\/makadi-bay-super-jeep-safari-trip\/#breadcrumb\"},\"inLanguage\":\"nl-NL\",\"potentialAction\":[{\"@type\":\"ReadAction\",\"target\":[\"https:\/\/hurghadalovers.com\/nl\/tours\/makadi-bay-super-jeep-safari-trip\/\"]}]},{\"@type\":\"ImageObject\",\"inLanguage\":\"nl-NL\",\"@id\":\"https:\/\/hurghadalovers.com\/nl\/tours\/makadi-bay-super-jeep-safari-trip\/#primaryimage\",\"url\":\"https:\/\/hurghadalovers.com\/wp-content\/uploads\/2023\/08\/Soma-bay-Private-Quad-Bike-Tour-2025.jpeg\",\"contentUrl\":\"https:\/\/hurghadalovers.com\/wp-content\/uploads\/2023\/08\/Soma-bay-Private-Quad-Bike-Tour-2025.jpeg\",\"width\":1156,\"height\":521,\"caption\":\"Soma bay Private Quad Bike Tour 2025\"},{\"@type\":\"BreadcrumbList\",\"@id\":\"https:\/\/hurghadalovers.com\/nl\/tours\/makadi-bay-super-jeep-safari-trip\/#breadcrumb\",\"itemListElement\":[{\"@type\":\"ListItem\",\"position\":1,\"name\":\"Home\",\"item\":\"https:\/\/hurghadalovers.com\/nl\/\"},{\"@type\":\"ListItem\",\"position\":2,\"name\":\"Winkel\",\"item\":\"https:\/\/hurghadalovers.com\/nl\/winkel\/\"},{\"@type\":\"ListItem\",\"position\":3,\"name\":\"Jeep Safari Tour vanuit Makadi Bay\"}]},{\"@type\":\"WebSite\",\"@id\":\"https:\/\/hurghadalovers.com\/nl\/#website\",\"url\":\"https:\/\/hurghadalovers.com\/nl\/\",\"name\":\"Hurghada Excursions & Day Trips | Booking Best Prices Tours\",\"description\":\"Hurghada Lovers - Best Tour Operator - Excursions &amp; Things to do for Family Day Trips with kids and Couples Romantic. Unique .Hidden gems\",\"publisher\":{\"@id\":\"https:\/\/hurghadalovers.com\/nl\/#organization\"},\"alternateName\":\"Hurghada Excursions\",\"potentialAction\":[{\"@type\":\"SearchAction\",\"target\":{\"@type\":\"EntryPoint\",\"urlTemplate\":\"https:\/\/hurghadalovers.com\/nl\/?s={search_term_string}\"},\"query-input\":{\"@type\":\"PropertyValueSpecification\",\"valueRequired\":true,\"valueName\":\"search_term_string\"}}],\"inLanguage\":\"nl-NL\"},{\"@type\":[\"Organization\",\"Place\",\"TravelAgency\"],\"@id\":\"https:\/\/hurghadalovers.com\/nl\/#organization\",\"name\":\"Hurghada Excursions\",\"url\":\"https:\/\/hurghadalovers.com\/nl\/\",\"logo\":{\"@id\":\"https:\/\/hurghadalovers.com\/nl\/tours\/makadi-bay-super-jeep-safari-trip\/#local-main-organization-logo\"},\"image\":{\"@id\":\"https:\/\/hurghadalovers.com\/nl\/tours\/makadi-bay-super-jeep-safari-trip\/#local-main-organization-logo\"},\"sameAs\":[\"https:\/\/www.facebook.com\/Hurghadaloversegypt\"],\"address\":{\"@id\":\"https:\/\/hurghadalovers.com\/nl\/tours\/makadi-bay-super-jeep-safari-trip\/#local-main-place-address\"},\"telephone\":[\"00201112596434\"],\"contactPoint\":{\"@type\":\"ContactPoint\",\"telephone\":\"00201112596434\",\"email\":\"weyouface@gmail.com\"},\"openingHoursSpecification\":{\"@type\":\"OpeningHoursSpecification\",\"dayOfWeek\":[\"Monday\",\"Tuesday\",\"Wednesday\",\"Thursday\",\"Friday\",\"Saturday\",\"Sunday\"],\"opens\":\"00:00\",\"closes\":\"23:59\"},\"email\":\"weyouface@gmail.com\",\"areaServed\":\"Luxor, Hurghada, El Gouna, Aswan, Sharm El Sheikh, Giza, Alexandria, Marsa Alam, Quseir, Soma Bay, Sahl Hasheesh, Red Sea, Makadi Bay, Cairo\",\"priceRange\":\"$\",\"currenciesAccepted\":\"euro\",\"paymentAccepted\":\"cash on site\"},{\"@type\":\"PostalAddress\",\"@id\":\"https:\/\/hurghadalovers.com\/nl\/tours\/makadi-bay-super-jeep-safari-trip\/#local-main-place-address\",\"streetAddress\":\"17 Banks street, Alkawther area, top nbk bank\",\"addressLocality\":\"hurghada\",\"postalCode\":\"84511\",\"addressRegion\":\"red sea\",\"addressCountry\":\"EG\"},{\"@type\":\"ImageObject\",\"inLanguage\":\"nl-NL\",\"@id\":\"https:\/\/hurghadalovers.com\/nl\/tours\/makadi-bay-super-jeep-safari-trip\/#local-main-organization-logo\",\"url\":\"https:\/\/hurghadalovers.com\/wp-content\/uploads\/2019\/10\/hurghada-excursions-logo.png\",\"contentUrl\":\"https:\/\/hurghadalovers.com\/wp-content\/uploads\/2019\/10\/hurghada-excursions-logo.png\",\"width\":272,\"height\":90,\"caption\":\"Hurghada Excursions\"}]}<\/script>\n<meta property=\"product:brand\" content=\"Makadi bay Excursies\" \/>\n<meta property=\"product:price:amount\" content=\"40\" \/>\n<meta property=\"product:price:currency\" content=\"EUR\" \/>\n<meta property=\"og:availability\" content=\"instock\" \/>\n<meta property=\"product:availability\" content=\"instock\" \/>\n<meta property=\"product:retailer_item_id\" content=\"Makadi042024\" \/>\n<meta property=\"product:condition\" content=\"new\" \/>\n<meta name=\"geo.placename\" content=\"hurghada\" \/>\n<meta name=\"geo.region\" content=\"Egypte\" \/>\n<!-- \/ Yoast SEO Premium plugin. -->","yoast_head_json":{"title":"Jeep Safari Tour vanuit Makadi Bay Woestijnsafari met ATV","description":"Jeep Safari Tour vanuit Makadi Bay woestijn met ATV Quad Bike, Spider Car en 4\u00d74 auto naar bedoe\u00efenendorp met kamelentocht en aansluitend BBQ-diner + show.","robots":{"index":"index","follow":"follow","max-snippet":"max-snippet:-1","max-image-preview":"max-image-preview:large","max-video-preview":"max-video-preview:-1"},"canonical":"https:\/\/hurghadalovers.com\/nl\/tours\/makadi-bay-super-jeep-safari-trip\/","og_locale":"nl_NL","og_type":"article","og_title":"Jeep Safari Tour vanuit Makadi Bay","og_description":"Jeep Safari Tour vanuit Makadi Bay woestijn met ATV Quad Bike, Spider Car en 4\u00d74 auto naar bedoe\u00efenendorp met kamelentocht en aansluitend BBQ-diner + show.","og_url":"https:\/\/hurghadalovers.com\/nl\/tours\/makadi-bay-super-jeep-safari-trip\/","og_site_name":"Hurghada Excursions &amp; Day Trips | Booking Best Prices Tours","article_publisher":"https:\/\/www.facebook.com\/Hurghadaloversegypt","article_modified_time":"2026-02-08T05:40:11+00:00","og_image":[{"width":1156,"height":521,"url":"https:\/\/hurghadalovers.com\/wp-content\/uploads\/2023\/08\/Soma-bay-Private-Quad-Bike-Tour-2025.jpeg","type":"image\/jpeg"}],"twitter_card":"summary_large_image","twitter_misc":{"Prijs":"&euro;&nbsp;40","Beschikbaarheid":"Op voorraad"},"schema":{"@context":"https:\/\/schema.org","@graph":[{"@type":["WebPage","ItemPage"],"@id":"https:\/\/hurghadalovers.com\/nl\/tours\/makadi-bay-super-jeep-safari-trip\/","url":"https:\/\/hurghadalovers.com\/nl\/tours\/makadi-bay-super-jeep-safari-trip\/","name":"Jeep Safari Tour vanuit Makadi Bay Woestijnsafari met ATV","isPartOf":{"@id":"https:\/\/hurghadalovers.com\/nl\/#website"},"primaryImageOfPage":{"@id":"https:\/\/hurghadalovers.com\/nl\/tours\/makadi-bay-super-jeep-safari-trip\/#primaryimage"},"image":{"@id":"https:\/\/hurghadalovers.com\/nl\/tours\/makadi-bay-super-jeep-safari-trip\/#primaryimage"},"thumbnailUrl":"https:\/\/hurghadalovers.com\/wp-content\/uploads\/2023\/08\/Soma-bay-Private-Quad-Bike-Tour-2025.jpeg","datePublished":"2023-08-30T14:07:24+00:00","dateModified":"2026-02-08T05:40:11+00:00","description":"Jeep Safari Tour vanuit Makadi Bay woestijn met ATV Quad Bike, Spider Car en 4\u00d74 auto naar bedoe\u00efenendorp met kamelentocht en aansluitend BBQ-diner + show.","breadcrumb":{"@id":"https:\/\/hurghadalovers.com\/nl\/tours\/makadi-bay-super-jeep-safari-trip\/#breadcrumb"},"inLanguage":"nl-NL","potentialAction":[{"@type":"ReadAction","target":["https:\/\/hurghadalovers.com\/nl\/tours\/makadi-bay-super-jeep-safari-trip\/"]}]},{"@type":"ImageObject","inLanguage":"nl-NL","@id":"https:\/\/hurghadalovers.com\/nl\/tours\/makadi-bay-super-jeep-safari-trip\/#primaryimage","url":"https:\/\/hurghadalovers.com\/wp-content\/uploads\/2023\/08\/Soma-bay-Private-Quad-Bike-Tour-2025.jpeg","contentUrl":"https:\/\/hurghadalovers.com\/wp-content\/uploads\/2023\/08\/Soma-bay-Private-Quad-Bike-Tour-2025.jpeg","width":1156,"height":521,"caption":"Soma bay Private Quad Bike Tour 2025"},{"@type":"BreadcrumbList","@id":"https:\/\/hurghadalovers.com\/nl\/tours\/makadi-bay-super-jeep-safari-trip\/#breadcrumb","itemListElement":[{"@type":"ListItem","position":1,"name":"Home","item":"https:\/\/hurghadalovers.com\/nl\/"},{"@type":"ListItem","position":2,"name":"Winkel","item":"https:\/\/hurghadalovers.com\/nl\/winkel\/"},{"@type":"ListItem","position":3,"name":"Jeep Safari Tour vanuit Makadi Bay"}]},{"@type":"WebSite","@id":"https:\/\/hurghadalovers.com\/nl\/#website","url":"https:\/\/hurghadalovers.com\/nl\/","name":"Hurghada Excursions & Day Trips | Booking Best Prices Tours","description":"Hurghada Lovers - Best Tour Operator - Excursions &amp; Things to do for Family Day Trips with kids and Couples Romantic. Unique .Hidden gems","publisher":{"@id":"https:\/\/hurghadalovers.com\/nl\/#organization"},"alternateName":"Hurghada Excursions","potentialAction":[{"@type":"SearchAction","target":{"@type":"EntryPoint","urlTemplate":"https:\/\/hurghadalovers.com\/nl\/?s={search_term_string}"},"query-input":{"@type":"PropertyValueSpecification","valueRequired":true,"valueName":"search_term_string"}}],"inLanguage":"nl-NL"},{"@type":["Organization","Place","TravelAgency"],"@id":"https:\/\/hurghadalovers.com\/nl\/#organization","name":"Hurghada Excursions","url":"https:\/\/hurghadalovers.com\/nl\/","logo":{"@id":"https:\/\/hurghadalovers.com\/nl\/tours\/makadi-bay-super-jeep-safari-trip\/#local-main-organization-logo"},"image":{"@id":"https:\/\/hurghadalovers.com\/nl\/tours\/makadi-bay-super-jeep-safari-trip\/#local-main-organization-logo"},"sameAs":["https:\/\/www.facebook.com\/Hurghadaloversegypt"],"address":{"@id":"https:\/\/hurghadalovers.com\/nl\/tours\/makadi-bay-super-jeep-safari-trip\/#local-main-place-address"},"telephone":["00201112596434"],"contactPoint":{"@type":"ContactPoint","telephone":"00201112596434","email":"weyouface@gmail.com"},"openingHoursSpecification":{"@type":"OpeningHoursSpecification","dayOfWeek":["Monday","Tuesday","Wednesday","Thursday","Friday","Saturday","Sunday"],"opens":"00:00","closes":"23:59"},"email":"weyouface@gmail.com","areaServed":"Luxor, Hurghada, El Gouna, Aswan, Sharm El Sheikh, Giza, Alexandria, Marsa Alam, Quseir, Soma Bay, Sahl Hasheesh, Red Sea, Makadi Bay, Cairo","priceRange":"$","currenciesAccepted":"euro","paymentAccepted":"cash on site"},{"@type":"PostalAddress","@id":"https:\/\/hurghadalovers.com\/nl\/tours\/makadi-bay-super-jeep-safari-trip\/#local-main-place-address","streetAddress":"17 Banks street, Alkawther area, top nbk bank","addressLocality":"hurghada","postalCode":"84511","addressRegion":"red sea","addressCountry":"EG"},{"@type":"ImageObject","inLanguage":"nl-NL","@id":"https:\/\/hurghadalovers.com\/nl\/tours\/makadi-bay-super-jeep-safari-trip\/#local-main-organization-logo","url":"https:\/\/hurghadalovers.com\/wp-content\/uploads\/2019\/10\/hurghada-excursions-logo.png","contentUrl":"https:\/\/hurghadalovers.com\/wp-content\/uploads\/2019\/10\/hurghada-excursions-logo.png","width":272,"height":90,"caption":"Hurghada Excursions"}]},"product_brand":"Makadi bay Excursies","product_price_amount":"40","product_price_currency":"EUR","og_availability":"instock","product_availability":"instock","product_retailer_item_id":"Makadi042024","product_condition":"new","geo.placename":"hurghada","geo.region":"Egypte"},"_links":{"self":[{"href":"https:\/\/hurghadalovers.com\/nl\/wp-json\/wp\/v2\/product\/389255","targetHints":{"allow":["GET"]}}],"collection":[{"href":"https:\/\/hurghadalovers.com\/nl\/wp-json\/wp\/v2\/product"}],"about":[{"href":"https:\/\/hurghadalovers.com\/nl\/wp-json\/wp\/v2\/types\/product"}],"wp:featuredmedia":[{"embeddable":true,"href":"https:\/\/hurghadalovers.com\/nl\/wp-json\/wp\/v2\/media\/935234"}],"wp:attachment":[{"href":"https:\/\/hurghadalovers.com\/nl\/wp-json\/wp\/v2\/media?parent=389255"}],"wp:term":[{"taxonomy":"product_brand","embeddable":true,"href":"https:\/\/hurghadalovers.com\/nl\/wp-json\/wp\/v2\/product_brand?post=389255"},{"taxonomy":"product_cat","embeddable":true,"href":"https:\/\/hurghadalovers.com\/nl\/wp-json\/wp\/v2\/product_cat?post=389255"},{"taxonomy":"product_tag","embeddable":true,"href":"https:\/\/hurghadalovers.com\/nl\/wp-json\/wp\/v2\/product_tag?post=389255"}],"curies":[{"name":"wp","href":"https:\/\/api.w.org\/{rel}","templated":true}]}}