{"id":383763,"date":"2023-08-26T15:26:29","date_gmt":"2023-08-26T15:26:29","guid":{"rendered":"https:\/\/hurghadalovers.com\/shop\/niet-gecategoriseerd\/prive-soma-baai-excursies-naar-luxor-aswan-2-dagen\/"},"modified":"2026-02-08T19:48:26","modified_gmt":"2026-02-08T19:48:26","slug":"prive-soma-baai-excursie-naar-luxor-aswan-2-dagen","status":"publish","type":"product","link":"https:\/\/hurghadalovers.com\/nl\/tours\/prive-soma-baai-excursie-naar-luxor-aswan-2-dagen\/","title":{"rendered":"Priv\u00e9 Soma baai excursies naar Luxor &amp; Aswan &#8211; 2 dagen"},"content":{"rendered":"<p><strong>Priv\u00e9 <\/strong><strong>Soma baai<\/strong> <strong>excursies naar Luxor<\/strong> &amp; Aswan &#8211; 2 dagen met priv\u00e9 gids, tickets en lunch.<\/p>\n<p>Ontdek de geheimen van de koningen van de farao&#8217;s tijdens een tweedaagse tour naar de bezienswaardigheden van de oude stad Luxor en Aswan en leer meer over de feiten en geschiedenis van de oude beschaving van Egypte, de geheimen van koning Toetanchamon, koning Ramses II en nog veel meer.<\/p>\n<p><strong>Hoogtepunten:<\/strong><\/p>\n<ul>\n<li>Karnak Tempel.<\/li>\n<li>Kolossen van Memnon.<\/li>\n<li>Mortuarium Tempel van Hatsjepsoet.<\/li>\n<li>3 Graven in de Vallei der Koningen .<\/li>\n<li>De Tempel van Philae.<\/li>\n<li>De onvoltooide Obelisk.<\/li>\n<li>De Hoge Dam.<\/li>\n<li>Lunch in restaurant &#8220;Vegetari\u00ebrs eten is mogelijk&#8221;.<\/li>\n<\/ul>\n<p><strong>Priv\u00e9 <\/strong><strong>Soma baai<\/strong> <strong>Excursies naar Luxor &amp; &amp; Aswan Details:<\/strong><\/p>\n<ul>\n<li>Beschikbaarheid tour: Elke dag.<\/li>\n<li>Type tour: Prive met auto of minibus.<\/li>\n<li>Pick Up Time: Start vanaf 05:30 A.M.<\/li>\n<li>Hotel vragen om &#8217;s ochtends je ontbijttasje mee te nemen.<\/li>\n<li>Pick off Time: 19:00.<\/li>\n<li>Toegankelijk voor rolstoelen.<\/li>\n<li>Duur: 2 Dagen \/ 1 Nacht.<\/li>\n<\/ul>\n<p><strong>Reserveer nu en betaal later:<\/strong><\/p>\n<ul>\n<li>Contant geld ter plaatse om te begeleiden.<\/li>\n<li>Betaling in Egyptische ponden, $, \u20ac of \u00a3.<\/li>\n<\/ul>\n<p><strong>Annuleringsvoorwaarden:<\/strong><\/p>\n<ul>\n<li>Je kunt tot 24 uur van tevoren annuleren.<\/li>\n<li>Wanneer iemand van je familie de ochtend annuleert, betaal je 50% van de kosten.<\/li>\n<\/ul>\n<p><strong>Wat is inbegrepen?<\/strong><\/p>\n<ul>\n<li>Transfer van Soma bay Hotels &#8220;Hotel pick up and drop off&#8221;.<\/li>\n<li>Alle belastingen, entreegelden en administratiekosten.<\/li>\n<li>Transfers.<\/li>\n<li>Reisleiding.<\/li>\n<li>Een overnachting in een hotel met ontbijt.<\/li>\n<li>Drankjes.<\/li>\n<li>2 keer lunch in restaurant.<\/li>\n<\/ul>\n<p><strong>Uitsluitingen?<\/strong><\/p>\n<ul>\n<li>Fooien.<\/li>\n<li>Extra&#8217;s die niet worden genoemd.<\/li>\n<\/ul>\n<p><strong>Prijzen:<\/strong><\/p>\n<ul>\n<li><strong>Prijs volwassenen = vanaf<\/strong><strong>280$ per persoon<\/strong>.<\/li>\n<li>Prijs voor kinderen &#8220;5-12\u2033= 50%.<\/li>\n<li>voor kinderen &#8220;0-5\u2033= gratis.<\/li>\n<\/ul>\n<p><strong>Beoordelingen:<\/strong><\/p>\n<p>bekijk onze Google Map beoordelingen als beste <a href=\"https:\/\/g.page\/r\/CUeYvkngP3wkEBM\/review\">touroperator in Hurghada<\/a> online in <a href=\"https:\/\/hurghadalovers.com\/\">Hurghada<\/a> Egypte.<\/p>\n<p><strong>Boeken:<\/strong><\/p>\n<p>Stuur hotel + kamernummer + fotopaspoorten naar WhatsApp: <strong>+201112596434<\/strong><\/p>\n<p>Als je uit Egypte Boek nu online en bevestig wanneer aankomst Hotel.<\/p>\n<p>&nbsp;<\/p>\n<p>&nbsp;<\/p>\n","protected":false},"excerpt":{"rendered":"<p>Priv\u00e9 Soma baai excursies naar Luxor &amp; &amp; Aswan &#8211; 2 dagen met priv\u00e9 gids, tickets en lunch. Ontdek de geheimen van de koningen van de farao&#8217;s&#8230; Koning Toetanchamon, Koning Ramses II<\/p>\n","protected":false},"featured_media":491900,"template":"","meta":{"_joinchat":[]},"product_brand":[],"product_cat":[29382],"product_tag":[55528,55682,55702,55786,55802,55380,55387,55604,55554,55538,55571,55596,51905,55791,55676,55580,55797,55670,55545,55563,55686,55588],"class_list":{"0":"post-383763","1":"product","2":"type-product","3":"status-publish","4":"has-post-thumbnail","6":"product_cat-reizen-egypte","7":"product_tag-dagtocht-van-soma-bay-naar-luxor","8":"product_tag-dagtochten-soma-bay","9":"product_tag-dingen-die-je-met-je-gezin-kunt-doen-vanuit-soma-bay","10":"product_tag-dingen-om-te-doen-in-soma-bay","11":"product_tag-dingen-om-te-doen-in-soma-bay-voor-koppels","12":"product_tag-dingen-om-te-doen-met-babys-vanuit-soma-bay","13":"product_tag-goedkope-gezinsuitstapjes-vanuit-soma-bay","14":"product_tag-luchtballon-soma-bay","15":"product_tag-luxor-dagtour-vanuit-soma-bay","16":"product_tag-luxor-reis-vanuit-soma-bay","17":"product_tag-luxor-tour-vanuit-soma-bay","18":"product_tag-prive-luxor-tour-vanuit-soma-bay","19":"product_tag-prive-tours-in-luxor","20":"product_tag-romantische-dingen-om-te-doen-vanuit-soma-bay","21":"product_tag-soma-baai-activiteiten","22":"product_tag-soma-baai-naar-vallei-der-koningen","23":"product_tag-soma-bay-activiteiten-voor-koppels","24":"product_tag-soma-bay-excursies","25":"product_tag-soma-bay-naar-luxor-bus","26":"product_tag-soma-bay-reizen-naar-luxor","27":"product_tag-soma-bay-wat-te-doen","28":"product_tag-transfer-van-luxor-naar-soma-bay","29":"tour_category-dagtrips-luxor-vanuit-soma-bay","30":"tour_category-soma-bay-excursies","32":"first","33":"instock","34":"sale","35":"shipping-taxable","36":"purchasable","37":"product-type-tour"},"yoast_head":"<!-- This site is optimized with the Yoast SEO Premium plugin v26.9 (Yoast SEO v27.2) - https:\/\/yoast.com\/product\/yoast-seo-premium-wordpress\/ -->\n<title>Priv\u00e9 Soma baai excursies naar Luxor &amp; Aswan - 2 dagen<\/title>\n<meta name=\"description\" content=\"Priv\u00e9 Soma baai excursies naar Luxor &amp; &amp; Aswan - 2 dagen met priv\u00e9 gids, tickets en lunch. Ontdek de geheimen van de koningen van de farao&#039;s...\" \/>\n<meta name=\"robots\" content=\"index, follow, max-snippet:-1, max-image-preview:large, max-video-preview:-1\" \/>\n<link rel=\"canonical\" href=\"https:\/\/hurghadalovers.com\/nl\/tours\/prive-soma-baai-excursie-naar-luxor-aswan-2-dagen\/\" \/>\n<meta property=\"og:locale\" content=\"nl_NL\" \/>\n<meta property=\"og:type\" content=\"article\" \/>\n<meta property=\"og:title\" content=\"Priv\u00e9 Soma baai excursies naar Luxor &amp; Aswan - 2 dagen\" \/>\n<meta property=\"og:description\" content=\"Priv\u00e9 Soma baai excursies naar Luxor &amp; &amp; Aswan - 2 dagen met priv\u00e9 gids, tickets en lunch. Ontdek de geheimen van de koningen van de farao&#039;s...\" \/>\n<meta property=\"og:url\" content=\"https:\/\/hurghadalovers.com\/nl\/tours\/prive-soma-baai-excursie-naar-luxor-aswan-2-dagen\/\" \/>\n<meta property=\"og:site_name\" content=\"Hurghada Excursions &amp; Day Trips | Booking Best Prices Tours\" \/>\n<meta property=\"article:publisher\" content=\"https:\/\/www.facebook.com\/Hurghadaloversegypt\" \/>\n<meta property=\"article:modified_time\" content=\"2026-02-08T19:48:26+00:00\" \/>\n<meta property=\"og:image\" content=\"https:\/\/hurghadalovers.com\/wp-content\/uploads\/2023\/08\/Mazos-grupes-dienos-ekskursija-i-Luksora-is-Hurgados.jpeg\" \/>\n\t<meta property=\"og:image:width\" content=\"960\" \/>\n\t<meta property=\"og:image:height\" content=\"1280\" \/>\n\t<meta property=\"og:image:type\" content=\"image\/jpeg\" \/>\n<meta name=\"twitter:card\" content=\"summary_large_image\" \/>\n<meta name=\"twitter:label1\" content=\"Prijs\" \/>\n\t<meta name=\"twitter:data1\" content=\"&euro;&nbsp;400\" \/>\n\t<meta name=\"twitter:label2\" content=\"Beschikbaarheid\" \/>\n\t<meta name=\"twitter:data2\" content=\"Op voorraad\" \/>\n<script type=\"application\/ld+json\" class=\"yoast-schema-graph\">{\"@context\":\"https:\/\/schema.org\",\"@graph\":[{\"@type\":[\"WebPage\",\"ItemPage\"],\"@id\":\"https:\/\/hurghadalovers.com\/nl\/tours\/prive-soma-baai-excursie-naar-luxor-aswan-2-dagen\/\",\"url\":\"https:\/\/hurghadalovers.com\/nl\/tours\/prive-soma-baai-excursie-naar-luxor-aswan-2-dagen\/\",\"name\":\"Priv\u00e9 Soma baai excursies naar Luxor & Aswan - 2 dagen\",\"isPartOf\":{\"@id\":\"https:\/\/hurghadalovers.com\/nl\/#website\"},\"primaryImageOfPage\":{\"@id\":\"https:\/\/hurghadalovers.com\/nl\/tours\/prive-soma-baai-excursie-naar-luxor-aswan-2-dagen\/#primaryimage\"},\"image\":{\"@id\":\"https:\/\/hurghadalovers.com\/nl\/tours\/prive-soma-baai-excursie-naar-luxor-aswan-2-dagen\/#primaryimage\"},\"thumbnailUrl\":\"https:\/\/hurghadalovers.com\/wp-content\/uploads\/2023\/08\/Mazos-grupes-dienos-ekskursija-i-Luksora-is-Hurgados.jpeg\",\"datePublished\":\"2023-08-26T15:26:29+00:00\",\"dateModified\":\"2026-02-08T19:48:26+00:00\",\"description\":\"Priv\u00e9 Soma baai excursies naar Luxor & & Aswan - 2 dagen met priv\u00e9 gids, tickets en lunch. Ontdek de geheimen van de koningen van de farao's...\",\"breadcrumb\":{\"@id\":\"https:\/\/hurghadalovers.com\/nl\/tours\/prive-soma-baai-excursie-naar-luxor-aswan-2-dagen\/#breadcrumb\"},\"inLanguage\":\"nl-NL\",\"potentialAction\":[{\"@type\":\"ReadAction\",\"target\":[\"https:\/\/hurghadalovers.com\/nl\/tours\/prive-soma-baai-excursie-naar-luxor-aswan-2-dagen\/\"]}]},{\"@type\":\"ImageObject\",\"inLanguage\":\"nl-NL\",\"@id\":\"https:\/\/hurghadalovers.com\/nl\/tours\/prive-soma-baai-excursie-naar-luxor-aswan-2-dagen\/#primaryimage\",\"url\":\"https:\/\/hurghadalovers.com\/wp-content\/uploads\/2023\/08\/Mazos-grupes-dienos-ekskursija-i-Luksora-is-Hurgados.jpeg\",\"contentUrl\":\"https:\/\/hurghadalovers.com\/wp-content\/uploads\/2023\/08\/Mazos-grupes-dienos-ekskursija-i-Luksora-is-Hurgados.jpeg\",\"width\":960,\"height\":1280,\"caption\":\"Maz\u030cos grupe\u0307s dienos ekskursija i\u0328 Luksora\u0328 is\u030c Hurgados\"},{\"@type\":\"BreadcrumbList\",\"@id\":\"https:\/\/hurghadalovers.com\/nl\/tours\/prive-soma-baai-excursie-naar-luxor-aswan-2-dagen\/#breadcrumb\",\"itemListElement\":[{\"@type\":\"ListItem\",\"position\":1,\"name\":\"Home\",\"item\":\"https:\/\/hurghadalovers.com\/nl\/\"},{\"@type\":\"ListItem\",\"position\":2,\"name\":\"Winkel\",\"item\":\"https:\/\/hurghadalovers.com\/nl\/winkel\/\"},{\"@type\":\"ListItem\",\"position\":3,\"name\":\"Priv\u00e9 Soma baai excursies naar Luxor &amp; Aswan &#8211; 2 dagen\"}]},{\"@type\":\"WebSite\",\"@id\":\"https:\/\/hurghadalovers.com\/nl\/#website\",\"url\":\"https:\/\/hurghadalovers.com\/nl\/\",\"name\":\"Hurghada Excursions & Day Trips | Booking Best Prices Tours\",\"description\":\"Hurghada Lovers - Best Tour Operator - Excursions &amp; Things to do for Family Day Trips with kids and Couples Romantic. Unique .Hidden gems\",\"publisher\":{\"@id\":\"https:\/\/hurghadalovers.com\/nl\/#organization\"},\"alternateName\":\"Hurghada Excursions\",\"potentialAction\":[{\"@type\":\"SearchAction\",\"target\":{\"@type\":\"EntryPoint\",\"urlTemplate\":\"https:\/\/hurghadalovers.com\/nl\/?s={search_term_string}\"},\"query-input\":{\"@type\":\"PropertyValueSpecification\",\"valueRequired\":true,\"valueName\":\"search_term_string\"}}],\"inLanguage\":\"nl-NL\"},{\"@type\":[\"Organization\",\"Place\",\"TravelAgency\"],\"@id\":\"https:\/\/hurghadalovers.com\/nl\/#organization\",\"name\":\"Hurghada Excursions\",\"url\":\"https:\/\/hurghadalovers.com\/nl\/\",\"logo\":{\"@id\":\"https:\/\/hurghadalovers.com\/nl\/tours\/prive-soma-baai-excursie-naar-luxor-aswan-2-dagen\/#local-main-organization-logo\"},\"image\":{\"@id\":\"https:\/\/hurghadalovers.com\/nl\/tours\/prive-soma-baai-excursie-naar-luxor-aswan-2-dagen\/#local-main-organization-logo\"},\"sameAs\":[\"https:\/\/www.facebook.com\/Hurghadaloversegypt\"],\"address\":{\"@id\":\"https:\/\/hurghadalovers.com\/nl\/tours\/prive-soma-baai-excursie-naar-luxor-aswan-2-dagen\/#local-main-place-address\"},\"telephone\":[\"00201112596434\"],\"contactPoint\":{\"@type\":\"ContactPoint\",\"telephone\":\"00201112596434\",\"email\":\"weyouface@gmail.com\"},\"openingHoursSpecification\":{\"@type\":\"OpeningHoursSpecification\",\"dayOfWeek\":[\"Monday\",\"Tuesday\",\"Wednesday\",\"Thursday\",\"Friday\",\"Saturday\",\"Sunday\"],\"opens\":\"00:00\",\"closes\":\"23:59\"},\"email\":\"weyouface@gmail.com\",\"areaServed\":\"Luxor, Hurghada, El Gouna, Aswan, Sharm El Sheikh, Giza, Alexandria, Marsa Alam, Quseir, Soma Bay, Sahl Hasheesh, Red Sea, Makadi Bay, Cairo\",\"priceRange\":\"$\",\"currenciesAccepted\":\"euro\",\"paymentAccepted\":\"cash on site\"},{\"@type\":\"PostalAddress\",\"@id\":\"https:\/\/hurghadalovers.com\/nl\/tours\/prive-soma-baai-excursie-naar-luxor-aswan-2-dagen\/#local-main-place-address\",\"streetAddress\":\"17 Banks street, Alkawther area, top nbk bank\",\"addressLocality\":\"hurghada\",\"postalCode\":\"84511\",\"addressRegion\":\"red sea\",\"addressCountry\":\"EG\"},{\"@type\":\"ImageObject\",\"inLanguage\":\"nl-NL\",\"@id\":\"https:\/\/hurghadalovers.com\/nl\/tours\/prive-soma-baai-excursie-naar-luxor-aswan-2-dagen\/#local-main-organization-logo\",\"url\":\"https:\/\/hurghadalovers.com\/wp-content\/uploads\/2019\/10\/hurghada-excursions-logo.png\",\"contentUrl\":\"https:\/\/hurghadalovers.com\/wp-content\/uploads\/2019\/10\/hurghada-excursions-logo.png\",\"width\":272,\"height\":90,\"caption\":\"Hurghada Excursions\"}]}<\/script>\n<meta property=\"product:brand\" content=\"Dagtrips Luxor vanuit Soma bay\" \/>\n<meta property=\"product:price:amount\" content=\"400\" \/>\n<meta property=\"product:price:currency\" content=\"EUR\" \/>\n<meta property=\"og:availability\" content=\"instock\" \/>\n<meta property=\"product:availability\" content=\"instock\" \/>\n<meta property=\"product:retailer_item_id\" content=\"PrivateSoma022024\" \/>\n<meta property=\"product:condition\" content=\"new\" \/>\n<meta name=\"geo.placename\" content=\"hurghada\" \/>\n<meta name=\"geo.region\" content=\"Egypte\" \/>\n<!-- \/ Yoast SEO Premium plugin. -->","yoast_head_json":{"title":"Priv\u00e9 Soma baai excursies naar Luxor & Aswan - 2 dagen","description":"Priv\u00e9 Soma baai excursies naar Luxor & & Aswan - 2 dagen met priv\u00e9 gids, tickets en lunch. Ontdek de geheimen van de koningen van de farao's...","robots":{"index":"index","follow":"follow","max-snippet":"max-snippet:-1","max-image-preview":"max-image-preview:large","max-video-preview":"max-video-preview:-1"},"canonical":"https:\/\/hurghadalovers.com\/nl\/tours\/prive-soma-baai-excursie-naar-luxor-aswan-2-dagen\/","og_locale":"nl_NL","og_type":"article","og_title":"Priv\u00e9 Soma baai excursies naar Luxor &amp; Aswan - 2 dagen","og_description":"Priv\u00e9 Soma baai excursies naar Luxor & & Aswan - 2 dagen met priv\u00e9 gids, tickets en lunch. Ontdek de geheimen van de koningen van de farao's...","og_url":"https:\/\/hurghadalovers.com\/nl\/tours\/prive-soma-baai-excursie-naar-luxor-aswan-2-dagen\/","og_site_name":"Hurghada Excursions &amp; Day Trips | Booking Best Prices Tours","article_publisher":"https:\/\/www.facebook.com\/Hurghadaloversegypt","article_modified_time":"2026-02-08T19:48:26+00:00","og_image":[{"width":960,"height":1280,"url":"https:\/\/hurghadalovers.com\/wp-content\/uploads\/2023\/08\/Mazos-grupes-dienos-ekskursija-i-Luksora-is-Hurgados.jpeg","type":"image\/jpeg"}],"twitter_card":"summary_large_image","twitter_misc":{"Prijs":"&euro;&nbsp;400","Beschikbaarheid":"Op voorraad"},"schema":{"@context":"https:\/\/schema.org","@graph":[{"@type":["WebPage","ItemPage"],"@id":"https:\/\/hurghadalovers.com\/nl\/tours\/prive-soma-baai-excursie-naar-luxor-aswan-2-dagen\/","url":"https:\/\/hurghadalovers.com\/nl\/tours\/prive-soma-baai-excursie-naar-luxor-aswan-2-dagen\/","name":"Priv\u00e9 Soma baai excursies naar Luxor & Aswan - 2 dagen","isPartOf":{"@id":"https:\/\/hurghadalovers.com\/nl\/#website"},"primaryImageOfPage":{"@id":"https:\/\/hurghadalovers.com\/nl\/tours\/prive-soma-baai-excursie-naar-luxor-aswan-2-dagen\/#primaryimage"},"image":{"@id":"https:\/\/hurghadalovers.com\/nl\/tours\/prive-soma-baai-excursie-naar-luxor-aswan-2-dagen\/#primaryimage"},"thumbnailUrl":"https:\/\/hurghadalovers.com\/wp-content\/uploads\/2023\/08\/Mazos-grupes-dienos-ekskursija-i-Luksora-is-Hurgados.jpeg","datePublished":"2023-08-26T15:26:29+00:00","dateModified":"2026-02-08T19:48:26+00:00","description":"Priv\u00e9 Soma baai excursies naar Luxor & & Aswan - 2 dagen met priv\u00e9 gids, tickets en lunch. Ontdek de geheimen van de koningen van de farao's...","breadcrumb":{"@id":"https:\/\/hurghadalovers.com\/nl\/tours\/prive-soma-baai-excursie-naar-luxor-aswan-2-dagen\/#breadcrumb"},"inLanguage":"nl-NL","potentialAction":[{"@type":"ReadAction","target":["https:\/\/hurghadalovers.com\/nl\/tours\/prive-soma-baai-excursie-naar-luxor-aswan-2-dagen\/"]}]},{"@type":"ImageObject","inLanguage":"nl-NL","@id":"https:\/\/hurghadalovers.com\/nl\/tours\/prive-soma-baai-excursie-naar-luxor-aswan-2-dagen\/#primaryimage","url":"https:\/\/hurghadalovers.com\/wp-content\/uploads\/2023\/08\/Mazos-grupes-dienos-ekskursija-i-Luksora-is-Hurgados.jpeg","contentUrl":"https:\/\/hurghadalovers.com\/wp-content\/uploads\/2023\/08\/Mazos-grupes-dienos-ekskursija-i-Luksora-is-Hurgados.jpeg","width":960,"height":1280,"caption":"Maz\u030cos grupe\u0307s dienos ekskursija i\u0328 Luksora\u0328 is\u030c Hurgados"},{"@type":"BreadcrumbList","@id":"https:\/\/hurghadalovers.com\/nl\/tours\/prive-soma-baai-excursie-naar-luxor-aswan-2-dagen\/#breadcrumb","itemListElement":[{"@type":"ListItem","position":1,"name":"Home","item":"https:\/\/hurghadalovers.com\/nl\/"},{"@type":"ListItem","position":2,"name":"Winkel","item":"https:\/\/hurghadalovers.com\/nl\/winkel\/"},{"@type":"ListItem","position":3,"name":"Priv\u00e9 Soma baai excursies naar Luxor &amp; Aswan &#8211; 2 dagen"}]},{"@type":"WebSite","@id":"https:\/\/hurghadalovers.com\/nl\/#website","url":"https:\/\/hurghadalovers.com\/nl\/","name":"Hurghada Excursions & Day Trips | Booking Best Prices Tours","description":"Hurghada Lovers - Best Tour Operator - Excursions &amp; Things to do for Family Day Trips with kids and Couples Romantic. Unique .Hidden gems","publisher":{"@id":"https:\/\/hurghadalovers.com\/nl\/#organization"},"alternateName":"Hurghada Excursions","potentialAction":[{"@type":"SearchAction","target":{"@type":"EntryPoint","urlTemplate":"https:\/\/hurghadalovers.com\/nl\/?s={search_term_string}"},"query-input":{"@type":"PropertyValueSpecification","valueRequired":true,"valueName":"search_term_string"}}],"inLanguage":"nl-NL"},{"@type":["Organization","Place","TravelAgency"],"@id":"https:\/\/hurghadalovers.com\/nl\/#organization","name":"Hurghada Excursions","url":"https:\/\/hurghadalovers.com\/nl\/","logo":{"@id":"https:\/\/hurghadalovers.com\/nl\/tours\/prive-soma-baai-excursie-naar-luxor-aswan-2-dagen\/#local-main-organization-logo"},"image":{"@id":"https:\/\/hurghadalovers.com\/nl\/tours\/prive-soma-baai-excursie-naar-luxor-aswan-2-dagen\/#local-main-organization-logo"},"sameAs":["https:\/\/www.facebook.com\/Hurghadaloversegypt"],"address":{"@id":"https:\/\/hurghadalovers.com\/nl\/tours\/prive-soma-baai-excursie-naar-luxor-aswan-2-dagen\/#local-main-place-address"},"telephone":["00201112596434"],"contactPoint":{"@type":"ContactPoint","telephone":"00201112596434","email":"weyouface@gmail.com"},"openingHoursSpecification":{"@type":"OpeningHoursSpecification","dayOfWeek":["Monday","Tuesday","Wednesday","Thursday","Friday","Saturday","Sunday"],"opens":"00:00","closes":"23:59"},"email":"weyouface@gmail.com","areaServed":"Luxor, Hurghada, El Gouna, Aswan, Sharm El Sheikh, Giza, Alexandria, Marsa Alam, Quseir, Soma Bay, Sahl Hasheesh, Red Sea, Makadi Bay, Cairo","priceRange":"$","currenciesAccepted":"euro","paymentAccepted":"cash on site"},{"@type":"PostalAddress","@id":"https:\/\/hurghadalovers.com\/nl\/tours\/prive-soma-baai-excursie-naar-luxor-aswan-2-dagen\/#local-main-place-address","streetAddress":"17 Banks street, Alkawther area, top nbk bank","addressLocality":"hurghada","postalCode":"84511","addressRegion":"red sea","addressCountry":"EG"},{"@type":"ImageObject","inLanguage":"nl-NL","@id":"https:\/\/hurghadalovers.com\/nl\/tours\/prive-soma-baai-excursie-naar-luxor-aswan-2-dagen\/#local-main-organization-logo","url":"https:\/\/hurghadalovers.com\/wp-content\/uploads\/2019\/10\/hurghada-excursions-logo.png","contentUrl":"https:\/\/hurghadalovers.com\/wp-content\/uploads\/2019\/10\/hurghada-excursions-logo.png","width":272,"height":90,"caption":"Hurghada Excursions"}]},"product_brand":"Dagtrips Luxor vanuit Soma bay","product_price_amount":"400","product_price_currency":"EUR","og_availability":"instock","product_availability":"instock","product_retailer_item_id":"PrivateSoma022024","product_condition":"new","geo.placename":"hurghada","geo.region":"Egypte"},"_links":{"self":[{"href":"https:\/\/hurghadalovers.com\/nl\/wp-json\/wp\/v2\/product\/383763","targetHints":{"allow":["GET"]}}],"collection":[{"href":"https:\/\/hurghadalovers.com\/nl\/wp-json\/wp\/v2\/product"}],"about":[{"href":"https:\/\/hurghadalovers.com\/nl\/wp-json\/wp\/v2\/types\/product"}],"wp:featuredmedia":[{"embeddable":true,"href":"https:\/\/hurghadalovers.com\/nl\/wp-json\/wp\/v2\/media\/491900"}],"wp:attachment":[{"href":"https:\/\/hurghadalovers.com\/nl\/wp-json\/wp\/v2\/media?parent=383763"}],"wp:term":[{"taxonomy":"product_brand","embeddable":true,"href":"https:\/\/hurghadalovers.com\/nl\/wp-json\/wp\/v2\/product_brand?post=383763"},{"taxonomy":"product_cat","embeddable":true,"href":"https:\/\/hurghadalovers.com\/nl\/wp-json\/wp\/v2\/product_cat?post=383763"},{"taxonomy":"product_tag","embeddable":true,"href":"https:\/\/hurghadalovers.com\/nl\/wp-json\/wp\/v2\/product_tag?post=383763"}],"curies":[{"name":"wp","href":"https:\/\/api.w.org\/{rel}","templated":true}]}}