{"id":382995,"date":"2023-08-26T09:08:19","date_gmt":"2023-08-26T09:08:19","guid":{"rendered":"https:\/\/hurghadalovers.com\/shop\/niet-gecategoriseerd\/prive-dagtocht-van-soma-baai-naar-cairo\/"},"modified":"2026-02-10T03:54:16","modified_gmt":"2026-02-10T03:54:16","slug":"prive-dagtocht-van-soma-baai-naar-cairo","status":"publish","type":"product","link":"https:\/\/hurghadalovers.com\/nl\/tours\/prive-dagtocht-van-soma-baai-naar-cairo\/","title":{"rendered":"Priv\u00e9 Dagtocht van Soma baai naar Ca\u00efro"},"content":{"rendered":"<p><strong>Priv\u00e9 dagexcursie van <\/strong><strong>Soma baai<\/strong> <strong>naar Ca\u00efro<\/strong> voor een bezoek aan <strong>Piramides van Gizeh<\/strong>, <strong>Sfinx<\/strong>, <strong>Egyptisch Museum<\/strong> met priv\u00e9gids, vip auto of minibus en lunch, tickets. | Geen winkelstops | Meer tijd voor bezienswaardigheden in Ca\u00efro.<\/p>\n<p style=\"text-align: center;\"><span style=\"color: #993300;\"><strong>Ontdek de geheimen van de faraonische beschaving<\/strong><\/span><\/p>\n<p><strong>Hoogtepunten:<\/strong><\/p>\n<ol>\n<li>Bezoek de piramides van Gizeh.<\/li>\n<li>Bezoek de Grote Sfinx.<\/li>\n<li>Egyptisch museum.<\/li>\n<li>Priv\u00e9 Felucca van 30 minuten in de Nijl.<\/li>\n<li>Lunch in restaurant &#8220;Vegetari\u00ebrs eten is mogelijk&#8221;.<\/li>\n<\/ol>\n<p><strong>Priv\u00e9-excursie naar Ca\u00efro vanuit Soma Bay <\/strong>| Luxe dagtocht naar de Pyramides, Sfinx, Egyptisch Museum &amp; Toeristische Attracties in Gizeh met een priv\u00e9-gids, VIP luxe auto of een minibus vanuit de Hotels in Safaga.<\/p>\n<p><strong>Overzicht:<\/strong><\/p>\n<p>Als je uitkijkt naar het ontdekken van de geheimen van de koningen van de Faraonische Vierde Dynastie Oud Koninkrijk van het <strong>Oude Egypte Beschaving<\/strong> en de Geheimen van de Bouw van Piramides, Piramideteksten en de Grote Sfinx, in aanvulling op een bezoek aan het Egyptisch Museum aan het Tahrirplein, kun je op ons rekenen door het verzorgen van een <strong>Priv\u00e9 Luxe Tour<\/strong> naar Ca\u00efro vanuit de hotels in Soma Bay, een professionele en deskundige gids en met moderne voertuigen voor comfort en luxe onderweg.<\/p>\n<p>Kijk je ernaar uit om <strong>Oud Ca\u00efro<\/strong> te bezoeken en zowel de Islamitische Toeristische Attracties zoals Citadel van Saladin, Al Muizz Straat, Khan El Khalili als de Koptische zoals De Hangende Kerk te zien en vervolgens de Piramides van Gizeh en de Grote Sfinx te bezoeken? Vertrouw op ons voor een <strong>priv\u00e9rondleiding voor een gezin of een stel<\/strong> om te leren over de geschiedenis en historische feiten van de bouw van de piramides door de oude Egyptenaren en wat het geheim is van de catacomben en de kamers binnenin.<\/p>\n<p>Wil je de toeristische attracties in Saqqara bezoeken en de piramide van Djoser en de oude faraonische gebieden eromheen in Dahshur, naast een bezoek aan het Egyptisch Museum aan het Tahrir of de piramides van Gizeh op dezelfde dag? Vertrouw dan op ons, want wij bieden je een speciaal programma volgens jouw wensen, inclusief Priv\u00e9 Transfer vanuit de hotels in Soma Bay en Safaga.<\/p>\n<p>Wij bieden het boeken van je eigen reisprogramma aan, naast het boeken van <strong>Priv\u00e9 Trips<\/strong> naar Ca\u00efro voor twee dagen, inclusief de accommodatie in een voornaam hotel, om alle Egyptische Archeologische plaatsen en de <strong>Egyptische Monumenten<\/strong> van Gizeh en Ca\u00efro te bezoeken, zoals De Boot van Cheops, de Graven van de Piramidebouwers, het Nationaal Museum van de Egyptische Beschaving, het Groot Egyptisch Museum, de Al-Azhar Moskee.<\/p>\n<p><strong>Priv\u00e9 Dagtocht van <\/strong><strong>Soma baai<\/strong><strong>naar Ca\u00efro Details:<\/strong><\/p>\n<ul>\n<li>Beschikbaarheid tour: Elke dag.<\/li>\n<li>Type tour: Prive met auto of minibus.<\/li>\n<li>Pick Up Time: Start vanaf 01:30 A.M.<\/li>\n<li>Hotel vragen om &#8217;s ochtends je ontbijttasje mee te nemen.<\/li>\n<li>Pick off Tijd: 21:30.<\/li>\n<li>Toegankelijk voor rolstoelen.<\/li>\n<li>Duur: 22 uur.<\/li>\n<\/ul>\n<p><strong>Reserveer nu en betaal later:<\/strong><\/p>\n<ul>\n<li>Contant geld ter plaatse om te begeleiden.<\/li>\n<li>Betaling in Egyptische ponden, $, \u20ac of \u00a3.<\/li>\n<\/ul>\n<p><strong>Annuleringsvoorwaarden:<\/strong><\/p>\n<ul>\n<li>Je kunt tot 24 uur van tevoren annuleren.<\/li>\n<li>Wanneer iemand van je familie de ochtend annuleert, betaal je 50% van de kosten.<\/li>\n<\/ul>\n<p><strong>Wat is inbegrepen?<\/strong><\/p>\n<ul>\n<li>Transfer van Soma bayHotels &#8220;Ophalen en wegbrengen van hotel&#8221;.<\/li>\n<li>Alle belastingen, entreegelden en administratiekosten.<\/li>\n<li>Transfers.<\/li>\n<li>Felucca tocht &#8220;Bootcruise&#8221; Voor 35 min.<\/li>\n<li>Reisleiding.<\/li>\n<li>Drankjes.<\/li>\n<li>Lunch in restaurant.<\/li>\n<\/ul>\n<p><strong>Uitsluitingen?<\/strong><\/p>\n<ul>\n<li>Fooien.<\/li>\n<li>Extra&#8217;s die niet worden genoemd.<\/li>\n<\/ul>\n<p><strong>Prijzen:<\/strong><\/p>\n<ul>\n<li><strong>Prijs volwassenen = vanaf<\/strong><strong>160$ per persoon<\/strong>.<\/li>\n<li>Prijs voor kinderen &#8220;5-12\u2033= 50%.<\/li>\n<li>voor kinderen &#8220;0-5\u2033= gratis.<\/li>\n<\/ul>\n<p>&nbsp;<\/p>\n<p><strong>Beoordelingen:<\/strong><\/p>\n<p>bekijk onze Google Map beoordelingen als beste <a href=\"https:\/\/g.page\/r\/CUeYvkngP3wkEBM\/review\">touroperator in Hurghada<\/a> online in <a href=\"https:\/\/hurghadalovers.com\/\">Hurghada<\/a> Egypte.<\/p>\n<p><strong>Boeken:<\/strong><\/p>\n<p>Stuur hotel + kamernummer + fotopaspoorten naar WhatsApp: <strong>+201112596434<\/strong><\/p>\n<p>Als je uit Egypte Boek nu online en bevestig wanneer aankomst Hotel.<\/p>\n<p><strong>Priv\u00e9 Tour naar Ca\u00efro vanuit Soma Bay<\/strong><\/p>\n<p><strong>Voordelen van het boeken van een priv\u00e9 tour naar Ca\u00efro vanuit Soma Bay:<\/strong><\/p>\n<ol>\n<li><strong>TIJDSBESPAREND<\/strong>: uitsluitend door de <strong>Priv\u00e9 Tour<\/strong> wordt de reistijd van <strong>Soma Bay<\/strong> naar <strong>Ca\u00efro<\/strong> en weer terug met minstens twee uur verkort.<\/li>\n<li>Krijg meer tijd om de piramides te bezoeken, bezoek de Grote Piramide van Gizeh, de Piramide van Khafre van binnen, maak ongedwongen foto&#8217;s rond de Piramide van Menkaure, maak tegen een betaalbare prijs een ritje op een kameel of een Arabisch paard en heb voldoende tijd om het Egyptisch Museum aan het Tahrir te bezoeken, terwijl je ook nog tijd overhoudt voor een bezoekje aan Oud-Ca\u00efro.<\/li>\n<li><strong>Privacy<\/strong>: we voorzien je van een moderne <strong>VIP auto<\/strong> voor twee personen of een <strong>Minivan<\/strong> voor gezinnen en groepen van meer dan 3 personen, onderscheidende modellen om <strong>Comfort en Luxe<\/strong> op de weg te bieden.<\/li>\n<li><strong>Vrijheid:<\/strong> Je wordt niet gedwongen om de winkels en bazaars te bezoeken of een Felucca-tocht over de Nijl te maken en evenveel tijd door te brengen als bij de Dagelijkse Busreizen vanuit Ca\u00efro.<\/li>\n<li>Je kunt het reisprogramma zelf samenstellen en de tijd in elke plaats naar wens verlengen omdat we je voorzien van een professionele en ervaren gids om je van dienst te zijn, je bij te staan en alle vragen te beantwoorden.<\/li>\n<\/ol>\n<p>&nbsp;<\/p>\n<p><strong>Voordelen van het boeken van een priv\u00e8trip naar Ca\u00efro bij Hurghada Excursions Lovers:<\/strong><\/p>\n<ol>\n<li>Professionaliteit in de omgang, want we geven je alle gegevens van de trip voor vertrek en online follow-up via WhatsApp, vanaf het rijden met de auto tot de terugkeer in het hotel.<\/li>\n<li>Het verstrekken van moderne <strong>Luxe Limousine Auto&#8217;s<\/strong> en 8-persoons <strong>Minivans<\/strong>.<\/li>\n<li>Een deskundige gids, die de geschiedenis en de feiten van <strong>de farao&#8217;s<\/strong> uitlegt.<\/li>\n<li>Het aanbieden van onderscheidende restaurants met vegetarische maaltijden in Ca\u00efro en Gizeh of volgens je wens om heerlijk Egyptisch te eten.<\/li>\n<li>Er zijn geen verborgen kosten of extra&#8217;s, ons doel is jouw gemak, het gaat ons niet om het geld.<\/li>\n<li>Het verkrijgen van een waardevol <strong>VIP Faraonisch Geschenk<\/strong> bij terugkeer van de reis van Eng. Tamer Ahmed, &#8220;Eigenaar Hurghada Lovers&#8221;.<\/li>\n<\/ol>\n<p><strong>Veelgestelde vragen:<\/strong><\/p>\n<ul>\n<li><strong>De Ca\u00efro Tour<\/strong> vanuit de hotels van Soma Bay is een beetje vermoeiend, dus neem zeker tijdens de reis een slaapkussen mee.<\/li>\n<li>De kosten voor de toegang tot de toiletten in het rusthuis, het Egyptisch Museum en de piramides = 10 Egyptische ponden per persoon. Zorg voor een Egyptische munt van 10 pond.<\/li>\n<li>Koop in de buurt van de piramiden niet bij straatverkopers. Je hoeft alleen maar te bedanken, &#8220;want ze bieden je faraonische beelden en Papyrus aan tegen een goedkope prijs, maar van zeer slechte kwaliteit.&#8221;<\/li>\n<li>Vraag je hotel in Soma Bay of Safaga om een ontbijttasje om &#8217;s morgens vanuit de lobby mee te kunnen nemen voor de tocht.<\/li>\n<li>Je kunt, naast het fotograferen van de toeristische attracties terwijl je op de weg loopt, ook ongehinderd met je mobiele telefoon of camera rond de piramides, de Sfinx en het museum fotograferen.<\/li>\n<\/ul>\n<p>&nbsp;<\/p>\n","protected":false},"excerpt":{"rendered":"<p><strong>Priv\u00e9 dagexcursie van <\/strong><strong>Soma baai<\/strong> <strong>naar Ca\u00efro<\/strong> voor een bezoek aan <strong>Piramides van Gizeh<\/strong>, <strong>Sfinx<\/strong>, <strong>Egyptisch Museum<\/strong> met priv\u00e9gids, vip auto of minibus en lunch, tickets. | Geen winkelstops | Meer tijd voor bezienswaardigheden in Ca\u00efro.<\/p>\n","protected":false},"featured_media":927928,"template":"","meta":{"_joinchat":[]},"product_brand":[],"product_cat":[29382],"product_tag":[55621,55642,55682,55702,55786,55802,55834,55828,55826,55628,55791,51922,55676,55611,55797,55670,55634],"class_list":{"0":"post-382995","1":"product","2":"type-product","3":"status-publish","4":"has-post-thumbnail","6":"product_cat-reizen-egypte","7":"product_tag-dagtocht-cairo-vanuit-soma-bay","8":"product_tag-dagtocht-van-soma-baai-naar-piramides","9":"product_tag-dagtochten-soma-bay","10":"product_tag-dingen-die-je-met-je-gezin-kunt-doen-vanuit-soma-bay","11":"product_tag-dingen-om-te-doen-in-soma-bay","12":"product_tag-dingen-om-te-doen-in-soma-bay-voor-koppels","13":"product_tag-familie-uitje-vanuit-soma-bay","14":"product_tag-gezinsactiviteiten-van-soma-bay","15":"product_tag-peuteractiviteiten-van-soma-bay","16":"product_tag-piramides-vanaf-soma-bay","17":"product_tag-romantische-dingen-om-te-doen-vanuit-soma-bay","18":"product_tag-rondleidingen-cairo","19":"product_tag-soma-baai-activiteiten","20":"product_tag-soma-baai-naar-piramides","21":"product_tag-soma-bay-activiteiten-voor-koppels","22":"product_tag-soma-bay-excursies","23":"product_tag-soma-bay-reis-naar-cairo","24":"tour_category-dagtrips-cairo-vanuit-soma-bay","25":"tour_category-soma-bay-excursies","27":"first","28":"instock","29":"sale","30":"shipping-taxable","31":"purchasable","32":"product-type-tour"},"yoast_head":"<!-- This site is optimized with the Yoast SEO Premium plugin v26.9 (Yoast SEO v27.2) - https:\/\/yoast.com\/product\/yoast-seo-premium-wordpress\/ -->\n<title>Priv\u00e9 dagexcursie van Soma baai naar Ca\u00efro voor een bezoek aan de piramides van Gizeh<\/title>\n<meta name=\"description\" content=\"Priv\u00e9 Dagtocht van Soma baai naar Ca\u00efro voor een bezoek aan Piramides van Gizeh, Sfinx, Egyptisch Museum met Prive Gids, Vip Auto of Minivan en Lunch, Tickets...\" \/>\n<meta name=\"robots\" content=\"index, follow, max-snippet:-1, max-image-preview:large, max-video-preview:-1\" \/>\n<link rel=\"canonical\" href=\"https:\/\/hurghadalovers.com\/nl\/tours\/prive-dagtocht-van-soma-baai-naar-cairo\/\" \/>\n<meta property=\"og:locale\" content=\"nl_NL\" \/>\n<meta property=\"og:type\" content=\"article\" \/>\n<meta property=\"og:title\" content=\"Priv\u00e9 Dagtocht van Soma baai naar Ca\u00efro\" \/>\n<meta property=\"og:description\" content=\"Priv\u00e9 Dagtocht van Soma baai naar Ca\u00efro voor een bezoek aan Piramides van Gizeh, Sfinx, Egyptisch Museum met Prive Gids, Vip Auto of Minivan en Lunch, Tickets...\" \/>\n<meta property=\"og:url\" content=\"https:\/\/hurghadalovers.com\/nl\/tours\/prive-dagtocht-van-soma-baai-naar-cairo\/\" \/>\n<meta property=\"og:site_name\" content=\"Hurghada Excursions &amp; Day Trips | Booking Best Prices Tours\" \/>\n<meta property=\"article:publisher\" content=\"https:\/\/www.facebook.com\/Hurghadaloversegypt\" \/>\n<meta property=\"article:modified_time\" content=\"2026-02-10T03:54:16+00:00\" \/>\n<meta property=\"og:image\" content=\"https:\/\/hurghadalovers.com\/wp-content\/uploads\/2024\/04\/Pyramids-Day-Trip-from-Hurghada-by-Luxury-Bus-Cairo-Tours-2025.jpeg\" \/>\n\t<meta property=\"og:image:width\" content=\"1200\" \/>\n\t<meta property=\"og:image:height\" content=\"1600\" \/>\n\t<meta property=\"og:image:type\" content=\"image\/jpeg\" \/>\n<meta name=\"twitter:card\" content=\"summary_large_image\" \/>\n<meta name=\"twitter:label1\" content=\"Prijs\" \/>\n\t<meta name=\"twitter:data1\" content=\"&euro;&nbsp;105\" \/>\n\t<meta name=\"twitter:label2\" content=\"Beschikbaarheid\" \/>\n\t<meta name=\"twitter:data2\" content=\"Op voorraad\" \/>\n<script type=\"application\/ld+json\" class=\"yoast-schema-graph\">{\"@context\":\"https:\/\/schema.org\",\"@graph\":[{\"@type\":[\"WebPage\",\"ItemPage\"],\"@id\":\"https:\/\/hurghadalovers.com\/nl\/tours\/prive-dagtocht-van-soma-baai-naar-cairo\/\",\"url\":\"https:\/\/hurghadalovers.com\/nl\/tours\/prive-dagtocht-van-soma-baai-naar-cairo\/\",\"name\":\"Priv\u00e9 dagexcursie van Soma baai naar Ca\u00efro voor een bezoek aan de piramides van Gizeh\",\"isPartOf\":{\"@id\":\"https:\/\/hurghadalovers.com\/nl\/#website\"},\"primaryImageOfPage\":{\"@id\":\"https:\/\/hurghadalovers.com\/nl\/tours\/prive-dagtocht-van-soma-baai-naar-cairo\/#primaryimage\"},\"image\":{\"@id\":\"https:\/\/hurghadalovers.com\/nl\/tours\/prive-dagtocht-van-soma-baai-naar-cairo\/#primaryimage\"},\"thumbnailUrl\":\"https:\/\/hurghadalovers.com\/wp-content\/uploads\/2024\/04\/Pyramids-Day-Trip-from-Hurghada-by-Luxury-Bus-Cairo-Tours-2025.jpeg\",\"datePublished\":\"2023-08-26T09:08:19+00:00\",\"dateModified\":\"2026-02-10T03:54:16+00:00\",\"description\":\"Priv\u00e9 Dagtocht van Soma baai naar Ca\u00efro voor een bezoek aan Piramides van Gizeh, Sfinx, Egyptisch Museum met Prive Gids, Vip Auto of Minivan en Lunch, Tickets...\",\"breadcrumb\":{\"@id\":\"https:\/\/hurghadalovers.com\/nl\/tours\/prive-dagtocht-van-soma-baai-naar-cairo\/#breadcrumb\"},\"inLanguage\":\"nl-NL\",\"potentialAction\":[{\"@type\":\"ReadAction\",\"target\":[\"https:\/\/hurghadalovers.com\/nl\/tours\/prive-dagtocht-van-soma-baai-naar-cairo\/\"]}]},{\"@type\":\"ImageObject\",\"inLanguage\":\"nl-NL\",\"@id\":\"https:\/\/hurghadalovers.com\/nl\/tours\/prive-dagtocht-van-soma-baai-naar-cairo\/#primaryimage\",\"url\":\"https:\/\/hurghadalovers.com\/wp-content\/uploads\/2024\/04\/Pyramids-Day-Trip-from-Hurghada-by-Luxury-Bus-Cairo-Tours-2025.jpeg\",\"contentUrl\":\"https:\/\/hurghadalovers.com\/wp-content\/uploads\/2024\/04\/Pyramids-Day-Trip-from-Hurghada-by-Luxury-Bus-Cairo-Tours-2025.jpeg\",\"width\":1200,\"height\":1600,\"caption\":\"Pyramids Day Trip from Hurghada by Luxury Bus | Cairo Tours 2025\"},{\"@type\":\"BreadcrumbList\",\"@id\":\"https:\/\/hurghadalovers.com\/nl\/tours\/prive-dagtocht-van-soma-baai-naar-cairo\/#breadcrumb\",\"itemListElement\":[{\"@type\":\"ListItem\",\"position\":1,\"name\":\"Home\",\"item\":\"https:\/\/hurghadalovers.com\/nl\/\"},{\"@type\":\"ListItem\",\"position\":2,\"name\":\"Winkel\",\"item\":\"https:\/\/hurghadalovers.com\/nl\/winkel\/\"},{\"@type\":\"ListItem\",\"position\":3,\"name\":\"Priv\u00e9 Dagtocht van Soma baai naar Ca\u00efro\"}]},{\"@type\":\"WebSite\",\"@id\":\"https:\/\/hurghadalovers.com\/nl\/#website\",\"url\":\"https:\/\/hurghadalovers.com\/nl\/\",\"name\":\"Hurghada Excursions & Day Trips | Booking Best Prices Tours\",\"description\":\"Hurghada Lovers - Best Tour Operator - Excursions &amp; Things to do for Family Day Trips with kids and Couples Romantic. Unique .Hidden gems\",\"publisher\":{\"@id\":\"https:\/\/hurghadalovers.com\/nl\/#organization\"},\"alternateName\":\"Hurghada Excursions\",\"potentialAction\":[{\"@type\":\"SearchAction\",\"target\":{\"@type\":\"EntryPoint\",\"urlTemplate\":\"https:\/\/hurghadalovers.com\/nl\/?s={search_term_string}\"},\"query-input\":{\"@type\":\"PropertyValueSpecification\",\"valueRequired\":true,\"valueName\":\"search_term_string\"}}],\"inLanguage\":\"nl-NL\"},{\"@type\":[\"Organization\",\"Place\",\"TravelAgency\"],\"@id\":\"https:\/\/hurghadalovers.com\/nl\/#organization\",\"name\":\"Hurghada Excursions\",\"url\":\"https:\/\/hurghadalovers.com\/nl\/\",\"logo\":{\"@id\":\"https:\/\/hurghadalovers.com\/nl\/tours\/prive-dagtocht-van-soma-baai-naar-cairo\/#local-main-organization-logo\"},\"image\":{\"@id\":\"https:\/\/hurghadalovers.com\/nl\/tours\/prive-dagtocht-van-soma-baai-naar-cairo\/#local-main-organization-logo\"},\"sameAs\":[\"https:\/\/www.facebook.com\/Hurghadaloversegypt\"],\"address\":{\"@id\":\"https:\/\/hurghadalovers.com\/nl\/tours\/prive-dagtocht-van-soma-baai-naar-cairo\/#local-main-place-address\"},\"telephone\":[\"00201112596434\"],\"contactPoint\":{\"@type\":\"ContactPoint\",\"telephone\":\"00201112596434\",\"email\":\"weyouface@gmail.com\"},\"openingHoursSpecification\":{\"@type\":\"OpeningHoursSpecification\",\"dayOfWeek\":[\"Monday\",\"Tuesday\",\"Wednesday\",\"Thursday\",\"Friday\",\"Saturday\",\"Sunday\"],\"opens\":\"00:00\",\"closes\":\"23:59\"},\"email\":\"weyouface@gmail.com\",\"areaServed\":\"Luxor, Hurghada, El Gouna, Aswan, Sharm El Sheikh, Giza, Alexandria, Marsa Alam, Quseir, Soma Bay, Sahl Hasheesh, Red Sea, Makadi Bay, Cairo\",\"priceRange\":\"$\",\"currenciesAccepted\":\"euro\",\"paymentAccepted\":\"cash on site\"},{\"@type\":\"PostalAddress\",\"@id\":\"https:\/\/hurghadalovers.com\/nl\/tours\/prive-dagtocht-van-soma-baai-naar-cairo\/#local-main-place-address\",\"streetAddress\":\"17 Banks street, Alkawther area, top nbk bank\",\"addressLocality\":\"hurghada\",\"postalCode\":\"84511\",\"addressRegion\":\"red sea\",\"addressCountry\":\"EG\"},{\"@type\":\"ImageObject\",\"inLanguage\":\"nl-NL\",\"@id\":\"https:\/\/hurghadalovers.com\/nl\/tours\/prive-dagtocht-van-soma-baai-naar-cairo\/#local-main-organization-logo\",\"url\":\"https:\/\/hurghadalovers.com\/wp-content\/uploads\/2019\/10\/hurghada-excursions-logo.png\",\"contentUrl\":\"https:\/\/hurghadalovers.com\/wp-content\/uploads\/2019\/10\/hurghada-excursions-logo.png\",\"width\":272,\"height\":90,\"caption\":\"Hurghada Excursions\"}]}<\/script>\n<meta property=\"product:brand\" content=\"Dagtrips Ca\u00efro vanuit Soma bay\" \/>\n<meta property=\"product:price:amount\" content=\"105\" \/>\n<meta property=\"product:price:currency\" content=\"EUR\" \/>\n<meta property=\"og:availability\" content=\"instock\" \/>\n<meta property=\"product:availability\" content=\"instock\" \/>\n<meta property=\"product:retailer_item_id\" content=\"Somabay032024\" \/>\n<meta property=\"product:condition\" content=\"new\" \/>\n<meta name=\"geo.placename\" content=\"hurghada\" \/>\n<meta name=\"geo.region\" content=\"Egypte\" \/>\n<!-- \/ Yoast SEO Premium plugin. -->","yoast_head_json":{"title":"Priv\u00e9 dagexcursie van Soma baai naar Ca\u00efro voor een bezoek aan de piramides van Gizeh","description":"Priv\u00e9 Dagtocht van Soma baai naar Ca\u00efro voor een bezoek aan Piramides van Gizeh, Sfinx, Egyptisch Museum met Prive Gids, Vip Auto of Minivan en Lunch, Tickets...","robots":{"index":"index","follow":"follow","max-snippet":"max-snippet:-1","max-image-preview":"max-image-preview:large","max-video-preview":"max-video-preview:-1"},"canonical":"https:\/\/hurghadalovers.com\/nl\/tours\/prive-dagtocht-van-soma-baai-naar-cairo\/","og_locale":"nl_NL","og_type":"article","og_title":"Priv\u00e9 Dagtocht van Soma baai naar Ca\u00efro","og_description":"Priv\u00e9 Dagtocht van Soma baai naar Ca\u00efro voor een bezoek aan Piramides van Gizeh, Sfinx, Egyptisch Museum met Prive Gids, Vip Auto of Minivan en Lunch, Tickets...","og_url":"https:\/\/hurghadalovers.com\/nl\/tours\/prive-dagtocht-van-soma-baai-naar-cairo\/","og_site_name":"Hurghada Excursions &amp; Day Trips | Booking Best Prices Tours","article_publisher":"https:\/\/www.facebook.com\/Hurghadaloversegypt","article_modified_time":"2026-02-10T03:54:16+00:00","og_image":[{"width":1200,"height":1600,"url":"https:\/\/hurghadalovers.com\/wp-content\/uploads\/2024\/04\/Pyramids-Day-Trip-from-Hurghada-by-Luxury-Bus-Cairo-Tours-2025.jpeg","type":"image\/jpeg"}],"twitter_card":"summary_large_image","twitter_misc":{"Prijs":"&euro;&nbsp;105","Beschikbaarheid":"Op voorraad"},"schema":{"@context":"https:\/\/schema.org","@graph":[{"@type":["WebPage","ItemPage"],"@id":"https:\/\/hurghadalovers.com\/nl\/tours\/prive-dagtocht-van-soma-baai-naar-cairo\/","url":"https:\/\/hurghadalovers.com\/nl\/tours\/prive-dagtocht-van-soma-baai-naar-cairo\/","name":"Priv\u00e9 dagexcursie van Soma baai naar Ca\u00efro voor een bezoek aan de piramides van Gizeh","isPartOf":{"@id":"https:\/\/hurghadalovers.com\/nl\/#website"},"primaryImageOfPage":{"@id":"https:\/\/hurghadalovers.com\/nl\/tours\/prive-dagtocht-van-soma-baai-naar-cairo\/#primaryimage"},"image":{"@id":"https:\/\/hurghadalovers.com\/nl\/tours\/prive-dagtocht-van-soma-baai-naar-cairo\/#primaryimage"},"thumbnailUrl":"https:\/\/hurghadalovers.com\/wp-content\/uploads\/2024\/04\/Pyramids-Day-Trip-from-Hurghada-by-Luxury-Bus-Cairo-Tours-2025.jpeg","datePublished":"2023-08-26T09:08:19+00:00","dateModified":"2026-02-10T03:54:16+00:00","description":"Priv\u00e9 Dagtocht van Soma baai naar Ca\u00efro voor een bezoek aan Piramides van Gizeh, Sfinx, Egyptisch Museum met Prive Gids, Vip Auto of Minivan en Lunch, Tickets...","breadcrumb":{"@id":"https:\/\/hurghadalovers.com\/nl\/tours\/prive-dagtocht-van-soma-baai-naar-cairo\/#breadcrumb"},"inLanguage":"nl-NL","potentialAction":[{"@type":"ReadAction","target":["https:\/\/hurghadalovers.com\/nl\/tours\/prive-dagtocht-van-soma-baai-naar-cairo\/"]}]},{"@type":"ImageObject","inLanguage":"nl-NL","@id":"https:\/\/hurghadalovers.com\/nl\/tours\/prive-dagtocht-van-soma-baai-naar-cairo\/#primaryimage","url":"https:\/\/hurghadalovers.com\/wp-content\/uploads\/2024\/04\/Pyramids-Day-Trip-from-Hurghada-by-Luxury-Bus-Cairo-Tours-2025.jpeg","contentUrl":"https:\/\/hurghadalovers.com\/wp-content\/uploads\/2024\/04\/Pyramids-Day-Trip-from-Hurghada-by-Luxury-Bus-Cairo-Tours-2025.jpeg","width":1200,"height":1600,"caption":"Pyramids Day Trip from Hurghada by Luxury Bus | Cairo Tours 2025"},{"@type":"BreadcrumbList","@id":"https:\/\/hurghadalovers.com\/nl\/tours\/prive-dagtocht-van-soma-baai-naar-cairo\/#breadcrumb","itemListElement":[{"@type":"ListItem","position":1,"name":"Home","item":"https:\/\/hurghadalovers.com\/nl\/"},{"@type":"ListItem","position":2,"name":"Winkel","item":"https:\/\/hurghadalovers.com\/nl\/winkel\/"},{"@type":"ListItem","position":3,"name":"Priv\u00e9 Dagtocht van Soma baai naar Ca\u00efro"}]},{"@type":"WebSite","@id":"https:\/\/hurghadalovers.com\/nl\/#website","url":"https:\/\/hurghadalovers.com\/nl\/","name":"Hurghada Excursions & Day Trips | Booking Best Prices Tours","description":"Hurghada Lovers - Best Tour Operator - Excursions &amp; Things to do for Family Day Trips with kids and Couples Romantic. Unique .Hidden gems","publisher":{"@id":"https:\/\/hurghadalovers.com\/nl\/#organization"},"alternateName":"Hurghada Excursions","potentialAction":[{"@type":"SearchAction","target":{"@type":"EntryPoint","urlTemplate":"https:\/\/hurghadalovers.com\/nl\/?s={search_term_string}"},"query-input":{"@type":"PropertyValueSpecification","valueRequired":true,"valueName":"search_term_string"}}],"inLanguage":"nl-NL"},{"@type":["Organization","Place","TravelAgency"],"@id":"https:\/\/hurghadalovers.com\/nl\/#organization","name":"Hurghada Excursions","url":"https:\/\/hurghadalovers.com\/nl\/","logo":{"@id":"https:\/\/hurghadalovers.com\/nl\/tours\/prive-dagtocht-van-soma-baai-naar-cairo\/#local-main-organization-logo"},"image":{"@id":"https:\/\/hurghadalovers.com\/nl\/tours\/prive-dagtocht-van-soma-baai-naar-cairo\/#local-main-organization-logo"},"sameAs":["https:\/\/www.facebook.com\/Hurghadaloversegypt"],"address":{"@id":"https:\/\/hurghadalovers.com\/nl\/tours\/prive-dagtocht-van-soma-baai-naar-cairo\/#local-main-place-address"},"telephone":["00201112596434"],"contactPoint":{"@type":"ContactPoint","telephone":"00201112596434","email":"weyouface@gmail.com"},"openingHoursSpecification":{"@type":"OpeningHoursSpecification","dayOfWeek":["Monday","Tuesday","Wednesday","Thursday","Friday","Saturday","Sunday"],"opens":"00:00","closes":"23:59"},"email":"weyouface@gmail.com","areaServed":"Luxor, Hurghada, El Gouna, Aswan, Sharm El Sheikh, Giza, Alexandria, Marsa Alam, Quseir, Soma Bay, Sahl Hasheesh, Red Sea, Makadi Bay, Cairo","priceRange":"$","currenciesAccepted":"euro","paymentAccepted":"cash on site"},{"@type":"PostalAddress","@id":"https:\/\/hurghadalovers.com\/nl\/tours\/prive-dagtocht-van-soma-baai-naar-cairo\/#local-main-place-address","streetAddress":"17 Banks street, Alkawther area, top nbk bank","addressLocality":"hurghada","postalCode":"84511","addressRegion":"red sea","addressCountry":"EG"},{"@type":"ImageObject","inLanguage":"nl-NL","@id":"https:\/\/hurghadalovers.com\/nl\/tours\/prive-dagtocht-van-soma-baai-naar-cairo\/#local-main-organization-logo","url":"https:\/\/hurghadalovers.com\/wp-content\/uploads\/2019\/10\/hurghada-excursions-logo.png","contentUrl":"https:\/\/hurghadalovers.com\/wp-content\/uploads\/2019\/10\/hurghada-excursions-logo.png","width":272,"height":90,"caption":"Hurghada Excursions"}]},"product_brand":"Dagtrips Ca\u00efro vanuit Soma bay","product_price_amount":"105","product_price_currency":"EUR","og_availability":"instock","product_availability":"instock","product_retailer_item_id":"Somabay032024","product_condition":"new","geo.placename":"hurghada","geo.region":"Egypte"},"_links":{"self":[{"href":"https:\/\/hurghadalovers.com\/nl\/wp-json\/wp\/v2\/product\/382995","targetHints":{"allow":["GET"]}}],"collection":[{"href":"https:\/\/hurghadalovers.com\/nl\/wp-json\/wp\/v2\/product"}],"about":[{"href":"https:\/\/hurghadalovers.com\/nl\/wp-json\/wp\/v2\/types\/product"}],"wp:featuredmedia":[{"embeddable":true,"href":"https:\/\/hurghadalovers.com\/nl\/wp-json\/wp\/v2\/media\/927928"}],"wp:attachment":[{"href":"https:\/\/hurghadalovers.com\/nl\/wp-json\/wp\/v2\/media?parent=382995"}],"wp:term":[{"taxonomy":"product_brand","embeddable":true,"href":"https:\/\/hurghadalovers.com\/nl\/wp-json\/wp\/v2\/product_brand?post=382995"},{"taxonomy":"product_cat","embeddable":true,"href":"https:\/\/hurghadalovers.com\/nl\/wp-json\/wp\/v2\/product_cat?post=382995"},{"taxonomy":"product_tag","embeddable":true,"href":"https:\/\/hurghadalovers.com\/nl\/wp-json\/wp\/v2\/product_tag?post=382995"}],"curies":[{"name":"wp","href":"https:\/\/api.w.org\/{rel}","templated":true}]}}