{"id":381173,"date":"2023-08-19T10:43:39","date_gmt":"2023-08-19T10:44:44","guid":{"rendered":"https:\/\/hurghadalovers.com\/shop\/niet-gecategoriseerd\/privereis-cairo-alexandrie-vanuit-hurghada\/"},"modified":"2026-02-09T08:18:41","modified_gmt":"2026-02-09T08:18:41","slug":"prive-cairo-alexandrie-tour-van-hurghada","status":"publish","type":"product","link":"https:\/\/hurghadalovers.com\/nl\/tours\/prive-cairo-alexandrie-tour-van-hurghada\/","title":{"rendered":"Priv\u00e9reis Ca\u00efro Alexandri\u00eb vanuit Hurghada"},"content":{"rendered":"<p><strong>Priv\u00e9 Ca\u00efro Alexandri\u00eb Tour vanuit Hurghada<\/strong> &#8211; 2 Dagen per Auto, Minivan met priv\u00e9gids.<\/p>\n<p style=\"text-align: center;\"><span style=\"color: #993300;\"><strong>Ontdek de belangrijkste historische monumenten in Egypte<\/strong><\/span><\/p>\n<p><strong>Hoogtepunten:<\/strong><\/p>\n<ol>\n<li>Piramides van Gizeh.<\/li>\n<li>Grote Sfinx.<\/li>\n<li>Vallei Tempel.<\/li>\n<li>Egyptisch museum.<\/li>\n<li>Qayetbey Citadel in Alexandri\u00eb.<\/li>\n<li>Pompeys Pilaar<\/li>\n<li>Bibliotheek Alexandri\u00eb<\/li>\n<li>Catacomben van Alexandri\u00eb.<\/li>\n<li>Montazah Paleis in Alexandri\u00eb<\/li>\n<li>Lunch in restaurant &#8220;Vegetari\u00ebrs eten is mogelijk&#8221;.<\/li>\n<\/ol>\n<p><strong>Priv\u00e9 Ca\u00efro Alexandri\u00eb Tour vanuit Hurghada Details:<\/strong><\/p>\n<ul>\n<li>Beschikbaarheid tour: Elke dag.<\/li>\n<li>Type tour: Prive met auto of minibus.<\/li>\n<li>Pick Up Time: Start vanaf 01:00 A.M.<\/li>\n<li>Hotel vragen om &#8217;s ochtends je ontbijttasje mee te nemen.<\/li>\n<li>Pick off Time: 19:00.<\/li>\n<li>Toegankelijk voor rolstoelen.<\/li>\n<li>Duur: 2 dagen \/ 1 nacht.<\/li>\n<\/ul>\n<p><strong>Reserveer nu en betaal later:<\/strong><\/p>\n<ul>\n<li>Contant geld ter plaatse om te begeleiden.<\/li>\n<li>Betaling in Egyptische ponden, $, \u20ac of \u00a3.<\/li>\n<\/ul>\n<p><strong>Annuleringsvoorwaarden:<\/strong><\/p>\n<ul>\n<li>Je kunt tot 24 uur van tevoren annuleren.<\/li>\n<li>Wanneer iemand van je familie de ochtend annuleert, betaal je 50% van de kosten.<\/li>\n<\/ul>\n<p><strong>Wat is inbegrepen?<\/strong><\/p>\n<ul>\n<li>Transfer van Hurghada Hotels &#8220;Ophalen en wegbrengen van hotel&#8221;.<\/li>\n<li>Alle belastingen, entreegelden en administratiekosten.<\/li>\n<li>Transfers.<\/li>\n<li>Reisleiding.<\/li>\n<li>1 Nacht in hotel met ontbijt.<\/li>\n<li>Drankjes.<\/li>\n<li>2 keer lunch in restaurant.<\/li>\n<\/ul>\n<p><strong>Uitsluitingen?<\/strong><\/p>\n<ul>\n<li>Fooien.<\/li>\n<li>Felucca tocht &#8220;Bootcruise&#8221; Voor 35 min= 10$.<\/li>\n<li>Extra&#8217;s die niet worden genoemd.<\/li>\n<\/ul>\n<h4><strong>Priv\u00e9 Ca\u00efro Alexandri\u00eb Tour vanuit Hurghada Prijzen:<\/strong><\/h4>\n<ul>\n<li><strong>Prijs volwassenen = vanaf 250$ per persoon<\/strong>.<\/li>\n<li>Prijs voor kinderen &#8220;5-12\u2033= 50%.<\/li>\n<li>voor kinderen &#8220;0-5\u2033= gratis.<\/li>\n<\/ul>\n<p>&nbsp;<\/p>\n<p><strong>Beoordelingen:<\/strong><\/p>\n<p>bekijk onze Google Map beoordelingen als beste <a href=\"https:\/\/g.page\/r\/CUeYvkngP3wkEBM\/review\">touroperator in Hurghada<\/a> online in <a href=\"https:\/\/hurghadalovers.com\/\">Hurghada<\/a> Egypte.<\/p>\n<p>&nbsp;<\/p>\n<p><strong>Opmerking:  <\/strong><\/p>\n<p>We maken ook een tour met transfer vanaf je hotel in El Goua, Soma baai, Makadi baai, Sahl Hasheesh, Safaga met extra kosten= 10$ per persoon.<\/p>\n<p>&nbsp;<\/p>\n<p><strong>Boeken:<\/strong><\/p>\n<p>Stuur hotel + kamernummer + fotopaspoorten naar WhatsApp: <strong>+201112596434<\/strong><\/p>\n<p>Als je uit Egypte Boek nu online en bevestig wanneer aankomst Hotel.<\/p>\n","protected":false},"excerpt":{"rendered":"<p>Priv\u00e9 rondleiding door Ca\u00efro en Alexandri\u00eb vanuit Hurghada &#8211; 2 dagen met de auto, minibus en priv\u00e9gids | Ontdek de belangrijkste historische monumenten in Egypte<\/p>\n","protected":false},"featured_media":381144,"template":"","meta":{"_joinchat":[]},"product_brand":[],"product_cat":[29382],"product_tag":[60506,60463,60540,60479,60548,60487,51908,60467,60504,60510,60508,51922],"class_list":{"0":"post-381173","1":"product","2":"type-product","3":"status-publish","4":"has-post-thumbnail","6":"product_cat-reizen-egypte","7":"product_tag-dagtocht-naar-cairo-vanuit-hurghada","8":"product_tag-dagtocht-van-hurghada-naar-piramides","9":"product_tag-dagtochten-vanuit-hurghada-nl","10":"product_tag-dingen-om-te-doen-in-hurghada","11":"product_tag-dingen-om-te-doen-met-babys-vanuit-hurghada","12":"product_tag-dingen-om-te-doen-met-het-gezin-vanuit-hurghada","13":"product_tag-egypte-privereizen","14":"product_tag-excursies-hurghada","15":"product_tag-hurghada-naar-piramides","16":"product_tag-hurghada-reis-naar-cairo","17":"product_tag-piramides-vanuit-hurghada","18":"product_tag-rondleidingen-cairo","19":"tour_category-hurghada-to-cairo-trips-nl","20":"tour_category-excursies-hurghada","22":"first","23":"instock","24":"sale","25":"shipping-taxable","26":"purchasable","27":"product-type-tour"},"yoast_head":"<!-- This site is optimized with the Yoast SEO Premium plugin v26.9 (Yoast SEO v27.2) - https:\/\/yoast.com\/product\/yoast-seo-premium-wordpress\/ -->\n<title>Priv\u00e9 Ca\u00efro Alexandri\u00eb Tour vanuit Hurghada - 2 Dagen<\/title>\n<meta name=\"description\" content=\"Priv\u00e9 rondleiding door Ca\u00efro en Alexandri\u00eb vanuit Hurghada - 2 dagen met de auto, minibus en priv\u00e9gids | Ontdek de belangrijkste historische monumenten in Egypte\" \/>\n<meta name=\"robots\" content=\"index, follow, max-snippet:-1, max-image-preview:large, max-video-preview:-1\" \/>\n<link rel=\"canonical\" href=\"https:\/\/hurghadalovers.com\/nl\/tours\/prive-cairo-alexandrie-tour-van-hurghada\/\" \/>\n<meta property=\"og:locale\" content=\"nl_NL\" \/>\n<meta property=\"og:type\" content=\"article\" \/>\n<meta property=\"og:title\" content=\"Priv\u00e9reis Ca\u00efro Alexandri\u00eb vanuit Hurghada\" \/>\n<meta property=\"og:description\" content=\"Priv\u00e9 rondleiding door Ca\u00efro en Alexandri\u00eb vanuit Hurghada - 2 dagen met de auto, minibus en priv\u00e9gids | Ontdek de belangrijkste historische monumenten in Egypte\" \/>\n<meta property=\"og:url\" content=\"https:\/\/hurghadalovers.com\/nl\/tours\/prive-cairo-alexandrie-tour-van-hurghada\/\" \/>\n<meta property=\"og:site_name\" content=\"Hurghada Excursions &amp; Day Trips | Booking Best Prices Tours\" \/>\n<meta property=\"article:publisher\" content=\"https:\/\/www.facebook.com\/Hurghadaloversegypt\" \/>\n<meta property=\"article:modified_time\" content=\"2026-02-09T08:18:41+00:00\" \/>\n<meta property=\"og:image\" content=\"https:\/\/hurghadalovers.com\/wp-content\/uploads\/2023\/08\/Private-Cairo-Alexandria-Tour-from-Hurghada.jpg\" \/>\n\t<meta property=\"og:image:width\" content=\"1555\" \/>\n\t<meta property=\"og:image:height\" content=\"899\" \/>\n\t<meta property=\"og:image:type\" content=\"image\/jpeg\" \/>\n<meta name=\"twitter:card\" content=\"summary_large_image\" \/>\n<meta name=\"twitter:label1\" content=\"Prijs\" \/>\n\t<meta name=\"twitter:data1\" content=\"&euro;&nbsp;390\" \/>\n\t<meta name=\"twitter:label2\" content=\"Beschikbaarheid\" \/>\n\t<meta name=\"twitter:data2\" content=\"Op voorraad\" \/>\n<script type=\"application\/ld+json\" class=\"yoast-schema-graph\">{\"@context\":\"https:\/\/schema.org\",\"@graph\":[{\"@type\":[\"WebPage\",\"ItemPage\"],\"@id\":\"https:\/\/hurghadalovers.com\/nl\/tours\/prive-cairo-alexandrie-tour-van-hurghada\/\",\"url\":\"https:\/\/hurghadalovers.com\/nl\/tours\/prive-cairo-alexandrie-tour-van-hurghada\/\",\"name\":\"Priv\u00e9 Ca\u00efro Alexandri\u00eb Tour vanuit Hurghada - 2 Dagen\",\"isPartOf\":{\"@id\":\"https:\/\/hurghadalovers.com\/nl\/#website\"},\"primaryImageOfPage\":{\"@id\":\"https:\/\/hurghadalovers.com\/nl\/tours\/prive-cairo-alexandrie-tour-van-hurghada\/#primaryimage\"},\"image\":{\"@id\":\"https:\/\/hurghadalovers.com\/nl\/tours\/prive-cairo-alexandrie-tour-van-hurghada\/#primaryimage\"},\"thumbnailUrl\":\"https:\/\/hurghadalovers.com\/wp-content\/uploads\/2023\/08\/Private-Cairo-Alexandria-Tour-from-Hurghada.jpg\",\"datePublished\":\"2023-08-19T10:44:44+00:00\",\"dateModified\":\"2026-02-09T08:18:41+00:00\",\"description\":\"Priv\u00e9 rondleiding door Ca\u00efro en Alexandri\u00eb vanuit Hurghada - 2 dagen met de auto, minibus en priv\u00e9gids | Ontdek de belangrijkste historische monumenten in Egypte\",\"breadcrumb\":{\"@id\":\"https:\/\/hurghadalovers.com\/nl\/tours\/prive-cairo-alexandrie-tour-van-hurghada\/#breadcrumb\"},\"inLanguage\":\"nl-NL\",\"potentialAction\":[{\"@type\":\"ReadAction\",\"target\":[\"https:\/\/hurghadalovers.com\/nl\/tours\/prive-cairo-alexandrie-tour-van-hurghada\/\"]}]},{\"@type\":\"ImageObject\",\"inLanguage\":\"nl-NL\",\"@id\":\"https:\/\/hurghadalovers.com\/nl\/tours\/prive-cairo-alexandrie-tour-van-hurghada\/#primaryimage\",\"url\":\"https:\/\/hurghadalovers.com\/wp-content\/uploads\/2023\/08\/Private-Cairo-Alexandria-Tour-from-Hurghada.jpg\",\"contentUrl\":\"https:\/\/hurghadalovers.com\/wp-content\/uploads\/2023\/08\/Private-Cairo-Alexandria-Tour-from-Hurghada.jpg\",\"width\":1555,\"height\":899,\"caption\":\"Priv\u00e9reis Ca\u00efro Alexandri\u00eb vanuit Hurghada\"},{\"@type\":\"BreadcrumbList\",\"@id\":\"https:\/\/hurghadalovers.com\/nl\/tours\/prive-cairo-alexandrie-tour-van-hurghada\/#breadcrumb\",\"itemListElement\":[{\"@type\":\"ListItem\",\"position\":1,\"name\":\"Home\",\"item\":\"https:\/\/hurghadalovers.com\/nl\/\"},{\"@type\":\"ListItem\",\"position\":2,\"name\":\"Winkel\",\"item\":\"https:\/\/hurghadalovers.com\/nl\/winkel\/\"},{\"@type\":\"ListItem\",\"position\":3,\"name\":\"Priv\u00e9reis Ca\u00efro Alexandri\u00eb vanuit Hurghada\"}]},{\"@type\":\"WebSite\",\"@id\":\"https:\/\/hurghadalovers.com\/nl\/#website\",\"url\":\"https:\/\/hurghadalovers.com\/nl\/\",\"name\":\"Hurghada Excursions & Day Trips | Booking Best Prices Tours\",\"description\":\"Hurghada Lovers - Best Tour Operator - Excursions &amp; Things to do for Family Day Trips with kids and Couples Romantic. Unique .Hidden gems\",\"publisher\":{\"@id\":\"https:\/\/hurghadalovers.com\/nl\/#organization\"},\"alternateName\":\"Hurghada Excursions\",\"potentialAction\":[{\"@type\":\"SearchAction\",\"target\":{\"@type\":\"EntryPoint\",\"urlTemplate\":\"https:\/\/hurghadalovers.com\/nl\/?s={search_term_string}\"},\"query-input\":{\"@type\":\"PropertyValueSpecification\",\"valueRequired\":true,\"valueName\":\"search_term_string\"}}],\"inLanguage\":\"nl-NL\"},{\"@type\":[\"Organization\",\"Place\",\"TravelAgency\"],\"@id\":\"https:\/\/hurghadalovers.com\/nl\/#organization\",\"name\":\"Hurghada Excursions\",\"url\":\"https:\/\/hurghadalovers.com\/nl\/\",\"logo\":{\"@id\":\"https:\/\/hurghadalovers.com\/nl\/tours\/prive-cairo-alexandrie-tour-van-hurghada\/#local-main-organization-logo\"},\"image\":{\"@id\":\"https:\/\/hurghadalovers.com\/nl\/tours\/prive-cairo-alexandrie-tour-van-hurghada\/#local-main-organization-logo\"},\"sameAs\":[\"https:\/\/www.facebook.com\/Hurghadaloversegypt\"],\"address\":{\"@id\":\"https:\/\/hurghadalovers.com\/nl\/tours\/prive-cairo-alexandrie-tour-van-hurghada\/#local-main-place-address\"},\"telephone\":[\"00201112596434\"],\"contactPoint\":{\"@type\":\"ContactPoint\",\"telephone\":\"00201112596434\",\"email\":\"weyouface@gmail.com\"},\"openingHoursSpecification\":{\"@type\":\"OpeningHoursSpecification\",\"dayOfWeek\":[\"Monday\",\"Tuesday\",\"Wednesday\",\"Thursday\",\"Friday\",\"Saturday\",\"Sunday\"],\"opens\":\"00:00\",\"closes\":\"23:59\"},\"email\":\"weyouface@gmail.com\",\"areaServed\":\"Luxor, Hurghada, El Gouna, Aswan, Sharm El Sheikh, Giza, Alexandria, Marsa Alam, Quseir, Soma Bay, Sahl Hasheesh, Red Sea, Makadi Bay, Cairo\",\"priceRange\":\"$\",\"currenciesAccepted\":\"euro\",\"paymentAccepted\":\"cash on site\"},{\"@type\":\"PostalAddress\",\"@id\":\"https:\/\/hurghadalovers.com\/nl\/tours\/prive-cairo-alexandrie-tour-van-hurghada\/#local-main-place-address\",\"streetAddress\":\"17 Banks street, Alkawther area, top nbk bank\",\"addressLocality\":\"hurghada\",\"postalCode\":\"84511\",\"addressRegion\":\"red sea\",\"addressCountry\":\"EG\"},{\"@type\":\"ImageObject\",\"inLanguage\":\"nl-NL\",\"@id\":\"https:\/\/hurghadalovers.com\/nl\/tours\/prive-cairo-alexandrie-tour-van-hurghada\/#local-main-organization-logo\",\"url\":\"https:\/\/hurghadalovers.com\/wp-content\/uploads\/2019\/10\/hurghada-excursions-logo.png\",\"contentUrl\":\"https:\/\/hurghadalovers.com\/wp-content\/uploads\/2019\/10\/hurghada-excursions-logo.png\",\"width\":272,\"height\":90,\"caption\":\"Hurghada Excursions\"}]}<\/script>\n<meta property=\"product:brand\" content=\"Dagtrips Ca\u00efro vanuit Hurghada\" \/>\n<meta property=\"product:price:amount\" content=\"390\" \/>\n<meta property=\"product:price:currency\" content=\"EUR\" \/>\n<meta property=\"og:availability\" content=\"instock\" \/>\n<meta property=\"product:availability\" content=\"instock\" \/>\n<meta property=\"product:retailer_item_id\" content=\"Private152024\" \/>\n<meta property=\"product:condition\" content=\"new\" \/>\n<meta name=\"geo.placename\" content=\"hurghada\" \/>\n<meta name=\"geo.region\" content=\"Egypte\" \/>\n<!-- \/ Yoast SEO Premium plugin. -->","yoast_head_json":{"title":"Priv\u00e9 Ca\u00efro Alexandri\u00eb Tour vanuit Hurghada - 2 Dagen","description":"Priv\u00e9 rondleiding door Ca\u00efro en Alexandri\u00eb vanuit Hurghada - 2 dagen met de auto, minibus en priv\u00e9gids | Ontdek de belangrijkste historische monumenten in Egypte","robots":{"index":"index","follow":"follow","max-snippet":"max-snippet:-1","max-image-preview":"max-image-preview:large","max-video-preview":"max-video-preview:-1"},"canonical":"https:\/\/hurghadalovers.com\/nl\/tours\/prive-cairo-alexandrie-tour-van-hurghada\/","og_locale":"nl_NL","og_type":"article","og_title":"Priv\u00e9reis Ca\u00efro Alexandri\u00eb vanuit Hurghada","og_description":"Priv\u00e9 rondleiding door Ca\u00efro en Alexandri\u00eb vanuit Hurghada - 2 dagen met de auto, minibus en priv\u00e9gids | Ontdek de belangrijkste historische monumenten in Egypte","og_url":"https:\/\/hurghadalovers.com\/nl\/tours\/prive-cairo-alexandrie-tour-van-hurghada\/","og_site_name":"Hurghada Excursions &amp; Day Trips | Booking Best Prices Tours","article_publisher":"https:\/\/www.facebook.com\/Hurghadaloversegypt","article_modified_time":"2026-02-09T08:18:41+00:00","og_image":[{"width":1555,"height":899,"url":"https:\/\/hurghadalovers.com\/wp-content\/uploads\/2023\/08\/Private-Cairo-Alexandria-Tour-from-Hurghada.jpg","type":"image\/jpeg"}],"twitter_card":"summary_large_image","twitter_misc":{"Prijs":"&euro;&nbsp;390","Beschikbaarheid":"Op voorraad"},"schema":{"@context":"https:\/\/schema.org","@graph":[{"@type":["WebPage","ItemPage"],"@id":"https:\/\/hurghadalovers.com\/nl\/tours\/prive-cairo-alexandrie-tour-van-hurghada\/","url":"https:\/\/hurghadalovers.com\/nl\/tours\/prive-cairo-alexandrie-tour-van-hurghada\/","name":"Priv\u00e9 Ca\u00efro Alexandri\u00eb Tour vanuit Hurghada - 2 Dagen","isPartOf":{"@id":"https:\/\/hurghadalovers.com\/nl\/#website"},"primaryImageOfPage":{"@id":"https:\/\/hurghadalovers.com\/nl\/tours\/prive-cairo-alexandrie-tour-van-hurghada\/#primaryimage"},"image":{"@id":"https:\/\/hurghadalovers.com\/nl\/tours\/prive-cairo-alexandrie-tour-van-hurghada\/#primaryimage"},"thumbnailUrl":"https:\/\/hurghadalovers.com\/wp-content\/uploads\/2023\/08\/Private-Cairo-Alexandria-Tour-from-Hurghada.jpg","datePublished":"2023-08-19T10:44:44+00:00","dateModified":"2026-02-09T08:18:41+00:00","description":"Priv\u00e9 rondleiding door Ca\u00efro en Alexandri\u00eb vanuit Hurghada - 2 dagen met de auto, minibus en priv\u00e9gids | Ontdek de belangrijkste historische monumenten in Egypte","breadcrumb":{"@id":"https:\/\/hurghadalovers.com\/nl\/tours\/prive-cairo-alexandrie-tour-van-hurghada\/#breadcrumb"},"inLanguage":"nl-NL","potentialAction":[{"@type":"ReadAction","target":["https:\/\/hurghadalovers.com\/nl\/tours\/prive-cairo-alexandrie-tour-van-hurghada\/"]}]},{"@type":"ImageObject","inLanguage":"nl-NL","@id":"https:\/\/hurghadalovers.com\/nl\/tours\/prive-cairo-alexandrie-tour-van-hurghada\/#primaryimage","url":"https:\/\/hurghadalovers.com\/wp-content\/uploads\/2023\/08\/Private-Cairo-Alexandria-Tour-from-Hurghada.jpg","contentUrl":"https:\/\/hurghadalovers.com\/wp-content\/uploads\/2023\/08\/Private-Cairo-Alexandria-Tour-from-Hurghada.jpg","width":1555,"height":899,"caption":"Priv\u00e9reis Ca\u00efro Alexandri\u00eb vanuit Hurghada"},{"@type":"BreadcrumbList","@id":"https:\/\/hurghadalovers.com\/nl\/tours\/prive-cairo-alexandrie-tour-van-hurghada\/#breadcrumb","itemListElement":[{"@type":"ListItem","position":1,"name":"Home","item":"https:\/\/hurghadalovers.com\/nl\/"},{"@type":"ListItem","position":2,"name":"Winkel","item":"https:\/\/hurghadalovers.com\/nl\/winkel\/"},{"@type":"ListItem","position":3,"name":"Priv\u00e9reis Ca\u00efro Alexandri\u00eb vanuit Hurghada"}]},{"@type":"WebSite","@id":"https:\/\/hurghadalovers.com\/nl\/#website","url":"https:\/\/hurghadalovers.com\/nl\/","name":"Hurghada Excursions & Day Trips | Booking Best Prices Tours","description":"Hurghada Lovers - Best Tour Operator - Excursions &amp; Things to do for Family Day Trips with kids and Couples Romantic. Unique .Hidden gems","publisher":{"@id":"https:\/\/hurghadalovers.com\/nl\/#organization"},"alternateName":"Hurghada Excursions","potentialAction":[{"@type":"SearchAction","target":{"@type":"EntryPoint","urlTemplate":"https:\/\/hurghadalovers.com\/nl\/?s={search_term_string}"},"query-input":{"@type":"PropertyValueSpecification","valueRequired":true,"valueName":"search_term_string"}}],"inLanguage":"nl-NL"},{"@type":["Organization","Place","TravelAgency"],"@id":"https:\/\/hurghadalovers.com\/nl\/#organization","name":"Hurghada Excursions","url":"https:\/\/hurghadalovers.com\/nl\/","logo":{"@id":"https:\/\/hurghadalovers.com\/nl\/tours\/prive-cairo-alexandrie-tour-van-hurghada\/#local-main-organization-logo"},"image":{"@id":"https:\/\/hurghadalovers.com\/nl\/tours\/prive-cairo-alexandrie-tour-van-hurghada\/#local-main-organization-logo"},"sameAs":["https:\/\/www.facebook.com\/Hurghadaloversegypt"],"address":{"@id":"https:\/\/hurghadalovers.com\/nl\/tours\/prive-cairo-alexandrie-tour-van-hurghada\/#local-main-place-address"},"telephone":["00201112596434"],"contactPoint":{"@type":"ContactPoint","telephone":"00201112596434","email":"weyouface@gmail.com"},"openingHoursSpecification":{"@type":"OpeningHoursSpecification","dayOfWeek":["Monday","Tuesday","Wednesday","Thursday","Friday","Saturday","Sunday"],"opens":"00:00","closes":"23:59"},"email":"weyouface@gmail.com","areaServed":"Luxor, Hurghada, El Gouna, Aswan, Sharm El Sheikh, Giza, Alexandria, Marsa Alam, Quseir, Soma Bay, Sahl Hasheesh, Red Sea, Makadi Bay, Cairo","priceRange":"$","currenciesAccepted":"euro","paymentAccepted":"cash on site"},{"@type":"PostalAddress","@id":"https:\/\/hurghadalovers.com\/nl\/tours\/prive-cairo-alexandrie-tour-van-hurghada\/#local-main-place-address","streetAddress":"17 Banks street, Alkawther area, top nbk bank","addressLocality":"hurghada","postalCode":"84511","addressRegion":"red sea","addressCountry":"EG"},{"@type":"ImageObject","inLanguage":"nl-NL","@id":"https:\/\/hurghadalovers.com\/nl\/tours\/prive-cairo-alexandrie-tour-van-hurghada\/#local-main-organization-logo","url":"https:\/\/hurghadalovers.com\/wp-content\/uploads\/2019\/10\/hurghada-excursions-logo.png","contentUrl":"https:\/\/hurghadalovers.com\/wp-content\/uploads\/2019\/10\/hurghada-excursions-logo.png","width":272,"height":90,"caption":"Hurghada Excursions"}]},"product_brand":"Dagtrips Ca\u00efro vanuit Hurghada","product_price_amount":"390","product_price_currency":"EUR","og_availability":"instock","product_availability":"instock","product_retailer_item_id":"Private152024","product_condition":"new","geo.placename":"hurghada","geo.region":"Egypte"},"_links":{"self":[{"href":"https:\/\/hurghadalovers.com\/nl\/wp-json\/wp\/v2\/product\/381173","targetHints":{"allow":["GET"]}}],"collection":[{"href":"https:\/\/hurghadalovers.com\/nl\/wp-json\/wp\/v2\/product"}],"about":[{"href":"https:\/\/hurghadalovers.com\/nl\/wp-json\/wp\/v2\/types\/product"}],"wp:featuredmedia":[{"embeddable":true,"href":"https:\/\/hurghadalovers.com\/nl\/wp-json\/wp\/v2\/media\/381144"}],"wp:attachment":[{"href":"https:\/\/hurghadalovers.com\/nl\/wp-json\/wp\/v2\/media?parent=381173"}],"wp:term":[{"taxonomy":"product_brand","embeddable":true,"href":"https:\/\/hurghadalovers.com\/nl\/wp-json\/wp\/v2\/product_brand?post=381173"},{"taxonomy":"product_cat","embeddable":true,"href":"https:\/\/hurghadalovers.com\/nl\/wp-json\/wp\/v2\/product_cat?post=381173"},{"taxonomy":"product_tag","embeddable":true,"href":"https:\/\/hurghadalovers.com\/nl\/wp-json\/wp\/v2\/product_tag?post=381173"}],"curies":[{"name":"wp","href":"https:\/\/api.w.org\/{rel}","templated":true}]}}