{"id":380320,"date":"2024-04-22T11:00:55","date_gmt":"2024-04-22T11:00:55","guid":{"rendered":"https:\/\/hurghadalovers.com\/shop\/niet-gecategoriseerd\/super-jeepsafari-vanuit-hurghada\/"},"modified":"2026-02-08T12:57:21","modified_gmt":"2026-02-08T12:57:21","slug":"super-jeep-safari-reis-van-hurghada","status":"publish","type":"product","link":"https:\/\/hurghadalovers.com\/nl\/tours\/super-jeep-safari-reis-van-hurghada\/","title":{"rendered":"Super Jeepsafari vanuit Hurghada"},"content":{"rendered":"<p><strong>Super Jeepsafari vanuit Hurghada<\/strong> Woestijnsafari met ATV Quad Bike, Spider Car en 4\u00d74 auto naar bedoe\u00efenendorp met kamelentocht en daarna BBQ-diner + traditionele show.<\/p>\n<p style=\"text-align: left;\"><span style=\"color: #ff6600;\"> Beste dingen om te doen in Hurghada voor <span style=\"color: #33cccc;\"><strong>Kindvriendelijk <\/strong><\/span><strong>Senioren<\/strong> &amp; <span style=\"color: #993366;\"><strong>Romantisch <\/strong><\/span>en <span style=\"color: #993366;\"><strong>Huwelijksreis voor koppels<\/strong><br \/>\n<\/span><\/span><\/p>\n<p>&nbsp;<\/p>\n<p><strong>Super Jeepsafari vanuit Hurghada Hoogtepunten:<\/strong><\/p>\n<ol>\n<li>4\u00d74 Jeep Auto.<\/li>\n<li>Quadtocht.<\/li>\n<li>Spider auto.<\/li>\n<li>Kameeltocht.<\/li>\n<li>Bedoe\u00efenendorp.<\/li>\n<li>BBQ Diner.<\/li>\n<li>Oosterse show.<\/li>\n<\/ol>\n<p><strong>Super Jeepsafari vanuit Hurghada Details:<\/strong><\/p>\n<ul>\n<li>Beschikbaarheid tour: Elke dag.<\/li>\n<li>Type tour: Groep.<\/li>\n<li>Pick Up Time: Start vanaf 11:45 AM..<\/li>\n<li>Pick off Time: 19:00.<\/li>\n<li>Duur: 7 uur.<\/li>\n<\/ul>\n<p><strong>Reserveer nu en betaal later:<\/strong><\/p>\n<ul>\n<li>Contant geld ter plaatse om te begeleiden.<\/li>\n<li>Betaling in Egyptische ponden, $, \u20ac of \u00a3.<\/li>\n<\/ul>\n<p><strong>Program<\/strong><strong>mabeschrijving<\/strong><strong>:<\/strong><\/p>\n<p><strong>12:00 <\/strong><strong>uur<\/strong><\/p>\n<ul>\n<li>Ophalen van je hotel in Hurghada.<\/li>\n<li>Tijd tussen je hotel en het safaristation = 10-20 min.<\/li>\n<\/ul>\n<p><strong>12:50 <\/strong><strong>uur<\/strong><\/p>\n<ul>\n<li>De Gids legt uit hoe je Quad motoren moet besturen.<\/li>\n<li>De gids helpt je bij het opzetten van de helm.<\/li>\n<\/ul>\n<p><strong>13:00 <\/strong><strong>uur<\/strong><\/p>\n<p>45 min Rijden op Quad Bikes.<\/p>\n<p><strong>14:00 <\/strong><strong>uur<\/strong><\/p>\n<p>20 min Rijden met Spider auto.<\/p>\n<p><strong>15:00 <\/strong><strong>uur<\/strong><strong> to<\/strong><strong>t<\/strong><strong> 15:30 <\/strong><strong>uur<\/strong><\/p>\n<p>Rijden met 4\u00d74 WD Jeep naar het bedoe\u00efenendorp.<\/p>\n<p><strong>15:30 <\/strong><strong>uur<\/strong><\/p>\n<ul>\n<li>Aankomst in bedoe\u00efenendorp<\/li>\n<li>Kameelrijden.<\/li>\n<li>Bedoe\u00efenenthee drinken<\/li>\n<li>Zien hoe het bedoe\u00efenenbrood in de bergen wordt gemaakt.<\/li>\n<li>De bergen beklimmen en de bergen van de Rode Zee en de woestijn bekijken, een prachtig en magisch uitzicht dat avontuur verdient en dan beginnen aan de complete Hurghada Bedoe\u00efenen Woestijnsafari Tour.<\/li>\n<\/ul>\n<p><strong>16:15 <\/strong><strong>uur<\/strong><\/p>\n<ul>\n<li>Begin te rijden met <strong>4\u00d74 WD Jeep<\/strong>.<\/li>\n<li>Stop 10 minuten om naar de <strong>zonsondergang achter de bergen <\/strong>te kijken en maak foto&#8217;s van bijzondere en onvergetelijke momenten.<\/li>\n<\/ul>\n<p><strong>17:00 <\/strong><strong>uur<\/strong><\/p>\n<p>BBQ diner &amp; oosterse show<\/p>\n<p><strong>19:00 <\/strong><strong>uur<\/strong><\/p>\n<p>Terugkeer naar je hotel in Hurghada.<\/p>\n<p><strong>Annuleringsvoorwaarden:<\/strong><\/p>\n<ul>\n<li>Je kunt tot 24 uur van tevoren annuleren.<\/li>\n<li>Wanneer iemand van je familie de ochtend annuleert, betaal je 50% van de kosten.<\/li>\n<\/ul>\n<p><strong>Wat is inbegrepen?<\/strong><\/p>\n<ul>\n<li>Transfer van Hurghada Hotels &#8220;Ophalen en wegbrengen van hotel&#8221;.<\/li>\n<li>Alle belastingen, entreegelden en administratiekosten.<\/li>\n<li>Transfers.<\/li>\n<li>Reisleiding.<\/li>\n<li>Helm.<\/li>\n<\/ul>\n<p><strong>Uitsluitingen?<\/strong><\/p>\n<ul>\n<li>Sjaal<\/li>\n<li>Veiligheidsbril<\/li>\n<li>Fooien.<\/li>\n<li>Fotografie voor de reis.<\/li>\n<li>Extra&#8217;s die niet worden genoemd.<\/li>\n<\/ul>\n<p><strong>Super Jeep Safari Trip vanuit Hurghada Prijzen:<\/strong><\/p>\n<ul>\n<li><strong>Prijs volwassenen = <\/strong><strong>25$<\/strong><strong> per persoon<\/strong>.<\/li>\n<li>Prijs voor kinderen &#8220;5-12\u2033= 50%.<\/li>\n<li>voor kinderen &#8220;0-5\u2033= gratis.<\/li>\n<\/ul>\n<p><strong>Beoordelingen:<\/strong><\/p>\n<p>bekijk onze Google Map beoordelingen als beste <a href=\"https:\/\/g.page\/r\/CUeYvkngP3wkEBM\/review\">touroperator in Hurghada<\/a> online in <a href=\"https:\/\/hurghadalovers.com\/\">Hurghada<\/a> Egypte.<\/p>\n<p>&nbsp;<\/p>\n<p><strong>Opmerking: <\/strong><\/p>\n<p>We maken ook een tour met transfer vanaf je hotel in El Goua, Soma baai, Makadi baai, Sahl Hasheesh, Safaga met extra kosten= 10$ per persoon.<\/p>\n<p>&nbsp;<\/p>\n<p><strong>Boeken:<\/strong><\/p>\n<p>Stuur hotel + kamernummer + fotopaspoorten naar WhatsApp: <strong>+201112596434<\/strong><\/p>\n<p>Als je uit Egypte Boek nu online en bevestig wanneer aankomst Hotel.<\/p>\n<p><strong>Waarom zou je voor <\/strong><strong>Hurghada Excursions <\/strong><strong>Lovers kiezen om een Jeep Safari Tour vanuit de resorts in Hurghada te boeken?<\/strong><\/p>\n<ul>\n<li><strong>Reserveringen voor de Jeep Safari Trips <\/strong>kunnen dagelijks worden gemaakt en alle trips vinden dagelijks plaats<strong>.<\/strong><\/li>\n<li>Ons doel is dat je geniet van de<strong> 4\u00d74 WD Jeep Safari Hurghada Trip<\/strong> en niet het geld en we behandelen en helpen je als \u00e9\u00e9n familie<strong>.<\/strong><\/li>\n<li>Concurrerende prijzen.<\/li>\n<li>Professioneel in de omgang.<\/li>\n<li>Naleving van kwaliteitsnormen voor toerisme en andere.<\/li>\n<li>Je kunt de beoordeling en opmerkingen van toeristen bekijken via ons offici\u00eble account op Google Map als Beste Reisbureau in Hurghada.<\/li>\n<li>Ons doel is om je <strong>HAPPY EN BLIJ<\/strong> te maken, niet om geld te verdienen.<\/li>\n<\/ul>\n<p><strong>Veelgestelde vragen<\/strong><strong>:<\/strong><\/p>\n<p><strong>Hoe is het leven van de bedoe\u00efenen in de woestijn?<\/strong><\/p>\n<p>Bedoe\u00efenen zijn voor het bepalen van de richting in de woestijn afhankelijk van de sterren &#8217;s nachts en de richting van de zonnestralen overdag. De bedoe\u00efenen leiden een zeer moeizaam leven als gevolg van de wind en het zand en de afwezigheid van dammen, naast de voortdurende verplaatsing van de ene plaats naar de andere op zoek naar een bron van voedsel en water.<\/p>\n<p>De bedoe\u00efenen zijn afhankelijk van het houden van vee, kamelen, geiten en schapen om melk en vlees te verkrijgen voor het bereiden van de lunch en het avondeten door direct boven het vuur te grillen.<\/p>\n<p><strong>Wat eten bedoe\u00efenen over het algemeen?<\/strong><\/p>\n<p>Bedoe\u00efenenbrood bestaande uit melk en water is \u00e9\u00e9n van de dagelijkse voedingsmiddelen naast geiten- en schapenvlees. Er zijn enkele maaltijden zoals meelballetjes, het koken van tarwekorrels en het mengen daarvan met vellen saj brood en het maken van kaas van de melk van runderen en kamelen.<\/p>\n","protected":false},"excerpt":{"rendered":"<p><strong>Super Jeepsafari vanuit Hurghada<\/strong> Woestijnsafari met ATV Quad Bike, Spider Car en 4\u00d74 auto naar bedoe\u00efenendorp met kamelentocht en daarna BBQ-diner + traditionele show.<\/p>\n","protected":false},"featured_media":487214,"template":"","meta":{"_joinchat":[]},"product_brand":[],"product_cat":[29382],"product_tag":[60660],"class_list":{"0":"post-380320","1":"product","2":"type-product","3":"status-publish","4":"has-post-thumbnail","6":"product_cat-reizen-egypte","7":"product_tag-safari-hurghada","8":"tour_category-excursies-hurghada","9":"tour_category-safari-hurghada-trips-nl","11":"first","12":"instock","13":"sale","14":"shipping-taxable","15":"purchasable","16":"product-type-tour"},"yoast_head":"<!-- This site is optimized with the Yoast SEO Premium plugin v26.9 (Yoast SEO v27.2) - https:\/\/yoast.com\/product\/yoast-seo-premium-wordpress\/ -->\n<title>Super Jeepsafari vanuit Hurghada Woestijnsafari met ATV<\/title>\n<meta name=\"description\" content=\"Super Jeepsafari vanuit Hurghada Woestijnsafari met ATV Quad Bike, Spider Car en 4\u00d74 auto naar bedoe\u00efenendorp met kamelentocht en daarna BBQ-diner + show.\" \/>\n<meta name=\"robots\" content=\"index, follow, max-snippet:-1, max-image-preview:large, max-video-preview:-1\" \/>\n<link rel=\"canonical\" href=\"https:\/\/hurghadalovers.com\/nl\/tours\/super-jeep-safari-reis-van-hurghada\/\" \/>\n<meta property=\"og:locale\" content=\"nl_NL\" \/>\n<meta property=\"og:type\" content=\"article\" \/>\n<meta property=\"og:title\" content=\"Super Jeepsafari vanuit Hurghada\" \/>\n<meta property=\"og:description\" content=\"Super Jeepsafari vanuit Hurghada Woestijnsafari met ATV Quad Bike, Spider Car en 4\u00d74 auto naar bedoe\u00efenendorp met kamelentocht en daarna BBQ-diner + show.\" \/>\n<meta property=\"og:url\" content=\"https:\/\/hurghadalovers.com\/nl\/tours\/super-jeep-safari-reis-van-hurghada\/\" \/>\n<meta property=\"og:site_name\" content=\"Hurghada Excursions &amp; Day Trips | Booking Best Prices Tours\" \/>\n<meta property=\"article:publisher\" content=\"https:\/\/www.facebook.com\/Hurghadaloversegypt\" \/>\n<meta property=\"article:modified_time\" content=\"2026-02-08T12:57:21+00:00\" \/>\n<meta property=\"og:image\" content=\"https:\/\/hurghadalovers.com\/wp-content\/uploads\/2024\/04\/Safari-Sahara-Hurghada-Jeep-4WD-Tours-2026.jpeg\" \/>\n\t<meta property=\"og:image:width\" content=\"960\" \/>\n\t<meta property=\"og:image:height\" content=\"1280\" \/>\n\t<meta property=\"og:image:type\" content=\"image\/jpeg\" \/>\n<meta name=\"twitter:card\" content=\"summary_large_image\" \/>\n<meta name=\"twitter:label1\" content=\"Prijs\" \/>\n\t<meta name=\"twitter:data1\" content=\"&euro;&nbsp;25\" \/>\n\t<meta name=\"twitter:label2\" content=\"Beschikbaarheid\" \/>\n\t<meta name=\"twitter:data2\" content=\"Op voorraad\" \/>\n<script type=\"application\/ld+json\" class=\"yoast-schema-graph\">{\"@context\":\"https:\/\/schema.org\",\"@graph\":[{\"@type\":[\"WebPage\",\"ItemPage\"],\"@id\":\"https:\/\/hurghadalovers.com\/nl\/tours\/super-jeep-safari-reis-van-hurghada\/\",\"url\":\"https:\/\/hurghadalovers.com\/nl\/tours\/super-jeep-safari-reis-van-hurghada\/\",\"name\":\"Super Jeepsafari vanuit Hurghada Woestijnsafari met ATV\",\"isPartOf\":{\"@id\":\"https:\/\/hurghadalovers.com\/nl\/#website\"},\"primaryImageOfPage\":{\"@id\":\"https:\/\/hurghadalovers.com\/nl\/tours\/super-jeep-safari-reis-van-hurghada\/#primaryimage\"},\"image\":{\"@id\":\"https:\/\/hurghadalovers.com\/nl\/tours\/super-jeep-safari-reis-van-hurghada\/#primaryimage\"},\"thumbnailUrl\":\"https:\/\/hurghadalovers.com\/wp-content\/uploads\/2024\/04\/Safari-Sahara-Hurghada-Jeep-4WD-Tours-2026.jpeg\",\"datePublished\":\"2024-04-22T11:00:55+00:00\",\"dateModified\":\"2026-02-08T12:57:21+00:00\",\"description\":\"Super Jeepsafari vanuit Hurghada Woestijnsafari met ATV Quad Bike, Spider Car en 4\u00d74 auto naar bedoe\u00efenendorp met kamelentocht en daarna BBQ-diner + show.\",\"breadcrumb\":{\"@id\":\"https:\/\/hurghadalovers.com\/nl\/tours\/super-jeep-safari-reis-van-hurghada\/#breadcrumb\"},\"inLanguage\":\"nl-NL\",\"potentialAction\":[{\"@type\":\"ReadAction\",\"target\":[\"https:\/\/hurghadalovers.com\/nl\/tours\/super-jeep-safari-reis-van-hurghada\/\"]}]},{\"@type\":\"ImageObject\",\"inLanguage\":\"nl-NL\",\"@id\":\"https:\/\/hurghadalovers.com\/nl\/tours\/super-jeep-safari-reis-van-hurghada\/#primaryimage\",\"url\":\"https:\/\/hurghadalovers.com\/wp-content\/uploads\/2024\/04\/Safari-Sahara-Hurghada-Jeep-4WD-Tours-2026.jpeg\",\"contentUrl\":\"https:\/\/hurghadalovers.com\/wp-content\/uploads\/2024\/04\/Safari-Sahara-Hurghada-Jeep-4WD-Tours-2026.jpeg\",\"width\":960,\"height\":1280,\"caption\":\"Safari Sahara Hurghada Jeep 4WD Tours 2026\"},{\"@type\":\"BreadcrumbList\",\"@id\":\"https:\/\/hurghadalovers.com\/nl\/tours\/super-jeep-safari-reis-van-hurghada\/#breadcrumb\",\"itemListElement\":[{\"@type\":\"ListItem\",\"position\":1,\"name\":\"Home\",\"item\":\"https:\/\/hurghadalovers.com\/nl\/\"},{\"@type\":\"ListItem\",\"position\":2,\"name\":\"Winkel\",\"item\":\"https:\/\/hurghadalovers.com\/nl\/winkel\/\"},{\"@type\":\"ListItem\",\"position\":3,\"name\":\"Super Jeepsafari vanuit Hurghada\"}]},{\"@type\":\"WebSite\",\"@id\":\"https:\/\/hurghadalovers.com\/nl\/#website\",\"url\":\"https:\/\/hurghadalovers.com\/nl\/\",\"name\":\"Hurghada Excursions & Day Trips | Booking Best Prices Tours\",\"description\":\"Hurghada Lovers - Best Tour Operator - Excursions &amp; Things to do for Family Day Trips with kids and Couples Romantic. Unique .Hidden gems\",\"publisher\":{\"@id\":\"https:\/\/hurghadalovers.com\/nl\/#organization\"},\"alternateName\":\"Hurghada Excursions\",\"potentialAction\":[{\"@type\":\"SearchAction\",\"target\":{\"@type\":\"EntryPoint\",\"urlTemplate\":\"https:\/\/hurghadalovers.com\/nl\/?s={search_term_string}\"},\"query-input\":{\"@type\":\"PropertyValueSpecification\",\"valueRequired\":true,\"valueName\":\"search_term_string\"}}],\"inLanguage\":\"nl-NL\"},{\"@type\":[\"Organization\",\"Place\",\"TravelAgency\"],\"@id\":\"https:\/\/hurghadalovers.com\/nl\/#organization\",\"name\":\"Hurghada Excursions\",\"url\":\"https:\/\/hurghadalovers.com\/nl\/\",\"logo\":{\"@id\":\"https:\/\/hurghadalovers.com\/nl\/tours\/super-jeep-safari-reis-van-hurghada\/#local-main-organization-logo\"},\"image\":{\"@id\":\"https:\/\/hurghadalovers.com\/nl\/tours\/super-jeep-safari-reis-van-hurghada\/#local-main-organization-logo\"},\"sameAs\":[\"https:\/\/www.facebook.com\/Hurghadaloversegypt\"],\"address\":{\"@id\":\"https:\/\/hurghadalovers.com\/nl\/tours\/super-jeep-safari-reis-van-hurghada\/#local-main-place-address\"},\"telephone\":[\"00201112596434\"],\"contactPoint\":{\"@type\":\"ContactPoint\",\"telephone\":\"00201112596434\",\"email\":\"weyouface@gmail.com\"},\"openingHoursSpecification\":{\"@type\":\"OpeningHoursSpecification\",\"dayOfWeek\":[\"Monday\",\"Tuesday\",\"Wednesday\",\"Thursday\",\"Friday\",\"Saturday\",\"Sunday\"],\"opens\":\"00:00\",\"closes\":\"23:59\"},\"email\":\"weyouface@gmail.com\",\"areaServed\":\"Luxor, Hurghada, El Gouna, Aswan, Sharm El Sheikh, Giza, Alexandria, Marsa Alam, Quseir, Soma Bay, Sahl Hasheesh, Red Sea, Makadi Bay, Cairo\",\"priceRange\":\"$\",\"currenciesAccepted\":\"euro\",\"paymentAccepted\":\"cash on site\"},{\"@type\":\"PostalAddress\",\"@id\":\"https:\/\/hurghadalovers.com\/nl\/tours\/super-jeep-safari-reis-van-hurghada\/#local-main-place-address\",\"streetAddress\":\"17 Banks street, Alkawther area, top nbk bank\",\"addressLocality\":\"hurghada\",\"postalCode\":\"84511\",\"addressRegion\":\"red sea\",\"addressCountry\":\"EG\"},{\"@type\":\"ImageObject\",\"inLanguage\":\"nl-NL\",\"@id\":\"https:\/\/hurghadalovers.com\/nl\/tours\/super-jeep-safari-reis-van-hurghada\/#local-main-organization-logo\",\"url\":\"https:\/\/hurghadalovers.com\/wp-content\/uploads\/2019\/10\/hurghada-excursions-logo.png\",\"contentUrl\":\"https:\/\/hurghadalovers.com\/wp-content\/uploads\/2019\/10\/hurghada-excursions-logo.png\",\"width\":272,\"height\":90,\"caption\":\"Hurghada Excursions\"}]}<\/script>\n<meta property=\"product:brand\" content=\"Wat te doen in Hurghada\" \/>\n<meta property=\"product:price:amount\" content=\"25\" \/>\n<meta property=\"product:price:currency\" content=\"EUR\" \/>\n<meta property=\"og:availability\" content=\"instock\" \/>\n<meta property=\"product:availability\" content=\"instock\" \/>\n<meta property=\"product:retailer_item_id\" content=\"Safari042024\" \/>\n<meta property=\"product:condition\" content=\"new\" \/>\n<meta name=\"geo.placename\" content=\"hurghada\" \/>\n<meta name=\"geo.region\" content=\"Egypte\" \/>\n<!-- \/ Yoast SEO Premium plugin. -->","yoast_head_json":{"title":"Super Jeepsafari vanuit Hurghada Woestijnsafari met ATV","description":"Super Jeepsafari vanuit Hurghada Woestijnsafari met ATV Quad Bike, Spider Car en 4\u00d74 auto naar bedoe\u00efenendorp met kamelentocht en daarna BBQ-diner + show.","robots":{"index":"index","follow":"follow","max-snippet":"max-snippet:-1","max-image-preview":"max-image-preview:large","max-video-preview":"max-video-preview:-1"},"canonical":"https:\/\/hurghadalovers.com\/nl\/tours\/super-jeep-safari-reis-van-hurghada\/","og_locale":"nl_NL","og_type":"article","og_title":"Super Jeepsafari vanuit Hurghada","og_description":"Super Jeepsafari vanuit Hurghada Woestijnsafari met ATV Quad Bike, Spider Car en 4\u00d74 auto naar bedoe\u00efenendorp met kamelentocht en daarna BBQ-diner + show.","og_url":"https:\/\/hurghadalovers.com\/nl\/tours\/super-jeep-safari-reis-van-hurghada\/","og_site_name":"Hurghada Excursions &amp; Day Trips | Booking Best Prices Tours","article_publisher":"https:\/\/www.facebook.com\/Hurghadaloversegypt","article_modified_time":"2026-02-08T12:57:21+00:00","og_image":[{"width":960,"height":1280,"url":"https:\/\/hurghadalovers.com\/wp-content\/uploads\/2024\/04\/Safari-Sahara-Hurghada-Jeep-4WD-Tours-2026.jpeg","type":"image\/jpeg"}],"twitter_card":"summary_large_image","twitter_misc":{"Prijs":"&euro;&nbsp;25","Beschikbaarheid":"Op voorraad"},"schema":{"@context":"https:\/\/schema.org","@graph":[{"@type":["WebPage","ItemPage"],"@id":"https:\/\/hurghadalovers.com\/nl\/tours\/super-jeep-safari-reis-van-hurghada\/","url":"https:\/\/hurghadalovers.com\/nl\/tours\/super-jeep-safari-reis-van-hurghada\/","name":"Super Jeepsafari vanuit Hurghada Woestijnsafari met ATV","isPartOf":{"@id":"https:\/\/hurghadalovers.com\/nl\/#website"},"primaryImageOfPage":{"@id":"https:\/\/hurghadalovers.com\/nl\/tours\/super-jeep-safari-reis-van-hurghada\/#primaryimage"},"image":{"@id":"https:\/\/hurghadalovers.com\/nl\/tours\/super-jeep-safari-reis-van-hurghada\/#primaryimage"},"thumbnailUrl":"https:\/\/hurghadalovers.com\/wp-content\/uploads\/2024\/04\/Safari-Sahara-Hurghada-Jeep-4WD-Tours-2026.jpeg","datePublished":"2024-04-22T11:00:55+00:00","dateModified":"2026-02-08T12:57:21+00:00","description":"Super Jeepsafari vanuit Hurghada Woestijnsafari met ATV Quad Bike, Spider Car en 4\u00d74 auto naar bedoe\u00efenendorp met kamelentocht en daarna BBQ-diner + show.","breadcrumb":{"@id":"https:\/\/hurghadalovers.com\/nl\/tours\/super-jeep-safari-reis-van-hurghada\/#breadcrumb"},"inLanguage":"nl-NL","potentialAction":[{"@type":"ReadAction","target":["https:\/\/hurghadalovers.com\/nl\/tours\/super-jeep-safari-reis-van-hurghada\/"]}]},{"@type":"ImageObject","inLanguage":"nl-NL","@id":"https:\/\/hurghadalovers.com\/nl\/tours\/super-jeep-safari-reis-van-hurghada\/#primaryimage","url":"https:\/\/hurghadalovers.com\/wp-content\/uploads\/2024\/04\/Safari-Sahara-Hurghada-Jeep-4WD-Tours-2026.jpeg","contentUrl":"https:\/\/hurghadalovers.com\/wp-content\/uploads\/2024\/04\/Safari-Sahara-Hurghada-Jeep-4WD-Tours-2026.jpeg","width":960,"height":1280,"caption":"Safari Sahara Hurghada Jeep 4WD Tours 2026"},{"@type":"BreadcrumbList","@id":"https:\/\/hurghadalovers.com\/nl\/tours\/super-jeep-safari-reis-van-hurghada\/#breadcrumb","itemListElement":[{"@type":"ListItem","position":1,"name":"Home","item":"https:\/\/hurghadalovers.com\/nl\/"},{"@type":"ListItem","position":2,"name":"Winkel","item":"https:\/\/hurghadalovers.com\/nl\/winkel\/"},{"@type":"ListItem","position":3,"name":"Super Jeepsafari vanuit Hurghada"}]},{"@type":"WebSite","@id":"https:\/\/hurghadalovers.com\/nl\/#website","url":"https:\/\/hurghadalovers.com\/nl\/","name":"Hurghada Excursions & Day Trips | Booking Best Prices Tours","description":"Hurghada Lovers - Best Tour Operator - Excursions &amp; Things to do for Family Day Trips with kids and Couples Romantic. Unique .Hidden gems","publisher":{"@id":"https:\/\/hurghadalovers.com\/nl\/#organization"},"alternateName":"Hurghada Excursions","potentialAction":[{"@type":"SearchAction","target":{"@type":"EntryPoint","urlTemplate":"https:\/\/hurghadalovers.com\/nl\/?s={search_term_string}"},"query-input":{"@type":"PropertyValueSpecification","valueRequired":true,"valueName":"search_term_string"}}],"inLanguage":"nl-NL"},{"@type":["Organization","Place","TravelAgency"],"@id":"https:\/\/hurghadalovers.com\/nl\/#organization","name":"Hurghada Excursions","url":"https:\/\/hurghadalovers.com\/nl\/","logo":{"@id":"https:\/\/hurghadalovers.com\/nl\/tours\/super-jeep-safari-reis-van-hurghada\/#local-main-organization-logo"},"image":{"@id":"https:\/\/hurghadalovers.com\/nl\/tours\/super-jeep-safari-reis-van-hurghada\/#local-main-organization-logo"},"sameAs":["https:\/\/www.facebook.com\/Hurghadaloversegypt"],"address":{"@id":"https:\/\/hurghadalovers.com\/nl\/tours\/super-jeep-safari-reis-van-hurghada\/#local-main-place-address"},"telephone":["00201112596434"],"contactPoint":{"@type":"ContactPoint","telephone":"00201112596434","email":"weyouface@gmail.com"},"openingHoursSpecification":{"@type":"OpeningHoursSpecification","dayOfWeek":["Monday","Tuesday","Wednesday","Thursday","Friday","Saturday","Sunday"],"opens":"00:00","closes":"23:59"},"email":"weyouface@gmail.com","areaServed":"Luxor, Hurghada, El Gouna, Aswan, Sharm El Sheikh, Giza, Alexandria, Marsa Alam, Quseir, Soma Bay, Sahl Hasheesh, Red Sea, Makadi Bay, Cairo","priceRange":"$","currenciesAccepted":"euro","paymentAccepted":"cash on site"},{"@type":"PostalAddress","@id":"https:\/\/hurghadalovers.com\/nl\/tours\/super-jeep-safari-reis-van-hurghada\/#local-main-place-address","streetAddress":"17 Banks street, Alkawther area, top nbk bank","addressLocality":"hurghada","postalCode":"84511","addressRegion":"red sea","addressCountry":"EG"},{"@type":"ImageObject","inLanguage":"nl-NL","@id":"https:\/\/hurghadalovers.com\/nl\/tours\/super-jeep-safari-reis-van-hurghada\/#local-main-organization-logo","url":"https:\/\/hurghadalovers.com\/wp-content\/uploads\/2019\/10\/hurghada-excursions-logo.png","contentUrl":"https:\/\/hurghadalovers.com\/wp-content\/uploads\/2019\/10\/hurghada-excursions-logo.png","width":272,"height":90,"caption":"Hurghada Excursions"}]},"product_brand":"Wat te doen in Hurghada","product_price_amount":"25","product_price_currency":"EUR","og_availability":"instock","product_availability":"instock","product_retailer_item_id":"Safari042024","product_condition":"new","geo.placename":"hurghada","geo.region":"Egypte"},"_links":{"self":[{"href":"https:\/\/hurghadalovers.com\/nl\/wp-json\/wp\/v2\/product\/380320","targetHints":{"allow":["GET"]}}],"collection":[{"href":"https:\/\/hurghadalovers.com\/nl\/wp-json\/wp\/v2\/product"}],"about":[{"href":"https:\/\/hurghadalovers.com\/nl\/wp-json\/wp\/v2\/types\/product"}],"wp:featuredmedia":[{"embeddable":true,"href":"https:\/\/hurghadalovers.com\/nl\/wp-json\/wp\/v2\/media\/487214"}],"wp:attachment":[{"href":"https:\/\/hurghadalovers.com\/nl\/wp-json\/wp\/v2\/media?parent=380320"}],"wp:term":[{"taxonomy":"product_brand","embeddable":true,"href":"https:\/\/hurghadalovers.com\/nl\/wp-json\/wp\/v2\/product_brand?post=380320"},{"taxonomy":"product_cat","embeddable":true,"href":"https:\/\/hurghadalovers.com\/nl\/wp-json\/wp\/v2\/product_cat?post=380320"},{"taxonomy":"product_tag","embeddable":true,"href":"https:\/\/hurghadalovers.com\/nl\/wp-json\/wp\/v2\/product_tag?post=380320"}],"curies":[{"name":"wp","href":"https:\/\/api.w.org\/{rel}","templated":true}]}}