{"id":482776,"date":"2024-11-26T20:31:32","date_gmt":"2024-11-26T20:36:43","guid":{"rendered":"https:\/\/hurghadalovers.com\/product\/makadi-lica-aktivitates-2024-2025\/"},"modified":"2024-11-26T20:46:05","modified_gmt":"2024-11-26T20:46:05","slug":"makadi-lica-aktivitates-2024-2025","status":"publish","type":"product","link":"https:\/\/hurghadalovers.com\/lv\/tours\/makadi-lica-aktivitates-2024-2025\/","title":{"rendered":"Makadi l\u012b\u010da aktivit\u0101tes 2024\/2025"},"content":{"rendered":"<p>Makadi l\u012b\u010da aktivit\u0101tes 2024\/2025<\/p>\n","protected":false},"excerpt":{"rendered":"<p>Makadi l\u012b\u010da aktivit\u0101tes 2024\/2025<\/p>\n","protected":false},"featured_media":0,"template":"","meta":{"_joinchat":[]},"product_brand":[],"product_cat":[36667],"product_tag":[51141,51150,51152,50203,51136,51183,51219,51231,51288,51237,51279,50194,50196,51318,51201,51157,51155,51222,51249,51246,51176,51138,51151,51228,51135,51145,51166,51268,51252,50193,51149,51137,51139,50188,50199,51163,51160,51192,51140,51154,51243,51144,50191,51146,51294,50189,51153,50198,51274,50190,50192,50187,51133,51170,51186,51148,50200,51207,51291,51147,51297,51134,51216,51282,51285,51143,51142,51195,51255,51240,51234,51264,51276,51315,51312,51172,51271,51179,51261,51189,51300,50201,50202,50197,51213,51225,51306,51204,51258,51198,51309,50195,51303,51210],"class_list":{"0":"post-482776","1":"product","2":"type-product","3":"status-publish","5":"product_cat-ekskursijas","6":"product_tag-aktivitates-2-gadus-veciem-berniem-no-makadi-bay","7":"product_tag-aktivitates-berniem-makadi-lici","8":"product_tag-aktivitates-mazuliem-no-makadi-lica","9":"product_tag-aktivitates-pariem-makadi-lici-iekstelpas","10":"product_tag-aktivitates-pusaudziem-no-makadi-lica","11":"product_tag-atruma-laivu-makadi-licis","12":"product_tag-atv-makadi-licis","13":"product_tag-beduinu-ciemats-makadi-bay","14":"product_tag-bobos-makadi-bay-udenssports","15":"product_tag-celojums-uz-luksoru-no-makadi-lica","16":"product_tag-delfinu-sovs-makadi-lici","17":"product_tag-dienas-celojumi-no-makadi-lica","18":"product_tag-dienas-ekskursijas-no-makadi-lica","19":"product_tag-dolphin-house-makadi-bay-lv","20":"product_tag-dzipu-safari-makadi-licis","21":"product_tag-egipte-luxury-tours","22":"product_tag-egipte-privatas-ekskursijas","23":"product_tag-ekskursija-ar-bagiju-pa-makadi-lici","24":"product_tag-ekskursija-uz-luksoru-no-makadi-lica","25":"product_tag-ekskursijas-no-makadi-lica-uz-luksoru","26":"product_tag-giftun-sala-makadi-licis","27":"product_tag-gimenes-izklaides-vietas-no-makadi-lica","28":"product_tag-iekstelpu-izklaides-aktivitates-no-makadi-lica","29":"product_tag-izjades-ar-kamieliem-makadi-lici","30":"product_tag-jautras-gimenes-aktivitates-makadi-lici","31":"product_tag-jautras-vietas-kur-doties-ar-gimeni-no-makadi-lica","32":"product_tag-kaira-privatas-ekskursijas","33":"product_tag-kairas-dienas-celojums-no-makadi-lica","34":"product_tag-karsta-gaisa-balons-makadi-bay","35":"product_tag-ko-apskatit-makadi-lici","36":"product_tag-ko-darit-ar-berniem-makadi-lici","37":"product_tag-ko-darit-ar-gimeni-no-makadi-lica","38":"product_tag-ko-darit-ar-zidainiem-no-makadi-lica","39":"product_tag-ko-darit-makadi-lici","40":"product_tag-ko-darit-makadi-lici-pariem","41":"product_tag-labakie-egiptes-privatie-turisma-uznemumi","42":"product_tag-labakie-luksusa-egiptes-ekskursiju-uznemumi","43":"product_tag-laivu-noma-makadi-lici","44":"product_tag-letas-gimenes-dienas-no-makadi-lica","45":"product_tag-luksora-privatas-ekskursijas","46":"product_tag-luksoras-dienas-ekskursija-no-makadi-lica","47":"product_tag-makadi-bay-aktivitates-berniem","48":"product_tag-makadi-bay-ko-darit","49":"product_tag-makadi-bay-leti-celojumi-gimenem","50":"product_tag-makadi-bay-udens-atrakciju-parks","51":"product_tag-makadi-lica-aktivitates","52":"product_tag-makadi-lica-aktivitates-gimenei","53":"product_tag-makadi-lica-aktivitates-pariem","54":"product_tag-makadi-lica-celojums-uz-kairu","55":"product_tag-makadi-lica-dienas-celojums","56":"product_tag-makadi-lica-dienas-ekskursijas","57":"product_tag-makadi-lica-ekskursijas","58":"product_tag-makadi-lica-gimenes-dienas","59":"product_tag-makadi-lica-laivu-braucieni","60":"product_tag-makadi-lica-laivu-carteri","61":"product_tag-makadi-lica-nirsana-ar-akvalangu","62":"product_tag-makadi-lica-romantiskas-ekskursijas","63":"product_tag-makadi-lica-safari-ar-bagijiem","64":"product_tag-makadi-lica-serfosana","65":"product_tag-makadi-lica-snorkelesanas-braucieni","66":"product_tag-makadi-lica-zemudenes-ture","67":"product_tag-makadi-lici-veicamie-pasakumi-gimenei","68":"product_tag-makadi-licis-ar-kvadraciklu","69":"product_tag-makadi-licis-ar-paraplanu","70":"product_tag-makadi-licis-ar-paraplanu-lv","71":"product_tag-makadi-licis-berniem-draudzigas-ekskursijas","72":"product_tag-makadi-licis-gimenei-draudzigas-aktivitates","73":"product_tag-makadi-licis-privats-brauciens-ar-laivu","74":"product_tag-makadi-licis-uz-karalu-ieleju","75":"product_tag-makadi-licis-uz-luksoru-autobuss","76":"product_tag-makadi-licis-uz-luksoru-dienas-celojums","77":"product_tag-makadi-licis-uz-piramidam","78":"product_tag-makadi-licis-uz-piramidam-dienas-celojums","79":"product_tag-oranza-lica-sala-makadi-licis","80":"product_tag-paradizes-sala-makadi-licis","81":"product_tag-peldesanas-ar-delfiniem-makadi-lici","82":"product_tag-piramidas-no-makadi-lica","83":"product_tag-piratu-laiva-makadi-lici","84":"product_tag-privata-ekskursija-uz-luksoru-no-makadi-lica","85":"product_tag-privata-laiva-makadi-licis","86":"product_tag-puszemudens-makadi-licis","87":"product_tag-romantiskas-aktivitates-makadi-lici","88":"product_tag-romantiskas-aktivitates-pariem-makadi-lici","89":"product_tag-romantiskas-lietas-ko-darit-makadi-lici","90":"product_tag-safari-sahara-makadi-bay-lv","91":"product_tag-safari-ture-makadi-lici","92":"product_tag-stikla-dibena-laiva-makadi-lici","93":"product_tag-super-safari-makadi-licis","94":"product_tag-transfers-no-luxor-uz-makadi-bay","95":"product_tag-tuksnesa-safari-makadi-lici","96":"product_tag-utopia-island-makadi-licis","97":"product_tag-vietas-ko-apmeklet-makadi-bay","98":"product_tag-zemudens-celojums-makadi-lici","99":"product_tag-zvaigznu-verosana-makadi-lici","100":"tour_category-ekskursijas-uz-egipti","102":"first","103":"instock","104":"sale","105":"shipping-taxable","106":"purchasable","107":"product-type-tour"},"yoast_head":"<!-- This site is optimized with the Yoast SEO Premium plugin v26.9 (Yoast SEO v27.2) - https:\/\/yoast.com\/product\/yoast-seo-premium-wordpress\/ -->\n<title>Makadi l\u012b\u010da aktivit\u0101tes 2024\/2025 - Hurghada Excursions &amp; Day Trips | Booking Best Prices Tours<\/title>\n<meta name=\"robots\" content=\"index, follow, max-snippet:-1, max-image-preview:large, max-video-preview:-1\" \/>\n<link rel=\"canonical\" href=\"https:\/\/hurghadalovers.com\/lv\/tours\/makadi-lica-aktivitates-2024-2025\/\" \/>\n<meta property=\"og:locale\" content=\"lv_LV\" \/>\n<meta property=\"og:type\" content=\"article\" \/>\n<meta property=\"og:title\" content=\"Makadi l\u012b\u010da aktivit\u0101tes 2024\/2025\" \/>\n<meta property=\"og:description\" content=\"Makadi l\u012b\u010da aktivit\u0101tes 2024\/2025\" \/>\n<meta property=\"og:url\" content=\"https:\/\/hurghadalovers.com\/lv\/tours\/makadi-lica-aktivitates-2024-2025\/\" \/>\n<meta property=\"og:site_name\" content=\"Hurghada Excursions &amp; Day Trips | Booking Best Prices Tours\" \/>\n<meta property=\"article:publisher\" content=\"https:\/\/www.facebook.com\/Hurghadaloversegypt\" \/>\n<meta property=\"article:modified_time\" content=\"2024-11-26T20:46:05+00:00\" \/>\n<meta property=\"og:image\" content=\"https:\/\/hurghadalovers.com\/wp-content\/uploads\/2025\/02\/Hurghada-Excursions-Day-Trips-Booking-Best-Prices-Tours.jpeg\" \/>\n\t<meta property=\"og:image:width\" content=\"1156\" \/>\n\t<meta property=\"og:image:height\" content=\"867\" \/>\n\t<meta property=\"og:image:type\" content=\"image\/jpeg\" \/>\n<meta name=\"twitter:card\" content=\"summary_large_image\" \/>\n<meta name=\"twitter:label1\" content=\"Price\" \/>\n\t<meta name=\"twitter:data1\" content=\"&euro;&nbsp;20\" \/>\n\t<meta name=\"twitter:label2\" content=\"Availability\" \/>\n\t<meta name=\"twitter:data2\" content=\"In stock\" \/>\n<script type=\"application\/ld+json\" class=\"yoast-schema-graph\">{\"@context\":\"https:\/\/schema.org\",\"@graph\":[{\"@type\":[\"WebPage\",\"ItemPage\"],\"@id\":\"https:\/\/hurghadalovers.com\/lv\/tours\/makadi-lica-aktivitates-2024-2025\/\",\"url\":\"https:\/\/hurghadalovers.com\/lv\/tours\/makadi-lica-aktivitates-2024-2025\/\",\"name\":\"Makadi l\u012b\u010da aktivit\u0101tes 2024\/2025 - Hurghada Excursions &amp; Day Trips | Booking Best Prices Tours\",\"isPartOf\":{\"@id\":\"https:\/\/hurghadalovers.com\/lv\/#website\"},\"datePublished\":\"2024-11-26T20:36:43+00:00\",\"dateModified\":\"2024-11-26T20:46:05+00:00\",\"breadcrumb\":{\"@id\":\"https:\/\/hurghadalovers.com\/lv\/tours\/makadi-lica-aktivitates-2024-2025\/#breadcrumb\"},\"inLanguage\":\"lv-LV\",\"potentialAction\":[{\"@type\":\"ReadAction\",\"target\":[\"https:\/\/hurghadalovers.com\/lv\/tours\/makadi-lica-aktivitates-2024-2025\/\"]}]},{\"@type\":\"BreadcrumbList\",\"@id\":\"https:\/\/hurghadalovers.com\/lv\/tours\/makadi-lica-aktivitates-2024-2025\/#breadcrumb\",\"itemListElement\":[{\"@type\":\"ListItem\",\"position\":1,\"name\":\"Home\",\"item\":\"https:\/\/hurghadalovers.com\/lv\/\"},{\"@type\":\"ListItem\",\"position\":2,\"name\":\"Shop\",\"item\":\"https:\/\/hurghadalovers.com\/shop\/\"},{\"@type\":\"ListItem\",\"position\":3,\"name\":\"Makadi l\u012b\u010da aktivit\u0101tes 2024\/2025\"}]},{\"@type\":\"WebSite\",\"@id\":\"https:\/\/hurghadalovers.com\/lv\/#website\",\"url\":\"https:\/\/hurghadalovers.com\/lv\/\",\"name\":\"Hurghada Excursions & Day Trips | Booking Best Prices Tours\",\"description\":\"Hurghada Lovers - Best Tour Operator - Excursions &amp; Things to do for Family Day Trips with kids and Couples Romantic. Unique .Hidden gems\",\"publisher\":{\"@id\":\"https:\/\/hurghadalovers.com\/lv\/#organization\"},\"alternateName\":\"Hurghada Excursions\",\"potentialAction\":[{\"@type\":\"SearchAction\",\"target\":{\"@type\":\"EntryPoint\",\"urlTemplate\":\"https:\/\/hurghadalovers.com\/lv\/?s={search_term_string}\"},\"query-input\":{\"@type\":\"PropertyValueSpecification\",\"valueRequired\":true,\"valueName\":\"search_term_string\"}}],\"inLanguage\":\"lv-LV\"},{\"@type\":[\"Organization\",\"Place\",\"TravelAgency\"],\"@id\":\"https:\/\/hurghadalovers.com\/lv\/#organization\",\"name\":\"Hurghada Excursions\",\"url\":\"https:\/\/hurghadalovers.com\/lv\/\",\"logo\":{\"@id\":\"https:\/\/hurghadalovers.com\/lv\/tours\/makadi-lica-aktivitates-2024-2025\/#local-main-organization-logo\"},\"image\":{\"@id\":\"https:\/\/hurghadalovers.com\/lv\/tours\/makadi-lica-aktivitates-2024-2025\/#local-main-organization-logo\"},\"sameAs\":[\"https:\/\/www.facebook.com\/Hurghadaloversegypt\"],\"address\":{\"@id\":\"https:\/\/hurghadalovers.com\/lv\/tours\/makadi-lica-aktivitates-2024-2025\/#local-main-place-address\"},\"telephone\":[\"00201112596434\"],\"contactPoint\":{\"@type\":\"ContactPoint\",\"telephone\":\"00201112596434\",\"email\":\"weyouface@gmail.com\"},\"openingHoursSpecification\":{\"@type\":\"OpeningHoursSpecification\",\"dayOfWeek\":[\"Monday\",\"Tuesday\",\"Wednesday\",\"Thursday\",\"Friday\",\"Saturday\",\"Sunday\"],\"opens\":\"00:00\",\"closes\":\"23:59\"},\"email\":\"weyouface@gmail.com\",\"areaServed\":\"Luxor, Hurghada, El Gouna, Aswan, Sharm El Sheikh, Giza, Alexandria, Marsa Alam, Quseir, Soma Bay, Sahl Hasheesh, Red Sea, Makadi Bay, Cairo\",\"priceRange\":\"$\",\"currenciesAccepted\":\"euro\",\"paymentAccepted\":\"cash on site\"},{\"@type\":\"PostalAddress\",\"@id\":\"https:\/\/hurghadalovers.com\/lv\/tours\/makadi-lica-aktivitates-2024-2025\/#local-main-place-address\",\"streetAddress\":\"17 Banks street, Alkawther area, top nbk bank\",\"addressLocality\":\"hurghada\",\"postalCode\":\"84511\",\"addressRegion\":\"red sea\",\"addressCountry\":\"EG\"},{\"@type\":\"ImageObject\",\"inLanguage\":\"lv-LV\",\"@id\":\"https:\/\/hurghadalovers.com\/lv\/tours\/makadi-lica-aktivitates-2024-2025\/#local-main-organization-logo\",\"url\":\"https:\/\/hurghadalovers.com\/wp-content\/uploads\/2019\/10\/hurghada-excursions-logo.png\",\"contentUrl\":\"https:\/\/hurghadalovers.com\/wp-content\/uploads\/2019\/10\/hurghada-excursions-logo.png\",\"width\":272,\"height\":90,\"caption\":\"Hurghada Excursions\"}]}<\/script>\n<meta property=\"product:brand\" content=\"Ekskursijas uz \u0112\u0123ipti\" \/>\n<meta property=\"product:price:amount\" content=\"20\" \/>\n<meta property=\"product:price:currency\" content=\"EUR\" \/>\n<meta property=\"og:availability\" content=\"instock\" \/>\n<meta property=\"product:availability\" content=\"instock\" \/>\n<meta property=\"product:retailer_item_id\" content=\"Makadi2323232323\" \/>\n<meta property=\"product:condition\" content=\"new\" \/>\n<meta name=\"geo.placename\" content=\"hurghada\" \/>\n<meta name=\"geo.region\" content=\"Egypt\" \/>\n<!-- \/ Yoast SEO Premium plugin. -->","yoast_head_json":{"title":"Makadi l\u012b\u010da aktivit\u0101tes 2024\/2025 - Hurghada Excursions &amp; Day Trips | Booking Best Prices Tours","robots":{"index":"index","follow":"follow","max-snippet":"max-snippet:-1","max-image-preview":"max-image-preview:large","max-video-preview":"max-video-preview:-1"},"canonical":"https:\/\/hurghadalovers.com\/lv\/tours\/makadi-lica-aktivitates-2024-2025\/","og_locale":"lv_LV","og_type":"article","og_title":"Makadi l\u012b\u010da aktivit\u0101tes 2024\/2025","og_description":"Makadi l\u012b\u010da aktivit\u0101tes 2024\/2025","og_url":"https:\/\/hurghadalovers.com\/lv\/tours\/makadi-lica-aktivitates-2024-2025\/","og_site_name":"Hurghada Excursions &amp; Day Trips | Booking Best Prices Tours","article_publisher":"https:\/\/www.facebook.com\/Hurghadaloversegypt","article_modified_time":"2024-11-26T20:46:05+00:00","og_image":[{"width":1156,"height":867,"url":"https:\/\/hurghadalovers.com\/wp-content\/uploads\/2025\/02\/Hurghada-Excursions-Day-Trips-Booking-Best-Prices-Tours.jpeg","type":"image\/jpeg"}],"twitter_card":"summary_large_image","twitter_misc":{"Price":"&euro;&nbsp;20","Availability":"In stock"},"schema":{"@context":"https:\/\/schema.org","@graph":[{"@type":["WebPage","ItemPage"],"@id":"https:\/\/hurghadalovers.com\/lv\/tours\/makadi-lica-aktivitates-2024-2025\/","url":"https:\/\/hurghadalovers.com\/lv\/tours\/makadi-lica-aktivitates-2024-2025\/","name":"Makadi l\u012b\u010da aktivit\u0101tes 2024\/2025 - Hurghada Excursions &amp; Day Trips | Booking Best Prices Tours","isPartOf":{"@id":"https:\/\/hurghadalovers.com\/lv\/#website"},"datePublished":"2024-11-26T20:36:43+00:00","dateModified":"2024-11-26T20:46:05+00:00","breadcrumb":{"@id":"https:\/\/hurghadalovers.com\/lv\/tours\/makadi-lica-aktivitates-2024-2025\/#breadcrumb"},"inLanguage":"lv-LV","potentialAction":[{"@type":"ReadAction","target":["https:\/\/hurghadalovers.com\/lv\/tours\/makadi-lica-aktivitates-2024-2025\/"]}]},{"@type":"BreadcrumbList","@id":"https:\/\/hurghadalovers.com\/lv\/tours\/makadi-lica-aktivitates-2024-2025\/#breadcrumb","itemListElement":[{"@type":"ListItem","position":1,"name":"Home","item":"https:\/\/hurghadalovers.com\/lv\/"},{"@type":"ListItem","position":2,"name":"Shop","item":"https:\/\/hurghadalovers.com\/shop\/"},{"@type":"ListItem","position":3,"name":"Makadi l\u012b\u010da aktivit\u0101tes 2024\/2025"}]},{"@type":"WebSite","@id":"https:\/\/hurghadalovers.com\/lv\/#website","url":"https:\/\/hurghadalovers.com\/lv\/","name":"Hurghada Excursions & Day Trips | Booking Best Prices Tours","description":"Hurghada Lovers - Best Tour Operator - Excursions &amp; Things to do for Family Day Trips with kids and Couples Romantic. Unique .Hidden gems","publisher":{"@id":"https:\/\/hurghadalovers.com\/lv\/#organization"},"alternateName":"Hurghada Excursions","potentialAction":[{"@type":"SearchAction","target":{"@type":"EntryPoint","urlTemplate":"https:\/\/hurghadalovers.com\/lv\/?s={search_term_string}"},"query-input":{"@type":"PropertyValueSpecification","valueRequired":true,"valueName":"search_term_string"}}],"inLanguage":"lv-LV"},{"@type":["Organization","Place","TravelAgency"],"@id":"https:\/\/hurghadalovers.com\/lv\/#organization","name":"Hurghada Excursions","url":"https:\/\/hurghadalovers.com\/lv\/","logo":{"@id":"https:\/\/hurghadalovers.com\/lv\/tours\/makadi-lica-aktivitates-2024-2025\/#local-main-organization-logo"},"image":{"@id":"https:\/\/hurghadalovers.com\/lv\/tours\/makadi-lica-aktivitates-2024-2025\/#local-main-organization-logo"},"sameAs":["https:\/\/www.facebook.com\/Hurghadaloversegypt"],"address":{"@id":"https:\/\/hurghadalovers.com\/lv\/tours\/makadi-lica-aktivitates-2024-2025\/#local-main-place-address"},"telephone":["00201112596434"],"contactPoint":{"@type":"ContactPoint","telephone":"00201112596434","email":"weyouface@gmail.com"},"openingHoursSpecification":{"@type":"OpeningHoursSpecification","dayOfWeek":["Monday","Tuesday","Wednesday","Thursday","Friday","Saturday","Sunday"],"opens":"00:00","closes":"23:59"},"email":"weyouface@gmail.com","areaServed":"Luxor, Hurghada, El Gouna, Aswan, Sharm El Sheikh, Giza, Alexandria, Marsa Alam, Quseir, Soma Bay, Sahl Hasheesh, Red Sea, Makadi Bay, Cairo","priceRange":"$","currenciesAccepted":"euro","paymentAccepted":"cash on site"},{"@type":"PostalAddress","@id":"https:\/\/hurghadalovers.com\/lv\/tours\/makadi-lica-aktivitates-2024-2025\/#local-main-place-address","streetAddress":"17 Banks street, Alkawther area, top nbk bank","addressLocality":"hurghada","postalCode":"84511","addressRegion":"red sea","addressCountry":"EG"},{"@type":"ImageObject","inLanguage":"lv-LV","@id":"https:\/\/hurghadalovers.com\/lv\/tours\/makadi-lica-aktivitates-2024-2025\/#local-main-organization-logo","url":"https:\/\/hurghadalovers.com\/wp-content\/uploads\/2019\/10\/hurghada-excursions-logo.png","contentUrl":"https:\/\/hurghadalovers.com\/wp-content\/uploads\/2019\/10\/hurghada-excursions-logo.png","width":272,"height":90,"caption":"Hurghada Excursions"}]},"product_brand":"Ekskursijas uz \u0112\u0123ipti","product_price_amount":"20","product_price_currency":"EUR","og_availability":"instock","product_availability":"instock","product_retailer_item_id":"Makadi2323232323","product_condition":"new","geo.placename":"hurghada","geo.region":"Egypt"},"_links":{"self":[{"href":"https:\/\/hurghadalovers.com\/lv\/wp-json\/wp\/v2\/product\/482776","targetHints":{"allow":["GET"]}}],"collection":[{"href":"https:\/\/hurghadalovers.com\/lv\/wp-json\/wp\/v2\/product"}],"about":[{"href":"https:\/\/hurghadalovers.com\/lv\/wp-json\/wp\/v2\/types\/product"}],"wp:attachment":[{"href":"https:\/\/hurghadalovers.com\/lv\/wp-json\/wp\/v2\/media?parent=482776"}],"wp:term":[{"taxonomy":"product_brand","embeddable":true,"href":"https:\/\/hurghadalovers.com\/lv\/wp-json\/wp\/v2\/product_brand?post=482776"},{"taxonomy":"product_cat","embeddable":true,"href":"https:\/\/hurghadalovers.com\/lv\/wp-json\/wp\/v2\/product_cat?post=482776"},{"taxonomy":"product_tag","embeddable":true,"href":"https:\/\/hurghadalovers.com\/lv\/wp-json\/wp\/v2\/product_tag?post=482776"}],"curies":[{"name":"wp","href":"https:\/\/api.w.org\/{rel}","templated":true}]}}