{"id":392284,"date":"2023-09-01T20:53:12","date_gmt":"2023-09-01T20:54:41","guid":{"rendered":"https:\/\/hurghadalovers.com\/shop\/uncategorized\/sahl-hasheesh-privata-ekskursija-ar-kvadracikliem\/"},"modified":"2026-02-08T22:48:57","modified_gmt":"2026-02-08T22:48:57","slug":"sahl-hasheesh-private-quad-bike-tour","status":"publish","type":"product","link":"https:\/\/hurghadalovers.com\/lv\/tours\/sahl-hasheesh-private-quad-bike-tour\/","title":{"rendered":"Sahl Hasheesh Priv\u0101t\u0101 ekskursija ar kvadracikliem"},"content":{"rendered":"<p><strong>Sahl Hasheesh<\/strong> <strong>Private Quad Bike Tour<\/strong> Desert Safari uz bedu\u012bnu ciematu ar izbraucienu ar kamie\u013ciem.<\/p>\n<p>Vai j\u016bs mekl\u0113jat <strong>priv\u0101tumu<\/strong> un v\u0113laties doties unik\u0101l\u0101 <strong>piedz\u012bvojum\u0101, braucot ar kvadracikliem<\/strong> tuksnes\u012b? Pievienojieties skaist\u0101kajiem <strong>safari braucieniem<\/strong> \u0123imen\u0113m un p\u0101riem, lai nobrauktu 25 km tuksnes\u012b, lai ieg\u016btu <strong>adrenal\u012bnu,<\/strong> l\u012bdz non\u0101k <strong>bedu\u012bnu ciemat\u0101<\/strong>, tad <strong>brauciet ar kamieli<\/strong> un uzziniet par bedu\u012bnu dz\u012bvi ar <strong>priv\u0101ta safari gida<\/strong> pal\u012bdz\u012bbu, kontrol\u0113jiet savu laiku un vair\u0101k priv\u0101tuma un <strong>grezn\u012bbas<\/strong>.<\/p>\n<p style=\"text-align: center;\"><span style=\"color: #993300;\">Lab\u0101k\u0101s lietas, ko dar\u012bt Sahl Hasheesh <strong>\u0123imenei draudz\u012bg\u0101m aktivit\u0101t\u0113m<\/strong> un <strong>romantiskiem<\/strong> un <strong>p\u0101ru medusm\u0113nesim<\/strong><\/span><\/p>\n<p>&nbsp;<\/p>\n<p><strong>Svar\u012bg\u0101kie notikumi:<\/strong><\/p>\n<ol>\n<li>Izbrauciens ar kvadraciklu.<\/li>\n<li>Izj\u0101des ar kamie\u013ciem.<\/li>\n<li>Bedu\u012bnu ciemats.<\/li>\n<\/ol>\n<p><strong>Priv\u0101ta ekskursija ar kvadracikliem Deta\u013cas:<\/strong><\/p>\n<ul>\n<li>Ekskursiju pieejam\u012bba: Katru dienu.<\/li>\n<li>Ekskursijas veids: Grupa.<\/li>\n<li>Pacel\u0161anas laiks: s\u0101kot no 08:00 vai p\u0113cpusdien\u0101 no 14:00.<\/li>\n<li>Izbrauk\u0161anas laiks: 11:45. Vai saulrieta laiks.<\/li>\n<li>Ilgums: Ilgums: 3 h.<\/li>\n<\/ul>\n<p><strong>Rezerv\u0113jiet tagad un maks\u0101jiet v\u0113l\u0101k:<\/strong><\/p>\n<ul>\n<li>Skaidra nauda uz vietas gidam.<\/li>\n<li>Maks\u0101jums ar \u0112\u0123iptes m\u0101rci\u0146as, $, \u20ac vai \u00a3.<\/li>\n<\/ul>\n<p><strong>Atcel\u0161anas noteikumi:<\/strong><\/p>\n<ul>\n<li>j\u016bs Atcelt l\u012bdz 24 stund\u0101m iepriek\u0161.<\/li>\n<li>Ja k\u0101ds no j\u016bsu \u0123imenes atce\u013c r\u012btu, maks\u0101jiet 50% no izmaks\u0101m.<\/li>\n<\/ul>\n<p><strong>Kas ir iek\u013cauts?<\/strong><\/p>\n<ul>\n<li>Transf\u0113rs no Sahl Hasheesh viesn\u012bc\u0101m &#8220;Viesn\u012bcas uz\u0146em\u0161ana un atst\u0101\u0161ana&#8221;.<\/li>\n<li>Visi nodok\u013ci, ieejas maksa un maksa par pakalpojumiem.<\/li>\n<li>P\u0101rskait\u012bjumi.<\/li>\n<li>Ekskursijas gids.<\/li>\n<li>\u0136ivere.<\/li>\n<\/ul>\n<p><strong>Iz\u0146\u0113mumi?<\/strong><\/p>\n<ul>\n<li>\u0160alle<\/li>\n<li>Aizsargbrilles<\/li>\n<li>Dzeramnauda.<\/li>\n<li>Ce\u013cojuma fotograf\u0113\u0161ana.<\/li>\n<li>Papildu apr\u012bkojums, kas nav min\u0113ts.<\/li>\n<\/ul>\n<p><strong>Priv\u0101ta kvadraciklu t\u016bre Cenas:<\/strong><\/p>\n<ul>\n<li><strong>Pieaugu\u0161o cena = 40$ par personu<\/strong>.<\/li>\n<\/ul>\n<p><strong>Atsauksmes:<\/strong><\/p>\n<p>p\u0101rbaudiet m\u016bsu Google Map Atsauksmes k\u0101 Best <a href=\"https:\/\/g.page\/r\/CUeYvkngP3wkEBM\/review\">Tour Operator in Hurghada<\/a> tie\u0161saist\u0113 <a href=\"https:\/\/hurghadalovers.com\/\">Hurghada<\/a> \u0112\u0123ipt\u0113.<\/p>\n<p><strong>Rezerv\u0101cija:<\/strong><\/p>\n<p>Nos\u016btiet viesn\u012bcu + numura numuru + foto pases uz WhatsApp: <strong>+201112596434<\/strong><\/p>\n<p>Ja j\u016bs no \u0112\u0123ipte Rezerv\u0113t tagad tie\u0161saist\u0113 un apstiprin\u0101t, kad iera\u0161an\u0101s Hotel.<\/p>\n<p><span style=\"color: #ff0000;\">&#8212;&#8212; | &#8212;&#8212;&#8212;&#8212;&#8211; | &#8212;&#8212;&#8212;-<\/span><\/p>\n<p>&nbsp;<\/p>\n<p>P\u0101rbaudiet m\u016bsu <a href=\"https:\/\/hurghadalovers.com\/tour-category\/sahl-hasheesh-tours\/\"><strong>Sahl Hasheesh Ekskursijas<\/strong><\/a> &#8211; <a href=\"https:\/\/hurghadalovers.com\/tour-category\/safari-sahl-hasheesh\/\"><strong>Ekskursija ar kvadracikliem no Sahl Hasheesh<\/strong><\/a>:<\/p>\n<ul>\n<li><a href=\"https:\/\/hurghadalovers.com\/tours\/sahl-hasheesh-morning-quad-biking-tour\/\">Sahl Hasheesh R\u012bta ekskursija ar kvadraciklu<\/a><\/li>\n<li><a href=\"https:\/\/hurghadalovers.com\/tours\/sahl-hasheesh-sunset-quad-biking-tour\/\">Sahl Hasheesh saulrieta saulrieta kvadraciklu t\u016bre<\/a><\/li>\n<li><a href=\"https:\/\/hurghadalovers.com\/tours\/sahl-hasheesh-super-jeep-safari-trip\/\">Sahl Hasheesh Super Jeep Safari ce\u013cojums<\/a><\/li>\n<li><a href=\"https:\/\/hurghadalovers.com\/tours\/sahl-hasheesh-desert-safaris-with-kids\/\"><strong>Sahl Hasheesh tuksne\u0161a safari ar b\u0113rniem<\/strong><\/a><\/li>\n<li><a href=\"https:\/\/hurghadalovers.com\/tours\/cheap-quad-biking-tours-from-sahl-hasheesh-2hr\/\">L\u0113ti Quad Biking Tours no Sahl Hasheesh<\/a> &#8211; 2h<\/li>\n<li><a href=\"https:\/\/hurghadalovers.com\/tours\/sunset-buggy-tour-from-sahl-hasheesh\/\">Ekskursija ar saulrieta bagiju no Sahl Hasheesh<\/a><\/li>\n<li><a href=\"https:\/\/hurghadalovers.com\/tours\/morning-buggy-tour-from-sahl-hasheesh\/\">R\u012bta ekskursija ar bagiju no Sahl Hasheesh<\/a><\/li>\n<li><a href=\"https:\/\/hurghadalovers.com\/tours\/morning-jeep-safari-trip-from-sahl-hasheesh\/\">R\u012bta d\u017eipu safari brauciens no Sahl Hasheesh<\/a><\/li>\n<li><a href=\"https:\/\/hurghadalovers.com\/tours\/sahl-hasheesh-private-jeep-safari-trip\/\">Sahl Hasheesh Priv\u0101ts d\u017eipu safari brauciens<\/a><\/li>\n<li>Sahl Hasheesh Priv\u0101t\u0101 ekskursija ar kvadracikliem<\/li>\n<\/ul>\n<p><a href=\"https:\/\/hurghadalovers.com\/tour-category\/things-to-do-in-sahl-hasheesh\/\"><strong>Ko dar\u012bt Sahl Hasheesh<\/strong><\/a><\/p>\n<p><a href=\"https:\/\/hurghadalovers.com\/tours\/parasailing-sahl-hasheesh\/\">Parasailing Sahl Hasheesh<\/a><\/p>\n","protected":false},"excerpt":{"rendered":"<p><strong>Sahl Hasheesh<\/strong> <strong>Private Quad Bike Tour<\/strong> Desert Safari uz bedu\u012bnu ciematu ar izbraucienu ar kamie\u013ciem. Vai j\u016bs mekl\u0113jat <strong>priv\u0101tumu<\/strong> un gatavojaties unik\u0101lam <strong>piedz\u012bvojumam, braucot ar kvadracikliem<\/strong>?<\/p>\n","protected":false},"featured_media":935396,"template":"","meta":{"_joinchat":[]},"product_brand":[],"product_cat":[36667],"product_tag":[49614,49641,49652,49660,49636,49596,49602,49610,49648,49606,49632,49625,49644,49622,49628,49618,49598,49656],"class_list":{"0":"post-392284","1":"product","2":"type-product","3":"status-publish","4":"has-post-thumbnail","6":"product_cat-ekskursijas","7":"product_tag-aktivitates-2-gadus-veciem-berniem-no-sahl-hasheesh","8":"product_tag-atv-sahl-hasheesh-lv","9":"product_tag-beduinu-ciemats-sahl-hasheesh","10":"product_tag-celojums-ar-bagiju-sahl-hasheesh","11":"product_tag-cetrritenu-brauksana-ar-velosipedu-sahl-hasheesh","12":"product_tag-dienas-celojums-no-sahl-hasheesh","13":"product_tag-dienas-ekskursijas-no-sahl-hasheesh","14":"product_tag-iekstelpu-aktivitates-pariem-sahl-hasheesh","15":"product_tag-jasana-ar-kamieliem-sahl-hasheesh","16":"product_tag-romantiskas-aktivitates-pariem-sahl-hasheesh","17":"product_tag-safari-sahara-sahl-hasheesh-lv","18":"product_tag-safari-tuksnesi-sahl-hasheesh","19":"product_tag-safari-ture-sahl-hasheesh","20":"product_tag-sahl-hasheesh-berniem-draudzigas-ekskursijas","21":"product_tag-sahl-hasheesh-buggy-safari-lv","22":"product_tag-sahl-hasheesh-gimenei-draudzigas-aktivitates","23":"product_tag-vietas-ko-apmeklet-sahl-hasheesh","24":"product_tag-zvaigznu-verosana-sahl-hasheesh","25":"tour_category-ekskursija-ar-kvadracikliem-no-sahl-hasheesh","26":"tour_category-sahl-hasheesh-ekskursijas","28":"first","29":"instock","30":"sale","31":"shipping-taxable","32":"purchasable","33":"product-type-tour"},"yoast_head":"<!-- This site is optimized with the Yoast SEO Premium plugin v26.9 (Yoast SEO v27.2) - https:\/\/yoast.com\/product\/yoast-seo-premium-wordpress\/ -->\n<title>Sahl Hasheesh Priv\u0101t\u0101 ekskursija ar kvadracikliem<\/title>\n<meta name=\"description\" content=\"Sahl Hasheesh Private Quad Bike Tour Desert Safari uz bedu\u012bnu ciematu ar izbraucienu ar kamie\u013ciem. Vai j\u016bs mekl\u0113jat priv\u0101tumu un gatavojaties unik\u0101lam piedz\u012bvojumam\" \/>\n<meta name=\"robots\" content=\"index, follow, max-snippet:-1, max-image-preview:large, max-video-preview:-1\" \/>\n<link rel=\"canonical\" href=\"https:\/\/hurghadalovers.com\/lv\/tours\/sahl-hasheesh-private-quad-bike-tour\/\" \/>\n<meta property=\"og:locale\" content=\"lv_LV\" \/>\n<meta property=\"og:type\" content=\"article\" \/>\n<meta property=\"og:title\" content=\"Sahl Hasheesh Priv\u0101t\u0101 ekskursija ar kvadracikliem\" \/>\n<meta property=\"og:description\" content=\"Sahl Hasheesh Private Quad Bike Tour Desert Safari uz bedu\u012bnu ciematu ar izbraucienu ar kamie\u013ciem. Vai j\u016bs mekl\u0113jat priv\u0101tumu un gatavojaties unik\u0101lam piedz\u012bvojumam\" \/>\n<meta property=\"og:url\" content=\"https:\/\/hurghadalovers.com\/lv\/tours\/sahl-hasheesh-private-quad-bike-tour\/\" \/>\n<meta property=\"og:site_name\" content=\"Hurghada Excursions &amp; Day Trips | Booking Best Prices Tours\" \/>\n<meta property=\"article:publisher\" content=\"https:\/\/www.facebook.com\/Hurghadaloversegypt\" \/>\n<meta property=\"article:modified_time\" content=\"2026-02-08T22:48:57+00:00\" \/>\n<meta property=\"og:image\" content=\"https:\/\/hurghadalovers.com\/wp-content\/uploads\/2023\/08\/Super-Jeep-Safari-Trip-from-Soma-bay-2026.jpeg\" \/>\n\t<meta property=\"og:image:width\" content=\"1156\" \/>\n\t<meta property=\"og:image:height\" content=\"521\" \/>\n\t<meta property=\"og:image:type\" content=\"image\/jpeg\" \/>\n<meta name=\"twitter:card\" content=\"summary_large_image\" \/>\n<meta name=\"twitter:label1\" content=\"Price\" \/>\n\t<meta name=\"twitter:data1\" content=\"&euro;&nbsp;40\" \/>\n\t<meta name=\"twitter:label2\" content=\"Availability\" \/>\n\t<meta name=\"twitter:data2\" content=\"In stock\" \/>\n<script type=\"application\/ld+json\" class=\"yoast-schema-graph\">{\"@context\":\"https:\/\/schema.org\",\"@graph\":[{\"@type\":[\"WebPage\",\"ItemPage\"],\"@id\":\"https:\/\/hurghadalovers.com\/lv\/tours\/sahl-hasheesh-private-quad-bike-tour\/\",\"url\":\"https:\/\/hurghadalovers.com\/lv\/tours\/sahl-hasheesh-private-quad-bike-tour\/\",\"name\":\"Sahl Hasheesh Priv\u0101t\u0101 ekskursija ar kvadracikliem\",\"isPartOf\":{\"@id\":\"https:\/\/hurghadalovers.com\/lv\/#website\"},\"primaryImageOfPage\":{\"@id\":\"https:\/\/hurghadalovers.com\/lv\/tours\/sahl-hasheesh-private-quad-bike-tour\/#primaryimage\"},\"image\":{\"@id\":\"https:\/\/hurghadalovers.com\/lv\/tours\/sahl-hasheesh-private-quad-bike-tour\/#primaryimage\"},\"thumbnailUrl\":\"https:\/\/hurghadalovers.com\/wp-content\/uploads\/2023\/08\/Super-Jeep-Safari-Trip-from-Soma-bay-2026.jpeg\",\"datePublished\":\"2023-09-01T20:54:41+00:00\",\"dateModified\":\"2026-02-08T22:48:57+00:00\",\"description\":\"Sahl Hasheesh Private Quad Bike Tour Desert Safari uz bedu\u012bnu ciematu ar izbraucienu ar kamie\u013ciem. Vai j\u016bs mekl\u0113jat priv\u0101tumu un gatavojaties unik\u0101lam piedz\u012bvojumam\",\"breadcrumb\":{\"@id\":\"https:\/\/hurghadalovers.com\/lv\/tours\/sahl-hasheesh-private-quad-bike-tour\/#breadcrumb\"},\"inLanguage\":\"lv-LV\",\"potentialAction\":[{\"@type\":\"ReadAction\",\"target\":[\"https:\/\/hurghadalovers.com\/lv\/tours\/sahl-hasheesh-private-quad-bike-tour\/\"]}]},{\"@type\":\"ImageObject\",\"inLanguage\":\"lv-LV\",\"@id\":\"https:\/\/hurghadalovers.com\/lv\/tours\/sahl-hasheesh-private-quad-bike-tour\/#primaryimage\",\"url\":\"https:\/\/hurghadalovers.com\/wp-content\/uploads\/2023\/08\/Super-Jeep-Safari-Trip-from-Soma-bay-2026.jpeg\",\"contentUrl\":\"https:\/\/hurghadalovers.com\/wp-content\/uploads\/2023\/08\/Super-Jeep-Safari-Trip-from-Soma-bay-2026.jpeg\",\"width\":1156,\"height\":521,\"caption\":\"Private Soma bay Quad Bike Tour\"},{\"@type\":\"BreadcrumbList\",\"@id\":\"https:\/\/hurghadalovers.com\/lv\/tours\/sahl-hasheesh-private-quad-bike-tour\/#breadcrumb\",\"itemListElement\":[{\"@type\":\"ListItem\",\"position\":1,\"name\":\"Home\",\"item\":\"https:\/\/hurghadalovers.com\/lv\/\"},{\"@type\":\"ListItem\",\"position\":2,\"name\":\"Shop\",\"item\":\"https:\/\/hurghadalovers.com\/shop\/\"},{\"@type\":\"ListItem\",\"position\":3,\"name\":\"Sahl Hasheesh Priv\u0101t\u0101 ekskursija ar kvadracikliem\"}]},{\"@type\":\"WebSite\",\"@id\":\"https:\/\/hurghadalovers.com\/lv\/#website\",\"url\":\"https:\/\/hurghadalovers.com\/lv\/\",\"name\":\"Hurghada Excursions & Day Trips | Booking Best Prices Tours\",\"description\":\"Hurghada Lovers - Best Tour Operator - Excursions &amp; Things to do for Family Day Trips with kids and Couples Romantic. Unique .Hidden gems\",\"publisher\":{\"@id\":\"https:\/\/hurghadalovers.com\/lv\/#organization\"},\"alternateName\":\"Hurghada Excursions\",\"potentialAction\":[{\"@type\":\"SearchAction\",\"target\":{\"@type\":\"EntryPoint\",\"urlTemplate\":\"https:\/\/hurghadalovers.com\/lv\/?s={search_term_string}\"},\"query-input\":{\"@type\":\"PropertyValueSpecification\",\"valueRequired\":true,\"valueName\":\"search_term_string\"}}],\"inLanguage\":\"lv-LV\"},{\"@type\":[\"Organization\",\"Place\",\"TravelAgency\"],\"@id\":\"https:\/\/hurghadalovers.com\/lv\/#organization\",\"name\":\"Hurghada Excursions\",\"url\":\"https:\/\/hurghadalovers.com\/lv\/\",\"logo\":{\"@id\":\"https:\/\/hurghadalovers.com\/lv\/tours\/sahl-hasheesh-private-quad-bike-tour\/#local-main-organization-logo\"},\"image\":{\"@id\":\"https:\/\/hurghadalovers.com\/lv\/tours\/sahl-hasheesh-private-quad-bike-tour\/#local-main-organization-logo\"},\"sameAs\":[\"https:\/\/www.facebook.com\/Hurghadaloversegypt\"],\"address\":{\"@id\":\"https:\/\/hurghadalovers.com\/lv\/tours\/sahl-hasheesh-private-quad-bike-tour\/#local-main-place-address\"},\"telephone\":[\"00201112596434\"],\"contactPoint\":{\"@type\":\"ContactPoint\",\"telephone\":\"00201112596434\",\"email\":\"weyouface@gmail.com\"},\"openingHoursSpecification\":{\"@type\":\"OpeningHoursSpecification\",\"dayOfWeek\":[\"Monday\",\"Tuesday\",\"Wednesday\",\"Thursday\",\"Friday\",\"Saturday\",\"Sunday\"],\"opens\":\"00:00\",\"closes\":\"23:59\"},\"email\":\"weyouface@gmail.com\",\"areaServed\":\"Luxor, Hurghada, El Gouna, Aswan, Sharm El Sheikh, Giza, Alexandria, Marsa Alam, Quseir, Soma Bay, Sahl Hasheesh, Red Sea, Makadi Bay, Cairo\",\"priceRange\":\"$\",\"currenciesAccepted\":\"euro\",\"paymentAccepted\":\"cash on site\"},{\"@type\":\"PostalAddress\",\"@id\":\"https:\/\/hurghadalovers.com\/lv\/tours\/sahl-hasheesh-private-quad-bike-tour\/#local-main-place-address\",\"streetAddress\":\"17 Banks street, Alkawther area, top nbk bank\",\"addressLocality\":\"hurghada\",\"postalCode\":\"84511\",\"addressRegion\":\"red sea\",\"addressCountry\":\"EG\"},{\"@type\":\"ImageObject\",\"inLanguage\":\"lv-LV\",\"@id\":\"https:\/\/hurghadalovers.com\/lv\/tours\/sahl-hasheesh-private-quad-bike-tour\/#local-main-organization-logo\",\"url\":\"https:\/\/hurghadalovers.com\/wp-content\/uploads\/2019\/10\/hurghada-excursions-logo.png\",\"contentUrl\":\"https:\/\/hurghadalovers.com\/wp-content\/uploads\/2019\/10\/hurghada-excursions-logo.png\",\"width\":272,\"height\":90,\"caption\":\"Hurghada Excursions\"}]}<\/script>\n<meta property=\"product:brand\" content=\"Ekskursijas kvadracikliem Sahl Hasheesh\" \/>\n<meta property=\"product:price:amount\" content=\"40\" \/>\n<meta property=\"product:price:currency\" content=\"EUR\" \/>\n<meta property=\"og:availability\" content=\"instock\" \/>\n<meta property=\"product:availability\" content=\"instock\" \/>\n<meta property=\"product:retailer_item_id\" content=\"SahlSafari062024\" \/>\n<meta property=\"product:condition\" content=\"new\" \/>\n<meta name=\"geo.placename\" content=\"hurghada\" \/>\n<meta name=\"geo.region\" content=\"Egypt\" \/>\n<!-- \/ Yoast SEO Premium plugin. -->","yoast_head_json":{"title":"Sahl Hasheesh Priv\u0101t\u0101 ekskursija ar kvadracikliem","description":"Sahl Hasheesh Private Quad Bike Tour Desert Safari uz bedu\u012bnu ciematu ar izbraucienu ar kamie\u013ciem. Vai j\u016bs mekl\u0113jat priv\u0101tumu un gatavojaties unik\u0101lam piedz\u012bvojumam","robots":{"index":"index","follow":"follow","max-snippet":"max-snippet:-1","max-image-preview":"max-image-preview:large","max-video-preview":"max-video-preview:-1"},"canonical":"https:\/\/hurghadalovers.com\/lv\/tours\/sahl-hasheesh-private-quad-bike-tour\/","og_locale":"lv_LV","og_type":"article","og_title":"Sahl Hasheesh Priv\u0101t\u0101 ekskursija ar kvadracikliem","og_description":"Sahl Hasheesh Private Quad Bike Tour Desert Safari uz bedu\u012bnu ciematu ar izbraucienu ar kamie\u013ciem. Vai j\u016bs mekl\u0113jat priv\u0101tumu un gatavojaties unik\u0101lam piedz\u012bvojumam","og_url":"https:\/\/hurghadalovers.com\/lv\/tours\/sahl-hasheesh-private-quad-bike-tour\/","og_site_name":"Hurghada Excursions &amp; Day Trips | Booking Best Prices Tours","article_publisher":"https:\/\/www.facebook.com\/Hurghadaloversegypt","article_modified_time":"2026-02-08T22:48:57+00:00","og_image":[{"width":1156,"height":521,"url":"https:\/\/hurghadalovers.com\/wp-content\/uploads\/2023\/08\/Super-Jeep-Safari-Trip-from-Soma-bay-2026.jpeg","type":"image\/jpeg"}],"twitter_card":"summary_large_image","twitter_misc":{"Price":"&euro;&nbsp;40","Availability":"In stock"},"schema":{"@context":"https:\/\/schema.org","@graph":[{"@type":["WebPage","ItemPage"],"@id":"https:\/\/hurghadalovers.com\/lv\/tours\/sahl-hasheesh-private-quad-bike-tour\/","url":"https:\/\/hurghadalovers.com\/lv\/tours\/sahl-hasheesh-private-quad-bike-tour\/","name":"Sahl Hasheesh Priv\u0101t\u0101 ekskursija ar kvadracikliem","isPartOf":{"@id":"https:\/\/hurghadalovers.com\/lv\/#website"},"primaryImageOfPage":{"@id":"https:\/\/hurghadalovers.com\/lv\/tours\/sahl-hasheesh-private-quad-bike-tour\/#primaryimage"},"image":{"@id":"https:\/\/hurghadalovers.com\/lv\/tours\/sahl-hasheesh-private-quad-bike-tour\/#primaryimage"},"thumbnailUrl":"https:\/\/hurghadalovers.com\/wp-content\/uploads\/2023\/08\/Super-Jeep-Safari-Trip-from-Soma-bay-2026.jpeg","datePublished":"2023-09-01T20:54:41+00:00","dateModified":"2026-02-08T22:48:57+00:00","description":"Sahl Hasheesh Private Quad Bike Tour Desert Safari uz bedu\u012bnu ciematu ar izbraucienu ar kamie\u013ciem. Vai j\u016bs mekl\u0113jat priv\u0101tumu un gatavojaties unik\u0101lam piedz\u012bvojumam","breadcrumb":{"@id":"https:\/\/hurghadalovers.com\/lv\/tours\/sahl-hasheesh-private-quad-bike-tour\/#breadcrumb"},"inLanguage":"lv-LV","potentialAction":[{"@type":"ReadAction","target":["https:\/\/hurghadalovers.com\/lv\/tours\/sahl-hasheesh-private-quad-bike-tour\/"]}]},{"@type":"ImageObject","inLanguage":"lv-LV","@id":"https:\/\/hurghadalovers.com\/lv\/tours\/sahl-hasheesh-private-quad-bike-tour\/#primaryimage","url":"https:\/\/hurghadalovers.com\/wp-content\/uploads\/2023\/08\/Super-Jeep-Safari-Trip-from-Soma-bay-2026.jpeg","contentUrl":"https:\/\/hurghadalovers.com\/wp-content\/uploads\/2023\/08\/Super-Jeep-Safari-Trip-from-Soma-bay-2026.jpeg","width":1156,"height":521,"caption":"Private Soma bay Quad Bike Tour"},{"@type":"BreadcrumbList","@id":"https:\/\/hurghadalovers.com\/lv\/tours\/sahl-hasheesh-private-quad-bike-tour\/#breadcrumb","itemListElement":[{"@type":"ListItem","position":1,"name":"Home","item":"https:\/\/hurghadalovers.com\/lv\/"},{"@type":"ListItem","position":2,"name":"Shop","item":"https:\/\/hurghadalovers.com\/shop\/"},{"@type":"ListItem","position":3,"name":"Sahl Hasheesh Priv\u0101t\u0101 ekskursija ar kvadracikliem"}]},{"@type":"WebSite","@id":"https:\/\/hurghadalovers.com\/lv\/#website","url":"https:\/\/hurghadalovers.com\/lv\/","name":"Hurghada Excursions & Day Trips | Booking Best Prices Tours","description":"Hurghada Lovers - Best Tour Operator - Excursions &amp; Things to do for Family Day Trips with kids and Couples Romantic. Unique .Hidden gems","publisher":{"@id":"https:\/\/hurghadalovers.com\/lv\/#organization"},"alternateName":"Hurghada Excursions","potentialAction":[{"@type":"SearchAction","target":{"@type":"EntryPoint","urlTemplate":"https:\/\/hurghadalovers.com\/lv\/?s={search_term_string}"},"query-input":{"@type":"PropertyValueSpecification","valueRequired":true,"valueName":"search_term_string"}}],"inLanguage":"lv-LV"},{"@type":["Organization","Place","TravelAgency"],"@id":"https:\/\/hurghadalovers.com\/lv\/#organization","name":"Hurghada Excursions","url":"https:\/\/hurghadalovers.com\/lv\/","logo":{"@id":"https:\/\/hurghadalovers.com\/lv\/tours\/sahl-hasheesh-private-quad-bike-tour\/#local-main-organization-logo"},"image":{"@id":"https:\/\/hurghadalovers.com\/lv\/tours\/sahl-hasheesh-private-quad-bike-tour\/#local-main-organization-logo"},"sameAs":["https:\/\/www.facebook.com\/Hurghadaloversegypt"],"address":{"@id":"https:\/\/hurghadalovers.com\/lv\/tours\/sahl-hasheesh-private-quad-bike-tour\/#local-main-place-address"},"telephone":["00201112596434"],"contactPoint":{"@type":"ContactPoint","telephone":"00201112596434","email":"weyouface@gmail.com"},"openingHoursSpecification":{"@type":"OpeningHoursSpecification","dayOfWeek":["Monday","Tuesday","Wednesday","Thursday","Friday","Saturday","Sunday"],"opens":"00:00","closes":"23:59"},"email":"weyouface@gmail.com","areaServed":"Luxor, Hurghada, El Gouna, Aswan, Sharm El Sheikh, Giza, Alexandria, Marsa Alam, Quseir, Soma Bay, Sahl Hasheesh, Red Sea, Makadi Bay, Cairo","priceRange":"$","currenciesAccepted":"euro","paymentAccepted":"cash on site"},{"@type":"PostalAddress","@id":"https:\/\/hurghadalovers.com\/lv\/tours\/sahl-hasheesh-private-quad-bike-tour\/#local-main-place-address","streetAddress":"17 Banks street, Alkawther area, top nbk bank","addressLocality":"hurghada","postalCode":"84511","addressRegion":"red sea","addressCountry":"EG"},{"@type":"ImageObject","inLanguage":"lv-LV","@id":"https:\/\/hurghadalovers.com\/lv\/tours\/sahl-hasheesh-private-quad-bike-tour\/#local-main-organization-logo","url":"https:\/\/hurghadalovers.com\/wp-content\/uploads\/2019\/10\/hurghada-excursions-logo.png","contentUrl":"https:\/\/hurghadalovers.com\/wp-content\/uploads\/2019\/10\/hurghada-excursions-logo.png","width":272,"height":90,"caption":"Hurghada Excursions"}]},"product_brand":"Ekskursijas kvadracikliem Sahl Hasheesh","product_price_amount":"40","product_price_currency":"EUR","og_availability":"instock","product_availability":"instock","product_retailer_item_id":"SahlSafari062024","product_condition":"new","geo.placename":"hurghada","geo.region":"Egypt"},"_links":{"self":[{"href":"https:\/\/hurghadalovers.com\/lv\/wp-json\/wp\/v2\/product\/392284","targetHints":{"allow":["GET"]}}],"collection":[{"href":"https:\/\/hurghadalovers.com\/lv\/wp-json\/wp\/v2\/product"}],"about":[{"href":"https:\/\/hurghadalovers.com\/lv\/wp-json\/wp\/v2\/types\/product"}],"wp:featuredmedia":[{"embeddable":true,"href":"https:\/\/hurghadalovers.com\/lv\/wp-json\/wp\/v2\/media\/935396"}],"wp:attachment":[{"href":"https:\/\/hurghadalovers.com\/lv\/wp-json\/wp\/v2\/media?parent=392284"}],"wp:term":[{"taxonomy":"product_brand","embeddable":true,"href":"https:\/\/hurghadalovers.com\/lv\/wp-json\/wp\/v2\/product_brand?post=392284"},{"taxonomy":"product_cat","embeddable":true,"href":"https:\/\/hurghadalovers.com\/lv\/wp-json\/wp\/v2\/product_cat?post=392284"},{"taxonomy":"product_tag","embeddable":true,"href":"https:\/\/hurghadalovers.com\/lv\/wp-json\/wp\/v2\/product_tag?post=392284"}],"curies":[{"name":"wp","href":"https:\/\/api.w.org\/{rel}","templated":true}]}}