{"id":391911,"date":"2023-08-31T19:49:22","date_gmt":"2023-08-31T19:52:41","guid":{"rendered":"https:\/\/hurghadalovers.com\/shop\/uncategorized\/padi-atklata-udens-nireju-kursi-sahl-hasheesh\/"},"modified":"2026-02-08T11:45:04","modified_gmt":"2026-02-08T11:45:04","slug":"padi-open-water-diver-course-in-sahl-hasheesh","status":"publish","type":"product","link":"https:\/\/hurghadalovers.com\/lv\/tours\/padi-open-water-diver-course-in-sahl-hasheesh\/","title":{"rendered":"PADI atkl\u0101t\u0101 \u016bdens nir\u0113ju kursi Sahl Hasheesh"},"content":{"rendered":"<p><strong>PADI Open Water Diver kurss <\/strong><strong>Sahl Hasheesh<\/strong> &#8211; 3 dienas | ar pusdien\u0101m, dz\u0113rieniem, nir\u0161anas apr\u012bkojumu un transportu.<\/p>\n<p style=\"text-align: center;\"><span style=\"color: #008080;\"><strong>Luxury Boat | Profesion\u0101ls nir\u0161anas instruktors<\/strong><\/span><\/p>\n<p><strong>Svar\u012bg\u0101kie notikumi:<\/strong><\/p>\n<ul>\n<li>Iepaz\u012bstieties ar nir\u0161anas pamatiem<\/li>\n<li>Iepaz\u012bsties ar nir\u0161anas apr\u012bkojumu un tehniku<\/li>\n<li>Atv\u0113rt\u0101 \u016bdens prakses sesijas<\/li>\n<li>Maksim\u0101lais dzi\u013cums 18 m.<\/li>\n<li>Minim\u0101lais vecums ir 12 gadi.<\/li>\n<\/ul>\n<p><strong> <\/strong><\/p>\n<p><strong>S\u012bk\u0101ka inform\u0101cija:<\/strong><\/p>\n<ul>\n<li>Ekskursiju pieejam\u012bba: Katru dienu.<\/li>\n<li>Ekskursijas veids: Grupas vai priv\u0101ta.<\/li>\n<li>Pa\u0146em\u0161anas laiks: s\u0101kot no 07:30 r\u012bt\u0101.<\/li>\n<li>Izbrauk\u0161anas laiks: 16:00.<\/li>\n<li>Piek\u013cuve ar rati\u0146kr\u0113sliem.<\/li>\n<li>Ilgums: 3 dienas.<\/li>\n<\/ul>\n<p><strong>Rezerv\u0113jiet tagad un maks\u0101jiet v\u0113l\u0101k:<\/strong><\/p>\n<ul>\n<li>Skaidra nauda uz vietas gidam.<\/li>\n<li>Maks\u0101jums ar \u0112\u0123iptes m\u0101rci\u0146as, $, \u20ac vai \u00a3.<\/li>\n<\/ul>\n<p><strong>Atcel\u0161anas noteikumi:<\/strong><\/p>\n<ul>\n<li>j\u016bs Atcelt l\u012bdz 24 stund\u0101m iepriek\u0161.<\/li>\n<li>Ja k\u0101ds no j\u016bsu \u0123imenes atce\u013c r\u012btu, maks\u0101jiet 50% no izmaks\u0101m.<\/li>\n<\/ul>\n<p><strong>Kas ir iek\u013cauts?<\/strong><\/p>\n<ul>\n<li>Transf\u0113rs no Sahl Hasheesh viesn\u012bc\u0101m &#8220;Viesn\u012bcas uz\u0146em\u0161ana un atst\u0101\u0161ana&#8221;.<\/li>\n<li>Visi nodok\u013ci, ieejas maksa un maksa par pakalpojumiem.<\/li>\n<li>Miner\u0101l\u016bdens + kola.<\/li>\n<li>Profesion\u0101ls nir\u0161anas instruktors.<\/li>\n<li>Nir\u0161anas apr\u012bkojums un snorkel\u0113\u0161anas apr\u012bkojums &#8220;Maskas un peldspalvas&#8221;.<\/li>\n<li>VIP bufetes pusdienas uz ku\u0123a.<\/li>\n<li>Gl\u0101b\u0161anas vestes.<\/li>\n<\/ul>\n<p><strong>Iz\u0146\u0113mumi?<\/strong><\/p>\n<ul>\n<li>Dzeramnauda.<\/li>\n<li>Ce\u013cojuma fotograf\u0113\u0161ana un fotoatt\u0113li.<\/li>\n<li>M\u0113s pied\u0101v\u0101jam nom\u0101t peldkost\u012bmus un peldkost\u012bmus sieviet\u0113m, v\u012brie\u0161iem, b\u0113rniem visu izm\u0113ru &#8220;5$ par vienu&#8221;.<\/li>\n<li>Papildu apr\u012bkojums, kas nav min\u0113ts.<\/li>\n<li>PADI rokasgr\u0101mata = 55$<\/li>\n<li>PADI tie\u0161saistes sertifik\u0101cija = 55$<\/li>\n<li>Rokasgr\u0101mata + tie\u0161saistes sertifik\u0101cija = 100$.<\/li>\n<\/ul>\n<p><strong>Cenas:<\/strong><\/p>\n<ul>\n<li><strong>Pieaugu\u0161o cena = 260 $ par personu<\/strong>.<\/li>\n<\/ul>\n<p><strong>M\u0113s veidojam kursus:<\/strong><\/p>\n<ol>\n<li>PADI akvalangistu kurss 2 dienas = 220$<\/li>\n<li>PADI burbu\u013cm\u0101kslas kurss b\u0113rniem | Ilgums: Ilgums: 1 stunda<br \/>\n= 80$<\/li>\n<li>PADI Advanced Open Water Diver kurss 2 dienas = 220$<\/li>\n<li>PADI gl\u0101b\u0161anas nir\u0113ju kurss 4 dienas = 280$<\/li>\n<\/ol>\n<p><strong>Atsauksmes:<\/strong><\/p>\n<p>p\u0101rbaudiet m\u016bsu Google Map Atsauksmes k\u0101 Best <a href=\"https:\/\/g.page\/r\/CUeYvkngP3wkEBM\/review\">Tour Operator in Hurghada<\/a> tie\u0161saist\u0113 <a href=\"https:\/\/hurghadalovers.com\/\">Hurghada<\/a> \u0112\u0123ipt\u0113.<\/p>\n<p><strong>Rezerv\u0101cija:<\/strong><\/p>\n<p>Nos\u016btiet viesn\u012bcu + numura numuru + foto pases uz WhatsApp: <strong>+201112596434<\/strong><\/p>\n<p>Ja j\u016bs no \u0112\u0123ipte Rezerv\u0113t tagad tie\u0161saist\u0113 un apstiprin\u0101t, kad iera\u0161an\u0101s Hotel.<\/p>\n<p>&nbsp;<\/p>\n<p>&nbsp;<\/p>\n","protected":false},"excerpt":{"rendered":"<p><strong>PADI Open Water Diver kurss <\/strong><strong>Sahl Hasheesh<\/strong> &#8211; 3 dienas | ar pusdien\u0101m, dz\u0113rieniem, nir\u0161anas apr\u012bkojumu un transportu.<\/p>\n<p style=\"text-align: center;\"><span style=\"color: #008080;\"><strong>Luxury Boat | Profesion\u0101ls nir\u0161anas instruktors<\/strong><\/span><\/p>\n<p>&nbsp;<\/p>\n","protected":false},"featured_media":391800,"template":"","meta":{"_joinchat":[]},"product_brand":[],"product_cat":[36667],"product_tag":[53204,53179,53194,53043,52976,53184,52996,53018,53220,53164,53174,53169,53189,53199,53215,53009,53000,53014,53210,52988,53225,53159],"class_list":{"0":"post-391911","1":"product","2":"type-product","3":"status-publish","4":"has-post-thumbnail","6":"product_cat-ekskursijas","7":"product_tag-atrgaitas-laiva-sahl-hasheesh","8":"product_tag-dolphin-house-sahl-hasheesh-lv","9":"product_tag-giftun-sala-sahl-hasheesh","10":"product_tag-gimenes-aktivitates-no-sahl-hasheesh","11":"product_tag-gimenes-dienas-ara-no-sahl-hasheesh","12":"product_tag-izbraucieni-ar-laivu-sahl-hasheesh","13":"product_tag-ko-darit-sahl-hasheesh","14":"product_tag-ko-darit-sahl-hasheesh-pilseta-pariem","15":"product_tag-laivu-noma-sahl-hasheesh","16":"product_tag-nirsana-ar-akvalangu-sahl-hasheesh","17":"product_tag-oranza-lica-sala-sahl-hasheesh","18":"product_tag-paradizes-sala-sahl-hasheesh","19":"product_tag-peldesanas-ar-delfiniem-sahl-hasheesh","20":"product_tag-piratu-laiva-sahl-hasheesh","21":"product_tag-privata-laiva-sahl-hasheesh","22":"product_tag-romantiskas-lietas-ko-darit-no-sahl-hasheesh","23":"product_tag-sahl-hasheesh-aktivitates","24":"product_tag-sahl-hasheesh-aktivitates-pariem","25":"product_tag-sahl-hasheesh-boat-charters-lv","26":"product_tag-sahl-hasheesh-ekskursijas","27":"product_tag-sahl-hasheesh-privats-izbrauciens-ar-laivu","28":"product_tag-sahl-hasheesh-snorkelesanas-braucieni","29":"tour_category-sahl-hasheesh-snorkelesanas-braucieni","30":"tour_category-sahl-hasheesh-ekskursijas","32":"first","33":"instock","34":"sale","35":"shipping-taxable","36":"purchasable","37":"product-type-tour"},"yoast_head":"<!-- This site is optimized with the Yoast SEO Premium plugin v26.9 (Yoast SEO v27.2) - https:\/\/yoast.com\/product\/yoast-seo-premium-wordpress\/ -->\n<title>PADI atkl\u0101t\u0101 \u016bdens nir\u0113ju kurss Sahl Hasheesh - 3 dienas<\/title>\n<meta name=\"description\" content=\"PADI Open Water Diver kurss Sahl Hasheesh - 3 dienas | ar pusdien\u0101m, dz\u0113rieniem, nir\u0161anas apr\u012bkojumu un transportu. Luxury Boat | Profesion\u0101ls nir\u0161anas instruktors\" \/>\n<meta name=\"robots\" content=\"index, follow, max-snippet:-1, max-image-preview:large, max-video-preview:-1\" \/>\n<link rel=\"canonical\" href=\"https:\/\/hurghadalovers.com\/lv\/tours\/padi-open-water-diver-course-in-sahl-hasheesh\/\" \/>\n<meta property=\"og:locale\" content=\"lv_LV\" \/>\n<meta property=\"og:type\" content=\"article\" \/>\n<meta property=\"og:title\" content=\"PADI atkl\u0101t\u0101 \u016bdens nir\u0113ju kursi Sahl Hasheesh\" \/>\n<meta property=\"og:description\" content=\"PADI Open Water Diver kurss Sahl Hasheesh - 3 dienas | ar pusdien\u0101m, dz\u0113rieniem, nir\u0161anas apr\u012bkojumu un transportu. Luxury Boat | Profesion\u0101ls nir\u0161anas instruktors\" \/>\n<meta property=\"og:url\" content=\"https:\/\/hurghadalovers.com\/lv\/tours\/padi-open-water-diver-course-in-sahl-hasheesh\/\" \/>\n<meta property=\"og:site_name\" content=\"Hurghada Excursions &amp; Day Trips | Booking Best Prices Tours\" \/>\n<meta property=\"article:publisher\" content=\"https:\/\/www.facebook.com\/Hurghadaloversegypt\" \/>\n<meta property=\"article:modified_time\" content=\"2026-02-08T11:45:04+00:00\" \/>\n<meta property=\"og:image\" content=\"https:\/\/hurghadalovers.com\/wp-content\/uploads\/2023\/08\/PADI-Open-Water-Diver-Course-in-Sahl-Hasheesh.jpeg\" \/>\n\t<meta property=\"og:image:width\" content=\"853\" \/>\n\t<meta property=\"og:image:height\" content=\"1280\" \/>\n\t<meta property=\"og:image:type\" content=\"image\/jpeg\" \/>\n<meta name=\"twitter:card\" content=\"summary_large_image\" \/>\n<meta name=\"twitter:label1\" content=\"Price\" \/>\n\t<meta name=\"twitter:data1\" content=\"&euro;&nbsp;260\" \/>\n\t<meta name=\"twitter:label2\" content=\"Availability\" \/>\n\t<meta name=\"twitter:data2\" content=\"In stock\" \/>\n<script type=\"application\/ld+json\" class=\"yoast-schema-graph\">{\"@context\":\"https:\/\/schema.org\",\"@graph\":[{\"@type\":[\"WebPage\",\"ItemPage\"],\"@id\":\"https:\/\/hurghadalovers.com\/lv\/tours\/padi-open-water-diver-course-in-sahl-hasheesh\/\",\"url\":\"https:\/\/hurghadalovers.com\/lv\/tours\/padi-open-water-diver-course-in-sahl-hasheesh\/\",\"name\":\"PADI atkl\u0101t\u0101 \u016bdens nir\u0113ju kurss Sahl Hasheesh - 3 dienas\",\"isPartOf\":{\"@id\":\"https:\/\/hurghadalovers.com\/lv\/#website\"},\"primaryImageOfPage\":{\"@id\":\"https:\/\/hurghadalovers.com\/lv\/tours\/padi-open-water-diver-course-in-sahl-hasheesh\/#primaryimage\"},\"image\":{\"@id\":\"https:\/\/hurghadalovers.com\/lv\/tours\/padi-open-water-diver-course-in-sahl-hasheesh\/#primaryimage\"},\"thumbnailUrl\":\"https:\/\/hurghadalovers.com\/wp-content\/uploads\/2023\/08\/PADI-Open-Water-Diver-Course-in-Sahl-Hasheesh.jpeg\",\"datePublished\":\"2023-08-31T19:52:41+00:00\",\"dateModified\":\"2026-02-08T11:45:04+00:00\",\"description\":\"PADI Open Water Diver kurss Sahl Hasheesh - 3 dienas | ar pusdien\u0101m, dz\u0113rieniem, nir\u0161anas apr\u012bkojumu un transportu. Luxury Boat | Profesion\u0101ls nir\u0161anas instruktors\",\"breadcrumb\":{\"@id\":\"https:\/\/hurghadalovers.com\/lv\/tours\/padi-open-water-diver-course-in-sahl-hasheesh\/#breadcrumb\"},\"inLanguage\":\"lv-LV\",\"potentialAction\":[{\"@type\":\"ReadAction\",\"target\":[\"https:\/\/hurghadalovers.com\/lv\/tours\/padi-open-water-diver-course-in-sahl-hasheesh\/\"]}]},{\"@type\":\"ImageObject\",\"inLanguage\":\"lv-LV\",\"@id\":\"https:\/\/hurghadalovers.com\/lv\/tours\/padi-open-water-diver-course-in-sahl-hasheesh\/#primaryimage\",\"url\":\"https:\/\/hurghadalovers.com\/wp-content\/uploads\/2023\/08\/PADI-Open-Water-Diver-Course-in-Sahl-Hasheesh.jpeg\",\"contentUrl\":\"https:\/\/hurghadalovers.com\/wp-content\/uploads\/2023\/08\/PADI-Open-Water-Diver-Course-in-Sahl-Hasheesh.jpeg\",\"width\":853,\"height\":1280,\"caption\":\"PADI Open Water Diver Course in\u00a0Sahl Hasheesh \u2013 3 Days\"},{\"@type\":\"BreadcrumbList\",\"@id\":\"https:\/\/hurghadalovers.com\/lv\/tours\/padi-open-water-diver-course-in-sahl-hasheesh\/#breadcrumb\",\"itemListElement\":[{\"@type\":\"ListItem\",\"position\":1,\"name\":\"Home\",\"item\":\"https:\/\/hurghadalovers.com\/lv\/\"},{\"@type\":\"ListItem\",\"position\":2,\"name\":\"Shop\",\"item\":\"https:\/\/hurghadalovers.com\/shop\/\"},{\"@type\":\"ListItem\",\"position\":3,\"name\":\"PADI atkl\u0101t\u0101 \u016bdens nir\u0113ju kursi Sahl Hasheesh\"}]},{\"@type\":\"WebSite\",\"@id\":\"https:\/\/hurghadalovers.com\/lv\/#website\",\"url\":\"https:\/\/hurghadalovers.com\/lv\/\",\"name\":\"Hurghada Excursions & Day Trips | Booking Best Prices Tours\",\"description\":\"Hurghada Lovers - Best Tour Operator - Excursions &amp; Things to do for Family Day Trips with kids and Couples Romantic. Unique .Hidden gems\",\"publisher\":{\"@id\":\"https:\/\/hurghadalovers.com\/lv\/#organization\"},\"alternateName\":\"Hurghada Excursions\",\"potentialAction\":[{\"@type\":\"SearchAction\",\"target\":{\"@type\":\"EntryPoint\",\"urlTemplate\":\"https:\/\/hurghadalovers.com\/lv\/?s={search_term_string}\"},\"query-input\":{\"@type\":\"PropertyValueSpecification\",\"valueRequired\":true,\"valueName\":\"search_term_string\"}}],\"inLanguage\":\"lv-LV\"},{\"@type\":[\"Organization\",\"Place\",\"TravelAgency\"],\"@id\":\"https:\/\/hurghadalovers.com\/lv\/#organization\",\"name\":\"Hurghada Excursions\",\"url\":\"https:\/\/hurghadalovers.com\/lv\/\",\"logo\":{\"@id\":\"https:\/\/hurghadalovers.com\/lv\/tours\/padi-open-water-diver-course-in-sahl-hasheesh\/#local-main-organization-logo\"},\"image\":{\"@id\":\"https:\/\/hurghadalovers.com\/lv\/tours\/padi-open-water-diver-course-in-sahl-hasheesh\/#local-main-organization-logo\"},\"sameAs\":[\"https:\/\/www.facebook.com\/Hurghadaloversegypt\"],\"address\":{\"@id\":\"https:\/\/hurghadalovers.com\/lv\/tours\/padi-open-water-diver-course-in-sahl-hasheesh\/#local-main-place-address\"},\"telephone\":[\"00201112596434\"],\"contactPoint\":{\"@type\":\"ContactPoint\",\"telephone\":\"00201112596434\",\"email\":\"weyouface@gmail.com\"},\"openingHoursSpecification\":{\"@type\":\"OpeningHoursSpecification\",\"dayOfWeek\":[\"Monday\",\"Tuesday\",\"Wednesday\",\"Thursday\",\"Friday\",\"Saturday\",\"Sunday\"],\"opens\":\"00:00\",\"closes\":\"23:59\"},\"email\":\"weyouface@gmail.com\",\"areaServed\":\"Luxor, Hurghada, El Gouna, Aswan, Sharm El Sheikh, Giza, Alexandria, Marsa Alam, Quseir, Soma Bay, Sahl Hasheesh, Red Sea, Makadi Bay, Cairo\",\"priceRange\":\"$\",\"currenciesAccepted\":\"euro\",\"paymentAccepted\":\"cash on site\"},{\"@type\":\"PostalAddress\",\"@id\":\"https:\/\/hurghadalovers.com\/lv\/tours\/padi-open-water-diver-course-in-sahl-hasheesh\/#local-main-place-address\",\"streetAddress\":\"17 Banks street, Alkawther area, top nbk bank\",\"addressLocality\":\"hurghada\",\"postalCode\":\"84511\",\"addressRegion\":\"red sea\",\"addressCountry\":\"EG\"},{\"@type\":\"ImageObject\",\"inLanguage\":\"lv-LV\",\"@id\":\"https:\/\/hurghadalovers.com\/lv\/tours\/padi-open-water-diver-course-in-sahl-hasheesh\/#local-main-organization-logo\",\"url\":\"https:\/\/hurghadalovers.com\/wp-content\/uploads\/2019\/10\/hurghada-excursions-logo.png\",\"contentUrl\":\"https:\/\/hurghadalovers.com\/wp-content\/uploads\/2019\/10\/hurghada-excursions-logo.png\",\"width\":272,\"height\":90,\"caption\":\"Hurghada Excursions\"}]}<\/script>\n<meta property=\"product:brand\" content=\"Ekskursijas snorkel\u0113\u0161anas Sahl Hasheesh\" \/>\n<meta property=\"product:price:amount\" content=\"260\" \/>\n<meta property=\"product:price:currency\" content=\"EUR\" \/>\n<meta property=\"og:availability\" content=\"instock\" \/>\n<meta property=\"product:availability\" content=\"instock\" \/>\n<meta property=\"product:retailer_item_id\" content=\"Sahl502024\" \/>\n<meta property=\"product:condition\" content=\"new\" \/>\n<meta name=\"geo.placename\" content=\"hurghada\" \/>\n<meta name=\"geo.region\" content=\"Egypt\" \/>\n<!-- \/ Yoast SEO Premium plugin. -->","yoast_head_json":{"title":"PADI atkl\u0101t\u0101 \u016bdens nir\u0113ju kurss Sahl Hasheesh - 3 dienas","description":"PADI Open Water Diver kurss Sahl Hasheesh - 3 dienas | ar pusdien\u0101m, dz\u0113rieniem, nir\u0161anas apr\u012bkojumu un transportu. Luxury Boat | Profesion\u0101ls nir\u0161anas instruktors","robots":{"index":"index","follow":"follow","max-snippet":"max-snippet:-1","max-image-preview":"max-image-preview:large","max-video-preview":"max-video-preview:-1"},"canonical":"https:\/\/hurghadalovers.com\/lv\/tours\/padi-open-water-diver-course-in-sahl-hasheesh\/","og_locale":"lv_LV","og_type":"article","og_title":"PADI atkl\u0101t\u0101 \u016bdens nir\u0113ju kursi Sahl Hasheesh","og_description":"PADI Open Water Diver kurss Sahl Hasheesh - 3 dienas | ar pusdien\u0101m, dz\u0113rieniem, nir\u0161anas apr\u012bkojumu un transportu. Luxury Boat | Profesion\u0101ls nir\u0161anas instruktors","og_url":"https:\/\/hurghadalovers.com\/lv\/tours\/padi-open-water-diver-course-in-sahl-hasheesh\/","og_site_name":"Hurghada Excursions &amp; Day Trips | Booking Best Prices Tours","article_publisher":"https:\/\/www.facebook.com\/Hurghadaloversegypt","article_modified_time":"2026-02-08T11:45:04+00:00","og_image":[{"width":853,"height":1280,"url":"https:\/\/hurghadalovers.com\/wp-content\/uploads\/2023\/08\/PADI-Open-Water-Diver-Course-in-Sahl-Hasheesh.jpeg","type":"image\/jpeg"}],"twitter_card":"summary_large_image","twitter_misc":{"Price":"&euro;&nbsp;260","Availability":"In stock"},"schema":{"@context":"https:\/\/schema.org","@graph":[{"@type":["WebPage","ItemPage"],"@id":"https:\/\/hurghadalovers.com\/lv\/tours\/padi-open-water-diver-course-in-sahl-hasheesh\/","url":"https:\/\/hurghadalovers.com\/lv\/tours\/padi-open-water-diver-course-in-sahl-hasheesh\/","name":"PADI atkl\u0101t\u0101 \u016bdens nir\u0113ju kurss Sahl Hasheesh - 3 dienas","isPartOf":{"@id":"https:\/\/hurghadalovers.com\/lv\/#website"},"primaryImageOfPage":{"@id":"https:\/\/hurghadalovers.com\/lv\/tours\/padi-open-water-diver-course-in-sahl-hasheesh\/#primaryimage"},"image":{"@id":"https:\/\/hurghadalovers.com\/lv\/tours\/padi-open-water-diver-course-in-sahl-hasheesh\/#primaryimage"},"thumbnailUrl":"https:\/\/hurghadalovers.com\/wp-content\/uploads\/2023\/08\/PADI-Open-Water-Diver-Course-in-Sahl-Hasheesh.jpeg","datePublished":"2023-08-31T19:52:41+00:00","dateModified":"2026-02-08T11:45:04+00:00","description":"PADI Open Water Diver kurss Sahl Hasheesh - 3 dienas | ar pusdien\u0101m, dz\u0113rieniem, nir\u0161anas apr\u012bkojumu un transportu. Luxury Boat | Profesion\u0101ls nir\u0161anas instruktors","breadcrumb":{"@id":"https:\/\/hurghadalovers.com\/lv\/tours\/padi-open-water-diver-course-in-sahl-hasheesh\/#breadcrumb"},"inLanguage":"lv-LV","potentialAction":[{"@type":"ReadAction","target":["https:\/\/hurghadalovers.com\/lv\/tours\/padi-open-water-diver-course-in-sahl-hasheesh\/"]}]},{"@type":"ImageObject","inLanguage":"lv-LV","@id":"https:\/\/hurghadalovers.com\/lv\/tours\/padi-open-water-diver-course-in-sahl-hasheesh\/#primaryimage","url":"https:\/\/hurghadalovers.com\/wp-content\/uploads\/2023\/08\/PADI-Open-Water-Diver-Course-in-Sahl-Hasheesh.jpeg","contentUrl":"https:\/\/hurghadalovers.com\/wp-content\/uploads\/2023\/08\/PADI-Open-Water-Diver-Course-in-Sahl-Hasheesh.jpeg","width":853,"height":1280,"caption":"PADI Open Water Diver Course in\u00a0Sahl Hasheesh \u2013 3 Days"},{"@type":"BreadcrumbList","@id":"https:\/\/hurghadalovers.com\/lv\/tours\/padi-open-water-diver-course-in-sahl-hasheesh\/#breadcrumb","itemListElement":[{"@type":"ListItem","position":1,"name":"Home","item":"https:\/\/hurghadalovers.com\/lv\/"},{"@type":"ListItem","position":2,"name":"Shop","item":"https:\/\/hurghadalovers.com\/shop\/"},{"@type":"ListItem","position":3,"name":"PADI atkl\u0101t\u0101 \u016bdens nir\u0113ju kursi Sahl Hasheesh"}]},{"@type":"WebSite","@id":"https:\/\/hurghadalovers.com\/lv\/#website","url":"https:\/\/hurghadalovers.com\/lv\/","name":"Hurghada Excursions & Day Trips | Booking Best Prices Tours","description":"Hurghada Lovers - Best Tour Operator - Excursions &amp; Things to do for Family Day Trips with kids and Couples Romantic. Unique .Hidden gems","publisher":{"@id":"https:\/\/hurghadalovers.com\/lv\/#organization"},"alternateName":"Hurghada Excursions","potentialAction":[{"@type":"SearchAction","target":{"@type":"EntryPoint","urlTemplate":"https:\/\/hurghadalovers.com\/lv\/?s={search_term_string}"},"query-input":{"@type":"PropertyValueSpecification","valueRequired":true,"valueName":"search_term_string"}}],"inLanguage":"lv-LV"},{"@type":["Organization","Place","TravelAgency"],"@id":"https:\/\/hurghadalovers.com\/lv\/#organization","name":"Hurghada Excursions","url":"https:\/\/hurghadalovers.com\/lv\/","logo":{"@id":"https:\/\/hurghadalovers.com\/lv\/tours\/padi-open-water-diver-course-in-sahl-hasheesh\/#local-main-organization-logo"},"image":{"@id":"https:\/\/hurghadalovers.com\/lv\/tours\/padi-open-water-diver-course-in-sahl-hasheesh\/#local-main-organization-logo"},"sameAs":["https:\/\/www.facebook.com\/Hurghadaloversegypt"],"address":{"@id":"https:\/\/hurghadalovers.com\/lv\/tours\/padi-open-water-diver-course-in-sahl-hasheesh\/#local-main-place-address"},"telephone":["00201112596434"],"contactPoint":{"@type":"ContactPoint","telephone":"00201112596434","email":"weyouface@gmail.com"},"openingHoursSpecification":{"@type":"OpeningHoursSpecification","dayOfWeek":["Monday","Tuesday","Wednesday","Thursday","Friday","Saturday","Sunday"],"opens":"00:00","closes":"23:59"},"email":"weyouface@gmail.com","areaServed":"Luxor, Hurghada, El Gouna, Aswan, Sharm El Sheikh, Giza, Alexandria, Marsa Alam, Quseir, Soma Bay, Sahl Hasheesh, Red Sea, Makadi Bay, Cairo","priceRange":"$","currenciesAccepted":"euro","paymentAccepted":"cash on site"},{"@type":"PostalAddress","@id":"https:\/\/hurghadalovers.com\/lv\/tours\/padi-open-water-diver-course-in-sahl-hasheesh\/#local-main-place-address","streetAddress":"17 Banks street, Alkawther area, top nbk bank","addressLocality":"hurghada","postalCode":"84511","addressRegion":"red sea","addressCountry":"EG"},{"@type":"ImageObject","inLanguage":"lv-LV","@id":"https:\/\/hurghadalovers.com\/lv\/tours\/padi-open-water-diver-course-in-sahl-hasheesh\/#local-main-organization-logo","url":"https:\/\/hurghadalovers.com\/wp-content\/uploads\/2019\/10\/hurghada-excursions-logo.png","contentUrl":"https:\/\/hurghadalovers.com\/wp-content\/uploads\/2019\/10\/hurghada-excursions-logo.png","width":272,"height":90,"caption":"Hurghada Excursions"}]},"product_brand":"Ekskursijas snorkel\u0113\u0161anas Sahl Hasheesh","product_price_amount":"260","product_price_currency":"EUR","og_availability":"instock","product_availability":"instock","product_retailer_item_id":"Sahl502024","product_condition":"new","geo.placename":"hurghada","geo.region":"Egypt"},"_links":{"self":[{"href":"https:\/\/hurghadalovers.com\/lv\/wp-json\/wp\/v2\/product\/391911","targetHints":{"allow":["GET"]}}],"collection":[{"href":"https:\/\/hurghadalovers.com\/lv\/wp-json\/wp\/v2\/product"}],"about":[{"href":"https:\/\/hurghadalovers.com\/lv\/wp-json\/wp\/v2\/types\/product"}],"wp:featuredmedia":[{"embeddable":true,"href":"https:\/\/hurghadalovers.com\/lv\/wp-json\/wp\/v2\/media\/391800"}],"wp:attachment":[{"href":"https:\/\/hurghadalovers.com\/lv\/wp-json\/wp\/v2\/media?parent=391911"}],"wp:term":[{"taxonomy":"product_brand","embeddable":true,"href":"https:\/\/hurghadalovers.com\/lv\/wp-json\/wp\/v2\/product_brand?post=391911"},{"taxonomy":"product_cat","embeddable":true,"href":"https:\/\/hurghadalovers.com\/lv\/wp-json\/wp\/v2\/product_cat?post=391911"},{"taxonomy":"product_tag","embeddable":true,"href":"https:\/\/hurghadalovers.com\/lv\/wp-json\/wp\/v2\/product_tag?post=391911"}],"curies":[{"name":"wp","href":"https:\/\/api.w.org\/{rel}","templated":true}]}}