{"id":390524,"date":"2023-08-31T12:36:31","date_gmt":"2023-08-31T12:44:05","guid":{"rendered":"https:\/\/hurghadalovers.com\/shop\/uncategorized\/sahl-hasheesh-privata-ekskursija-pa-kairu-un-aleksandriju-2-dienas\/"},"modified":"2026-02-08T23:39:09","modified_gmt":"2026-02-08T23:39:09","slug":"sahl-hasheesh-private-cairo-alexandria-tour-2-days","status":"publish","type":"product","link":"https:\/\/hurghadalovers.com\/lv\/tours\/sahl-hasheesh-private-cairo-alexandria-tour-2-days\/","title":{"rendered":"Sahl Hasheesh Priv\u0101ta ekskursija pa Kairu un Aleksandriju &#8211; 2 dienas"},"content":{"rendered":"<p><strong>Sahl Hasheesh<\/strong> <strong>Priv\u0101t\u0101 Kaira Aleksandrija Ekskursija<\/strong> &#8211; 2 dienas ar automa\u0161\u012bnu, mikroautobusu un priv\u0101to gidu.<\/p>\n<p style=\"text-align: center;\"><span style=\"color: #808000;\"><strong>Iepaz\u012bstiet \u0112\u0123iptes svar\u012bg\u0101kos v\u0113stures pieminek\u013cus<\/strong><\/span><\/p>\n<p><strong>Svar\u012bg\u0101kie notikumi:<\/strong><\/p>\n<ol>\n<li>G\u012bzas piram\u012bdas.<\/li>\n<li>Lielais Sfinkss.<\/li>\n<li>ielejas templis.<\/li>\n<li>\u0112\u0123iptes muzejs.<\/li>\n<li>Kajetbejas citadele Aleksandrij\u0101.<\/li>\n<li>Pompeja p\u012bl\u0101rs<\/li>\n<li>Aleksandrijas bibliot\u0113ka<\/li>\n<li>Aleksandrijas katakombas.<\/li>\n<li>Montazah pils Aleksandrij\u0101<\/li>\n<li>Pusdienas restor\u0101n\u0101 &#8220;Ve\u0123et\u0101rie\u0161iem ir pieejams \u0113diens&#8221;.<\/li>\n<\/ol>\n<p><strong>Priv\u0101ta ekskursija pa Kairu un Aleksandriju no <\/strong><strong>Sahl Hasheesh<\/strong> <strong>S\u012bk\u0101ka inform\u0101cija:<\/strong><\/p>\n<ul>\n<li>Ekskursiju pieejam\u012bba: Katru dienu.<\/li>\n<li>Ekskursijas veids: Priv\u0101t\u0101 ar automa\u0161\u012bnu vai mikroautobusu.<\/li>\n<li>Pa\u0146em\u0161anas laiks: S\u0101kot no 01:00 A.M.<\/li>\n<li>Piepras\u012bjums Viesn\u012bca sa\u0146emt brokastu maisi\u0146u ar brokast\u012bm no r\u012bta.<\/li>\n<li>Izbrauk\u0161anas laiks: 20:00.<\/li>\n<li>Piek\u013cuve ar rati\u0146kr\u0113sliem.<\/li>\n<li>Ilgums: 2 dienas \/ 1 nakts.<\/li>\n<\/ul>\n<p><strong>Rezerv\u0113jiet tagad un maks\u0101jiet v\u0113l\u0101k:<\/strong><\/p>\n<ul>\n<li>Skaidra nauda uz vietas gidam.<\/li>\n<li>Maks\u0101jums ar \u0112\u0123iptes m\u0101rci\u0146as, $, \u20ac vai \u00a3.<\/li>\n<\/ul>\n<p><strong>Atcel\u0161anas noteikumi:<\/strong><\/p>\n<ul>\n<li>j\u016bs Atcelt l\u012bdz 24 stund\u0101m iepriek\u0161.<\/li>\n<li>Ja k\u0101ds no j\u016bsu \u0123imenes atce\u013c r\u012btu, maks\u0101jiet 50% no izmaks\u0101m.<\/li>\n<\/ul>\n<p><strong>Kas ir iek\u013cauts?<\/strong><\/p>\n<ul>\n<li>Transf\u0113rs no Sahl Hasheesh viesn\u012bc\u0101m &#8220;Viesn\u012bcas uz\u0146em\u0161ana un atst\u0101\u0161ana&#8221;.<\/li>\n<li>Visi nodok\u013ci, ieejas maksa un maksa par pakalpojumiem.<\/li>\n<li>P\u0101rskait\u012bjumi.<\/li>\n<li>Ekskursijas gids.<\/li>\n<li>1 nakts viesn\u012bc\u0101 ar brokast\u012bm.<\/li>\n<li>Dz\u0113rieni.<\/li>\n<li>2 laiks Pusdienas restor\u0101n\u0101.<\/li>\n<\/ul>\n<p><strong>Iz\u0146\u0113mumi?<\/strong><\/p>\n<ul>\n<li>Dzeramnauda.<\/li>\n<li>Izbrauciens ar feluku &#8220;Izbrauciens ar laivu&#8221; 35 min= 10$.<\/li>\n<li>Papildu apr\u012bkojums, kas nav min\u0113ts.<\/li>\n<\/ul>\n<h4><strong>Cenas:<\/strong><\/h4>\n<ul>\n<li><strong>Pieaugu\u0161o cena = no 260 $ par personu<\/strong>.<\/li>\n<li>Cena b\u0113rniem &#8220;5-12\u2033 = 50%.<\/li>\n<li>b\u0113rniem &#8220;0-5\u2033 = bezmaksas.<\/li>\n<\/ul>\n<p>&nbsp;<\/p>\n<p><strong>Atsauksmes:<\/strong><\/p>\n<p>p\u0101rbaudiet m\u016bsu Google Map Atsauksmes k\u0101 Best <a href=\"https:\/\/g.page\/r\/CUeYvkngP3wkEBM\/review\">Tour Operator in Hurghada<\/a> tie\u0161saist\u0113 <a href=\"https:\/\/hurghadalovers.com\/\">Hurghada<\/a> \u0112\u0123ipt\u0113.<\/p>\n<p><strong>Rezerv\u0101cija:<\/strong><\/p>\n<p>Nos\u016btiet viesn\u012bcu + numura numuru + foto pases uz WhatsApp: <strong>+201112596434<\/strong><\/p>\n<p>Ja j\u016bs no \u0112\u0123ipte Rezerv\u0113t tagad tie\u0161saist\u0113 un apstiprin\u0101t, kad iera\u0161an\u0101s Hotel.<\/p>\n<p>&nbsp;<\/p>\n<p>&nbsp;<\/p>\n","protected":false},"excerpt":{"rendered":"<p><strong>Sahl Hasheesh<\/strong> <strong>Priv\u0101t\u0101 Kaira Aleksandrija Ekskursija<\/strong> &#8211; 2 dienas ar automa\u0161\u012bnu, mikroautobusu un priv\u0101to gidu.<\/p>\n<p style=\"text-align: center;\"><span style=\"color: #808000;\"><strong>Iepaz\u012bstiet \u0112\u0123iptes svar\u012bg\u0101kos v\u0113stures pieminek\u013cus<\/strong><\/span><\/p>\n<p>&nbsp;<\/p>\n","protected":false},"featured_media":995263,"template":"","meta":{"_joinchat":[]},"product_brand":[],"product_cat":[36667],"product_tag":[52973,49473,52976,52941,53073,51166,52953,53058,52957,53069,52969,53053,53048,53064,52949],"class_list":{"0":"post-390524","1":"product","2":"type-product","3":"status-publish","4":"has-post-thumbnail","6":"product_cat-ekskursijas","7":"product_tag-dienas-celojums-no-sahl-hasheesh-uz-piramidam","8":"product_tag-fun-family-activities-from-sahl-hasheesh","9":"product_tag-gimenes-dienas-ara-no-sahl-hasheesh","10":"product_tag-gimenes-lietas-ko-darit-no-sahl-hasheesh","11":"product_tag-jautras-gimenes-aktivitates-no-sahl-hasheesh","12":"product_tag-kaira-privatas-ekskursijas","13":"product_tag-kairas-dienas-celojums-no-sahl-hasheesh","14":"product_tag-ko-apskatit-sahl-hasheesh","15":"product_tag-piramidas-no-sahl-hasheesh","16":"product_tag-romantiskas-lietas-ko-darit-sahl-hasheesh","17":"product_tag-sahl-hasheesh-celojums-uz-kairu","18":"product_tag-sahl-hasheesh-dienas-ekskursijas","19":"product_tag-sahl-hasheesh-ko-darit","20":"product_tag-sahl-hasheesh-romantiskas-ekskursijas","21":"product_tag-sahl-hasheesh-uz-piramidam","22":"tour_category-ekskursijas-no-sahl-hasheesh-uz-piramidam","23":"tour_category-sahl-hasheesh-ekskursijas","25":"first","26":"instock","27":"sale","28":"shipping-taxable","29":"purchasable","30":"product-type-tour"},"yoast_head":"<!-- This site is optimized with the Yoast SEO Premium plugin v26.9 (Yoast SEO v27.2) - https:\/\/yoast.com\/product\/yoast-seo-premium-wordpress\/ -->\n<title>Sahl Hasheesh Priv\u0101ta ekskursija pa Kairu un Aleksandriju - 2 dienas<\/title>\n<meta name=\"description\" content=\"Sahl Hasheesh Priv\u0101t\u0101 Kaira Aleksandrija Ce\u013cojums - 2 dienas ar automa\u0161\u012bnu, mikroautobusu un priv\u0101to gidu. Iepaz\u012bstiet \u0112\u0123iptes svar\u012bg\u0101kos v\u0113stures pieminek\u013cus\" \/>\n<meta name=\"robots\" content=\"index, follow, max-snippet:-1, max-image-preview:large, max-video-preview:-1\" \/>\n<link rel=\"canonical\" href=\"https:\/\/hurghadalovers.com\/lv\/tours\/sahl-hasheesh-private-cairo-alexandria-tour-2-days\/\" \/>\n<meta property=\"og:locale\" content=\"lv_LV\" \/>\n<meta property=\"og:type\" content=\"article\" \/>\n<meta property=\"og:title\" content=\"Sahl Hasheesh Priv\u0101ta ekskursija pa Kairu un Aleksandriju - 2 dienas\" \/>\n<meta property=\"og:description\" content=\"Sahl Hasheesh Priv\u0101t\u0101 Kaira Aleksandrija Ce\u013cojums - 2 dienas ar automa\u0161\u012bnu, mikroautobusu un priv\u0101to gidu. Iepaz\u012bstiet \u0112\u0123iptes svar\u012bg\u0101kos v\u0113stures pieminek\u013cus\" \/>\n<meta property=\"og:url\" content=\"https:\/\/hurghadalovers.com\/lv\/tours\/sahl-hasheesh-private-cairo-alexandria-tour-2-days\/\" \/>\n<meta property=\"og:site_name\" content=\"Hurghada Excursions &amp; Day Trips | Booking Best Prices Tours\" \/>\n<meta property=\"article:publisher\" content=\"https:\/\/www.facebook.com\/Hurghadaloversegypt\" \/>\n<meta property=\"article:modified_time\" content=\"2026-02-08T23:39:09+00:00\" \/>\n<meta property=\"og:image\" content=\"https:\/\/hurghadalovers.com\/wp-content\/uploads\/2023\/08\/Makadi-bay-Private-Day-Trip-to-Pyramids.jpeg\" \/>\n\t<meta property=\"og:image:width\" content=\"1200\" \/>\n\t<meta property=\"og:image:height\" content=\"1600\" \/>\n\t<meta property=\"og:image:type\" content=\"image\/jpeg\" \/>\n<meta name=\"twitter:card\" content=\"summary_large_image\" \/>\n<meta name=\"twitter:label1\" content=\"Price\" \/>\n\t<meta name=\"twitter:data1\" content=\"&euro;&nbsp;260\" \/>\n\t<meta name=\"twitter:label2\" content=\"Availability\" \/>\n\t<meta name=\"twitter:data2\" content=\"In stock\" \/>\n<script type=\"application\/ld+json\" class=\"yoast-schema-graph\">{\"@context\":\"https:\/\/schema.org\",\"@graph\":[{\"@type\":[\"WebPage\",\"ItemPage\"],\"@id\":\"https:\/\/hurghadalovers.com\/lv\/tours\/sahl-hasheesh-private-cairo-alexandria-tour-2-days\/\",\"url\":\"https:\/\/hurghadalovers.com\/lv\/tours\/sahl-hasheesh-private-cairo-alexandria-tour-2-days\/\",\"name\":\"Sahl Hasheesh Priv\u0101ta ekskursija pa Kairu un Aleksandriju - 2 dienas\",\"isPartOf\":{\"@id\":\"https:\/\/hurghadalovers.com\/lv\/#website\"},\"primaryImageOfPage\":{\"@id\":\"https:\/\/hurghadalovers.com\/lv\/tours\/sahl-hasheesh-private-cairo-alexandria-tour-2-days\/#primaryimage\"},\"image\":{\"@id\":\"https:\/\/hurghadalovers.com\/lv\/tours\/sahl-hasheesh-private-cairo-alexandria-tour-2-days\/#primaryimage\"},\"thumbnailUrl\":\"https:\/\/hurghadalovers.com\/wp-content\/uploads\/2023\/08\/Makadi-bay-Private-Day-Trip-to-Pyramids.jpeg\",\"datePublished\":\"2023-08-31T12:44:05+00:00\",\"dateModified\":\"2026-02-08T23:39:09+00:00\",\"description\":\"Sahl Hasheesh Priv\u0101t\u0101 Kaira Aleksandrija Ce\u013cojums - 2 dienas ar automa\u0161\u012bnu, mikroautobusu un priv\u0101to gidu. Iepaz\u012bstiet \u0112\u0123iptes svar\u012bg\u0101kos v\u0113stures pieminek\u013cus\",\"breadcrumb\":{\"@id\":\"https:\/\/hurghadalovers.com\/lv\/tours\/sahl-hasheesh-private-cairo-alexandria-tour-2-days\/#breadcrumb\"},\"inLanguage\":\"lv-LV\",\"potentialAction\":[{\"@type\":\"ReadAction\",\"target\":[\"https:\/\/hurghadalovers.com\/lv\/tours\/sahl-hasheesh-private-cairo-alexandria-tour-2-days\/\"]}]},{\"@type\":\"ImageObject\",\"inLanguage\":\"lv-LV\",\"@id\":\"https:\/\/hurghadalovers.com\/lv\/tours\/sahl-hasheesh-private-cairo-alexandria-tour-2-days\/#primaryimage\",\"url\":\"https:\/\/hurghadalovers.com\/wp-content\/uploads\/2023\/08\/Makadi-bay-Private-Day-Trip-to-Pyramids.jpeg\",\"contentUrl\":\"https:\/\/hurghadalovers.com\/wp-content\/uploads\/2023\/08\/Makadi-bay-Private-Day-Trip-to-Pyramids.jpeg\",\"width\":1200,\"height\":1600,\"caption\":\"Makadi bay Private Day Trip to Pyramids\"},{\"@type\":\"BreadcrumbList\",\"@id\":\"https:\/\/hurghadalovers.com\/lv\/tours\/sahl-hasheesh-private-cairo-alexandria-tour-2-days\/#breadcrumb\",\"itemListElement\":[{\"@type\":\"ListItem\",\"position\":1,\"name\":\"Home\",\"item\":\"https:\/\/hurghadalovers.com\/lv\/\"},{\"@type\":\"ListItem\",\"position\":2,\"name\":\"Shop\",\"item\":\"https:\/\/hurghadalovers.com\/shop\/\"},{\"@type\":\"ListItem\",\"position\":3,\"name\":\"Sahl Hasheesh Priv\u0101ta ekskursija pa Kairu un Aleksandriju &#8211; 2 dienas\"}]},{\"@type\":\"WebSite\",\"@id\":\"https:\/\/hurghadalovers.com\/lv\/#website\",\"url\":\"https:\/\/hurghadalovers.com\/lv\/\",\"name\":\"Hurghada Excursions & Day Trips | Booking Best Prices Tours\",\"description\":\"Hurghada Lovers - Best Tour Operator - Excursions &amp; Things to do for Family Day Trips with kids and Couples Romantic. Unique .Hidden gems\",\"publisher\":{\"@id\":\"https:\/\/hurghadalovers.com\/lv\/#organization\"},\"alternateName\":\"Hurghada Excursions\",\"potentialAction\":[{\"@type\":\"SearchAction\",\"target\":{\"@type\":\"EntryPoint\",\"urlTemplate\":\"https:\/\/hurghadalovers.com\/lv\/?s={search_term_string}\"},\"query-input\":{\"@type\":\"PropertyValueSpecification\",\"valueRequired\":true,\"valueName\":\"search_term_string\"}}],\"inLanguage\":\"lv-LV\"},{\"@type\":[\"Organization\",\"Place\",\"TravelAgency\"],\"@id\":\"https:\/\/hurghadalovers.com\/lv\/#organization\",\"name\":\"Hurghada Excursions\",\"url\":\"https:\/\/hurghadalovers.com\/lv\/\",\"logo\":{\"@id\":\"https:\/\/hurghadalovers.com\/lv\/tours\/sahl-hasheesh-private-cairo-alexandria-tour-2-days\/#local-main-organization-logo\"},\"image\":{\"@id\":\"https:\/\/hurghadalovers.com\/lv\/tours\/sahl-hasheesh-private-cairo-alexandria-tour-2-days\/#local-main-organization-logo\"},\"sameAs\":[\"https:\/\/www.facebook.com\/Hurghadaloversegypt\"],\"address\":{\"@id\":\"https:\/\/hurghadalovers.com\/lv\/tours\/sahl-hasheesh-private-cairo-alexandria-tour-2-days\/#local-main-place-address\"},\"telephone\":[\"00201112596434\"],\"contactPoint\":{\"@type\":\"ContactPoint\",\"telephone\":\"00201112596434\",\"email\":\"weyouface@gmail.com\"},\"openingHoursSpecification\":{\"@type\":\"OpeningHoursSpecification\",\"dayOfWeek\":[\"Monday\",\"Tuesday\",\"Wednesday\",\"Thursday\",\"Friday\",\"Saturday\",\"Sunday\"],\"opens\":\"00:00\",\"closes\":\"23:59\"},\"email\":\"weyouface@gmail.com\",\"areaServed\":\"Luxor, Hurghada, El Gouna, Aswan, Sharm El Sheikh, Giza, Alexandria, Marsa Alam, Quseir, Soma Bay, Sahl Hasheesh, Red Sea, Makadi Bay, Cairo\",\"priceRange\":\"$\",\"currenciesAccepted\":\"euro\",\"paymentAccepted\":\"cash on site\"},{\"@type\":\"PostalAddress\",\"@id\":\"https:\/\/hurghadalovers.com\/lv\/tours\/sahl-hasheesh-private-cairo-alexandria-tour-2-days\/#local-main-place-address\",\"streetAddress\":\"17 Banks street, Alkawther area, top nbk bank\",\"addressLocality\":\"hurghada\",\"postalCode\":\"84511\",\"addressRegion\":\"red sea\",\"addressCountry\":\"EG\"},{\"@type\":\"ImageObject\",\"inLanguage\":\"lv-LV\",\"@id\":\"https:\/\/hurghadalovers.com\/lv\/tours\/sahl-hasheesh-private-cairo-alexandria-tour-2-days\/#local-main-organization-logo\",\"url\":\"https:\/\/hurghadalovers.com\/wp-content\/uploads\/2019\/10\/hurghada-excursions-logo.png\",\"contentUrl\":\"https:\/\/hurghadalovers.com\/wp-content\/uploads\/2019\/10\/hurghada-excursions-logo.png\",\"width\":272,\"height\":90,\"caption\":\"Hurghada Excursions\"}]}<\/script>\n<meta property=\"product:brand\" content=\"Ekskursijas Kaira no Sahl Hasheesh\" \/>\n<meta property=\"product:price:amount\" content=\"260\" \/>\n<meta property=\"product:price:currency\" content=\"EUR\" \/>\n<meta property=\"og:availability\" content=\"instock\" \/>\n<meta property=\"product:availability\" content=\"instock\" \/>\n<meta property=\"product:retailer_item_id\" content=\"Sahl082024\" \/>\n<meta property=\"product:condition\" content=\"new\" \/>\n<meta name=\"geo.placename\" content=\"hurghada\" \/>\n<meta name=\"geo.region\" content=\"Egypt\" \/>\n<!-- \/ Yoast SEO Premium plugin. -->","yoast_head_json":{"title":"Sahl Hasheesh Priv\u0101ta ekskursija pa Kairu un Aleksandriju - 2 dienas","description":"Sahl Hasheesh Priv\u0101t\u0101 Kaira Aleksandrija Ce\u013cojums - 2 dienas ar automa\u0161\u012bnu, mikroautobusu un priv\u0101to gidu. Iepaz\u012bstiet \u0112\u0123iptes svar\u012bg\u0101kos v\u0113stures pieminek\u013cus","robots":{"index":"index","follow":"follow","max-snippet":"max-snippet:-1","max-image-preview":"max-image-preview:large","max-video-preview":"max-video-preview:-1"},"canonical":"https:\/\/hurghadalovers.com\/lv\/tours\/sahl-hasheesh-private-cairo-alexandria-tour-2-days\/","og_locale":"lv_LV","og_type":"article","og_title":"Sahl Hasheesh Priv\u0101ta ekskursija pa Kairu un Aleksandriju - 2 dienas","og_description":"Sahl Hasheesh Priv\u0101t\u0101 Kaira Aleksandrija Ce\u013cojums - 2 dienas ar automa\u0161\u012bnu, mikroautobusu un priv\u0101to gidu. Iepaz\u012bstiet \u0112\u0123iptes svar\u012bg\u0101kos v\u0113stures pieminek\u013cus","og_url":"https:\/\/hurghadalovers.com\/lv\/tours\/sahl-hasheesh-private-cairo-alexandria-tour-2-days\/","og_site_name":"Hurghada Excursions &amp; Day Trips | Booking Best Prices Tours","article_publisher":"https:\/\/www.facebook.com\/Hurghadaloversegypt","article_modified_time":"2026-02-08T23:39:09+00:00","og_image":[{"width":1200,"height":1600,"url":"https:\/\/hurghadalovers.com\/wp-content\/uploads\/2023\/08\/Makadi-bay-Private-Day-Trip-to-Pyramids.jpeg","type":"image\/jpeg"}],"twitter_card":"summary_large_image","twitter_misc":{"Price":"&euro;&nbsp;260","Availability":"In stock"},"schema":{"@context":"https:\/\/schema.org","@graph":[{"@type":["WebPage","ItemPage"],"@id":"https:\/\/hurghadalovers.com\/lv\/tours\/sahl-hasheesh-private-cairo-alexandria-tour-2-days\/","url":"https:\/\/hurghadalovers.com\/lv\/tours\/sahl-hasheesh-private-cairo-alexandria-tour-2-days\/","name":"Sahl Hasheesh Priv\u0101ta ekskursija pa Kairu un Aleksandriju - 2 dienas","isPartOf":{"@id":"https:\/\/hurghadalovers.com\/lv\/#website"},"primaryImageOfPage":{"@id":"https:\/\/hurghadalovers.com\/lv\/tours\/sahl-hasheesh-private-cairo-alexandria-tour-2-days\/#primaryimage"},"image":{"@id":"https:\/\/hurghadalovers.com\/lv\/tours\/sahl-hasheesh-private-cairo-alexandria-tour-2-days\/#primaryimage"},"thumbnailUrl":"https:\/\/hurghadalovers.com\/wp-content\/uploads\/2023\/08\/Makadi-bay-Private-Day-Trip-to-Pyramids.jpeg","datePublished":"2023-08-31T12:44:05+00:00","dateModified":"2026-02-08T23:39:09+00:00","description":"Sahl Hasheesh Priv\u0101t\u0101 Kaira Aleksandrija Ce\u013cojums - 2 dienas ar automa\u0161\u012bnu, mikroautobusu un priv\u0101to gidu. Iepaz\u012bstiet \u0112\u0123iptes svar\u012bg\u0101kos v\u0113stures pieminek\u013cus","breadcrumb":{"@id":"https:\/\/hurghadalovers.com\/lv\/tours\/sahl-hasheesh-private-cairo-alexandria-tour-2-days\/#breadcrumb"},"inLanguage":"lv-LV","potentialAction":[{"@type":"ReadAction","target":["https:\/\/hurghadalovers.com\/lv\/tours\/sahl-hasheesh-private-cairo-alexandria-tour-2-days\/"]}]},{"@type":"ImageObject","inLanguage":"lv-LV","@id":"https:\/\/hurghadalovers.com\/lv\/tours\/sahl-hasheesh-private-cairo-alexandria-tour-2-days\/#primaryimage","url":"https:\/\/hurghadalovers.com\/wp-content\/uploads\/2023\/08\/Makadi-bay-Private-Day-Trip-to-Pyramids.jpeg","contentUrl":"https:\/\/hurghadalovers.com\/wp-content\/uploads\/2023\/08\/Makadi-bay-Private-Day-Trip-to-Pyramids.jpeg","width":1200,"height":1600,"caption":"Makadi bay Private Day Trip to Pyramids"},{"@type":"BreadcrumbList","@id":"https:\/\/hurghadalovers.com\/lv\/tours\/sahl-hasheesh-private-cairo-alexandria-tour-2-days\/#breadcrumb","itemListElement":[{"@type":"ListItem","position":1,"name":"Home","item":"https:\/\/hurghadalovers.com\/lv\/"},{"@type":"ListItem","position":2,"name":"Shop","item":"https:\/\/hurghadalovers.com\/shop\/"},{"@type":"ListItem","position":3,"name":"Sahl Hasheesh Priv\u0101ta ekskursija pa Kairu un Aleksandriju &#8211; 2 dienas"}]},{"@type":"WebSite","@id":"https:\/\/hurghadalovers.com\/lv\/#website","url":"https:\/\/hurghadalovers.com\/lv\/","name":"Hurghada Excursions & Day Trips | Booking Best Prices Tours","description":"Hurghada Lovers - Best Tour Operator - Excursions &amp; Things to do for Family Day Trips with kids and Couples Romantic. Unique .Hidden gems","publisher":{"@id":"https:\/\/hurghadalovers.com\/lv\/#organization"},"alternateName":"Hurghada Excursions","potentialAction":[{"@type":"SearchAction","target":{"@type":"EntryPoint","urlTemplate":"https:\/\/hurghadalovers.com\/lv\/?s={search_term_string}"},"query-input":{"@type":"PropertyValueSpecification","valueRequired":true,"valueName":"search_term_string"}}],"inLanguage":"lv-LV"},{"@type":["Organization","Place","TravelAgency"],"@id":"https:\/\/hurghadalovers.com\/lv\/#organization","name":"Hurghada Excursions","url":"https:\/\/hurghadalovers.com\/lv\/","logo":{"@id":"https:\/\/hurghadalovers.com\/lv\/tours\/sahl-hasheesh-private-cairo-alexandria-tour-2-days\/#local-main-organization-logo"},"image":{"@id":"https:\/\/hurghadalovers.com\/lv\/tours\/sahl-hasheesh-private-cairo-alexandria-tour-2-days\/#local-main-organization-logo"},"sameAs":["https:\/\/www.facebook.com\/Hurghadaloversegypt"],"address":{"@id":"https:\/\/hurghadalovers.com\/lv\/tours\/sahl-hasheesh-private-cairo-alexandria-tour-2-days\/#local-main-place-address"},"telephone":["00201112596434"],"contactPoint":{"@type":"ContactPoint","telephone":"00201112596434","email":"weyouface@gmail.com"},"openingHoursSpecification":{"@type":"OpeningHoursSpecification","dayOfWeek":["Monday","Tuesday","Wednesday","Thursday","Friday","Saturday","Sunday"],"opens":"00:00","closes":"23:59"},"email":"weyouface@gmail.com","areaServed":"Luxor, Hurghada, El Gouna, Aswan, Sharm El Sheikh, Giza, Alexandria, Marsa Alam, Quseir, Soma Bay, Sahl Hasheesh, Red Sea, Makadi Bay, Cairo","priceRange":"$","currenciesAccepted":"euro","paymentAccepted":"cash on site"},{"@type":"PostalAddress","@id":"https:\/\/hurghadalovers.com\/lv\/tours\/sahl-hasheesh-private-cairo-alexandria-tour-2-days\/#local-main-place-address","streetAddress":"17 Banks street, Alkawther area, top nbk bank","addressLocality":"hurghada","postalCode":"84511","addressRegion":"red sea","addressCountry":"EG"},{"@type":"ImageObject","inLanguage":"lv-LV","@id":"https:\/\/hurghadalovers.com\/lv\/tours\/sahl-hasheesh-private-cairo-alexandria-tour-2-days\/#local-main-organization-logo","url":"https:\/\/hurghadalovers.com\/wp-content\/uploads\/2019\/10\/hurghada-excursions-logo.png","contentUrl":"https:\/\/hurghadalovers.com\/wp-content\/uploads\/2019\/10\/hurghada-excursions-logo.png","width":272,"height":90,"caption":"Hurghada Excursions"}]},"product_brand":"Ekskursijas Kaira no Sahl Hasheesh","product_price_amount":"260","product_price_currency":"EUR","og_availability":"instock","product_availability":"instock","product_retailer_item_id":"Sahl082024","product_condition":"new","geo.placename":"hurghada","geo.region":"Egypt"},"_links":{"self":[{"href":"https:\/\/hurghadalovers.com\/lv\/wp-json\/wp\/v2\/product\/390524","targetHints":{"allow":["GET"]}}],"collection":[{"href":"https:\/\/hurghadalovers.com\/lv\/wp-json\/wp\/v2\/product"}],"about":[{"href":"https:\/\/hurghadalovers.com\/lv\/wp-json\/wp\/v2\/types\/product"}],"wp:featuredmedia":[{"embeddable":true,"href":"https:\/\/hurghadalovers.com\/lv\/wp-json\/wp\/v2\/media\/995263"}],"wp:attachment":[{"href":"https:\/\/hurghadalovers.com\/lv\/wp-json\/wp\/v2\/media?parent=390524"}],"wp:term":[{"taxonomy":"product_brand","embeddable":true,"href":"https:\/\/hurghadalovers.com\/lv\/wp-json\/wp\/v2\/product_brand?post=390524"},{"taxonomy":"product_cat","embeddable":true,"href":"https:\/\/hurghadalovers.com\/lv\/wp-json\/wp\/v2\/product_cat?post=390524"},{"taxonomy":"product_tag","embeddable":true,"href":"https:\/\/hurghadalovers.com\/lv\/wp-json\/wp\/v2\/product_tag?post=390524"}],"curies":[{"name":"wp","href":"https:\/\/api.w.org\/{rel}","templated":true}]}}