{"id":388513,"date":"2023-08-30T10:30:35","date_gmt":"2023-08-30T10:36:40","guid":{"rendered":"https:\/\/hurghadalovers.com\/shop\/uncategorized\/ikdienas-nirsanas-izbrauciens-ar-akvalangu-no-makadi-lica\/"},"modified":"2026-02-08T16:41:29","modified_gmt":"2026-02-08T16:41:29","slug":"dienas-nirsanas-ar-akvalangu-izbrauciens-kugi-no-makadi-bojas","status":"publish","type":"product","link":"https:\/\/hurghadalovers.com\/lv\/tours\/dienas-nirsanas-ar-akvalangu-izbrauciens-kugi-no-makadi-bojas\/","title":{"rendered":"Ikdienas nir\u0161anas izbrauciens ar akvalangu no Makadi l\u012b\u010da"},"content":{"rendered":"<p><strong>Ikdienas nir\u0161anas izbrauciens ar akvalangu no <\/strong><strong>Makadi l\u012b\u010da<\/strong> | Sertific\u0113ti un profesion\u0101li nir\u0113ji | ar pusdien\u0101m, dz\u0113rieniem, nir\u0161anas apr\u012bkojumu un transf\u0113ru.<\/p>\n<p style=\"text-align: center;\"><span style=\"color: #00ccff;\"><strong>Luksusa laiva<\/strong> | <strong>Profesion\u0101ls nir\u0161anas instruktors<\/strong> | <strong>Lab\u0101k\u0101s nir\u0161anas vietas un rifi<\/strong>, Sarkan\u0101 j\u016bra.<\/span><\/p>\n<p><strong>Svar\u012bg\u0101kie notikumi:<\/strong><\/p>\n<ul>\n<li>2 nir\u0161anas ar akvalangu pieturas.<\/li>\n<\/ul>\n<p><strong>S\u012bk\u0101ka inform\u0101cija:<\/strong><\/p>\n<ul>\n<li>Ekskursiju pieejam\u012bba: Katru dienu.<\/li>\n<li>Ekskursijas veids: Grupas vai priv\u0101ta.<\/li>\n<li>Pa\u0146em\u0161anas laiks: s\u0101kot no 07:30 r\u012bt\u0101.<\/li>\n<li>Izbrauk\u0161anas laiks: 16:00.<\/li>\n<li>Piek\u013cuve ar rati\u0146kr\u0113sliem.<\/li>\n<li>Ilgums: Ilgums: 7 h.<\/li>\n<\/ul>\n<p><strong>Rezerv\u0113jiet tagad un maks\u0101jiet v\u0113l\u0101k:<\/strong><\/p>\n<ul>\n<li>Skaidra nauda uz vietas gidam.<\/li>\n<li>Maks\u0101jums ar \u0112\u0123iptes m\u0101rci\u0146as, $, \u20ac vai \u00a3.<\/li>\n<\/ul>\n<p><strong>Atcel\u0161anas noteikumi:<\/strong><\/p>\n<ul>\n<li>j\u016bs Atcelt l\u012bdz 24 stund\u0101m iepriek\u0161.<\/li>\n<li>Ja k\u0101ds no j\u016bsu \u0123imenes atce\u013c r\u012btu, maks\u0101jiet 50% no izmaks\u0101m.<\/li>\n<\/ul>\n<p><strong>Kas ir iek\u013cauts?<\/strong><\/p>\n<ul>\n<li>Transf\u0113rs no Makadi Bay Hotels &#8220;Hotel pick up and drop off&#8221;.<\/li>\n<li>Visi nodok\u013ci, ieejas maksa un maksa par pakalpojumiem.<\/li>\n<li>Miner\u0101l\u016bdens + kola.<\/li>\n<li>Profesion\u0101ls nir\u0161anas instruktors.<\/li>\n<li>Nir\u0161anas apr\u012bkojums un snorkel\u0113\u0161anas apr\u012bkojums &#8220;Maskas un peldspalvas&#8221;.<\/li>\n<li>VIP bufetes pusdienas uz ku\u0123a.<\/li>\n<li>Gl\u0101b\u0161anas vestes.<\/li>\n<\/ul>\n<p><strong>Iz\u0146\u0113mumi?<\/strong><\/p>\n<ul>\n<li>Dzeramnauda.<\/li>\n<li>Ce\u013cojuma fotograf\u0113\u0161ana un fotoatt\u0113li.<\/li>\n<li>M\u0113s pied\u0101v\u0101jam nom\u0101t peldkost\u012bmus un peldkost\u012bmus sieviet\u0113m, v\u012brie\u0161iem, b\u0113rniem visu izm\u0113ru &#8220;5$ par vienu&#8221;.<\/li>\n<li>Papildu apr\u012bkojums, kas nav min\u0113ts.<\/li>\n<li>Nitrokss 12 L = 10$ dien\u0101<\/li>\n<li>Nitrokss 15 L = 10$ dien\u0101<\/li>\n<li>15 L tvertnes (norm\u0101ls gaiss) = 10$ dien\u0101<\/li>\n<\/ul>\n<p><strong>Cenas:<\/strong><\/p>\n<ul>\n<li><strong>Pieaugu\u0161o cena = 80$ par personu<\/strong>.<\/li>\n<\/ul>\n<p><strong>Atsauksmes:<\/strong><\/p>\n<p>p\u0101rbaudiet m\u016bsu Google Map Atsauksmes k\u0101 Best <a href=\"https:\/\/g.page\/r\/CUeYvkngP3wkEBM\/review\">Tour Operator in Hurghada<\/a> tie\u0161saist\u0113 <a href=\"https:\/\/hurghadalovers.com\/\">Hurghada<\/a> \u0112\u0123ipt\u0113.<\/p>\n<p><strong>Rezerv\u0101cija:<\/strong><\/p>\n<p>Nos\u016btiet viesn\u012bcu + numura numuru + foto pases uz WhatsApp: <strong>+201112596434<\/strong><\/p>\n<p>Ja j\u016bs no \u0112\u0123ipte Rezerv\u0113t tagad tie\u0161saist\u0113 un apstiprin\u0101t, kad iera\u0161an\u0101s Hotel.<\/p>\n<p>&nbsp;<\/p>\n<p>&nbsp;<\/p>\n","protected":false},"excerpt":{"rendered":"<p>Ikdienas nir\u0161anas izbrauciens ar akvalangu no Makadi l\u012b\u010da | Sertific\u0113ti un profesion\u0101li nir\u0113ji | ar pusdien\u0101m, dz\u0113rieniem, nir\u0161anas apr\u012bkojumu un transf\u0113ru.<\/p>\n","protected":false},"featured_media":388362,"template":"","meta":{"_joinchat":[]},"product_brand":[],"product_cat":[36667],"product_tag":[],"class_list":{"0":"post-388513","1":"product","2":"type-product","3":"status-publish","4":"has-post-thumbnail","6":"product_cat-ekskursijas","7":"tour_category-makadi-lica-snorkelesanas-braucieni","8":"tour_category-makadi-licis-ekskursijas","10":"first","11":"instock","12":"sale","13":"shipping-taxable","14":"purchasable","15":"product-type-tour"},"yoast_head":"<!-- This site is optimized with the Yoast SEO Premium plugin v26.9 (Yoast SEO v27.2) - https:\/\/yoast.com\/product\/yoast-seo-premium-wordpress\/ -->\n<title>Ikdienas nir\u0161anas izbrauciens ar akvalangu no Makadi l\u012b\u010da | Sertific\u0113ts<\/title>\n<meta name=\"description\" content=\"Ikdienas nir\u0161anas izbrauciens ar akvalangu no Makadi l\u012b\u010da | Sertific\u0113ti un profesion\u0101li nir\u0113ji | ar pusdien\u0101m, dz\u0113rieniem, nir\u0161anas apr\u012bkojumu un transf\u0113ru.\" \/>\n<meta name=\"robots\" content=\"index, follow, max-snippet:-1, max-image-preview:large, max-video-preview:-1\" \/>\n<link rel=\"canonical\" href=\"https:\/\/hurghadalovers.com\/lv\/tours\/dienas-nirsanas-ar-akvalangu-izbrauciens-kugi-no-makadi-bojas\/\" \/>\n<meta property=\"og:locale\" content=\"lv_LV\" \/>\n<meta property=\"og:type\" content=\"article\" \/>\n<meta property=\"og:title\" content=\"Ikdienas nir\u0161anas izbrauciens ar akvalangu no Makadi l\u012b\u010da\" \/>\n<meta property=\"og:description\" content=\"Ikdienas nir\u0161anas izbrauciens ar akvalangu no Makadi l\u012b\u010da | Sertific\u0113ti un profesion\u0101li nir\u0113ji | ar pusdien\u0101m, dz\u0113rieniem, nir\u0161anas apr\u012bkojumu un transf\u0113ru.\" \/>\n<meta property=\"og:url\" content=\"https:\/\/hurghadalovers.com\/lv\/tours\/dienas-nirsanas-ar-akvalangu-izbrauciens-kugi-no-makadi-bojas\/\" \/>\n<meta property=\"og:site_name\" content=\"Hurghada Excursions &amp; Day Trips | Booking Best Prices Tours\" \/>\n<meta property=\"article:publisher\" content=\"https:\/\/www.facebook.com\/Hurghadaloversegypt\" \/>\n<meta property=\"article:modified_time\" content=\"2026-02-08T16:41:29+00:00\" \/>\n<meta property=\"og:image\" content=\"https:\/\/hurghadalovers.com\/wp-content\/uploads\/2023\/08\/Daily-Scuba-Diving-Boat-Trip-from-Makadi-Bay.png\" \/>\n\t<meta property=\"og:image:width\" content=\"907\" \/>\n\t<meta property=\"og:image:height\" content=\"594\" \/>\n\t<meta property=\"og:image:type\" content=\"image\/png\" \/>\n<meta name=\"twitter:card\" content=\"summary_large_image\" \/>\n<meta name=\"twitter:label1\" content=\"Price\" \/>\n\t<meta name=\"twitter:data1\" content=\"&euro;&nbsp;80\" \/>\n\t<meta name=\"twitter:label2\" content=\"Availability\" \/>\n\t<meta name=\"twitter:data2\" content=\"In stock\" \/>\n<script type=\"application\/ld+json\" class=\"yoast-schema-graph\">{\"@context\":\"https:\/\/schema.org\",\"@graph\":[{\"@type\":[\"WebPage\",\"ItemPage\"],\"@id\":\"https:\/\/hurghadalovers.com\/lv\/tours\/dienas-nirsanas-ar-akvalangu-izbrauciens-kugi-no-makadi-bojas\/\",\"url\":\"https:\/\/hurghadalovers.com\/lv\/tours\/dienas-nirsanas-ar-akvalangu-izbrauciens-kugi-no-makadi-bojas\/\",\"name\":\"Ikdienas nir\u0161anas izbrauciens ar akvalangu no Makadi l\u012b\u010da | Sertific\u0113ts\",\"isPartOf\":{\"@id\":\"https:\/\/hurghadalovers.com\/lv\/#website\"},\"primaryImageOfPage\":{\"@id\":\"https:\/\/hurghadalovers.com\/lv\/tours\/dienas-nirsanas-ar-akvalangu-izbrauciens-kugi-no-makadi-bojas\/#primaryimage\"},\"image\":{\"@id\":\"https:\/\/hurghadalovers.com\/lv\/tours\/dienas-nirsanas-ar-akvalangu-izbrauciens-kugi-no-makadi-bojas\/#primaryimage\"},\"thumbnailUrl\":\"https:\/\/hurghadalovers.com\/wp-content\/uploads\/2023\/08\/Daily-Scuba-Diving-Boat-Trip-from-Makadi-Bay.png\",\"datePublished\":\"2023-08-30T10:36:40+00:00\",\"dateModified\":\"2026-02-08T16:41:29+00:00\",\"description\":\"Ikdienas nir\u0161anas izbrauciens ar akvalangu no Makadi l\u012b\u010da | Sertific\u0113ti un profesion\u0101li nir\u0113ji | ar pusdien\u0101m, dz\u0113rieniem, nir\u0161anas apr\u012bkojumu un transf\u0113ru.\",\"breadcrumb\":{\"@id\":\"https:\/\/hurghadalovers.com\/lv\/tours\/dienas-nirsanas-ar-akvalangu-izbrauciens-kugi-no-makadi-bojas\/#breadcrumb\"},\"inLanguage\":\"lv-LV\",\"potentialAction\":[{\"@type\":\"ReadAction\",\"target\":[\"https:\/\/hurghadalovers.com\/lv\/tours\/dienas-nirsanas-ar-akvalangu-izbrauciens-kugi-no-makadi-bojas\/\"]}]},{\"@type\":\"ImageObject\",\"inLanguage\":\"lv-LV\",\"@id\":\"https:\/\/hurghadalovers.com\/lv\/tours\/dienas-nirsanas-ar-akvalangu-izbrauciens-kugi-no-makadi-bojas\/#primaryimage\",\"url\":\"https:\/\/hurghadalovers.com\/wp-content\/uploads\/2023\/08\/Daily-Scuba-Diving-Boat-Trip-from-Makadi-Bay.png\",\"contentUrl\":\"https:\/\/hurghadalovers.com\/wp-content\/uploads\/2023\/08\/Daily-Scuba-Diving-Boat-Trip-from-Makadi-Bay.png\",\"width\":907,\"height\":594,\"caption\":\"Ikdienas nir\u0161anas izbrauciens ar akvalangu no Makadi l\u012b\u010da\"},{\"@type\":\"BreadcrumbList\",\"@id\":\"https:\/\/hurghadalovers.com\/lv\/tours\/dienas-nirsanas-ar-akvalangu-izbrauciens-kugi-no-makadi-bojas\/#breadcrumb\",\"itemListElement\":[{\"@type\":\"ListItem\",\"position\":1,\"name\":\"Home\",\"item\":\"https:\/\/hurghadalovers.com\/lv\/\"},{\"@type\":\"ListItem\",\"position\":2,\"name\":\"Shop\",\"item\":\"https:\/\/hurghadalovers.com\/shop\/\"},{\"@type\":\"ListItem\",\"position\":3,\"name\":\"Ikdienas nir\u0161anas izbrauciens ar akvalangu no Makadi l\u012b\u010da\"}]},{\"@type\":\"WebSite\",\"@id\":\"https:\/\/hurghadalovers.com\/lv\/#website\",\"url\":\"https:\/\/hurghadalovers.com\/lv\/\",\"name\":\"Hurghada Excursions & Day Trips | Booking Best Prices Tours\",\"description\":\"Hurghada Lovers - Best Tour Operator - Excursions &amp; Things to do for Family Day Trips with kids and Couples Romantic. Unique .Hidden gems\",\"publisher\":{\"@id\":\"https:\/\/hurghadalovers.com\/lv\/#organization\"},\"alternateName\":\"Hurghada Excursions\",\"potentialAction\":[{\"@type\":\"SearchAction\",\"target\":{\"@type\":\"EntryPoint\",\"urlTemplate\":\"https:\/\/hurghadalovers.com\/lv\/?s={search_term_string}\"},\"query-input\":{\"@type\":\"PropertyValueSpecification\",\"valueRequired\":true,\"valueName\":\"search_term_string\"}}],\"inLanguage\":\"lv-LV\"},{\"@type\":[\"Organization\",\"Place\",\"TravelAgency\"],\"@id\":\"https:\/\/hurghadalovers.com\/lv\/#organization\",\"name\":\"Hurghada Excursions\",\"url\":\"https:\/\/hurghadalovers.com\/lv\/\",\"logo\":{\"@id\":\"https:\/\/hurghadalovers.com\/lv\/tours\/dienas-nirsanas-ar-akvalangu-izbrauciens-kugi-no-makadi-bojas\/#local-main-organization-logo\"},\"image\":{\"@id\":\"https:\/\/hurghadalovers.com\/lv\/tours\/dienas-nirsanas-ar-akvalangu-izbrauciens-kugi-no-makadi-bojas\/#local-main-organization-logo\"},\"sameAs\":[\"https:\/\/www.facebook.com\/Hurghadaloversegypt\"],\"address\":{\"@id\":\"https:\/\/hurghadalovers.com\/lv\/tours\/dienas-nirsanas-ar-akvalangu-izbrauciens-kugi-no-makadi-bojas\/#local-main-place-address\"},\"telephone\":[\"00201112596434\"],\"contactPoint\":{\"@type\":\"ContactPoint\",\"telephone\":\"00201112596434\",\"email\":\"weyouface@gmail.com\"},\"openingHoursSpecification\":{\"@type\":\"OpeningHoursSpecification\",\"dayOfWeek\":[\"Monday\",\"Tuesday\",\"Wednesday\",\"Thursday\",\"Friday\",\"Saturday\",\"Sunday\"],\"opens\":\"00:00\",\"closes\":\"23:59\"},\"email\":\"weyouface@gmail.com\",\"areaServed\":\"Luxor, Hurghada, El Gouna, Aswan, Sharm El Sheikh, Giza, Alexandria, Marsa Alam, Quseir, Soma Bay, Sahl Hasheesh, Red Sea, Makadi Bay, Cairo\",\"priceRange\":\"$\",\"currenciesAccepted\":\"euro\",\"paymentAccepted\":\"cash on site\"},{\"@type\":\"PostalAddress\",\"@id\":\"https:\/\/hurghadalovers.com\/lv\/tours\/dienas-nirsanas-ar-akvalangu-izbrauciens-kugi-no-makadi-bojas\/#local-main-place-address\",\"streetAddress\":\"17 Banks street, Alkawther area, top nbk bank\",\"addressLocality\":\"hurghada\",\"postalCode\":\"84511\",\"addressRegion\":\"red sea\",\"addressCountry\":\"EG\"},{\"@type\":\"ImageObject\",\"inLanguage\":\"lv-LV\",\"@id\":\"https:\/\/hurghadalovers.com\/lv\/tours\/dienas-nirsanas-ar-akvalangu-izbrauciens-kugi-no-makadi-bojas\/#local-main-organization-logo\",\"url\":\"https:\/\/hurghadalovers.com\/wp-content\/uploads\/2019\/10\/hurghada-excursions-logo.png\",\"contentUrl\":\"https:\/\/hurghadalovers.com\/wp-content\/uploads\/2019\/10\/hurghada-excursions-logo.png\",\"width\":272,\"height\":90,\"caption\":\"Hurghada Excursions\"}]}<\/script>\n<meta property=\"product:brand\" content=\"Ekskursijas snorkel\u0113\u0161anas Makadi\" \/>\n<meta property=\"product:price:amount\" content=\"80\" \/>\n<meta property=\"product:price:currency\" content=\"EUR\" \/>\n<meta property=\"og:availability\" content=\"instock\" \/>\n<meta property=\"product:availability\" content=\"instock\" \/>\n<meta property=\"product:retailer_item_id\" content=\"MakadiSnorkeling132024\" \/>\n<meta property=\"product:condition\" content=\"new\" \/>\n<meta name=\"geo.placename\" content=\"hurghada\" \/>\n<meta name=\"geo.region\" content=\"Egypt\" \/>\n<!-- \/ Yoast SEO Premium plugin. -->","yoast_head_json":{"title":"Ikdienas nir\u0161anas izbrauciens ar akvalangu no Makadi l\u012b\u010da | Sertific\u0113ts","description":"Ikdienas nir\u0161anas izbrauciens ar akvalangu no Makadi l\u012b\u010da | Sertific\u0113ti un profesion\u0101li nir\u0113ji | ar pusdien\u0101m, dz\u0113rieniem, nir\u0161anas apr\u012bkojumu un transf\u0113ru.","robots":{"index":"index","follow":"follow","max-snippet":"max-snippet:-1","max-image-preview":"max-image-preview:large","max-video-preview":"max-video-preview:-1"},"canonical":"https:\/\/hurghadalovers.com\/lv\/tours\/dienas-nirsanas-ar-akvalangu-izbrauciens-kugi-no-makadi-bojas\/","og_locale":"lv_LV","og_type":"article","og_title":"Ikdienas nir\u0161anas izbrauciens ar akvalangu no Makadi l\u012b\u010da","og_description":"Ikdienas nir\u0161anas izbrauciens ar akvalangu no Makadi l\u012b\u010da | Sertific\u0113ti un profesion\u0101li nir\u0113ji | ar pusdien\u0101m, dz\u0113rieniem, nir\u0161anas apr\u012bkojumu un transf\u0113ru.","og_url":"https:\/\/hurghadalovers.com\/lv\/tours\/dienas-nirsanas-ar-akvalangu-izbrauciens-kugi-no-makadi-bojas\/","og_site_name":"Hurghada Excursions &amp; Day Trips | Booking Best Prices Tours","article_publisher":"https:\/\/www.facebook.com\/Hurghadaloversegypt","article_modified_time":"2026-02-08T16:41:29+00:00","og_image":[{"width":907,"height":594,"url":"https:\/\/hurghadalovers.com\/wp-content\/uploads\/2023\/08\/Daily-Scuba-Diving-Boat-Trip-from-Makadi-Bay.png","type":"image\/png"}],"twitter_card":"summary_large_image","twitter_misc":{"Price":"&euro;&nbsp;80","Availability":"In stock"},"schema":{"@context":"https:\/\/schema.org","@graph":[{"@type":["WebPage","ItemPage"],"@id":"https:\/\/hurghadalovers.com\/lv\/tours\/dienas-nirsanas-ar-akvalangu-izbrauciens-kugi-no-makadi-bojas\/","url":"https:\/\/hurghadalovers.com\/lv\/tours\/dienas-nirsanas-ar-akvalangu-izbrauciens-kugi-no-makadi-bojas\/","name":"Ikdienas nir\u0161anas izbrauciens ar akvalangu no Makadi l\u012b\u010da | Sertific\u0113ts","isPartOf":{"@id":"https:\/\/hurghadalovers.com\/lv\/#website"},"primaryImageOfPage":{"@id":"https:\/\/hurghadalovers.com\/lv\/tours\/dienas-nirsanas-ar-akvalangu-izbrauciens-kugi-no-makadi-bojas\/#primaryimage"},"image":{"@id":"https:\/\/hurghadalovers.com\/lv\/tours\/dienas-nirsanas-ar-akvalangu-izbrauciens-kugi-no-makadi-bojas\/#primaryimage"},"thumbnailUrl":"https:\/\/hurghadalovers.com\/wp-content\/uploads\/2023\/08\/Daily-Scuba-Diving-Boat-Trip-from-Makadi-Bay.png","datePublished":"2023-08-30T10:36:40+00:00","dateModified":"2026-02-08T16:41:29+00:00","description":"Ikdienas nir\u0161anas izbrauciens ar akvalangu no Makadi l\u012b\u010da | Sertific\u0113ti un profesion\u0101li nir\u0113ji | ar pusdien\u0101m, dz\u0113rieniem, nir\u0161anas apr\u012bkojumu un transf\u0113ru.","breadcrumb":{"@id":"https:\/\/hurghadalovers.com\/lv\/tours\/dienas-nirsanas-ar-akvalangu-izbrauciens-kugi-no-makadi-bojas\/#breadcrumb"},"inLanguage":"lv-LV","potentialAction":[{"@type":"ReadAction","target":["https:\/\/hurghadalovers.com\/lv\/tours\/dienas-nirsanas-ar-akvalangu-izbrauciens-kugi-no-makadi-bojas\/"]}]},{"@type":"ImageObject","inLanguage":"lv-LV","@id":"https:\/\/hurghadalovers.com\/lv\/tours\/dienas-nirsanas-ar-akvalangu-izbrauciens-kugi-no-makadi-bojas\/#primaryimage","url":"https:\/\/hurghadalovers.com\/wp-content\/uploads\/2023\/08\/Daily-Scuba-Diving-Boat-Trip-from-Makadi-Bay.png","contentUrl":"https:\/\/hurghadalovers.com\/wp-content\/uploads\/2023\/08\/Daily-Scuba-Diving-Boat-Trip-from-Makadi-Bay.png","width":907,"height":594,"caption":"Ikdienas nir\u0161anas izbrauciens ar akvalangu no Makadi l\u012b\u010da"},{"@type":"BreadcrumbList","@id":"https:\/\/hurghadalovers.com\/lv\/tours\/dienas-nirsanas-ar-akvalangu-izbrauciens-kugi-no-makadi-bojas\/#breadcrumb","itemListElement":[{"@type":"ListItem","position":1,"name":"Home","item":"https:\/\/hurghadalovers.com\/lv\/"},{"@type":"ListItem","position":2,"name":"Shop","item":"https:\/\/hurghadalovers.com\/shop\/"},{"@type":"ListItem","position":3,"name":"Ikdienas nir\u0161anas izbrauciens ar akvalangu no Makadi l\u012b\u010da"}]},{"@type":"WebSite","@id":"https:\/\/hurghadalovers.com\/lv\/#website","url":"https:\/\/hurghadalovers.com\/lv\/","name":"Hurghada Excursions & Day Trips | Booking Best Prices Tours","description":"Hurghada Lovers - Best Tour Operator - Excursions &amp; Things to do for Family Day Trips with kids and Couples Romantic. Unique .Hidden gems","publisher":{"@id":"https:\/\/hurghadalovers.com\/lv\/#organization"},"alternateName":"Hurghada Excursions","potentialAction":[{"@type":"SearchAction","target":{"@type":"EntryPoint","urlTemplate":"https:\/\/hurghadalovers.com\/lv\/?s={search_term_string}"},"query-input":{"@type":"PropertyValueSpecification","valueRequired":true,"valueName":"search_term_string"}}],"inLanguage":"lv-LV"},{"@type":["Organization","Place","TravelAgency"],"@id":"https:\/\/hurghadalovers.com\/lv\/#organization","name":"Hurghada Excursions","url":"https:\/\/hurghadalovers.com\/lv\/","logo":{"@id":"https:\/\/hurghadalovers.com\/lv\/tours\/dienas-nirsanas-ar-akvalangu-izbrauciens-kugi-no-makadi-bojas\/#local-main-organization-logo"},"image":{"@id":"https:\/\/hurghadalovers.com\/lv\/tours\/dienas-nirsanas-ar-akvalangu-izbrauciens-kugi-no-makadi-bojas\/#local-main-organization-logo"},"sameAs":["https:\/\/www.facebook.com\/Hurghadaloversegypt"],"address":{"@id":"https:\/\/hurghadalovers.com\/lv\/tours\/dienas-nirsanas-ar-akvalangu-izbrauciens-kugi-no-makadi-bojas\/#local-main-place-address"},"telephone":["00201112596434"],"contactPoint":{"@type":"ContactPoint","telephone":"00201112596434","email":"weyouface@gmail.com"},"openingHoursSpecification":{"@type":"OpeningHoursSpecification","dayOfWeek":["Monday","Tuesday","Wednesday","Thursday","Friday","Saturday","Sunday"],"opens":"00:00","closes":"23:59"},"email":"weyouface@gmail.com","areaServed":"Luxor, Hurghada, El Gouna, Aswan, Sharm El Sheikh, Giza, Alexandria, Marsa Alam, Quseir, Soma Bay, Sahl Hasheesh, Red Sea, Makadi Bay, Cairo","priceRange":"$","currenciesAccepted":"euro","paymentAccepted":"cash on site"},{"@type":"PostalAddress","@id":"https:\/\/hurghadalovers.com\/lv\/tours\/dienas-nirsanas-ar-akvalangu-izbrauciens-kugi-no-makadi-bojas\/#local-main-place-address","streetAddress":"17 Banks street, Alkawther area, top nbk bank","addressLocality":"hurghada","postalCode":"84511","addressRegion":"red sea","addressCountry":"EG"},{"@type":"ImageObject","inLanguage":"lv-LV","@id":"https:\/\/hurghadalovers.com\/lv\/tours\/dienas-nirsanas-ar-akvalangu-izbrauciens-kugi-no-makadi-bojas\/#local-main-organization-logo","url":"https:\/\/hurghadalovers.com\/wp-content\/uploads\/2019\/10\/hurghada-excursions-logo.png","contentUrl":"https:\/\/hurghadalovers.com\/wp-content\/uploads\/2019\/10\/hurghada-excursions-logo.png","width":272,"height":90,"caption":"Hurghada Excursions"}]},"product_brand":"Ekskursijas snorkel\u0113\u0161anas Makadi","product_price_amount":"80","product_price_currency":"EUR","og_availability":"instock","product_availability":"instock","product_retailer_item_id":"MakadiSnorkeling132024","product_condition":"new","geo.placename":"hurghada","geo.region":"Egypt"},"_links":{"self":[{"href":"https:\/\/hurghadalovers.com\/lv\/wp-json\/wp\/v2\/product\/388513","targetHints":{"allow":["GET"]}}],"collection":[{"href":"https:\/\/hurghadalovers.com\/lv\/wp-json\/wp\/v2\/product"}],"about":[{"href":"https:\/\/hurghadalovers.com\/lv\/wp-json\/wp\/v2\/types\/product"}],"wp:featuredmedia":[{"embeddable":true,"href":"https:\/\/hurghadalovers.com\/lv\/wp-json\/wp\/v2\/media\/388362"}],"wp:attachment":[{"href":"https:\/\/hurghadalovers.com\/lv\/wp-json\/wp\/v2\/media?parent=388513"}],"wp:term":[{"taxonomy":"product_brand","embeddable":true,"href":"https:\/\/hurghadalovers.com\/lv\/wp-json\/wp\/v2\/product_brand?post=388513"},{"taxonomy":"product_cat","embeddable":true,"href":"https:\/\/hurghadalovers.com\/lv\/wp-json\/wp\/v2\/product_cat?post=388513"},{"taxonomy":"product_tag","embeddable":true,"href":"https:\/\/hurghadalovers.com\/lv\/wp-json\/wp\/v2\/product_tag?post=388513"}],"curies":[{"name":"wp","href":"https:\/\/api.w.org\/{rel}","templated":true}]}}