{"id":388173,"date":"2023-08-30T09:49:11","date_gmt":"2023-08-30T09:50:51","guid":{"rendered":"https:\/\/hurghadalovers.com\/shop\/uncategorized\/makadi-lica-atrgaitas-laivu-noma-uz-dolphin-house\/"},"modified":"2026-02-08T09:11:45","modified_gmt":"2026-02-08T09:11:45","slug":"makadi-bay-speedboat-rental-to-dolphin-house","status":"publish","type":"product","link":"https:\/\/hurghadalovers.com\/lv\/tours\/makadi-bay-speedboat-rental-to-dolphin-house\/","title":{"rendered":"Makadi l\u012b\u010da \u0101trgaitas laivu noma uz Dolphin House"},"content":{"rendered":"<p><strong>Makadi l\u012b\u010da \u0101trgaitas laivas noma uz delf\u012bnu m\u0101ju<\/strong> un snorkel\u0113\u0161ana ar delf\u012bniem + snorkel\u0113\u0161anas vieta | Priv\u0101tas luksusa \u0101trgaitas laivas ar dz\u0113rieniem un transf\u0113ru.<\/p>\n<p style=\"text-align: center;\"><span style=\"color: #00ccff;\">Skaist\u0101k\u0101s Makadi Bay <strong>\u0122imenei draudz\u012bgas aktivit\u0101tes<\/strong>, <strong>Ko dar\u012bt ar b\u0113rniem<\/strong>, Senioriem, <strong>Medusm\u0113nesim<\/strong> un <strong>P\u0101riem<\/strong>.<\/span><\/p>\n<p><strong>Svar\u012bg\u0101kie notikumi:<\/strong><\/p>\n<ul>\n<li>Viena vieta Snorkel\u0113\u0161ana un delf\u012bnu v\u0113ro\u0161ana.<\/li>\n<li>2 vietas Snorkel\u0113\u0161ana House Reef.<\/li>\n<\/ul>\n<p><strong>S\u012bk\u0101ka inform\u0101cija:<\/strong><\/p>\n<ul>\n<li>Ekskursiju pieejam\u012bba: Katru dienu.<\/li>\n<li>Ekskursijas veids: Priv\u0101ts.<\/li>\n<li>Pacel\u0161anas laiks: s\u0101kot no 07:30 vai no 12:00.<\/li>\n<li>Izbrauk\u0161anas laiks: 13:00 vai 18:00.<\/li>\n<li>Piek\u013cuve ar rati\u0146kr\u0113sliem.<\/li>\n<li>Ilgums: Ilgums: 4-5 h.<\/li>\n<\/ul>\n<p><strong>Rezerv\u0113jiet tagad un maks\u0101jiet v\u0113l\u0101k:<\/strong><\/p>\n<ul>\n<li>Skaidra nauda uz vietas gidam.<\/li>\n<li>Maks\u0101jums ar \u0112\u0123iptes m\u0101rci\u0146as, $, \u20ac vai \u00a3.<\/li>\n<\/ul>\n<p><strong>Atcel\u0161anas noteikumi:<\/strong><\/p>\n<ul>\n<li>j\u016bs Atcelt l\u012bdz 24 stund\u0101m iepriek\u0161.<\/li>\n<li>Ja k\u0101ds no j\u016bsu \u0123imenes atce\u013c r\u012btu, maks\u0101jiet 50% no izmaks\u0101m.<\/li>\n<\/ul>\n<p><strong>Kas ir iek\u013cauts?<\/strong><\/p>\n<ul>\n<li>Transf\u0113rs no Makadi Bay Hotels &#8220;Hotel pick up and drop off&#8221;.<\/li>\n<li>Visi nodok\u013ci, ieejas maksa un maksa par pakalpojumiem.<\/li>\n<li>Miner\u0101l\u016bdens + kola.<\/li>\n<li>2 snorkel\u0113\u0161anas vietas.<\/li>\n<li>Viena vieta Snorkel\u0113\u0161ana un delf\u012bnu v\u0113ro\u0161ana.<\/li>\n<li>Nir\u0161anas apr\u012bkojums &#8220;Maskas un peldspalvas&#8221;.<\/li>\n<\/ul>\n<p><strong>Iz\u0146\u0113mumi?<\/strong><\/p>\n<ul>\n<li>Dzeramnauda.<\/li>\n<li>Dz\u0113rieni restor\u0101n\u0101 Orange Bay Restaurant Island.<\/li>\n<li>Papildu apr\u012bkojums, kas nav min\u0113ts.<\/li>\n<\/ul>\n<p><strong>Cenas:<\/strong><\/p>\n<p><strong>6 personas = 220$.<\/strong><\/p>\n<p><strong>Atsauksmes:<\/strong><\/p>\n<p>p\u0101rbaudiet m\u016bsu Google Map Atsauksmes k\u0101 Best <a href=\"https:\/\/g.page\/r\/CUeYvkngP3wkEBM\/review\">Tour Operator in Hurghada<\/a> tie\u0161saist\u0113 <a href=\"https:\/\/hurghadalovers.com\/\">Hurghada<\/a> \u0112\u0123ipt\u0113.<\/p>\n<p>&nbsp;<\/p>\n<p><strong>Rezerv\u0101cija:<\/strong><\/p>\n<p>Nos\u016btiet viesn\u012bcu + numura numuru + foto pases uz WhatsApp: <strong>+201112596434<\/strong><\/p>\n<p>Ja j\u016bs no \u0112\u0123ipte Rezerv\u0113t tagad tie\u0161saist\u0113 un apstiprin\u0101t, kad iera\u0161an\u0101s Hotel.<\/p>\n","protected":false},"excerpt":{"rendered":"<p><strong>Makadi l\u012b\u010da \u0101trgaitas laivas noma uz delf\u012bnu m\u0101ju<\/strong> un snorkel\u0113\u0161ana ar delf\u012bniem + snorkel\u0113\u0161anas vieta | Priv\u0101tas luksusa \u0101trgaitas laivas ar dz\u0113rieniem un transf\u0113ru.<\/p>\n","protected":false},"featured_media":995721,"template":"","meta":{"_joinchat":[]},"product_brand":[],"product_cat":[36667],"product_tag":[],"class_list":{"0":"post-388173","1":"product","2":"type-product","3":"status-publish","4":"has-post-thumbnail","6":"product_cat-ekskursijas","7":"tour_category-makadi-lica-snorkelesanas-braucieni","8":"tour_category-makadi-licis-ekskursijas","10":"first","11":"instock","12":"sale","13":"shipping-taxable","14":"purchasable","15":"product-type-tour"},"yoast_head":"<!-- This site is optimized with the Yoast SEO Premium plugin v26.9 (Yoast SEO v27.2) - https:\/\/yoast.com\/product\/yoast-seo-premium-wordpress\/ -->\n<title>Makadi l\u012b\u010da \u0101trgaitas laivas noma uz Delf\u012bnu m\u0101ju un snorkel\u0113\u0161ana<\/title>\n<meta name=\"description\" content=\"Makadi l\u012b\u010da \u0101trgaitas laivas noma uz delf\u012bnu m\u0101ju un snorkel\u0113\u0161ana ar delf\u012bniem + snorkel\u0113\u0161anas vieta | Priv\u0101tas luksusa \u0101trgaitas laivas ar dz\u0113rieniem un transf\u0113ru.\" \/>\n<meta name=\"robots\" content=\"index, follow, max-snippet:-1, max-image-preview:large, max-video-preview:-1\" \/>\n<link rel=\"canonical\" href=\"https:\/\/hurghadalovers.com\/lv\/tours\/makadi-bay-speedboat-rental-to-dolphin-house\/\" \/>\n<meta property=\"og:locale\" content=\"lv_LV\" \/>\n<meta property=\"og:type\" content=\"article\" \/>\n<meta property=\"og:title\" content=\"Makadi l\u012b\u010da \u0101trgaitas laivu noma uz Dolphin House\" \/>\n<meta property=\"og:description\" content=\"Makadi l\u012b\u010da \u0101trgaitas laivas noma uz delf\u012bnu m\u0101ju un snorkel\u0113\u0161ana ar delf\u012bniem + snorkel\u0113\u0161anas vieta | Priv\u0101tas luksusa \u0101trgaitas laivas ar dz\u0113rieniem un transf\u0113ru.\" \/>\n<meta property=\"og:url\" content=\"https:\/\/hurghadalovers.com\/lv\/tours\/makadi-bay-speedboat-rental-to-dolphin-house\/\" \/>\n<meta property=\"og:site_name\" content=\"Hurghada Excursions &amp; Day Trips | Booking Best Prices Tours\" \/>\n<meta property=\"article:publisher\" content=\"https:\/\/www.facebook.com\/Hurghadaloversegypt\" \/>\n<meta property=\"article:modified_time\" content=\"2026-02-08T09:11:45+00:00\" \/>\n<meta property=\"og:image\" content=\"https:\/\/hurghadalovers.com\/wp-content\/uploads\/2023\/07\/Turtles-bay-Abu-Dabbab-Marsa-aLam-2025.jpg\" \/>\n\t<meta property=\"og:image:width\" content=\"1111\" \/>\n\t<meta property=\"og:image:height\" content=\"630\" \/>\n\t<meta property=\"og:image:type\" content=\"image\/jpeg\" \/>\n<meta name=\"twitter:card\" content=\"summary_large_image\" \/>\n<meta name=\"twitter:label1\" content=\"Price\" \/>\n\t<meta name=\"twitter:data1\" content=\"&euro;&nbsp;90\" \/>\n\t<meta name=\"twitter:label2\" content=\"Availability\" \/>\n\t<meta name=\"twitter:data2\" content=\"In stock\" \/>\n<script type=\"application\/ld+json\" class=\"yoast-schema-graph\">{\"@context\":\"https:\/\/schema.org\",\"@graph\":[{\"@type\":[\"WebPage\",\"ItemPage\"],\"@id\":\"https:\/\/hurghadalovers.com\/lv\/tours\/makadi-bay-speedboat-rental-to-dolphin-house\/\",\"url\":\"https:\/\/hurghadalovers.com\/lv\/tours\/makadi-bay-speedboat-rental-to-dolphin-house\/\",\"name\":\"Makadi l\u012b\u010da \u0101trgaitas laivas noma uz Delf\u012bnu m\u0101ju un snorkel\u0113\u0161ana\",\"isPartOf\":{\"@id\":\"https:\/\/hurghadalovers.com\/lv\/#website\"},\"primaryImageOfPage\":{\"@id\":\"https:\/\/hurghadalovers.com\/lv\/tours\/makadi-bay-speedboat-rental-to-dolphin-house\/#primaryimage\"},\"image\":{\"@id\":\"https:\/\/hurghadalovers.com\/lv\/tours\/makadi-bay-speedboat-rental-to-dolphin-house\/#primaryimage\"},\"thumbnailUrl\":\"https:\/\/hurghadalovers.com\/wp-content\/uploads\/2023\/07\/Turtles-bay-Abu-Dabbab-Marsa-aLam-2025.jpg\",\"datePublished\":\"2023-08-30T09:50:51+00:00\",\"dateModified\":\"2026-02-08T09:11:45+00:00\",\"description\":\"Makadi l\u012b\u010da \u0101trgaitas laivas noma uz delf\u012bnu m\u0101ju un snorkel\u0113\u0161ana ar delf\u012bniem + snorkel\u0113\u0161anas vieta | Priv\u0101tas luksusa \u0101trgaitas laivas ar dz\u0113rieniem un transf\u0113ru.\",\"breadcrumb\":{\"@id\":\"https:\/\/hurghadalovers.com\/lv\/tours\/makadi-bay-speedboat-rental-to-dolphin-house\/#breadcrumb\"},\"inLanguage\":\"lv-LV\",\"potentialAction\":[{\"@type\":\"ReadAction\",\"target\":[\"https:\/\/hurghadalovers.com\/lv\/tours\/makadi-bay-speedboat-rental-to-dolphin-house\/\"]}]},{\"@type\":\"ImageObject\",\"inLanguage\":\"lv-LV\",\"@id\":\"https:\/\/hurghadalovers.com\/lv\/tours\/makadi-bay-speedboat-rental-to-dolphin-house\/#primaryimage\",\"url\":\"https:\/\/hurghadalovers.com\/wp-content\/uploads\/2023\/07\/Turtles-bay-Abu-Dabbab-Marsa-aLam-2025.jpg\",\"contentUrl\":\"https:\/\/hurghadalovers.com\/wp-content\/uploads\/2023\/07\/Turtles-bay-Abu-Dabbab-Marsa-aLam-2025.jpg\",\"width\":1111,\"height\":630,\"caption\":\"Turtles-bay-Abu-Dabbab-Marsa-aLam-2025\"},{\"@type\":\"BreadcrumbList\",\"@id\":\"https:\/\/hurghadalovers.com\/lv\/tours\/makadi-bay-speedboat-rental-to-dolphin-house\/#breadcrumb\",\"itemListElement\":[{\"@type\":\"ListItem\",\"position\":1,\"name\":\"Home\",\"item\":\"https:\/\/hurghadalovers.com\/lv\/\"},{\"@type\":\"ListItem\",\"position\":2,\"name\":\"Shop\",\"item\":\"https:\/\/hurghadalovers.com\/shop\/\"},{\"@type\":\"ListItem\",\"position\":3,\"name\":\"Makadi l\u012b\u010da \u0101trgaitas laivu noma uz Dolphin House\"}]},{\"@type\":\"WebSite\",\"@id\":\"https:\/\/hurghadalovers.com\/lv\/#website\",\"url\":\"https:\/\/hurghadalovers.com\/lv\/\",\"name\":\"Hurghada Excursions & Day Trips | Booking Best Prices Tours\",\"description\":\"Hurghada Lovers - Best Tour Operator - Excursions &amp; Things to do for Family Day Trips with kids and Couples Romantic. Unique .Hidden gems\",\"publisher\":{\"@id\":\"https:\/\/hurghadalovers.com\/lv\/#organization\"},\"alternateName\":\"Hurghada Excursions\",\"potentialAction\":[{\"@type\":\"SearchAction\",\"target\":{\"@type\":\"EntryPoint\",\"urlTemplate\":\"https:\/\/hurghadalovers.com\/lv\/?s={search_term_string}\"},\"query-input\":{\"@type\":\"PropertyValueSpecification\",\"valueRequired\":true,\"valueName\":\"search_term_string\"}}],\"inLanguage\":\"lv-LV\"},{\"@type\":[\"Organization\",\"Place\",\"TravelAgency\"],\"@id\":\"https:\/\/hurghadalovers.com\/lv\/#organization\",\"name\":\"Hurghada Excursions\",\"url\":\"https:\/\/hurghadalovers.com\/lv\/\",\"logo\":{\"@id\":\"https:\/\/hurghadalovers.com\/lv\/tours\/makadi-bay-speedboat-rental-to-dolphin-house\/#local-main-organization-logo\"},\"image\":{\"@id\":\"https:\/\/hurghadalovers.com\/lv\/tours\/makadi-bay-speedboat-rental-to-dolphin-house\/#local-main-organization-logo\"},\"sameAs\":[\"https:\/\/www.facebook.com\/Hurghadaloversegypt\"],\"address\":{\"@id\":\"https:\/\/hurghadalovers.com\/lv\/tours\/makadi-bay-speedboat-rental-to-dolphin-house\/#local-main-place-address\"},\"telephone\":[\"00201112596434\"],\"contactPoint\":{\"@type\":\"ContactPoint\",\"telephone\":\"00201112596434\",\"email\":\"weyouface@gmail.com\"},\"openingHoursSpecification\":{\"@type\":\"OpeningHoursSpecification\",\"dayOfWeek\":[\"Monday\",\"Tuesday\",\"Wednesday\",\"Thursday\",\"Friday\",\"Saturday\",\"Sunday\"],\"opens\":\"00:00\",\"closes\":\"23:59\"},\"email\":\"weyouface@gmail.com\",\"areaServed\":\"Luxor, Hurghada, El Gouna, Aswan, Sharm El Sheikh, Giza, Alexandria, Marsa Alam, Quseir, Soma Bay, Sahl Hasheesh, Red Sea, Makadi Bay, Cairo\",\"priceRange\":\"$\",\"currenciesAccepted\":\"euro\",\"paymentAccepted\":\"cash on site\"},{\"@type\":\"PostalAddress\",\"@id\":\"https:\/\/hurghadalovers.com\/lv\/tours\/makadi-bay-speedboat-rental-to-dolphin-house\/#local-main-place-address\",\"streetAddress\":\"17 Banks street, Alkawther area, top nbk bank\",\"addressLocality\":\"hurghada\",\"postalCode\":\"84511\",\"addressRegion\":\"red sea\",\"addressCountry\":\"EG\"},{\"@type\":\"ImageObject\",\"inLanguage\":\"lv-LV\",\"@id\":\"https:\/\/hurghadalovers.com\/lv\/tours\/makadi-bay-speedboat-rental-to-dolphin-house\/#local-main-organization-logo\",\"url\":\"https:\/\/hurghadalovers.com\/wp-content\/uploads\/2019\/10\/hurghada-excursions-logo.png\",\"contentUrl\":\"https:\/\/hurghadalovers.com\/wp-content\/uploads\/2019\/10\/hurghada-excursions-logo.png\",\"width\":272,\"height\":90,\"caption\":\"Hurghada Excursions\"}]}<\/script>\n<meta property=\"product:brand\" content=\"Ekskursijas snorkel\u0113\u0161anas Makadi\" \/>\n<meta property=\"product:price:amount\" content=\"90\" \/>\n<meta property=\"product:price:currency\" content=\"EUR\" \/>\n<meta property=\"og:availability\" content=\"instock\" \/>\n<meta property=\"product:availability\" content=\"instock\" \/>\n<meta property=\"product:retailer_item_id\" content=\"MakadiSnorkeling092024\" \/>\n<meta property=\"product:condition\" content=\"new\" \/>\n<meta name=\"geo.placename\" content=\"hurghada\" \/>\n<meta name=\"geo.region\" content=\"Egypt\" \/>\n<!-- \/ Yoast SEO Premium plugin. -->","yoast_head_json":{"title":"Makadi l\u012b\u010da \u0101trgaitas laivas noma uz Delf\u012bnu m\u0101ju un snorkel\u0113\u0161ana","description":"Makadi l\u012b\u010da \u0101trgaitas laivas noma uz delf\u012bnu m\u0101ju un snorkel\u0113\u0161ana ar delf\u012bniem + snorkel\u0113\u0161anas vieta | Priv\u0101tas luksusa \u0101trgaitas laivas ar dz\u0113rieniem un transf\u0113ru.","robots":{"index":"index","follow":"follow","max-snippet":"max-snippet:-1","max-image-preview":"max-image-preview:large","max-video-preview":"max-video-preview:-1"},"canonical":"https:\/\/hurghadalovers.com\/lv\/tours\/makadi-bay-speedboat-rental-to-dolphin-house\/","og_locale":"lv_LV","og_type":"article","og_title":"Makadi l\u012b\u010da \u0101trgaitas laivu noma uz Dolphin House","og_description":"Makadi l\u012b\u010da \u0101trgaitas laivas noma uz delf\u012bnu m\u0101ju un snorkel\u0113\u0161ana ar delf\u012bniem + snorkel\u0113\u0161anas vieta | Priv\u0101tas luksusa \u0101trgaitas laivas ar dz\u0113rieniem un transf\u0113ru.","og_url":"https:\/\/hurghadalovers.com\/lv\/tours\/makadi-bay-speedboat-rental-to-dolphin-house\/","og_site_name":"Hurghada Excursions &amp; Day Trips | Booking Best Prices Tours","article_publisher":"https:\/\/www.facebook.com\/Hurghadaloversegypt","article_modified_time":"2026-02-08T09:11:45+00:00","og_image":[{"width":1111,"height":630,"url":"https:\/\/hurghadalovers.com\/wp-content\/uploads\/2023\/07\/Turtles-bay-Abu-Dabbab-Marsa-aLam-2025.jpg","type":"image\/jpeg"}],"twitter_card":"summary_large_image","twitter_misc":{"Price":"&euro;&nbsp;90","Availability":"In stock"},"schema":{"@context":"https:\/\/schema.org","@graph":[{"@type":["WebPage","ItemPage"],"@id":"https:\/\/hurghadalovers.com\/lv\/tours\/makadi-bay-speedboat-rental-to-dolphin-house\/","url":"https:\/\/hurghadalovers.com\/lv\/tours\/makadi-bay-speedboat-rental-to-dolphin-house\/","name":"Makadi l\u012b\u010da \u0101trgaitas laivas noma uz Delf\u012bnu m\u0101ju un snorkel\u0113\u0161ana","isPartOf":{"@id":"https:\/\/hurghadalovers.com\/lv\/#website"},"primaryImageOfPage":{"@id":"https:\/\/hurghadalovers.com\/lv\/tours\/makadi-bay-speedboat-rental-to-dolphin-house\/#primaryimage"},"image":{"@id":"https:\/\/hurghadalovers.com\/lv\/tours\/makadi-bay-speedboat-rental-to-dolphin-house\/#primaryimage"},"thumbnailUrl":"https:\/\/hurghadalovers.com\/wp-content\/uploads\/2023\/07\/Turtles-bay-Abu-Dabbab-Marsa-aLam-2025.jpg","datePublished":"2023-08-30T09:50:51+00:00","dateModified":"2026-02-08T09:11:45+00:00","description":"Makadi l\u012b\u010da \u0101trgaitas laivas noma uz delf\u012bnu m\u0101ju un snorkel\u0113\u0161ana ar delf\u012bniem + snorkel\u0113\u0161anas vieta | Priv\u0101tas luksusa \u0101trgaitas laivas ar dz\u0113rieniem un transf\u0113ru.","breadcrumb":{"@id":"https:\/\/hurghadalovers.com\/lv\/tours\/makadi-bay-speedboat-rental-to-dolphin-house\/#breadcrumb"},"inLanguage":"lv-LV","potentialAction":[{"@type":"ReadAction","target":["https:\/\/hurghadalovers.com\/lv\/tours\/makadi-bay-speedboat-rental-to-dolphin-house\/"]}]},{"@type":"ImageObject","inLanguage":"lv-LV","@id":"https:\/\/hurghadalovers.com\/lv\/tours\/makadi-bay-speedboat-rental-to-dolphin-house\/#primaryimage","url":"https:\/\/hurghadalovers.com\/wp-content\/uploads\/2023\/07\/Turtles-bay-Abu-Dabbab-Marsa-aLam-2025.jpg","contentUrl":"https:\/\/hurghadalovers.com\/wp-content\/uploads\/2023\/07\/Turtles-bay-Abu-Dabbab-Marsa-aLam-2025.jpg","width":1111,"height":630,"caption":"Turtles-bay-Abu-Dabbab-Marsa-aLam-2025"},{"@type":"BreadcrumbList","@id":"https:\/\/hurghadalovers.com\/lv\/tours\/makadi-bay-speedboat-rental-to-dolphin-house\/#breadcrumb","itemListElement":[{"@type":"ListItem","position":1,"name":"Home","item":"https:\/\/hurghadalovers.com\/lv\/"},{"@type":"ListItem","position":2,"name":"Shop","item":"https:\/\/hurghadalovers.com\/shop\/"},{"@type":"ListItem","position":3,"name":"Makadi l\u012b\u010da \u0101trgaitas laivu noma uz Dolphin House"}]},{"@type":"WebSite","@id":"https:\/\/hurghadalovers.com\/lv\/#website","url":"https:\/\/hurghadalovers.com\/lv\/","name":"Hurghada Excursions & Day Trips | Booking Best Prices Tours","description":"Hurghada Lovers - Best Tour Operator - Excursions &amp; Things to do for Family Day Trips with kids and Couples Romantic. Unique .Hidden gems","publisher":{"@id":"https:\/\/hurghadalovers.com\/lv\/#organization"},"alternateName":"Hurghada Excursions","potentialAction":[{"@type":"SearchAction","target":{"@type":"EntryPoint","urlTemplate":"https:\/\/hurghadalovers.com\/lv\/?s={search_term_string}"},"query-input":{"@type":"PropertyValueSpecification","valueRequired":true,"valueName":"search_term_string"}}],"inLanguage":"lv-LV"},{"@type":["Organization","Place","TravelAgency"],"@id":"https:\/\/hurghadalovers.com\/lv\/#organization","name":"Hurghada Excursions","url":"https:\/\/hurghadalovers.com\/lv\/","logo":{"@id":"https:\/\/hurghadalovers.com\/lv\/tours\/makadi-bay-speedboat-rental-to-dolphin-house\/#local-main-organization-logo"},"image":{"@id":"https:\/\/hurghadalovers.com\/lv\/tours\/makadi-bay-speedboat-rental-to-dolphin-house\/#local-main-organization-logo"},"sameAs":["https:\/\/www.facebook.com\/Hurghadaloversegypt"],"address":{"@id":"https:\/\/hurghadalovers.com\/lv\/tours\/makadi-bay-speedboat-rental-to-dolphin-house\/#local-main-place-address"},"telephone":["00201112596434"],"contactPoint":{"@type":"ContactPoint","telephone":"00201112596434","email":"weyouface@gmail.com"},"openingHoursSpecification":{"@type":"OpeningHoursSpecification","dayOfWeek":["Monday","Tuesday","Wednesday","Thursday","Friday","Saturday","Sunday"],"opens":"00:00","closes":"23:59"},"email":"weyouface@gmail.com","areaServed":"Luxor, Hurghada, El Gouna, Aswan, Sharm El Sheikh, Giza, Alexandria, Marsa Alam, Quseir, Soma Bay, Sahl Hasheesh, Red Sea, Makadi Bay, Cairo","priceRange":"$","currenciesAccepted":"euro","paymentAccepted":"cash on site"},{"@type":"PostalAddress","@id":"https:\/\/hurghadalovers.com\/lv\/tours\/makadi-bay-speedboat-rental-to-dolphin-house\/#local-main-place-address","streetAddress":"17 Banks street, Alkawther area, top nbk bank","addressLocality":"hurghada","postalCode":"84511","addressRegion":"red sea","addressCountry":"EG"},{"@type":"ImageObject","inLanguage":"lv-LV","@id":"https:\/\/hurghadalovers.com\/lv\/tours\/makadi-bay-speedboat-rental-to-dolphin-house\/#local-main-organization-logo","url":"https:\/\/hurghadalovers.com\/wp-content\/uploads\/2019\/10\/hurghada-excursions-logo.png","contentUrl":"https:\/\/hurghadalovers.com\/wp-content\/uploads\/2019\/10\/hurghada-excursions-logo.png","width":272,"height":90,"caption":"Hurghada Excursions"}]},"product_brand":"Ekskursijas snorkel\u0113\u0161anas Makadi","product_price_amount":"90","product_price_currency":"EUR","og_availability":"instock","product_availability":"instock","product_retailer_item_id":"MakadiSnorkeling092024","product_condition":"new","geo.placename":"hurghada","geo.region":"Egypt"},"_links":{"self":[{"href":"https:\/\/hurghadalovers.com\/lv\/wp-json\/wp\/v2\/product\/388173","targetHints":{"allow":["GET"]}}],"collection":[{"href":"https:\/\/hurghadalovers.com\/lv\/wp-json\/wp\/v2\/product"}],"about":[{"href":"https:\/\/hurghadalovers.com\/lv\/wp-json\/wp\/v2\/types\/product"}],"wp:featuredmedia":[{"embeddable":true,"href":"https:\/\/hurghadalovers.com\/lv\/wp-json\/wp\/v2\/media\/995721"}],"wp:attachment":[{"href":"https:\/\/hurghadalovers.com\/lv\/wp-json\/wp\/v2\/media?parent=388173"}],"wp:term":[{"taxonomy":"product_brand","embeddable":true,"href":"https:\/\/hurghadalovers.com\/lv\/wp-json\/wp\/v2\/product_brand?post=388173"},{"taxonomy":"product_cat","embeddable":true,"href":"https:\/\/hurghadalovers.com\/lv\/wp-json\/wp\/v2\/product_cat?post=388173"},{"taxonomy":"product_tag","embeddable":true,"href":"https:\/\/hurghadalovers.com\/lv\/wp-json\/wp\/v2\/product_tag?post=388173"}],"curies":[{"name":"wp","href":"https:\/\/api.w.org\/{rel}","templated":true}]}}