{"id":386637,"date":"2023-08-29T15:55:08","date_gmt":"2023-08-29T16:09:27","guid":{"rendered":"https:\/\/hurghadalovers.com\/shop\/uncategorized\/makadi-licis-privats-vienas-dienas-celojums-uz-koptu-kairu\/"},"modified":"2026-02-09T21:04:04","modified_gmt":"2026-02-09T21:04:04","slug":"makadi-bay-private-dienas-celojums-uz-koptu-kairo","status":"publish","type":"product","link":"https:\/\/hurghadalovers.com\/lv\/tours\/makadi-bay-private-dienas-celojums-uz-koptu-kairo\/","title":{"rendered":"Makadi l\u012bcis Priv\u0101ts vienas dienas ce\u013cojums uz Koptu Kairu"},"content":{"rendered":"<p>Makadi l\u012bcis Priv\u0101ts dienas ce\u013cojums uz Koptu Kairu ar priv\u0101tu gidu, bi\u013cet\u0113m un pusdien\u0101m.<\/p>\n<p>Atkl\u0101jiet br\u012bni\u0161\u0137\u012bgus v\u0113stures faktus, apmekl\u0113jot svar\u012bg\u0101kos koptu pieminek\u013cus <strong>Vecaj\u0101 Kair\u0101<\/strong>, apmekl\u0113jiet Koptu muzeju un <strong>sen\u0101s bazn\u012bcas<\/strong>, k\u0101 ar\u012b to, k\u0101 t\u0101s ietekm\u0113ja <strong>sen\u0101s \u0112\u0123iptes<\/strong> v\u0113sturi.<\/p>\n<p>&nbsp;<\/p>\n<p><strong>Svar\u012bg\u0101kie notikumi:<\/strong><\/p>\n<ul>\n<li>Kairas vec\u0101s Kairas apskates objekti<\/li>\n<li>kar\u0101jas bazn\u012bca &#8220;Al-Muallaqa bazn\u012bca&#8221;.<\/li>\n<li>sv\u0113tais Sergejs.<\/li>\n<li>Bakha bazn\u012bca<\/li>\n<li>Abu Sergas bazn\u012bca<\/li>\n<li>Ben Ezra<\/li>\n<li>koptu muzejs<\/li>\n<li>Pusdienas restor\u0101n\u0101.<\/li>\n<\/ul>\n<p><strong>Makadi l\u012bcis Priv\u0101ts vienas dienas ce\u013cojums uz Koptu Kairu Deta\u013cas:<\/strong><\/p>\n<ul>\n<li>Ekskursiju pieejam\u012bba: Katru dienu.<\/li>\n<li>Ekskursijas veids: Priv\u0101t\u0101 ar automa\u0161\u012bnu vai mikroautobusu.<\/li>\n<li>Pa\u0146em\u0161anas laiks: S\u0101kot no 01:00 A.M.<\/li>\n<li>Piepras\u012bjums Viesn\u012bca sa\u0146emt brokastu maisi\u0146u ar brokast\u012bm no r\u012bta.<\/li>\n<li>Izbrauk\u0161anas laiks: 20:30.<\/li>\n<li>Piek\u013cuve ar rati\u0146kr\u0113sliem.<\/li>\n<li>Ilgums: 22 stundas.<\/li>\n<\/ul>\n<p><strong>Rezerv\u0113jiet tagad un maks\u0101jiet v\u0113l\u0101k:<\/strong><\/p>\n<ul>\n<li>Skaidra nauda uz vietas gidam.<\/li>\n<li>Maks\u0101jums ar \u0112\u0123iptes m\u0101rci\u0146as, $, \u20ac vai \u00a3.<\/li>\n<\/ul>\n<p><strong>Atcel\u0161anas noteikumi:<\/strong><\/p>\n<ul>\n<li>j\u016bs Atcelt l\u012bdz 24 stund\u0101m iepriek\u0161.<\/li>\n<li>Ja k\u0101ds no j\u016bsu \u0123imenes atce\u013c r\u012btu, maks\u0101jiet 50% no izmaks\u0101m.<\/li>\n<\/ul>\n<p><strong>Kas ir iek\u013cauts?<\/strong><\/p>\n<ul>\n<li>Transf\u0113rs no Makadi Bay Hotels &#8220;Hotel pick up and drop off&#8221;.<\/li>\n<li>Visi nodok\u013ci, ieejas maksa un maksa par pakalpojumiem.<\/li>\n<li>P\u0101rskait\u012bjumi.<\/li>\n<li>Ekskursijas gids.<\/li>\n<li>Dz\u0113rieni.<\/li>\n<li>Pusdienas restor\u0101n\u0101.<\/li>\n<\/ul>\n<p><strong>Iz\u0146\u0113mumi?<\/strong><\/p>\n<ul>\n<li>Dzeramnauda.<\/li>\n<li>Izbrauciens ar feluku &#8220;Izbrauciens ar laivu&#8221; 35 min= 10$.<\/li>\n<li>Papildu apr\u012bkojums, kas nav min\u0113ts.<\/li>\n<\/ul>\n<p><strong>Cenas:<\/strong><\/p>\n<ul>\n<li><strong>Pieaugu\u0161o cena = no 160 $ par personu<\/strong>.<\/li>\n<li>Cena b\u0113rniem &#8220;5-12\u2033 = 50%.<\/li>\n<li>b\u0113rniem &#8220;0-5\u2033 = bezmaksas.<\/li>\n<\/ul>\n<p><strong>Atsauksmes:<\/strong><\/p>\n<p>p\u0101rbaudiet m\u016bsu Google Map Atsauksmes k\u0101 Best <a href=\"https:\/\/g.page\/r\/CUeYvkngP3wkEBM\/review\">Tour Operator in Hurghada<\/a> tie\u0161saist\u0113 <a href=\"https:\/\/hurghadalovers.com\/\">Hurghada<\/a> \u0112\u0123ipt\u0113.<\/p>\n<p>&nbsp;<\/p>\n<p><strong>Rezerv\u0101cija :<\/strong><\/p>\n<p>Nos\u016btiet viesn\u012bcu + numura numuru + foto pases uz WhatsApp: <strong>+201112596434<\/strong><\/p>\n<p>Ja j\u016bs no \u0112\u0123ipte Rezerv\u0113t tagad tie\u0161saist\u0113 un apstiprin\u0101t, kad iera\u0161an\u0101s Hotel.<\/p>\n","protected":false},"excerpt":{"rendered":"<p>Makadi l\u012bcis Priv\u0101ts dienas ce\u013cojums uz Koptu Kairu ar priv\u0101tu gidu, bi\u013cet\u0113m un pusdien\u0101m. Atkl\u0101jiet br\u012bni\u0161\u0137\u012bgus v\u0113stures faktus, apmekl\u0113jot svar\u012bg\u0101kos koptu pieminek\u013cus vecaj\u0101 Kair\u0101&#8230;<\/p>\n","protected":false},"featured_media":386524,"template":"","meta":{"_joinchat":[]},"product_brand":[],"product_cat":[36667],"product_tag":[],"class_list":{"0":"post-386637","1":"product","2":"type-product","3":"status-publish","4":"has-post-thumbnail","6":"product_cat-ekskursijas","7":"tour_category-ekskursijas-no-makadi-lica-uz-piramidam","8":"tour_category-makadi-licis-ekskursijas","10":"first","11":"instock","12":"sale","13":"shipping-taxable","14":"purchasable","15":"product-type-tour"},"yoast_head":"<!-- This site is optimized with the Yoast SEO Premium plugin v26.9 (Yoast SEO v27.2) - https:\/\/yoast.com\/product\/yoast-seo-premium-wordpress\/ -->\n<title>Makadi l\u012bcis Priv\u0101ts vienas dienas ce\u013cojums uz Koptu Kairu<\/title>\n<meta name=\"description\" content=\"Makadi l\u012bcis Priv\u0101ts dienas ce\u013cojums uz Koptu Kairu ar priv\u0101tu gidu, bi\u013cet\u0113m un pusdien\u0101m. Atkl\u0101jiet br\u012bni\u0161\u0137\u012bgus v\u0113stures faktus, apmekl\u0113jot svar\u012bg\u0101kos\" \/>\n<meta name=\"robots\" content=\"index, follow, max-snippet:-1, max-image-preview:large, max-video-preview:-1\" \/>\n<link rel=\"canonical\" href=\"https:\/\/hurghadalovers.com\/lv\/tours\/makadi-bay-private-dienas-celojums-uz-koptu-kairo\/\" \/>\n<meta property=\"og:locale\" content=\"lv_LV\" \/>\n<meta property=\"og:type\" content=\"article\" \/>\n<meta property=\"og:title\" content=\"Makadi l\u012bcis Priv\u0101ts vienas dienas ce\u013cojums uz Koptu Kairu\" \/>\n<meta property=\"og:description\" content=\"Makadi l\u012bcis Priv\u0101ts dienas ce\u013cojums uz Koptu Kairu ar priv\u0101tu gidu, bi\u013cet\u0113m un pusdien\u0101m. Atkl\u0101jiet br\u012bni\u0161\u0137\u012bgus v\u0113stures faktus, apmekl\u0113jot svar\u012bg\u0101kos\" \/>\n<meta property=\"og:url\" content=\"https:\/\/hurghadalovers.com\/lv\/tours\/makadi-bay-private-dienas-celojums-uz-koptu-kairo\/\" \/>\n<meta property=\"og:site_name\" content=\"Hurghada Excursions &amp; Day Trips | Booking Best Prices Tours\" \/>\n<meta property=\"article:publisher\" content=\"https:\/\/www.facebook.com\/Hurghadaloversegypt\" \/>\n<meta property=\"article:modified_time\" content=\"2026-02-09T21:04:04+00:00\" \/>\n<meta property=\"og:image\" content=\"https:\/\/hurghadalovers.com\/wp-content\/uploads\/2023\/08\/Makadi-Bay-Private-Day-Trip-to-Coptic-Cairo.jpeg\" \/>\n\t<meta property=\"og:image:width\" content=\"1536\" \/>\n\t<meta property=\"og:image:height\" content=\"823\" \/>\n\t<meta property=\"og:image:type\" content=\"image\/jpeg\" \/>\n<meta name=\"twitter:card\" content=\"summary_large_image\" \/>\n<meta name=\"twitter:label1\" content=\"Price\" \/>\n\t<meta name=\"twitter:data1\" content=\"&euro;&nbsp;160\" \/>\n\t<meta name=\"twitter:label2\" content=\"Availability\" \/>\n\t<meta name=\"twitter:data2\" content=\"In stock\" \/>\n<script type=\"application\/ld+json\" class=\"yoast-schema-graph\">{\"@context\":\"https:\/\/schema.org\",\"@graph\":[{\"@type\":[\"WebPage\",\"ItemPage\"],\"@id\":\"https:\/\/hurghadalovers.com\/lv\/tours\/makadi-bay-private-dienas-celojums-uz-koptu-kairo\/\",\"url\":\"https:\/\/hurghadalovers.com\/lv\/tours\/makadi-bay-private-dienas-celojums-uz-koptu-kairo\/\",\"name\":\"Makadi l\u012bcis Priv\u0101ts vienas dienas ce\u013cojums uz Koptu Kairu\",\"isPartOf\":{\"@id\":\"https:\/\/hurghadalovers.com\/lv\/#website\"},\"primaryImageOfPage\":{\"@id\":\"https:\/\/hurghadalovers.com\/lv\/tours\/makadi-bay-private-dienas-celojums-uz-koptu-kairo\/#primaryimage\"},\"image\":{\"@id\":\"https:\/\/hurghadalovers.com\/lv\/tours\/makadi-bay-private-dienas-celojums-uz-koptu-kairo\/#primaryimage\"},\"thumbnailUrl\":\"https:\/\/hurghadalovers.com\/wp-content\/uploads\/2023\/08\/Makadi-Bay-Private-Day-Trip-to-Coptic-Cairo.jpeg\",\"datePublished\":\"2023-08-29T16:09:27+00:00\",\"dateModified\":\"2026-02-09T21:04:04+00:00\",\"description\":\"Makadi l\u012bcis Priv\u0101ts dienas ce\u013cojums uz Koptu Kairu ar priv\u0101tu gidu, bi\u013cet\u0113m un pusdien\u0101m. Atkl\u0101jiet br\u012bni\u0161\u0137\u012bgus v\u0113stures faktus, apmekl\u0113jot svar\u012bg\u0101kos\",\"breadcrumb\":{\"@id\":\"https:\/\/hurghadalovers.com\/lv\/tours\/makadi-bay-private-dienas-celojums-uz-koptu-kairo\/#breadcrumb\"},\"inLanguage\":\"lv-LV\",\"potentialAction\":[{\"@type\":\"ReadAction\",\"target\":[\"https:\/\/hurghadalovers.com\/lv\/tours\/makadi-bay-private-dienas-celojums-uz-koptu-kairo\/\"]}]},{\"@type\":\"ImageObject\",\"inLanguage\":\"lv-LV\",\"@id\":\"https:\/\/hurghadalovers.com\/lv\/tours\/makadi-bay-private-dienas-celojums-uz-koptu-kairo\/#primaryimage\",\"url\":\"https:\/\/hurghadalovers.com\/wp-content\/uploads\/2023\/08\/Makadi-Bay-Private-Day-Trip-to-Coptic-Cairo.jpeg\",\"contentUrl\":\"https:\/\/hurghadalovers.com\/wp-content\/uploads\/2023\/08\/Makadi-Bay-Private-Day-Trip-to-Coptic-Cairo.jpeg\",\"width\":1536,\"height\":823,\"caption\":\"Makadi l\u012bcis Priv\u0101ts vienas dienas ce\u013cojums uz Koptu Kairu\"},{\"@type\":\"BreadcrumbList\",\"@id\":\"https:\/\/hurghadalovers.com\/lv\/tours\/makadi-bay-private-dienas-celojums-uz-koptu-kairo\/#breadcrumb\",\"itemListElement\":[{\"@type\":\"ListItem\",\"position\":1,\"name\":\"Home\",\"item\":\"https:\/\/hurghadalovers.com\/lv\/\"},{\"@type\":\"ListItem\",\"position\":2,\"name\":\"Shop\",\"item\":\"https:\/\/hurghadalovers.com\/shop\/\"},{\"@type\":\"ListItem\",\"position\":3,\"name\":\"Makadi l\u012bcis Priv\u0101ts vienas dienas ce\u013cojums uz Koptu Kairu\"}]},{\"@type\":\"WebSite\",\"@id\":\"https:\/\/hurghadalovers.com\/lv\/#website\",\"url\":\"https:\/\/hurghadalovers.com\/lv\/\",\"name\":\"Hurghada Excursions & Day Trips | Booking Best Prices Tours\",\"description\":\"Hurghada Lovers - Best Tour Operator - Excursions &amp; Things to do for Family Day Trips with kids and Couples Romantic. Unique .Hidden gems\",\"publisher\":{\"@id\":\"https:\/\/hurghadalovers.com\/lv\/#organization\"},\"alternateName\":\"Hurghada Excursions\",\"potentialAction\":[{\"@type\":\"SearchAction\",\"target\":{\"@type\":\"EntryPoint\",\"urlTemplate\":\"https:\/\/hurghadalovers.com\/lv\/?s={search_term_string}\"},\"query-input\":{\"@type\":\"PropertyValueSpecification\",\"valueRequired\":true,\"valueName\":\"search_term_string\"}}],\"inLanguage\":\"lv-LV\"},{\"@type\":[\"Organization\",\"Place\",\"TravelAgency\"],\"@id\":\"https:\/\/hurghadalovers.com\/lv\/#organization\",\"name\":\"Hurghada Excursions\",\"url\":\"https:\/\/hurghadalovers.com\/lv\/\",\"logo\":{\"@id\":\"https:\/\/hurghadalovers.com\/lv\/tours\/makadi-bay-private-dienas-celojums-uz-koptu-kairo\/#local-main-organization-logo\"},\"image\":{\"@id\":\"https:\/\/hurghadalovers.com\/lv\/tours\/makadi-bay-private-dienas-celojums-uz-koptu-kairo\/#local-main-organization-logo\"},\"sameAs\":[\"https:\/\/www.facebook.com\/Hurghadaloversegypt\"],\"address\":{\"@id\":\"https:\/\/hurghadalovers.com\/lv\/tours\/makadi-bay-private-dienas-celojums-uz-koptu-kairo\/#local-main-place-address\"},\"telephone\":[\"00201112596434\"],\"contactPoint\":{\"@type\":\"ContactPoint\",\"telephone\":\"00201112596434\",\"email\":\"weyouface@gmail.com\"},\"openingHoursSpecification\":{\"@type\":\"OpeningHoursSpecification\",\"dayOfWeek\":[\"Monday\",\"Tuesday\",\"Wednesday\",\"Thursday\",\"Friday\",\"Saturday\",\"Sunday\"],\"opens\":\"00:00\",\"closes\":\"23:59\"},\"email\":\"weyouface@gmail.com\",\"areaServed\":\"Luxor, Hurghada, El Gouna, Aswan, Sharm El Sheikh, Giza, Alexandria, Marsa Alam, Quseir, Soma Bay, Sahl Hasheesh, Red Sea, Makadi Bay, Cairo\",\"priceRange\":\"$\",\"currenciesAccepted\":\"euro\",\"paymentAccepted\":\"cash on site\"},{\"@type\":\"PostalAddress\",\"@id\":\"https:\/\/hurghadalovers.com\/lv\/tours\/makadi-bay-private-dienas-celojums-uz-koptu-kairo\/#local-main-place-address\",\"streetAddress\":\"17 Banks street, Alkawther area, top nbk bank\",\"addressLocality\":\"hurghada\",\"postalCode\":\"84511\",\"addressRegion\":\"red sea\",\"addressCountry\":\"EG\"},{\"@type\":\"ImageObject\",\"inLanguage\":\"lv-LV\",\"@id\":\"https:\/\/hurghadalovers.com\/lv\/tours\/makadi-bay-private-dienas-celojums-uz-koptu-kairo\/#local-main-organization-logo\",\"url\":\"https:\/\/hurghadalovers.com\/wp-content\/uploads\/2019\/10\/hurghada-excursions-logo.png\",\"contentUrl\":\"https:\/\/hurghadalovers.com\/wp-content\/uploads\/2019\/10\/hurghada-excursions-logo.png\",\"width\":272,\"height\":90,\"caption\":\"Hurghada Excursions\"}]}<\/script>\n<meta property=\"product:brand\" content=\"Ekskursijas Kaira no Makadi\" \/>\n<meta property=\"product:price:amount\" content=\"160\" \/>\n<meta property=\"product:price:currency\" content=\"EUR\" \/>\n<meta property=\"og:availability\" content=\"instock\" \/>\n<meta property=\"product:availability\" content=\"instock\" \/>\n<meta property=\"product:retailer_item_id\" content=\"MakadiBay032024\" \/>\n<meta property=\"product:condition\" content=\"new\" \/>\n<meta name=\"geo.placename\" content=\"hurghada\" \/>\n<meta name=\"geo.region\" content=\"Egypt\" \/>\n<!-- \/ Yoast SEO Premium plugin. -->","yoast_head_json":{"title":"Makadi l\u012bcis Priv\u0101ts vienas dienas ce\u013cojums uz Koptu Kairu","description":"Makadi l\u012bcis Priv\u0101ts dienas ce\u013cojums uz Koptu Kairu ar priv\u0101tu gidu, bi\u013cet\u0113m un pusdien\u0101m. Atkl\u0101jiet br\u012bni\u0161\u0137\u012bgus v\u0113stures faktus, apmekl\u0113jot svar\u012bg\u0101kos","robots":{"index":"index","follow":"follow","max-snippet":"max-snippet:-1","max-image-preview":"max-image-preview:large","max-video-preview":"max-video-preview:-1"},"canonical":"https:\/\/hurghadalovers.com\/lv\/tours\/makadi-bay-private-dienas-celojums-uz-koptu-kairo\/","og_locale":"lv_LV","og_type":"article","og_title":"Makadi l\u012bcis Priv\u0101ts vienas dienas ce\u013cojums uz Koptu Kairu","og_description":"Makadi l\u012bcis Priv\u0101ts dienas ce\u013cojums uz Koptu Kairu ar priv\u0101tu gidu, bi\u013cet\u0113m un pusdien\u0101m. Atkl\u0101jiet br\u012bni\u0161\u0137\u012bgus v\u0113stures faktus, apmekl\u0113jot svar\u012bg\u0101kos","og_url":"https:\/\/hurghadalovers.com\/lv\/tours\/makadi-bay-private-dienas-celojums-uz-koptu-kairo\/","og_site_name":"Hurghada Excursions &amp; Day Trips | Booking Best Prices Tours","article_publisher":"https:\/\/www.facebook.com\/Hurghadaloversegypt","article_modified_time":"2026-02-09T21:04:04+00:00","og_image":[{"width":1536,"height":823,"url":"https:\/\/hurghadalovers.com\/wp-content\/uploads\/2023\/08\/Makadi-Bay-Private-Day-Trip-to-Coptic-Cairo.jpeg","type":"image\/jpeg"}],"twitter_card":"summary_large_image","twitter_misc":{"Price":"&euro;&nbsp;160","Availability":"In stock"},"schema":{"@context":"https:\/\/schema.org","@graph":[{"@type":["WebPage","ItemPage"],"@id":"https:\/\/hurghadalovers.com\/lv\/tours\/makadi-bay-private-dienas-celojums-uz-koptu-kairo\/","url":"https:\/\/hurghadalovers.com\/lv\/tours\/makadi-bay-private-dienas-celojums-uz-koptu-kairo\/","name":"Makadi l\u012bcis Priv\u0101ts vienas dienas ce\u013cojums uz Koptu Kairu","isPartOf":{"@id":"https:\/\/hurghadalovers.com\/lv\/#website"},"primaryImageOfPage":{"@id":"https:\/\/hurghadalovers.com\/lv\/tours\/makadi-bay-private-dienas-celojums-uz-koptu-kairo\/#primaryimage"},"image":{"@id":"https:\/\/hurghadalovers.com\/lv\/tours\/makadi-bay-private-dienas-celojums-uz-koptu-kairo\/#primaryimage"},"thumbnailUrl":"https:\/\/hurghadalovers.com\/wp-content\/uploads\/2023\/08\/Makadi-Bay-Private-Day-Trip-to-Coptic-Cairo.jpeg","datePublished":"2023-08-29T16:09:27+00:00","dateModified":"2026-02-09T21:04:04+00:00","description":"Makadi l\u012bcis Priv\u0101ts dienas ce\u013cojums uz Koptu Kairu ar priv\u0101tu gidu, bi\u013cet\u0113m un pusdien\u0101m. Atkl\u0101jiet br\u012bni\u0161\u0137\u012bgus v\u0113stures faktus, apmekl\u0113jot svar\u012bg\u0101kos","breadcrumb":{"@id":"https:\/\/hurghadalovers.com\/lv\/tours\/makadi-bay-private-dienas-celojums-uz-koptu-kairo\/#breadcrumb"},"inLanguage":"lv-LV","potentialAction":[{"@type":"ReadAction","target":["https:\/\/hurghadalovers.com\/lv\/tours\/makadi-bay-private-dienas-celojums-uz-koptu-kairo\/"]}]},{"@type":"ImageObject","inLanguage":"lv-LV","@id":"https:\/\/hurghadalovers.com\/lv\/tours\/makadi-bay-private-dienas-celojums-uz-koptu-kairo\/#primaryimage","url":"https:\/\/hurghadalovers.com\/wp-content\/uploads\/2023\/08\/Makadi-Bay-Private-Day-Trip-to-Coptic-Cairo.jpeg","contentUrl":"https:\/\/hurghadalovers.com\/wp-content\/uploads\/2023\/08\/Makadi-Bay-Private-Day-Trip-to-Coptic-Cairo.jpeg","width":1536,"height":823,"caption":"Makadi l\u012bcis Priv\u0101ts vienas dienas ce\u013cojums uz Koptu Kairu"},{"@type":"BreadcrumbList","@id":"https:\/\/hurghadalovers.com\/lv\/tours\/makadi-bay-private-dienas-celojums-uz-koptu-kairo\/#breadcrumb","itemListElement":[{"@type":"ListItem","position":1,"name":"Home","item":"https:\/\/hurghadalovers.com\/lv\/"},{"@type":"ListItem","position":2,"name":"Shop","item":"https:\/\/hurghadalovers.com\/shop\/"},{"@type":"ListItem","position":3,"name":"Makadi l\u012bcis Priv\u0101ts vienas dienas ce\u013cojums uz Koptu Kairu"}]},{"@type":"WebSite","@id":"https:\/\/hurghadalovers.com\/lv\/#website","url":"https:\/\/hurghadalovers.com\/lv\/","name":"Hurghada Excursions & Day Trips | Booking Best Prices Tours","description":"Hurghada Lovers - Best Tour Operator - Excursions &amp; Things to do for Family Day Trips with kids and Couples Romantic. Unique .Hidden gems","publisher":{"@id":"https:\/\/hurghadalovers.com\/lv\/#organization"},"alternateName":"Hurghada Excursions","potentialAction":[{"@type":"SearchAction","target":{"@type":"EntryPoint","urlTemplate":"https:\/\/hurghadalovers.com\/lv\/?s={search_term_string}"},"query-input":{"@type":"PropertyValueSpecification","valueRequired":true,"valueName":"search_term_string"}}],"inLanguage":"lv-LV"},{"@type":["Organization","Place","TravelAgency"],"@id":"https:\/\/hurghadalovers.com\/lv\/#organization","name":"Hurghada Excursions","url":"https:\/\/hurghadalovers.com\/lv\/","logo":{"@id":"https:\/\/hurghadalovers.com\/lv\/tours\/makadi-bay-private-dienas-celojums-uz-koptu-kairo\/#local-main-organization-logo"},"image":{"@id":"https:\/\/hurghadalovers.com\/lv\/tours\/makadi-bay-private-dienas-celojums-uz-koptu-kairo\/#local-main-organization-logo"},"sameAs":["https:\/\/www.facebook.com\/Hurghadaloversegypt"],"address":{"@id":"https:\/\/hurghadalovers.com\/lv\/tours\/makadi-bay-private-dienas-celojums-uz-koptu-kairo\/#local-main-place-address"},"telephone":["00201112596434"],"contactPoint":{"@type":"ContactPoint","telephone":"00201112596434","email":"weyouface@gmail.com"},"openingHoursSpecification":{"@type":"OpeningHoursSpecification","dayOfWeek":["Monday","Tuesday","Wednesday","Thursday","Friday","Saturday","Sunday"],"opens":"00:00","closes":"23:59"},"email":"weyouface@gmail.com","areaServed":"Luxor, Hurghada, El Gouna, Aswan, Sharm El Sheikh, Giza, Alexandria, Marsa Alam, Quseir, Soma Bay, Sahl Hasheesh, Red Sea, Makadi Bay, Cairo","priceRange":"$","currenciesAccepted":"euro","paymentAccepted":"cash on site"},{"@type":"PostalAddress","@id":"https:\/\/hurghadalovers.com\/lv\/tours\/makadi-bay-private-dienas-celojums-uz-koptu-kairo\/#local-main-place-address","streetAddress":"17 Banks street, Alkawther area, top nbk bank","addressLocality":"hurghada","postalCode":"84511","addressRegion":"red sea","addressCountry":"EG"},{"@type":"ImageObject","inLanguage":"lv-LV","@id":"https:\/\/hurghadalovers.com\/lv\/tours\/makadi-bay-private-dienas-celojums-uz-koptu-kairo\/#local-main-organization-logo","url":"https:\/\/hurghadalovers.com\/wp-content\/uploads\/2019\/10\/hurghada-excursions-logo.png","contentUrl":"https:\/\/hurghadalovers.com\/wp-content\/uploads\/2019\/10\/hurghada-excursions-logo.png","width":272,"height":90,"caption":"Hurghada Excursions"}]},"product_brand":"Ekskursijas Kaira no Makadi","product_price_amount":"160","product_price_currency":"EUR","og_availability":"instock","product_availability":"instock","product_retailer_item_id":"MakadiBay032024","product_condition":"new","geo.placename":"hurghada","geo.region":"Egypt"},"_links":{"self":[{"href":"https:\/\/hurghadalovers.com\/lv\/wp-json\/wp\/v2\/product\/386637","targetHints":{"allow":["GET"]}}],"collection":[{"href":"https:\/\/hurghadalovers.com\/lv\/wp-json\/wp\/v2\/product"}],"about":[{"href":"https:\/\/hurghadalovers.com\/lv\/wp-json\/wp\/v2\/types\/product"}],"wp:featuredmedia":[{"embeddable":true,"href":"https:\/\/hurghadalovers.com\/lv\/wp-json\/wp\/v2\/media\/386524"}],"wp:attachment":[{"href":"https:\/\/hurghadalovers.com\/lv\/wp-json\/wp\/v2\/media?parent=386637"}],"wp:term":[{"taxonomy":"product_brand","embeddable":true,"href":"https:\/\/hurghadalovers.com\/lv\/wp-json\/wp\/v2\/product_brand?post=386637"},{"taxonomy":"product_cat","embeddable":true,"href":"https:\/\/hurghadalovers.com\/lv\/wp-json\/wp\/v2\/product_cat?post=386637"},{"taxonomy":"product_tag","embeddable":true,"href":"https:\/\/hurghadalovers.com\/lv\/wp-json\/wp\/v2\/product_tag?post=386637"}],"curies":[{"name":"wp","href":"https:\/\/api.w.org\/{rel}","templated":true}]}}