{"id":381247,"date":"2023-08-19T11:35:23","date_gmt":"2023-08-19T11:35:23","guid":{"rendered":"https:\/\/hurghadalovers.com\/shop\/uncategorized\/privatie-hurgadas-taksometru-transferi\/"},"modified":"2026-02-09T18:02:33","modified_gmt":"2026-02-09T18:02:33","slug":"privato-hurghada-taxi-transfers","status":"publish","type":"product","link":"https:\/\/hurghadalovers.com\/lv\/tours\/privato-hurghada-taxi-transfers\/","title":{"rendered":"Priv\u0101tie Hurgadas taksometru transf\u0113ri"},"content":{"rendered":"<p><strong>Priv\u0101tie Hurgadas Taksometru Transf\u0113ri<\/strong> uz Luksoru, Kairu | Rezerv\u0113\u0161ana L\u0113tas Cenas T\u016brisma Pakalpojumu Transf\u0113ri ar Luksusa Minivenu un Vip Automa\u0161\u012bnu uz Marsa Alam, Soma Bay, EL Gouna, Makadi Bay, Hurgadas (HRG) Lidost\u0101 | Skaidr\u0101 naud\u0101 uz vietas.<\/p>\n<p><strong>S\u012bk\u0101ka inform\u0101cija:<\/strong><\/p>\n<ul>\n<li>Ekskursijas veids: Luksusa priv\u0101t\u0101 ar automa\u0161\u012bnu vai mikroautobusu.<\/li>\n<li>Taksometru rezerv\u0113\u0161ana Automa\u0161\u012bnas, mikroautobusi, pieejam\u012bba: Katru dienu.<\/li>\n<li>Piek\u013cuve ar rati\u0146kr\u0113sliem.<\/li>\n<li>Pacel\u0161anas laiks no Hurgadas uz Luksoru: 04:30 no r\u012bta.<\/li>\n<li>Pacel\u0161anas laiks no Hurgadas uz Kairu: 01:30 no r\u012bta.<\/li>\n<li>Pacel\u0161anas laiks no Hurgadas viesn\u012bc\u0101m uz Hurgadas (HRG) lidostu, Hurgadas jahtu ostu: p\u0113c j\u016bsu izv\u0113les.<\/li>\n<li>\n<\/li>\n<\/ul>\n<p><strong>Rezerv\u0113jiet tagad un maks\u0101jiet v\u0113l\u0101k:<\/strong><\/p>\n<ul>\n<li>Skaidra nauda uz vietas gidam.<\/li>\n<li>Maks\u0101jums ar \u0112\u0123iptes m\u0101rci\u0146as, $, \u20ac vai \u00a3.<\/li>\n<\/ul>\n<p><strong>Atcel\u0161anas noteikumi:<\/strong><\/p>\n<ul>\n<li>j\u016bs Atcelt l\u012bdz 24 stund\u0101m iepriek\u0161.<\/li>\n<li>Ja k\u0101ds no j\u016bsu \u0123imenes atce\u013c r\u012btu, maks\u0101jiet 50% no izmaks\u0101m.<\/li>\n<\/ul>\n<p><strong>Kas ir iek\u013cauts?<\/strong><\/p>\n<ul>\n<li>Transf\u0113rs no Hurgadas viesn\u012bc\u0101m &#8220;Hotel pick up and drop off&#8221;.<\/li>\n<li>Visi nodok\u013ci, ieejas maksa un maksa par pakalpojumiem.<\/li>\n<li>P\u0101rskait\u012bjumi.<\/li>\n<li>Dz\u0113rieni.<\/li>\n<\/ul>\n<p><strong>Iz\u0146\u0113mumi?<\/strong><\/p>\n<ul>\n<li>Dzeramnauda.<\/li>\n<\/ul>\n<p><strong>Priv\u0101tais transf\u0113rs no Hurgadas uz Luksoru:<\/strong><\/p>\n<p>Cena Taksometrs\/ Automa\u0161\u012bna &#8220;3 s\u0113dvietas&#8221; = 130$ Cena par priv\u0101to automa\u0161\u012bnu.<\/p>\n<p>Cena Minivens &#8220;8 s\u0113dvietas&#8221; = 175$ Cena par priv\u0101tu minivenu\/minibusu.<\/p>\n<p>Att\u0101lums no Hurgadas l\u012bdz Luksorai = 350 km<\/p>\n<p>Laiks no Hurgadas l\u012bdz Luksorai = 4.30 h.<\/p>\n<p>Tur 2 pieturas &#8221; 20 min p\u0101rtraukums, 20 T\u016brisma kontrolpunkti Safaga&#8221;.<\/p>\n<p><strong> <\/strong><\/p>\n<p><strong>Priv\u0101tais transf\u0113rs Hurgada uz Kairu, Gizas piram\u012bdas:<\/strong><\/p>\n<p>Cena Taksometrs\/ Automa\u0161\u012bna &#8220;3 s\u0113dvietas&#8221; = 140$ Cena par priv\u0101to automa\u0161\u012bnu.<\/p>\n<p>Cena Minivens &#8220;8 s\u0113dvietas&#8221; = 200$ Cena par priv\u0101tu minivenu\/minibusu.<\/p>\n<p>Att\u0101lums no Hurgadas l\u012bdz Kairai = 450 km<\/p>\n<p>Laiks no Hurgadas l\u012bdz Kairai = 6.30 h<\/p>\n<p>Tur 3 pieturas &#8221; 20 min p\u0101rtraukums Safr\u0101na Ras Ghareb, 15-30 min T\u016brisma kontrolpunkts&#8221;<\/p>\n<p><strong>Priv\u0101tais transf\u0113rs no Hurgadas uz Hurgadas (HRG) lidostu vai no t\u0101s:<\/strong><\/p>\n<p>Cena Taksometrs\/ Automa\u0161\u012bna &#8220;3 &#8211; 6 s\u0113dvietas&#8221; = 20$ Cena par priv\u0101to automa\u0161\u012bnu.<\/p>\n<p>Cena Minivens &#8220;12 s\u0113dvietas&#8221; = 30$ Cena par priv\u0101tu minivenu\/minibusu.<\/p>\n<p><strong> <\/strong><\/p>\n<p><strong>Priv\u0101tais transf\u0113rs Hurgada uz Hurgada Marina:<\/strong><\/p>\n<p>Cena Taksometrs\/ Automa\u0161\u012bna &#8221; 3 &#8211; 6 s\u0113dvietas&#8221; 4h = 30$ Cena par priv\u0101to automa\u0161\u012bnu.<\/p>\n<p>Cena Minivens &#8220;12 s\u0113dvietas&#8221; 4h = 50$ Cena par priv\u0101tu minivenu\/minibusu.<\/p>\n<p><strong> <\/strong><\/p>\n<p><strong>Priv\u0101tais transf\u0113rs Hurghada uz El Gouna viesn\u012bcas:<\/strong><\/p>\n<p>Cena Taksometrs\/ Automa\u0161\u012bna &#8220;3 &#8211; 6 s\u0113dvietas&#8221; = 40$ Cena par priv\u0101to automa\u0161\u012bnu.<\/p>\n<p>Cena Minivens &#8220;12 s\u0113dvietas&#8221; = 55$ Cena par priv\u0101tu minivenu\/minibusu.<\/p>\n<p>Att\u0101lums no Hurgadas l\u012bdz El G\u016bnai = 40 km<\/p>\n<p>Laiks no Hurgadas uz El Gunu = 30 min.<\/p>\n<p><strong>Priv\u0101ts taksometrs Hurgada no Marsa Alam<\/strong><\/p>\n<p>m\u0113s pied\u0101v\u0101jam automa\u0161\u012bnas un autobusus, lai p\u0101rvestu j\u016bs vai j\u016bsu grupu no Marsa Alam uz jebkuru pili sarkanaj\u0101 j\u016br\u0101 \u0112\u0123ipt\u0113.<\/p>\n<p><strong>Priv\u0101tie transf\u0113ri uz Kairas lidostu<\/strong><\/p>\n<p>ja jums ir nepiecie\u0161ams doties Kairas lidost\u0101 un nepiecie\u0161ams p\u0101rskait\u012bjums uz t\u016brisma pils\u0113t\u0101m \u0112\u0123ipt\u0113, var uztic\u0113ties mums, lai dotu jums luksusa Priv\u0101t\u0101s automa\u0161\u012bnas Autobuss Limuz\u012bns pakalpojums.<\/p>\n<p><strong>Taxi no Hurghada uz Sahl Hasheesh<\/strong><\/p>\n<p>Jums ir nepiecie\u0161ama vislab\u0101k\u0101 cena par priv\u0101to transportu jebkura form\u0101ta, lai p\u0101rvestu j\u016bs no Hurgadas lidostas uz Sahl Hashe viesn\u012bc\u0101m vai jums ir nepiecie\u0161ams transf\u0113rs no viesn\u012bcas uz jebkuru vietu, j\u016bs varat uztic\u0113ties mums.<\/p>\n<p>1-3 cilv\u0113ki (standarta automa\u0161\u012bna) = cena no $ 10<\/p>\n<p>4-8 cilv\u0113ki (mikroautobuss) = cena no $ 23<\/p>\n<p><strong>Taxi no Hurghada uz Marsa Alam<\/strong><\/p>\n<p>Ja esat ieradies Hurgadas lidost\u0101 vai no j\u016bsu atra\u0161an\u0101s vietas, jums ir nepiecie\u0161ams lab\u0101kais automa\u0161\u012bnu vai autobusu uz vai no Mars Alam, lai apmekl\u0113tu Kairu vai Luksoru, zvaniet mums tie\u0161i tagad<\/p>\n<p>1-3 personas (atsevi\u0161\u0137a automa\u0161\u012bna) = 84 $<\/p>\n<p>4-8 cilv\u0113ki (mikroautobuss) = 107 $<\/p>\n<p><strong>Taksometri no Hurghada Airport uz Makadi Bay<\/strong><\/p>\n<p>M\u0113s pied\u0101v\u0101jam lab\u0101k\u0101s transf\u0113ra cenas jums vienatn\u0113 vai grupai Makadi Bay viesn\u012bcas un apmekl\u0113t piram\u012bdas Kairas Giza, vai veikt ekskursiju uz pils\u0113tu Luxor.<\/p>\n<p>1-3 personas (standarta automa\u0161\u012bna) = no 10 $<\/p>\n<p>4-8 cilv\u0113ki (mikroautobuss) = $ 23<\/p>\n<p><strong>Taksometrs no Hurghada Airport uz Soma Bay<\/strong><\/p>\n<p>Ja jums ir nepiecie\u0161amas luksusa priv\u0101t\u0101s automa\u0161\u012bnas, autobusi vai limuz\u012bns, lai nog\u0101d\u0101tu j\u016bs uz Soma Bay viesn\u012bc\u0101m vai ja jums ir nepiecie\u0161ams veikt ekskursijas, lai apmekl\u0113tu t\u016brisma vietas \u0112\u0123ipt\u0113, rezerv\u0113jiet pie mums tagad.<\/p>\n<p>1-3 personas (standarta automa\u0161\u012bna) = 35 $<\/p>\n<p>4-8 cilv\u0113ki (mikroautobuss) = 40 $<\/p>\n<p>&nbsp;<\/p>\n<p>&nbsp;<\/p>\n<p><strong>Atsauksmes:<\/strong><\/p>\n<p>p\u0101rbaudiet m\u016bsu Google Map Atsauksmes k\u0101 Best <a href=\"https:\/\/g.page\/r\/CUeYvkngP3wkEBM\/review\">Tour Operator in Hurghada<\/a> tie\u0161saist\u0113 <a href=\"https:\/\/hurghadalovers.com\/\">Hurghada<\/a> \u0112\u0123ipt\u0113.<\/p>\n<p>&nbsp;<\/p>\n<p><strong>Piez\u012bme:  <\/strong><\/p>\n<p>M\u0113s pied\u0101v\u0101jam ar\u012b ekskursiju ar transf\u0113ru no viesn\u012bcas El Goua, Soma l\u012bc\u012b, Makadi l\u012bc\u012b, Sahl Hasheesh, Safaga ar papildus samaksu = 10$ no personas.<\/p>\n<p>&nbsp;<\/p>\n<p><strong>Rezerv\u0101cija:<\/strong><\/p>\n<p>Nos\u016btiet viesn\u012bcu + numura numuru + foto pases uz WhatsApp: <strong>+201112596434<\/strong><\/p>\n<p>Ja j\u016bs no \u0112\u0123ipte Rezerv\u0113t tagad tie\u0161saist\u0113 un apstiprin\u0101t, kad iera\u0161an\u0101s Hotel.<\/p>\n","protected":false},"excerpt":{"rendered":"<p>Priv\u0101tie Hurgadas Taksometru Transf\u0113ri uz Luksoru, Kairu | Rezerv\u0113\u0161ana L\u0113tas Cenas T\u016brisma Pakalpojumu Transf\u0113ri ar Luksusa Minivenu un Vip Automa\u0161\u012bnu uz Marsa Alam, Soma Bay, EL Gouna, Makadi Bay, Hurgadas (HRG) Lidost\u0101 | Skaidr\u0101 naud\u0101 uz vietas.<\/p>\n","protected":false},"featured_media":931095,"template":"","meta":{"_joinchat":[]},"product_brand":[],"product_cat":[36667],"product_tag":[],"class_list":{"0":"post-381247","1":"product","2":"type-product","3":"status-publish","4":"has-post-thumbnail","6":"product_cat-ekskursijas","7":"tour_category-ekskursijas-no-hurgadas-uz-luksoru","8":"tour_category-ekskursijas-uz-hurgadu","10":"first","11":"instock","12":"sale","13":"shipping-taxable","14":"purchasable","15":"product-type-tour"},"yoast_head":"<!-- This site is optimized with the Yoast SEO Premium plugin v26.9 (Yoast SEO v27.2) - https:\/\/yoast.com\/product\/yoast-seo-premium-wordpress\/ -->\n<title>Priv\u0101tie Hurgadas taksometru transf\u0113ri uz Luksoru, Kairu<\/title>\n<meta name=\"description\" content=\"Priv\u0101tie Hurgadas Taksometru Transf\u0113ri uz Luksoru, Kairu | Rezerv\u0113\u0161ana L\u0113tas Cenas T\u016brisma Pakalpojumu Transf\u0113ri ar Luksusa Minivan un Vip Car uz Marsa alam, Soma l\u012bcis...\" \/>\n<meta name=\"robots\" content=\"index, follow, max-snippet:-1, max-image-preview:large, max-video-preview:-1\" \/>\n<link rel=\"canonical\" href=\"https:\/\/hurghadalovers.com\/lv\/tours\/privato-hurghada-taxi-transfers\/\" \/>\n<meta property=\"og:locale\" content=\"lv_LV\" \/>\n<meta property=\"og:type\" content=\"article\" \/>\n<meta property=\"og:title\" content=\"Priv\u0101tie Hurgadas taksometru transf\u0113ri\" \/>\n<meta property=\"og:description\" content=\"Priv\u0101tie Hurgadas Taksometru Transf\u0113ri uz Luksoru, Kairu | Rezerv\u0113\u0161ana L\u0113tas Cenas T\u016brisma Pakalpojumu Transf\u0113ri ar Luksusa Minivan un Vip Car uz Marsa alam, Soma l\u012bcis...\" \/>\n<meta property=\"og:url\" content=\"https:\/\/hurghadalovers.com\/lv\/tours\/privato-hurghada-taxi-transfers\/\" \/>\n<meta property=\"og:site_name\" content=\"Hurghada Excursions &amp; Day Trips | Booking Best Prices Tours\" \/>\n<meta property=\"article:publisher\" content=\"https:\/\/www.facebook.com\/Hurghadaloversegypt\" \/>\n<meta property=\"article:modified_time\" content=\"2026-02-09T18:02:33+00:00\" \/>\n<meta property=\"og:image\" content=\"https:\/\/hurghadalovers.com\/wp-content\/uploads\/2023\/08\/Private-Hurghada-Taxi-Transfers.jpeg\" \/>\n\t<meta property=\"og:image:width\" content=\"1600\" \/>\n\t<meta property=\"og:image:height\" content=\"1204\" \/>\n\t<meta property=\"og:image:type\" content=\"image\/jpeg\" \/>\n<meta name=\"twitter:card\" content=\"summary_large_image\" \/>\n<meta name=\"twitter:label1\" content=\"Price\" \/>\n\t<meta name=\"twitter:data1\" content=\"&euro;&nbsp;20\" \/>\n\t<meta name=\"twitter:label2\" content=\"Availability\" \/>\n\t<meta name=\"twitter:data2\" content=\"In stock\" \/>\n<script type=\"application\/ld+json\" class=\"yoast-schema-graph\">{\"@context\":\"https:\/\/schema.org\",\"@graph\":[{\"@type\":[\"WebPage\",\"ItemPage\"],\"@id\":\"https:\/\/hurghadalovers.com\/lv\/tours\/privato-hurghada-taxi-transfers\/\",\"url\":\"https:\/\/hurghadalovers.com\/lv\/tours\/privato-hurghada-taxi-transfers\/\",\"name\":\"Priv\u0101tie Hurgadas taksometru transf\u0113ri uz Luksoru, Kairu\",\"isPartOf\":{\"@id\":\"https:\/\/hurghadalovers.com\/lv\/#website\"},\"primaryImageOfPage\":{\"@id\":\"https:\/\/hurghadalovers.com\/lv\/tours\/privato-hurghada-taxi-transfers\/#primaryimage\"},\"image\":{\"@id\":\"https:\/\/hurghadalovers.com\/lv\/tours\/privato-hurghada-taxi-transfers\/#primaryimage\"},\"thumbnailUrl\":\"https:\/\/hurghadalovers.com\/wp-content\/uploads\/2023\/08\/Private-Hurghada-Taxi-Transfers.jpeg\",\"datePublished\":\"2023-08-19T11:35:23+00:00\",\"dateModified\":\"2026-02-09T18:02:33+00:00\",\"description\":\"Priv\u0101tie Hurgadas Taksometru Transf\u0113ri uz Luksoru, Kairu | Rezerv\u0113\u0161ana L\u0113tas Cenas T\u016brisma Pakalpojumu Transf\u0113ri ar Luksusa Minivan un Vip Car uz Marsa alam, Soma l\u012bcis...\",\"breadcrumb\":{\"@id\":\"https:\/\/hurghadalovers.com\/lv\/tours\/privato-hurghada-taxi-transfers\/#breadcrumb\"},\"inLanguage\":\"lv-LV\",\"potentialAction\":[{\"@type\":\"ReadAction\",\"target\":[\"https:\/\/hurghadalovers.com\/lv\/tours\/privato-hurghada-taxi-transfers\/\"]}]},{\"@type\":\"ImageObject\",\"inLanguage\":\"lv-LV\",\"@id\":\"https:\/\/hurghadalovers.com\/lv\/tours\/privato-hurghada-taxi-transfers\/#primaryimage\",\"url\":\"https:\/\/hurghadalovers.com\/wp-content\/uploads\/2023\/08\/Private-Hurghada-Taxi-Transfers.jpeg\",\"contentUrl\":\"https:\/\/hurghadalovers.com\/wp-content\/uploads\/2023\/08\/Private-Hurghada-Taxi-Transfers.jpeg\",\"width\":1600,\"height\":1204,\"caption\":\"Private Hurghada Taxi Transfers\"},{\"@type\":\"BreadcrumbList\",\"@id\":\"https:\/\/hurghadalovers.com\/lv\/tours\/privato-hurghada-taxi-transfers\/#breadcrumb\",\"itemListElement\":[{\"@type\":\"ListItem\",\"position\":1,\"name\":\"Home\",\"item\":\"https:\/\/hurghadalovers.com\/lv\/\"},{\"@type\":\"ListItem\",\"position\":2,\"name\":\"Shop\",\"item\":\"https:\/\/hurghadalovers.com\/shop\/\"},{\"@type\":\"ListItem\",\"position\":3,\"name\":\"Priv\u0101tie Hurgadas taksometru transf\u0113ri\"}]},{\"@type\":\"WebSite\",\"@id\":\"https:\/\/hurghadalovers.com\/lv\/#website\",\"url\":\"https:\/\/hurghadalovers.com\/lv\/\",\"name\":\"Hurghada Excursions & Day Trips | Booking Best Prices Tours\",\"description\":\"Hurghada Lovers - Best Tour Operator - Excursions &amp; Things to do for Family Day Trips with kids and Couples Romantic. Unique .Hidden gems\",\"publisher\":{\"@id\":\"https:\/\/hurghadalovers.com\/lv\/#organization\"},\"alternateName\":\"Hurghada Excursions\",\"potentialAction\":[{\"@type\":\"SearchAction\",\"target\":{\"@type\":\"EntryPoint\",\"urlTemplate\":\"https:\/\/hurghadalovers.com\/lv\/?s={search_term_string}\"},\"query-input\":{\"@type\":\"PropertyValueSpecification\",\"valueRequired\":true,\"valueName\":\"search_term_string\"}}],\"inLanguage\":\"lv-LV\"},{\"@type\":[\"Organization\",\"Place\",\"TravelAgency\"],\"@id\":\"https:\/\/hurghadalovers.com\/lv\/#organization\",\"name\":\"Hurghada Excursions\",\"url\":\"https:\/\/hurghadalovers.com\/lv\/\",\"logo\":{\"@id\":\"https:\/\/hurghadalovers.com\/lv\/tours\/privato-hurghada-taxi-transfers\/#local-main-organization-logo\"},\"image\":{\"@id\":\"https:\/\/hurghadalovers.com\/lv\/tours\/privato-hurghada-taxi-transfers\/#local-main-organization-logo\"},\"sameAs\":[\"https:\/\/www.facebook.com\/Hurghadaloversegypt\"],\"address\":{\"@id\":\"https:\/\/hurghadalovers.com\/lv\/tours\/privato-hurghada-taxi-transfers\/#local-main-place-address\"},\"telephone\":[\"00201112596434\"],\"contactPoint\":{\"@type\":\"ContactPoint\",\"telephone\":\"00201112596434\",\"email\":\"weyouface@gmail.com\"},\"openingHoursSpecification\":{\"@type\":\"OpeningHoursSpecification\",\"dayOfWeek\":[\"Monday\",\"Tuesday\",\"Wednesday\",\"Thursday\",\"Friday\",\"Saturday\",\"Sunday\"],\"opens\":\"00:00\",\"closes\":\"23:59\"},\"email\":\"weyouface@gmail.com\",\"areaServed\":\"Luxor, Hurghada, El Gouna, Aswan, Sharm El Sheikh, Giza, Alexandria, Marsa Alam, Quseir, Soma Bay, Sahl Hasheesh, Red Sea, Makadi Bay, Cairo\",\"priceRange\":\"$\",\"currenciesAccepted\":\"euro\",\"paymentAccepted\":\"cash on site\"},{\"@type\":\"PostalAddress\",\"@id\":\"https:\/\/hurghadalovers.com\/lv\/tours\/privato-hurghada-taxi-transfers\/#local-main-place-address\",\"streetAddress\":\"17 Banks street, Alkawther area, top nbk bank\",\"addressLocality\":\"hurghada\",\"postalCode\":\"84511\",\"addressRegion\":\"red sea\",\"addressCountry\":\"EG\"},{\"@type\":\"ImageObject\",\"inLanguage\":\"lv-LV\",\"@id\":\"https:\/\/hurghadalovers.com\/lv\/tours\/privato-hurghada-taxi-transfers\/#local-main-organization-logo\",\"url\":\"https:\/\/hurghadalovers.com\/wp-content\/uploads\/2019\/10\/hurghada-excursions-logo.png\",\"contentUrl\":\"https:\/\/hurghadalovers.com\/wp-content\/uploads\/2019\/10\/hurghada-excursions-logo.png\",\"width\":272,\"height\":90,\"caption\":\"Hurghada Excursions\"}]}<\/script>\n<meta property=\"product:brand\" content=\"Ekskursijas Luksoru no Hurgadas\" \/>\n<meta property=\"product:price:amount\" content=\"20\" \/>\n<meta property=\"product:price:currency\" content=\"EUR\" \/>\n<meta property=\"og:availability\" content=\"instock\" \/>\n<meta property=\"product:availability\" content=\"instock\" \/>\n<meta property=\"product:retailer_item_id\" content=\"Transfers012024\" \/>\n<meta property=\"product:condition\" content=\"new\" \/>\n<meta name=\"geo.placename\" content=\"hurghada\" \/>\n<meta name=\"geo.region\" content=\"Egypt\" \/>\n<!-- \/ Yoast SEO Premium plugin. -->","yoast_head_json":{"title":"Priv\u0101tie Hurgadas taksometru transf\u0113ri uz Luksoru, Kairu","description":"Priv\u0101tie Hurgadas Taksometru Transf\u0113ri uz Luksoru, Kairu | Rezerv\u0113\u0161ana L\u0113tas Cenas T\u016brisma Pakalpojumu Transf\u0113ri ar Luksusa Minivan un Vip Car uz Marsa alam, Soma l\u012bcis...","robots":{"index":"index","follow":"follow","max-snippet":"max-snippet:-1","max-image-preview":"max-image-preview:large","max-video-preview":"max-video-preview:-1"},"canonical":"https:\/\/hurghadalovers.com\/lv\/tours\/privato-hurghada-taxi-transfers\/","og_locale":"lv_LV","og_type":"article","og_title":"Priv\u0101tie Hurgadas taksometru transf\u0113ri","og_description":"Priv\u0101tie Hurgadas Taksometru Transf\u0113ri uz Luksoru, Kairu | Rezerv\u0113\u0161ana L\u0113tas Cenas T\u016brisma Pakalpojumu Transf\u0113ri ar Luksusa Minivan un Vip Car uz Marsa alam, Soma l\u012bcis...","og_url":"https:\/\/hurghadalovers.com\/lv\/tours\/privato-hurghada-taxi-transfers\/","og_site_name":"Hurghada Excursions &amp; Day Trips | Booking Best Prices Tours","article_publisher":"https:\/\/www.facebook.com\/Hurghadaloversegypt","article_modified_time":"2026-02-09T18:02:33+00:00","og_image":[{"width":1600,"height":1204,"url":"https:\/\/hurghadalovers.com\/wp-content\/uploads\/2023\/08\/Private-Hurghada-Taxi-Transfers.jpeg","type":"image\/jpeg"}],"twitter_card":"summary_large_image","twitter_misc":{"Price":"&euro;&nbsp;20","Availability":"In stock"},"schema":{"@context":"https:\/\/schema.org","@graph":[{"@type":["WebPage","ItemPage"],"@id":"https:\/\/hurghadalovers.com\/lv\/tours\/privato-hurghada-taxi-transfers\/","url":"https:\/\/hurghadalovers.com\/lv\/tours\/privato-hurghada-taxi-transfers\/","name":"Priv\u0101tie Hurgadas taksometru transf\u0113ri uz Luksoru, Kairu","isPartOf":{"@id":"https:\/\/hurghadalovers.com\/lv\/#website"},"primaryImageOfPage":{"@id":"https:\/\/hurghadalovers.com\/lv\/tours\/privato-hurghada-taxi-transfers\/#primaryimage"},"image":{"@id":"https:\/\/hurghadalovers.com\/lv\/tours\/privato-hurghada-taxi-transfers\/#primaryimage"},"thumbnailUrl":"https:\/\/hurghadalovers.com\/wp-content\/uploads\/2023\/08\/Private-Hurghada-Taxi-Transfers.jpeg","datePublished":"2023-08-19T11:35:23+00:00","dateModified":"2026-02-09T18:02:33+00:00","description":"Priv\u0101tie Hurgadas Taksometru Transf\u0113ri uz Luksoru, Kairu | Rezerv\u0113\u0161ana L\u0113tas Cenas T\u016brisma Pakalpojumu Transf\u0113ri ar Luksusa Minivan un Vip Car uz Marsa alam, Soma l\u012bcis...","breadcrumb":{"@id":"https:\/\/hurghadalovers.com\/lv\/tours\/privato-hurghada-taxi-transfers\/#breadcrumb"},"inLanguage":"lv-LV","potentialAction":[{"@type":"ReadAction","target":["https:\/\/hurghadalovers.com\/lv\/tours\/privato-hurghada-taxi-transfers\/"]}]},{"@type":"ImageObject","inLanguage":"lv-LV","@id":"https:\/\/hurghadalovers.com\/lv\/tours\/privato-hurghada-taxi-transfers\/#primaryimage","url":"https:\/\/hurghadalovers.com\/wp-content\/uploads\/2023\/08\/Private-Hurghada-Taxi-Transfers.jpeg","contentUrl":"https:\/\/hurghadalovers.com\/wp-content\/uploads\/2023\/08\/Private-Hurghada-Taxi-Transfers.jpeg","width":1600,"height":1204,"caption":"Private Hurghada Taxi Transfers"},{"@type":"BreadcrumbList","@id":"https:\/\/hurghadalovers.com\/lv\/tours\/privato-hurghada-taxi-transfers\/#breadcrumb","itemListElement":[{"@type":"ListItem","position":1,"name":"Home","item":"https:\/\/hurghadalovers.com\/lv\/"},{"@type":"ListItem","position":2,"name":"Shop","item":"https:\/\/hurghadalovers.com\/shop\/"},{"@type":"ListItem","position":3,"name":"Priv\u0101tie Hurgadas taksometru transf\u0113ri"}]},{"@type":"WebSite","@id":"https:\/\/hurghadalovers.com\/lv\/#website","url":"https:\/\/hurghadalovers.com\/lv\/","name":"Hurghada Excursions & Day Trips | Booking Best Prices Tours","description":"Hurghada Lovers - Best Tour Operator - Excursions &amp; Things to do for Family Day Trips with kids and Couples Romantic. Unique .Hidden gems","publisher":{"@id":"https:\/\/hurghadalovers.com\/lv\/#organization"},"alternateName":"Hurghada Excursions","potentialAction":[{"@type":"SearchAction","target":{"@type":"EntryPoint","urlTemplate":"https:\/\/hurghadalovers.com\/lv\/?s={search_term_string}"},"query-input":{"@type":"PropertyValueSpecification","valueRequired":true,"valueName":"search_term_string"}}],"inLanguage":"lv-LV"},{"@type":["Organization","Place","TravelAgency"],"@id":"https:\/\/hurghadalovers.com\/lv\/#organization","name":"Hurghada Excursions","url":"https:\/\/hurghadalovers.com\/lv\/","logo":{"@id":"https:\/\/hurghadalovers.com\/lv\/tours\/privato-hurghada-taxi-transfers\/#local-main-organization-logo"},"image":{"@id":"https:\/\/hurghadalovers.com\/lv\/tours\/privato-hurghada-taxi-transfers\/#local-main-organization-logo"},"sameAs":["https:\/\/www.facebook.com\/Hurghadaloversegypt"],"address":{"@id":"https:\/\/hurghadalovers.com\/lv\/tours\/privato-hurghada-taxi-transfers\/#local-main-place-address"},"telephone":["00201112596434"],"contactPoint":{"@type":"ContactPoint","telephone":"00201112596434","email":"weyouface@gmail.com"},"openingHoursSpecification":{"@type":"OpeningHoursSpecification","dayOfWeek":["Monday","Tuesday","Wednesday","Thursday","Friday","Saturday","Sunday"],"opens":"00:00","closes":"23:59"},"email":"weyouface@gmail.com","areaServed":"Luxor, Hurghada, El Gouna, Aswan, Sharm El Sheikh, Giza, Alexandria, Marsa Alam, Quseir, Soma Bay, Sahl Hasheesh, Red Sea, Makadi Bay, Cairo","priceRange":"$","currenciesAccepted":"euro","paymentAccepted":"cash on site"},{"@type":"PostalAddress","@id":"https:\/\/hurghadalovers.com\/lv\/tours\/privato-hurghada-taxi-transfers\/#local-main-place-address","streetAddress":"17 Banks street, Alkawther area, top nbk bank","addressLocality":"hurghada","postalCode":"84511","addressRegion":"red sea","addressCountry":"EG"},{"@type":"ImageObject","inLanguage":"lv-LV","@id":"https:\/\/hurghadalovers.com\/lv\/tours\/privato-hurghada-taxi-transfers\/#local-main-organization-logo","url":"https:\/\/hurghadalovers.com\/wp-content\/uploads\/2019\/10\/hurghada-excursions-logo.png","contentUrl":"https:\/\/hurghadalovers.com\/wp-content\/uploads\/2019\/10\/hurghada-excursions-logo.png","width":272,"height":90,"caption":"Hurghada Excursions"}]},"product_brand":"Ekskursijas Luksoru no Hurgadas","product_price_amount":"20","product_price_currency":"EUR","og_availability":"instock","product_availability":"instock","product_retailer_item_id":"Transfers012024","product_condition":"new","geo.placename":"hurghada","geo.region":"Egypt"},"_links":{"self":[{"href":"https:\/\/hurghadalovers.com\/lv\/wp-json\/wp\/v2\/product\/381247","targetHints":{"allow":["GET"]}}],"collection":[{"href":"https:\/\/hurghadalovers.com\/lv\/wp-json\/wp\/v2\/product"}],"about":[{"href":"https:\/\/hurghadalovers.com\/lv\/wp-json\/wp\/v2\/types\/product"}],"wp:featuredmedia":[{"embeddable":true,"href":"https:\/\/hurghadalovers.com\/lv\/wp-json\/wp\/v2\/media\/931095"}],"wp:attachment":[{"href":"https:\/\/hurghadalovers.com\/lv\/wp-json\/wp\/v2\/media?parent=381247"}],"wp:term":[{"taxonomy":"product_brand","embeddable":true,"href":"https:\/\/hurghadalovers.com\/lv\/wp-json\/wp\/v2\/product_brand?post=381247"},{"taxonomy":"product_cat","embeddable":true,"href":"https:\/\/hurghadalovers.com\/lv\/wp-json\/wp\/v2\/product_cat?post=381247"},{"taxonomy":"product_tag","embeddable":true,"href":"https:\/\/hurghadalovers.com\/lv\/wp-json\/wp\/v2\/product_tag?post=381247"}],"curies":[{"name":"wp","href":"https:\/\/api.w.org\/{rel}","templated":true}]}}