{"id":380468,"date":"2025-07-01T10:00:42","date_gmt":"2023-08-15T11:40:17","guid":{"rendered":"https:\/\/hurghadalovers.com\/shop\/uncategorized\/luksusa-celojums-uz-oranza-lica-salu-no-hurgadas\/"},"modified":"2026-02-08T04:56:18","modified_gmt":"2026-02-08T04:56:18","slug":"luksusa-elite-oranzas-juras-izcelojums-no-hurgadas","status":"publish","type":"product","link":"https:\/\/hurghadalovers.com\/lv\/tours\/luksusa-elite-oranzas-juras-izcelojums-no-hurgadas\/","title":{"rendered":"Luksusa ce\u013cojums uz Oran\u017e\u0101 l\u012b\u010da salu no Hurgadas"},"content":{"rendered":"<p><strong>Luxury Orange Bay Island Ce\u013cojums no Hurgadas<\/strong> ar VIP Pusdienas un \u012bpa\u0161as vietas \u0123imen\u0113m, vair\u0101k priv\u0101tuma un grezns grezn\u012bba pavad\u012bt kvalitat\u012bvu laiku uz skaist\u0101kaj\u0101m pludmal\u0113m <strong>Giftun salas<\/strong> un viens Best House rifu vietas.<\/p>\n<p>&nbsp;<\/p>\n<p><strong>Svar\u012bg\u0101kie notikumi:<\/strong><\/p>\n<ul>\n<li>Viena vieta Snorkeling House Reef.<\/li>\n<li>1 stunda Orange Bay salas pludmal\u0113.<\/li>\n<li>Luxury Yacht.<\/li>\n<\/ul>\n<p><strong>S\u012bk\u0101ka inform\u0101cija:<\/strong><\/p>\n<ul>\n<li>Ekskursiju pieejam\u012bba: Katru dienu.<\/li>\n<li>Ekskursijas veids: Grupa.<\/li>\n<li>Pa\u0146em\u0161anas laiks: s\u0101kot no 08:00 r\u012bt\u0101.<\/li>\n<li>Izbrauk\u0161anas laiks: 17:00.<\/li>\n<li>Piek\u013cuve ar rati\u0146kr\u0113sliem.<\/li>\n<li>Ilgums: 8 stundas.<\/li>\n<\/ul>\n<p><strong>Rezerv\u0113jiet tagad un maks\u0101jiet v\u0113l\u0101k:<\/strong><\/p>\n<ul>\n<li>Skaidra nauda uz vietas gidam.<\/li>\n<li>Maks\u0101jums ar \u0112\u0123iptes m\u0101rci\u0146as, $, \u20ac vai \u00a3.<\/li>\n<\/ul>\n<p><strong>Atcel\u0161anas noteikumi:<\/strong><\/p>\n<ul>\n<li>j\u016bs Atcelt l\u012bdz 24 stund\u0101m iepriek\u0161.<\/li>\n<li>Ja k\u0101ds no j\u016bsu \u0123imenes atce\u013c r\u012btu, maks\u0101jiet 50% no izmaks\u0101m.<\/li>\n<\/ul>\n<p><strong>Kas ir iek\u013cauts?<\/strong><\/p>\n<ul>\n<li>Transf\u0113rs no Hurgadas viesn\u012bc\u0101m &#8220;Hotel pick up and drop off&#8221;.<\/li>\n<li>Visi nodok\u013ci, ieejas maksa un maksa par pakalpojumiem.<\/li>\n<li>Ekskursijas gids.<\/li>\n<li>Miner\u0101l\u016bdens + kola + piens + kafija\/t\u0113ja.<\/li>\n<li>1 snorkel\u0113\u0161anas vieta.<\/li>\n<li>Nir\u0161anas apr\u012bkojums &#8220;Maskas un peldspalvas&#8221;.<\/li>\n<li>1 stunda <strong>Orange Bay salas<\/strong> <strong>pludmal\u0113<\/strong>.<\/li>\n<li>VIP bufetes pusdienas uz ku\u0123a.<\/li>\n<li>Gl\u0101b\u0161anas vestes.<\/li>\n<\/ul>\n<p><strong>Iz\u0146\u0113mumi?<\/strong><\/p>\n<ul>\n<li>Dzeramnauda.<\/li>\n<li>Dz\u0113rieni restor\u0101n\u0101 Orange Bay Restaurant Island.<\/li>\n<li>Ce\u013cojuma fotograf\u0113\u0161ana un fotoatt\u0113li.<\/li>\n<li>M\u0113s pied\u0101v\u0101jam nom\u0101t peldkost\u012bmus un peldkost\u012bmus sieviet\u0113m, v\u012brie\u0161iem, b\u0113rniem visu izm\u0113ru &#8220;5$ par vienu&#8221;.<\/li>\n<li>Papildu apr\u012bkojums, kas nav min\u0113ts.<\/li>\n<\/ul>\n<p><strong>Luksusa Orange Bay salas ce\u013cojums no Hurgadas Cenas:<\/strong><\/p>\n<ul>\n<li><strong>Pieaugu\u0161o cena = <\/strong><strong>no 40$<\/strong><strong> par personu<\/strong>.<\/li>\n<li>Cena b\u0113rniem &#8220;5-12\u2033 = 50%.<\/li>\n<li>b\u0113rniem &#8220;0-5\u2033 = bezmaksas.<\/li>\n<\/ul>\n<p><strong>Atsauksmes:<\/strong><\/p>\n<p>p\u0101rbaudiet m\u016bsu Google Map Atsauksmes k\u0101 Best <a href=\"https:\/\/g.page\/r\/CUeYvkngP3wkEBM\/review\">Tour Operator in Hurghada<\/a> tie\u0161saist\u0113 <a href=\"https:\/\/hurghadalovers.com\/\">Hurghada<\/a> \u0112\u0123ipt\u0113.<\/p>\n<p>&nbsp;<\/p>\n<p><strong>Piez\u012bme:  <\/strong><\/p>\n<p>M\u0113s pied\u0101v\u0101jam ar\u012b ekskursiju ar transf\u0113ru no viesn\u012bcas El Goua, Soma l\u012bc\u012b, Makadi l\u012bc\u012b, Sahl Hasheesh, Safaga ar papildus samaksu = 10$ no personas.<\/p>\n<p>&nbsp;<\/p>\n<p><strong>Rezerv\u0101cija:<\/strong><\/p>\n<p>Nos\u016btiet viesn\u012bcu + numura numuru + foto pases uz WhatsApp: <strong>+201112596434<\/strong><\/p>\n<p>Ja j\u016bs no \u0112\u0123ipte Rezerv\u0113t tagad tie\u0161saist\u0113 un apstiprin\u0101t, kad iera\u0161an\u0101s Hotel.<\/p>\n","protected":false},"excerpt":{"rendered":"<p>Luxury Elite Elite Orange Bay Island Ce\u013cojums no Hurgadas ar VIP Pusdienas un \u012bpa\u0161as vietas \u0123imen\u0113m, vair\u0101k priv\u0101tuma un greznu grezn\u012bba pavad\u012bt kvalitat\u012bvu laiku uz skaist\u0101kaj\u0101m pludmal\u0113m Giftun salas un viens Best House rifu vietas.<\/p>\n","protected":false},"featured_media":380426,"template":"","meta":{"_joinchat":[]},"product_brand":[],"product_cat":[36667],"product_tag":[51157,51160],"class_list":{"0":"post-380468","1":"product","2":"type-product","3":"status-publish","4":"has-post-thumbnail","6":"product_cat-ekskursijas","7":"product_tag-egipte-luxury-tours","8":"product_tag-labakie-luksusa-egiptes-ekskursiju-uznemumi","9":"tour_category-hurgadas-snorkelesanas-braucieni","10":"tour_category-ekskursijas-uz-hurgadu","12":"first","13":"instock","14":"sale","15":"shipping-taxable","16":"purchasable","17":"product-type-tour"},"yoast_head":"<!-- This site is optimized with the Yoast SEO Premium plugin v26.9 (Yoast SEO v27.2) - https:\/\/yoast.com\/product\/yoast-seo-premium-wordpress\/ -->\n<title>Luksusa ce\u013cojums uz Oran\u017e\u0101 l\u012b\u010da salu no Hurgadas<\/title>\n<meta name=\"description\" content=\"Luksusa ce\u013cojums uz Oran\u017e\u0101 l\u012b\u010da salu no Hurgadas ar VIP pusdien\u0101m un \u012bpa\u0161\u0101m viet\u0101m \u0123imen\u0113m, vair\u0101k priv\u0101tuma un greznuma, lai kvalitat\u012bvi pavad\u012btu laiku.\" \/>\n<meta name=\"robots\" content=\"index, follow, max-snippet:-1, max-image-preview:large, max-video-preview:-1\" \/>\n<link rel=\"canonical\" href=\"https:\/\/hurghadalovers.com\/lv\/tours\/luksusa-elite-oranzas-juras-izcelojums-no-hurgadas\/\" \/>\n<meta property=\"og:locale\" content=\"lv_LV\" \/>\n<meta property=\"og:type\" content=\"article\" \/>\n<meta property=\"og:title\" content=\"Luksusa ce\u013cojums uz Oran\u017e\u0101 l\u012b\u010da salu no Hurgadas\" \/>\n<meta property=\"og:description\" content=\"Luksusa ce\u013cojums uz Oran\u017e\u0101 l\u012b\u010da salu no Hurgadas ar VIP pusdien\u0101m un \u012bpa\u0161\u0101m viet\u0101m \u0123imen\u0113m, vair\u0101k priv\u0101tuma un greznuma, lai kvalitat\u012bvi pavad\u012btu laiku.\" \/>\n<meta property=\"og:url\" content=\"https:\/\/hurghadalovers.com\/lv\/tours\/luksusa-elite-oranzas-juras-izcelojums-no-hurgadas\/\" \/>\n<meta property=\"og:site_name\" content=\"Hurghada Excursions &amp; Day Trips | Booking Best Prices Tours\" \/>\n<meta property=\"article:publisher\" content=\"https:\/\/www.facebook.com\/Hurghadaloversegypt\" \/>\n<meta property=\"article:modified_time\" content=\"2026-02-08T04:56:18+00:00\" \/>\n<meta property=\"og:image\" content=\"https:\/\/hurghadalovers.com\/wp-content\/uploads\/2023\/08\/Luxury-Elite-Orange-Bay-Island-Trip-from-Hurghada.jpeg\" \/>\n\t<meta property=\"og:image:width\" content=\"1156\" \/>\n\t<meta property=\"og:image:height\" content=\"867\" \/>\n\t<meta property=\"og:image:type\" content=\"image\/jpeg\" \/>\n<meta name=\"twitter:card\" content=\"summary_large_image\" \/>\n<meta name=\"twitter:label1\" content=\"Price\" \/>\n\t<meta name=\"twitter:data1\" content=\"&euro;&nbsp;40\" \/>\n\t<meta name=\"twitter:label2\" content=\"Availability\" \/>\n\t<meta name=\"twitter:data2\" content=\"In stock\" \/>\n<script type=\"application\/ld+json\" class=\"yoast-schema-graph\">{\"@context\":\"https:\/\/schema.org\",\"@graph\":[{\"@type\":[\"WebPage\",\"ItemPage\"],\"@id\":\"https:\/\/hurghadalovers.com\/lv\/tours\/luksusa-elite-oranzas-juras-izcelojums-no-hurgadas\/\",\"url\":\"https:\/\/hurghadalovers.com\/lv\/tours\/luksusa-elite-oranzas-juras-izcelojums-no-hurgadas\/\",\"name\":\"Luksusa ce\u013cojums uz Oran\u017e\u0101 l\u012b\u010da salu no Hurgadas\",\"isPartOf\":{\"@id\":\"https:\/\/hurghadalovers.com\/lv\/#website\"},\"primaryImageOfPage\":{\"@id\":\"https:\/\/hurghadalovers.com\/lv\/tours\/luksusa-elite-oranzas-juras-izcelojums-no-hurgadas\/#primaryimage\"},\"image\":{\"@id\":\"https:\/\/hurghadalovers.com\/lv\/tours\/luksusa-elite-oranzas-juras-izcelojums-no-hurgadas\/#primaryimage\"},\"thumbnailUrl\":\"https:\/\/hurghadalovers.com\/wp-content\/uploads\/2023\/08\/Luxury-Elite-Orange-Bay-Island-Trip-from-Hurghada.jpeg\",\"datePublished\":\"2023-08-15T11:40:17+00:00\",\"dateModified\":\"2026-02-08T04:56:18+00:00\",\"description\":\"Luksusa ce\u013cojums uz Oran\u017e\u0101 l\u012b\u010da salu no Hurgadas ar VIP pusdien\u0101m un \u012bpa\u0161\u0101m viet\u0101m \u0123imen\u0113m, vair\u0101k priv\u0101tuma un greznuma, lai kvalitat\u012bvi pavad\u012btu laiku.\",\"breadcrumb\":{\"@id\":\"https:\/\/hurghadalovers.com\/lv\/tours\/luksusa-elite-oranzas-juras-izcelojums-no-hurgadas\/#breadcrumb\"},\"inLanguage\":\"lv-LV\",\"potentialAction\":[{\"@type\":\"ReadAction\",\"target\":[\"https:\/\/hurghadalovers.com\/lv\/tours\/luksusa-elite-oranzas-juras-izcelojums-no-hurgadas\/\"]}]},{\"@type\":\"ImageObject\",\"inLanguage\":\"lv-LV\",\"@id\":\"https:\/\/hurghadalovers.com\/lv\/tours\/luksusa-elite-oranzas-juras-izcelojums-no-hurgadas\/#primaryimage\",\"url\":\"https:\/\/hurghadalovers.com\/wp-content\/uploads\/2023\/08\/Luxury-Elite-Orange-Bay-Island-Trip-from-Hurghada.jpeg\",\"contentUrl\":\"https:\/\/hurghadalovers.com\/wp-content\/uploads\/2023\/08\/Luxury-Elite-Orange-Bay-Island-Trip-from-Hurghada.jpeg\",\"width\":1156,\"height\":867,\"caption\":\"Luksusa ce\u013cojums uz Oran\u017e\u0101 l\u012b\u010da salu no Hurgadas\"},{\"@type\":\"BreadcrumbList\",\"@id\":\"https:\/\/hurghadalovers.com\/lv\/tours\/luksusa-elite-oranzas-juras-izcelojums-no-hurgadas\/#breadcrumb\",\"itemListElement\":[{\"@type\":\"ListItem\",\"position\":1,\"name\":\"Home\",\"item\":\"https:\/\/hurghadalovers.com\/lv\/\"},{\"@type\":\"ListItem\",\"position\":2,\"name\":\"Shop\",\"item\":\"https:\/\/hurghadalovers.com\/shop\/\"},{\"@type\":\"ListItem\",\"position\":3,\"name\":\"Luksusa ce\u013cojums uz Oran\u017e\u0101 l\u012b\u010da salu no Hurgadas\"}]},{\"@type\":\"WebSite\",\"@id\":\"https:\/\/hurghadalovers.com\/lv\/#website\",\"url\":\"https:\/\/hurghadalovers.com\/lv\/\",\"name\":\"Hurghada Excursions & Day Trips | Booking Best Prices Tours\",\"description\":\"Hurghada Lovers - Best Tour Operator - Excursions &amp; Things to do for Family Day Trips with kids and Couples Romantic. Unique .Hidden gems\",\"publisher\":{\"@id\":\"https:\/\/hurghadalovers.com\/lv\/#organization\"},\"alternateName\":\"Hurghada Excursions\",\"potentialAction\":[{\"@type\":\"SearchAction\",\"target\":{\"@type\":\"EntryPoint\",\"urlTemplate\":\"https:\/\/hurghadalovers.com\/lv\/?s={search_term_string}\"},\"query-input\":{\"@type\":\"PropertyValueSpecification\",\"valueRequired\":true,\"valueName\":\"search_term_string\"}}],\"inLanguage\":\"lv-LV\"},{\"@type\":[\"Organization\",\"Place\",\"TravelAgency\"],\"@id\":\"https:\/\/hurghadalovers.com\/lv\/#organization\",\"name\":\"Hurghada Excursions\",\"url\":\"https:\/\/hurghadalovers.com\/lv\/\",\"logo\":{\"@id\":\"https:\/\/hurghadalovers.com\/lv\/tours\/luksusa-elite-oranzas-juras-izcelojums-no-hurgadas\/#local-main-organization-logo\"},\"image\":{\"@id\":\"https:\/\/hurghadalovers.com\/lv\/tours\/luksusa-elite-oranzas-juras-izcelojums-no-hurgadas\/#local-main-organization-logo\"},\"sameAs\":[\"https:\/\/www.facebook.com\/Hurghadaloversegypt\"],\"address\":{\"@id\":\"https:\/\/hurghadalovers.com\/lv\/tours\/luksusa-elite-oranzas-juras-izcelojums-no-hurgadas\/#local-main-place-address\"},\"telephone\":[\"00201112596434\"],\"contactPoint\":{\"@type\":\"ContactPoint\",\"telephone\":\"00201112596434\",\"email\":\"weyouface@gmail.com\"},\"openingHoursSpecification\":{\"@type\":\"OpeningHoursSpecification\",\"dayOfWeek\":[\"Monday\",\"Tuesday\",\"Wednesday\",\"Thursday\",\"Friday\",\"Saturday\",\"Sunday\"],\"opens\":\"00:00\",\"closes\":\"23:59\"},\"email\":\"weyouface@gmail.com\",\"areaServed\":\"Luxor, Hurghada, El Gouna, Aswan, Sharm El Sheikh, Giza, Alexandria, Marsa Alam, Quseir, Soma Bay, Sahl Hasheesh, Red Sea, Makadi Bay, Cairo\",\"priceRange\":\"$\",\"currenciesAccepted\":\"euro\",\"paymentAccepted\":\"cash on site\"},{\"@type\":\"PostalAddress\",\"@id\":\"https:\/\/hurghadalovers.com\/lv\/tours\/luksusa-elite-oranzas-juras-izcelojums-no-hurgadas\/#local-main-place-address\",\"streetAddress\":\"17 Banks street, Alkawther area, top nbk bank\",\"addressLocality\":\"hurghada\",\"postalCode\":\"84511\",\"addressRegion\":\"red sea\",\"addressCountry\":\"EG\"},{\"@type\":\"ImageObject\",\"inLanguage\":\"lv-LV\",\"@id\":\"https:\/\/hurghadalovers.com\/lv\/tours\/luksusa-elite-oranzas-juras-izcelojums-no-hurgadas\/#local-main-organization-logo\",\"url\":\"https:\/\/hurghadalovers.com\/wp-content\/uploads\/2019\/10\/hurghada-excursions-logo.png\",\"contentUrl\":\"https:\/\/hurghadalovers.com\/wp-content\/uploads\/2019\/10\/hurghada-excursions-logo.png\",\"width\":272,\"height\":90,\"caption\":\"Hurghada Excursions\"}]}<\/script>\n<meta property=\"product:brand\" content=\"Ekskursijas snorkel\u0113\u0161anas Hurgadas\" \/>\n<meta property=\"product:price:amount\" content=\"40\" \/>\n<meta property=\"product:price:currency\" content=\"EUR\" \/>\n<meta property=\"og:availability\" content=\"instock\" \/>\n<meta property=\"product:availability\" content=\"instock\" \/>\n<meta property=\"product:retailer_item_id\" content=\"Snorkeling022024\" \/>\n<meta property=\"product:condition\" content=\"new\" \/>\n<meta name=\"geo.placename\" content=\"hurghada\" \/>\n<meta name=\"geo.region\" content=\"Egypt\" \/>\n<!-- \/ Yoast SEO Premium plugin. -->","yoast_head_json":{"title":"Luksusa ce\u013cojums uz Oran\u017e\u0101 l\u012b\u010da salu no Hurgadas","description":"Luksusa ce\u013cojums uz Oran\u017e\u0101 l\u012b\u010da salu no Hurgadas ar VIP pusdien\u0101m un \u012bpa\u0161\u0101m viet\u0101m \u0123imen\u0113m, vair\u0101k priv\u0101tuma un greznuma, lai kvalitat\u012bvi pavad\u012btu laiku.","robots":{"index":"index","follow":"follow","max-snippet":"max-snippet:-1","max-image-preview":"max-image-preview:large","max-video-preview":"max-video-preview:-1"},"canonical":"https:\/\/hurghadalovers.com\/lv\/tours\/luksusa-elite-oranzas-juras-izcelojums-no-hurgadas\/","og_locale":"lv_LV","og_type":"article","og_title":"Luksusa ce\u013cojums uz Oran\u017e\u0101 l\u012b\u010da salu no Hurgadas","og_description":"Luksusa ce\u013cojums uz Oran\u017e\u0101 l\u012b\u010da salu no Hurgadas ar VIP pusdien\u0101m un \u012bpa\u0161\u0101m viet\u0101m \u0123imen\u0113m, vair\u0101k priv\u0101tuma un greznuma, lai kvalitat\u012bvi pavad\u012btu laiku.","og_url":"https:\/\/hurghadalovers.com\/lv\/tours\/luksusa-elite-oranzas-juras-izcelojums-no-hurgadas\/","og_site_name":"Hurghada Excursions &amp; Day Trips | Booking Best Prices Tours","article_publisher":"https:\/\/www.facebook.com\/Hurghadaloversegypt","article_modified_time":"2026-02-08T04:56:18+00:00","og_image":[{"width":1156,"height":867,"url":"https:\/\/hurghadalovers.com\/wp-content\/uploads\/2023\/08\/Luxury-Elite-Orange-Bay-Island-Trip-from-Hurghada.jpeg","type":"image\/jpeg"}],"twitter_card":"summary_large_image","twitter_misc":{"Price":"&euro;&nbsp;40","Availability":"In stock"},"schema":{"@context":"https:\/\/schema.org","@graph":[{"@type":["WebPage","ItemPage"],"@id":"https:\/\/hurghadalovers.com\/lv\/tours\/luksusa-elite-oranzas-juras-izcelojums-no-hurgadas\/","url":"https:\/\/hurghadalovers.com\/lv\/tours\/luksusa-elite-oranzas-juras-izcelojums-no-hurgadas\/","name":"Luksusa ce\u013cojums uz Oran\u017e\u0101 l\u012b\u010da salu no Hurgadas","isPartOf":{"@id":"https:\/\/hurghadalovers.com\/lv\/#website"},"primaryImageOfPage":{"@id":"https:\/\/hurghadalovers.com\/lv\/tours\/luksusa-elite-oranzas-juras-izcelojums-no-hurgadas\/#primaryimage"},"image":{"@id":"https:\/\/hurghadalovers.com\/lv\/tours\/luksusa-elite-oranzas-juras-izcelojums-no-hurgadas\/#primaryimage"},"thumbnailUrl":"https:\/\/hurghadalovers.com\/wp-content\/uploads\/2023\/08\/Luxury-Elite-Orange-Bay-Island-Trip-from-Hurghada.jpeg","datePublished":"2023-08-15T11:40:17+00:00","dateModified":"2026-02-08T04:56:18+00:00","description":"Luksusa ce\u013cojums uz Oran\u017e\u0101 l\u012b\u010da salu no Hurgadas ar VIP pusdien\u0101m un \u012bpa\u0161\u0101m viet\u0101m \u0123imen\u0113m, vair\u0101k priv\u0101tuma un greznuma, lai kvalitat\u012bvi pavad\u012btu laiku.","breadcrumb":{"@id":"https:\/\/hurghadalovers.com\/lv\/tours\/luksusa-elite-oranzas-juras-izcelojums-no-hurgadas\/#breadcrumb"},"inLanguage":"lv-LV","potentialAction":[{"@type":"ReadAction","target":["https:\/\/hurghadalovers.com\/lv\/tours\/luksusa-elite-oranzas-juras-izcelojums-no-hurgadas\/"]}]},{"@type":"ImageObject","inLanguage":"lv-LV","@id":"https:\/\/hurghadalovers.com\/lv\/tours\/luksusa-elite-oranzas-juras-izcelojums-no-hurgadas\/#primaryimage","url":"https:\/\/hurghadalovers.com\/wp-content\/uploads\/2023\/08\/Luxury-Elite-Orange-Bay-Island-Trip-from-Hurghada.jpeg","contentUrl":"https:\/\/hurghadalovers.com\/wp-content\/uploads\/2023\/08\/Luxury-Elite-Orange-Bay-Island-Trip-from-Hurghada.jpeg","width":1156,"height":867,"caption":"Luksusa ce\u013cojums uz Oran\u017e\u0101 l\u012b\u010da salu no Hurgadas"},{"@type":"BreadcrumbList","@id":"https:\/\/hurghadalovers.com\/lv\/tours\/luksusa-elite-oranzas-juras-izcelojums-no-hurgadas\/#breadcrumb","itemListElement":[{"@type":"ListItem","position":1,"name":"Home","item":"https:\/\/hurghadalovers.com\/lv\/"},{"@type":"ListItem","position":2,"name":"Shop","item":"https:\/\/hurghadalovers.com\/shop\/"},{"@type":"ListItem","position":3,"name":"Luksusa ce\u013cojums uz Oran\u017e\u0101 l\u012b\u010da salu no Hurgadas"}]},{"@type":"WebSite","@id":"https:\/\/hurghadalovers.com\/lv\/#website","url":"https:\/\/hurghadalovers.com\/lv\/","name":"Hurghada Excursions & Day Trips | Booking Best Prices Tours","description":"Hurghada Lovers - Best Tour Operator - Excursions &amp; Things to do for Family Day Trips with kids and Couples Romantic. Unique .Hidden gems","publisher":{"@id":"https:\/\/hurghadalovers.com\/lv\/#organization"},"alternateName":"Hurghada Excursions","potentialAction":[{"@type":"SearchAction","target":{"@type":"EntryPoint","urlTemplate":"https:\/\/hurghadalovers.com\/lv\/?s={search_term_string}"},"query-input":{"@type":"PropertyValueSpecification","valueRequired":true,"valueName":"search_term_string"}}],"inLanguage":"lv-LV"},{"@type":["Organization","Place","TravelAgency"],"@id":"https:\/\/hurghadalovers.com\/lv\/#organization","name":"Hurghada Excursions","url":"https:\/\/hurghadalovers.com\/lv\/","logo":{"@id":"https:\/\/hurghadalovers.com\/lv\/tours\/luksusa-elite-oranzas-juras-izcelojums-no-hurgadas\/#local-main-organization-logo"},"image":{"@id":"https:\/\/hurghadalovers.com\/lv\/tours\/luksusa-elite-oranzas-juras-izcelojums-no-hurgadas\/#local-main-organization-logo"},"sameAs":["https:\/\/www.facebook.com\/Hurghadaloversegypt"],"address":{"@id":"https:\/\/hurghadalovers.com\/lv\/tours\/luksusa-elite-oranzas-juras-izcelojums-no-hurgadas\/#local-main-place-address"},"telephone":["00201112596434"],"contactPoint":{"@type":"ContactPoint","telephone":"00201112596434","email":"weyouface@gmail.com"},"openingHoursSpecification":{"@type":"OpeningHoursSpecification","dayOfWeek":["Monday","Tuesday","Wednesday","Thursday","Friday","Saturday","Sunday"],"opens":"00:00","closes":"23:59"},"email":"weyouface@gmail.com","areaServed":"Luxor, Hurghada, El Gouna, Aswan, Sharm El Sheikh, Giza, Alexandria, Marsa Alam, Quseir, Soma Bay, Sahl Hasheesh, Red Sea, Makadi Bay, Cairo","priceRange":"$","currenciesAccepted":"euro","paymentAccepted":"cash on site"},{"@type":"PostalAddress","@id":"https:\/\/hurghadalovers.com\/lv\/tours\/luksusa-elite-oranzas-juras-izcelojums-no-hurgadas\/#local-main-place-address","streetAddress":"17 Banks street, Alkawther area, top nbk bank","addressLocality":"hurghada","postalCode":"84511","addressRegion":"red sea","addressCountry":"EG"},{"@type":"ImageObject","inLanguage":"lv-LV","@id":"https:\/\/hurghadalovers.com\/lv\/tours\/luksusa-elite-oranzas-juras-izcelojums-no-hurgadas\/#local-main-organization-logo","url":"https:\/\/hurghadalovers.com\/wp-content\/uploads\/2019\/10\/hurghada-excursions-logo.png","contentUrl":"https:\/\/hurghadalovers.com\/wp-content\/uploads\/2019\/10\/hurghada-excursions-logo.png","width":272,"height":90,"caption":"Hurghada Excursions"}]},"product_brand":"Ekskursijas snorkel\u0113\u0161anas Hurgadas","product_price_amount":"40","product_price_currency":"EUR","og_availability":"instock","product_availability":"instock","product_retailer_item_id":"Snorkeling022024","product_condition":"new","geo.placename":"hurghada","geo.region":"Egypt"},"_links":{"self":[{"href":"https:\/\/hurghadalovers.com\/lv\/wp-json\/wp\/v2\/product\/380468","targetHints":{"allow":["GET"]}}],"collection":[{"href":"https:\/\/hurghadalovers.com\/lv\/wp-json\/wp\/v2\/product"}],"about":[{"href":"https:\/\/hurghadalovers.com\/lv\/wp-json\/wp\/v2\/types\/product"}],"wp:featuredmedia":[{"embeddable":true,"href":"https:\/\/hurghadalovers.com\/lv\/wp-json\/wp\/v2\/media\/380426"}],"wp:attachment":[{"href":"https:\/\/hurghadalovers.com\/lv\/wp-json\/wp\/v2\/media?parent=380468"}],"wp:term":[{"taxonomy":"product_brand","embeddable":true,"href":"https:\/\/hurghadalovers.com\/lv\/wp-json\/wp\/v2\/product_brand?post=380468"},{"taxonomy":"product_cat","embeddable":true,"href":"https:\/\/hurghadalovers.com\/lv\/wp-json\/wp\/v2\/product_cat?post=380468"},{"taxonomy":"product_tag","embeddable":true,"href":"https:\/\/hurghadalovers.com\/lv\/wp-json\/wp\/v2\/product_tag?post=380468"}],"curies":[{"name":"wp","href":"https:\/\/api.w.org\/{rel}","templated":true}]}}