{"id":380346,"date":"2023-08-14T12:00:52","date_gmt":"2023-08-14T12:23:10","guid":{"rendered":"https:\/\/hurghadalovers.com\/shop\/uncategorized\/privats-super-dzipu-safari-brauciens-no-hurgadas\/"},"modified":"2026-02-10T03:48:50","modified_gmt":"2026-02-10T03:48:50","slug":"privats-super-dzepa-safari-celojums-no-hurghadas","status":"publish","type":"product","link":"https:\/\/hurghadalovers.com\/lv\/tours\/privats-super-dzepa-safari-celojums-no-hurghadas\/","title":{"rendered":"Priv\u0101ts super d\u017eipu safari brauciens no Hurgadas"},"content":{"rendered":"<p><strong>Priv\u0101ts Super Jeep Safari brauciens no Hurgadas<\/strong> ar ATV Quad Bike, Spider Car un 4\u00d74 Car uz bedu\u012bnu ciematu ar izbraucienu ar kamie\u013ciem, tad BBQ vakari\u0146as + tradicion\u0101lais \u0161ovs.<\/p>\n<p style=\"text-align: center;\"><span style=\"color: #ff9900;\">Lab\u0101k\u0101s lietas, ko dar\u012bt Hurgad\u0101 par <span style=\"color: #33cccc;\"><br \/>\n  <strong>\u0122imen\u0113m ar b\u0113rniem<\/strong><br \/>\n<\/span>, <strong>Seniors<\/strong> &amp; <span style=\"color: #993366;\"><br \/>\n  <strong>Romantiskai<\/strong><br \/>\n<\/span> un <span style=\"color: #993366;\"><br \/>\n  <strong>P\u0101riem medusm\u0113nesis<\/strong><br \/>\n<\/span><\/span><\/p>\n<p>&nbsp;<\/p>\n<p><strong>Svar\u012bg\u0101kie notikumi:<\/strong><\/p>\n<ol>\n<li>4\u00d74 d\u017eipa automobilis.<\/li>\n<li>Izbrauciens ar kvadraciklu.<\/li>\n<li>Spaidera automa\u0161\u012bna.<\/li>\n<li>Izj\u0101des ar kamie\u013ciem.<\/li>\n<li>Bedu\u012bnu ciemats.<\/li>\n<li>BBQ vakari\u0146as.<\/li>\n<li>Austrumu izst\u0101de.<\/li>\n<\/ol>\n<p><strong>S\u012bk\u0101ka inform\u0101cija:<\/strong><\/p>\n<ul>\n<li>Ekskursiju pieejam\u012bba: Katru dienu.<\/li>\n<li>Ekskursijas veids: Priv\u0101ts.<\/li>\n<li>Pa\u0146em\u0161anas laiks: s\u0101kot no 11:45..<\/li>\n<li>Izbrauk\u0161anas laiks: 19:00.<\/li>\n<li>Ilgums: Ilgums: 7 h.<\/li>\n<\/ul>\n<p><strong>Rezerv\u0113jiet tagad un maks\u0101jiet v\u0113l\u0101k:<\/strong><\/p>\n<ul>\n<li>Skaidra nauda uz vietas gidam.<\/li>\n<li>Maks\u0101jums ar \u0112\u0123iptes m\u0101rci\u0146as, $, \u20ac vai \u00a3.<\/li>\n<\/ul>\n<p><strong>Atcel\u0161anas noteikumi:<\/strong><\/p>\n<ul>\n<li>j\u016bs Atcelt l\u012bdz 24 stund\u0101m iepriek\u0161.<\/li>\n<li>Ja k\u0101ds no j\u016bsu \u0123imenes atce\u013c r\u012btu, maks\u0101jiet 50% no izmaks\u0101m.<\/li>\n<\/ul>\n<p><strong>Kas ir iek\u013cauts?<\/strong><\/p>\n<ul>\n<li>Transf\u0113rs no Hurgadas viesn\u012bc\u0101m &#8220;Hotel pick up and drop off&#8221;.<\/li>\n<li>Visi nodok\u013ci, ieejas maksa un maksa par pakalpojumiem.<\/li>\n<li>P\u0101rskait\u012bjumi.<\/li>\n<li>Ekskursijas gids.<\/li>\n<li>\u0136ivere.<\/li>\n<\/ul>\n<p><strong>Iz\u0146\u0113mumi?<\/strong><\/p>\n<ul>\n<li>\u0160alle<\/li>\n<li>Aizsargbrilles<\/li>\n<li>Dzeramnauda.<\/li>\n<li>Ce\u013cojuma fotograf\u0113\u0161ana.<\/li>\n<li>Papildu apr\u012bkojums, kas nav min\u0113ts.<\/li>\n<\/ul>\n<p><strong>Priv\u0101ts Super Jeep Safari Ce\u013cojums no Hurgadas Cenas:<\/strong><\/p>\n<ul>\n<li><strong>Pieaugu\u0161o cena = <\/strong><strong>45$<\/strong><strong> par personu<\/strong>.<\/li>\n<li>Cena b\u0113rniem &#8220;5-12\u2033 = 50%.<\/li>\n<li>b\u0113rniem &#8220;0-5\u2033 = bezmaksas.<\/li>\n<\/ul>\n<p><strong>Atsauksmes:<\/strong><\/p>\n<p>p\u0101rbaudiet m\u016bsu Google Map Atsauksmes k\u0101 Best <a href=\"https:\/\/g.page\/r\/CUeYvkngP3wkEBM\/review\">Tour Operator in Hurghada<\/a> tie\u0161saist\u0113 <a href=\"https:\/\/hurghadalovers.com\/\">Hurghada<\/a> \u0112\u0123ipt\u0113.<\/p>\n<p>&nbsp;<\/p>\n<p><strong>Piez\u012bme:  <\/strong><\/p>\n<p>M\u0113s pied\u0101v\u0101jam ar\u012b ekskursiju ar transf\u0113ru no viesn\u012bcas El Goua, Soma l\u012bc\u012b, Makadi l\u012bc\u012b, Sahl Hasheesh, Safaga ar papildus samaksu = 10$ no personas.<\/p>\n<p>&nbsp;<\/p>\n<p><strong>Rezerv\u0101cija:<\/strong><\/p>\n<p>Nos\u016btiet viesn\u012bcu + numura numuru + foto pases uz WhatsApp: <strong>+201112596434<\/strong><\/p>\n<p>Ja j\u016bs no \u0112\u0123ipte Rezerv\u0113t tagad tie\u0161saist\u0113 un apstiprin\u0101t, kad iera\u0161an\u0101s Hotel.<\/p>\n","protected":false},"excerpt":{"rendered":"<p><strong>Priv\u0101ts Super Jeep Safari brauciens no Hurgadas<\/strong> ar ATV Quad Bike, Spider Car un 4\u00d74 Car uz bedu\u012bnu ciematu ar izbraucienu ar kamie\u013ciem, tad BBQ vakari\u0146as + tradicion\u0101lais \u0161ovs.<\/p>\n","protected":false},"featured_media":489023,"template":"","meta":{"_joinchat":[]},"product_brand":[],"product_cat":[36667],"product_tag":[],"class_list":{"0":"post-380346","1":"product","2":"type-product","3":"status-publish","4":"has-post-thumbnail","6":"product_cat-ekskursijas","7":"tour_category-ekskursija-ar-kvadracikliem-no-hurgadas","8":"tour_category-ekskursijas-uz-hurgadu","10":"first","11":"instock","12":"sale","13":"shipping-taxable","14":"purchasable","15":"product-type-tour"},"yoast_head":"<!-- This site is optimized with the Yoast SEO Premium plugin v26.9 (Yoast SEO v27.2) - https:\/\/yoast.com\/product\/yoast-seo-premium-wordpress\/ -->\n<title>Priv\u0101ts super d\u017eipu safari brauciens no Hurgadas ar kvadraciklu<\/title>\n<meta name=\"description\" content=\"Priv\u0101ts Super Jeep Safari brauciens no Hurgadas ar ATV velosip\u0113du, zirnek\u013cma\u0161\u012bnu un 4\u00d74 automa\u0161\u012bnu uz bedu\u012bnu ciematu ar izbraucienu ar kamie\u013ciem, tad BBQ vakari\u0146as + tradicion\u0101lais \u0161ovs.\" \/>\n<meta name=\"robots\" content=\"index, follow, max-snippet:-1, max-image-preview:large, max-video-preview:-1\" \/>\n<link rel=\"canonical\" href=\"https:\/\/hurghadalovers.com\/lv\/tours\/privats-super-dzepa-safari-celojums-no-hurghadas\/\" \/>\n<meta property=\"og:locale\" content=\"lv_LV\" \/>\n<meta property=\"og:type\" content=\"article\" \/>\n<meta property=\"og:title\" content=\"Priv\u0101ts super d\u017eipu safari brauciens no Hurgadas\" \/>\n<meta property=\"og:description\" content=\"Priv\u0101ts Super Jeep Safari brauciens no Hurgadas ar ATV velosip\u0113du, zirnek\u013cma\u0161\u012bnu un 4\u00d74 automa\u0161\u012bnu uz bedu\u012bnu ciematu ar izbraucienu ar kamie\u013ciem, tad BBQ vakari\u0146as + tradicion\u0101lais \u0161ovs.\" \/>\n<meta property=\"og:url\" content=\"https:\/\/hurghadalovers.com\/lv\/tours\/privats-super-dzepa-safari-celojums-no-hurghadas\/\" \/>\n<meta property=\"og:site_name\" content=\"Hurghada Excursions &amp; Day Trips | Booking Best Prices Tours\" \/>\n<meta property=\"article:publisher\" content=\"https:\/\/www.facebook.com\/Hurghadaloversegypt\" \/>\n<meta property=\"article:modified_time\" content=\"2026-02-10T03:48:50+00:00\" \/>\n<meta property=\"og:image\" content=\"https:\/\/hurghadalovers.com\/wp-content\/uploads\/2023\/08\/Private-Jeep-Safari-Hurghada-Tour-to-Sahara-Bedouin-Village-All-inclusive-2025.jpg\" \/>\n\t<meta property=\"og:image:width\" content=\"1156\" \/>\n\t<meta property=\"og:image:height\" content=\"521\" \/>\n\t<meta property=\"og:image:type\" content=\"image\/jpeg\" \/>\n<meta name=\"twitter:card\" content=\"summary_large_image\" \/>\n<meta name=\"twitter:label1\" content=\"Price\" \/>\n\t<meta name=\"twitter:data1\" content=\"&euro;&nbsp;135\" \/>\n\t<meta name=\"twitter:label2\" content=\"Availability\" \/>\n\t<meta name=\"twitter:data2\" content=\"In stock\" \/>\n<script type=\"application\/ld+json\" class=\"yoast-schema-graph\">{\"@context\":\"https:\/\/schema.org\",\"@graph\":[{\"@type\":[\"WebPage\",\"ItemPage\"],\"@id\":\"https:\/\/hurghadalovers.com\/lv\/tours\/privats-super-dzepa-safari-celojums-no-hurghadas\/\",\"url\":\"https:\/\/hurghadalovers.com\/lv\/tours\/privats-super-dzepa-safari-celojums-no-hurghadas\/\",\"name\":\"Priv\u0101ts super d\u017eipu safari brauciens no Hurgadas ar kvadraciklu\",\"isPartOf\":{\"@id\":\"https:\/\/hurghadalovers.com\/lv\/#website\"},\"primaryImageOfPage\":{\"@id\":\"https:\/\/hurghadalovers.com\/lv\/tours\/privats-super-dzepa-safari-celojums-no-hurghadas\/#primaryimage\"},\"image\":{\"@id\":\"https:\/\/hurghadalovers.com\/lv\/tours\/privats-super-dzepa-safari-celojums-no-hurghadas\/#primaryimage\"},\"thumbnailUrl\":\"https:\/\/hurghadalovers.com\/wp-content\/uploads\/2023\/08\/Private-Jeep-Safari-Hurghada-Tour-to-Sahara-Bedouin-Village-All-inclusive-2025.jpg\",\"datePublished\":\"2023-08-14T12:23:10+00:00\",\"dateModified\":\"2026-02-10T03:48:50+00:00\",\"description\":\"Priv\u0101ts Super Jeep Safari brauciens no Hurgadas ar ATV velosip\u0113du, zirnek\u013cma\u0161\u012bnu un 4\u00d74 automa\u0161\u012bnu uz bedu\u012bnu ciematu ar izbraucienu ar kamie\u013ciem, tad BBQ vakari\u0146as + tradicion\u0101lais \u0161ovs.\",\"breadcrumb\":{\"@id\":\"https:\/\/hurghadalovers.com\/lv\/tours\/privats-super-dzepa-safari-celojums-no-hurghadas\/#breadcrumb\"},\"inLanguage\":\"lv-LV\",\"potentialAction\":[{\"@type\":\"ReadAction\",\"target\":[\"https:\/\/hurghadalovers.com\/lv\/tours\/privats-super-dzepa-safari-celojums-no-hurghadas\/\"]}]},{\"@type\":\"ImageObject\",\"inLanguage\":\"lv-LV\",\"@id\":\"https:\/\/hurghadalovers.com\/lv\/tours\/privats-super-dzepa-safari-celojums-no-hurghadas\/#primaryimage\",\"url\":\"https:\/\/hurghadalovers.com\/wp-content\/uploads\/2023\/08\/Private-Jeep-Safari-Hurghada-Tour-to-Sahara-Bedouin-Village-All-inclusive-2025.jpg\",\"contentUrl\":\"https:\/\/hurghadalovers.com\/wp-content\/uploads\/2023\/08\/Private-Jeep-Safari-Hurghada-Tour-to-Sahara-Bedouin-Village-All-inclusive-2025.jpg\",\"width\":1156,\"height\":521,\"caption\":\"Private-Jeep-Safari-Hurghada-Tour-to-Sahara-Bedouin-Village-All-inclusive-2025\"},{\"@type\":\"BreadcrumbList\",\"@id\":\"https:\/\/hurghadalovers.com\/lv\/tours\/privats-super-dzepa-safari-celojums-no-hurghadas\/#breadcrumb\",\"itemListElement\":[{\"@type\":\"ListItem\",\"position\":1,\"name\":\"Home\",\"item\":\"https:\/\/hurghadalovers.com\/lv\/\"},{\"@type\":\"ListItem\",\"position\":2,\"name\":\"Shop\",\"item\":\"https:\/\/hurghadalovers.com\/shop\/\"},{\"@type\":\"ListItem\",\"position\":3,\"name\":\"Priv\u0101ts super d\u017eipu safari brauciens no Hurgadas\"}]},{\"@type\":\"WebSite\",\"@id\":\"https:\/\/hurghadalovers.com\/lv\/#website\",\"url\":\"https:\/\/hurghadalovers.com\/lv\/\",\"name\":\"Hurghada Excursions & Day Trips | Booking Best Prices Tours\",\"description\":\"Hurghada Lovers - Best Tour Operator - Excursions &amp; Things to do for Family Day Trips with kids and Couples Romantic. Unique .Hidden gems\",\"publisher\":{\"@id\":\"https:\/\/hurghadalovers.com\/lv\/#organization\"},\"alternateName\":\"Hurghada Excursions\",\"potentialAction\":[{\"@type\":\"SearchAction\",\"target\":{\"@type\":\"EntryPoint\",\"urlTemplate\":\"https:\/\/hurghadalovers.com\/lv\/?s={search_term_string}\"},\"query-input\":{\"@type\":\"PropertyValueSpecification\",\"valueRequired\":true,\"valueName\":\"search_term_string\"}}],\"inLanguage\":\"lv-LV\"},{\"@type\":[\"Organization\",\"Place\",\"TravelAgency\"],\"@id\":\"https:\/\/hurghadalovers.com\/lv\/#organization\",\"name\":\"Hurghada Excursions\",\"url\":\"https:\/\/hurghadalovers.com\/lv\/\",\"logo\":{\"@id\":\"https:\/\/hurghadalovers.com\/lv\/tours\/privats-super-dzepa-safari-celojums-no-hurghadas\/#local-main-organization-logo\"},\"image\":{\"@id\":\"https:\/\/hurghadalovers.com\/lv\/tours\/privats-super-dzepa-safari-celojums-no-hurghadas\/#local-main-organization-logo\"},\"sameAs\":[\"https:\/\/www.facebook.com\/Hurghadaloversegypt\"],\"address\":{\"@id\":\"https:\/\/hurghadalovers.com\/lv\/tours\/privats-super-dzepa-safari-celojums-no-hurghadas\/#local-main-place-address\"},\"telephone\":[\"00201112596434\"],\"contactPoint\":{\"@type\":\"ContactPoint\",\"telephone\":\"00201112596434\",\"email\":\"weyouface@gmail.com\"},\"openingHoursSpecification\":{\"@type\":\"OpeningHoursSpecification\",\"dayOfWeek\":[\"Monday\",\"Tuesday\",\"Wednesday\",\"Thursday\",\"Friday\",\"Saturday\",\"Sunday\"],\"opens\":\"00:00\",\"closes\":\"23:59\"},\"email\":\"weyouface@gmail.com\",\"areaServed\":\"Luxor, Hurghada, El Gouna, Aswan, Sharm El Sheikh, Giza, Alexandria, Marsa Alam, Quseir, Soma Bay, Sahl Hasheesh, Red Sea, Makadi Bay, Cairo\",\"priceRange\":\"$\",\"currenciesAccepted\":\"euro\",\"paymentAccepted\":\"cash on site\"},{\"@type\":\"PostalAddress\",\"@id\":\"https:\/\/hurghadalovers.com\/lv\/tours\/privats-super-dzepa-safari-celojums-no-hurghadas\/#local-main-place-address\",\"streetAddress\":\"17 Banks street, Alkawther area, top nbk bank\",\"addressLocality\":\"hurghada\",\"postalCode\":\"84511\",\"addressRegion\":\"red sea\",\"addressCountry\":\"EG\"},{\"@type\":\"ImageObject\",\"inLanguage\":\"lv-LV\",\"@id\":\"https:\/\/hurghadalovers.com\/lv\/tours\/privats-super-dzepa-safari-celojums-no-hurghadas\/#local-main-organization-logo\",\"url\":\"https:\/\/hurghadalovers.com\/wp-content\/uploads\/2019\/10\/hurghada-excursions-logo.png\",\"contentUrl\":\"https:\/\/hurghadalovers.com\/wp-content\/uploads\/2019\/10\/hurghada-excursions-logo.png\",\"width\":272,\"height\":90,\"caption\":\"Hurghada Excursions\"}]}<\/script>\n<meta property=\"product:brand\" content=\"Ekskursijas kvadracikliem Hurgadas\" \/>\n<meta property=\"product:price:amount\" content=\"135\" \/>\n<meta property=\"product:price:currency\" content=\"EUR\" \/>\n<meta property=\"og:availability\" content=\"instock\" \/>\n<meta property=\"product:availability\" content=\"instock\" \/>\n<meta property=\"product:retailer_item_id\" content=\"Safari072024\" \/>\n<meta property=\"product:condition\" content=\"new\" \/>\n<meta name=\"geo.placename\" content=\"hurghada\" \/>\n<meta name=\"geo.region\" content=\"Egypt\" \/>\n<!-- \/ Yoast SEO Premium plugin. -->","yoast_head_json":{"title":"Priv\u0101ts super d\u017eipu safari brauciens no Hurgadas ar kvadraciklu","description":"Priv\u0101ts Super Jeep Safari brauciens no Hurgadas ar ATV velosip\u0113du, zirnek\u013cma\u0161\u012bnu un 4\u00d74 automa\u0161\u012bnu uz bedu\u012bnu ciematu ar izbraucienu ar kamie\u013ciem, tad BBQ vakari\u0146as + tradicion\u0101lais \u0161ovs.","robots":{"index":"index","follow":"follow","max-snippet":"max-snippet:-1","max-image-preview":"max-image-preview:large","max-video-preview":"max-video-preview:-1"},"canonical":"https:\/\/hurghadalovers.com\/lv\/tours\/privats-super-dzepa-safari-celojums-no-hurghadas\/","og_locale":"lv_LV","og_type":"article","og_title":"Priv\u0101ts super d\u017eipu safari brauciens no Hurgadas","og_description":"Priv\u0101ts Super Jeep Safari brauciens no Hurgadas ar ATV velosip\u0113du, zirnek\u013cma\u0161\u012bnu un 4\u00d74 automa\u0161\u012bnu uz bedu\u012bnu ciematu ar izbraucienu ar kamie\u013ciem, tad BBQ vakari\u0146as + tradicion\u0101lais \u0161ovs.","og_url":"https:\/\/hurghadalovers.com\/lv\/tours\/privats-super-dzepa-safari-celojums-no-hurghadas\/","og_site_name":"Hurghada Excursions &amp; Day Trips | Booking Best Prices Tours","article_publisher":"https:\/\/www.facebook.com\/Hurghadaloversegypt","article_modified_time":"2026-02-10T03:48:50+00:00","og_image":[{"width":1156,"height":521,"url":"https:\/\/hurghadalovers.com\/wp-content\/uploads\/2023\/08\/Private-Jeep-Safari-Hurghada-Tour-to-Sahara-Bedouin-Village-All-inclusive-2025.jpg","type":"image\/jpeg"}],"twitter_card":"summary_large_image","twitter_misc":{"Price":"&euro;&nbsp;135","Availability":"In stock"},"schema":{"@context":"https:\/\/schema.org","@graph":[{"@type":["WebPage","ItemPage"],"@id":"https:\/\/hurghadalovers.com\/lv\/tours\/privats-super-dzepa-safari-celojums-no-hurghadas\/","url":"https:\/\/hurghadalovers.com\/lv\/tours\/privats-super-dzepa-safari-celojums-no-hurghadas\/","name":"Priv\u0101ts super d\u017eipu safari brauciens no Hurgadas ar kvadraciklu","isPartOf":{"@id":"https:\/\/hurghadalovers.com\/lv\/#website"},"primaryImageOfPage":{"@id":"https:\/\/hurghadalovers.com\/lv\/tours\/privats-super-dzepa-safari-celojums-no-hurghadas\/#primaryimage"},"image":{"@id":"https:\/\/hurghadalovers.com\/lv\/tours\/privats-super-dzepa-safari-celojums-no-hurghadas\/#primaryimage"},"thumbnailUrl":"https:\/\/hurghadalovers.com\/wp-content\/uploads\/2023\/08\/Private-Jeep-Safari-Hurghada-Tour-to-Sahara-Bedouin-Village-All-inclusive-2025.jpg","datePublished":"2023-08-14T12:23:10+00:00","dateModified":"2026-02-10T03:48:50+00:00","description":"Priv\u0101ts Super Jeep Safari brauciens no Hurgadas ar ATV velosip\u0113du, zirnek\u013cma\u0161\u012bnu un 4\u00d74 automa\u0161\u012bnu uz bedu\u012bnu ciematu ar izbraucienu ar kamie\u013ciem, tad BBQ vakari\u0146as + tradicion\u0101lais \u0161ovs.","breadcrumb":{"@id":"https:\/\/hurghadalovers.com\/lv\/tours\/privats-super-dzepa-safari-celojums-no-hurghadas\/#breadcrumb"},"inLanguage":"lv-LV","potentialAction":[{"@type":"ReadAction","target":["https:\/\/hurghadalovers.com\/lv\/tours\/privats-super-dzepa-safari-celojums-no-hurghadas\/"]}]},{"@type":"ImageObject","inLanguage":"lv-LV","@id":"https:\/\/hurghadalovers.com\/lv\/tours\/privats-super-dzepa-safari-celojums-no-hurghadas\/#primaryimage","url":"https:\/\/hurghadalovers.com\/wp-content\/uploads\/2023\/08\/Private-Jeep-Safari-Hurghada-Tour-to-Sahara-Bedouin-Village-All-inclusive-2025.jpg","contentUrl":"https:\/\/hurghadalovers.com\/wp-content\/uploads\/2023\/08\/Private-Jeep-Safari-Hurghada-Tour-to-Sahara-Bedouin-Village-All-inclusive-2025.jpg","width":1156,"height":521,"caption":"Private-Jeep-Safari-Hurghada-Tour-to-Sahara-Bedouin-Village-All-inclusive-2025"},{"@type":"BreadcrumbList","@id":"https:\/\/hurghadalovers.com\/lv\/tours\/privats-super-dzepa-safari-celojums-no-hurghadas\/#breadcrumb","itemListElement":[{"@type":"ListItem","position":1,"name":"Home","item":"https:\/\/hurghadalovers.com\/lv\/"},{"@type":"ListItem","position":2,"name":"Shop","item":"https:\/\/hurghadalovers.com\/shop\/"},{"@type":"ListItem","position":3,"name":"Priv\u0101ts super d\u017eipu safari brauciens no Hurgadas"}]},{"@type":"WebSite","@id":"https:\/\/hurghadalovers.com\/lv\/#website","url":"https:\/\/hurghadalovers.com\/lv\/","name":"Hurghada Excursions & Day Trips | Booking Best Prices Tours","description":"Hurghada Lovers - Best Tour Operator - Excursions &amp; Things to do for Family Day Trips with kids and Couples Romantic. Unique .Hidden gems","publisher":{"@id":"https:\/\/hurghadalovers.com\/lv\/#organization"},"alternateName":"Hurghada Excursions","potentialAction":[{"@type":"SearchAction","target":{"@type":"EntryPoint","urlTemplate":"https:\/\/hurghadalovers.com\/lv\/?s={search_term_string}"},"query-input":{"@type":"PropertyValueSpecification","valueRequired":true,"valueName":"search_term_string"}}],"inLanguage":"lv-LV"},{"@type":["Organization","Place","TravelAgency"],"@id":"https:\/\/hurghadalovers.com\/lv\/#organization","name":"Hurghada Excursions","url":"https:\/\/hurghadalovers.com\/lv\/","logo":{"@id":"https:\/\/hurghadalovers.com\/lv\/tours\/privats-super-dzepa-safari-celojums-no-hurghadas\/#local-main-organization-logo"},"image":{"@id":"https:\/\/hurghadalovers.com\/lv\/tours\/privats-super-dzepa-safari-celojums-no-hurghadas\/#local-main-organization-logo"},"sameAs":["https:\/\/www.facebook.com\/Hurghadaloversegypt"],"address":{"@id":"https:\/\/hurghadalovers.com\/lv\/tours\/privats-super-dzepa-safari-celojums-no-hurghadas\/#local-main-place-address"},"telephone":["00201112596434"],"contactPoint":{"@type":"ContactPoint","telephone":"00201112596434","email":"weyouface@gmail.com"},"openingHoursSpecification":{"@type":"OpeningHoursSpecification","dayOfWeek":["Monday","Tuesday","Wednesday","Thursday","Friday","Saturday","Sunday"],"opens":"00:00","closes":"23:59"},"email":"weyouface@gmail.com","areaServed":"Luxor, Hurghada, El Gouna, Aswan, Sharm El Sheikh, Giza, Alexandria, Marsa Alam, Quseir, Soma Bay, Sahl Hasheesh, Red Sea, Makadi Bay, Cairo","priceRange":"$","currenciesAccepted":"euro","paymentAccepted":"cash on site"},{"@type":"PostalAddress","@id":"https:\/\/hurghadalovers.com\/lv\/tours\/privats-super-dzepa-safari-celojums-no-hurghadas\/#local-main-place-address","streetAddress":"17 Banks street, Alkawther area, top nbk bank","addressLocality":"hurghada","postalCode":"84511","addressRegion":"red sea","addressCountry":"EG"},{"@type":"ImageObject","inLanguage":"lv-LV","@id":"https:\/\/hurghadalovers.com\/lv\/tours\/privats-super-dzepa-safari-celojums-no-hurghadas\/#local-main-organization-logo","url":"https:\/\/hurghadalovers.com\/wp-content\/uploads\/2019\/10\/hurghada-excursions-logo.png","contentUrl":"https:\/\/hurghadalovers.com\/wp-content\/uploads\/2019\/10\/hurghada-excursions-logo.png","width":272,"height":90,"caption":"Hurghada Excursions"}]},"product_brand":"Ekskursijas kvadracikliem Hurgadas","product_price_amount":"135","product_price_currency":"EUR","og_availability":"instock","product_availability":"instock","product_retailer_item_id":"Safari072024","product_condition":"new","geo.placename":"hurghada","geo.region":"Egypt"},"_links":{"self":[{"href":"https:\/\/hurghadalovers.com\/lv\/wp-json\/wp\/v2\/product\/380346","targetHints":{"allow":["GET"]}}],"collection":[{"href":"https:\/\/hurghadalovers.com\/lv\/wp-json\/wp\/v2\/product"}],"about":[{"href":"https:\/\/hurghadalovers.com\/lv\/wp-json\/wp\/v2\/types\/product"}],"wp:featuredmedia":[{"embeddable":true,"href":"https:\/\/hurghadalovers.com\/lv\/wp-json\/wp\/v2\/media\/489023"}],"wp:attachment":[{"href":"https:\/\/hurghadalovers.com\/lv\/wp-json\/wp\/v2\/media?parent=380346"}],"wp:term":[{"taxonomy":"product_brand","embeddable":true,"href":"https:\/\/hurghadalovers.com\/lv\/wp-json\/wp\/v2\/product_brand?post=380346"},{"taxonomy":"product_cat","embeddable":true,"href":"https:\/\/hurghadalovers.com\/lv\/wp-json\/wp\/v2\/product_cat?post=380346"},{"taxonomy":"product_tag","embeddable":true,"href":"https:\/\/hurghadalovers.com\/lv\/wp-json\/wp\/v2\/product_tag?post=380346"}],"curies":[{"name":"wp","href":"https:\/\/api.w.org\/{rel}","templated":true}]}}