{"id":379928,"date":"2023-08-13T11:41:59","date_gmt":"2023-08-13T11:41:59","guid":{"rendered":"https:\/\/hurghadalovers.com\/shop\/uncategorized\/privatas-ekskursijas-uz-luksoru-un-asuanu-2-dienas\/"},"modified":"2026-02-09T17:11:59","modified_gmt":"2026-02-09T17:11:59","slug":"privatas-hurghada-ekskursijas-uz-luksoru","status":"publish","type":"product","link":"https:\/\/hurghadalovers.com\/lv\/tours\/privatas-hurghada-ekskursijas-uz-luksoru\/","title":{"rendered":"Priv\u0101tas ekskursijas uz Luksoru un Asu\u0101nu &#8211; 2 dienas"},"content":{"rendered":"<p><strong>Priv\u0101ta ekskursija uz Luksoru<\/strong> un Asu\u0101nu &#8211; 2 dienas ar priv\u0101tu gidu, bi\u013cet\u0113m un pusdien\u0101m.<\/p>\n<p>&nbsp;<\/p>\n<p>Atkl\u0101jiet faraonu kara\u013cu nosl\u0113pumus, dodoties divu dienu ekskursij\u0101 uz sen\u0101s pils\u0113tas Luksoras un Asu\u0101nas apskates objektiem, k\u0101 ar\u012b uzziniet faktus un v\u0113sturi par \u0112\u0123iptes seno civiliz\u0101ciju, kara\u013ca Tutanhamona, kara\u013ca Ramzesa II un citus nosl\u0113pumus.<\/p>\n<p><strong>Svar\u012bg\u0101kie notikumi:<\/strong><\/p>\n<ul>\n<li>Karnakas templis.<\/li>\n<li>Memnona kolosi.<\/li>\n<li>Hat\u0161epsutas morga\u013cu templis.<\/li>\n<li>3 Kapenes \u0137\u0113ni\u0146u ielej\u0101 .<\/li>\n<li>Filaju templis.<\/li>\n<li>Nepabeigtais obelisks.<\/li>\n<li>Augstais dambis.<\/li>\n<li>Pusdienas restor\u0101n\u0101 &#8220;Ve\u0123et\u0101rie\u0161iem ir pieejams \u0113diens&#8221;.<\/li>\n<\/ul>\n<p><strong>Priv\u0101tas ekskursijas uz Luxor &amp; &amp; &amp; Asu\u0101na deta\u013cas:<\/strong><\/p>\n<ul>\n<li>Ekskursiju pieejam\u012bba: Katru dienu.<\/li>\n<li>Ekskursijas veids: Priv\u0101t\u0101 ar automa\u0161\u012bnu vai mikroautobusu.<\/li>\n<li>Pa\u0146em\u0161anas laiks: s\u0101kot no 05:00 r\u012bt\u0101.<\/li>\n<li>Piepras\u012bjums Viesn\u012bca sa\u0146emt brokastu maisi\u0146u ar brokast\u012bm no r\u012bta.<\/li>\n<li>Izbrauk\u0161anas laiks: 19:00.<\/li>\n<li>Piek\u013cuve ar rati\u0146kr\u0113sliem.<\/li>\n<li>Ilgums: 2 dienas \/ 1 nakts.<\/li>\n<\/ul>\n<p><strong>Rezerv\u0113jiet tagad un maks\u0101jiet v\u0113l\u0101k:<\/strong><\/p>\n<ul>\n<li>Skaidra nauda uz vietas gidam.<\/li>\n<li>Maks\u0101jums ar \u0112\u0123iptes m\u0101rci\u0146as, $, \u20ac vai \u00a3.<\/li>\n<\/ul>\n<p><strong>Atcel\u0161anas noteikumi:<\/strong><\/p>\n<ul>\n<li>j\u016bs Atcelt l\u012bdz 24 stund\u0101m iepriek\u0161.<\/li>\n<li>Ja k\u0101ds no j\u016bsu \u0123imenes atce\u013c r\u012btu, maks\u0101jiet 50% no izmaks\u0101m.<\/li>\n<\/ul>\n<p><strong>Kas ir iek\u013cauts?<\/strong><\/p>\n<ul>\n<li>Transf\u0113rs no Hurgadas viesn\u012bc\u0101m &#8220;Hotel pick up and drop off&#8221;.<\/li>\n<li>Visi nodok\u013ci, ieejas maksa un maksa par pakalpojumiem.<\/li>\n<li>P\u0101rskait\u012bjumi.<\/li>\n<li>Ekskursijas gids.<\/li>\n<li>Viena nakts viesn\u012bc\u0101 ar brokast\u012bm.<\/li>\n<li>Dz\u0113rieni.<\/li>\n<li>2 laiks Pusdienas restor\u0101n\u0101.<\/li>\n<\/ul>\n<p><strong>Iz\u0146\u0113mumi?<\/strong><\/p>\n<ul>\n<li>Dzeramnauda.<\/li>\n<li>Papildu apr\u012bkojums, kas nav min\u0113ts.<\/li>\n<\/ul>\n<p><strong>Priv\u0101t\u0101s Hurgadas ekskursijas uz Luksoru un Asu\u0101nu Cenas:<\/strong><\/p>\n<ul>\n<li><strong>Pieaugu\u0161o cena = <\/strong><strong>no 270 $<\/strong><strong> par personu<\/strong>.<\/li>\n<li>Cena b\u0113rniem &#8220;5-12\u2033 = 50%.<\/li>\n<li>b\u0113rniem &#8220;0-5\u2033 = bezmaksas.<\/li>\n<\/ul>\n<p><strong>Atsauksmes:<\/strong><\/p>\n<p>p\u0101rbaudiet m\u016bsu Google Map Atsauksmes k\u0101 Best <a href=\"https:\/\/g.page\/r\/CUeYvkngP3wkEBM\/review\">Tour Operator in Hurghada<\/a> tie\u0161saist\u0113 <a href=\"https:\/\/hurghadalovers.com\/\">Hurghada<\/a> \u0112\u0123ipt\u0113.<\/p>\n<p>&nbsp;<\/p>\n<p><strong>Piez\u012bme:  <\/strong><\/p>\n<p>M\u0113s pied\u0101v\u0101jam ar\u012b ekskursiju ar transf\u0113ru no viesn\u012bcas El Goua, Soma l\u012bc\u012b, Makadi l\u012bc\u012b, Sahl Hasheesh, Safaga ar papildus samaksu = 10$ no personas.<\/p>\n<p>&nbsp;<\/p>\n<p><strong>Rezerv\u0101cija:<\/strong><\/p>\n<p>Nos\u016btiet viesn\u012bcu + numura numuru + foto pases uz WhatsApp: <strong>+201112596434<\/strong><\/p>\n<p>Ja j\u016bs no \u0112\u0123ipte Rezerv\u0113t tagad tie\u0161saist\u0113 un apstiprin\u0101t, kad iera\u0161an\u0101s Hotel.<\/p>\n","protected":false},"excerpt":{"rendered":"<p>Priv\u0101tas ekskursijas uz Luksoru un Asu\u0101nu &#8211; 2 dienas ar priv\u0101tu gidu, bi\u013cet\u0113m un pusdien\u0101m, lai apmekl\u0113tu Karnakas templi, Filaes templi, Hat\u0161epsutas templi, \u0136\u0113ni\u0146u ieleju un citas&#8230;<\/p>\n","protected":false},"featured_media":492309,"template":"","meta":{"_joinchat":[]},"product_brand":[],"product_cat":[36667],"product_tag":[59320,59284,59325,59270,59301,59277,59307,59296,59290,59313],"class_list":{"0":"post-379928","1":"product","2":"type-product","3":"status-publish","4":"has-post-thumbnail","6":"product_cat-ekskursijas","7":"product_tag-aktivitates-pariem-hurgada","8":"product_tag-dienas-celojumi-no-hurgadas","9":"product_tag-dienas-celojums-no-hurgadas-uz-luksoru","10":"product_tag-ekskursijas-uz-hurgadu","11":"product_tag-gimenes-lietas-ko-darit-no-hurgadas","12":"product_tag-hurgadas-dienas-ekskursijas","13":"product_tag-jautras-vietas-kur-doties-ar-gimeni-no-hurgadas","14":"product_tag-ko-darit-ar-berniem-no-hurgadas","15":"product_tag-ko-darit-hurgada","16":"product_tag-romantiskas-lietas-ko-darit-no-hurgadas","17":"tour_category-ekskursijas-no-hurgadas-uz-luksoru","18":"tour_category-ekskursijas-uz-hurgadu","20":"first","21":"instock","22":"sale","23":"shipping-taxable","24":"purchasable","25":"product-type-tour"},"yoast_head":"<!-- This site is optimized with the Yoast SEO Premium plugin v26.9 (Yoast SEO v27.2) - https:\/\/yoast.com\/product\/yoast-seo-premium-wordpress\/ -->\n<title>Priv\u0101tas ekskursijas uz Luksoru un Asu\u0101nu - 2 dienas<\/title>\n<meta name=\"description\" content=\"Priv\u0101tas ekskursijas uz Luksoru un Asu\u0101nu - 2 dienas ar priv\u0101tu gidu, bi\u013cet\u0113m un pusdien\u0101m, lai apmekl\u0113tu Karnakas templi, Filajas, \u0136\u0113ni\u0146u ieleju un daudz ko citu\" \/>\n<meta name=\"robots\" content=\"index, follow, max-snippet:-1, max-image-preview:large, max-video-preview:-1\" \/>\n<link rel=\"canonical\" href=\"https:\/\/hurghadalovers.com\/lv\/tours\/privatas-hurghada-ekskursijas-uz-luksoru\/\" \/>\n<meta property=\"og:locale\" content=\"lv_LV\" \/>\n<meta property=\"og:type\" content=\"article\" \/>\n<meta property=\"og:title\" content=\"Priv\u0101tas ekskursijas uz Luksoru un Asu\u0101nu - 2 dienas\" \/>\n<meta property=\"og:description\" content=\"Priv\u0101tas ekskursijas uz Luksoru un Asu\u0101nu - 2 dienas ar priv\u0101tu gidu, bi\u013cet\u0113m un pusdien\u0101m, lai apmekl\u0113tu Karnakas templi, Filajas, \u0136\u0113ni\u0146u ieleju un daudz ko citu\" \/>\n<meta property=\"og:url\" content=\"https:\/\/hurghadalovers.com\/lv\/tours\/privatas-hurghada-ekskursijas-uz-luksoru\/\" \/>\n<meta property=\"og:site_name\" content=\"Hurghada Excursions &amp; Day Trips | Booking Best Prices Tours\" \/>\n<meta property=\"article:publisher\" content=\"https:\/\/www.facebook.com\/Hurghadaloversegypt\" \/>\n<meta property=\"article:modified_time\" content=\"2026-02-09T17:11:59+00:00\" \/>\n<meta property=\"og:image\" content=\"https:\/\/hurghadalovers.com\/wp-content\/uploads\/2023\/08\/\u042d\u043a\u0441\u043a\u0443\u0440\u0441\u0438\u044f-\u041b\u0443\u043a\u0441\u043e\u0440-\u043c\u0438\u043d\u0438-\u0433\u0440\u0443\u043f\u043f\u043e\u0439-\u0438\u0437-\u0425\u0443\u0440\u0433\u0430\u0434\u044b.jpeg\" \/>\n\t<meta property=\"og:image:width\" content=\"1600\" \/>\n\t<meta property=\"og:image:height\" content=\"698\" \/>\n\t<meta property=\"og:image:type\" content=\"image\/jpeg\" \/>\n<meta name=\"twitter:card\" content=\"summary_large_image\" \/>\n<meta name=\"twitter:label1\" content=\"Price\" \/>\n\t<meta name=\"twitter:data1\" content=\"&euro;&nbsp;400\" \/>\n\t<meta name=\"twitter:label2\" content=\"Availability\" \/>\n\t<meta name=\"twitter:data2\" content=\"In stock\" \/>\n<script type=\"application\/ld+json\" class=\"yoast-schema-graph\">{\"@context\":\"https:\/\/schema.org\",\"@graph\":[{\"@type\":[\"WebPage\",\"ItemPage\"],\"@id\":\"https:\/\/hurghadalovers.com\/lv\/tours\/privatas-hurghada-ekskursijas-uz-luksoru\/\",\"url\":\"https:\/\/hurghadalovers.com\/lv\/tours\/privatas-hurghada-ekskursijas-uz-luksoru\/\",\"name\":\"Priv\u0101tas ekskursijas uz Luksoru un Asu\u0101nu - 2 dienas\",\"isPartOf\":{\"@id\":\"https:\/\/hurghadalovers.com\/lv\/#website\"},\"primaryImageOfPage\":{\"@id\":\"https:\/\/hurghadalovers.com\/lv\/tours\/privatas-hurghada-ekskursijas-uz-luksoru\/#primaryimage\"},\"image\":{\"@id\":\"https:\/\/hurghadalovers.com\/lv\/tours\/privatas-hurghada-ekskursijas-uz-luksoru\/#primaryimage\"},\"thumbnailUrl\":\"https:\/\/hurghadalovers.com\/wp-content\/uploads\/2023\/08\/\u042d\u043a\u0441\u043a\u0443\u0440\u0441\u0438\u044f-\u041b\u0443\u043a\u0441\u043e\u0440-\u043c\u0438\u043d\u0438-\u0433\u0440\u0443\u043f\u043f\u043e\u0439-\u0438\u0437-\u0425\u0443\u0440\u0433\u0430\u0434\u044b.jpeg\",\"datePublished\":\"2023-08-13T11:41:59+00:00\",\"dateModified\":\"2026-02-09T17:11:59+00:00\",\"description\":\"Priv\u0101tas ekskursijas uz Luksoru un Asu\u0101nu - 2 dienas ar priv\u0101tu gidu, bi\u013cet\u0113m un pusdien\u0101m, lai apmekl\u0113tu Karnakas templi, Filajas, \u0136\u0113ni\u0146u ieleju un daudz ko citu\",\"breadcrumb\":{\"@id\":\"https:\/\/hurghadalovers.com\/lv\/tours\/privatas-hurghada-ekskursijas-uz-luksoru\/#breadcrumb\"},\"inLanguage\":\"lv-LV\",\"potentialAction\":[{\"@type\":\"ReadAction\",\"target\":[\"https:\/\/hurghadalovers.com\/lv\/tours\/privatas-hurghada-ekskursijas-uz-luksoru\/\"]}]},{\"@type\":\"ImageObject\",\"inLanguage\":\"lv-LV\",\"@id\":\"https:\/\/hurghadalovers.com\/lv\/tours\/privatas-hurghada-ekskursijas-uz-luksoru\/#primaryimage\",\"url\":\"https:\/\/hurghadalovers.com\/wp-content\/uploads\/2023\/08\/\u042d\u043a\u0441\u043a\u0443\u0440\u0441\u0438\u044f-\u041b\u0443\u043a\u0441\u043e\u0440-\u043c\u0438\u043d\u0438-\u0433\u0440\u0443\u043f\u043f\u043e\u0439-\u0438\u0437-\u0425\u0443\u0440\u0433\u0430\u0434\u044b.jpeg\",\"contentUrl\":\"https:\/\/hurghadalovers.com\/wp-content\/uploads\/2023\/08\/\u042d\u043a\u0441\u043a\u0443\u0440\u0441\u0438\u044f-\u041b\u0443\u043a\u0441\u043e\u0440-\u043c\u0438\u043d\u0438-\u0433\u0440\u0443\u043f\u043f\u043e\u0439-\u0438\u0437-\u0425\u0443\u0440\u0433\u0430\u0434\u044b.jpeg\",\"width\":1600,\"height\":698,\"caption\":\"\u042d\u043a\u0441\u043a\u0443\u0440\u0441\u0438\u044f \u041b\u0443\u043a\u0441\u043e\u0440 \u043c\u0438\u043d\u0438 \u0433\u0440\u0443\u043f\u043f\u043e\u0438\u0306 \u0438\u0437 \u0425\u0443\u0440\u0433\u0430\u0434\u044b\"},{\"@type\":\"BreadcrumbList\",\"@id\":\"https:\/\/hurghadalovers.com\/lv\/tours\/privatas-hurghada-ekskursijas-uz-luksoru\/#breadcrumb\",\"itemListElement\":[{\"@type\":\"ListItem\",\"position\":1,\"name\":\"Home\",\"item\":\"https:\/\/hurghadalovers.com\/lv\/\"},{\"@type\":\"ListItem\",\"position\":2,\"name\":\"Shop\",\"item\":\"https:\/\/hurghadalovers.com\/shop\/\"},{\"@type\":\"ListItem\",\"position\":3,\"name\":\"Priv\u0101tas ekskursijas uz Luksoru un Asu\u0101nu &#8211; 2 dienas\"}]},{\"@type\":\"WebSite\",\"@id\":\"https:\/\/hurghadalovers.com\/lv\/#website\",\"url\":\"https:\/\/hurghadalovers.com\/lv\/\",\"name\":\"Hurghada Excursions & Day Trips | Booking Best Prices Tours\",\"description\":\"Hurghada Lovers - Best Tour Operator - Excursions &amp; Things to do for Family Day Trips with kids and Couples Romantic. Unique .Hidden gems\",\"publisher\":{\"@id\":\"https:\/\/hurghadalovers.com\/lv\/#organization\"},\"alternateName\":\"Hurghada Excursions\",\"potentialAction\":[{\"@type\":\"SearchAction\",\"target\":{\"@type\":\"EntryPoint\",\"urlTemplate\":\"https:\/\/hurghadalovers.com\/lv\/?s={search_term_string}\"},\"query-input\":{\"@type\":\"PropertyValueSpecification\",\"valueRequired\":true,\"valueName\":\"search_term_string\"}}],\"inLanguage\":\"lv-LV\"},{\"@type\":[\"Organization\",\"Place\",\"TravelAgency\"],\"@id\":\"https:\/\/hurghadalovers.com\/lv\/#organization\",\"name\":\"Hurghada Excursions\",\"url\":\"https:\/\/hurghadalovers.com\/lv\/\",\"logo\":{\"@id\":\"https:\/\/hurghadalovers.com\/lv\/tours\/privatas-hurghada-ekskursijas-uz-luksoru\/#local-main-organization-logo\"},\"image\":{\"@id\":\"https:\/\/hurghadalovers.com\/lv\/tours\/privatas-hurghada-ekskursijas-uz-luksoru\/#local-main-organization-logo\"},\"sameAs\":[\"https:\/\/www.facebook.com\/Hurghadaloversegypt\"],\"address\":{\"@id\":\"https:\/\/hurghadalovers.com\/lv\/tours\/privatas-hurghada-ekskursijas-uz-luksoru\/#local-main-place-address\"},\"telephone\":[\"00201112596434\"],\"contactPoint\":{\"@type\":\"ContactPoint\",\"telephone\":\"00201112596434\",\"email\":\"weyouface@gmail.com\"},\"openingHoursSpecification\":{\"@type\":\"OpeningHoursSpecification\",\"dayOfWeek\":[\"Monday\",\"Tuesday\",\"Wednesday\",\"Thursday\",\"Friday\",\"Saturday\",\"Sunday\"],\"opens\":\"00:00\",\"closes\":\"23:59\"},\"email\":\"weyouface@gmail.com\",\"areaServed\":\"Luxor, Hurghada, El Gouna, Aswan, Sharm El Sheikh, Giza, Alexandria, Marsa Alam, Quseir, Soma Bay, Sahl Hasheesh, Red Sea, Makadi Bay, Cairo\",\"priceRange\":\"$\",\"currenciesAccepted\":\"euro\",\"paymentAccepted\":\"cash on site\"},{\"@type\":\"PostalAddress\",\"@id\":\"https:\/\/hurghadalovers.com\/lv\/tours\/privatas-hurghada-ekskursijas-uz-luksoru\/#local-main-place-address\",\"streetAddress\":\"17 Banks street, Alkawther area, top nbk bank\",\"addressLocality\":\"hurghada\",\"postalCode\":\"84511\",\"addressRegion\":\"red sea\",\"addressCountry\":\"EG\"},{\"@type\":\"ImageObject\",\"inLanguage\":\"lv-LV\",\"@id\":\"https:\/\/hurghadalovers.com\/lv\/tours\/privatas-hurghada-ekskursijas-uz-luksoru\/#local-main-organization-logo\",\"url\":\"https:\/\/hurghadalovers.com\/wp-content\/uploads\/2019\/10\/hurghada-excursions-logo.png\",\"contentUrl\":\"https:\/\/hurghadalovers.com\/wp-content\/uploads\/2019\/10\/hurghada-excursions-logo.png\",\"width\":272,\"height\":90,\"caption\":\"Hurghada Excursions\"}]}<\/script>\n<meta property=\"product:brand\" content=\"Ekskursijas Luksoru no Hurgadas\" \/>\n<meta property=\"product:price:amount\" content=\"400\" \/>\n<meta property=\"product:price:currency\" content=\"EUR\" \/>\n<meta property=\"og:availability\" content=\"instock\" \/>\n<meta property=\"product:availability\" content=\"instock\" \/>\n<meta property=\"product:retailer_item_id\" content=\"Private092024\" \/>\n<meta property=\"product:condition\" content=\"new\" \/>\n<meta name=\"geo.placename\" content=\"hurghada\" \/>\n<meta name=\"geo.region\" content=\"Egypt\" \/>\n<!-- \/ Yoast SEO Premium plugin. -->","yoast_head_json":{"title":"Priv\u0101tas ekskursijas uz Luksoru un Asu\u0101nu - 2 dienas","description":"Priv\u0101tas ekskursijas uz Luksoru un Asu\u0101nu - 2 dienas ar priv\u0101tu gidu, bi\u013cet\u0113m un pusdien\u0101m, lai apmekl\u0113tu Karnakas templi, Filajas, \u0136\u0113ni\u0146u ieleju un daudz ko citu","robots":{"index":"index","follow":"follow","max-snippet":"max-snippet:-1","max-image-preview":"max-image-preview:large","max-video-preview":"max-video-preview:-1"},"canonical":"https:\/\/hurghadalovers.com\/lv\/tours\/privatas-hurghada-ekskursijas-uz-luksoru\/","og_locale":"lv_LV","og_type":"article","og_title":"Priv\u0101tas ekskursijas uz Luksoru un Asu\u0101nu - 2 dienas","og_description":"Priv\u0101tas ekskursijas uz Luksoru un Asu\u0101nu - 2 dienas ar priv\u0101tu gidu, bi\u013cet\u0113m un pusdien\u0101m, lai apmekl\u0113tu Karnakas templi, Filajas, \u0136\u0113ni\u0146u ieleju un daudz ko citu","og_url":"https:\/\/hurghadalovers.com\/lv\/tours\/privatas-hurghada-ekskursijas-uz-luksoru\/","og_site_name":"Hurghada Excursions &amp; Day Trips | Booking Best Prices Tours","article_publisher":"https:\/\/www.facebook.com\/Hurghadaloversegypt","article_modified_time":"2026-02-09T17:11:59+00:00","og_image":[{"width":1600,"height":698,"url":"https:\/\/hurghadalovers.com\/wp-content\/uploads\/2023\/08\/\u042d\u043a\u0441\u043a\u0443\u0440\u0441\u0438\u044f-\u041b\u0443\u043a\u0441\u043e\u0440-\u043c\u0438\u043d\u0438-\u0433\u0440\u0443\u043f\u043f\u043e\u0439-\u0438\u0437-\u0425\u0443\u0440\u0433\u0430\u0434\u044b.jpeg","type":"image\/jpeg"}],"twitter_card":"summary_large_image","twitter_misc":{"Price":"&euro;&nbsp;400","Availability":"In stock"},"schema":{"@context":"https:\/\/schema.org","@graph":[{"@type":["WebPage","ItemPage"],"@id":"https:\/\/hurghadalovers.com\/lv\/tours\/privatas-hurghada-ekskursijas-uz-luksoru\/","url":"https:\/\/hurghadalovers.com\/lv\/tours\/privatas-hurghada-ekskursijas-uz-luksoru\/","name":"Priv\u0101tas ekskursijas uz Luksoru un Asu\u0101nu - 2 dienas","isPartOf":{"@id":"https:\/\/hurghadalovers.com\/lv\/#website"},"primaryImageOfPage":{"@id":"https:\/\/hurghadalovers.com\/lv\/tours\/privatas-hurghada-ekskursijas-uz-luksoru\/#primaryimage"},"image":{"@id":"https:\/\/hurghadalovers.com\/lv\/tours\/privatas-hurghada-ekskursijas-uz-luksoru\/#primaryimage"},"thumbnailUrl":"https:\/\/hurghadalovers.com\/wp-content\/uploads\/2023\/08\/\u042d\u043a\u0441\u043a\u0443\u0440\u0441\u0438\u044f-\u041b\u0443\u043a\u0441\u043e\u0440-\u043c\u0438\u043d\u0438-\u0433\u0440\u0443\u043f\u043f\u043e\u0439-\u0438\u0437-\u0425\u0443\u0440\u0433\u0430\u0434\u044b.jpeg","datePublished":"2023-08-13T11:41:59+00:00","dateModified":"2026-02-09T17:11:59+00:00","description":"Priv\u0101tas ekskursijas uz Luksoru un Asu\u0101nu - 2 dienas ar priv\u0101tu gidu, bi\u013cet\u0113m un pusdien\u0101m, lai apmekl\u0113tu Karnakas templi, Filajas, \u0136\u0113ni\u0146u ieleju un daudz ko citu","breadcrumb":{"@id":"https:\/\/hurghadalovers.com\/lv\/tours\/privatas-hurghada-ekskursijas-uz-luksoru\/#breadcrumb"},"inLanguage":"lv-LV","potentialAction":[{"@type":"ReadAction","target":["https:\/\/hurghadalovers.com\/lv\/tours\/privatas-hurghada-ekskursijas-uz-luksoru\/"]}]},{"@type":"ImageObject","inLanguage":"lv-LV","@id":"https:\/\/hurghadalovers.com\/lv\/tours\/privatas-hurghada-ekskursijas-uz-luksoru\/#primaryimage","url":"https:\/\/hurghadalovers.com\/wp-content\/uploads\/2023\/08\/\u042d\u043a\u0441\u043a\u0443\u0440\u0441\u0438\u044f-\u041b\u0443\u043a\u0441\u043e\u0440-\u043c\u0438\u043d\u0438-\u0433\u0440\u0443\u043f\u043f\u043e\u0439-\u0438\u0437-\u0425\u0443\u0440\u0433\u0430\u0434\u044b.jpeg","contentUrl":"https:\/\/hurghadalovers.com\/wp-content\/uploads\/2023\/08\/\u042d\u043a\u0441\u043a\u0443\u0440\u0441\u0438\u044f-\u041b\u0443\u043a\u0441\u043e\u0440-\u043c\u0438\u043d\u0438-\u0433\u0440\u0443\u043f\u043f\u043e\u0439-\u0438\u0437-\u0425\u0443\u0440\u0433\u0430\u0434\u044b.jpeg","width":1600,"height":698,"caption":"\u042d\u043a\u0441\u043a\u0443\u0440\u0441\u0438\u044f \u041b\u0443\u043a\u0441\u043e\u0440 \u043c\u0438\u043d\u0438 \u0433\u0440\u0443\u043f\u043f\u043e\u0438\u0306 \u0438\u0437 \u0425\u0443\u0440\u0433\u0430\u0434\u044b"},{"@type":"BreadcrumbList","@id":"https:\/\/hurghadalovers.com\/lv\/tours\/privatas-hurghada-ekskursijas-uz-luksoru\/#breadcrumb","itemListElement":[{"@type":"ListItem","position":1,"name":"Home","item":"https:\/\/hurghadalovers.com\/lv\/"},{"@type":"ListItem","position":2,"name":"Shop","item":"https:\/\/hurghadalovers.com\/shop\/"},{"@type":"ListItem","position":3,"name":"Priv\u0101tas ekskursijas uz Luksoru un Asu\u0101nu &#8211; 2 dienas"}]},{"@type":"WebSite","@id":"https:\/\/hurghadalovers.com\/lv\/#website","url":"https:\/\/hurghadalovers.com\/lv\/","name":"Hurghada Excursions & Day Trips | Booking Best Prices Tours","description":"Hurghada Lovers - Best Tour Operator - Excursions &amp; Things to do for Family Day Trips with kids and Couples Romantic. Unique .Hidden gems","publisher":{"@id":"https:\/\/hurghadalovers.com\/lv\/#organization"},"alternateName":"Hurghada Excursions","potentialAction":[{"@type":"SearchAction","target":{"@type":"EntryPoint","urlTemplate":"https:\/\/hurghadalovers.com\/lv\/?s={search_term_string}"},"query-input":{"@type":"PropertyValueSpecification","valueRequired":true,"valueName":"search_term_string"}}],"inLanguage":"lv-LV"},{"@type":["Organization","Place","TravelAgency"],"@id":"https:\/\/hurghadalovers.com\/lv\/#organization","name":"Hurghada Excursions","url":"https:\/\/hurghadalovers.com\/lv\/","logo":{"@id":"https:\/\/hurghadalovers.com\/lv\/tours\/privatas-hurghada-ekskursijas-uz-luksoru\/#local-main-organization-logo"},"image":{"@id":"https:\/\/hurghadalovers.com\/lv\/tours\/privatas-hurghada-ekskursijas-uz-luksoru\/#local-main-organization-logo"},"sameAs":["https:\/\/www.facebook.com\/Hurghadaloversegypt"],"address":{"@id":"https:\/\/hurghadalovers.com\/lv\/tours\/privatas-hurghada-ekskursijas-uz-luksoru\/#local-main-place-address"},"telephone":["00201112596434"],"contactPoint":{"@type":"ContactPoint","telephone":"00201112596434","email":"weyouface@gmail.com"},"openingHoursSpecification":{"@type":"OpeningHoursSpecification","dayOfWeek":["Monday","Tuesday","Wednesday","Thursday","Friday","Saturday","Sunday"],"opens":"00:00","closes":"23:59"},"email":"weyouface@gmail.com","areaServed":"Luxor, Hurghada, El Gouna, Aswan, Sharm El Sheikh, Giza, Alexandria, Marsa Alam, Quseir, Soma Bay, Sahl Hasheesh, Red Sea, Makadi Bay, Cairo","priceRange":"$","currenciesAccepted":"euro","paymentAccepted":"cash on site"},{"@type":"PostalAddress","@id":"https:\/\/hurghadalovers.com\/lv\/tours\/privatas-hurghada-ekskursijas-uz-luksoru\/#local-main-place-address","streetAddress":"17 Banks street, Alkawther area, top nbk bank","addressLocality":"hurghada","postalCode":"84511","addressRegion":"red sea","addressCountry":"EG"},{"@type":"ImageObject","inLanguage":"lv-LV","@id":"https:\/\/hurghadalovers.com\/lv\/tours\/privatas-hurghada-ekskursijas-uz-luksoru\/#local-main-organization-logo","url":"https:\/\/hurghadalovers.com\/wp-content\/uploads\/2019\/10\/hurghada-excursions-logo.png","contentUrl":"https:\/\/hurghadalovers.com\/wp-content\/uploads\/2019\/10\/hurghada-excursions-logo.png","width":272,"height":90,"caption":"Hurghada Excursions"}]},"product_brand":"Ekskursijas Luksoru no Hurgadas","product_price_amount":"400","product_price_currency":"EUR","og_availability":"instock","product_availability":"instock","product_retailer_item_id":"Private092024","product_condition":"new","geo.placename":"hurghada","geo.region":"Egypt"},"_links":{"self":[{"href":"https:\/\/hurghadalovers.com\/lv\/wp-json\/wp\/v2\/product\/379928","targetHints":{"allow":["GET"]}}],"collection":[{"href":"https:\/\/hurghadalovers.com\/lv\/wp-json\/wp\/v2\/product"}],"about":[{"href":"https:\/\/hurghadalovers.com\/lv\/wp-json\/wp\/v2\/types\/product"}],"wp:featuredmedia":[{"embeddable":true,"href":"https:\/\/hurghadalovers.com\/lv\/wp-json\/wp\/v2\/media\/492309"}],"wp:attachment":[{"href":"https:\/\/hurghadalovers.com\/lv\/wp-json\/wp\/v2\/media?parent=379928"}],"wp:term":[{"taxonomy":"product_brand","embeddable":true,"href":"https:\/\/hurghadalovers.com\/lv\/wp-json\/wp\/v2\/product_brand?post=379928"},{"taxonomy":"product_cat","embeddable":true,"href":"https:\/\/hurghadalovers.com\/lv\/wp-json\/wp\/v2\/product_cat?post=379928"},{"taxonomy":"product_tag","embeddable":true,"href":"https:\/\/hurghadalovers.com\/lv\/wp-json\/wp\/v2\/product_tag?post=379928"}],"curies":[{"name":"wp","href":"https:\/\/api.w.org\/{rel}","templated":true}]}}