{"id":336808,"date":"2023-07-15T17:26:38","date_gmt":"2023-07-16T07:40:17","guid":{"rendered":"https:\/\/hurghadalovers.com\/shop\/uncategorized\/privata-atrgaitas-laiva-uz-delfinu-maju-no-hurgadas\/"},"modified":"2026-02-09T16:58:41","modified_gmt":"2026-02-09T16:58:41","slug":"privata-atrgaitas-laiva-uz-delfinu-maju-no-hurgadas","status":"publish","type":"product","link":"https:\/\/hurghadalovers.com\/lv\/tours\/privata-atrgaitas-laiva-uz-delfinu-maju-no-hurgadas\/","title":{"rendered":"Priv\u0101ta \u0101trgaitas laiva uz Delf\u012bnu m\u0101ju no Hurgadas"},"content":{"rendered":"<p><strong>Priv\u0101ta \u0101trgaitas laiva uz Delf\u012bnu m\u0101ju no Hurgadas<\/strong><\/p>\n<p>Rezerv\u0101cija 4 h delf\u012bnu v\u0113ro\u0161ana un peld\u0113\u0161ana ar delf\u012bniem + 2 snorkel\u0113\u0161anas vietas.<\/p>\n<h4><strong>Svar\u012bg\u0101kie notikumi:<\/strong><\/h4>\n<ul>\n<li>\u0100trgaitas laiva.<\/li>\n<li>Priv\u0101tais transf\u0113rs.<\/li>\n<li>Snorkel\u0113\u0161anas apr\u012bkojums.<\/li>\n<li>\u016adens, bezalkoholiskie dz\u0113rieni.<\/li>\n<li>Vietas Snorkel\u0113\u0161ana House Reef.<\/li>\n<li>Delf\u012bnu m\u0101ja un peld\u0113\u0161ana ar delf\u012bniem.<\/li>\n<\/ul>\n<h4><strong>S\u012bk\u0101ka inform\u0101cija:<\/strong><\/h4>\n<ul>\n<li>Pieejam\u012bba: Katru dienu.<\/li>\n<li>Piek\u013cuve ar rati\u0146kr\u0113sliem.<\/li>\n<li>Ilgums: 04 stundas<\/li>\n<li>Pick Up laiks no Hurgadas viesn\u012bc\u0101m: no 07:30 r\u012bt\u0101 vai k\u0101 jums pat\u012bk.<\/li>\n<li>Izbrauk\u0161anas laiks uz Hurgadas viesn\u012bcu: 18:00 vai p\u0113c j\u016bsu izv\u0113les.<\/li>\n<\/ul>\n<h3><strong>Rezerv\u0113jiet tagad un maks\u0101jiet v\u0113l\u0101k:<\/strong><\/h3>\n<p>Skaidr\u0101 naud\u0101 uz vietas pie Tamer kunga&#8221; vai var vienoties par tik\u0161an\u0101s laiku viesn\u012bc\u0101&#8221;.<\/p>\n<p>Maks\u0101jums ar \u0112\u0123iptes m\u0101rci\u0146\u0101m, dol\u0101riem, eiro vai sterli\u0146u m\u0101rci\u0146\u0101m.<\/p>\n<p>&nbsp;<\/p>\n<h3><strong>Atcel\u0161anas noteikumi:<\/strong><\/h3>\n<p>j\u016bs Atcelt l\u012bdz 24 stund\u0101m iepriek\u0161.<\/p>\n<p>&nbsp;<\/p>\n<h4><strong>Iek\u013cau\u0161ana &#8211; Kas ir iek\u013cauts priv\u0101taj\u0101 \u0101trgaitas laiv\u0101 uz Delf\u012bnu m\u0101ju?<\/strong><\/h4>\n<ol>\n<li>Priv\u0101tais transf\u0113rs no Hurgadas viesn\u012bc\u0101m &#8220;Hotel pick up and drop off&#8221;.<\/li>\n<li>Snorkel\u0113\u0161anas ce\u013cvedis.<\/li>\n<li>Visi nodok\u013ci, ieejas maksa un maksa par pakalpojumiem.<\/li>\n<li>Miner\u0101l\u016bdens + kola + piens + kafija\/t\u0113ja.<\/li>\n<li>  2 -3 snorkel\u0113\u0161anas vietas.<\/li>\n<li>Nir\u0161anas apr\u012bkojums &#8220;Maskas, gl\u0101b\u0161anas vestes un peldspalvas&#8221;.<\/li>\n<\/ol>\n<h4><strong>Iz\u0146\u0113mumi &#8211; \u0100trgaitas laivu noma no Hurgadas ir iek\u013cauta?<\/strong><\/h4>\n<ul>\n<li>Dzeramnauda gidam.<\/li>\n<li>Dz\u0113rieni Paradise Island restor\u0101n\u0101 Island.<\/li>\n<li>\u0112diens un pusdienas &#8221; var pievienot papildus p\u0113c v\u0113l\u0113\u0161an\u0101s&#8221;<\/li>\n<li>Fotograf\u0113\u0161ana ce\u013cojumam vai var atcelt Fotograf\u0113\u0161ana cilv\u0113ks ar ce\u013cojumu.<\/li>\n<li>M\u0113s pied\u0101v\u0101jam nom\u0101t peldkost\u012bmus un peldkost\u012bmus sieviet\u0113m, v\u012brie\u0161iem, b\u0113rniem visu izm\u0113ru&#8221; 5$ par vienu&#8221;.<\/li>\n<\/ul>\n<h3><strong>Priv\u0101ta \u0101trgaitas laiva uz Delf\u012bnu m\u0101ju no Hurgadas Cenas:<\/strong><\/h3>\n<p><strong>4 stundas = 200$<\/strong><\/p>\n<p>&nbsp;<\/p>\n","protected":false},"excerpt":{"rendered":"<p>Priv\u0101ts \u0101trgaitas ku\u0123is uz Delf\u012bnu m\u0101ju no Hurgadas | Rezerv\u0113t 4 h delf\u012bnu v\u0113ro\u0161ana un peld\u0113\u0161ana ar delf\u012bniem + 2 snorkel\u0113\u0161anas vietas ar transf\u0113ru&#8230;<\/p>\n","protected":false},"featured_media":995802,"template":"","meta":{"_joinchat":[]},"product_brand":[],"product_cat":[36667],"product_tag":[],"class_list":{"0":"post-336808","1":"product","2":"type-product","3":"status-publish","4":"has-post-thumbnail","6":"product_cat-ekskursijas","7":"tour_category-hurgadas-snorkelesanas-braucieni","8":"tour_category-ekskursijas-uz-hurgadu","10":"first","11":"instock","12":"sale","13":"shipping-taxable","14":"purchasable","15":"product-type-tour"},"yoast_head":"<!-- This site is optimized with the Yoast SEO Premium plugin v26.9 (Yoast SEO v27.2) - https:\/\/yoast.com\/product\/yoast-seo-premium-wordpress\/ -->\n<title>Priv\u0101ta \u0101trgaitas laiva uz Delf\u012bnu m\u0101ju no Hurgadas<\/title>\n<meta name=\"description\" content=\"Priv\u0101ts \u0101trgaitas ku\u0123is uz Delf\u012bnu m\u0101ju no Hurgadas | Rezerv\u0113t 4 h delf\u012bnu v\u0113ro\u0161ana un peld\u0113\u0161ana ar delf\u012bniem + 2 snorkel\u0113\u0161anas vietas ar transf\u0113ru...\" \/>\n<meta name=\"robots\" content=\"index, follow, max-snippet:-1, max-image-preview:large, max-video-preview:-1\" \/>\n<link rel=\"canonical\" href=\"https:\/\/hurghadalovers.com\/lv\/tours\/privata-atrgaitas-laiva-uz-delfinu-maju-no-hurgadas\/\" \/>\n<meta property=\"og:locale\" content=\"lv_LV\" \/>\n<meta property=\"og:type\" content=\"article\" \/>\n<meta property=\"og:title\" content=\"Priv\u0101ta \u0101trgaitas laiva uz Delf\u012bnu m\u0101ju no Hurgadas\" \/>\n<meta property=\"og:description\" content=\"Priv\u0101ts \u0101trgaitas ku\u0123is uz Delf\u012bnu m\u0101ju no Hurgadas | Rezerv\u0113t 4 h delf\u012bnu v\u0113ro\u0161ana un peld\u0113\u0161ana ar delf\u012bniem + 2 snorkel\u0113\u0161anas vietas ar transf\u0113ru...\" \/>\n<meta property=\"og:url\" content=\"https:\/\/hurghadalovers.com\/lv\/tours\/privata-atrgaitas-laiva-uz-delfinu-maju-no-hurgadas\/\" \/>\n<meta property=\"og:site_name\" content=\"Hurghada Excursions &amp; Day Trips | Booking Best Prices Tours\" \/>\n<meta property=\"article:publisher\" content=\"https:\/\/www.facebook.com\/Hurghadaloversegypt\" \/>\n<meta property=\"article:modified_time\" content=\"2026-02-09T16:58:41+00:00\" \/>\n<meta property=\"og:image\" content=\"https:\/\/hurghadalovers.com\/wp-content\/uploads\/2023\/07\/Green-Turtles-Abu-Dabbab-Marsa-aLam.jpg\" \/>\n\t<meta property=\"og:image:width\" content=\"1111\" \/>\n\t<meta property=\"og:image:height\" content=\"940\" \/>\n\t<meta property=\"og:image:type\" content=\"image\/jpeg\" \/>\n<meta name=\"twitter:card\" content=\"summary_large_image\" \/>\n<meta name=\"twitter:label1\" content=\"Price\" \/>\n\t<meta name=\"twitter:data1\" content=\"&euro;&nbsp;80\" \/>\n\t<meta name=\"twitter:label2\" content=\"Availability\" \/>\n\t<meta name=\"twitter:data2\" content=\"In stock\" \/>\n<script type=\"application\/ld+json\" class=\"yoast-schema-graph\">{\"@context\":\"https:\/\/schema.org\",\"@graph\":[{\"@type\":[\"WebPage\",\"ItemPage\"],\"@id\":\"https:\/\/hurghadalovers.com\/lv\/tours\/privata-atrgaitas-laiva-uz-delfinu-maju-no-hurgadas\/\",\"url\":\"https:\/\/hurghadalovers.com\/lv\/tours\/privata-atrgaitas-laiva-uz-delfinu-maju-no-hurgadas\/\",\"name\":\"Priv\u0101ta \u0101trgaitas laiva uz Delf\u012bnu m\u0101ju no Hurgadas\",\"isPartOf\":{\"@id\":\"https:\/\/hurghadalovers.com\/lv\/#website\"},\"primaryImageOfPage\":{\"@id\":\"https:\/\/hurghadalovers.com\/lv\/tours\/privata-atrgaitas-laiva-uz-delfinu-maju-no-hurgadas\/#primaryimage\"},\"image\":{\"@id\":\"https:\/\/hurghadalovers.com\/lv\/tours\/privata-atrgaitas-laiva-uz-delfinu-maju-no-hurgadas\/#primaryimage\"},\"thumbnailUrl\":\"https:\/\/hurghadalovers.com\/wp-content\/uploads\/2023\/07\/Green-Turtles-Abu-Dabbab-Marsa-aLam.jpg\",\"datePublished\":\"2023-07-16T07:40:17+00:00\",\"dateModified\":\"2026-02-09T16:58:41+00:00\",\"description\":\"Priv\u0101ts \u0101trgaitas ku\u0123is uz Delf\u012bnu m\u0101ju no Hurgadas | Rezerv\u0113t 4 h delf\u012bnu v\u0113ro\u0161ana un peld\u0113\u0161ana ar delf\u012bniem + 2 snorkel\u0113\u0161anas vietas ar transf\u0113ru...\",\"breadcrumb\":{\"@id\":\"https:\/\/hurghadalovers.com\/lv\/tours\/privata-atrgaitas-laiva-uz-delfinu-maju-no-hurgadas\/#breadcrumb\"},\"inLanguage\":\"lv-LV\",\"potentialAction\":[{\"@type\":\"ReadAction\",\"target\":[\"https:\/\/hurghadalovers.com\/lv\/tours\/privata-atrgaitas-laiva-uz-delfinu-maju-no-hurgadas\/\"]}]},{\"@type\":\"ImageObject\",\"inLanguage\":\"lv-LV\",\"@id\":\"https:\/\/hurghadalovers.com\/lv\/tours\/privata-atrgaitas-laiva-uz-delfinu-maju-no-hurgadas\/#primaryimage\",\"url\":\"https:\/\/hurghadalovers.com\/wp-content\/uploads\/2023\/07\/Green-Turtles-Abu-Dabbab-Marsa-aLam.jpg\",\"contentUrl\":\"https:\/\/hurghadalovers.com\/wp-content\/uploads\/2023\/07\/Green-Turtles-Abu-Dabbab-Marsa-aLam.jpg\",\"width\":1111,\"height\":940,\"caption\":\"Green Turtles Abu Dabbab Marsa aLam\"},{\"@type\":\"BreadcrumbList\",\"@id\":\"https:\/\/hurghadalovers.com\/lv\/tours\/privata-atrgaitas-laiva-uz-delfinu-maju-no-hurgadas\/#breadcrumb\",\"itemListElement\":[{\"@type\":\"ListItem\",\"position\":1,\"name\":\"Home\",\"item\":\"https:\/\/hurghadalovers.com\/lv\/\"},{\"@type\":\"ListItem\",\"position\":2,\"name\":\"Shop\",\"item\":\"https:\/\/hurghadalovers.com\/shop\/\"},{\"@type\":\"ListItem\",\"position\":3,\"name\":\"Priv\u0101ta \u0101trgaitas laiva uz Delf\u012bnu m\u0101ju no Hurgadas\"}]},{\"@type\":\"WebSite\",\"@id\":\"https:\/\/hurghadalovers.com\/lv\/#website\",\"url\":\"https:\/\/hurghadalovers.com\/lv\/\",\"name\":\"Hurghada Excursions & Day Trips | Booking Best Prices Tours\",\"description\":\"Hurghada Lovers - Best Tour Operator - Excursions &amp; Things to do for Family Day Trips with kids and Couples Romantic. Unique .Hidden gems\",\"publisher\":{\"@id\":\"https:\/\/hurghadalovers.com\/lv\/#organization\"},\"alternateName\":\"Hurghada Excursions\",\"potentialAction\":[{\"@type\":\"SearchAction\",\"target\":{\"@type\":\"EntryPoint\",\"urlTemplate\":\"https:\/\/hurghadalovers.com\/lv\/?s={search_term_string}\"},\"query-input\":{\"@type\":\"PropertyValueSpecification\",\"valueRequired\":true,\"valueName\":\"search_term_string\"}}],\"inLanguage\":\"lv-LV\"},{\"@type\":[\"Organization\",\"Place\",\"TravelAgency\"],\"@id\":\"https:\/\/hurghadalovers.com\/lv\/#organization\",\"name\":\"Hurghada Excursions\",\"url\":\"https:\/\/hurghadalovers.com\/lv\/\",\"logo\":{\"@id\":\"https:\/\/hurghadalovers.com\/lv\/tours\/privata-atrgaitas-laiva-uz-delfinu-maju-no-hurgadas\/#local-main-organization-logo\"},\"image\":{\"@id\":\"https:\/\/hurghadalovers.com\/lv\/tours\/privata-atrgaitas-laiva-uz-delfinu-maju-no-hurgadas\/#local-main-organization-logo\"},\"sameAs\":[\"https:\/\/www.facebook.com\/Hurghadaloversegypt\"],\"address\":{\"@id\":\"https:\/\/hurghadalovers.com\/lv\/tours\/privata-atrgaitas-laiva-uz-delfinu-maju-no-hurgadas\/#local-main-place-address\"},\"telephone\":[\"00201112596434\"],\"contactPoint\":{\"@type\":\"ContactPoint\",\"telephone\":\"00201112596434\",\"email\":\"weyouface@gmail.com\"},\"openingHoursSpecification\":{\"@type\":\"OpeningHoursSpecification\",\"dayOfWeek\":[\"Monday\",\"Tuesday\",\"Wednesday\",\"Thursday\",\"Friday\",\"Saturday\",\"Sunday\"],\"opens\":\"00:00\",\"closes\":\"23:59\"},\"email\":\"weyouface@gmail.com\",\"areaServed\":\"Luxor, Hurghada, El Gouna, Aswan, Sharm El Sheikh, Giza, Alexandria, Marsa Alam, Quseir, Soma Bay, Sahl Hasheesh, Red Sea, Makadi Bay, Cairo\",\"priceRange\":\"$\",\"currenciesAccepted\":\"euro\",\"paymentAccepted\":\"cash on site\"},{\"@type\":\"PostalAddress\",\"@id\":\"https:\/\/hurghadalovers.com\/lv\/tours\/privata-atrgaitas-laiva-uz-delfinu-maju-no-hurgadas\/#local-main-place-address\",\"streetAddress\":\"17 Banks street, Alkawther area, top nbk bank\",\"addressLocality\":\"hurghada\",\"postalCode\":\"84511\",\"addressRegion\":\"red sea\",\"addressCountry\":\"EG\"},{\"@type\":\"ImageObject\",\"inLanguage\":\"lv-LV\",\"@id\":\"https:\/\/hurghadalovers.com\/lv\/tours\/privata-atrgaitas-laiva-uz-delfinu-maju-no-hurgadas\/#local-main-organization-logo\",\"url\":\"https:\/\/hurghadalovers.com\/wp-content\/uploads\/2019\/10\/hurghada-excursions-logo.png\",\"contentUrl\":\"https:\/\/hurghadalovers.com\/wp-content\/uploads\/2019\/10\/hurghada-excursions-logo.png\",\"width\":272,\"height\":90,\"caption\":\"Hurghada Excursions\"}]}<\/script>\n<meta property=\"product:brand\" content=\"Ekskursijas snorkel\u0113\u0161anas Hurgadas\" \/>\n<meta property=\"product:price:amount\" content=\"80\" \/>\n<meta property=\"product:price:currency\" content=\"EUR\" \/>\n<meta property=\"og:availability\" content=\"instock\" \/>\n<meta property=\"product:availability\" content=\"instock\" \/>\n<meta property=\"product:retailer_item_id\" content=\"SpeedBoat9494\" \/>\n<meta property=\"product:condition\" content=\"new\" \/>\n<meta name=\"geo.placename\" content=\"hurghada\" \/>\n<meta name=\"geo.region\" content=\"Egypt\" \/>\n<!-- \/ Yoast SEO Premium plugin. -->","yoast_head_json":{"title":"Priv\u0101ta \u0101trgaitas laiva uz Delf\u012bnu m\u0101ju no Hurgadas","description":"Priv\u0101ts \u0101trgaitas ku\u0123is uz Delf\u012bnu m\u0101ju no Hurgadas | Rezerv\u0113t 4 h delf\u012bnu v\u0113ro\u0161ana un peld\u0113\u0161ana ar delf\u012bniem + 2 snorkel\u0113\u0161anas vietas ar transf\u0113ru...","robots":{"index":"index","follow":"follow","max-snippet":"max-snippet:-1","max-image-preview":"max-image-preview:large","max-video-preview":"max-video-preview:-1"},"canonical":"https:\/\/hurghadalovers.com\/lv\/tours\/privata-atrgaitas-laiva-uz-delfinu-maju-no-hurgadas\/","og_locale":"lv_LV","og_type":"article","og_title":"Priv\u0101ta \u0101trgaitas laiva uz Delf\u012bnu m\u0101ju no Hurgadas","og_description":"Priv\u0101ts \u0101trgaitas ku\u0123is uz Delf\u012bnu m\u0101ju no Hurgadas | Rezerv\u0113t 4 h delf\u012bnu v\u0113ro\u0161ana un peld\u0113\u0161ana ar delf\u012bniem + 2 snorkel\u0113\u0161anas vietas ar transf\u0113ru...","og_url":"https:\/\/hurghadalovers.com\/lv\/tours\/privata-atrgaitas-laiva-uz-delfinu-maju-no-hurgadas\/","og_site_name":"Hurghada Excursions &amp; Day Trips | Booking Best Prices Tours","article_publisher":"https:\/\/www.facebook.com\/Hurghadaloversegypt","article_modified_time":"2026-02-09T16:58:41+00:00","og_image":[{"width":1111,"height":940,"url":"https:\/\/hurghadalovers.com\/wp-content\/uploads\/2023\/07\/Green-Turtles-Abu-Dabbab-Marsa-aLam.jpg","type":"image\/jpeg"}],"twitter_card":"summary_large_image","twitter_misc":{"Price":"&euro;&nbsp;80","Availability":"In stock"},"schema":{"@context":"https:\/\/schema.org","@graph":[{"@type":["WebPage","ItemPage"],"@id":"https:\/\/hurghadalovers.com\/lv\/tours\/privata-atrgaitas-laiva-uz-delfinu-maju-no-hurgadas\/","url":"https:\/\/hurghadalovers.com\/lv\/tours\/privata-atrgaitas-laiva-uz-delfinu-maju-no-hurgadas\/","name":"Priv\u0101ta \u0101trgaitas laiva uz Delf\u012bnu m\u0101ju no Hurgadas","isPartOf":{"@id":"https:\/\/hurghadalovers.com\/lv\/#website"},"primaryImageOfPage":{"@id":"https:\/\/hurghadalovers.com\/lv\/tours\/privata-atrgaitas-laiva-uz-delfinu-maju-no-hurgadas\/#primaryimage"},"image":{"@id":"https:\/\/hurghadalovers.com\/lv\/tours\/privata-atrgaitas-laiva-uz-delfinu-maju-no-hurgadas\/#primaryimage"},"thumbnailUrl":"https:\/\/hurghadalovers.com\/wp-content\/uploads\/2023\/07\/Green-Turtles-Abu-Dabbab-Marsa-aLam.jpg","datePublished":"2023-07-16T07:40:17+00:00","dateModified":"2026-02-09T16:58:41+00:00","description":"Priv\u0101ts \u0101trgaitas ku\u0123is uz Delf\u012bnu m\u0101ju no Hurgadas | Rezerv\u0113t 4 h delf\u012bnu v\u0113ro\u0161ana un peld\u0113\u0161ana ar delf\u012bniem + 2 snorkel\u0113\u0161anas vietas ar transf\u0113ru...","breadcrumb":{"@id":"https:\/\/hurghadalovers.com\/lv\/tours\/privata-atrgaitas-laiva-uz-delfinu-maju-no-hurgadas\/#breadcrumb"},"inLanguage":"lv-LV","potentialAction":[{"@type":"ReadAction","target":["https:\/\/hurghadalovers.com\/lv\/tours\/privata-atrgaitas-laiva-uz-delfinu-maju-no-hurgadas\/"]}]},{"@type":"ImageObject","inLanguage":"lv-LV","@id":"https:\/\/hurghadalovers.com\/lv\/tours\/privata-atrgaitas-laiva-uz-delfinu-maju-no-hurgadas\/#primaryimage","url":"https:\/\/hurghadalovers.com\/wp-content\/uploads\/2023\/07\/Green-Turtles-Abu-Dabbab-Marsa-aLam.jpg","contentUrl":"https:\/\/hurghadalovers.com\/wp-content\/uploads\/2023\/07\/Green-Turtles-Abu-Dabbab-Marsa-aLam.jpg","width":1111,"height":940,"caption":"Green Turtles Abu Dabbab Marsa aLam"},{"@type":"BreadcrumbList","@id":"https:\/\/hurghadalovers.com\/lv\/tours\/privata-atrgaitas-laiva-uz-delfinu-maju-no-hurgadas\/#breadcrumb","itemListElement":[{"@type":"ListItem","position":1,"name":"Home","item":"https:\/\/hurghadalovers.com\/lv\/"},{"@type":"ListItem","position":2,"name":"Shop","item":"https:\/\/hurghadalovers.com\/shop\/"},{"@type":"ListItem","position":3,"name":"Priv\u0101ta \u0101trgaitas laiva uz Delf\u012bnu m\u0101ju no Hurgadas"}]},{"@type":"WebSite","@id":"https:\/\/hurghadalovers.com\/lv\/#website","url":"https:\/\/hurghadalovers.com\/lv\/","name":"Hurghada Excursions & Day Trips | Booking Best Prices Tours","description":"Hurghada Lovers - Best Tour Operator - Excursions &amp; Things to do for Family Day Trips with kids and Couples Romantic. Unique .Hidden gems","publisher":{"@id":"https:\/\/hurghadalovers.com\/lv\/#organization"},"alternateName":"Hurghada Excursions","potentialAction":[{"@type":"SearchAction","target":{"@type":"EntryPoint","urlTemplate":"https:\/\/hurghadalovers.com\/lv\/?s={search_term_string}"},"query-input":{"@type":"PropertyValueSpecification","valueRequired":true,"valueName":"search_term_string"}}],"inLanguage":"lv-LV"},{"@type":["Organization","Place","TravelAgency"],"@id":"https:\/\/hurghadalovers.com\/lv\/#organization","name":"Hurghada Excursions","url":"https:\/\/hurghadalovers.com\/lv\/","logo":{"@id":"https:\/\/hurghadalovers.com\/lv\/tours\/privata-atrgaitas-laiva-uz-delfinu-maju-no-hurgadas\/#local-main-organization-logo"},"image":{"@id":"https:\/\/hurghadalovers.com\/lv\/tours\/privata-atrgaitas-laiva-uz-delfinu-maju-no-hurgadas\/#local-main-organization-logo"},"sameAs":["https:\/\/www.facebook.com\/Hurghadaloversegypt"],"address":{"@id":"https:\/\/hurghadalovers.com\/lv\/tours\/privata-atrgaitas-laiva-uz-delfinu-maju-no-hurgadas\/#local-main-place-address"},"telephone":["00201112596434"],"contactPoint":{"@type":"ContactPoint","telephone":"00201112596434","email":"weyouface@gmail.com"},"openingHoursSpecification":{"@type":"OpeningHoursSpecification","dayOfWeek":["Monday","Tuesday","Wednesday","Thursday","Friday","Saturday","Sunday"],"opens":"00:00","closes":"23:59"},"email":"weyouface@gmail.com","areaServed":"Luxor, Hurghada, El Gouna, Aswan, Sharm El Sheikh, Giza, Alexandria, Marsa Alam, Quseir, Soma Bay, Sahl Hasheesh, Red Sea, Makadi Bay, Cairo","priceRange":"$","currenciesAccepted":"euro","paymentAccepted":"cash on site"},{"@type":"PostalAddress","@id":"https:\/\/hurghadalovers.com\/lv\/tours\/privata-atrgaitas-laiva-uz-delfinu-maju-no-hurgadas\/#local-main-place-address","streetAddress":"17 Banks street, Alkawther area, top nbk bank","addressLocality":"hurghada","postalCode":"84511","addressRegion":"red sea","addressCountry":"EG"},{"@type":"ImageObject","inLanguage":"lv-LV","@id":"https:\/\/hurghadalovers.com\/lv\/tours\/privata-atrgaitas-laiva-uz-delfinu-maju-no-hurgadas\/#local-main-organization-logo","url":"https:\/\/hurghadalovers.com\/wp-content\/uploads\/2019\/10\/hurghada-excursions-logo.png","contentUrl":"https:\/\/hurghadalovers.com\/wp-content\/uploads\/2019\/10\/hurghada-excursions-logo.png","width":272,"height":90,"caption":"Hurghada Excursions"}]},"product_brand":"Ekskursijas snorkel\u0113\u0161anas Hurgadas","product_price_amount":"80","product_price_currency":"EUR","og_availability":"instock","product_availability":"instock","product_retailer_item_id":"SpeedBoat9494","product_condition":"new","geo.placename":"hurghada","geo.region":"Egypt"},"_links":{"self":[{"href":"https:\/\/hurghadalovers.com\/lv\/wp-json\/wp\/v2\/product\/336808","targetHints":{"allow":["GET"]}}],"collection":[{"href":"https:\/\/hurghadalovers.com\/lv\/wp-json\/wp\/v2\/product"}],"about":[{"href":"https:\/\/hurghadalovers.com\/lv\/wp-json\/wp\/v2\/types\/product"}],"wp:featuredmedia":[{"embeddable":true,"href":"https:\/\/hurghadalovers.com\/lv\/wp-json\/wp\/v2\/media\/995802"}],"wp:attachment":[{"href":"https:\/\/hurghadalovers.com\/lv\/wp-json\/wp\/v2\/media?parent=336808"}],"wp:term":[{"taxonomy":"product_brand","embeddable":true,"href":"https:\/\/hurghadalovers.com\/lv\/wp-json\/wp\/v2\/product_brand?post=336808"},{"taxonomy":"product_cat","embeddable":true,"href":"https:\/\/hurghadalovers.com\/lv\/wp-json\/wp\/v2\/product_cat?post=336808"},{"taxonomy":"product_tag","embeddable":true,"href":"https:\/\/hurghadalovers.com\/lv\/wp-json\/wp\/v2\/product_tag?post=336808"}],"curies":[{"name":"wp","href":"https:\/\/api.w.org\/{rel}","templated":true}]}}