{"id":393980,"date":"2023-09-02T12:04:50","date_gmt":"2023-09-02T12:07:32","guid":{"rendered":"https:\/\/hurghadalovers.com\/shop\/be-kategorijos\/privacios-keliones-is-el-gunos-i-gizos-piramides-sakkara-ir-islamiskaji-kaira\/"},"modified":"2025-12-31T15:18:42","modified_gmt":"2025-12-31T15:18:42","slug":"privati-el-gouna-iki-gizos-saqqara-ir-islaminio-kairo-piramidziu","status":"publish","type":"product","link":"https:\/\/hurghadalovers.com\/lt\/tours\/privati-el-gouna-iki-gizos-saqqara-ir-islaminio-kairo-piramidziu\/","title":{"rendered":"Priva\u010dios kelion\u0117s i\u0161 El Gunos \u012f Gizos piramides, Sakkar\u0105 ir islami\u0161k\u0105j\u012f Kair\u0105"},"content":{"rendered":"<p><strong>Privati <\/strong><strong>El Guna<\/strong> kelion\u0117 <strong>\u012f Gizos piramides<\/strong>, Sakkar\u0105 ir islami\u0161k\u0105j\u012f Kair\u0105 su priva\u010diu gidu, bilietais ir pietumis.<\/p>\n<p>U\u017esisakykite gra\u017eiausias specialias dienos ekskursijas i\u0161 El Gunos ir aplankykite <strong>piramides<\/strong>, <strong>Sakkaros<\/strong> piramid\u0119, svarbiausias me\u010detes ir <strong>islamo<\/strong> paminklus senov\u0117s Kaire, su\u017einokite nauj\u0105 istorij\u0105 ir faktus apie faraonus ir <strong>senov\u0117s Egipto<\/strong> civilizacij\u0105.<\/p>\n<p><strong>Svarbiausi \u012fvykiai:<\/strong><\/p>\n<ul>\n<li>Gizos piramid\u0117s<\/li>\n<li>Didysis sfinksas.<\/li>\n<li>Sl\u0117nio \u0161ventykla.<\/li>\n<li>Sakkaras<\/li>\n<li>Kairo citadel\u0117 &#8222;Saladino citadel\u0117&#8221;<\/li>\n<li>Ibn Tul\u016bno me\u010det\u0117<\/li>\n<li>Sultono Hasano me\u010det\u0117 ir medres\u0117.<\/li>\n<li>Piet\u016bs restorane.<\/li>\n<\/ul>\n<p><strong>Privatus <\/strong><strong>El Guna<\/strong> <strong>\u012f Gizos piramides I\u0161sami informacija:<\/strong><\/p>\n<ul>\n<li>Ekskursijos prieinamumas: Kiekvien\u0105 dien\u0105.<\/li>\n<li>Ekskursijos tipas: Priva\u010diu automobiliu arba mikroautobusu.<\/li>\n<li>Pasi\u0117mimo laikas: Nuo 12:30 val.<\/li>\n<li>Pra\u0161ymas Vie\u0161butis gauti pusry\u010di\u0173 krep\u0161\u012f su jumis Ryte.<\/li>\n<li>I\u0161vykimo laikas: 20:30 val.<\/li>\n<li>Galimyb\u0117 naudotis ne\u012fgali\u0173j\u0173 ve\u017eim\u0117liais.<\/li>\n<li>Trukm\u0117: 22 val.<\/li>\n<\/ul>\n<p><strong>Rezervuokite dabar ir mok\u0117kite v\u0117liau:<\/strong><\/p>\n<ul>\n<li>Grynieji pinigai vietoje, skirti vadovui.<\/li>\n<li>Apmok\u0117jimas Egipto svarais, $, \u20ac arba \u00a3.<\/li>\n<\/ul>\n<p><strong>At\u0161aukimo politika:<\/strong><\/p>\n<ul>\n<li>At\u0161aukti iki 24 valand\u0173.<\/li>\n<li>Kai kas nors i\u0161 j\u016bs\u0173 \u0161eimos nari\u0173 at\u0161auks ryt\u0105, sumok\u0117site 50 % i\u0161laid\u0173.<\/li>\n<\/ul>\n<p><strong>Kas \u012fskai\u010diuota?<\/strong><\/p>\n<ul>\n<li>Perve\u017eimas i\u0161 El Gouna vie\u0161bu\u010di\u0173 &#8222;Pasitikimas ir i\u0161vykimas i\u0161 vie\u0161bu\u010dio&#8221;.<\/li>\n<li>Visi mokes\u010diai, \u012fva\u017eiavimo mokes\u010diai ir tvarkymo mokes\u010diai.<\/li>\n<li>Pervedimai.<\/li>\n<li>Ekskursij\u0173 vadovas.<\/li>\n<li>G\u0117rimai.<\/li>\n<li>Piet\u016bs restorane.<\/li>\n<\/ul>\n<p><strong>I\u0161imtys?<\/strong><\/p>\n<ul>\n<li>Arbatpinigiai.<\/li>\n<li>Kelion\u0117 felukomis &#8222;Kruizas valtimi&#8221; 35 min. = 10$.<\/li>\n<li>Visi nepamin\u0117ti priedai.<\/li>\n<\/ul>\n<p><strong>Kainos:<\/strong><\/p>\n<ul>\n<li><strong>Suaugusi\u0173j\u0173 kaina = nuo 190$ vienam asmeniui<\/strong>.<\/li>\n<li>Kaina vaikams &#8222;5-12\u2033= 50%.<\/li>\n<li>vaikams &#8222;0-5&#8221; = nemokamai.<\/li>\n<\/ul>\n<p><strong>Atsiliepimai:<\/strong><\/p>\n<p>patikrinti m\u016bs\u0173 &#8222;Google&#8221; \u017eem\u0117lapio Atsiliepimai kaip geriausias <a href=\"https:\/\/g.page\/r\/CUeYvkngP3wkEBM\/review\">kelioni\u0173 operatorius Hurgada<\/a> internete <a href=\"https:\/\/hurghadalovers.com\/\">Hurgada<\/a> Egiptas.<\/p>\n<p><strong>U\u017esakymas:<\/strong><\/p>\n<p>Si\u0173skite vie\u0161but\u012f + kambario numer\u012f + paso nuotrauk\u0105 \u012f &#8222;WhatsApp&#8221;: <strong>+201112596434<\/strong><\/p>\n<p>Jei i\u0161 Egipto U\u017esakymas dabar internetu ir patvirtinti, kai atvykimo vie\u0161butis.<\/p>\n<p>&nbsp;<\/p>\n<p>&nbsp;<\/p>\n","protected":false},"excerpt":{"rendered":"<p><strong>Privati <\/strong><strong>El Guna<\/strong> kelion\u0117 <strong>\u012f Gizos piramides<\/strong>, Sakkar\u0105 ir islami\u0161k\u0105j\u012f Kair\u0105 su priva\u010diu gidu, bilietais ir pietumis.<\/p>\n<p>U\u017esisakykite gra\u017eiausias ypatingos dienos ekskursijas<\/p>\n","protected":false},"featured_media":393757,"template":"","meta":{"_joinchat":[]},"product_brand":[],"product_cat":[36662],"product_tag":[],"class_list":{"0":"post-393980","1":"product","2":"type-product","3":"status-publish","4":"has-post-thumbnail","6":"product_cat-ekskursijos","7":"tour_category-ekskursijos-i-el-guna","8":"tour_category-ekskursijos-is-el-gunos-i-piramides","10":"first","11":"instock","12":"sale","13":"shipping-taxable","14":"purchasable","15":"product-type-tour"},"yoast_head":"<!-- This site is optimized with the Yoast SEO Premium plugin v26.9 (Yoast SEO v27.2) - https:\/\/yoast.com\/product\/yoast-seo-premium-wordpress\/ -->\n<title>Priva\u010dios kelion\u0117s i\u0161 El Gunos \u012f Gizos piramides, Sakkar\u0105 ir islami\u0161k\u0105j\u012f Kair\u0105<\/title>\n<meta name=\"description\" content=\"Privati El Guna kelion\u0117 \u012f Gizos piramides, Sakkar\u0105 ir islami\u0161k\u0105j\u012f Kair\u0105 su priva\u010diu gidu, bilietais ir pietumis. U\u017esisakykite gra\u017eiausias specialios dienos ekskursijas\" \/>\n<meta name=\"robots\" content=\"index, follow, max-snippet:-1, max-image-preview:large, max-video-preview:-1\" \/>\n<link rel=\"canonical\" href=\"https:\/\/hurghadalovers.com\/lt\/tours\/privati-el-gouna-iki-gizos-saqqara-ir-islaminio-kairo-piramidziu\/\" \/>\n<meta property=\"og:locale\" content=\"lt_LT\" \/>\n<meta property=\"og:type\" content=\"article\" \/>\n<meta property=\"og:title\" content=\"Priva\u010dios kelion\u0117s i\u0161 El Gunos \u012f Gizos piramides, Sakkar\u0105 ir islami\u0161k\u0105j\u012f Kair\u0105\" \/>\n<meta property=\"og:description\" content=\"Privati El Guna kelion\u0117 \u012f Gizos piramides, Sakkar\u0105 ir islami\u0161k\u0105j\u012f Kair\u0105 su priva\u010diu gidu, bilietais ir pietumis. U\u017esisakykite gra\u017eiausias specialios dienos ekskursijas\" \/>\n<meta property=\"og:url\" content=\"https:\/\/hurghadalovers.com\/lt\/tours\/privati-el-gouna-iki-gizos-saqqara-ir-islaminio-kairo-piramidziu\/\" \/>\n<meta property=\"og:site_name\" content=\"Hurghada Excursions &amp; Day Trips | Booking Best Prices Tours\" \/>\n<meta property=\"article:publisher\" content=\"https:\/\/www.facebook.com\/Hurghadaloversegypt\" \/>\n<meta property=\"article:modified_time\" content=\"2025-12-31T15:18:42+00:00\" \/>\n<meta property=\"og:image\" content=\"https:\/\/hurghadalovers.com\/wp-content\/uploads\/2023\/09\/Private-El-Gouna-to-Pyramids-of-Giza.jpeg\" \/>\n\t<meta property=\"og:image:width\" content=\"1536\" \/>\n\t<meta property=\"og:image:height\" content=\"795\" \/>\n\t<meta property=\"og:image:type\" content=\"image\/jpeg\" \/>\n<meta name=\"twitter:card\" content=\"summary_large_image\" \/>\n<meta name=\"twitter:label1\" content=\"Price\" \/>\n\t<meta name=\"twitter:data1\" content=\"&euro;&nbsp;190\" \/>\n\t<meta name=\"twitter:label2\" content=\"Availability\" \/>\n\t<meta name=\"twitter:data2\" content=\"In stock\" \/>\n<script type=\"application\/ld+json\" class=\"yoast-schema-graph\">{\"@context\":\"https:\/\/schema.org\",\"@graph\":[{\"@type\":[\"WebPage\",\"ItemPage\"],\"@id\":\"https:\/\/hurghadalovers.com\/lt\/tours\/privati-el-gouna-iki-gizos-saqqara-ir-islaminio-kairo-piramidziu\/\",\"url\":\"https:\/\/hurghadalovers.com\/lt\/tours\/privati-el-gouna-iki-gizos-saqqara-ir-islaminio-kairo-piramidziu\/\",\"name\":\"Priva\u010dios kelion\u0117s i\u0161 El Gunos \u012f Gizos piramides, Sakkar\u0105 ir islami\u0161k\u0105j\u012f Kair\u0105\",\"isPartOf\":{\"@id\":\"https:\/\/hurghadalovers.com\/lt\/#website\"},\"primaryImageOfPage\":{\"@id\":\"https:\/\/hurghadalovers.com\/lt\/tours\/privati-el-gouna-iki-gizos-saqqara-ir-islaminio-kairo-piramidziu\/#primaryimage\"},\"image\":{\"@id\":\"https:\/\/hurghadalovers.com\/lt\/tours\/privati-el-gouna-iki-gizos-saqqara-ir-islaminio-kairo-piramidziu\/#primaryimage\"},\"thumbnailUrl\":\"https:\/\/hurghadalovers.com\/wp-content\/uploads\/2023\/09\/Private-El-Gouna-to-Pyramids-of-Giza.jpeg\",\"datePublished\":\"2023-09-02T12:07:32+00:00\",\"dateModified\":\"2025-12-31T15:18:42+00:00\",\"description\":\"Privati El Guna kelion\u0117 \u012f Gizos piramides, Sakkar\u0105 ir islami\u0161k\u0105j\u012f Kair\u0105 su priva\u010diu gidu, bilietais ir pietumis. U\u017esisakykite gra\u017eiausias specialios dienos ekskursijas\",\"breadcrumb\":{\"@id\":\"https:\/\/hurghadalovers.com\/lt\/tours\/privati-el-gouna-iki-gizos-saqqara-ir-islaminio-kairo-piramidziu\/#breadcrumb\"},\"inLanguage\":\"lt-LT\",\"potentialAction\":[{\"@type\":\"ReadAction\",\"target\":[\"https:\/\/hurghadalovers.com\/lt\/tours\/privati-el-gouna-iki-gizos-saqqara-ir-islaminio-kairo-piramidziu\/\"]}]},{\"@type\":\"ImageObject\",\"inLanguage\":\"lt-LT\",\"@id\":\"https:\/\/hurghadalovers.com\/lt\/tours\/privati-el-gouna-iki-gizos-saqqara-ir-islaminio-kairo-piramidziu\/#primaryimage\",\"url\":\"https:\/\/hurghadalovers.com\/wp-content\/uploads\/2023\/09\/Private-El-Gouna-to-Pyramids-of-Giza.jpeg\",\"contentUrl\":\"https:\/\/hurghadalovers.com\/wp-content\/uploads\/2023\/09\/Private-El-Gouna-to-Pyramids-of-Giza.jpeg\",\"width\":1536,\"height\":795,\"caption\":\"Private El Gouna to Pyramids of Giza\"},{\"@type\":\"BreadcrumbList\",\"@id\":\"https:\/\/hurghadalovers.com\/lt\/tours\/privati-el-gouna-iki-gizos-saqqara-ir-islaminio-kairo-piramidziu\/#breadcrumb\",\"itemListElement\":[{\"@type\":\"ListItem\",\"position\":1,\"name\":\"Home\",\"item\":\"https:\/\/hurghadalovers.com\/lt\/\"},{\"@type\":\"ListItem\",\"position\":2,\"name\":\"Shop\",\"item\":\"https:\/\/hurghadalovers.com\/shop\/\"},{\"@type\":\"ListItem\",\"position\":3,\"name\":\"Priva\u010dios kelion\u0117s i\u0161 El Gunos \u012f Gizos piramides, Sakkar\u0105 ir islami\u0161k\u0105j\u012f Kair\u0105\"}]},{\"@type\":\"WebSite\",\"@id\":\"https:\/\/hurghadalovers.com\/lt\/#website\",\"url\":\"https:\/\/hurghadalovers.com\/lt\/\",\"name\":\"Hurghada Excursions & Day Trips | Booking Best Prices Tours\",\"description\":\"Hurghada Lovers - Best Tour Operator - Excursions &amp; Things to do for Family Day Trips with kids and Couples Romantic. Unique .Hidden gems\",\"publisher\":{\"@id\":\"https:\/\/hurghadalovers.com\/lt\/#organization\"},\"alternateName\":\"Hurghada Excursions\",\"potentialAction\":[{\"@type\":\"SearchAction\",\"target\":{\"@type\":\"EntryPoint\",\"urlTemplate\":\"https:\/\/hurghadalovers.com\/lt\/?s={search_term_string}\"},\"query-input\":{\"@type\":\"PropertyValueSpecification\",\"valueRequired\":true,\"valueName\":\"search_term_string\"}}],\"inLanguage\":\"lt-LT\"},{\"@type\":[\"Organization\",\"Place\",\"TravelAgency\"],\"@id\":\"https:\/\/hurghadalovers.com\/lt\/#organization\",\"name\":\"Hurghada Excursions\",\"url\":\"https:\/\/hurghadalovers.com\/lt\/\",\"logo\":{\"@id\":\"https:\/\/hurghadalovers.com\/lt\/tours\/privati-el-gouna-iki-gizos-saqqara-ir-islaminio-kairo-piramidziu\/#local-main-organization-logo\"},\"image\":{\"@id\":\"https:\/\/hurghadalovers.com\/lt\/tours\/privati-el-gouna-iki-gizos-saqqara-ir-islaminio-kairo-piramidziu\/#local-main-organization-logo\"},\"sameAs\":[\"https:\/\/www.facebook.com\/Hurghadaloversegypt\"],\"address\":{\"@id\":\"https:\/\/hurghadalovers.com\/lt\/tours\/privati-el-gouna-iki-gizos-saqqara-ir-islaminio-kairo-piramidziu\/#local-main-place-address\"},\"telephone\":[\"00201112596434\"],\"contactPoint\":{\"@type\":\"ContactPoint\",\"telephone\":\"00201112596434\",\"email\":\"weyouface@gmail.com\"},\"openingHoursSpecification\":{\"@type\":\"OpeningHoursSpecification\",\"dayOfWeek\":[\"Monday\",\"Tuesday\",\"Wednesday\",\"Thursday\",\"Friday\",\"Saturday\",\"Sunday\"],\"opens\":\"00:00\",\"closes\":\"23:59\"},\"email\":\"weyouface@gmail.com\",\"areaServed\":\"Luxor, Hurghada, El Gouna, Aswan, Sharm El Sheikh, Giza, Alexandria, Marsa Alam, Quseir, Soma Bay, Sahl Hasheesh, Red Sea, Makadi Bay, Cairo\",\"priceRange\":\"$\",\"currenciesAccepted\":\"euro\",\"paymentAccepted\":\"cash on site\"},{\"@type\":\"PostalAddress\",\"@id\":\"https:\/\/hurghadalovers.com\/lt\/tours\/privati-el-gouna-iki-gizos-saqqara-ir-islaminio-kairo-piramidziu\/#local-main-place-address\",\"streetAddress\":\"17 Banks street, Alkawther area, top nbk bank\",\"addressLocality\":\"hurghada\",\"postalCode\":\"84511\",\"addressRegion\":\"red sea\",\"addressCountry\":\"EG\"},{\"@type\":\"ImageObject\",\"inLanguage\":\"lt-LT\",\"@id\":\"https:\/\/hurghadalovers.com\/lt\/tours\/privati-el-gouna-iki-gizos-saqqara-ir-islaminio-kairo-piramidziu\/#local-main-organization-logo\",\"url\":\"https:\/\/hurghadalovers.com\/wp-content\/uploads\/2019\/10\/hurghada-excursions-logo.png\",\"contentUrl\":\"https:\/\/hurghadalovers.com\/wp-content\/uploads\/2019\/10\/hurghada-excursions-logo.png\",\"width\":272,\"height\":90,\"caption\":\"Hurghada Excursions\"}]}<\/script>\n<meta property=\"product:brand\" content=\"Ekskursijos El Gouna\" \/>\n<meta property=\"product:price:amount\" content=\"190\" \/>\n<meta property=\"product:price:currency\" content=\"EUR\" \/>\n<meta property=\"og:availability\" content=\"instock\" \/>\n<meta property=\"product:availability\" content=\"instock\" \/>\n<meta property=\"product:retailer_item_id\" content=\"Gouna032024\" \/>\n<meta property=\"product:condition\" content=\"new\" \/>\n<meta name=\"geo.placename\" content=\"hurghada\" \/>\n<meta name=\"geo.region\" content=\"Egypt\" \/>\n<!-- \/ Yoast SEO Premium plugin. -->","yoast_head_json":{"title":"Priva\u010dios kelion\u0117s i\u0161 El Gunos \u012f Gizos piramides, Sakkar\u0105 ir islami\u0161k\u0105j\u012f Kair\u0105","description":"Privati El Guna kelion\u0117 \u012f Gizos piramides, Sakkar\u0105 ir islami\u0161k\u0105j\u012f Kair\u0105 su priva\u010diu gidu, bilietais ir pietumis. U\u017esisakykite gra\u017eiausias specialios dienos ekskursijas","robots":{"index":"index","follow":"follow","max-snippet":"max-snippet:-1","max-image-preview":"max-image-preview:large","max-video-preview":"max-video-preview:-1"},"canonical":"https:\/\/hurghadalovers.com\/lt\/tours\/privati-el-gouna-iki-gizos-saqqara-ir-islaminio-kairo-piramidziu\/","og_locale":"lt_LT","og_type":"article","og_title":"Priva\u010dios kelion\u0117s i\u0161 El Gunos \u012f Gizos piramides, Sakkar\u0105 ir islami\u0161k\u0105j\u012f Kair\u0105","og_description":"Privati El Guna kelion\u0117 \u012f Gizos piramides, Sakkar\u0105 ir islami\u0161k\u0105j\u012f Kair\u0105 su priva\u010diu gidu, bilietais ir pietumis. U\u017esisakykite gra\u017eiausias specialios dienos ekskursijas","og_url":"https:\/\/hurghadalovers.com\/lt\/tours\/privati-el-gouna-iki-gizos-saqqara-ir-islaminio-kairo-piramidziu\/","og_site_name":"Hurghada Excursions &amp; Day Trips | Booking Best Prices Tours","article_publisher":"https:\/\/www.facebook.com\/Hurghadaloversegypt","article_modified_time":"2025-12-31T15:18:42+00:00","og_image":[{"width":1536,"height":795,"url":"https:\/\/hurghadalovers.com\/wp-content\/uploads\/2023\/09\/Private-El-Gouna-to-Pyramids-of-Giza.jpeg","type":"image\/jpeg"}],"twitter_card":"summary_large_image","twitter_misc":{"Price":"&euro;&nbsp;190","Availability":"In stock"},"schema":{"@context":"https:\/\/schema.org","@graph":[{"@type":["WebPage","ItemPage"],"@id":"https:\/\/hurghadalovers.com\/lt\/tours\/privati-el-gouna-iki-gizos-saqqara-ir-islaminio-kairo-piramidziu\/","url":"https:\/\/hurghadalovers.com\/lt\/tours\/privati-el-gouna-iki-gizos-saqqara-ir-islaminio-kairo-piramidziu\/","name":"Priva\u010dios kelion\u0117s i\u0161 El Gunos \u012f Gizos piramides, Sakkar\u0105 ir islami\u0161k\u0105j\u012f Kair\u0105","isPartOf":{"@id":"https:\/\/hurghadalovers.com\/lt\/#website"},"primaryImageOfPage":{"@id":"https:\/\/hurghadalovers.com\/lt\/tours\/privati-el-gouna-iki-gizos-saqqara-ir-islaminio-kairo-piramidziu\/#primaryimage"},"image":{"@id":"https:\/\/hurghadalovers.com\/lt\/tours\/privati-el-gouna-iki-gizos-saqqara-ir-islaminio-kairo-piramidziu\/#primaryimage"},"thumbnailUrl":"https:\/\/hurghadalovers.com\/wp-content\/uploads\/2023\/09\/Private-El-Gouna-to-Pyramids-of-Giza.jpeg","datePublished":"2023-09-02T12:07:32+00:00","dateModified":"2025-12-31T15:18:42+00:00","description":"Privati El Guna kelion\u0117 \u012f Gizos piramides, Sakkar\u0105 ir islami\u0161k\u0105j\u012f Kair\u0105 su priva\u010diu gidu, bilietais ir pietumis. U\u017esisakykite gra\u017eiausias specialios dienos ekskursijas","breadcrumb":{"@id":"https:\/\/hurghadalovers.com\/lt\/tours\/privati-el-gouna-iki-gizos-saqqara-ir-islaminio-kairo-piramidziu\/#breadcrumb"},"inLanguage":"lt-LT","potentialAction":[{"@type":"ReadAction","target":["https:\/\/hurghadalovers.com\/lt\/tours\/privati-el-gouna-iki-gizos-saqqara-ir-islaminio-kairo-piramidziu\/"]}]},{"@type":"ImageObject","inLanguage":"lt-LT","@id":"https:\/\/hurghadalovers.com\/lt\/tours\/privati-el-gouna-iki-gizos-saqqara-ir-islaminio-kairo-piramidziu\/#primaryimage","url":"https:\/\/hurghadalovers.com\/wp-content\/uploads\/2023\/09\/Private-El-Gouna-to-Pyramids-of-Giza.jpeg","contentUrl":"https:\/\/hurghadalovers.com\/wp-content\/uploads\/2023\/09\/Private-El-Gouna-to-Pyramids-of-Giza.jpeg","width":1536,"height":795,"caption":"Private El Gouna to Pyramids of Giza"},{"@type":"BreadcrumbList","@id":"https:\/\/hurghadalovers.com\/lt\/tours\/privati-el-gouna-iki-gizos-saqqara-ir-islaminio-kairo-piramidziu\/#breadcrumb","itemListElement":[{"@type":"ListItem","position":1,"name":"Home","item":"https:\/\/hurghadalovers.com\/lt\/"},{"@type":"ListItem","position":2,"name":"Shop","item":"https:\/\/hurghadalovers.com\/shop\/"},{"@type":"ListItem","position":3,"name":"Priva\u010dios kelion\u0117s i\u0161 El Gunos \u012f Gizos piramides, Sakkar\u0105 ir islami\u0161k\u0105j\u012f Kair\u0105"}]},{"@type":"WebSite","@id":"https:\/\/hurghadalovers.com\/lt\/#website","url":"https:\/\/hurghadalovers.com\/lt\/","name":"Hurghada Excursions & Day Trips | Booking Best Prices Tours","description":"Hurghada Lovers - Best Tour Operator - Excursions &amp; Things to do for Family Day Trips with kids and Couples Romantic. Unique .Hidden gems","publisher":{"@id":"https:\/\/hurghadalovers.com\/lt\/#organization"},"alternateName":"Hurghada Excursions","potentialAction":[{"@type":"SearchAction","target":{"@type":"EntryPoint","urlTemplate":"https:\/\/hurghadalovers.com\/lt\/?s={search_term_string}"},"query-input":{"@type":"PropertyValueSpecification","valueRequired":true,"valueName":"search_term_string"}}],"inLanguage":"lt-LT"},{"@type":["Organization","Place","TravelAgency"],"@id":"https:\/\/hurghadalovers.com\/lt\/#organization","name":"Hurghada Excursions","url":"https:\/\/hurghadalovers.com\/lt\/","logo":{"@id":"https:\/\/hurghadalovers.com\/lt\/tours\/privati-el-gouna-iki-gizos-saqqara-ir-islaminio-kairo-piramidziu\/#local-main-organization-logo"},"image":{"@id":"https:\/\/hurghadalovers.com\/lt\/tours\/privati-el-gouna-iki-gizos-saqqara-ir-islaminio-kairo-piramidziu\/#local-main-organization-logo"},"sameAs":["https:\/\/www.facebook.com\/Hurghadaloversegypt"],"address":{"@id":"https:\/\/hurghadalovers.com\/lt\/tours\/privati-el-gouna-iki-gizos-saqqara-ir-islaminio-kairo-piramidziu\/#local-main-place-address"},"telephone":["00201112596434"],"contactPoint":{"@type":"ContactPoint","telephone":"00201112596434","email":"weyouface@gmail.com"},"openingHoursSpecification":{"@type":"OpeningHoursSpecification","dayOfWeek":["Monday","Tuesday","Wednesday","Thursday","Friday","Saturday","Sunday"],"opens":"00:00","closes":"23:59"},"email":"weyouface@gmail.com","areaServed":"Luxor, Hurghada, El Gouna, Aswan, Sharm El Sheikh, Giza, Alexandria, Marsa Alam, Quseir, Soma Bay, Sahl Hasheesh, Red Sea, Makadi Bay, Cairo","priceRange":"$","currenciesAccepted":"euro","paymentAccepted":"cash on site"},{"@type":"PostalAddress","@id":"https:\/\/hurghadalovers.com\/lt\/tours\/privati-el-gouna-iki-gizos-saqqara-ir-islaminio-kairo-piramidziu\/#local-main-place-address","streetAddress":"17 Banks street, Alkawther area, top nbk bank","addressLocality":"hurghada","postalCode":"84511","addressRegion":"red sea","addressCountry":"EG"},{"@type":"ImageObject","inLanguage":"lt-LT","@id":"https:\/\/hurghadalovers.com\/lt\/tours\/privati-el-gouna-iki-gizos-saqqara-ir-islaminio-kairo-piramidziu\/#local-main-organization-logo","url":"https:\/\/hurghadalovers.com\/wp-content\/uploads\/2019\/10\/hurghada-excursions-logo.png","contentUrl":"https:\/\/hurghadalovers.com\/wp-content\/uploads\/2019\/10\/hurghada-excursions-logo.png","width":272,"height":90,"caption":"Hurghada Excursions"}]},"product_brand":"Ekskursijos El Gouna","product_price_amount":"190","product_price_currency":"EUR","og_availability":"instock","product_availability":"instock","product_retailer_item_id":"Gouna032024","product_condition":"new","geo.placename":"hurghada","geo.region":"Egypt"},"_links":{"self":[{"href":"https:\/\/hurghadalovers.com\/lt\/wp-json\/wp\/v2\/product\/393980","targetHints":{"allow":["GET"]}}],"collection":[{"href":"https:\/\/hurghadalovers.com\/lt\/wp-json\/wp\/v2\/product"}],"about":[{"href":"https:\/\/hurghadalovers.com\/lt\/wp-json\/wp\/v2\/types\/product"}],"wp:featuredmedia":[{"embeddable":true,"href":"https:\/\/hurghadalovers.com\/lt\/wp-json\/wp\/v2\/media\/393757"}],"wp:attachment":[{"href":"https:\/\/hurghadalovers.com\/lt\/wp-json\/wp\/v2\/media?parent=393980"}],"wp:term":[{"taxonomy":"product_brand","embeddable":true,"href":"https:\/\/hurghadalovers.com\/lt\/wp-json\/wp\/v2\/product_brand?post=393980"},{"taxonomy":"product_cat","embeddable":true,"href":"https:\/\/hurghadalovers.com\/lt\/wp-json\/wp\/v2\/product_cat?post=393980"},{"taxonomy":"product_tag","embeddable":true,"href":"https:\/\/hurghadalovers.com\/lt\/wp-json\/wp\/v2\/product_tag?post=393980"}],"curies":[{"name":"wp","href":"https:\/\/api.w.org\/{rel}","templated":true}]}}