{"id":392288,"date":"2023-09-01T20:53:12","date_gmt":"2023-09-01T20:55:40","guid":{"rendered":"https:\/\/hurghadalovers.com\/shop\/be-kategorijos\/privacios-ekskursijos-keturraciais-dviraciais-sahl-hasheesh\/"},"modified":"2026-02-08T22:48:57","modified_gmt":"2026-02-08T22:48:57","slug":"sahl-hasheesh-privatus-keturvalciu-dviraciu-turas","status":"publish","type":"product","link":"https:\/\/hurghadalovers.com\/lt\/tours\/sahl-hasheesh-privatus-keturvalciu-dviraciu-turas\/","title":{"rendered":"Priva\u010dios ekskursijos keturra\u010diais dvira\u010diais Sahl Hasheesh"},"content":{"rendered":"<p><strong>Sahl Hasheesh<\/strong> <strong>Priva\u010dios ekskursijos keturra\u010diais<\/strong> dykumoje Safari \u012f beduin\u0173 kaim\u0105 su pasiva\u017ein\u0117jimu kupranugariais.<\/p>\n<p>Ie\u0161kote <strong>privatumo<\/strong> ir leid\u017eiat\u0117s \u012f nepakartojam\u0105 <strong>nuotyk\u012f va\u017ein\u0117dami keturra\u010diais motociklais<\/strong> dykumoje? Prisijunkite prie gra\u017eiausi\u0173 <strong>safario kelioni\u0173<\/strong> \u0161eimoms ir poroms ir va\u017eiuokite 25 km dykumoje, kad i\u0161vystum\u0117te <strong>adrenalin\u0105<\/strong>, kol pasieksite <strong>beduin\u0173 kaim\u0105<\/strong>, tada <strong>va\u017eiuokite kupranugariu<\/strong> ir su\u017einokite apie beduin\u0173 gyvenim\u0105 su <strong>privataus safario gido<\/strong> pagalba, kontroliuokite savo laik\u0105 ir daugiau privatumo bei <strong>prabangos<\/strong>.<\/p>\n<p style=\"text-align: center;\"><span style=\"color: #993300;\">Geriausi dalykai, kuriuos galima nuveikti Sahl Hasheesh, skirti <strong>\u0161eimai draugi\u0161kai veiklai<\/strong> ir <strong>romanti\u0161kam<\/strong> bei <strong>por\u0173 medaus m\u0117nesiui<\/strong><\/span><\/p>\n<p>&nbsp;<\/p>\n<p><strong>Svarbiausi \u012fvykiai:<\/strong><\/p>\n<ol>\n<li>Pasiva\u017ein\u0117jimas keturra\u010diais.<\/li>\n<li>Pasiva\u017ein\u0117jimas kupranugariais.<\/li>\n<li>Beduin\u0173 kaimas.<\/li>\n<\/ol>\n<p><strong>Priva\u010dios ekskursijos keturra\u010diais detal\u0117s:<\/strong><\/p>\n<ul>\n<li>Ekskursijos prieinamumas: Kiekvien\u0105 dien\u0105.<\/li>\n<li>Ekskursijos tipas: Grup\u0117.<\/li>\n<li>Pasi\u0117mimo laikas: nuo 08:00 arba po piet\u0173 nuo 14:00.<\/li>\n<li>I\u0161vykimo laikas: 11:45 val. Arba saul\u0117lyd\u017eio laikas.<\/li>\n<li>Trukm\u0117: trukm\u0117 3 val.<\/li>\n<\/ul>\n<p><strong>Rezervuokite dabar ir mok\u0117kite v\u0117liau:<\/strong><\/p>\n<ul>\n<li>Grynieji pinigai vietoje, skirti vadovui.<\/li>\n<li>Apmok\u0117jimas Egipto svarais, $, \u20ac arba \u00a3.<\/li>\n<\/ul>\n<p><strong>At\u0161aukimo politika:<\/strong><\/p>\n<ul>\n<li>At\u0161aukti iki 24 valand\u0173.<\/li>\n<li>Kai kas nors i\u0161 j\u016bs\u0173 \u0161eimos nari\u0173 at\u0161auks ryt\u0105, sumok\u0117site 50 % i\u0161laid\u0173.<\/li>\n<\/ul>\n<p><strong>Kas \u012fskai\u010diuota?<\/strong><\/p>\n<ul>\n<li>Perve\u017eimas i\u0161 Sahl Hasheesh vie\u0161bu\u010di\u0173 &#8222;Pasi\u0117mimas i\u0161 vie\u0161bu\u010dio ir i\u0161ve\u017eimas&#8221;.<\/li>\n<li>Visi mokes\u010diai, \u012fva\u017eiavimo mokes\u010diai ir tvarkymo mokes\u010diai.<\/li>\n<li>Pervedimai.<\/li>\n<li>Ekskursij\u0173 vadovas.<\/li>\n<li>\u0160almas.<\/li>\n<\/ul>\n<p><strong>I\u0161imtys?<\/strong><\/p>\n<ul>\n<li>\u0160alikas<\/li>\n<li>Apsauginiai akiniai<\/li>\n<li>Arbatpinigiai.<\/li>\n<li>Kelion\u0117s fotografija.<\/li>\n<li>Visi nepamin\u0117ti priedai.<\/li>\n<\/ul>\n<p><strong>Priva\u010dios ekskursijos keturra\u010diais Kainos:<\/strong><\/p>\n<ul>\n<li><strong>Kaina suaugusiems = 40$ vienam asmeniui<\/strong>.<\/li>\n<\/ul>\n<p><strong>Atsiliepimai:<\/strong><\/p>\n<p>patikrinti m\u016bs\u0173 &#8222;Google&#8221; \u017eem\u0117lapio Atsiliepimai kaip geriausias <a href=\"https:\/\/g.page\/r\/CUeYvkngP3wkEBM\/review\">kelioni\u0173 operatorius Hurgada<\/a> internete <a href=\"https:\/\/hurghadalovers.com\/\">Hurgada<\/a> Egiptas.<\/p>\n<p><strong>U\u017esakymas:<\/strong><\/p>\n<p>Si\u0173skite vie\u0161but\u012f + kambario numer\u012f + paso nuotrauk\u0105 \u012f &#8222;WhatsApp&#8221;: <strong>+201112596434<\/strong><\/p>\n<p>Jei i\u0161 Egipto U\u017esakymas dabar internetu ir patvirtinti, kai atvykimo vie\u0161butis.<\/p>\n<p><span style=\"color: #ff0000;\">&#8212;&#8212; | &#8212;&#8212;&#8212;&#8212;&#8211; | &#8212;&#8212;&#8212;-<\/span><\/p>\n<p>&nbsp;<\/p>\n<p>Patikrinkite m\u016bs\u0173 <a href=\"https:\/\/hurghadalovers.com\/tour-category\/sahl-hasheesh-tours\/\"><strong>Sahl Hasheesh ekskursijos<\/strong><\/a> &#8211; <a href=\"https:\/\/hurghadalovers.com\/tour-category\/safari-sahl-hasheesh\/\"><strong>Ekskursija keturra\u010diais i\u0161 Sahl Hasheesh<\/strong><\/a>:<\/p>\n<ul>\n<li><a href=\"https:\/\/hurghadalovers.com\/tours\/sahl-hasheesh-morning-quad-biking-tour\/\">Sahl Hasheesh rytin\u0117 ekskursija keturra\u010diais<\/a><\/li>\n<li><a href=\"https:\/\/hurghadalovers.com\/tours\/sahl-hasheesh-sunset-quad-biking-tour\/\">Sahl Hasheesh saul\u0117lyd\u017eio ekskursija keturra\u010diais<\/a><\/li>\n<li><a href=\"https:\/\/hurghadalovers.com\/tours\/sahl-hasheesh-super-jeep-safari-trip\/\">Sahl Hasheesh Super Jeep Safari kelion\u0117<\/a><\/li>\n<li><a href=\"https:\/\/hurghadalovers.com\/tours\/sahl-hasheesh-desert-safaris-with-kids\/\"><strong>Sahl Hasheesh dykumos safaris su vaikais<\/strong><\/a><\/li>\n<li><a href=\"https:\/\/hurghadalovers.com\/tours\/cheap-quad-biking-tours-from-sahl-hasheesh-2hr\/\">Pig\u016bs keturra\u010di\u0173 \u017eygiai i\u0161 Sahl Hasheesh<\/a> &#8211; 2 val.<\/li>\n<li><a href=\"https:\/\/hurghadalovers.com\/tours\/sunset-buggy-tour-from-sahl-hasheesh\/\">Saul\u0117lyd\u017eio kelion\u0117 su bagiais i\u0161 Sahl Ha\u0161e\u0161o<\/a><\/li>\n<li><a href=\"https:\/\/hurghadalovers.com\/tours\/morning-buggy-tour-from-sahl-hasheesh\/\">Rytin\u0117 ekskursija su bagiais i\u0161 Sahl Ha\u0161e\u0161o<\/a><\/li>\n<li><a href=\"https:\/\/hurghadalovers.com\/tours\/morning-jeep-safari-trip-from-sahl-hasheesh\/\">Rytin\u0117 d\u017eip\u0173 safario kelion\u0117 i\u0161 Sahl Hasheesh<\/a><\/li>\n<li><a href=\"https:\/\/hurghadalovers.com\/tours\/sahl-hasheesh-private-jeep-safari-trip\/\">Sahl Hasheesh Privati d\u017eip\u0173 safario kelion\u0117<\/a><\/li>\n<li>Priva\u010dios ekskursijos keturra\u010diais dvira\u010diais Sahl Hasheesh<\/li>\n<\/ul>\n<p><a href=\"https:\/\/hurghadalovers.com\/tour-category\/things-to-do-in-sahl-hasheesh\/\"><strong>K\u0105 veikti Sahl Hasheesh<\/strong><\/a><\/p>\n<p><a href=\"https:\/\/hurghadalovers.com\/tours\/parasailing-sahl-hasheesh\/\">Skraidymas parasparniu Sahl Hasheesh<\/a><\/p>\n","protected":false},"excerpt":{"rendered":"<p><strong>Sahl Hasheesh<\/strong> <strong>Priva\u010dios ekskursijos keturra\u010diais<\/strong> dykumoje Safari \u012f beduin\u0173 kaim\u0105 su pasiva\u017ein\u0117jimu kupranugariais. Ie\u0161kote <strong>privatumo<\/strong> ir leid\u017eiat\u0117s \u012f unikal\u0173 <strong>nuotyk\u012f va\u017eiuodami keturra\u010diais motociklais<\/strong><\/p>\n","protected":false},"featured_media":935396,"template":"","meta":{"_joinchat":[]},"product_brand":[],"product_cat":[36662],"product_tag":[49576,49587,49523,49533,49593,49584,49571,49529,49538,49558,49567,49580,49550,49554,49563,49542,49545,49591],"class_list":{"0":"post-392288","1":"product","2":"type-product","3":"status-publish","4":"has-post-thumbnail","6":"product_cat-ekskursijos","7":"product_tag-atv-sahl-hasheesh-lt","8":"product_tag-beduinu-kaimas-sahl-hasheesh","9":"product_tag-dienos-isvykos-is-sahl-hasheesh","10":"product_tag-dienos-turai-is-sahl-hasheesh","11":"product_tag-ekskursija-su-bagiais-po-sahl-hasheesh","12":"product_tag-jodinejimas-kupranugariais-sahl-hasheesh","13":"product_tag-keturraciai-sahl-hasheesh","14":"product_tag-lankytinos-vietos-sahl-hasheesh","15":"product_tag-romantiska-veikla-poroms-sahl-hasheesh-mieste","16":"product_tag-safari-dykumoje-sahl-hasheesh","17":"product_tag-safari-sahara-sahl-hasheesh-lt","18":"product_tag-safari-turas-sahl-hasheesh","19":"product_tag-sahl-hasheesh-seimai-draugiska-veikla","20":"product_tag-sahl-hasisas-ekskursijos-vaikams","21":"product_tag-sahl-hasiso-safaris-su-bagiais","22":"product_tag-uzdaros-poroms-skirtos-veiklos-sahl-hasheesh","23":"product_tag-veikla-2-metu-vaikams-is-sahl-hasheesh","24":"product_tag-zvaigzdziu-stebejimas-sahl-hasheesh","25":"tour_category-ekskursija-keturraciais-is-sahl-haseso","26":"tour_category-sahl-hasheesh-ekskursijos","28":"first","29":"instock","30":"sale","31":"shipping-taxable","32":"purchasable","33":"product-type-tour"},"yoast_head":"<!-- This site is optimized with the Yoast SEO Premium plugin v26.9 (Yoast SEO v27.2) - https:\/\/yoast.com\/product\/yoast-seo-premium-wordpress\/ -->\n<title>Priva\u010dios ekskursijos keturra\u010diais dvira\u010diais Sahl Hasheesh<\/title>\n<meta name=\"description\" content=\"Sahl Hasheesh Priva\u010dios ekskursijos keturra\u010diais dykumoje Safari \u012f beduin\u0173 kaim\u0105 su pasiva\u017ein\u0117jimu kupranugariais. Ie\u0161kote privatumo ir leid\u017eiat\u0117s \u012f nepakartojam\u0105 nuotyk\u012f\" \/>\n<meta name=\"robots\" content=\"index, follow, max-snippet:-1, max-image-preview:large, max-video-preview:-1\" \/>\n<link rel=\"canonical\" href=\"https:\/\/hurghadalovers.com\/lt\/tours\/sahl-hasheesh-privatus-keturvalciu-dviraciu-turas\/\" \/>\n<meta property=\"og:locale\" content=\"lt_LT\" \/>\n<meta property=\"og:type\" content=\"article\" \/>\n<meta property=\"og:title\" content=\"Priva\u010dios ekskursijos keturra\u010diais dvira\u010diais Sahl Hasheesh\" \/>\n<meta property=\"og:description\" content=\"Sahl Hasheesh Priva\u010dios ekskursijos keturra\u010diais dykumoje Safari \u012f beduin\u0173 kaim\u0105 su pasiva\u017ein\u0117jimu kupranugariais. Ie\u0161kote privatumo ir leid\u017eiat\u0117s \u012f nepakartojam\u0105 nuotyk\u012f\" \/>\n<meta property=\"og:url\" content=\"https:\/\/hurghadalovers.com\/lt\/tours\/sahl-hasheesh-privatus-keturvalciu-dviraciu-turas\/\" \/>\n<meta property=\"og:site_name\" content=\"Hurghada Excursions &amp; Day Trips | Booking Best Prices Tours\" \/>\n<meta property=\"article:publisher\" content=\"https:\/\/www.facebook.com\/Hurghadaloversegypt\" \/>\n<meta property=\"article:modified_time\" content=\"2026-02-08T22:48:57+00:00\" \/>\n<meta property=\"og:image\" content=\"https:\/\/hurghadalovers.com\/wp-content\/uploads\/2023\/08\/Super-Jeep-Safari-Trip-from-Soma-bay-2026.jpeg\" \/>\n\t<meta property=\"og:image:width\" content=\"1156\" \/>\n\t<meta property=\"og:image:height\" content=\"521\" \/>\n\t<meta property=\"og:image:type\" content=\"image\/jpeg\" \/>\n<meta name=\"twitter:card\" content=\"summary_large_image\" \/>\n<meta name=\"twitter:label1\" content=\"Price\" \/>\n\t<meta name=\"twitter:data1\" content=\"&euro;&nbsp;40\" \/>\n\t<meta name=\"twitter:label2\" content=\"Availability\" \/>\n\t<meta name=\"twitter:data2\" content=\"In stock\" \/>\n<script type=\"application\/ld+json\" class=\"yoast-schema-graph\">{\"@context\":\"https:\/\/schema.org\",\"@graph\":[{\"@type\":[\"WebPage\",\"ItemPage\"],\"@id\":\"https:\/\/hurghadalovers.com\/lt\/tours\/sahl-hasheesh-privatus-keturvalciu-dviraciu-turas\/\",\"url\":\"https:\/\/hurghadalovers.com\/lt\/tours\/sahl-hasheesh-privatus-keturvalciu-dviraciu-turas\/\",\"name\":\"Priva\u010dios ekskursijos keturra\u010diais dvira\u010diais Sahl Hasheesh\",\"isPartOf\":{\"@id\":\"https:\/\/hurghadalovers.com\/lt\/#website\"},\"primaryImageOfPage\":{\"@id\":\"https:\/\/hurghadalovers.com\/lt\/tours\/sahl-hasheesh-privatus-keturvalciu-dviraciu-turas\/#primaryimage\"},\"image\":{\"@id\":\"https:\/\/hurghadalovers.com\/lt\/tours\/sahl-hasheesh-privatus-keturvalciu-dviraciu-turas\/#primaryimage\"},\"thumbnailUrl\":\"https:\/\/hurghadalovers.com\/wp-content\/uploads\/2023\/08\/Super-Jeep-Safari-Trip-from-Soma-bay-2026.jpeg\",\"datePublished\":\"2023-09-01T20:55:40+00:00\",\"dateModified\":\"2026-02-08T22:48:57+00:00\",\"description\":\"Sahl Hasheesh Priva\u010dios ekskursijos keturra\u010diais dykumoje Safari \u012f beduin\u0173 kaim\u0105 su pasiva\u017ein\u0117jimu kupranugariais. Ie\u0161kote privatumo ir leid\u017eiat\u0117s \u012f nepakartojam\u0105 nuotyk\u012f\",\"breadcrumb\":{\"@id\":\"https:\/\/hurghadalovers.com\/lt\/tours\/sahl-hasheesh-privatus-keturvalciu-dviraciu-turas\/#breadcrumb\"},\"inLanguage\":\"lt-LT\",\"potentialAction\":[{\"@type\":\"ReadAction\",\"target\":[\"https:\/\/hurghadalovers.com\/lt\/tours\/sahl-hasheesh-privatus-keturvalciu-dviraciu-turas\/\"]}]},{\"@type\":\"ImageObject\",\"inLanguage\":\"lt-LT\",\"@id\":\"https:\/\/hurghadalovers.com\/lt\/tours\/sahl-hasheesh-privatus-keturvalciu-dviraciu-turas\/#primaryimage\",\"url\":\"https:\/\/hurghadalovers.com\/wp-content\/uploads\/2023\/08\/Super-Jeep-Safari-Trip-from-Soma-bay-2026.jpeg\",\"contentUrl\":\"https:\/\/hurghadalovers.com\/wp-content\/uploads\/2023\/08\/Super-Jeep-Safari-Trip-from-Soma-bay-2026.jpeg\",\"width\":1156,\"height\":521,\"caption\":\"Private Soma bay Quad Bike Tour\"},{\"@type\":\"BreadcrumbList\",\"@id\":\"https:\/\/hurghadalovers.com\/lt\/tours\/sahl-hasheesh-privatus-keturvalciu-dviraciu-turas\/#breadcrumb\",\"itemListElement\":[{\"@type\":\"ListItem\",\"position\":1,\"name\":\"Home\",\"item\":\"https:\/\/hurghadalovers.com\/lt\/\"},{\"@type\":\"ListItem\",\"position\":2,\"name\":\"Shop\",\"item\":\"https:\/\/hurghadalovers.com\/shop\/\"},{\"@type\":\"ListItem\",\"position\":3,\"name\":\"Priva\u010dios ekskursijos keturra\u010diais dvira\u010diais Sahl Hasheesh\"}]},{\"@type\":\"WebSite\",\"@id\":\"https:\/\/hurghadalovers.com\/lt\/#website\",\"url\":\"https:\/\/hurghadalovers.com\/lt\/\",\"name\":\"Hurghada Excursions & Day Trips | Booking Best Prices Tours\",\"description\":\"Hurghada Lovers - Best Tour Operator - Excursions &amp; Things to do for Family Day Trips with kids and Couples Romantic. Unique .Hidden gems\",\"publisher\":{\"@id\":\"https:\/\/hurghadalovers.com\/lt\/#organization\"},\"alternateName\":\"Hurghada Excursions\",\"potentialAction\":[{\"@type\":\"SearchAction\",\"target\":{\"@type\":\"EntryPoint\",\"urlTemplate\":\"https:\/\/hurghadalovers.com\/lt\/?s={search_term_string}\"},\"query-input\":{\"@type\":\"PropertyValueSpecification\",\"valueRequired\":true,\"valueName\":\"search_term_string\"}}],\"inLanguage\":\"lt-LT\"},{\"@type\":[\"Organization\",\"Place\",\"TravelAgency\"],\"@id\":\"https:\/\/hurghadalovers.com\/lt\/#organization\",\"name\":\"Hurghada Excursions\",\"url\":\"https:\/\/hurghadalovers.com\/lt\/\",\"logo\":{\"@id\":\"https:\/\/hurghadalovers.com\/lt\/tours\/sahl-hasheesh-privatus-keturvalciu-dviraciu-turas\/#local-main-organization-logo\"},\"image\":{\"@id\":\"https:\/\/hurghadalovers.com\/lt\/tours\/sahl-hasheesh-privatus-keturvalciu-dviraciu-turas\/#local-main-organization-logo\"},\"sameAs\":[\"https:\/\/www.facebook.com\/Hurghadaloversegypt\"],\"address\":{\"@id\":\"https:\/\/hurghadalovers.com\/lt\/tours\/sahl-hasheesh-privatus-keturvalciu-dviraciu-turas\/#local-main-place-address\"},\"telephone\":[\"00201112596434\"],\"contactPoint\":{\"@type\":\"ContactPoint\",\"telephone\":\"00201112596434\",\"email\":\"weyouface@gmail.com\"},\"openingHoursSpecification\":{\"@type\":\"OpeningHoursSpecification\",\"dayOfWeek\":[\"Monday\",\"Tuesday\",\"Wednesday\",\"Thursday\",\"Friday\",\"Saturday\",\"Sunday\"],\"opens\":\"00:00\",\"closes\":\"23:59\"},\"email\":\"weyouface@gmail.com\",\"areaServed\":\"Luxor, Hurghada, El Gouna, Aswan, Sharm El Sheikh, Giza, Alexandria, Marsa Alam, Quseir, Soma Bay, Sahl Hasheesh, Red Sea, Makadi Bay, Cairo\",\"priceRange\":\"$\",\"currenciesAccepted\":\"euro\",\"paymentAccepted\":\"cash on site\"},{\"@type\":\"PostalAddress\",\"@id\":\"https:\/\/hurghadalovers.com\/lt\/tours\/sahl-hasheesh-privatus-keturvalciu-dviraciu-turas\/#local-main-place-address\",\"streetAddress\":\"17 Banks street, Alkawther area, top nbk bank\",\"addressLocality\":\"hurghada\",\"postalCode\":\"84511\",\"addressRegion\":\"red sea\",\"addressCountry\":\"EG\"},{\"@type\":\"ImageObject\",\"inLanguage\":\"lt-LT\",\"@id\":\"https:\/\/hurghadalovers.com\/lt\/tours\/sahl-hasheesh-privatus-keturvalciu-dviraciu-turas\/#local-main-organization-logo\",\"url\":\"https:\/\/hurghadalovers.com\/wp-content\/uploads\/2019\/10\/hurghada-excursions-logo.png\",\"contentUrl\":\"https:\/\/hurghadalovers.com\/wp-content\/uploads\/2019\/10\/hurghada-excursions-logo.png\",\"width\":272,\"height\":90,\"caption\":\"Hurghada Excursions\"}]}<\/script>\n<meta property=\"product:brand\" content=\"Ekskursijos dykumoje i\u0161 Sahl Hasheesh\" \/>\n<meta property=\"product:price:amount\" content=\"40\" \/>\n<meta property=\"product:price:currency\" content=\"EUR\" \/>\n<meta property=\"og:availability\" content=\"instock\" \/>\n<meta property=\"product:availability\" content=\"instock\" \/>\n<meta property=\"product:retailer_item_id\" content=\"SahlSafari062024\" \/>\n<meta property=\"product:condition\" content=\"new\" \/>\n<meta name=\"geo.placename\" content=\"hurghada\" \/>\n<meta name=\"geo.region\" content=\"Egypt\" \/>\n<!-- \/ Yoast SEO Premium plugin. -->","yoast_head_json":{"title":"Priva\u010dios ekskursijos keturra\u010diais dvira\u010diais Sahl Hasheesh","description":"Sahl Hasheesh Priva\u010dios ekskursijos keturra\u010diais dykumoje Safari \u012f beduin\u0173 kaim\u0105 su pasiva\u017ein\u0117jimu kupranugariais. Ie\u0161kote privatumo ir leid\u017eiat\u0117s \u012f nepakartojam\u0105 nuotyk\u012f","robots":{"index":"index","follow":"follow","max-snippet":"max-snippet:-1","max-image-preview":"max-image-preview:large","max-video-preview":"max-video-preview:-1"},"canonical":"https:\/\/hurghadalovers.com\/lt\/tours\/sahl-hasheesh-privatus-keturvalciu-dviraciu-turas\/","og_locale":"lt_LT","og_type":"article","og_title":"Priva\u010dios ekskursijos keturra\u010diais dvira\u010diais Sahl Hasheesh","og_description":"Sahl Hasheesh Priva\u010dios ekskursijos keturra\u010diais dykumoje Safari \u012f beduin\u0173 kaim\u0105 su pasiva\u017ein\u0117jimu kupranugariais. Ie\u0161kote privatumo ir leid\u017eiat\u0117s \u012f nepakartojam\u0105 nuotyk\u012f","og_url":"https:\/\/hurghadalovers.com\/lt\/tours\/sahl-hasheesh-privatus-keturvalciu-dviraciu-turas\/","og_site_name":"Hurghada Excursions &amp; Day Trips | Booking Best Prices Tours","article_publisher":"https:\/\/www.facebook.com\/Hurghadaloversegypt","article_modified_time":"2026-02-08T22:48:57+00:00","og_image":[{"width":1156,"height":521,"url":"https:\/\/hurghadalovers.com\/wp-content\/uploads\/2023\/08\/Super-Jeep-Safari-Trip-from-Soma-bay-2026.jpeg","type":"image\/jpeg"}],"twitter_card":"summary_large_image","twitter_misc":{"Price":"&euro;&nbsp;40","Availability":"In stock"},"schema":{"@context":"https:\/\/schema.org","@graph":[{"@type":["WebPage","ItemPage"],"@id":"https:\/\/hurghadalovers.com\/lt\/tours\/sahl-hasheesh-privatus-keturvalciu-dviraciu-turas\/","url":"https:\/\/hurghadalovers.com\/lt\/tours\/sahl-hasheesh-privatus-keturvalciu-dviraciu-turas\/","name":"Priva\u010dios ekskursijos keturra\u010diais dvira\u010diais Sahl Hasheesh","isPartOf":{"@id":"https:\/\/hurghadalovers.com\/lt\/#website"},"primaryImageOfPage":{"@id":"https:\/\/hurghadalovers.com\/lt\/tours\/sahl-hasheesh-privatus-keturvalciu-dviraciu-turas\/#primaryimage"},"image":{"@id":"https:\/\/hurghadalovers.com\/lt\/tours\/sahl-hasheesh-privatus-keturvalciu-dviraciu-turas\/#primaryimage"},"thumbnailUrl":"https:\/\/hurghadalovers.com\/wp-content\/uploads\/2023\/08\/Super-Jeep-Safari-Trip-from-Soma-bay-2026.jpeg","datePublished":"2023-09-01T20:55:40+00:00","dateModified":"2026-02-08T22:48:57+00:00","description":"Sahl Hasheesh Priva\u010dios ekskursijos keturra\u010diais dykumoje Safari \u012f beduin\u0173 kaim\u0105 su pasiva\u017ein\u0117jimu kupranugariais. Ie\u0161kote privatumo ir leid\u017eiat\u0117s \u012f nepakartojam\u0105 nuotyk\u012f","breadcrumb":{"@id":"https:\/\/hurghadalovers.com\/lt\/tours\/sahl-hasheesh-privatus-keturvalciu-dviraciu-turas\/#breadcrumb"},"inLanguage":"lt-LT","potentialAction":[{"@type":"ReadAction","target":["https:\/\/hurghadalovers.com\/lt\/tours\/sahl-hasheesh-privatus-keturvalciu-dviraciu-turas\/"]}]},{"@type":"ImageObject","inLanguage":"lt-LT","@id":"https:\/\/hurghadalovers.com\/lt\/tours\/sahl-hasheesh-privatus-keturvalciu-dviraciu-turas\/#primaryimage","url":"https:\/\/hurghadalovers.com\/wp-content\/uploads\/2023\/08\/Super-Jeep-Safari-Trip-from-Soma-bay-2026.jpeg","contentUrl":"https:\/\/hurghadalovers.com\/wp-content\/uploads\/2023\/08\/Super-Jeep-Safari-Trip-from-Soma-bay-2026.jpeg","width":1156,"height":521,"caption":"Private Soma bay Quad Bike Tour"},{"@type":"BreadcrumbList","@id":"https:\/\/hurghadalovers.com\/lt\/tours\/sahl-hasheesh-privatus-keturvalciu-dviraciu-turas\/#breadcrumb","itemListElement":[{"@type":"ListItem","position":1,"name":"Home","item":"https:\/\/hurghadalovers.com\/lt\/"},{"@type":"ListItem","position":2,"name":"Shop","item":"https:\/\/hurghadalovers.com\/shop\/"},{"@type":"ListItem","position":3,"name":"Priva\u010dios ekskursijos keturra\u010diais dvira\u010diais Sahl Hasheesh"}]},{"@type":"WebSite","@id":"https:\/\/hurghadalovers.com\/lt\/#website","url":"https:\/\/hurghadalovers.com\/lt\/","name":"Hurghada Excursions & Day Trips | Booking Best Prices Tours","description":"Hurghada Lovers - Best Tour Operator - Excursions &amp; Things to do for Family Day Trips with kids and Couples Romantic. Unique .Hidden gems","publisher":{"@id":"https:\/\/hurghadalovers.com\/lt\/#organization"},"alternateName":"Hurghada Excursions","potentialAction":[{"@type":"SearchAction","target":{"@type":"EntryPoint","urlTemplate":"https:\/\/hurghadalovers.com\/lt\/?s={search_term_string}"},"query-input":{"@type":"PropertyValueSpecification","valueRequired":true,"valueName":"search_term_string"}}],"inLanguage":"lt-LT"},{"@type":["Organization","Place","TravelAgency"],"@id":"https:\/\/hurghadalovers.com\/lt\/#organization","name":"Hurghada Excursions","url":"https:\/\/hurghadalovers.com\/lt\/","logo":{"@id":"https:\/\/hurghadalovers.com\/lt\/tours\/sahl-hasheesh-privatus-keturvalciu-dviraciu-turas\/#local-main-organization-logo"},"image":{"@id":"https:\/\/hurghadalovers.com\/lt\/tours\/sahl-hasheesh-privatus-keturvalciu-dviraciu-turas\/#local-main-organization-logo"},"sameAs":["https:\/\/www.facebook.com\/Hurghadaloversegypt"],"address":{"@id":"https:\/\/hurghadalovers.com\/lt\/tours\/sahl-hasheesh-privatus-keturvalciu-dviraciu-turas\/#local-main-place-address"},"telephone":["00201112596434"],"contactPoint":{"@type":"ContactPoint","telephone":"00201112596434","email":"weyouface@gmail.com"},"openingHoursSpecification":{"@type":"OpeningHoursSpecification","dayOfWeek":["Monday","Tuesday","Wednesday","Thursday","Friday","Saturday","Sunday"],"opens":"00:00","closes":"23:59"},"email":"weyouface@gmail.com","areaServed":"Luxor, Hurghada, El Gouna, Aswan, Sharm El Sheikh, Giza, Alexandria, Marsa Alam, Quseir, Soma Bay, Sahl Hasheesh, Red Sea, Makadi Bay, Cairo","priceRange":"$","currenciesAccepted":"euro","paymentAccepted":"cash on site"},{"@type":"PostalAddress","@id":"https:\/\/hurghadalovers.com\/lt\/tours\/sahl-hasheesh-privatus-keturvalciu-dviraciu-turas\/#local-main-place-address","streetAddress":"17 Banks street, Alkawther area, top nbk bank","addressLocality":"hurghada","postalCode":"84511","addressRegion":"red sea","addressCountry":"EG"},{"@type":"ImageObject","inLanguage":"lt-LT","@id":"https:\/\/hurghadalovers.com\/lt\/tours\/sahl-hasheesh-privatus-keturvalciu-dviraciu-turas\/#local-main-organization-logo","url":"https:\/\/hurghadalovers.com\/wp-content\/uploads\/2019\/10\/hurghada-excursions-logo.png","contentUrl":"https:\/\/hurghadalovers.com\/wp-content\/uploads\/2019\/10\/hurghada-excursions-logo.png","width":272,"height":90,"caption":"Hurghada Excursions"}]},"product_brand":"Ekskursijos dykumoje i\u0161 Sahl Hasheesh","product_price_amount":"40","product_price_currency":"EUR","og_availability":"instock","product_availability":"instock","product_retailer_item_id":"SahlSafari062024","product_condition":"new","geo.placename":"hurghada","geo.region":"Egypt"},"_links":{"self":[{"href":"https:\/\/hurghadalovers.com\/lt\/wp-json\/wp\/v2\/product\/392288","targetHints":{"allow":["GET"]}}],"collection":[{"href":"https:\/\/hurghadalovers.com\/lt\/wp-json\/wp\/v2\/product"}],"about":[{"href":"https:\/\/hurghadalovers.com\/lt\/wp-json\/wp\/v2\/types\/product"}],"wp:featuredmedia":[{"embeddable":true,"href":"https:\/\/hurghadalovers.com\/lt\/wp-json\/wp\/v2\/media\/935396"}],"wp:attachment":[{"href":"https:\/\/hurghadalovers.com\/lt\/wp-json\/wp\/v2\/media?parent=392288"}],"wp:term":[{"taxonomy":"product_brand","embeddable":true,"href":"https:\/\/hurghadalovers.com\/lt\/wp-json\/wp\/v2\/product_brand?post=392288"},{"taxonomy":"product_cat","embeddable":true,"href":"https:\/\/hurghadalovers.com\/lt\/wp-json\/wp\/v2\/product_cat?post=392288"},{"taxonomy":"product_tag","embeddable":true,"href":"https:\/\/hurghadalovers.com\/lt\/wp-json\/wp\/v2\/product_tag?post=392288"}],"curies":[{"name":"wp","href":"https:\/\/api.w.org\/{rel}","templated":true}]}}