{"id":391883,"date":"2023-08-31T19:49:22","date_gmt":"2023-08-31T19:50:36","guid":{"rendered":"https:\/\/hurghadalovers.com\/shop\/be-kategorijos\/padi-atviro-vandens-nardymo-kursai-sahl-hasheesh\/"},"modified":"2026-02-08T11:45:04","modified_gmt":"2026-02-08T11:45:04","slug":"padi-atviro-vandens-nardymo-kursai-i-sahl-hasheesh","status":"publish","type":"product","link":"https:\/\/hurghadalovers.com\/lt\/tours\/padi-atviro-vandens-nardymo-kursai-i-sahl-hasheesh\/","title":{"rendered":"PADI atviro vandens nardymo kursai Sahl Hasheesh"},"content":{"rendered":"<p><strong>PADI atviro vandens nardymo kursai <\/strong><strong>Sahl Hasheesh<\/strong> &#8211; 3 dienos | su pietumis, g\u0117rimais, nardymo \u012franga ir perve\u017eimu.<\/p>\n<p style=\"text-align: center;\"><span style=\"color: #008080;\"><strong>Prabangus laivas | Profesionalus nardymo instruktorius<\/strong><\/span><\/p>\n<p><strong>Svarbiausi \u012fvykiai:<\/strong><\/p>\n<ul>\n<li>Su\u017einokite nardymo su akvalangu pagrindus<\/li>\n<li>Mokykit\u0117s nardymo \u012frangos ir technikos<\/li>\n<li>Atviro vandens praktikos sesijos<\/li>\n<li>Did\u017eiausias gylis &#8211; 18 m.<\/li>\n<li>Minimalus am\u017eius &#8211; 12 met\u0173.<\/li>\n<\/ul>\n<p><strong> <\/strong><\/p>\n<p><strong>I\u0161sami informacija:<\/strong><\/p>\n<ul>\n<li>Ekskursijos prieinamumas: Kiekvien\u0105 dien\u0105.<\/li>\n<li>Ekskursijos tipas: Grup\u0117s arba privatus.<\/li>\n<li>Pasi\u0117mimo laikas: Nuo 07:30 val.<\/li>\n<li>I\u0161vykimo laikas: 16:00 val.<\/li>\n<li>Galimyb\u0117 naudotis ne\u012fgali\u0173j\u0173 ve\u017eim\u0117liais.<\/li>\n<li>Trukm\u0117: Trukm\u0117: 3 dienos.<\/li>\n<\/ul>\n<p><strong>Rezervuokite dabar ir mok\u0117kite v\u0117liau:<\/strong><\/p>\n<ul>\n<li>Grynieji pinigai vietoje, skirti vadovui.<\/li>\n<li>Apmok\u0117jimas Egipto svarais, $, \u20ac arba \u00a3.<\/li>\n<\/ul>\n<p><strong>At\u0161aukimo politika:<\/strong><\/p>\n<ul>\n<li>At\u0161aukti iki 24 valand\u0173.<\/li>\n<li>Kai kas nors i\u0161 j\u016bs\u0173 \u0161eimos nari\u0173 at\u0161auks ryt\u0105, sumok\u0117site 50 % i\u0161laid\u0173.<\/li>\n<\/ul>\n<p><strong>Kas \u012fskai\u010diuota?<\/strong><\/p>\n<ul>\n<li>Perve\u017eimas i\u0161 Sahl Hasheesh vie\u0161bu\u010di\u0173 &#8222;Pasi\u0117mimas i\u0161 vie\u0161bu\u010dio ir i\u0161ve\u017eimas&#8221;.<\/li>\n<li>Visi mokes\u010diai, \u012fva\u017eiavimo mokes\u010diai ir tvarkymo mokes\u010diai.<\/li>\n<li>Mineralinis vanduo + Cola.<\/li>\n<li>Profesionalus nardymo instruktorius.<\/li>\n<li>Nardymo \u012franga ir nardymo \u012franga &#8222;Kauk\u0117s ir plaukimo pelekai&#8221;.<\/li>\n<li>VIP \u0161vedi\u0161ko stalo piet\u016bs laive.<\/li>\n<li>Gelb\u0117jimosi liemen\u0117s.<\/li>\n<\/ul>\n<p><strong>I\u0161imtys?<\/strong><\/p>\n<ul>\n<li>Arbatpinigiai.<\/li>\n<li>Kelion\u0117s fotografija ir nuotraukos.<\/li>\n<li>Si\u016blome i\u0161sinuomoti maudymosi kostiumus ir maudymosi kostium\u0117lius moterims, vyrams, vaikams vis\u0173 dyd\u017ei\u0173 &#8222;5$ u\u017e vien\u0105&#8221;.<\/li>\n<li>Visi nepamin\u0117ti priedai.<\/li>\n<li>PADI vadovas = 55$<\/li>\n<li>PADI internetinis sertifikavimas = 55$<\/li>\n<li>\u017dinynas + internetinis sertifikavimas = 100$.<\/li>\n<\/ul>\n<p><strong>Kainos:<\/strong><\/p>\n<ul>\n<li><strong>Kaina suaugusiems = 260$ vienam asmeniui<\/strong>.<\/li>\n<\/ul>\n<p><strong>Mes rengiame kursus:<\/strong><\/p>\n<ol>\n<li>PADI nardymo su akvalangu kursai 2 dienos = 220$<\/li>\n<li>PADI Bubblemaker kursai vaikams | Trukm\u0117: trukm\u0117 1 val.<br \/>\n= 80$<\/li>\n<li>PADI Advanced Open Water Diver kursai 2 dienos = 220$<\/li>\n<li>PADI gelb\u0117jimo nar\u0173 kursai 4dienos = 280$<\/li>\n<\/ol>\n<p><strong>Atsiliepimai:<\/strong><\/p>\n<p>patikrinti m\u016bs\u0173 &#8222;Google&#8221; \u017eem\u0117lapio Atsiliepimai kaip geriausias <a href=\"https:\/\/g.page\/r\/CUeYvkngP3wkEBM\/review\">kelioni\u0173 operatorius Hurgada<\/a> internete <a href=\"https:\/\/hurghadalovers.com\/\">Hurgada<\/a> Egiptas.<\/p>\n<p><strong>U\u017esakymas:<\/strong><\/p>\n<p>Si\u0173skite vie\u0161but\u012f + kambario numer\u012f + paso nuotrauk\u0105 \u012f &#8222;WhatsApp&#8221;: <strong>+201112596434<\/strong><\/p>\n<p>Jei i\u0161 Egipto U\u017esakymas dabar internetu ir patvirtinti, kai atvykimo vie\u0161butis.<\/p>\n<p>&nbsp;<\/p>\n<p>&nbsp;<\/p>\n","protected":false},"excerpt":{"rendered":"<p><strong>PADI atviro vandens nardymo kursai <\/strong><strong>Sahl Hasheesh<\/strong> &#8211; 3 dienos | su pietumis, g\u0117rimais, nardymo \u012franga ir perve\u017eimu.<\/p>\n<p style=\"text-align: center;\"><span style=\"color: #008080;\"><strong>Prabangus laivas | Profesionalus nardymo instruktorius<\/strong><\/span><\/p>\n<p>&nbsp;<\/p>\n","protected":false},"featured_media":391800,"template":"","meta":{"_joinchat":[]},"product_brand":[],"product_cat":[36662],"product_tag":[53265,53271,53275,53267,53108,53133,53259,53263,53273,53269,53279,53261,53124,53098,53257,53277,53113,53128,53283,53084,53281,53160],"class_list":{"0":"post-391883","1":"product","2":"type-product","3":"status-publish","4":"has-post-thumbnail","6":"product_cat-ekskursijos","7":"product_tag-delfinu-namai-sahl-hasheesh","8":"product_tag-giftun-sala-sahl-hasheesh-lt","9":"product_tag-greitaeige-valtis-sahl-hasheesh","10":"product_tag-isvykos-laivu-sahl-hasheesh","11":"product_tag-ka-veikti-sahl-hasheesh","12":"product_tag-ka-veikti-sahl-hasheesh-mieste-poroms","13":"product_tag-nardymas-sahl-hasheesh","14":"product_tag-oranzines-ilankos-sala-sahl-hasheesh","15":"product_tag-piratu-laivas-sahl-hasheesh","16":"product_tag-plaukiojimas-su-delfinais-sahl-hasheesh","17":"product_tag-privati-valtis-sahl-hasheesh","18":"product_tag-rojaus-sala-sahl-hasheesh","19":"product_tag-romantiski-dalykai-is-sahl-hasheesh","20":"product_tag-sahl-hasheesh-ekskursijos","21":"product_tag-sahl-hasheesh-nardymo-keliones","22":"product_tag-sahl-hasheesh-valciu-frachtavimas","23":"product_tag-sahl-hasheesh-veikla","24":"product_tag-sahl-hasheesh-veikla-poroms","25":"product_tag-sahl-hasisas-privati-kelione-laivu","26":"product_tag-seimos-dienos-is-sahl-hasheesh","27":"product_tag-valciu-nuoma-sahl-hasheesh","28":"product_tag-veikla-seimai-is-sahl-haseso","29":"tour_category-sahl-hasheesh-nardymo-keliones","30":"tour_category-sahl-hasheesh-ekskursijos","32":"first","33":"instock","34":"sale","35":"shipping-taxable","36":"purchasable","37":"product-type-tour"},"yoast_head":"<!-- This site is optimized with the Yoast SEO Premium plugin v26.9 (Yoast SEO v27.2) - https:\/\/yoast.com\/product\/yoast-seo-premium-wordpress\/ -->\n<title>PADI atviro vandens nardymo kursai Sahl Hasheesh - 3 dienos<\/title>\n<meta name=\"description\" content=\"PADI atviro vandens nardymo kursai Sahl Hasheesh - 3 dienos | su pietumis, g\u0117rimais, nardymo \u012franga ir perve\u017eimu. Prabangus laivas | Profesionalus nardymo instruktorius\" \/>\n<meta name=\"robots\" content=\"index, follow, max-snippet:-1, max-image-preview:large, max-video-preview:-1\" \/>\n<link rel=\"canonical\" href=\"https:\/\/hurghadalovers.com\/lt\/tours\/padi-atviro-vandens-nardymo-kursai-i-sahl-hasheesh\/\" \/>\n<meta property=\"og:locale\" content=\"lt_LT\" \/>\n<meta property=\"og:type\" content=\"article\" \/>\n<meta property=\"og:title\" content=\"PADI atviro vandens nardymo kursai Sahl Hasheesh\" \/>\n<meta property=\"og:description\" content=\"PADI atviro vandens nardymo kursai Sahl Hasheesh - 3 dienos | su pietumis, g\u0117rimais, nardymo \u012franga ir perve\u017eimu. Prabangus laivas | Profesionalus nardymo instruktorius\" \/>\n<meta property=\"og:url\" content=\"https:\/\/hurghadalovers.com\/lt\/tours\/padi-atviro-vandens-nardymo-kursai-i-sahl-hasheesh\/\" \/>\n<meta property=\"og:site_name\" content=\"Hurghada Excursions &amp; Day Trips | Booking Best Prices Tours\" \/>\n<meta property=\"article:publisher\" content=\"https:\/\/www.facebook.com\/Hurghadaloversegypt\" \/>\n<meta property=\"article:modified_time\" content=\"2026-02-08T11:45:04+00:00\" \/>\n<meta property=\"og:image\" content=\"https:\/\/hurghadalovers.com\/wp-content\/uploads\/2023\/08\/PADI-Open-Water-Diver-Course-in-Sahl-Hasheesh.jpeg\" \/>\n\t<meta property=\"og:image:width\" content=\"853\" \/>\n\t<meta property=\"og:image:height\" content=\"1280\" \/>\n\t<meta property=\"og:image:type\" content=\"image\/jpeg\" \/>\n<meta name=\"twitter:card\" content=\"summary_large_image\" \/>\n<meta name=\"twitter:label1\" content=\"Price\" \/>\n\t<meta name=\"twitter:data1\" content=\"&euro;&nbsp;260\" \/>\n\t<meta name=\"twitter:label2\" content=\"Availability\" \/>\n\t<meta name=\"twitter:data2\" content=\"In stock\" \/>\n<script type=\"application\/ld+json\" class=\"yoast-schema-graph\">{\"@context\":\"https:\/\/schema.org\",\"@graph\":[{\"@type\":[\"WebPage\",\"ItemPage\"],\"@id\":\"https:\/\/hurghadalovers.com\/lt\/tours\/padi-atviro-vandens-nardymo-kursai-i-sahl-hasheesh\/\",\"url\":\"https:\/\/hurghadalovers.com\/lt\/tours\/padi-atviro-vandens-nardymo-kursai-i-sahl-hasheesh\/\",\"name\":\"PADI atviro vandens nardymo kursai Sahl Hasheesh - 3 dienos\",\"isPartOf\":{\"@id\":\"https:\/\/hurghadalovers.com\/lt\/#website\"},\"primaryImageOfPage\":{\"@id\":\"https:\/\/hurghadalovers.com\/lt\/tours\/padi-atviro-vandens-nardymo-kursai-i-sahl-hasheesh\/#primaryimage\"},\"image\":{\"@id\":\"https:\/\/hurghadalovers.com\/lt\/tours\/padi-atviro-vandens-nardymo-kursai-i-sahl-hasheesh\/#primaryimage\"},\"thumbnailUrl\":\"https:\/\/hurghadalovers.com\/wp-content\/uploads\/2023\/08\/PADI-Open-Water-Diver-Course-in-Sahl-Hasheesh.jpeg\",\"datePublished\":\"2023-08-31T19:50:36+00:00\",\"dateModified\":\"2026-02-08T11:45:04+00:00\",\"description\":\"PADI atviro vandens nardymo kursai Sahl Hasheesh - 3 dienos | su pietumis, g\u0117rimais, nardymo \u012franga ir perve\u017eimu. Prabangus laivas | Profesionalus nardymo instruktorius\",\"breadcrumb\":{\"@id\":\"https:\/\/hurghadalovers.com\/lt\/tours\/padi-atviro-vandens-nardymo-kursai-i-sahl-hasheesh\/#breadcrumb\"},\"inLanguage\":\"lt-LT\",\"potentialAction\":[{\"@type\":\"ReadAction\",\"target\":[\"https:\/\/hurghadalovers.com\/lt\/tours\/padi-atviro-vandens-nardymo-kursai-i-sahl-hasheesh\/\"]}]},{\"@type\":\"ImageObject\",\"inLanguage\":\"lt-LT\",\"@id\":\"https:\/\/hurghadalovers.com\/lt\/tours\/padi-atviro-vandens-nardymo-kursai-i-sahl-hasheesh\/#primaryimage\",\"url\":\"https:\/\/hurghadalovers.com\/wp-content\/uploads\/2023\/08\/PADI-Open-Water-Diver-Course-in-Sahl-Hasheesh.jpeg\",\"contentUrl\":\"https:\/\/hurghadalovers.com\/wp-content\/uploads\/2023\/08\/PADI-Open-Water-Diver-Course-in-Sahl-Hasheesh.jpeg\",\"width\":853,\"height\":1280,\"caption\":\"PADI Open Water Diver Course in\u00a0Sahl Hasheesh\"},{\"@type\":\"BreadcrumbList\",\"@id\":\"https:\/\/hurghadalovers.com\/lt\/tours\/padi-atviro-vandens-nardymo-kursai-i-sahl-hasheesh\/#breadcrumb\",\"itemListElement\":[{\"@type\":\"ListItem\",\"position\":1,\"name\":\"Home\",\"item\":\"https:\/\/hurghadalovers.com\/lt\/\"},{\"@type\":\"ListItem\",\"position\":2,\"name\":\"Shop\",\"item\":\"https:\/\/hurghadalovers.com\/shop\/\"},{\"@type\":\"ListItem\",\"position\":3,\"name\":\"PADI atviro vandens nardymo kursai Sahl Hasheesh\"}]},{\"@type\":\"WebSite\",\"@id\":\"https:\/\/hurghadalovers.com\/lt\/#website\",\"url\":\"https:\/\/hurghadalovers.com\/lt\/\",\"name\":\"Hurghada Excursions & Day Trips | Booking Best Prices Tours\",\"description\":\"Hurghada Lovers - Best Tour Operator - Excursions &amp; Things to do for Family Day Trips with kids and Couples Romantic. Unique .Hidden gems\",\"publisher\":{\"@id\":\"https:\/\/hurghadalovers.com\/lt\/#organization\"},\"alternateName\":\"Hurghada Excursions\",\"potentialAction\":[{\"@type\":\"SearchAction\",\"target\":{\"@type\":\"EntryPoint\",\"urlTemplate\":\"https:\/\/hurghadalovers.com\/lt\/?s={search_term_string}\"},\"query-input\":{\"@type\":\"PropertyValueSpecification\",\"valueRequired\":true,\"valueName\":\"search_term_string\"}}],\"inLanguage\":\"lt-LT\"},{\"@type\":[\"Organization\",\"Place\",\"TravelAgency\"],\"@id\":\"https:\/\/hurghadalovers.com\/lt\/#organization\",\"name\":\"Hurghada Excursions\",\"url\":\"https:\/\/hurghadalovers.com\/lt\/\",\"logo\":{\"@id\":\"https:\/\/hurghadalovers.com\/lt\/tours\/padi-atviro-vandens-nardymo-kursai-i-sahl-hasheesh\/#local-main-organization-logo\"},\"image\":{\"@id\":\"https:\/\/hurghadalovers.com\/lt\/tours\/padi-atviro-vandens-nardymo-kursai-i-sahl-hasheesh\/#local-main-organization-logo\"},\"sameAs\":[\"https:\/\/www.facebook.com\/Hurghadaloversegypt\"],\"address\":{\"@id\":\"https:\/\/hurghadalovers.com\/lt\/tours\/padi-atviro-vandens-nardymo-kursai-i-sahl-hasheesh\/#local-main-place-address\"},\"telephone\":[\"00201112596434\"],\"contactPoint\":{\"@type\":\"ContactPoint\",\"telephone\":\"00201112596434\",\"email\":\"weyouface@gmail.com\"},\"openingHoursSpecification\":{\"@type\":\"OpeningHoursSpecification\",\"dayOfWeek\":[\"Monday\",\"Tuesday\",\"Wednesday\",\"Thursday\",\"Friday\",\"Saturday\",\"Sunday\"],\"opens\":\"00:00\",\"closes\":\"23:59\"},\"email\":\"weyouface@gmail.com\",\"areaServed\":\"Luxor, Hurghada, El Gouna, Aswan, Sharm El Sheikh, Giza, Alexandria, Marsa Alam, Quseir, Soma Bay, Sahl Hasheesh, Red Sea, Makadi Bay, Cairo\",\"priceRange\":\"$\",\"currenciesAccepted\":\"euro\",\"paymentAccepted\":\"cash on site\"},{\"@type\":\"PostalAddress\",\"@id\":\"https:\/\/hurghadalovers.com\/lt\/tours\/padi-atviro-vandens-nardymo-kursai-i-sahl-hasheesh\/#local-main-place-address\",\"streetAddress\":\"17 Banks street, Alkawther area, top nbk bank\",\"addressLocality\":\"hurghada\",\"postalCode\":\"84511\",\"addressRegion\":\"red sea\",\"addressCountry\":\"EG\"},{\"@type\":\"ImageObject\",\"inLanguage\":\"lt-LT\",\"@id\":\"https:\/\/hurghadalovers.com\/lt\/tours\/padi-atviro-vandens-nardymo-kursai-i-sahl-hasheesh\/#local-main-organization-logo\",\"url\":\"https:\/\/hurghadalovers.com\/wp-content\/uploads\/2019\/10\/hurghada-excursions-logo.png\",\"contentUrl\":\"https:\/\/hurghadalovers.com\/wp-content\/uploads\/2019\/10\/hurghada-excursions-logo.png\",\"width\":272,\"height\":90,\"caption\":\"Hurghada Excursions\"}]}<\/script>\n<meta property=\"product:brand\" content=\"Ekskursijos Nardymas i\u0161 Sahl Hasheesh\" \/>\n<meta property=\"product:price:amount\" content=\"260\" \/>\n<meta property=\"product:price:currency\" content=\"EUR\" \/>\n<meta property=\"og:availability\" content=\"instock\" \/>\n<meta property=\"product:availability\" content=\"instock\" \/>\n<meta property=\"product:retailer_item_id\" content=\"Sahl502024\" \/>\n<meta property=\"product:condition\" content=\"new\" \/>\n<meta name=\"geo.placename\" content=\"hurghada\" \/>\n<meta name=\"geo.region\" content=\"Egypt\" \/>\n<!-- \/ Yoast SEO Premium plugin. -->","yoast_head_json":{"title":"PADI atviro vandens nardymo kursai Sahl Hasheesh - 3 dienos","description":"PADI atviro vandens nardymo kursai Sahl Hasheesh - 3 dienos | su pietumis, g\u0117rimais, nardymo \u012franga ir perve\u017eimu. Prabangus laivas | Profesionalus nardymo instruktorius","robots":{"index":"index","follow":"follow","max-snippet":"max-snippet:-1","max-image-preview":"max-image-preview:large","max-video-preview":"max-video-preview:-1"},"canonical":"https:\/\/hurghadalovers.com\/lt\/tours\/padi-atviro-vandens-nardymo-kursai-i-sahl-hasheesh\/","og_locale":"lt_LT","og_type":"article","og_title":"PADI atviro vandens nardymo kursai Sahl Hasheesh","og_description":"PADI atviro vandens nardymo kursai Sahl Hasheesh - 3 dienos | su pietumis, g\u0117rimais, nardymo \u012franga ir perve\u017eimu. Prabangus laivas | Profesionalus nardymo instruktorius","og_url":"https:\/\/hurghadalovers.com\/lt\/tours\/padi-atviro-vandens-nardymo-kursai-i-sahl-hasheesh\/","og_site_name":"Hurghada Excursions &amp; Day Trips | Booking Best Prices Tours","article_publisher":"https:\/\/www.facebook.com\/Hurghadaloversegypt","article_modified_time":"2026-02-08T11:45:04+00:00","og_image":[{"width":853,"height":1280,"url":"https:\/\/hurghadalovers.com\/wp-content\/uploads\/2023\/08\/PADI-Open-Water-Diver-Course-in-Sahl-Hasheesh.jpeg","type":"image\/jpeg"}],"twitter_card":"summary_large_image","twitter_misc":{"Price":"&euro;&nbsp;260","Availability":"In stock"},"schema":{"@context":"https:\/\/schema.org","@graph":[{"@type":["WebPage","ItemPage"],"@id":"https:\/\/hurghadalovers.com\/lt\/tours\/padi-atviro-vandens-nardymo-kursai-i-sahl-hasheesh\/","url":"https:\/\/hurghadalovers.com\/lt\/tours\/padi-atviro-vandens-nardymo-kursai-i-sahl-hasheesh\/","name":"PADI atviro vandens nardymo kursai Sahl Hasheesh - 3 dienos","isPartOf":{"@id":"https:\/\/hurghadalovers.com\/lt\/#website"},"primaryImageOfPage":{"@id":"https:\/\/hurghadalovers.com\/lt\/tours\/padi-atviro-vandens-nardymo-kursai-i-sahl-hasheesh\/#primaryimage"},"image":{"@id":"https:\/\/hurghadalovers.com\/lt\/tours\/padi-atviro-vandens-nardymo-kursai-i-sahl-hasheesh\/#primaryimage"},"thumbnailUrl":"https:\/\/hurghadalovers.com\/wp-content\/uploads\/2023\/08\/PADI-Open-Water-Diver-Course-in-Sahl-Hasheesh.jpeg","datePublished":"2023-08-31T19:50:36+00:00","dateModified":"2026-02-08T11:45:04+00:00","description":"PADI atviro vandens nardymo kursai Sahl Hasheesh - 3 dienos | su pietumis, g\u0117rimais, nardymo \u012franga ir perve\u017eimu. Prabangus laivas | Profesionalus nardymo instruktorius","breadcrumb":{"@id":"https:\/\/hurghadalovers.com\/lt\/tours\/padi-atviro-vandens-nardymo-kursai-i-sahl-hasheesh\/#breadcrumb"},"inLanguage":"lt-LT","potentialAction":[{"@type":"ReadAction","target":["https:\/\/hurghadalovers.com\/lt\/tours\/padi-atviro-vandens-nardymo-kursai-i-sahl-hasheesh\/"]}]},{"@type":"ImageObject","inLanguage":"lt-LT","@id":"https:\/\/hurghadalovers.com\/lt\/tours\/padi-atviro-vandens-nardymo-kursai-i-sahl-hasheesh\/#primaryimage","url":"https:\/\/hurghadalovers.com\/wp-content\/uploads\/2023\/08\/PADI-Open-Water-Diver-Course-in-Sahl-Hasheesh.jpeg","contentUrl":"https:\/\/hurghadalovers.com\/wp-content\/uploads\/2023\/08\/PADI-Open-Water-Diver-Course-in-Sahl-Hasheesh.jpeg","width":853,"height":1280,"caption":"PADI Open Water Diver Course in\u00a0Sahl Hasheesh"},{"@type":"BreadcrumbList","@id":"https:\/\/hurghadalovers.com\/lt\/tours\/padi-atviro-vandens-nardymo-kursai-i-sahl-hasheesh\/#breadcrumb","itemListElement":[{"@type":"ListItem","position":1,"name":"Home","item":"https:\/\/hurghadalovers.com\/lt\/"},{"@type":"ListItem","position":2,"name":"Shop","item":"https:\/\/hurghadalovers.com\/shop\/"},{"@type":"ListItem","position":3,"name":"PADI atviro vandens nardymo kursai Sahl Hasheesh"}]},{"@type":"WebSite","@id":"https:\/\/hurghadalovers.com\/lt\/#website","url":"https:\/\/hurghadalovers.com\/lt\/","name":"Hurghada Excursions & Day Trips | Booking Best Prices Tours","description":"Hurghada Lovers - Best Tour Operator - Excursions &amp; Things to do for Family Day Trips with kids and Couples Romantic. Unique .Hidden gems","publisher":{"@id":"https:\/\/hurghadalovers.com\/lt\/#organization"},"alternateName":"Hurghada Excursions","potentialAction":[{"@type":"SearchAction","target":{"@type":"EntryPoint","urlTemplate":"https:\/\/hurghadalovers.com\/lt\/?s={search_term_string}"},"query-input":{"@type":"PropertyValueSpecification","valueRequired":true,"valueName":"search_term_string"}}],"inLanguage":"lt-LT"},{"@type":["Organization","Place","TravelAgency"],"@id":"https:\/\/hurghadalovers.com\/lt\/#organization","name":"Hurghada Excursions","url":"https:\/\/hurghadalovers.com\/lt\/","logo":{"@id":"https:\/\/hurghadalovers.com\/lt\/tours\/padi-atviro-vandens-nardymo-kursai-i-sahl-hasheesh\/#local-main-organization-logo"},"image":{"@id":"https:\/\/hurghadalovers.com\/lt\/tours\/padi-atviro-vandens-nardymo-kursai-i-sahl-hasheesh\/#local-main-organization-logo"},"sameAs":["https:\/\/www.facebook.com\/Hurghadaloversegypt"],"address":{"@id":"https:\/\/hurghadalovers.com\/lt\/tours\/padi-atviro-vandens-nardymo-kursai-i-sahl-hasheesh\/#local-main-place-address"},"telephone":["00201112596434"],"contactPoint":{"@type":"ContactPoint","telephone":"00201112596434","email":"weyouface@gmail.com"},"openingHoursSpecification":{"@type":"OpeningHoursSpecification","dayOfWeek":["Monday","Tuesday","Wednesday","Thursday","Friday","Saturday","Sunday"],"opens":"00:00","closes":"23:59"},"email":"weyouface@gmail.com","areaServed":"Luxor, Hurghada, El Gouna, Aswan, Sharm El Sheikh, Giza, Alexandria, Marsa Alam, Quseir, Soma Bay, Sahl Hasheesh, Red Sea, Makadi Bay, Cairo","priceRange":"$","currenciesAccepted":"euro","paymentAccepted":"cash on site"},{"@type":"PostalAddress","@id":"https:\/\/hurghadalovers.com\/lt\/tours\/padi-atviro-vandens-nardymo-kursai-i-sahl-hasheesh\/#local-main-place-address","streetAddress":"17 Banks street, Alkawther area, top nbk bank","addressLocality":"hurghada","postalCode":"84511","addressRegion":"red sea","addressCountry":"EG"},{"@type":"ImageObject","inLanguage":"lt-LT","@id":"https:\/\/hurghadalovers.com\/lt\/tours\/padi-atviro-vandens-nardymo-kursai-i-sahl-hasheesh\/#local-main-organization-logo","url":"https:\/\/hurghadalovers.com\/wp-content\/uploads\/2019\/10\/hurghada-excursions-logo.png","contentUrl":"https:\/\/hurghadalovers.com\/wp-content\/uploads\/2019\/10\/hurghada-excursions-logo.png","width":272,"height":90,"caption":"Hurghada Excursions"}]},"product_brand":"Ekskursijos Nardymas i\u0161 Sahl Hasheesh","product_price_amount":"260","product_price_currency":"EUR","og_availability":"instock","product_availability":"instock","product_retailer_item_id":"Sahl502024","product_condition":"new","geo.placename":"hurghada","geo.region":"Egypt"},"_links":{"self":[{"href":"https:\/\/hurghadalovers.com\/lt\/wp-json\/wp\/v2\/product\/391883","targetHints":{"allow":["GET"]}}],"collection":[{"href":"https:\/\/hurghadalovers.com\/lt\/wp-json\/wp\/v2\/product"}],"about":[{"href":"https:\/\/hurghadalovers.com\/lt\/wp-json\/wp\/v2\/types\/product"}],"wp:featuredmedia":[{"embeddable":true,"href":"https:\/\/hurghadalovers.com\/lt\/wp-json\/wp\/v2\/media\/391800"}],"wp:attachment":[{"href":"https:\/\/hurghadalovers.com\/lt\/wp-json\/wp\/v2\/media?parent=391883"}],"wp:term":[{"taxonomy":"product_brand","embeddable":true,"href":"https:\/\/hurghadalovers.com\/lt\/wp-json\/wp\/v2\/product_brand?post=391883"},{"taxonomy":"product_cat","embeddable":true,"href":"https:\/\/hurghadalovers.com\/lt\/wp-json\/wp\/v2\/product_cat?post=391883"},{"taxonomy":"product_tag","embeddable":true,"href":"https:\/\/hurghadalovers.com\/lt\/wp-json\/wp\/v2\/product_tag?post=391883"}],"curies":[{"name":"wp","href":"https:\/\/api.w.org\/{rel}","templated":true}]}}