{"id":391424,"date":"2023-08-31T18:20:00","date_gmt":"2023-08-31T18:24:31","guid":{"rendered":"https:\/\/hurghadalovers.com\/shop\/be-kategorijos\/piratu-burlaivis-i-oranzines-ilankos-sala-is-sahl-hasheesh\/"},"modified":"2026-02-09T08:10:53","modified_gmt":"2026-02-09T08:10:53","slug":"piratai-plaukia-laivu-i-apelsinu-ilanka-sali-is-sahl-hasheesh","status":"publish","type":"product","link":"https:\/\/hurghadalovers.com\/lt\/tours\/piratai-plaukia-laivu-i-apelsinu-ilanka-sali-is-sahl-hasheesh\/","title":{"rendered":"Pirat\u0173 burlaivis \u012f Oran\u017ein\u0117s \u012flankos sal\u0105 i\u0161 Sahl Hasheesh"},"content":{"rendered":"<p><strong>Pirat\u0173 burlaivis \u012f Oran\u017ein\u0117s \u012flankos sal\u0105 i\u0161 <\/strong><strong>Sahl Hasheesh<\/strong> su VIP pietumis.<\/p>\n<p>Jei ie\u0161kote labiausiai  <strong>prabangus burlaivis<\/strong> praleisti ypating\u0105 vis\u0105 dien\u0105 ir m\u0117gautis daugiau  <strong>privatumas<\/strong>, gerov\u0117 ir  <strong>prabanga<\/strong>, valgyti gra\u017eiausi\u0173 skani\u0173 maisto produkt\u0173, kreve\u010di\u0173 ir j\u016bros g\u0117rybi\u0173, plaukioti gra\u017eiausi\u0173  <strong>koralinio rifo vietoje<\/strong> ir eiti \u012f gra\u017eiausi\u0173 papl\u016bdimi\u0173  <strong>Giftun sala<\/strong>, prisijunkite prie m\u016bs\u0173 dabar&#8230;<\/p>\n<p style=\"text-align: center;\"><span style=\"color: #008000;\">Gra\u017eiausios Sahl Hasheesh <strong>\u0160eimai draugi\u0161ka veikla<\/strong>, <strong>K\u0105 veikti su vaikais<\/strong>, senjorams, <strong>medaus m\u0117nesiui<\/strong> ir <strong>poroms<\/strong>.<\/span><\/p>\n<p>&nbsp;<\/p>\n<p><strong>Svarbiausi \u012fvykiai:<\/strong><\/p>\n<ul>\n<li>Vienos vietos nardymas Namo rifas.<\/li>\n<li>1 val. prie Orange Bay Island papl\u016bdimio.<\/li>\n<\/ul>\n<p><strong>Piratai Buriavimas laivu \u012f Oran\u017ein\u0117s \u012flankos sal\u0105 i\u0161 <\/strong><strong>Sahl Hasheesh<\/strong> <strong>I\u0161sami informacija:<\/strong><\/p>\n<ul>\n<li>Ekskursijos prieinamumas: Kiekvien\u0105 dien\u0105.<\/li>\n<li>Ekskursijos tipas: Grup\u0117.<\/li>\n<li>Pasi\u0117mimo laikas: Nuo 07:30 val.<\/li>\n<li>I\u0161vykimo laikas: 15:00 val.<\/li>\n<li>Galimyb\u0117 naudotis ne\u012fgali\u0173j\u0173 ve\u017eim\u0117liais.<\/li>\n<li>Trukm\u0117: trukm\u0117 6 val.<\/li>\n<\/ul>\n<p><strong>Rezervuokite dabar ir mok\u0117kite v\u0117liau:<\/strong><\/p>\n<ul>\n<li>Grynieji pinigai vietoje, skirti vadovui.<\/li>\n<li>Apmok\u0117jimas Egipto svarais, $, \u20ac arba \u00a3.<\/li>\n<\/ul>\n<p><strong>At\u0161aukimo politika:<\/strong><\/p>\n<ul>\n<li>At\u0161aukti iki 24 valand\u0173.<\/li>\n<li>Kai kas nors i\u0161 j\u016bs\u0173 \u0161eimos nari\u0173 at\u0161auks ryt\u0105, sumok\u0117site 50 % i\u0161laid\u0173.<\/li>\n<\/ul>\n<p><strong>Kas \u012fskai\u010diuota?<\/strong><\/p>\n<ul>\n<li>Perve\u017eimas i\u0161 Sahl Hasheesh vie\u0161bu\u010di\u0173 &#8222;Pasi\u0117mimas i\u0161 vie\u0161bu\u010dio ir i\u0161ve\u017eimas&#8221;.<\/li>\n<li>Visi mokes\u010diai, \u012fva\u017eiavimo mokes\u010diai ir tvarkymo mokes\u010diai.<\/li>\n<li>Ekskursij\u0173 vadovas.<\/li>\n<li>Mineralinis vanduo + kola + pienas + kava \/ arbata.<\/li>\n<li>1 nardymo vieta.<\/li>\n<li>Nardymo \u012franga &#8222;Kauk\u0117s ir plaukimo pelekai&#8221;.<\/li>\n<li>1 val. prie <strong>Orange Bay Island<\/strong> <strong>papl\u016bdimio<\/strong>.<\/li>\n<li>VIP \u0161vedi\u0161ko stalo piet\u016bs laive &#8222;J\u016bros g\u0117rybi\u0173 sriuba \/ 3 r\u016b\u0161i\u0173 \u0161vie\u017eios salotos \/ ry\u017eiai, makaronai, bulv\u0117s \/ krevet\u0117s, kalmarai, \u017euvis, vi\u0161tiena ir kofta \/ sezoniniai \u0161vie\u017ei vaisiai.&#8221;.<\/li>\n<li>Gelb\u0117jimosi liemen\u0117s.<\/li>\n<\/ul>\n<p><strong>I\u0161imtys?<\/strong><\/p>\n<ul>\n<li>Arbatpinigiai.<\/li>\n<li>G\u0117rimai &#8222;Orange Bay&#8221; restorane &#8222;Island&#8221;.<\/li>\n<li>Kelion\u0117s fotografija ir nuotraukos.<\/li>\n<li>Si\u016blome i\u0161sinuomoti maudymosi kostiumus ir maudymosi kostium\u0117lius moterims, vyrams, vaikams vis\u0173 dyd\u017ei\u0173 &#8222;5$ u\u017e vien\u0105&#8221;.<\/li>\n<li>Visi nepamin\u0117ti priedai.<\/li>\n<\/ul>\n<p><strong>Kainos:<\/strong><\/p>\n<ul>\n<li><strong>Kaina suaugusiems = 90$ vienam asmeniui<\/strong>.<\/li>\n<li>Kaina vaikams &#8222;3-10\u2033= 50%.<\/li>\n<li>vaikams &#8222;0-3&#8221; = nemokamai.<\/li>\n<\/ul>\n<p><strong>Atsiliepimai:<\/strong><\/p>\n<p>patikrinti m\u016bs\u0173 &#8222;Google&#8221; \u017eem\u0117lapio Atsiliepimai kaip geriausias <a href=\"https:\/\/g.page\/r\/CUeYvkngP3wkEBM\/review\">kelioni\u0173 operatorius Hurgada<\/a> internete <a href=\"https:\/\/hurghadalovers.com\/\">Hurgada<\/a> Egiptas.<\/p>\n<p><strong>U\u017esakymas:<\/strong><\/p>\n<p>Si\u0173skite vie\u0161but\u012f + kambario numer\u012f + paso nuotrauk\u0105 \u012f &#8222;WhatsApp&#8221;: <strong>+201112596434<\/strong><\/p>\n<p>Jei i\u0161 Egipto U\u017esakymas dabar internetu ir patvirtinti, kai atvykimo vie\u0161butis.<\/p>\n<p>&nbsp;<\/p>\n<p>&nbsp;<\/p>\n","protected":false},"excerpt":{"rendered":"<p><strong>Pirat\u0173 burlaivis \u012f Oran\u017ein\u0117s \u012flankos sal\u0105 i\u0161 <\/strong><strong>Sahl Hasheesh<\/strong> su VIP pietumis. Jei ie\u0161kote <strong>prabangiausio burlaivio<\/strong> praleisti ypating\u0105 vis\u0105 dien\u0105<\/p>\n","protected":false},"featured_media":391212,"template":"","meta":{"_joinchat":[]},"product_brand":[],"product_cat":[36662],"product_tag":[53265,49523,49533,53271,53275,53267,49529,53259,53263,53219,53273,53269,53279,53261,53257,53277,53283,53040,49542,53281,49545],"class_list":{"0":"post-391424","1":"product","2":"type-product","3":"status-publish","4":"has-post-thumbnail","6":"product_cat-ekskursijos","7":"product_tag-delfinu-namai-sahl-hasheesh","8":"product_tag-dienos-isvykos-is-sahl-hasheesh","9":"product_tag-dienos-turai-is-sahl-hasheesh","10":"product_tag-giftun-sala-sahl-hasheesh-lt","11":"product_tag-greitaeige-valtis-sahl-hasheesh","12":"product_tag-isvykos-laivu-sahl-hasheesh","13":"product_tag-lankytinos-vietos-sahl-hasheesh","14":"product_tag-nardymas-sahl-hasheesh","15":"product_tag-oranzines-ilankos-sala-sahl-hasheesh","16":"product_tag-pigi-seimos-isvyka-is-sahl-hasheesh","17":"product_tag-piratu-laivas-sahl-hasheesh","18":"product_tag-plaukiojimas-su-delfinais-sahl-hasheesh","19":"product_tag-privati-valtis-sahl-hasheesh","20":"product_tag-rojaus-sala-sahl-hasheesh","21":"product_tag-sahl-hasheesh-nardymo-keliones","22":"product_tag-sahl-hasheesh-valciu-frachtavimas","23":"product_tag-sahl-hasisas-privati-kelione-laivu","24":"product_tag-seimos-pramogos-is-sahl-hasheesh","25":"product_tag-uzdaros-poroms-skirtos-veiklos-sahl-hasheesh","26":"product_tag-valciu-nuoma-sahl-hasheesh","27":"product_tag-veikla-2-metu-vaikams-is-sahl-hasheesh","28":"tour_category-sahl-hasheesh-nardymo-keliones","29":"tour_category-sahl-hasheesh-ekskursijos","31":"first","32":"instock","33":"sale","34":"shipping-taxable","35":"purchasable","36":"product-type-tour"},"yoast_head":"<!-- This site is optimized with the Yoast SEO Premium plugin v26.9 (Yoast SEO v27.2) - https:\/\/yoast.com\/product\/yoast-seo-premium-wordpress\/ -->\n<title>Pirat\u0173 burlaivis \u012f Oran\u017ein\u0117s \u012flankos sal\u0105 i\u0161 Sahl Hasheesh<\/title>\n<meta name=\"description\" content=\"Pirat\u0173 burlaivis \u012f Oran\u017ein\u0117s \u012flankos sal\u0105 i\u0161 Sahl Hasheesh su VIP pietumis. Jei ie\u0161kote prabangiausio burlaivio praleisti ypating\u0105 vis\u0105 dien\u0105\" \/>\n<meta name=\"robots\" content=\"index, follow, max-snippet:-1, max-image-preview:large, max-video-preview:-1\" \/>\n<link rel=\"canonical\" href=\"https:\/\/hurghadalovers.com\/lt\/tours\/piratai-plaukia-laivu-i-apelsinu-ilanka-sali-is-sahl-hasheesh\/\" \/>\n<meta property=\"og:locale\" content=\"lt_LT\" \/>\n<meta property=\"og:type\" content=\"article\" \/>\n<meta property=\"og:title\" content=\"Pirat\u0173 burlaivis \u012f Oran\u017ein\u0117s \u012flankos sal\u0105 i\u0161 Sahl Hasheesh\" \/>\n<meta property=\"og:description\" content=\"Pirat\u0173 burlaivis \u012f Oran\u017ein\u0117s \u012flankos sal\u0105 i\u0161 Sahl Hasheesh su VIP pietumis. Jei ie\u0161kote prabangiausio burlaivio praleisti ypating\u0105 vis\u0105 dien\u0105\" \/>\n<meta property=\"og:url\" content=\"https:\/\/hurghadalovers.com\/lt\/tours\/piratai-plaukia-laivu-i-apelsinu-ilanka-sali-is-sahl-hasheesh\/\" \/>\n<meta property=\"og:site_name\" content=\"Hurghada Excursions &amp; Day Trips | Booking Best Prices Tours\" \/>\n<meta property=\"article:publisher\" content=\"https:\/\/www.facebook.com\/Hurghadaloversegypt\" \/>\n<meta property=\"article:modified_time\" content=\"2026-02-09T08:10:53+00:00\" \/>\n<meta property=\"og:image\" content=\"https:\/\/hurghadalovers.com\/wp-content\/uploads\/2023\/08\/Pirates-Sailing-Boat-to-Orange-bay-Island-from-Sahl-Hasheesh.jpeg\" \/>\n\t<meta property=\"og:image:width\" content=\"1156\" \/>\n\t<meta property=\"og:image:height\" content=\"867\" \/>\n\t<meta property=\"og:image:type\" content=\"image\/jpeg\" \/>\n<meta name=\"twitter:card\" content=\"summary_large_image\" \/>\n<meta name=\"twitter:label1\" content=\"Price\" \/>\n\t<meta name=\"twitter:data1\" content=\"&euro;&nbsp;90\" \/>\n\t<meta name=\"twitter:label2\" content=\"Availability\" \/>\n\t<meta name=\"twitter:data2\" content=\"In stock\" \/>\n<script type=\"application\/ld+json\" class=\"yoast-schema-graph\">{\"@context\":\"https:\/\/schema.org\",\"@graph\":[{\"@type\":[\"WebPage\",\"ItemPage\"],\"@id\":\"https:\/\/hurghadalovers.com\/lt\/tours\/piratai-plaukia-laivu-i-apelsinu-ilanka-sali-is-sahl-hasheesh\/\",\"url\":\"https:\/\/hurghadalovers.com\/lt\/tours\/piratai-plaukia-laivu-i-apelsinu-ilanka-sali-is-sahl-hasheesh\/\",\"name\":\"Pirat\u0173 burlaivis \u012f Oran\u017ein\u0117s \u012flankos sal\u0105 i\u0161 Sahl Hasheesh\",\"isPartOf\":{\"@id\":\"https:\/\/hurghadalovers.com\/lt\/#website\"},\"primaryImageOfPage\":{\"@id\":\"https:\/\/hurghadalovers.com\/lt\/tours\/piratai-plaukia-laivu-i-apelsinu-ilanka-sali-is-sahl-hasheesh\/#primaryimage\"},\"image\":{\"@id\":\"https:\/\/hurghadalovers.com\/lt\/tours\/piratai-plaukia-laivu-i-apelsinu-ilanka-sali-is-sahl-hasheesh\/#primaryimage\"},\"thumbnailUrl\":\"https:\/\/hurghadalovers.com\/wp-content\/uploads\/2023\/08\/Pirates-Sailing-Boat-to-Orange-bay-Island-from-Sahl-Hasheesh.jpeg\",\"datePublished\":\"2023-08-31T18:24:31+00:00\",\"dateModified\":\"2026-02-09T08:10:53+00:00\",\"description\":\"Pirat\u0173 burlaivis \u012f Oran\u017ein\u0117s \u012flankos sal\u0105 i\u0161 Sahl Hasheesh su VIP pietumis. Jei ie\u0161kote prabangiausio burlaivio praleisti ypating\u0105 vis\u0105 dien\u0105\",\"breadcrumb\":{\"@id\":\"https:\/\/hurghadalovers.com\/lt\/tours\/piratai-plaukia-laivu-i-apelsinu-ilanka-sali-is-sahl-hasheesh\/#breadcrumb\"},\"inLanguage\":\"lt-LT\",\"potentialAction\":[{\"@type\":\"ReadAction\",\"target\":[\"https:\/\/hurghadalovers.com\/lt\/tours\/piratai-plaukia-laivu-i-apelsinu-ilanka-sali-is-sahl-hasheesh\/\"]}]},{\"@type\":\"ImageObject\",\"inLanguage\":\"lt-LT\",\"@id\":\"https:\/\/hurghadalovers.com\/lt\/tours\/piratai-plaukia-laivu-i-apelsinu-ilanka-sali-is-sahl-hasheesh\/#primaryimage\",\"url\":\"https:\/\/hurghadalovers.com\/wp-content\/uploads\/2023\/08\/Pirates-Sailing-Boat-to-Orange-bay-Island-from-Sahl-Hasheesh.jpeg\",\"contentUrl\":\"https:\/\/hurghadalovers.com\/wp-content\/uploads\/2023\/08\/Pirates-Sailing-Boat-to-Orange-bay-Island-from-Sahl-Hasheesh.jpeg\",\"width\":1156,\"height\":867,\"caption\":\"Pirat\u0173 burlaivis \u012f Oran\u017ein\u0117s \u012flankos sal\u0105 i\u0161 Sahl Hasheesh\"},{\"@type\":\"BreadcrumbList\",\"@id\":\"https:\/\/hurghadalovers.com\/lt\/tours\/piratai-plaukia-laivu-i-apelsinu-ilanka-sali-is-sahl-hasheesh\/#breadcrumb\",\"itemListElement\":[{\"@type\":\"ListItem\",\"position\":1,\"name\":\"Home\",\"item\":\"https:\/\/hurghadalovers.com\/lt\/\"},{\"@type\":\"ListItem\",\"position\":2,\"name\":\"Shop\",\"item\":\"https:\/\/hurghadalovers.com\/shop\/\"},{\"@type\":\"ListItem\",\"position\":3,\"name\":\"Pirat\u0173 burlaivis \u012f Oran\u017ein\u0117s \u012flankos sal\u0105 i\u0161 Sahl Hasheesh\"}]},{\"@type\":\"WebSite\",\"@id\":\"https:\/\/hurghadalovers.com\/lt\/#website\",\"url\":\"https:\/\/hurghadalovers.com\/lt\/\",\"name\":\"Hurghada Excursions & Day Trips | Booking Best Prices Tours\",\"description\":\"Hurghada Lovers - Best Tour Operator - Excursions &amp; Things to do for Family Day Trips with kids and Couples Romantic. Unique .Hidden gems\",\"publisher\":{\"@id\":\"https:\/\/hurghadalovers.com\/lt\/#organization\"},\"alternateName\":\"Hurghada Excursions\",\"potentialAction\":[{\"@type\":\"SearchAction\",\"target\":{\"@type\":\"EntryPoint\",\"urlTemplate\":\"https:\/\/hurghadalovers.com\/lt\/?s={search_term_string}\"},\"query-input\":{\"@type\":\"PropertyValueSpecification\",\"valueRequired\":true,\"valueName\":\"search_term_string\"}}],\"inLanguage\":\"lt-LT\"},{\"@type\":[\"Organization\",\"Place\",\"TravelAgency\"],\"@id\":\"https:\/\/hurghadalovers.com\/lt\/#organization\",\"name\":\"Hurghada Excursions\",\"url\":\"https:\/\/hurghadalovers.com\/lt\/\",\"logo\":{\"@id\":\"https:\/\/hurghadalovers.com\/lt\/tours\/piratai-plaukia-laivu-i-apelsinu-ilanka-sali-is-sahl-hasheesh\/#local-main-organization-logo\"},\"image\":{\"@id\":\"https:\/\/hurghadalovers.com\/lt\/tours\/piratai-plaukia-laivu-i-apelsinu-ilanka-sali-is-sahl-hasheesh\/#local-main-organization-logo\"},\"sameAs\":[\"https:\/\/www.facebook.com\/Hurghadaloversegypt\"],\"address\":{\"@id\":\"https:\/\/hurghadalovers.com\/lt\/tours\/piratai-plaukia-laivu-i-apelsinu-ilanka-sali-is-sahl-hasheesh\/#local-main-place-address\"},\"telephone\":[\"00201112596434\"],\"contactPoint\":{\"@type\":\"ContactPoint\",\"telephone\":\"00201112596434\",\"email\":\"weyouface@gmail.com\"},\"openingHoursSpecification\":{\"@type\":\"OpeningHoursSpecification\",\"dayOfWeek\":[\"Monday\",\"Tuesday\",\"Wednesday\",\"Thursday\",\"Friday\",\"Saturday\",\"Sunday\"],\"opens\":\"00:00\",\"closes\":\"23:59\"},\"email\":\"weyouface@gmail.com\",\"areaServed\":\"Luxor, Hurghada, El Gouna, Aswan, Sharm El Sheikh, Giza, Alexandria, Marsa Alam, Quseir, Soma Bay, Sahl Hasheesh, Red Sea, Makadi Bay, Cairo\",\"priceRange\":\"$\",\"currenciesAccepted\":\"euro\",\"paymentAccepted\":\"cash on site\"},{\"@type\":\"PostalAddress\",\"@id\":\"https:\/\/hurghadalovers.com\/lt\/tours\/piratai-plaukia-laivu-i-apelsinu-ilanka-sali-is-sahl-hasheesh\/#local-main-place-address\",\"streetAddress\":\"17 Banks street, Alkawther area, top nbk bank\",\"addressLocality\":\"hurghada\",\"postalCode\":\"84511\",\"addressRegion\":\"red sea\",\"addressCountry\":\"EG\"},{\"@type\":\"ImageObject\",\"inLanguage\":\"lt-LT\",\"@id\":\"https:\/\/hurghadalovers.com\/lt\/tours\/piratai-plaukia-laivu-i-apelsinu-ilanka-sali-is-sahl-hasheesh\/#local-main-organization-logo\",\"url\":\"https:\/\/hurghadalovers.com\/wp-content\/uploads\/2019\/10\/hurghada-excursions-logo.png\",\"contentUrl\":\"https:\/\/hurghadalovers.com\/wp-content\/uploads\/2019\/10\/hurghada-excursions-logo.png\",\"width\":272,\"height\":90,\"caption\":\"Hurghada Excursions\"}]}<\/script>\n<meta property=\"product:brand\" content=\"Ekskursijos Nardymas i\u0161 Sahl Hasheesh\" \/>\n<meta property=\"product:price:amount\" content=\"90\" \/>\n<meta property=\"product:price:currency\" content=\"EUR\" \/>\n<meta property=\"og:availability\" content=\"instock\" \/>\n<meta property=\"product:availability\" content=\"instock\" \/>\n<meta property=\"product:retailer_item_id\" content=\"Sahl342024\" \/>\n<meta property=\"product:condition\" content=\"new\" \/>\n<meta name=\"geo.placename\" content=\"hurghada\" \/>\n<meta name=\"geo.region\" content=\"Egypt\" \/>\n<!-- \/ Yoast SEO Premium plugin. -->","yoast_head_json":{"title":"Pirat\u0173 burlaivis \u012f Oran\u017ein\u0117s \u012flankos sal\u0105 i\u0161 Sahl Hasheesh","description":"Pirat\u0173 burlaivis \u012f Oran\u017ein\u0117s \u012flankos sal\u0105 i\u0161 Sahl Hasheesh su VIP pietumis. Jei ie\u0161kote prabangiausio burlaivio praleisti ypating\u0105 vis\u0105 dien\u0105","robots":{"index":"index","follow":"follow","max-snippet":"max-snippet:-1","max-image-preview":"max-image-preview:large","max-video-preview":"max-video-preview:-1"},"canonical":"https:\/\/hurghadalovers.com\/lt\/tours\/piratai-plaukia-laivu-i-apelsinu-ilanka-sali-is-sahl-hasheesh\/","og_locale":"lt_LT","og_type":"article","og_title":"Pirat\u0173 burlaivis \u012f Oran\u017ein\u0117s \u012flankos sal\u0105 i\u0161 Sahl Hasheesh","og_description":"Pirat\u0173 burlaivis \u012f Oran\u017ein\u0117s \u012flankos sal\u0105 i\u0161 Sahl Hasheesh su VIP pietumis. Jei ie\u0161kote prabangiausio burlaivio praleisti ypating\u0105 vis\u0105 dien\u0105","og_url":"https:\/\/hurghadalovers.com\/lt\/tours\/piratai-plaukia-laivu-i-apelsinu-ilanka-sali-is-sahl-hasheesh\/","og_site_name":"Hurghada Excursions &amp; Day Trips | Booking Best Prices Tours","article_publisher":"https:\/\/www.facebook.com\/Hurghadaloversegypt","article_modified_time":"2026-02-09T08:10:53+00:00","og_image":[{"width":1156,"height":867,"url":"https:\/\/hurghadalovers.com\/wp-content\/uploads\/2023\/08\/Pirates-Sailing-Boat-to-Orange-bay-Island-from-Sahl-Hasheesh.jpeg","type":"image\/jpeg"}],"twitter_card":"summary_large_image","twitter_misc":{"Price":"&euro;&nbsp;90","Availability":"In stock"},"schema":{"@context":"https:\/\/schema.org","@graph":[{"@type":["WebPage","ItemPage"],"@id":"https:\/\/hurghadalovers.com\/lt\/tours\/piratai-plaukia-laivu-i-apelsinu-ilanka-sali-is-sahl-hasheesh\/","url":"https:\/\/hurghadalovers.com\/lt\/tours\/piratai-plaukia-laivu-i-apelsinu-ilanka-sali-is-sahl-hasheesh\/","name":"Pirat\u0173 burlaivis \u012f Oran\u017ein\u0117s \u012flankos sal\u0105 i\u0161 Sahl Hasheesh","isPartOf":{"@id":"https:\/\/hurghadalovers.com\/lt\/#website"},"primaryImageOfPage":{"@id":"https:\/\/hurghadalovers.com\/lt\/tours\/piratai-plaukia-laivu-i-apelsinu-ilanka-sali-is-sahl-hasheesh\/#primaryimage"},"image":{"@id":"https:\/\/hurghadalovers.com\/lt\/tours\/piratai-plaukia-laivu-i-apelsinu-ilanka-sali-is-sahl-hasheesh\/#primaryimage"},"thumbnailUrl":"https:\/\/hurghadalovers.com\/wp-content\/uploads\/2023\/08\/Pirates-Sailing-Boat-to-Orange-bay-Island-from-Sahl-Hasheesh.jpeg","datePublished":"2023-08-31T18:24:31+00:00","dateModified":"2026-02-09T08:10:53+00:00","description":"Pirat\u0173 burlaivis \u012f Oran\u017ein\u0117s \u012flankos sal\u0105 i\u0161 Sahl Hasheesh su VIP pietumis. Jei ie\u0161kote prabangiausio burlaivio praleisti ypating\u0105 vis\u0105 dien\u0105","breadcrumb":{"@id":"https:\/\/hurghadalovers.com\/lt\/tours\/piratai-plaukia-laivu-i-apelsinu-ilanka-sali-is-sahl-hasheesh\/#breadcrumb"},"inLanguage":"lt-LT","potentialAction":[{"@type":"ReadAction","target":["https:\/\/hurghadalovers.com\/lt\/tours\/piratai-plaukia-laivu-i-apelsinu-ilanka-sali-is-sahl-hasheesh\/"]}]},{"@type":"ImageObject","inLanguage":"lt-LT","@id":"https:\/\/hurghadalovers.com\/lt\/tours\/piratai-plaukia-laivu-i-apelsinu-ilanka-sali-is-sahl-hasheesh\/#primaryimage","url":"https:\/\/hurghadalovers.com\/wp-content\/uploads\/2023\/08\/Pirates-Sailing-Boat-to-Orange-bay-Island-from-Sahl-Hasheesh.jpeg","contentUrl":"https:\/\/hurghadalovers.com\/wp-content\/uploads\/2023\/08\/Pirates-Sailing-Boat-to-Orange-bay-Island-from-Sahl-Hasheesh.jpeg","width":1156,"height":867,"caption":"Pirat\u0173 burlaivis \u012f Oran\u017ein\u0117s \u012flankos sal\u0105 i\u0161 Sahl Hasheesh"},{"@type":"BreadcrumbList","@id":"https:\/\/hurghadalovers.com\/lt\/tours\/piratai-plaukia-laivu-i-apelsinu-ilanka-sali-is-sahl-hasheesh\/#breadcrumb","itemListElement":[{"@type":"ListItem","position":1,"name":"Home","item":"https:\/\/hurghadalovers.com\/lt\/"},{"@type":"ListItem","position":2,"name":"Shop","item":"https:\/\/hurghadalovers.com\/shop\/"},{"@type":"ListItem","position":3,"name":"Pirat\u0173 burlaivis \u012f Oran\u017ein\u0117s \u012flankos sal\u0105 i\u0161 Sahl Hasheesh"}]},{"@type":"WebSite","@id":"https:\/\/hurghadalovers.com\/lt\/#website","url":"https:\/\/hurghadalovers.com\/lt\/","name":"Hurghada Excursions & Day Trips | Booking Best Prices Tours","description":"Hurghada Lovers - Best Tour Operator - Excursions &amp; Things to do for Family Day Trips with kids and Couples Romantic. Unique .Hidden gems","publisher":{"@id":"https:\/\/hurghadalovers.com\/lt\/#organization"},"alternateName":"Hurghada Excursions","potentialAction":[{"@type":"SearchAction","target":{"@type":"EntryPoint","urlTemplate":"https:\/\/hurghadalovers.com\/lt\/?s={search_term_string}"},"query-input":{"@type":"PropertyValueSpecification","valueRequired":true,"valueName":"search_term_string"}}],"inLanguage":"lt-LT"},{"@type":["Organization","Place","TravelAgency"],"@id":"https:\/\/hurghadalovers.com\/lt\/#organization","name":"Hurghada Excursions","url":"https:\/\/hurghadalovers.com\/lt\/","logo":{"@id":"https:\/\/hurghadalovers.com\/lt\/tours\/piratai-plaukia-laivu-i-apelsinu-ilanka-sali-is-sahl-hasheesh\/#local-main-organization-logo"},"image":{"@id":"https:\/\/hurghadalovers.com\/lt\/tours\/piratai-plaukia-laivu-i-apelsinu-ilanka-sali-is-sahl-hasheesh\/#local-main-organization-logo"},"sameAs":["https:\/\/www.facebook.com\/Hurghadaloversegypt"],"address":{"@id":"https:\/\/hurghadalovers.com\/lt\/tours\/piratai-plaukia-laivu-i-apelsinu-ilanka-sali-is-sahl-hasheesh\/#local-main-place-address"},"telephone":["00201112596434"],"contactPoint":{"@type":"ContactPoint","telephone":"00201112596434","email":"weyouface@gmail.com"},"openingHoursSpecification":{"@type":"OpeningHoursSpecification","dayOfWeek":["Monday","Tuesday","Wednesday","Thursday","Friday","Saturday","Sunday"],"opens":"00:00","closes":"23:59"},"email":"weyouface@gmail.com","areaServed":"Luxor, Hurghada, El Gouna, Aswan, Sharm El Sheikh, Giza, Alexandria, Marsa Alam, Quseir, Soma Bay, Sahl Hasheesh, Red Sea, Makadi Bay, Cairo","priceRange":"$","currenciesAccepted":"euro","paymentAccepted":"cash on site"},{"@type":"PostalAddress","@id":"https:\/\/hurghadalovers.com\/lt\/tours\/piratai-plaukia-laivu-i-apelsinu-ilanka-sali-is-sahl-hasheesh\/#local-main-place-address","streetAddress":"17 Banks street, Alkawther area, top nbk bank","addressLocality":"hurghada","postalCode":"84511","addressRegion":"red sea","addressCountry":"EG"},{"@type":"ImageObject","inLanguage":"lt-LT","@id":"https:\/\/hurghadalovers.com\/lt\/tours\/piratai-plaukia-laivu-i-apelsinu-ilanka-sali-is-sahl-hasheesh\/#local-main-organization-logo","url":"https:\/\/hurghadalovers.com\/wp-content\/uploads\/2019\/10\/hurghada-excursions-logo.png","contentUrl":"https:\/\/hurghadalovers.com\/wp-content\/uploads\/2019\/10\/hurghada-excursions-logo.png","width":272,"height":90,"caption":"Hurghada Excursions"}]},"product_brand":"Ekskursijos Nardymas i\u0161 Sahl Hasheesh","product_price_amount":"90","product_price_currency":"EUR","og_availability":"instock","product_availability":"instock","product_retailer_item_id":"Sahl342024","product_condition":"new","geo.placename":"hurghada","geo.region":"Egypt"},"_links":{"self":[{"href":"https:\/\/hurghadalovers.com\/lt\/wp-json\/wp\/v2\/product\/391424","targetHints":{"allow":["GET"]}}],"collection":[{"href":"https:\/\/hurghadalovers.com\/lt\/wp-json\/wp\/v2\/product"}],"about":[{"href":"https:\/\/hurghadalovers.com\/lt\/wp-json\/wp\/v2\/types\/product"}],"wp:featuredmedia":[{"embeddable":true,"href":"https:\/\/hurghadalovers.com\/lt\/wp-json\/wp\/v2\/media\/391212"}],"wp:attachment":[{"href":"https:\/\/hurghadalovers.com\/lt\/wp-json\/wp\/v2\/media?parent=391424"}],"wp:term":[{"taxonomy":"product_brand","embeddable":true,"href":"https:\/\/hurghadalovers.com\/lt\/wp-json\/wp\/v2\/product_brand?post=391424"},{"taxonomy":"product_cat","embeddable":true,"href":"https:\/\/hurghadalovers.com\/lt\/wp-json\/wp\/v2\/product_cat?post=391424"},{"taxonomy":"product_tag","embeddable":true,"href":"https:\/\/hurghadalovers.com\/lt\/wp-json\/wp\/v2\/product_tag?post=391424"}],"curies":[{"name":"wp","href":"https:\/\/api.w.org\/{rel}","templated":true}]}}