{"id":390460,"date":"2023-08-31T12:32:25","date_gmt":"2023-08-31T12:36:31","guid":{"rendered":"https:\/\/hurghadalovers.com\/shop\/be-kategorijos\/privatus-sahl-hasheesh-taksi-pervezimai\/"},"modified":"2026-02-08T18:24:40","modified_gmt":"2026-02-08T18:24:40","slug":"privatus-sahl-hasheesh-taxi-transfers","status":"publish","type":"product","link":"https:\/\/hurghadalovers.com\/lt\/tours\/privatus-sahl-hasheesh-taxi-transfers\/","title":{"rendered":"Privat\u016bs Sahl Hasheesh taksi perve\u017eimai"},"content":{"rendered":"<p><strong>Privatus <\/strong><strong>Sahl Hasheesh<\/strong> <strong>Taksi perve\u017eimai<\/strong> \u012f Luksor\u0105, Kair\u0105 | U\u017esakymas Pig\u016bs Kainos Turizmo paslaugos Perve\u017eimas prabangiu mikroautobusu ir VIP automobiliu \u012f Marsa alam, EL Gouna, Soma bay, Hurgados (HRG) oro uost\u0105 | Grynieji pinigai vietoje.<\/p>\n<p><strong>I\u0161sami informacija:<\/strong><\/p>\n<ul>\n<li>Ekskursijos tipas: Prabangios priva\u010dios kelion\u0117s automobiliu arba mikroautobusu.<\/li>\n<li>Taksi u\u017esakymas Automobilis, mikroautobusas, Pasiekiamumas: Kiekvien\u0105 dien\u0105.<\/li>\n<li>Galimyb\u0117 naudotis ne\u012fgali\u0173j\u0173 ve\u017eim\u0117liais.<\/li>\n<li>Pasi\u0117mimo laikas i\u0161 Sahl Hasheesh \u012f Luksor\u0105: 05:00 val.<\/li>\n<li>Pasi\u0117mimo laikas i\u0161 Sahl Hasheesh \u012f Kair\u0105: 12:30 val.<\/li>\n<li>Pasi\u0117mimo laikas i\u0161 Sahl Hasheesh vie\u0161bu\u010di\u0173 \u012f Hurgados (HRG) oro uost\u0105, Hurgados prieplauk\u0105: kaip jums patinka.<\/li>\n<\/ul>\n<p><strong>Rezervuokite dabar ir mok\u0117kite v\u0117liau:<\/strong><\/p>\n<ul>\n<li>Grynieji pinigai vietoje, skirti vadovui.<\/li>\n<li>Apmok\u0117jimas Egipto svarais, $, \u20ac arba \u00a3.<\/li>\n<\/ul>\n<p><strong>At\u0161aukimo politika:<\/strong><\/p>\n<ul>\n<li>At\u0161aukti iki 24 valand\u0173.<\/li>\n<li>Kai kas nors i\u0161 j\u016bs\u0173 \u0161eimos nari\u0173 at\u0161auks ryt\u0105, sumok\u0117site 50 % i\u0161laid\u0173.<\/li>\n<\/ul>\n<p><strong>Kas \u012fskai\u010diuota?<\/strong><\/p>\n<ul>\n<li>Perve\u017eimas i\u0161 Sahl Hasheesh vie\u0161bu\u010di\u0173 &#8222;Pasi\u0117mimas i\u0161 vie\u0161bu\u010dio ir i\u0161ve\u017eimas&#8221;.<\/li>\n<li>Visi mokes\u010diai, \u012fva\u017eiavimo mokes\u010diai ir tvarkymo mokes\u010diai.<\/li>\n<li>Pervedimai.<\/li>\n<li>G\u0117rimai.<\/li>\n<\/ul>\n<p><strong>I\u0161imtys?<\/strong><\/p>\n<ul>\n<li>Arbatpinigiai.<\/li>\n<\/ul>\n<p><strong>Privatus perve\u017eimas <\/strong><strong>Sahl Hasheesh<\/strong> <strong>\u012f Luksor\u0105:<\/strong><\/p>\n<p>Kaina Taksi \/ Automobilis &#8222;3 s\u0117dimos vietos&#8221; = 170$ Kaina u\u017e asmenin\u012f automobil\u012f.<\/p>\n<p>Kaina Minivenas &#8222;8 s\u0117dimos vietos&#8221; = 200$ Kaina u\u017e privat\u0173 miniven\u0105 \/ mikroautobus\u0105.<\/p>\n<p>Atstumas nuo Sahl Ha\u0161i\u0161o iki Luksoro = 300 km<\/p>\n<p>Laikas nuo Sahl Hasheesh iki Luksoro = 4 val.<\/p>\n<p>Yra 2 stotel\u0117s &#8222;20 min. pertrauka, 20 turist\u0173 patikrinimo punkt\u0173 Safagoje&#8221;.<\/p>\n<p><strong> <\/strong><\/p>\n<p><strong>Privatus perve\u017eimas <\/strong><strong>Sahl Hasheesh<\/strong> <strong>\u012f Kair\u0105, Gizos piramides:<\/strong><\/p>\n<p>Kaina Taksi \/ Automobilis &#8222;3 s\u0117dimos vietos&#8221; = 180$ Kaina u\u017e asmenin\u012f automobil\u012f.<\/p>\n<p>Kaina Minivenas &#8222;8 s\u0117dimos vietos&#8221; = 220$ Kaina u\u017e privat\u0173 miniven\u0105 \/ mikroautobus\u0105.<\/p>\n<p>Atstumas nuo Sahl Ha\u0161i\u0161o iki Kairo = 380 km<\/p>\n<p>Laikas nuo Sahl Hasheesh iki Kairo = 7.30 val.<\/p>\n<p>Yra 3 sustojimai &#8221; 20 min. pertrauka \u0160afrano Ras Garebo mieste, 15-30 min. turist\u0173 patikros punktas&#8221;<\/p>\n<p><strong>Privatus perve\u017eimas <\/strong><strong>Sahl Hasheesh<\/strong> <strong>\u012f Hurgados (HRG) oro uost\u0105 arba i\u0161 jo:<\/strong><\/p>\n<p>Kaina Taksi \/ automobilis &#8222;3 &#8211; 6 s\u0117dimos vietos&#8221; = 30$ Kaina u\u017e asmenin\u012f automobil\u012f.<\/p>\n<p>Kaina Minivenas &#8222;12 viet\u0173&#8221; = 40$ Kaina u\u017e privat\u0173 miniven\u0105 \/ mikroautobus\u0105.<\/p>\n<p><strong> <\/strong><\/p>\n<p><strong>Privatus perve\u017eimas <\/strong><strong>Sahl Hasheesh<\/strong> <strong>\u012f Hurgados prieplauk\u0105:<\/strong><\/p>\n<p>Kaina Taksi \/ Automobilis &#8221; 3 &#8211; 6 s\u0117dimos vietos&#8221; 4 val. = 45$ Kaina u\u017e asmenin\u012f automobil\u012f.<\/p>\n<p>Kaina Minivenas &#8222;12 viet\u0173&#8221; 4 val. = 75$ Kaina u\u017e privat\u0173 miniven\u0105 \/ mikroautobus\u0105.<\/p>\n<p><strong> <\/strong><\/p>\n<p><strong>Privatus perve\u017eimas <\/strong><strong>Sahl Hasheesh<\/strong> <strong>\u012f El Guna vie\u0161bu\u010dius:<\/strong><\/p>\n<p>Kaina Taksi \/ automobilis &#8222;3 &#8211; 6 s\u0117dimos vietos&#8221; = 55$ Kaina u\u017e asmenin\u012f automobil\u012f.<\/p>\n<p>Kaina Minivenas &#8222;12 viet\u0173&#8221; = 70$ Kaina u\u017e privat\u0173 miniven\u0105 \/ mikroautobus\u0105.<\/p>\n<p>Atstumas nuo Sahl Hasheesh iki El Gouna = 70 km<\/p>\n<p>Laikas nuo Sahl Hasheesh iki El Gouna = 70 min.<\/p>\n<p><strong>Privatus perve\u017eimas \u012f Kairo oro uost\u0105<\/strong><\/p>\n<p>jei jums reikia eiti Kairo oro uosto ir reikia perkelti \u012f Turizmo miestai Egiptas, gali pasitik\u0117ti mumis suteikti jums prabang\u016bs privat\u016bs automobiliai Autobusas Limuzinas Paslaugos.<\/p>\n<p><strong>Taksi i\u0161 <\/strong><strong>Sahl Hasheesh<\/strong> <strong>\u012f Marsa Alam<\/strong><\/p>\n<p>Jei atvykote \u012f Hurgados oro uost\u0105 arba i\u0161 savo buvimo vietos jums reikia geriausi\u0173 automobili\u0173 ar autobus\u0173 \u012f Mars Alam arba i\u0161 jo, kad gal\u0117tum\u0117te aplankyti Kair\u0105 arba Luksor\u0105, skambinkite mums dabar<\/p>\n<p>1-3 asmenys (individualus automobilis) = 90 $<\/p>\n<p>4-8 \u017emon\u0117s (mikroautobusas) = 120 $<\/p>\n<p><strong>Atsiliepimai:<\/strong><\/p>\n<p>patikrinti m\u016bs\u0173 &#8222;Google&#8221; \u017eem\u0117lapio Atsiliepimai kaip geriausias <a href=\"https:\/\/g.page\/r\/CUeYvkngP3wkEBM\/review\">kelioni\u0173 operatorius Hurgada<\/a> internete <a href=\"https:\/\/hurghadalovers.com\/\">Hurgada<\/a> Egiptas.<\/p>\n<p><strong>U\u017esakymas:<\/strong><\/p>\n<p>Si\u0173skite vie\u0161but\u012f + kambario numer\u012f + paso nuotrauk\u0105 \u012f &#8222;WhatsApp&#8221;: <strong>+201112596434<\/strong><\/p>\n<p>Jei i\u0161 Egipto U\u017esakymas dabar internetu ir patvirtinti, kai atvykimo vie\u0161butis.<\/p>\n<p>&nbsp;<\/p>\n<p>&nbsp;<\/p>\n","protected":false},"excerpt":{"rendered":"<p><strong>Privatus <\/strong><strong>Sahl Hasheesh<\/strong> <strong>Taksi perve\u017eimai<\/strong> \u012f Luksor\u0105, Kair\u0105 | U\u017esakymas Pig\u016bs Kainos Turizmo paslaugos Perve\u017eimas prabangiu mikroautobusu ir VIP automobiliu \u012f Marsa alam, EL Gouna, Soma bay, Hurgados (HRG) oro uost\u0105 | Grynieji pinigai vietoje.<\/p>\n","protected":false},"featured_media":390322,"template":"","meta":{"_joinchat":[]},"product_brand":[],"product_cat":[36662],"product_tag":[53055,53079,53050,53175,53133,53075,53060,51551,53124,53185,53180,53165,53128,53170,53155,53160],"class_list":{"0":"post-390460","1":"product","2":"type-product","3":"status-publish","4":"has-post-thumbnail","6":"product_cat-ekskursijos","7":"product_tag-dienos-kelione-i-kaira-is-sahl-hasheesh","8":"product_tag-dienos-kelione-is-sahl-hasheesh-i-piramides","9":"product_tag-is-sahl-hasiso-i-piramides","10":"product_tag-ka-pamatyti-sahl-hasheesh","11":"product_tag-ka-veikti-sahl-hasheesh-mieste-poroms","12":"product_tag-kelione-is-sahl-haseso-i-kaira","13":"product_tag-piramides-is-sahl-haseso","14":"product_tag-privacios-ekskursijos-po-kaira","15":"product_tag-romantiski-dalykai-is-sahl-hasheesh","16":"product_tag-romantiski-dalykai-kuriuos-galima-nuveikti-sahl-hasheesh","17":"product_tag-romantiskos-ekskursijos-po-sahl-hasisa","18":"product_tag-sahl-hasheesh-ka-veikti","19":"product_tag-sahl-hasheesh-veikla-poroms","20":"product_tag-sahl-hasisas-dienos-turai","21":"product_tag-veikla-mazyliams-is-sahl-hasheesh","22":"product_tag-veikla-seimai-is-sahl-haseso","23":"tour_category-ekskursijos-is-sahl-hasiso-i-piramides","24":"tour_category-ekskursijos-is-sahl-hasiso-i-luksora","25":"tour_category-sahl-hasheesh-ekskursijos","27":"first","28":"instock","29":"sale","30":"shipping-taxable","31":"purchasable","32":"product-type-tour"},"yoast_head":"<!-- This site is optimized with the Yoast SEO Premium plugin v26.9 (Yoast SEO v27.2) - https:\/\/yoast.com\/product\/yoast-seo-premium-wordpress\/ -->\n<title>Privatus Sahl Hasheesh Taksi Perdavimas Luksoras, Kairas<\/title>\n<meta name=\"description\" content=\"Privatus Sahl Hasheesh Taksi Perve\u017eimai \u012f Luxor, Cairo | Rezervacija Pig\u016bs Kainos Turizmo Paslaugos Transferas prabangiu mikroautobusu ir VIP automobiliu \u012f Marsa alam, EL Gouna\" \/>\n<meta name=\"robots\" content=\"index, follow, max-snippet:-1, max-image-preview:large, max-video-preview:-1\" \/>\n<link rel=\"canonical\" href=\"https:\/\/hurghadalovers.com\/lt\/tours\/privatus-sahl-hasheesh-taxi-transfers\/\" \/>\n<meta property=\"og:locale\" content=\"lt_LT\" \/>\n<meta property=\"og:type\" content=\"article\" \/>\n<meta property=\"og:title\" content=\"Privat\u016bs Sahl Hasheesh taksi perve\u017eimai\" \/>\n<meta property=\"og:description\" content=\"Privatus Sahl Hasheesh Taksi Perve\u017eimai \u012f Luxor, Cairo | Rezervacija Pig\u016bs Kainos Turizmo Paslaugos Transferas prabangiu mikroautobusu ir VIP automobiliu \u012f Marsa alam, EL Gouna\" \/>\n<meta property=\"og:url\" content=\"https:\/\/hurghadalovers.com\/lt\/tours\/privatus-sahl-hasheesh-taxi-transfers\/\" \/>\n<meta property=\"og:site_name\" content=\"Hurghada Excursions &amp; Day Trips | Booking Best Prices Tours\" \/>\n<meta property=\"article:publisher\" content=\"https:\/\/www.facebook.com\/Hurghadaloversegypt\" \/>\n<meta property=\"article:modified_time\" content=\"2026-02-08T18:24:40+00:00\" \/>\n<meta property=\"og:image\" content=\"https:\/\/hurghadalovers.com\/wp-content\/uploads\/2023\/08\/Private-Sahl-Hasheesh-Taxi-Transfers.jpeg\" \/>\n\t<meta property=\"og:image:width\" content=\"1536\" \/>\n\t<meta property=\"og:image:height\" content=\"1195\" \/>\n\t<meta property=\"og:image:type\" content=\"image\/jpeg\" \/>\n<meta name=\"twitter:card\" content=\"summary_large_image\" \/>\n<meta name=\"twitter:label1\" content=\"Price\" \/>\n\t<meta name=\"twitter:data1\" content=\"&euro;&nbsp;30\" \/>\n\t<meta name=\"twitter:label2\" content=\"Availability\" \/>\n\t<meta name=\"twitter:data2\" content=\"In stock\" \/>\n<script type=\"application\/ld+json\" class=\"yoast-schema-graph\">{\"@context\":\"https:\/\/schema.org\",\"@graph\":[{\"@type\":[\"WebPage\",\"ItemPage\"],\"@id\":\"https:\/\/hurghadalovers.com\/lt\/tours\/privatus-sahl-hasheesh-taxi-transfers\/\",\"url\":\"https:\/\/hurghadalovers.com\/lt\/tours\/privatus-sahl-hasheesh-taxi-transfers\/\",\"name\":\"Privatus Sahl Hasheesh Taksi Perdavimas Luksoras, Kairas\",\"isPartOf\":{\"@id\":\"https:\/\/hurghadalovers.com\/lt\/#website\"},\"primaryImageOfPage\":{\"@id\":\"https:\/\/hurghadalovers.com\/lt\/tours\/privatus-sahl-hasheesh-taxi-transfers\/#primaryimage\"},\"image\":{\"@id\":\"https:\/\/hurghadalovers.com\/lt\/tours\/privatus-sahl-hasheesh-taxi-transfers\/#primaryimage\"},\"thumbnailUrl\":\"https:\/\/hurghadalovers.com\/wp-content\/uploads\/2023\/08\/Private-Sahl-Hasheesh-Taxi-Transfers.jpeg\",\"datePublished\":\"2023-08-31T12:36:31+00:00\",\"dateModified\":\"2026-02-08T18:24:40+00:00\",\"description\":\"Privatus Sahl Hasheesh Taksi Perve\u017eimai \u012f Luxor, Cairo | Rezervacija Pig\u016bs Kainos Turizmo Paslaugos Transferas prabangiu mikroautobusu ir VIP automobiliu \u012f Marsa alam, EL Gouna\",\"breadcrumb\":{\"@id\":\"https:\/\/hurghadalovers.com\/lt\/tours\/privatus-sahl-hasheesh-taxi-transfers\/#breadcrumb\"},\"inLanguage\":\"lt-LT\",\"potentialAction\":[{\"@type\":\"ReadAction\",\"target\":[\"https:\/\/hurghadalovers.com\/lt\/tours\/privatus-sahl-hasheesh-taxi-transfers\/\"]}]},{\"@type\":\"ImageObject\",\"inLanguage\":\"lt-LT\",\"@id\":\"https:\/\/hurghadalovers.com\/lt\/tours\/privatus-sahl-hasheesh-taxi-transfers\/#primaryimage\",\"url\":\"https:\/\/hurghadalovers.com\/wp-content\/uploads\/2023\/08\/Private-Sahl-Hasheesh-Taxi-Transfers.jpeg\",\"contentUrl\":\"https:\/\/hurghadalovers.com\/wp-content\/uploads\/2023\/08\/Private-Sahl-Hasheesh-Taxi-Transfers.jpeg\",\"width\":1536,\"height\":1195,\"caption\":\"Private\u00a0Sahl Hasheesh Taxi Transfers\u00a0to Luxor, Cairo\"},{\"@type\":\"BreadcrumbList\",\"@id\":\"https:\/\/hurghadalovers.com\/lt\/tours\/privatus-sahl-hasheesh-taxi-transfers\/#breadcrumb\",\"itemListElement\":[{\"@type\":\"ListItem\",\"position\":1,\"name\":\"Home\",\"item\":\"https:\/\/hurghadalovers.com\/lt\/\"},{\"@type\":\"ListItem\",\"position\":2,\"name\":\"Shop\",\"item\":\"https:\/\/hurghadalovers.com\/shop\/\"},{\"@type\":\"ListItem\",\"position\":3,\"name\":\"Privat\u016bs Sahl Hasheesh taksi perve\u017eimai\"}]},{\"@type\":\"WebSite\",\"@id\":\"https:\/\/hurghadalovers.com\/lt\/#website\",\"url\":\"https:\/\/hurghadalovers.com\/lt\/\",\"name\":\"Hurghada Excursions & Day Trips | Booking Best Prices Tours\",\"description\":\"Hurghada Lovers - Best Tour Operator - Excursions &amp; Things to do for Family Day Trips with kids and Couples Romantic. Unique .Hidden gems\",\"publisher\":{\"@id\":\"https:\/\/hurghadalovers.com\/lt\/#organization\"},\"alternateName\":\"Hurghada Excursions\",\"potentialAction\":[{\"@type\":\"SearchAction\",\"target\":{\"@type\":\"EntryPoint\",\"urlTemplate\":\"https:\/\/hurghadalovers.com\/lt\/?s={search_term_string}\"},\"query-input\":{\"@type\":\"PropertyValueSpecification\",\"valueRequired\":true,\"valueName\":\"search_term_string\"}}],\"inLanguage\":\"lt-LT\"},{\"@type\":[\"Organization\",\"Place\",\"TravelAgency\"],\"@id\":\"https:\/\/hurghadalovers.com\/lt\/#organization\",\"name\":\"Hurghada Excursions\",\"url\":\"https:\/\/hurghadalovers.com\/lt\/\",\"logo\":{\"@id\":\"https:\/\/hurghadalovers.com\/lt\/tours\/privatus-sahl-hasheesh-taxi-transfers\/#local-main-organization-logo\"},\"image\":{\"@id\":\"https:\/\/hurghadalovers.com\/lt\/tours\/privatus-sahl-hasheesh-taxi-transfers\/#local-main-organization-logo\"},\"sameAs\":[\"https:\/\/www.facebook.com\/Hurghadaloversegypt\"],\"address\":{\"@id\":\"https:\/\/hurghadalovers.com\/lt\/tours\/privatus-sahl-hasheesh-taxi-transfers\/#local-main-place-address\"},\"telephone\":[\"00201112596434\"],\"contactPoint\":{\"@type\":\"ContactPoint\",\"telephone\":\"00201112596434\",\"email\":\"weyouface@gmail.com\"},\"openingHoursSpecification\":{\"@type\":\"OpeningHoursSpecification\",\"dayOfWeek\":[\"Monday\",\"Tuesday\",\"Wednesday\",\"Thursday\",\"Friday\",\"Saturday\",\"Sunday\"],\"opens\":\"00:00\",\"closes\":\"23:59\"},\"email\":\"weyouface@gmail.com\",\"areaServed\":\"Luxor, Hurghada, El Gouna, Aswan, Sharm El Sheikh, Giza, Alexandria, Marsa Alam, Quseir, Soma Bay, Sahl Hasheesh, Red Sea, Makadi Bay, Cairo\",\"priceRange\":\"$\",\"currenciesAccepted\":\"euro\",\"paymentAccepted\":\"cash on site\"},{\"@type\":\"PostalAddress\",\"@id\":\"https:\/\/hurghadalovers.com\/lt\/tours\/privatus-sahl-hasheesh-taxi-transfers\/#local-main-place-address\",\"streetAddress\":\"17 Banks street, Alkawther area, top nbk bank\",\"addressLocality\":\"hurghada\",\"postalCode\":\"84511\",\"addressRegion\":\"red sea\",\"addressCountry\":\"EG\"},{\"@type\":\"ImageObject\",\"inLanguage\":\"lt-LT\",\"@id\":\"https:\/\/hurghadalovers.com\/lt\/tours\/privatus-sahl-hasheesh-taxi-transfers\/#local-main-organization-logo\",\"url\":\"https:\/\/hurghadalovers.com\/wp-content\/uploads\/2019\/10\/hurghada-excursions-logo.png\",\"contentUrl\":\"https:\/\/hurghadalovers.com\/wp-content\/uploads\/2019\/10\/hurghada-excursions-logo.png\",\"width\":272,\"height\":90,\"caption\":\"Hurghada Excursions\"}]}<\/script>\n<meta property=\"product:brand\" content=\"Ekskursijos Kairas i\u0161 Sahl Hasheesh\" \/>\n<meta property=\"product:price:amount\" content=\"30\" \/>\n<meta property=\"product:price:currency\" content=\"EUR\" \/>\n<meta property=\"og:availability\" content=\"instock\" \/>\n<meta property=\"product:availability\" content=\"instock\" \/>\n<meta property=\"product:retailer_item_id\" content=\"Sahl072024\" \/>\n<meta property=\"product:condition\" content=\"new\" \/>\n<meta name=\"geo.placename\" content=\"hurghada\" \/>\n<meta name=\"geo.region\" content=\"Egypt\" \/>\n<!-- \/ Yoast SEO Premium plugin. -->","yoast_head_json":{"title":"Privatus Sahl Hasheesh Taksi Perdavimas Luksoras, Kairas","description":"Privatus Sahl Hasheesh Taksi Perve\u017eimai \u012f Luxor, Cairo | Rezervacija Pig\u016bs Kainos Turizmo Paslaugos Transferas prabangiu mikroautobusu ir VIP automobiliu \u012f Marsa alam, EL Gouna","robots":{"index":"index","follow":"follow","max-snippet":"max-snippet:-1","max-image-preview":"max-image-preview:large","max-video-preview":"max-video-preview:-1"},"canonical":"https:\/\/hurghadalovers.com\/lt\/tours\/privatus-sahl-hasheesh-taxi-transfers\/","og_locale":"lt_LT","og_type":"article","og_title":"Privat\u016bs Sahl Hasheesh taksi perve\u017eimai","og_description":"Privatus Sahl Hasheesh Taksi Perve\u017eimai \u012f Luxor, Cairo | Rezervacija Pig\u016bs Kainos Turizmo Paslaugos Transferas prabangiu mikroautobusu ir VIP automobiliu \u012f Marsa alam, EL Gouna","og_url":"https:\/\/hurghadalovers.com\/lt\/tours\/privatus-sahl-hasheesh-taxi-transfers\/","og_site_name":"Hurghada Excursions &amp; Day Trips | Booking Best Prices Tours","article_publisher":"https:\/\/www.facebook.com\/Hurghadaloversegypt","article_modified_time":"2026-02-08T18:24:40+00:00","og_image":[{"width":1536,"height":1195,"url":"https:\/\/hurghadalovers.com\/wp-content\/uploads\/2023\/08\/Private-Sahl-Hasheesh-Taxi-Transfers.jpeg","type":"image\/jpeg"}],"twitter_card":"summary_large_image","twitter_misc":{"Price":"&euro;&nbsp;30","Availability":"In stock"},"schema":{"@context":"https:\/\/schema.org","@graph":[{"@type":["WebPage","ItemPage"],"@id":"https:\/\/hurghadalovers.com\/lt\/tours\/privatus-sahl-hasheesh-taxi-transfers\/","url":"https:\/\/hurghadalovers.com\/lt\/tours\/privatus-sahl-hasheesh-taxi-transfers\/","name":"Privatus Sahl Hasheesh Taksi Perdavimas Luksoras, Kairas","isPartOf":{"@id":"https:\/\/hurghadalovers.com\/lt\/#website"},"primaryImageOfPage":{"@id":"https:\/\/hurghadalovers.com\/lt\/tours\/privatus-sahl-hasheesh-taxi-transfers\/#primaryimage"},"image":{"@id":"https:\/\/hurghadalovers.com\/lt\/tours\/privatus-sahl-hasheesh-taxi-transfers\/#primaryimage"},"thumbnailUrl":"https:\/\/hurghadalovers.com\/wp-content\/uploads\/2023\/08\/Private-Sahl-Hasheesh-Taxi-Transfers.jpeg","datePublished":"2023-08-31T12:36:31+00:00","dateModified":"2026-02-08T18:24:40+00:00","description":"Privatus Sahl Hasheesh Taksi Perve\u017eimai \u012f Luxor, Cairo | Rezervacija Pig\u016bs Kainos Turizmo Paslaugos Transferas prabangiu mikroautobusu ir VIP automobiliu \u012f Marsa alam, EL Gouna","breadcrumb":{"@id":"https:\/\/hurghadalovers.com\/lt\/tours\/privatus-sahl-hasheesh-taxi-transfers\/#breadcrumb"},"inLanguage":"lt-LT","potentialAction":[{"@type":"ReadAction","target":["https:\/\/hurghadalovers.com\/lt\/tours\/privatus-sahl-hasheesh-taxi-transfers\/"]}]},{"@type":"ImageObject","inLanguage":"lt-LT","@id":"https:\/\/hurghadalovers.com\/lt\/tours\/privatus-sahl-hasheesh-taxi-transfers\/#primaryimage","url":"https:\/\/hurghadalovers.com\/wp-content\/uploads\/2023\/08\/Private-Sahl-Hasheesh-Taxi-Transfers.jpeg","contentUrl":"https:\/\/hurghadalovers.com\/wp-content\/uploads\/2023\/08\/Private-Sahl-Hasheesh-Taxi-Transfers.jpeg","width":1536,"height":1195,"caption":"Private\u00a0Sahl Hasheesh Taxi Transfers\u00a0to Luxor, Cairo"},{"@type":"BreadcrumbList","@id":"https:\/\/hurghadalovers.com\/lt\/tours\/privatus-sahl-hasheesh-taxi-transfers\/#breadcrumb","itemListElement":[{"@type":"ListItem","position":1,"name":"Home","item":"https:\/\/hurghadalovers.com\/lt\/"},{"@type":"ListItem","position":2,"name":"Shop","item":"https:\/\/hurghadalovers.com\/shop\/"},{"@type":"ListItem","position":3,"name":"Privat\u016bs Sahl Hasheesh taksi perve\u017eimai"}]},{"@type":"WebSite","@id":"https:\/\/hurghadalovers.com\/lt\/#website","url":"https:\/\/hurghadalovers.com\/lt\/","name":"Hurghada Excursions & Day Trips | Booking Best Prices Tours","description":"Hurghada Lovers - Best Tour Operator - Excursions &amp; Things to do for Family Day Trips with kids and Couples Romantic. Unique .Hidden gems","publisher":{"@id":"https:\/\/hurghadalovers.com\/lt\/#organization"},"alternateName":"Hurghada Excursions","potentialAction":[{"@type":"SearchAction","target":{"@type":"EntryPoint","urlTemplate":"https:\/\/hurghadalovers.com\/lt\/?s={search_term_string}"},"query-input":{"@type":"PropertyValueSpecification","valueRequired":true,"valueName":"search_term_string"}}],"inLanguage":"lt-LT"},{"@type":["Organization","Place","TravelAgency"],"@id":"https:\/\/hurghadalovers.com\/lt\/#organization","name":"Hurghada Excursions","url":"https:\/\/hurghadalovers.com\/lt\/","logo":{"@id":"https:\/\/hurghadalovers.com\/lt\/tours\/privatus-sahl-hasheesh-taxi-transfers\/#local-main-organization-logo"},"image":{"@id":"https:\/\/hurghadalovers.com\/lt\/tours\/privatus-sahl-hasheesh-taxi-transfers\/#local-main-organization-logo"},"sameAs":["https:\/\/www.facebook.com\/Hurghadaloversegypt"],"address":{"@id":"https:\/\/hurghadalovers.com\/lt\/tours\/privatus-sahl-hasheesh-taxi-transfers\/#local-main-place-address"},"telephone":["00201112596434"],"contactPoint":{"@type":"ContactPoint","telephone":"00201112596434","email":"weyouface@gmail.com"},"openingHoursSpecification":{"@type":"OpeningHoursSpecification","dayOfWeek":["Monday","Tuesday","Wednesday","Thursday","Friday","Saturday","Sunday"],"opens":"00:00","closes":"23:59"},"email":"weyouface@gmail.com","areaServed":"Luxor, Hurghada, El Gouna, Aswan, Sharm El Sheikh, Giza, Alexandria, Marsa Alam, Quseir, Soma Bay, Sahl Hasheesh, Red Sea, Makadi Bay, Cairo","priceRange":"$","currenciesAccepted":"euro","paymentAccepted":"cash on site"},{"@type":"PostalAddress","@id":"https:\/\/hurghadalovers.com\/lt\/tours\/privatus-sahl-hasheesh-taxi-transfers\/#local-main-place-address","streetAddress":"17 Banks street, Alkawther area, top nbk bank","addressLocality":"hurghada","postalCode":"84511","addressRegion":"red sea","addressCountry":"EG"},{"@type":"ImageObject","inLanguage":"lt-LT","@id":"https:\/\/hurghadalovers.com\/lt\/tours\/privatus-sahl-hasheesh-taxi-transfers\/#local-main-organization-logo","url":"https:\/\/hurghadalovers.com\/wp-content\/uploads\/2019\/10\/hurghada-excursions-logo.png","contentUrl":"https:\/\/hurghadalovers.com\/wp-content\/uploads\/2019\/10\/hurghada-excursions-logo.png","width":272,"height":90,"caption":"Hurghada Excursions"}]},"product_brand":"Ekskursijos Kairas i\u0161 Sahl Hasheesh","product_price_amount":"30","product_price_currency":"EUR","og_availability":"instock","product_availability":"instock","product_retailer_item_id":"Sahl072024","product_condition":"new","geo.placename":"hurghada","geo.region":"Egypt"},"_links":{"self":[{"href":"https:\/\/hurghadalovers.com\/lt\/wp-json\/wp\/v2\/product\/390460","targetHints":{"allow":["GET"]}}],"collection":[{"href":"https:\/\/hurghadalovers.com\/lt\/wp-json\/wp\/v2\/product"}],"about":[{"href":"https:\/\/hurghadalovers.com\/lt\/wp-json\/wp\/v2\/types\/product"}],"wp:featuredmedia":[{"embeddable":true,"href":"https:\/\/hurghadalovers.com\/lt\/wp-json\/wp\/v2\/media\/390322"}],"wp:attachment":[{"href":"https:\/\/hurghadalovers.com\/lt\/wp-json\/wp\/v2\/media?parent=390460"}],"wp:term":[{"taxonomy":"product_brand","embeddable":true,"href":"https:\/\/hurghadalovers.com\/lt\/wp-json\/wp\/v2\/product_brand?post=390460"},{"taxonomy":"product_cat","embeddable":true,"href":"https:\/\/hurghadalovers.com\/lt\/wp-json\/wp\/v2\/product_cat?post=390460"},{"taxonomy":"product_tag","embeddable":true,"href":"https:\/\/hurghadalovers.com\/lt\/wp-json\/wp\/v2\/product_tag?post=390460"}],"curies":[{"name":"wp","href":"https:\/\/api.w.org\/{rel}","templated":true}]}}