{"id":389499,"date":"2023-08-30T15:04:53","date_gmt":"2023-08-30T15:04:53","guid":{"rendered":"https:\/\/hurghadalovers.com\/shop\/be-kategorijos\/isvyka-i-rojaus-sala-is-makadi-ilankos\/"},"modified":"2026-02-08T03:24:39","modified_gmt":"2026-02-08T03:24:39","slug":"paradise-island-snorkeling-trip-from-makadi-bay","status":"publish","type":"product","link":"https:\/\/hurghadalovers.com\/lt\/tours\/paradise-island-snorkeling-trip-from-makadi-bay\/","title":{"rendered":"I\u0161vyka \u012f Rojaus sal\u0105 i\u0161 Makadi \u012flankos"},"content":{"rendered":"<p><strong>Paradise<\/strong> <strong>Island Snorkeling Trip from <\/strong><strong>Makadi Bay<\/strong> with Water Sports | Prisijunkite prie m\u016bs\u0173 Top Boat Day Trips to Beach Giftun Island and Swimming in Best House reef Spots.<\/p>\n<p style=\"text-align: center;\"><span style=\"color: #00ccff;\">Gra\u017eiausia Makadi \u012flanka <strong>\u0160eimai draugi\u0161ka veikla<\/strong>, <strong>k\u0105 veikti su vaikais<\/strong>, senjorais, <strong>medaus m\u0117nesiui<\/strong> ir <strong>poroms<\/strong>.<\/span><\/p>\n<p><strong>Svarbiausi \u012fvykiai:<\/strong><\/p>\n<ul>\n<li>2 vietos Nardymas Namo rifas.<\/li>\n<li>2 val. Paradise Island papl\u016bdimyje.<\/li>\n<li>Piet\u016bs prabangioje jachtoje.<\/li>\n<li>Vandens sportas &#8222;Banana ir Quattro&#8221;.<\/li>\n<\/ul>\n<p><strong>Paradise<\/strong> <strong>Saloje nardymas su vamzdeliu Kelion\u0117 i\u0161 <\/strong><strong>Makadi \u012flankos<\/strong> <strong>I\u0161sami informacija:<\/strong><\/p>\n<ul>\n<li>Ekskursijos prieinamumas: Kiekvien\u0105 dien\u0105.<\/li>\n<li>Ekskursijos tipas: Grup\u0117.<\/li>\n<li>Pasi\u0117mimo laikas: Nuo 07:30 val.<\/li>\n<li>I\u0161vykimo laikas: 17:00 val.<\/li>\n<li>Galimyb\u0117 naudotis ne\u012fgali\u0173j\u0173 ve\u017eim\u0117liais.<\/li>\n<li>Trukm\u0117: 8 val.<\/li>\n<\/ul>\n<p><strong>Rezervuokite dabar ir mok\u0117kite v\u0117liau:<\/strong><\/p>\n<ul>\n<li>Grynieji pinigai vietoje, skirti vadovui.<\/li>\n<li>Apmok\u0117jimas Egipto svarais, $, \u20ac arba \u00a3.<\/li>\n<\/ul>\n<p><strong>At\u0161aukimo politika:<\/strong><\/p>\n<ul>\n<li>At\u0161aukti iki 24 valand\u0173.<\/li>\n<li>Kai kas nors i\u0161 j\u016bs\u0173 \u0161eimos nari\u0173 at\u0161auks ryt\u0105, sumok\u0117site 50 % i\u0161laid\u0173.<\/li>\n<\/ul>\n<p><strong>Kas \u012fskai\u010diuota?<\/strong><\/p>\n<ul>\n<li>Perve\u017eimas i\u0161 Makadi \u012flankos vie\u0161bu\u010di\u0173 &#8222;Pasitikimas i\u0161 vie\u0161bu\u010dio&#8221;.<\/li>\n<li>Visi mokes\u010diai, \u012fva\u017eiavimo mokes\u010diai ir tvarkymo mokes\u010diai.<\/li>\n<li>Ekskursij\u0173 vadovas.<\/li>\n<li>Mineralinis vanduo + kola + pienas + kava \/ arbata.<\/li>\n<li>2 nardymo vietos<\/li>\n<li>Vandens sportas &#8222;Bananas, Sofa valtis&#8221;.<\/li>\n<li>Nardymo \u012franga &#8222;Kauk\u0117s ir plaukimo pelekai&#8221;.<\/li>\n<li>2 val. <strong>Paradise<\/strong> <strong>Island<\/strong> <strong>papl\u016bdimyje<\/strong>.<\/li>\n<li>\u0161vedi\u0161ko stalo piet\u016bs laive.<\/li>\n<li>Gelb\u0117jimosi liemen\u0117s.<\/li>\n<\/ul>\n<p><strong>I\u0161imtys?<\/strong><\/p>\n<ul>\n<li>Arbatpinigiai.<\/li>\n<li>G\u0117rimai restorane &#8222;The Paradise&#8221; saloje.<\/li>\n<li>Kelion\u0117s fotografija ir nuotraukos.<\/li>\n<li>Si\u016blome i\u0161sinuomoti maudymosi kostiumus ir maudymosi kostium\u0117lius moterims, vyrams, vaikams vis\u0173 dyd\u017ei\u0173 &#8222;5$ u\u017e vien\u0105&#8221;.<\/li>\n<li>Visi nepamin\u0117ti priedai.<\/li>\n<\/ul>\n<p><strong>Kainos:<\/strong><\/p>\n<ul>\n<li><strong>Kaina suaugusiems = 35$ vienam asmeniui<\/strong>.<\/li>\n<li>Kaina vaikams &#8222;5-12\u2033= 50%.<\/li>\n<li>vaikams &#8222;0-5&#8221; = nemokamai.<\/li>\n<\/ul>\n<p><strong>Atsiliepimai:<\/strong><\/p>\n<p>patikrinti m\u016bs\u0173 &#8222;Google&#8221; \u017eem\u0117lapio Atsiliepimai kaip geriausias <a href=\"https:\/\/g.page\/r\/CUeYvkngP3wkEBM\/review\">kelioni\u0173 operatorius Hurgada<\/a> internete <a href=\"https:\/\/hurghadalovers.com\/\">Hurgada<\/a> Egiptas.<\/p>\n<p>&nbsp;<\/p>\n<p><strong>U\u017esakymas:<\/strong><\/p>\n<p>Si\u0173skite vie\u0161but\u012f + kambario numer\u012f + paso nuotrauk\u0105 \u012f &#8222;WhatsApp&#8221;: <strong>+201112596434<\/strong><\/p>\n<p>Jei i\u0161 Egipto U\u017esakymas dabar internetu ir patvirtinti, kai atvykimo vie\u0161butis.<\/p>\n<p>&nbsp;<\/p>\n<p>&nbsp;<\/p>\n","protected":false},"excerpt":{"rendered":"<p><strong>Paradise<\/strong> <strong>Island Snorkeling Trip from <\/strong><strong>Makadi Bay<\/strong> with Water Sports | Prisijunkite prie m\u016bs\u0173 Top Boat Day Trips to Beach Giftun Island and Swimming in Best House reef Spots.<\/p>\n","protected":false},"featured_media":389354,"template":"","meta":{"_joinchat":[]},"product_brand":[],"product_cat":[36662],"product_tag":[],"class_list":{"0":"post-389499","1":"product","2":"type-product","3":"status-publish","4":"has-post-thumbnail","6":"product_cat-ekskursijos","7":"tour_category-makadi-ilanka-ekskursijos","8":"tour_category-makadi-ilankos-nardymo-keliones","10":"first","11":"instock","12":"sale","13":"shipping-taxable","14":"purchasable","15":"product-type-tour"},"yoast_head":"<!-- This site is optimized with the Yoast SEO Premium plugin v26.9 (Yoast SEO v27.2) - https:\/\/yoast.com\/product\/yoast-seo-premium-wordpress\/ -->\n<title>I\u0161vyka \u012f Rojaus sal\u0105 i\u0161 Makadi \u012flankos<\/title>\n<meta name=\"description\" content=\"Paradise Island Snorkeling Trip from Makadi Bay with Water Sports | Prisijunkite prie m\u016bs\u0173 Top Boat Day Trips to Beach Giftun Island and Swimming in Best House reef\" \/>\n<meta name=\"robots\" content=\"index, follow, max-snippet:-1, max-image-preview:large, max-video-preview:-1\" \/>\n<link rel=\"canonical\" href=\"https:\/\/hurghadalovers.com\/lt\/tours\/paradise-island-snorkeling-trip-from-makadi-bay\/\" \/>\n<meta property=\"og:locale\" content=\"lt_LT\" \/>\n<meta property=\"og:type\" content=\"article\" \/>\n<meta property=\"og:title\" content=\"I\u0161vyka \u012f Rojaus sal\u0105 i\u0161 Makadi \u012flankos\" \/>\n<meta property=\"og:description\" content=\"Paradise Island Snorkeling Trip from Makadi Bay with Water Sports | Prisijunkite prie m\u016bs\u0173 Top Boat Day Trips to Beach Giftun Island and Swimming in Best House reef\" \/>\n<meta property=\"og:url\" content=\"https:\/\/hurghadalovers.com\/lt\/tours\/paradise-island-snorkeling-trip-from-makadi-bay\/\" \/>\n<meta property=\"og:site_name\" content=\"Hurghada Excursions &amp; Day Trips | Booking Best Prices Tours\" \/>\n<meta property=\"article:publisher\" content=\"https:\/\/www.facebook.com\/Hurghadaloversegypt\" \/>\n<meta property=\"article:modified_time\" content=\"2026-02-08T03:24:39+00:00\" \/>\n<meta property=\"og:image\" content=\"https:\/\/hurghadalovers.com\/wp-content\/uploads\/2023\/08\/Paradise-Island-Snorkeling-Trip-from-Makadi-Bay.jpeg\" \/>\n\t<meta property=\"og:image:width\" content=\"1156\" \/>\n\t<meta property=\"og:image:height\" content=\"867\" \/>\n\t<meta property=\"og:image:type\" content=\"image\/jpeg\" \/>\n<meta name=\"twitter:card\" content=\"summary_large_image\" \/>\n<meta name=\"twitter:label1\" content=\"Price\" \/>\n\t<meta name=\"twitter:data1\" content=\"&euro;&nbsp;40\" \/>\n\t<meta name=\"twitter:label2\" content=\"Availability\" \/>\n\t<meta name=\"twitter:data2\" content=\"In stock\" \/>\n<script type=\"application\/ld+json\" class=\"yoast-schema-graph\">{\"@context\":\"https:\/\/schema.org\",\"@graph\":[{\"@type\":[\"WebPage\",\"ItemPage\"],\"@id\":\"https:\/\/hurghadalovers.com\/lt\/tours\/paradise-island-snorkeling-trip-from-makadi-bay\/\",\"url\":\"https:\/\/hurghadalovers.com\/lt\/tours\/paradise-island-snorkeling-trip-from-makadi-bay\/\",\"name\":\"I\u0161vyka \u012f Rojaus sal\u0105 i\u0161 Makadi \u012flankos\",\"isPartOf\":{\"@id\":\"https:\/\/hurghadalovers.com\/lt\/#website\"},\"primaryImageOfPage\":{\"@id\":\"https:\/\/hurghadalovers.com\/lt\/tours\/paradise-island-snorkeling-trip-from-makadi-bay\/#primaryimage\"},\"image\":{\"@id\":\"https:\/\/hurghadalovers.com\/lt\/tours\/paradise-island-snorkeling-trip-from-makadi-bay\/#primaryimage\"},\"thumbnailUrl\":\"https:\/\/hurghadalovers.com\/wp-content\/uploads\/2023\/08\/Paradise-Island-Snorkeling-Trip-from-Makadi-Bay.jpeg\",\"datePublished\":\"2023-08-30T15:04:53+00:00\",\"dateModified\":\"2026-02-08T03:24:39+00:00\",\"description\":\"Paradise Island Snorkeling Trip from Makadi Bay with Water Sports | Prisijunkite prie m\u016bs\u0173 Top Boat Day Trips to Beach Giftun Island and Swimming in Best House reef\",\"breadcrumb\":{\"@id\":\"https:\/\/hurghadalovers.com\/lt\/tours\/paradise-island-snorkeling-trip-from-makadi-bay\/#breadcrumb\"},\"inLanguage\":\"lt-LT\",\"potentialAction\":[{\"@type\":\"ReadAction\",\"target\":[\"https:\/\/hurghadalovers.com\/lt\/tours\/paradise-island-snorkeling-trip-from-makadi-bay\/\"]}]},{\"@type\":\"ImageObject\",\"inLanguage\":\"lt-LT\",\"@id\":\"https:\/\/hurghadalovers.com\/lt\/tours\/paradise-island-snorkeling-trip-from-makadi-bay\/#primaryimage\",\"url\":\"https:\/\/hurghadalovers.com\/wp-content\/uploads\/2023\/08\/Paradise-Island-Snorkeling-Trip-from-Makadi-Bay.jpeg\",\"contentUrl\":\"https:\/\/hurghadalovers.com\/wp-content\/uploads\/2023\/08\/Paradise-Island-Snorkeling-Trip-from-Makadi-Bay.jpeg\",\"width\":1156,\"height\":867,\"caption\":\"Paradise Island Snorkeling Trip from Makadi Bay\"},{\"@type\":\"BreadcrumbList\",\"@id\":\"https:\/\/hurghadalovers.com\/lt\/tours\/paradise-island-snorkeling-trip-from-makadi-bay\/#breadcrumb\",\"itemListElement\":[{\"@type\":\"ListItem\",\"position\":1,\"name\":\"Home\",\"item\":\"https:\/\/hurghadalovers.com\/lt\/\"},{\"@type\":\"ListItem\",\"position\":2,\"name\":\"Shop\",\"item\":\"https:\/\/hurghadalovers.com\/shop\/\"},{\"@type\":\"ListItem\",\"position\":3,\"name\":\"I\u0161vyka \u012f Rojaus sal\u0105 i\u0161 Makadi \u012flankos\"}]},{\"@type\":\"WebSite\",\"@id\":\"https:\/\/hurghadalovers.com\/lt\/#website\",\"url\":\"https:\/\/hurghadalovers.com\/lt\/\",\"name\":\"Hurghada Excursions & Day Trips | Booking Best Prices Tours\",\"description\":\"Hurghada Lovers - Best Tour Operator - Excursions &amp; Things to do for Family Day Trips with kids and Couples Romantic. Unique .Hidden gems\",\"publisher\":{\"@id\":\"https:\/\/hurghadalovers.com\/lt\/#organization\"},\"alternateName\":\"Hurghada Excursions\",\"potentialAction\":[{\"@type\":\"SearchAction\",\"target\":{\"@type\":\"EntryPoint\",\"urlTemplate\":\"https:\/\/hurghadalovers.com\/lt\/?s={search_term_string}\"},\"query-input\":{\"@type\":\"PropertyValueSpecification\",\"valueRequired\":true,\"valueName\":\"search_term_string\"}}],\"inLanguage\":\"lt-LT\"},{\"@type\":[\"Organization\",\"Place\",\"TravelAgency\"],\"@id\":\"https:\/\/hurghadalovers.com\/lt\/#organization\",\"name\":\"Hurghada Excursions\",\"url\":\"https:\/\/hurghadalovers.com\/lt\/\",\"logo\":{\"@id\":\"https:\/\/hurghadalovers.com\/lt\/tours\/paradise-island-snorkeling-trip-from-makadi-bay\/#local-main-organization-logo\"},\"image\":{\"@id\":\"https:\/\/hurghadalovers.com\/lt\/tours\/paradise-island-snorkeling-trip-from-makadi-bay\/#local-main-organization-logo\"},\"sameAs\":[\"https:\/\/www.facebook.com\/Hurghadaloversegypt\"],\"address\":{\"@id\":\"https:\/\/hurghadalovers.com\/lt\/tours\/paradise-island-snorkeling-trip-from-makadi-bay\/#local-main-place-address\"},\"telephone\":[\"00201112596434\"],\"contactPoint\":{\"@type\":\"ContactPoint\",\"telephone\":\"00201112596434\",\"email\":\"weyouface@gmail.com\"},\"openingHoursSpecification\":{\"@type\":\"OpeningHoursSpecification\",\"dayOfWeek\":[\"Monday\",\"Tuesday\",\"Wednesday\",\"Thursday\",\"Friday\",\"Saturday\",\"Sunday\"],\"opens\":\"00:00\",\"closes\":\"23:59\"},\"email\":\"weyouface@gmail.com\",\"areaServed\":\"Luxor, Hurghada, El Gouna, Aswan, Sharm El Sheikh, Giza, Alexandria, Marsa Alam, Quseir, Soma Bay, Sahl Hasheesh, Red Sea, Makadi Bay, Cairo\",\"priceRange\":\"$\",\"currenciesAccepted\":\"euro\",\"paymentAccepted\":\"cash on site\"},{\"@type\":\"PostalAddress\",\"@id\":\"https:\/\/hurghadalovers.com\/lt\/tours\/paradise-island-snorkeling-trip-from-makadi-bay\/#local-main-place-address\",\"streetAddress\":\"17 Banks street, Alkawther area, top nbk bank\",\"addressLocality\":\"hurghada\",\"postalCode\":\"84511\",\"addressRegion\":\"red sea\",\"addressCountry\":\"EG\"},{\"@type\":\"ImageObject\",\"inLanguage\":\"lt-LT\",\"@id\":\"https:\/\/hurghadalovers.com\/lt\/tours\/paradise-island-snorkeling-trip-from-makadi-bay\/#local-main-organization-logo\",\"url\":\"https:\/\/hurghadalovers.com\/wp-content\/uploads\/2019\/10\/hurghada-excursions-logo.png\",\"contentUrl\":\"https:\/\/hurghadalovers.com\/wp-content\/uploads\/2019\/10\/hurghada-excursions-logo.png\",\"width\":272,\"height\":90,\"caption\":\"Hurghada Excursions\"}]}<\/script>\n<meta property=\"product:brand\" content=\"Ekskursijos Makadi \u012flanka\" \/>\n<meta property=\"product:price:amount\" content=\"40\" \/>\n<meta property=\"product:price:currency\" content=\"EUR\" \/>\n<meta property=\"og:availability\" content=\"instock\" \/>\n<meta property=\"product:availability\" content=\"instock\" \/>\n<meta property=\"product:retailer_item_id\" content=\"Makadi232024\" \/>\n<meta property=\"product:condition\" content=\"new\" \/>\n<meta name=\"geo.placename\" content=\"hurghada\" \/>\n<meta name=\"geo.region\" content=\"Egypt\" \/>\n<!-- \/ Yoast SEO Premium plugin. -->","yoast_head_json":{"title":"I\u0161vyka \u012f Rojaus sal\u0105 i\u0161 Makadi \u012flankos","description":"Paradise Island Snorkeling Trip from Makadi Bay with Water Sports | Prisijunkite prie m\u016bs\u0173 Top Boat Day Trips to Beach Giftun Island and Swimming in Best House reef","robots":{"index":"index","follow":"follow","max-snippet":"max-snippet:-1","max-image-preview":"max-image-preview:large","max-video-preview":"max-video-preview:-1"},"canonical":"https:\/\/hurghadalovers.com\/lt\/tours\/paradise-island-snorkeling-trip-from-makadi-bay\/","og_locale":"lt_LT","og_type":"article","og_title":"I\u0161vyka \u012f Rojaus sal\u0105 i\u0161 Makadi \u012flankos","og_description":"Paradise Island Snorkeling Trip from Makadi Bay with Water Sports | Prisijunkite prie m\u016bs\u0173 Top Boat Day Trips to Beach Giftun Island and Swimming in Best House reef","og_url":"https:\/\/hurghadalovers.com\/lt\/tours\/paradise-island-snorkeling-trip-from-makadi-bay\/","og_site_name":"Hurghada Excursions &amp; Day Trips | Booking Best Prices Tours","article_publisher":"https:\/\/www.facebook.com\/Hurghadaloversegypt","article_modified_time":"2026-02-08T03:24:39+00:00","og_image":[{"width":1156,"height":867,"url":"https:\/\/hurghadalovers.com\/wp-content\/uploads\/2023\/08\/Paradise-Island-Snorkeling-Trip-from-Makadi-Bay.jpeg","type":"image\/jpeg"}],"twitter_card":"summary_large_image","twitter_misc":{"Price":"&euro;&nbsp;40","Availability":"In stock"},"schema":{"@context":"https:\/\/schema.org","@graph":[{"@type":["WebPage","ItemPage"],"@id":"https:\/\/hurghadalovers.com\/lt\/tours\/paradise-island-snorkeling-trip-from-makadi-bay\/","url":"https:\/\/hurghadalovers.com\/lt\/tours\/paradise-island-snorkeling-trip-from-makadi-bay\/","name":"I\u0161vyka \u012f Rojaus sal\u0105 i\u0161 Makadi \u012flankos","isPartOf":{"@id":"https:\/\/hurghadalovers.com\/lt\/#website"},"primaryImageOfPage":{"@id":"https:\/\/hurghadalovers.com\/lt\/tours\/paradise-island-snorkeling-trip-from-makadi-bay\/#primaryimage"},"image":{"@id":"https:\/\/hurghadalovers.com\/lt\/tours\/paradise-island-snorkeling-trip-from-makadi-bay\/#primaryimage"},"thumbnailUrl":"https:\/\/hurghadalovers.com\/wp-content\/uploads\/2023\/08\/Paradise-Island-Snorkeling-Trip-from-Makadi-Bay.jpeg","datePublished":"2023-08-30T15:04:53+00:00","dateModified":"2026-02-08T03:24:39+00:00","description":"Paradise Island Snorkeling Trip from Makadi Bay with Water Sports | Prisijunkite prie m\u016bs\u0173 Top Boat Day Trips to Beach Giftun Island and Swimming in Best House reef","breadcrumb":{"@id":"https:\/\/hurghadalovers.com\/lt\/tours\/paradise-island-snorkeling-trip-from-makadi-bay\/#breadcrumb"},"inLanguage":"lt-LT","potentialAction":[{"@type":"ReadAction","target":["https:\/\/hurghadalovers.com\/lt\/tours\/paradise-island-snorkeling-trip-from-makadi-bay\/"]}]},{"@type":"ImageObject","inLanguage":"lt-LT","@id":"https:\/\/hurghadalovers.com\/lt\/tours\/paradise-island-snorkeling-trip-from-makadi-bay\/#primaryimage","url":"https:\/\/hurghadalovers.com\/wp-content\/uploads\/2023\/08\/Paradise-Island-Snorkeling-Trip-from-Makadi-Bay.jpeg","contentUrl":"https:\/\/hurghadalovers.com\/wp-content\/uploads\/2023\/08\/Paradise-Island-Snorkeling-Trip-from-Makadi-Bay.jpeg","width":1156,"height":867,"caption":"Paradise Island Snorkeling Trip from Makadi Bay"},{"@type":"BreadcrumbList","@id":"https:\/\/hurghadalovers.com\/lt\/tours\/paradise-island-snorkeling-trip-from-makadi-bay\/#breadcrumb","itemListElement":[{"@type":"ListItem","position":1,"name":"Home","item":"https:\/\/hurghadalovers.com\/lt\/"},{"@type":"ListItem","position":2,"name":"Shop","item":"https:\/\/hurghadalovers.com\/shop\/"},{"@type":"ListItem","position":3,"name":"I\u0161vyka \u012f Rojaus sal\u0105 i\u0161 Makadi \u012flankos"}]},{"@type":"WebSite","@id":"https:\/\/hurghadalovers.com\/lt\/#website","url":"https:\/\/hurghadalovers.com\/lt\/","name":"Hurghada Excursions & Day Trips | Booking Best Prices Tours","description":"Hurghada Lovers - Best Tour Operator - Excursions &amp; Things to do for Family Day Trips with kids and Couples Romantic. Unique .Hidden gems","publisher":{"@id":"https:\/\/hurghadalovers.com\/lt\/#organization"},"alternateName":"Hurghada Excursions","potentialAction":[{"@type":"SearchAction","target":{"@type":"EntryPoint","urlTemplate":"https:\/\/hurghadalovers.com\/lt\/?s={search_term_string}"},"query-input":{"@type":"PropertyValueSpecification","valueRequired":true,"valueName":"search_term_string"}}],"inLanguage":"lt-LT"},{"@type":["Organization","Place","TravelAgency"],"@id":"https:\/\/hurghadalovers.com\/lt\/#organization","name":"Hurghada Excursions","url":"https:\/\/hurghadalovers.com\/lt\/","logo":{"@id":"https:\/\/hurghadalovers.com\/lt\/tours\/paradise-island-snorkeling-trip-from-makadi-bay\/#local-main-organization-logo"},"image":{"@id":"https:\/\/hurghadalovers.com\/lt\/tours\/paradise-island-snorkeling-trip-from-makadi-bay\/#local-main-organization-logo"},"sameAs":["https:\/\/www.facebook.com\/Hurghadaloversegypt"],"address":{"@id":"https:\/\/hurghadalovers.com\/lt\/tours\/paradise-island-snorkeling-trip-from-makadi-bay\/#local-main-place-address"},"telephone":["00201112596434"],"contactPoint":{"@type":"ContactPoint","telephone":"00201112596434","email":"weyouface@gmail.com"},"openingHoursSpecification":{"@type":"OpeningHoursSpecification","dayOfWeek":["Monday","Tuesday","Wednesday","Thursday","Friday","Saturday","Sunday"],"opens":"00:00","closes":"23:59"},"email":"weyouface@gmail.com","areaServed":"Luxor, Hurghada, El Gouna, Aswan, Sharm El Sheikh, Giza, Alexandria, Marsa Alam, Quseir, Soma Bay, Sahl Hasheesh, Red Sea, Makadi Bay, Cairo","priceRange":"$","currenciesAccepted":"euro","paymentAccepted":"cash on site"},{"@type":"PostalAddress","@id":"https:\/\/hurghadalovers.com\/lt\/tours\/paradise-island-snorkeling-trip-from-makadi-bay\/#local-main-place-address","streetAddress":"17 Banks street, Alkawther area, top nbk bank","addressLocality":"hurghada","postalCode":"84511","addressRegion":"red sea","addressCountry":"EG"},{"@type":"ImageObject","inLanguage":"lt-LT","@id":"https:\/\/hurghadalovers.com\/lt\/tours\/paradise-island-snorkeling-trip-from-makadi-bay\/#local-main-organization-logo","url":"https:\/\/hurghadalovers.com\/wp-content\/uploads\/2019\/10\/hurghada-excursions-logo.png","contentUrl":"https:\/\/hurghadalovers.com\/wp-content\/uploads\/2019\/10\/hurghada-excursions-logo.png","width":272,"height":90,"caption":"Hurghada Excursions"}]},"product_brand":"Ekskursijos Makadi \u012flanka","product_price_amount":"40","product_price_currency":"EUR","og_availability":"instock","product_availability":"instock","product_retailer_item_id":"Makadi232024","product_condition":"new","geo.placename":"hurghada","geo.region":"Egypt"},"_links":{"self":[{"href":"https:\/\/hurghadalovers.com\/lt\/wp-json\/wp\/v2\/product\/389499","targetHints":{"allow":["GET"]}}],"collection":[{"href":"https:\/\/hurghadalovers.com\/lt\/wp-json\/wp\/v2\/product"}],"about":[{"href":"https:\/\/hurghadalovers.com\/lt\/wp-json\/wp\/v2\/types\/product"}],"wp:featuredmedia":[{"embeddable":true,"href":"https:\/\/hurghadalovers.com\/lt\/wp-json\/wp\/v2\/media\/389354"}],"wp:attachment":[{"href":"https:\/\/hurghadalovers.com\/lt\/wp-json\/wp\/v2\/media?parent=389499"}],"wp:term":[{"taxonomy":"product_brand","embeddable":true,"href":"https:\/\/hurghadalovers.com\/lt\/wp-json\/wp\/v2\/product_brand?post=389499"},{"taxonomy":"product_cat","embeddable":true,"href":"https:\/\/hurghadalovers.com\/lt\/wp-json\/wp\/v2\/product_cat?post=389499"},{"taxonomy":"product_tag","embeddable":true,"href":"https:\/\/hurghadalovers.com\/lt\/wp-json\/wp\/v2\/product_tag?post=389499"}],"curies":[{"name":"wp","href":"https:\/\/api.w.org\/{rel}","templated":true}]}}