{"id":385290,"date":"2023-08-27T13:39:06","date_gmt":"2023-08-27T13:40:43","guid":{"rendered":"https:\/\/hurghadalovers.com\/shop\/be-kategorijos\/pigus-keturraciu-turai-is-somos-ilankos-2-val\/"},"modified":"2026-01-22T23:52:13","modified_gmt":"2026-01-22T23:52:13","slug":"pigus-keturraciai-dviraciais-ekskursijos-is-soma-bay","status":"publish","type":"product","link":"https:\/\/hurghadalovers.com\/lt\/tours\/pigus-keturraciai-dviraciais-ekskursijos-is-soma-bay\/","title":{"rendered":"Pig\u016bs keturra\u010di\u0173 turai i\u0161 Somos \u012flankos &#8211; 2 val."},"content":{"rendered":"<p><strong>Pig\u016bs keturra\u010di\u0173 turai i\u0161 <\/strong><strong>Somos \u012flankos<\/strong> su perve\u017eimu | 2 val. ryto 4WD, ATV arba keturra\u010di\u0173 safaris po piet\u0173 bekele dykumoje.<\/p>\n<p style=\"text-align: center;\"><span style=\"color: #ff6600;\">Geriausi dalykai, kuriuos galima nuveikti Somos \u012flankoje <strong>romanti\u0161kam<\/strong> ir <strong>por\u0173 medaus m\u0117nesiui | <\/strong> <strong>Safaris<\/strong> dykumoje <strong>su vaikais<\/strong> ir <strong>\u0161eimoms<\/strong> bei senjorams.<\/span><\/p>\n<p>&nbsp;<\/p>\n<p><strong>Svarbiausi \u012fvykiai:<\/strong><\/p>\n<ol>\n<li>60 min. pasiva\u017ein\u0117jimas keturra\u010diais dykumoje.<\/li>\n<\/ol>\n<p><strong>Pig\u016bs keturra\u010di\u0173 \u017eygiai <\/strong><strong>Soma \u012flanka <\/strong><strong>I\u0161sami informacija:<\/strong><\/p>\n<ul>\n<li>Ekskursijos prieinamumas: Kiekvien\u0105 dien\u0105.<\/li>\n<li>Ekskursijos tipas: Grup\u0117s arba privatus.<\/li>\n<li>Pasi\u0117mimo laikas: Nuo 08:00 &#8222;Pasirinkite savo laik\u0105&#8221;.<\/li>\n<li>I\u0161vykimo laikas: nuo 19:00 val.<\/li>\n<li>Trukm\u0117: 2 val.<\/li>\n<\/ul>\n<p><strong>Rezervuokite dabar ir mok\u0117kite v\u0117liau:<\/strong><\/p>\n<ul>\n<li>Grynieji pinigai vietoje, skirti vadovui.<\/li>\n<li>Apmok\u0117jimas Egipto svarais, $, \u20ac arba \u00a3.<\/li>\n<\/ul>\n<p><strong>At\u0161aukimo politika:<\/strong><\/p>\n<ul>\n<li>At\u0161aukti iki 24 valand\u0173.<\/li>\n<li>Kai kas nors i\u0161 j\u016bs\u0173 \u0161eimos nari\u0173 at\u0161auks ryt\u0105, sumok\u0117site 50 % i\u0161laid\u0173.<\/li>\n<\/ul>\n<p><strong>Kas \u012fskai\u010diuota?<\/strong><\/p>\n<ul>\n<li>Perve\u017eimas i\u0161 Somos \u012flankos vie\u0161bu\u010di\u0173 &#8222;Pasitikimas ir i\u0161vykimas i\u0161 vie\u0161bu\u010dio&#8221;.<\/li>\n<li>Visi mokes\u010diai, \u012fva\u017eiavimo mokes\u010diai ir tvarkymo mokes\u010diai.<\/li>\n<li>Pervedimai.<\/li>\n<li>Ekskursij\u0173 vadovas.<\/li>\n<li>\u0160almas.<\/li>\n<\/ul>\n<p><strong>I\u0161imtys?<\/strong><\/p>\n<ul>\n<li>\u0160alikas<\/li>\n<li>Apsauginiai akiniai<\/li>\n<li>Arbatpinigiai.<\/li>\n<li>Kelion\u0117s fotografija.<\/li>\n<li>Visi nepamin\u0117ti priedai.<\/li>\n<\/ul>\n<p><strong>Kainos:<\/strong><\/p>\n<ul>\n<li><strong>Suaugusi\u0173j\u0173 kaina = nuo <\/strong><strong>25$<\/strong><strong> asmeniui \/ 1 val.<\/strong><\/li>\n<li>Kaina vaikams &#8222;5-12\u2033= 50%.<\/li>\n<li>vaikams &#8222;0-5&#8221; = nemokamai.<\/li>\n<\/ul>\n<p><strong>Atsiliepimai:<\/strong><\/p>\n<p>patikrinti m\u016bs\u0173 &#8222;Google&#8221; \u017eem\u0117lapio Atsiliepimai kaip geriausias <a href=\"https:\/\/g.page\/r\/CUeYvkngP3wkEBM\/review\">kelioni\u0173 operatorius Hurgada<\/a> internete <a href=\"https:\/\/hurghadalovers.com\/\">Hurgada<\/a> Egiptas.<\/p>\n<p><strong>U\u017esakymas:<\/strong><\/p>\n<p>Si\u0173skite vie\u0161but\u012f + kambario numer\u012f + paso nuotrauk\u0105 \u012f &#8222;WhatsApp&#8221;: <strong>+201112596434<\/strong><\/p>\n<p>Jei i\u0161 Egipto U\u017esakymas dabar internetu ir patvirtinti, kai atvykimo vie\u0161butis.<\/p>\n<p>&nbsp;<\/p>\n<p>&nbsp;<\/p>\n","protected":false},"excerpt":{"rendered":"<p><strong>Pig\u016bs keturra\u010di\u0173 turai i\u0161 <\/strong><strong>Somos \u012flankos<\/strong> su perve\u017eimu | 2 val. ryto 4WD, ATV arba keturra\u010di\u0173 safaris po piet\u0173 bekele dykumoje. <span style=\"color: #ff6600;\"> <strong>Safaris<\/strong> dykumoje <strong>su vaikais<\/strong><\/span><\/p>\n","protected":false},"featured_media":385263,"template":"","meta":{"_joinchat":[]},"product_brand":[],"product_cat":[36662],"product_tag":[55198,55096,55323,55225,55151,55317,55165,55185,55205,55134,55171,55108,55103,55192,55328],"class_list":{"0":"post-385290","1":"product","2":"type-product","3":"status-publish","4":"has-post-thumbnail","6":"product_cat-ekskursijos","7":"product_tag-automobilis-soma-bay","8":"product_tag-ekskursijos-po-somos-ilanka","9":"product_tag-idomi-veikla-seimai-is-somos-ilankos","10":"product_tag-ka-veikti-somos-ilankoje","11":"product_tag-romantiski-dalykai-kuriuos-galima-nuveikti-somos-ilankoje","12":"product_tag-romantiskos-ekskursijos-po-somos-ilanka","13":"product_tag-safari-dykumoje-soma-bay","14":"product_tag-safari-sahara-soma-bay-lt","15":"product_tag-safari-turas-soma-ilanka","16":"product_tag-seimos-pramogos-is-soma-bay","17":"product_tag-soma-bay-buggy-safari-lt","18":"product_tag-somos-ilankos-dienos-isvykos","19":"product_tag-somos-ilankos-veikla","20":"product_tag-vazinejimas-keturraciais-soma-bay","21":"product_tag-veikla-paaugliams-is-somos-ilankos","22":"tour_category-ekskursija-keturraciais-is-somos-ilankos","23":"tour_category-soma-ilanka-ekskursijos","25":"first","26":"instock","27":"sale","28":"shipping-taxable","29":"purchasable","30":"product-type-tour"},"yoast_head":"<!-- This site is optimized with the Yoast SEO Premium plugin v26.9 (Yoast SEO v27.2) - https:\/\/yoast.com\/product\/yoast-seo-premium-wordpress\/ -->\n<title>Pig\u016bs keturra\u010di\u0173 turai i\u0161 Somos \u012flankos | 2 val. ryto 4WD, ATV<\/title>\n<meta name=\"description\" content=\"Pig\u016bs keturra\u010di\u0173 turai i\u0161 Somos \u012flankos su perve\u017eimu | 2 val. ryto 4WD, ATV arba keturra\u010di\u0173 safaris po piet\u0173 | Safaris dykumoje su vaikais\" \/>\n<meta name=\"robots\" content=\"index, follow, max-snippet:-1, max-image-preview:large, max-video-preview:-1\" \/>\n<link rel=\"canonical\" href=\"https:\/\/hurghadalovers.com\/lt\/tours\/pigus-keturraciai-dviraciais-ekskursijos-is-soma-bay\/\" \/>\n<meta property=\"og:locale\" content=\"lt_LT\" \/>\n<meta property=\"og:type\" content=\"article\" \/>\n<meta property=\"og:title\" content=\"Pig\u016bs keturra\u010di\u0173 turai i\u0161 Somos \u012flankos - 2 val.\" \/>\n<meta property=\"og:description\" content=\"Pig\u016bs keturra\u010di\u0173 turai i\u0161 Somos \u012flankos su perve\u017eimu | 2 val. ryto 4WD, ATV arba keturra\u010di\u0173 safaris po piet\u0173 | Safaris dykumoje su vaikais\" \/>\n<meta property=\"og:url\" content=\"https:\/\/hurghadalovers.com\/lt\/tours\/pigus-keturraciai-dviraciais-ekskursijos-is-soma-bay\/\" \/>\n<meta property=\"og:site_name\" content=\"Hurghada Excursions &amp; Day Trips | Booking Best Prices Tours\" \/>\n<meta property=\"article:publisher\" content=\"https:\/\/www.facebook.com\/Hurghadaloversegypt\" \/>\n<meta property=\"article:modified_time\" content=\"2026-01-22T23:52:13+00:00\" \/>\n<meta property=\"og:image\" content=\"https:\/\/hurghadalovers.com\/wp-content\/uploads\/2023\/08\/Cheap-Quad-Biking-Tours-from-Soma-bay.jpeg\" \/>\n\t<meta property=\"og:image:width\" content=\"867\" \/>\n\t<meta property=\"og:image:height\" content=\"1156\" \/>\n\t<meta property=\"og:image:type\" content=\"image\/jpeg\" \/>\n<meta name=\"twitter:card\" content=\"summary_large_image\" \/>\n<meta name=\"twitter:label1\" content=\"Price\" \/>\n\t<meta name=\"twitter:data1\" content=\"&euro;&nbsp;25\" \/>\n\t<meta name=\"twitter:label2\" content=\"Availability\" \/>\n\t<meta name=\"twitter:data2\" content=\"In stock\" \/>\n<script type=\"application\/ld+json\" class=\"yoast-schema-graph\">{\"@context\":\"https:\/\/schema.org\",\"@graph\":[{\"@type\":[\"WebPage\",\"ItemPage\"],\"@id\":\"https:\/\/hurghadalovers.com\/lt\/tours\/pigus-keturraciai-dviraciais-ekskursijos-is-soma-bay\/\",\"url\":\"https:\/\/hurghadalovers.com\/lt\/tours\/pigus-keturraciai-dviraciais-ekskursijos-is-soma-bay\/\",\"name\":\"Pig\u016bs keturra\u010di\u0173 turai i\u0161 Somos \u012flankos | 2 val. ryto 4WD, ATV\",\"isPartOf\":{\"@id\":\"https:\/\/hurghadalovers.com\/lt\/#website\"},\"primaryImageOfPage\":{\"@id\":\"https:\/\/hurghadalovers.com\/lt\/tours\/pigus-keturraciai-dviraciais-ekskursijos-is-soma-bay\/#primaryimage\"},\"image\":{\"@id\":\"https:\/\/hurghadalovers.com\/lt\/tours\/pigus-keturraciai-dviraciais-ekskursijos-is-soma-bay\/#primaryimage\"},\"thumbnailUrl\":\"https:\/\/hurghadalovers.com\/wp-content\/uploads\/2023\/08\/Cheap-Quad-Biking-Tours-from-Soma-bay.jpeg\",\"datePublished\":\"2023-08-27T13:40:43+00:00\",\"dateModified\":\"2026-01-22T23:52:13+00:00\",\"description\":\"Pig\u016bs keturra\u010di\u0173 turai i\u0161 Somos \u012flankos su perve\u017eimu | 2 val. ryto 4WD, ATV arba keturra\u010di\u0173 safaris po piet\u0173 | Safaris dykumoje su vaikais\",\"breadcrumb\":{\"@id\":\"https:\/\/hurghadalovers.com\/lt\/tours\/pigus-keturraciai-dviraciais-ekskursijos-is-soma-bay\/#breadcrumb\"},\"inLanguage\":\"lt-LT\",\"potentialAction\":[{\"@type\":\"ReadAction\",\"target\":[\"https:\/\/hurghadalovers.com\/lt\/tours\/pigus-keturraciai-dviraciais-ekskursijos-is-soma-bay\/\"]}]},{\"@type\":\"ImageObject\",\"inLanguage\":\"lt-LT\",\"@id\":\"https:\/\/hurghadalovers.com\/lt\/tours\/pigus-keturraciai-dviraciais-ekskursijos-is-soma-bay\/#primaryimage\",\"url\":\"https:\/\/hurghadalovers.com\/wp-content\/uploads\/2023\/08\/Cheap-Quad-Biking-Tours-from-Soma-bay.jpeg\",\"contentUrl\":\"https:\/\/hurghadalovers.com\/wp-content\/uploads\/2023\/08\/Cheap-Quad-Biking-Tours-from-Soma-bay.jpeg\",\"width\":867,\"height\":1156,\"caption\":\"Cheap Quad Biking Tours from Soma bay | 2hr Morning 4WD, ATV\"},{\"@type\":\"BreadcrumbList\",\"@id\":\"https:\/\/hurghadalovers.com\/lt\/tours\/pigus-keturraciai-dviraciais-ekskursijos-is-soma-bay\/#breadcrumb\",\"itemListElement\":[{\"@type\":\"ListItem\",\"position\":1,\"name\":\"Home\",\"item\":\"https:\/\/hurghadalovers.com\/lt\/\"},{\"@type\":\"ListItem\",\"position\":2,\"name\":\"Shop\",\"item\":\"https:\/\/hurghadalovers.com\/shop\/\"},{\"@type\":\"ListItem\",\"position\":3,\"name\":\"Pig\u016bs keturra\u010di\u0173 turai i\u0161 Somos \u012flankos &#8211; 2 val.\"}]},{\"@type\":\"WebSite\",\"@id\":\"https:\/\/hurghadalovers.com\/lt\/#website\",\"url\":\"https:\/\/hurghadalovers.com\/lt\/\",\"name\":\"Hurghada Excursions & Day Trips | Booking Best Prices Tours\",\"description\":\"Hurghada Lovers - Best Tour Operator - Excursions &amp; Things to do for Family Day Trips with kids and Couples Romantic. Unique .Hidden gems\",\"publisher\":{\"@id\":\"https:\/\/hurghadalovers.com\/lt\/#organization\"},\"alternateName\":\"Hurghada Excursions\",\"potentialAction\":[{\"@type\":\"SearchAction\",\"target\":{\"@type\":\"EntryPoint\",\"urlTemplate\":\"https:\/\/hurghadalovers.com\/lt\/?s={search_term_string}\"},\"query-input\":{\"@type\":\"PropertyValueSpecification\",\"valueRequired\":true,\"valueName\":\"search_term_string\"}}],\"inLanguage\":\"lt-LT\"},{\"@type\":[\"Organization\",\"Place\",\"TravelAgency\"],\"@id\":\"https:\/\/hurghadalovers.com\/lt\/#organization\",\"name\":\"Hurghada Excursions\",\"url\":\"https:\/\/hurghadalovers.com\/lt\/\",\"logo\":{\"@id\":\"https:\/\/hurghadalovers.com\/lt\/tours\/pigus-keturraciai-dviraciais-ekskursijos-is-soma-bay\/#local-main-organization-logo\"},\"image\":{\"@id\":\"https:\/\/hurghadalovers.com\/lt\/tours\/pigus-keturraciai-dviraciais-ekskursijos-is-soma-bay\/#local-main-organization-logo\"},\"sameAs\":[\"https:\/\/www.facebook.com\/Hurghadaloversegypt\"],\"address\":{\"@id\":\"https:\/\/hurghadalovers.com\/lt\/tours\/pigus-keturraciai-dviraciais-ekskursijos-is-soma-bay\/#local-main-place-address\"},\"telephone\":[\"00201112596434\"],\"contactPoint\":{\"@type\":\"ContactPoint\",\"telephone\":\"00201112596434\",\"email\":\"weyouface@gmail.com\"},\"openingHoursSpecification\":{\"@type\":\"OpeningHoursSpecification\",\"dayOfWeek\":[\"Monday\",\"Tuesday\",\"Wednesday\",\"Thursday\",\"Friday\",\"Saturday\",\"Sunday\"],\"opens\":\"00:00\",\"closes\":\"23:59\"},\"email\":\"weyouface@gmail.com\",\"areaServed\":\"Luxor, Hurghada, El Gouna, Aswan, Sharm El Sheikh, Giza, Alexandria, Marsa Alam, Quseir, Soma Bay, Sahl Hasheesh, Red Sea, Makadi Bay, Cairo\",\"priceRange\":\"$\",\"currenciesAccepted\":\"euro\",\"paymentAccepted\":\"cash on site\"},{\"@type\":\"PostalAddress\",\"@id\":\"https:\/\/hurghadalovers.com\/lt\/tours\/pigus-keturraciai-dviraciais-ekskursijos-is-soma-bay\/#local-main-place-address\",\"streetAddress\":\"17 Banks street, Alkawther area, top nbk bank\",\"addressLocality\":\"hurghada\",\"postalCode\":\"84511\",\"addressRegion\":\"red sea\",\"addressCountry\":\"EG\"},{\"@type\":\"ImageObject\",\"inLanguage\":\"lt-LT\",\"@id\":\"https:\/\/hurghadalovers.com\/lt\/tours\/pigus-keturraciai-dviraciais-ekskursijos-is-soma-bay\/#local-main-organization-logo\",\"url\":\"https:\/\/hurghadalovers.com\/wp-content\/uploads\/2019\/10\/hurghada-excursions-logo.png\",\"contentUrl\":\"https:\/\/hurghadalovers.com\/wp-content\/uploads\/2019\/10\/hurghada-excursions-logo.png\",\"width\":272,\"height\":90,\"caption\":\"Hurghada Excursions\"}]}<\/script>\n<meta property=\"product:brand\" content=\"Ekskursijos dykumoje i\u0161 Soma \u012flanka\" \/>\n<meta property=\"product:price:amount\" content=\"25\" \/>\n<meta property=\"product:price:currency\" content=\"EUR\" \/>\n<meta property=\"og:availability\" content=\"instock\" \/>\n<meta property=\"product:availability\" content=\"instock\" \/>\n<meta property=\"product:retailer_item_id\" content=\"SafariSomabay012024\" \/>\n<meta property=\"product:condition\" content=\"new\" \/>\n<meta name=\"geo.placename\" content=\"hurghada\" \/>\n<meta name=\"geo.region\" content=\"Egypt\" \/>\n<!-- \/ Yoast SEO Premium plugin. -->","yoast_head_json":{"title":"Pig\u016bs keturra\u010di\u0173 turai i\u0161 Somos \u012flankos | 2 val. ryto 4WD, ATV","description":"Pig\u016bs keturra\u010di\u0173 turai i\u0161 Somos \u012flankos su perve\u017eimu | 2 val. ryto 4WD, ATV arba keturra\u010di\u0173 safaris po piet\u0173 | Safaris dykumoje su vaikais","robots":{"index":"index","follow":"follow","max-snippet":"max-snippet:-1","max-image-preview":"max-image-preview:large","max-video-preview":"max-video-preview:-1"},"canonical":"https:\/\/hurghadalovers.com\/lt\/tours\/pigus-keturraciai-dviraciais-ekskursijos-is-soma-bay\/","og_locale":"lt_LT","og_type":"article","og_title":"Pig\u016bs keturra\u010di\u0173 turai i\u0161 Somos \u012flankos - 2 val.","og_description":"Pig\u016bs keturra\u010di\u0173 turai i\u0161 Somos \u012flankos su perve\u017eimu | 2 val. ryto 4WD, ATV arba keturra\u010di\u0173 safaris po piet\u0173 | Safaris dykumoje su vaikais","og_url":"https:\/\/hurghadalovers.com\/lt\/tours\/pigus-keturraciai-dviraciais-ekskursijos-is-soma-bay\/","og_site_name":"Hurghada Excursions &amp; Day Trips | Booking Best Prices Tours","article_publisher":"https:\/\/www.facebook.com\/Hurghadaloversegypt","article_modified_time":"2026-01-22T23:52:13+00:00","og_image":[{"width":867,"height":1156,"url":"https:\/\/hurghadalovers.com\/wp-content\/uploads\/2023\/08\/Cheap-Quad-Biking-Tours-from-Soma-bay.jpeg","type":"image\/jpeg"}],"twitter_card":"summary_large_image","twitter_misc":{"Price":"&euro;&nbsp;25","Availability":"In stock"},"schema":{"@context":"https:\/\/schema.org","@graph":[{"@type":["WebPage","ItemPage"],"@id":"https:\/\/hurghadalovers.com\/lt\/tours\/pigus-keturraciai-dviraciais-ekskursijos-is-soma-bay\/","url":"https:\/\/hurghadalovers.com\/lt\/tours\/pigus-keturraciai-dviraciais-ekskursijos-is-soma-bay\/","name":"Pig\u016bs keturra\u010di\u0173 turai i\u0161 Somos \u012flankos | 2 val. ryto 4WD, ATV","isPartOf":{"@id":"https:\/\/hurghadalovers.com\/lt\/#website"},"primaryImageOfPage":{"@id":"https:\/\/hurghadalovers.com\/lt\/tours\/pigus-keturraciai-dviraciais-ekskursijos-is-soma-bay\/#primaryimage"},"image":{"@id":"https:\/\/hurghadalovers.com\/lt\/tours\/pigus-keturraciai-dviraciais-ekskursijos-is-soma-bay\/#primaryimage"},"thumbnailUrl":"https:\/\/hurghadalovers.com\/wp-content\/uploads\/2023\/08\/Cheap-Quad-Biking-Tours-from-Soma-bay.jpeg","datePublished":"2023-08-27T13:40:43+00:00","dateModified":"2026-01-22T23:52:13+00:00","description":"Pig\u016bs keturra\u010di\u0173 turai i\u0161 Somos \u012flankos su perve\u017eimu | 2 val. ryto 4WD, ATV arba keturra\u010di\u0173 safaris po piet\u0173 | Safaris dykumoje su vaikais","breadcrumb":{"@id":"https:\/\/hurghadalovers.com\/lt\/tours\/pigus-keturraciai-dviraciais-ekskursijos-is-soma-bay\/#breadcrumb"},"inLanguage":"lt-LT","potentialAction":[{"@type":"ReadAction","target":["https:\/\/hurghadalovers.com\/lt\/tours\/pigus-keturraciai-dviraciais-ekskursijos-is-soma-bay\/"]}]},{"@type":"ImageObject","inLanguage":"lt-LT","@id":"https:\/\/hurghadalovers.com\/lt\/tours\/pigus-keturraciai-dviraciais-ekskursijos-is-soma-bay\/#primaryimage","url":"https:\/\/hurghadalovers.com\/wp-content\/uploads\/2023\/08\/Cheap-Quad-Biking-Tours-from-Soma-bay.jpeg","contentUrl":"https:\/\/hurghadalovers.com\/wp-content\/uploads\/2023\/08\/Cheap-Quad-Biking-Tours-from-Soma-bay.jpeg","width":867,"height":1156,"caption":"Cheap Quad Biking Tours from Soma bay | 2hr Morning 4WD, ATV"},{"@type":"BreadcrumbList","@id":"https:\/\/hurghadalovers.com\/lt\/tours\/pigus-keturraciai-dviraciais-ekskursijos-is-soma-bay\/#breadcrumb","itemListElement":[{"@type":"ListItem","position":1,"name":"Home","item":"https:\/\/hurghadalovers.com\/lt\/"},{"@type":"ListItem","position":2,"name":"Shop","item":"https:\/\/hurghadalovers.com\/shop\/"},{"@type":"ListItem","position":3,"name":"Pig\u016bs keturra\u010di\u0173 turai i\u0161 Somos \u012flankos &#8211; 2 val."}]},{"@type":"WebSite","@id":"https:\/\/hurghadalovers.com\/lt\/#website","url":"https:\/\/hurghadalovers.com\/lt\/","name":"Hurghada Excursions & Day Trips | Booking Best Prices Tours","description":"Hurghada Lovers - Best Tour Operator - Excursions &amp; Things to do for Family Day Trips with kids and Couples Romantic. Unique .Hidden gems","publisher":{"@id":"https:\/\/hurghadalovers.com\/lt\/#organization"},"alternateName":"Hurghada Excursions","potentialAction":[{"@type":"SearchAction","target":{"@type":"EntryPoint","urlTemplate":"https:\/\/hurghadalovers.com\/lt\/?s={search_term_string}"},"query-input":{"@type":"PropertyValueSpecification","valueRequired":true,"valueName":"search_term_string"}}],"inLanguage":"lt-LT"},{"@type":["Organization","Place","TravelAgency"],"@id":"https:\/\/hurghadalovers.com\/lt\/#organization","name":"Hurghada Excursions","url":"https:\/\/hurghadalovers.com\/lt\/","logo":{"@id":"https:\/\/hurghadalovers.com\/lt\/tours\/pigus-keturraciai-dviraciais-ekskursijos-is-soma-bay\/#local-main-organization-logo"},"image":{"@id":"https:\/\/hurghadalovers.com\/lt\/tours\/pigus-keturraciai-dviraciais-ekskursijos-is-soma-bay\/#local-main-organization-logo"},"sameAs":["https:\/\/www.facebook.com\/Hurghadaloversegypt"],"address":{"@id":"https:\/\/hurghadalovers.com\/lt\/tours\/pigus-keturraciai-dviraciais-ekskursijos-is-soma-bay\/#local-main-place-address"},"telephone":["00201112596434"],"contactPoint":{"@type":"ContactPoint","telephone":"00201112596434","email":"weyouface@gmail.com"},"openingHoursSpecification":{"@type":"OpeningHoursSpecification","dayOfWeek":["Monday","Tuesday","Wednesday","Thursday","Friday","Saturday","Sunday"],"opens":"00:00","closes":"23:59"},"email":"weyouface@gmail.com","areaServed":"Luxor, Hurghada, El Gouna, Aswan, Sharm El Sheikh, Giza, Alexandria, Marsa Alam, Quseir, Soma Bay, Sahl Hasheesh, Red Sea, Makadi Bay, Cairo","priceRange":"$","currenciesAccepted":"euro","paymentAccepted":"cash on site"},{"@type":"PostalAddress","@id":"https:\/\/hurghadalovers.com\/lt\/tours\/pigus-keturraciai-dviraciais-ekskursijos-is-soma-bay\/#local-main-place-address","streetAddress":"17 Banks street, Alkawther area, top nbk bank","addressLocality":"hurghada","postalCode":"84511","addressRegion":"red sea","addressCountry":"EG"},{"@type":"ImageObject","inLanguage":"lt-LT","@id":"https:\/\/hurghadalovers.com\/lt\/tours\/pigus-keturraciai-dviraciais-ekskursijos-is-soma-bay\/#local-main-organization-logo","url":"https:\/\/hurghadalovers.com\/wp-content\/uploads\/2019\/10\/hurghada-excursions-logo.png","contentUrl":"https:\/\/hurghadalovers.com\/wp-content\/uploads\/2019\/10\/hurghada-excursions-logo.png","width":272,"height":90,"caption":"Hurghada Excursions"}]},"product_brand":"Ekskursijos dykumoje i\u0161 Soma \u012flanka","product_price_amount":"25","product_price_currency":"EUR","og_availability":"instock","product_availability":"instock","product_retailer_item_id":"SafariSomabay012024","product_condition":"new","geo.placename":"hurghada","geo.region":"Egypt"},"_links":{"self":[{"href":"https:\/\/hurghadalovers.com\/lt\/wp-json\/wp\/v2\/product\/385290","targetHints":{"allow":["GET"]}}],"collection":[{"href":"https:\/\/hurghadalovers.com\/lt\/wp-json\/wp\/v2\/product"}],"about":[{"href":"https:\/\/hurghadalovers.com\/lt\/wp-json\/wp\/v2\/types\/product"}],"wp:featuredmedia":[{"embeddable":true,"href":"https:\/\/hurghadalovers.com\/lt\/wp-json\/wp\/v2\/media\/385263"}],"wp:attachment":[{"href":"https:\/\/hurghadalovers.com\/lt\/wp-json\/wp\/v2\/media?parent=385290"}],"wp:term":[{"taxonomy":"product_brand","embeddable":true,"href":"https:\/\/hurghadalovers.com\/lt\/wp-json\/wp\/v2\/product_brand?post=385290"},{"taxonomy":"product_cat","embeddable":true,"href":"https:\/\/hurghadalovers.com\/lt\/wp-json\/wp\/v2\/product_cat?post=385290"},{"taxonomy":"product_tag","embeddable":true,"href":"https:\/\/hurghadalovers.com\/lt\/wp-json\/wp\/v2\/product_tag?post=385290"}],"curies":[{"name":"wp","href":"https:\/\/api.w.org\/{rel}","templated":true}]}}