{"id":384862,"date":"2023-08-27T10:28:08","date_gmt":"2023-08-27T10:33:15","guid":{"rendered":"https:\/\/hurghadalovers.com\/shop\/be-kategorijos\/soma-ilankos-greitaeigio-katerio-nuoma-i-rojaus-sala\/"},"modified":"2026-02-09T18:51:24","modified_gmt":"2026-02-09T18:51:24","slug":"soma-bay-speedboat-rental-to-paradise-island","status":"publish","type":"product","link":"https:\/\/hurghadalovers.com\/lt\/tours\/soma-bay-speedboat-rental-to-paradise-island\/","title":{"rendered":"Soma \u012flankos greitaeigio katerio nuoma \u012f Rojaus sal\u0105"},"content":{"rendered":"<p><strong>Priva\u010dios greitaeig\u0117s valties nuoma \u012f Rojaus sal\u0105 <\/strong> i\u0161<strong>Somos \u012flankos<\/strong> su bilietais, nardymu ir perve\u017eimu.<\/p>\n<p style=\"text-align: center;\"><span style=\"color: #00ccff;\">Gra\u017eiausios Somos \u012flankos <strong>\u0160eimai palankios veiklos<\/strong>, <strong>K\u0105 veikti su vaikais<\/strong>, Senjorams, <strong>Medaus m\u0117nesiui<\/strong> ir <strong>poroms<\/strong>.<\/span><\/p>\n<p>M\u0117gaukit\u0117s ypatinga diena ir nepakartojama patirtimi su daugiau <strong>privatumo<\/strong> ir <strong>prabangos<\/strong>, keliaukite su \u0161eima ir draugais \u012f gra\u017eiausius <strong>Giftun salos<\/strong> papl\u016bdimius ir maudykit\u0117s gra\u017eiausiose <strong>koralini\u0173 rif\u0173<\/strong> vietose.<\/p>\n<p>Mes teikiame tik priva\u010di\u0173 greitaeigi\u0173 kateri\u0173 nuomos \u012f <strong>Rojaus<\/strong> <strong>sal\u0105<\/strong> su bilietais u\u017esakym\u0105 ir 4-5 valandas m\u0117gaukit\u0117s papl\u016bdimiu bei gr\u012f\u017ekite atgal.<\/p>\n<p>&nbsp;<\/p>\n<p><strong>Svarbiausi \u012fvykiai:<\/strong><\/p>\n<ul>\n<li>viena vieta Nardymas Namo rifas.<\/li>\n<li>2-5 val. Paradise Island papl\u016bdimyje.<\/li>\n<\/ul>\n<p><strong>I\u0161sami informacija:<\/strong><\/p>\n<ul>\n<li>Ekskursijos prieinamumas: Kiekvien\u0105 dien\u0105.<\/li>\n<li>Ekskursijos tipas: Privatus.<\/li>\n<li>Pasi\u0117mimo laikas: Nuo 07:30 arba nuo 12:30.<\/li>\n<li>I\u0161vykimo laikas: 13:00 arba 18:00 val.<\/li>\n<li>Galimyb\u0117 naudotis ne\u012fgali\u0173j\u0173 ve\u017eim\u0117liais.<\/li>\n<li>Trukm\u0117: Trukm\u0117: 4-5 val.<\/li>\n<\/ul>\n<p><strong>Rezervuokite dabar ir mok\u0117kite v\u0117liau:<\/strong><\/p>\n<ul>\n<li>Grynieji pinigai vietoje, skirti vadovui.<\/li>\n<li>Apmok\u0117jimas Egipto svarais, $, \u20ac arba \u00a3.<\/li>\n<\/ul>\n<p><strong>At\u0161aukimo politika:<\/strong><\/p>\n<ul>\n<li>At\u0161aukti iki 24 valand\u0173.<\/li>\n<li>Kai kas nors i\u0161 j\u016bs\u0173 \u0161eimos nari\u0173 at\u0161auks ryt\u0105, sumok\u0117site 50 % i\u0161laid\u0173.<\/li>\n<\/ul>\n<p><strong>Kas \u012fskai\u010diuota?<\/strong><\/p>\n<ul>\n<li>Perve\u017eimas i\u0161 Somos \u012flankos vie\u0161bu\u010di\u0173 &#8222;Pasitikimas ir i\u0161vykimas i\u0161 vie\u0161bu\u010dio&#8221;.<\/li>\n<li>Visi mokes\u010diai, \u012fva\u017eiavimo mokes\u010diai ir tvarkymo mokes\u010diai.<\/li>\n<li>Mineralinis vanduo + Cola.<\/li>\n<li>viena nardymo vieta.<\/li>\n<li>Nardymo \u012franga &#8222;Kauk\u0117s ir plaukimo pelekai&#8221;.<\/li>\n<li>2-5 val. <strong>Paradise<\/strong> <strong>Island<\/strong> <strong>papl\u016bdimyje<\/strong>.<\/li>\n<\/ul>\n<p><strong>I\u0161imtys?<\/strong><\/p>\n<ul>\n<li>Arbatpinigiai.<\/li>\n<li>G\u0117rimai &#8222;Paradise&#8221; restorane &#8222;Island&#8221;.<\/li>\n<li>Visi nepamin\u0117ti priedai.<\/li>\n<\/ul>\n<p><strong>Kainos:<\/strong><\/p>\n<ul>\n<li>Greitaeigio katerio nuoma \u012f Rojaus sal\u0105 su bilietais &#8222;2 asmenims&#8221; ir perve\u017eimu = 220$<\/li>\n<li>Greitaeigio katerio nuoma \u012f Rojaus sal\u0105 su bilietais &#8222;2 asmenims&#8221;, nardymu ir perve\u017eimu = 270$<\/li>\n<li><strong>Iki 2 asmen\u0173 Papildomas bilietas = 5$ asmeniui.<\/strong><\/li>\n<\/ul>\n<p><strong>Atsiliepimai:<\/strong><\/p>\n<p>patikrinti m\u016bs\u0173 &#8222;Google&#8221; \u017eem\u0117lapio Atsiliepimai kaip geriausias <a href=\"https:\/\/g.page\/r\/CUeYvkngP3wkEBM\/review\">kelioni\u0173 operatorius Hurgada<\/a> internete <a href=\"https:\/\/hurghadalovers.com\/\">Hurgada<\/a> Egiptas.<\/p>\n<p><strong>U\u017esakymas:<\/strong><\/p>\n<p>Si\u0173skite vie\u0161but\u012f + kambario numer\u012f + paso nuotrauk\u0105 \u012f &#8222;WhatsApp&#8221;: <strong>+201112596434<\/strong><\/p>\n<p>Jei i\u0161 Egipto U\u017esakymas dabar internetu ir patvirtinti, kai atvykimo vie\u0161butis.<\/p>\n<p>&nbsp;<\/p>\n<p>&nbsp;<\/p>\n","protected":false},"excerpt":{"rendered":"<p>Soma \u012flankos greitaeigio katerio nuoma \u012f Rojaus sal\u0105 su bilietais, nardymu ir perve\u017eimu.<\/p>\n<p style=\"text-align: center;\"><span style=\"color: #00ccff;\">Gra\u017eiausios Somos \u012flankos <strong>\u0160eimai palankios veiklos<\/strong>, <strong>K\u0105 veikti su vaikais<\/strong>, Senjorams, <strong>Medaus m\u0117nesiui<\/strong> ir <strong>poroms<\/strong>.<\/span><\/p>\n<p>&nbsp;<\/p>\n","protected":false},"featured_media":384803,"template":"","meta":{"_joinchat":[]},"product_brand":[],"product_cat":[36662],"product_tag":[54948,55351,54906,54912,54893,55346,54857,54888,54969,54861,54955,54900,54926,54962,55151,55317,55134,54940,54881,54918,54933],"class_list":{"0":"post-384862","1":"product","2":"type-product","3":"status-publish","4":"has-post-thumbnail","6":"product_cat-ekskursijos","7":"product_tag-delfinu-namai-soma-bay","8":"product_tag-dienos-isvykos-is-somos-ilankos","9":"product_tag-giftun-sala-soma-ilanka","10":"product_tag-greitaeige-valtis-soma-bay","11":"product_tag-isvykos-laivu-i-somos-ilanka","12":"product_tag-ka-pamatyti-somos-ilankoje","13":"product_tag-ka-veikti-su-kudikiais-is-somos-ilankos","14":"product_tag-nardymas-soma-ilankoje","15":"product_tag-oranzines-ilankos-sala-soma-ilanka","16":"product_tag-pigi-seimos-isvyka-is-soma-bay","17":"product_tag-piratu-valtis-soma-bay","18":"product_tag-plaukimas-su-delfinais-soma-bay","19":"product_tag-privati-valtis-soma-bay","20":"product_tag-rojaus-sala-soma-bay","21":"product_tag-romantiski-dalykai-kuriuos-galima-nuveikti-somos-ilankoje","22":"product_tag-romantiskos-ekskursijos-po-somos-ilanka","23":"product_tag-seimos-pramogos-is-soma-bay","24":"product_tag-soma-ilanka-privati-kelione-laivu","25":"product_tag-soma-ilankos-nardymo-keliones","26":"product_tag-somos-ilankos-valciu-chartijos","27":"product_tag-valciu-nuoma-soma-bay","28":"tour_category-soma-ilankos-nardymas","29":"tour_category-soma-ilanka-ekskursijos","31":"first","32":"instock","33":"sale","34":"shipping-taxable","35":"purchasable","36":"product-type-tour"},"yoast_head":"<!-- This site is optimized with the Yoast SEO Premium plugin v26.9 (Yoast SEO v27.2) - https:\/\/yoast.com\/product\/yoast-seo-premium-wordpress\/ -->\n<title>Soma \u012flankos greitaeigio katerio nuoma \u012f Rojaus sal\u0105 su bilietais<\/title>\n<meta name=\"description\" content=\"Soma \u012flankos greitaeigio katerio nuoma \u012f Rojaus sal\u0105 su bilietais, nardymu ir perve\u017eimu. Gra\u017eiausios \u0161eimai pritaikytos veiklos, K\u0105 veikti su vaikais\" \/>\n<meta name=\"robots\" content=\"index, follow, max-snippet:-1, max-image-preview:large, max-video-preview:-1\" \/>\n<link rel=\"canonical\" href=\"https:\/\/hurghadalovers.com\/lt\/tours\/soma-bay-speedboat-rental-to-paradise-island\/\" \/>\n<meta property=\"og:locale\" content=\"lt_LT\" \/>\n<meta property=\"og:type\" content=\"article\" \/>\n<meta property=\"og:title\" content=\"Soma \u012flankos greitaeigio katerio nuoma \u012f Rojaus sal\u0105\" \/>\n<meta property=\"og:description\" content=\"Soma \u012flankos greitaeigio katerio nuoma \u012f Rojaus sal\u0105 su bilietais, nardymu ir perve\u017eimu. Gra\u017eiausios \u0161eimai pritaikytos veiklos, K\u0105 veikti su vaikais\" \/>\n<meta property=\"og:url\" content=\"https:\/\/hurghadalovers.com\/lt\/tours\/soma-bay-speedboat-rental-to-paradise-island\/\" \/>\n<meta property=\"og:site_name\" content=\"Hurghada Excursions &amp; Day Trips | Booking Best Prices Tours\" \/>\n<meta property=\"article:publisher\" content=\"https:\/\/www.facebook.com\/Hurghadaloversegypt\" \/>\n<meta property=\"article:modified_time\" content=\"2026-02-09T18:51:24+00:00\" \/>\n<meta property=\"og:image\" content=\"https:\/\/hurghadalovers.com\/wp-content\/uploads\/2023\/08\/Soma-bay-Speedboat-Rental-to-Paradise-Island.jpeg\" \/>\n\t<meta property=\"og:image:width\" content=\"1156\" \/>\n\t<meta property=\"og:image:height\" content=\"867\" \/>\n\t<meta property=\"og:image:type\" content=\"image\/jpeg\" \/>\n<meta name=\"twitter:card\" content=\"summary_large_image\" \/>\n<meta name=\"twitter:label1\" content=\"Price\" \/>\n\t<meta name=\"twitter:data1\" content=\"&euro;&nbsp;220\" \/>\n\t<meta name=\"twitter:label2\" content=\"Availability\" \/>\n\t<meta name=\"twitter:data2\" content=\"In stock\" \/>\n<script type=\"application\/ld+json\" class=\"yoast-schema-graph\">{\"@context\":\"https:\/\/schema.org\",\"@graph\":[{\"@type\":[\"WebPage\",\"ItemPage\"],\"@id\":\"https:\/\/hurghadalovers.com\/lt\/tours\/soma-bay-speedboat-rental-to-paradise-island\/\",\"url\":\"https:\/\/hurghadalovers.com\/lt\/tours\/soma-bay-speedboat-rental-to-paradise-island\/\",\"name\":\"Soma \u012flankos greitaeigio katerio nuoma \u012f Rojaus sal\u0105 su bilietais\",\"isPartOf\":{\"@id\":\"https:\/\/hurghadalovers.com\/lt\/#website\"},\"primaryImageOfPage\":{\"@id\":\"https:\/\/hurghadalovers.com\/lt\/tours\/soma-bay-speedboat-rental-to-paradise-island\/#primaryimage\"},\"image\":{\"@id\":\"https:\/\/hurghadalovers.com\/lt\/tours\/soma-bay-speedboat-rental-to-paradise-island\/#primaryimage\"},\"thumbnailUrl\":\"https:\/\/hurghadalovers.com\/wp-content\/uploads\/2023\/08\/Soma-bay-Speedboat-Rental-to-Paradise-Island.jpeg\",\"datePublished\":\"2023-08-27T10:33:15+00:00\",\"dateModified\":\"2026-02-09T18:51:24+00:00\",\"description\":\"Soma \u012flankos greitaeigio katerio nuoma \u012f Rojaus sal\u0105 su bilietais, nardymu ir perve\u017eimu. Gra\u017eiausios \u0161eimai pritaikytos veiklos, K\u0105 veikti su vaikais\",\"breadcrumb\":{\"@id\":\"https:\/\/hurghadalovers.com\/lt\/tours\/soma-bay-speedboat-rental-to-paradise-island\/#breadcrumb\"},\"inLanguage\":\"lt-LT\",\"potentialAction\":[{\"@type\":\"ReadAction\",\"target\":[\"https:\/\/hurghadalovers.com\/lt\/tours\/soma-bay-speedboat-rental-to-paradise-island\/\"]}]},{\"@type\":\"ImageObject\",\"inLanguage\":\"lt-LT\",\"@id\":\"https:\/\/hurghadalovers.com\/lt\/tours\/soma-bay-speedboat-rental-to-paradise-island\/#primaryimage\",\"url\":\"https:\/\/hurghadalovers.com\/wp-content\/uploads\/2023\/08\/Soma-bay-Speedboat-Rental-to-Paradise-Island.jpeg\",\"contentUrl\":\"https:\/\/hurghadalovers.com\/wp-content\/uploads\/2023\/08\/Soma-bay-Speedboat-Rental-to-Paradise-Island.jpeg\",\"width\":1156,\"height\":867,\"caption\":\"Soma \u012flankos greitaeigio katerio nuoma \u012f Rojaus sal\u0105\"},{\"@type\":\"BreadcrumbList\",\"@id\":\"https:\/\/hurghadalovers.com\/lt\/tours\/soma-bay-speedboat-rental-to-paradise-island\/#breadcrumb\",\"itemListElement\":[{\"@type\":\"ListItem\",\"position\":1,\"name\":\"Home\",\"item\":\"https:\/\/hurghadalovers.com\/lt\/\"},{\"@type\":\"ListItem\",\"position\":2,\"name\":\"Shop\",\"item\":\"https:\/\/hurghadalovers.com\/shop\/\"},{\"@type\":\"ListItem\",\"position\":3,\"name\":\"Soma \u012flankos greitaeigio katerio nuoma \u012f Rojaus sal\u0105\"}]},{\"@type\":\"WebSite\",\"@id\":\"https:\/\/hurghadalovers.com\/lt\/#website\",\"url\":\"https:\/\/hurghadalovers.com\/lt\/\",\"name\":\"Hurghada Excursions & Day Trips | Booking Best Prices Tours\",\"description\":\"Hurghada Lovers - Best Tour Operator - Excursions &amp; Things to do for Family Day Trips with kids and Couples Romantic. Unique .Hidden gems\",\"publisher\":{\"@id\":\"https:\/\/hurghadalovers.com\/lt\/#organization\"},\"alternateName\":\"Hurghada Excursions\",\"potentialAction\":[{\"@type\":\"SearchAction\",\"target\":{\"@type\":\"EntryPoint\",\"urlTemplate\":\"https:\/\/hurghadalovers.com\/lt\/?s={search_term_string}\"},\"query-input\":{\"@type\":\"PropertyValueSpecification\",\"valueRequired\":true,\"valueName\":\"search_term_string\"}}],\"inLanguage\":\"lt-LT\"},{\"@type\":[\"Organization\",\"Place\",\"TravelAgency\"],\"@id\":\"https:\/\/hurghadalovers.com\/lt\/#organization\",\"name\":\"Hurghada Excursions\",\"url\":\"https:\/\/hurghadalovers.com\/lt\/\",\"logo\":{\"@id\":\"https:\/\/hurghadalovers.com\/lt\/tours\/soma-bay-speedboat-rental-to-paradise-island\/#local-main-organization-logo\"},\"image\":{\"@id\":\"https:\/\/hurghadalovers.com\/lt\/tours\/soma-bay-speedboat-rental-to-paradise-island\/#local-main-organization-logo\"},\"sameAs\":[\"https:\/\/www.facebook.com\/Hurghadaloversegypt\"],\"address\":{\"@id\":\"https:\/\/hurghadalovers.com\/lt\/tours\/soma-bay-speedboat-rental-to-paradise-island\/#local-main-place-address\"},\"telephone\":[\"00201112596434\"],\"contactPoint\":{\"@type\":\"ContactPoint\",\"telephone\":\"00201112596434\",\"email\":\"weyouface@gmail.com\"},\"openingHoursSpecification\":{\"@type\":\"OpeningHoursSpecification\",\"dayOfWeek\":[\"Monday\",\"Tuesday\",\"Wednesday\",\"Thursday\",\"Friday\",\"Saturday\",\"Sunday\"],\"opens\":\"00:00\",\"closes\":\"23:59\"},\"email\":\"weyouface@gmail.com\",\"areaServed\":\"Luxor, Hurghada, El Gouna, Aswan, Sharm El Sheikh, Giza, Alexandria, Marsa Alam, Quseir, Soma Bay, Sahl Hasheesh, Red Sea, Makadi Bay, Cairo\",\"priceRange\":\"$\",\"currenciesAccepted\":\"euro\",\"paymentAccepted\":\"cash on site\"},{\"@type\":\"PostalAddress\",\"@id\":\"https:\/\/hurghadalovers.com\/lt\/tours\/soma-bay-speedboat-rental-to-paradise-island\/#local-main-place-address\",\"streetAddress\":\"17 Banks street, Alkawther area, top nbk bank\",\"addressLocality\":\"hurghada\",\"postalCode\":\"84511\",\"addressRegion\":\"red sea\",\"addressCountry\":\"EG\"},{\"@type\":\"ImageObject\",\"inLanguage\":\"lt-LT\",\"@id\":\"https:\/\/hurghadalovers.com\/lt\/tours\/soma-bay-speedboat-rental-to-paradise-island\/#local-main-organization-logo\",\"url\":\"https:\/\/hurghadalovers.com\/wp-content\/uploads\/2019\/10\/hurghada-excursions-logo.png\",\"contentUrl\":\"https:\/\/hurghadalovers.com\/wp-content\/uploads\/2019\/10\/hurghada-excursions-logo.png\",\"width\":272,\"height\":90,\"caption\":\"Hurghada Excursions\"}]}<\/script>\n<meta property=\"product:brand\" content=\"Ekskursijos Nardymas i\u0161 Soma \u012flanka\" \/>\n<meta property=\"product:price:amount\" content=\"220\" \/>\n<meta property=\"product:price:currency\" content=\"EUR\" \/>\n<meta property=\"og:availability\" content=\"instock\" \/>\n<meta property=\"product:availability\" content=\"instock\" \/>\n<meta property=\"product:retailer_item_id\" content=\"PrivateSoma092024\" \/>\n<meta property=\"product:condition\" content=\"new\" \/>\n<meta name=\"geo.placename\" content=\"hurghada\" \/>\n<meta name=\"geo.region\" content=\"Egypt\" \/>\n<!-- \/ Yoast SEO Premium plugin. -->","yoast_head_json":{"title":"Soma \u012flankos greitaeigio katerio nuoma \u012f Rojaus sal\u0105 su bilietais","description":"Soma \u012flankos greitaeigio katerio nuoma \u012f Rojaus sal\u0105 su bilietais, nardymu ir perve\u017eimu. Gra\u017eiausios \u0161eimai pritaikytos veiklos, K\u0105 veikti su vaikais","robots":{"index":"index","follow":"follow","max-snippet":"max-snippet:-1","max-image-preview":"max-image-preview:large","max-video-preview":"max-video-preview:-1"},"canonical":"https:\/\/hurghadalovers.com\/lt\/tours\/soma-bay-speedboat-rental-to-paradise-island\/","og_locale":"lt_LT","og_type":"article","og_title":"Soma \u012flankos greitaeigio katerio nuoma \u012f Rojaus sal\u0105","og_description":"Soma \u012flankos greitaeigio katerio nuoma \u012f Rojaus sal\u0105 su bilietais, nardymu ir perve\u017eimu. Gra\u017eiausios \u0161eimai pritaikytos veiklos, K\u0105 veikti su vaikais","og_url":"https:\/\/hurghadalovers.com\/lt\/tours\/soma-bay-speedboat-rental-to-paradise-island\/","og_site_name":"Hurghada Excursions &amp; Day Trips | Booking Best Prices Tours","article_publisher":"https:\/\/www.facebook.com\/Hurghadaloversegypt","article_modified_time":"2026-02-09T18:51:24+00:00","og_image":[{"width":1156,"height":867,"url":"https:\/\/hurghadalovers.com\/wp-content\/uploads\/2023\/08\/Soma-bay-Speedboat-Rental-to-Paradise-Island.jpeg","type":"image\/jpeg"}],"twitter_card":"summary_large_image","twitter_misc":{"Price":"&euro;&nbsp;220","Availability":"In stock"},"schema":{"@context":"https:\/\/schema.org","@graph":[{"@type":["WebPage","ItemPage"],"@id":"https:\/\/hurghadalovers.com\/lt\/tours\/soma-bay-speedboat-rental-to-paradise-island\/","url":"https:\/\/hurghadalovers.com\/lt\/tours\/soma-bay-speedboat-rental-to-paradise-island\/","name":"Soma \u012flankos greitaeigio katerio nuoma \u012f Rojaus sal\u0105 su bilietais","isPartOf":{"@id":"https:\/\/hurghadalovers.com\/lt\/#website"},"primaryImageOfPage":{"@id":"https:\/\/hurghadalovers.com\/lt\/tours\/soma-bay-speedboat-rental-to-paradise-island\/#primaryimage"},"image":{"@id":"https:\/\/hurghadalovers.com\/lt\/tours\/soma-bay-speedboat-rental-to-paradise-island\/#primaryimage"},"thumbnailUrl":"https:\/\/hurghadalovers.com\/wp-content\/uploads\/2023\/08\/Soma-bay-Speedboat-Rental-to-Paradise-Island.jpeg","datePublished":"2023-08-27T10:33:15+00:00","dateModified":"2026-02-09T18:51:24+00:00","description":"Soma \u012flankos greitaeigio katerio nuoma \u012f Rojaus sal\u0105 su bilietais, nardymu ir perve\u017eimu. Gra\u017eiausios \u0161eimai pritaikytos veiklos, K\u0105 veikti su vaikais","breadcrumb":{"@id":"https:\/\/hurghadalovers.com\/lt\/tours\/soma-bay-speedboat-rental-to-paradise-island\/#breadcrumb"},"inLanguage":"lt-LT","potentialAction":[{"@type":"ReadAction","target":["https:\/\/hurghadalovers.com\/lt\/tours\/soma-bay-speedboat-rental-to-paradise-island\/"]}]},{"@type":"ImageObject","inLanguage":"lt-LT","@id":"https:\/\/hurghadalovers.com\/lt\/tours\/soma-bay-speedboat-rental-to-paradise-island\/#primaryimage","url":"https:\/\/hurghadalovers.com\/wp-content\/uploads\/2023\/08\/Soma-bay-Speedboat-Rental-to-Paradise-Island.jpeg","contentUrl":"https:\/\/hurghadalovers.com\/wp-content\/uploads\/2023\/08\/Soma-bay-Speedboat-Rental-to-Paradise-Island.jpeg","width":1156,"height":867,"caption":"Soma \u012flankos greitaeigio katerio nuoma \u012f Rojaus sal\u0105"},{"@type":"BreadcrumbList","@id":"https:\/\/hurghadalovers.com\/lt\/tours\/soma-bay-speedboat-rental-to-paradise-island\/#breadcrumb","itemListElement":[{"@type":"ListItem","position":1,"name":"Home","item":"https:\/\/hurghadalovers.com\/lt\/"},{"@type":"ListItem","position":2,"name":"Shop","item":"https:\/\/hurghadalovers.com\/shop\/"},{"@type":"ListItem","position":3,"name":"Soma \u012flankos greitaeigio katerio nuoma \u012f Rojaus sal\u0105"}]},{"@type":"WebSite","@id":"https:\/\/hurghadalovers.com\/lt\/#website","url":"https:\/\/hurghadalovers.com\/lt\/","name":"Hurghada Excursions & Day Trips | Booking Best Prices Tours","description":"Hurghada Lovers - Best Tour Operator - Excursions &amp; Things to do for Family Day Trips with kids and Couples Romantic. Unique .Hidden gems","publisher":{"@id":"https:\/\/hurghadalovers.com\/lt\/#organization"},"alternateName":"Hurghada Excursions","potentialAction":[{"@type":"SearchAction","target":{"@type":"EntryPoint","urlTemplate":"https:\/\/hurghadalovers.com\/lt\/?s={search_term_string}"},"query-input":{"@type":"PropertyValueSpecification","valueRequired":true,"valueName":"search_term_string"}}],"inLanguage":"lt-LT"},{"@type":["Organization","Place","TravelAgency"],"@id":"https:\/\/hurghadalovers.com\/lt\/#organization","name":"Hurghada Excursions","url":"https:\/\/hurghadalovers.com\/lt\/","logo":{"@id":"https:\/\/hurghadalovers.com\/lt\/tours\/soma-bay-speedboat-rental-to-paradise-island\/#local-main-organization-logo"},"image":{"@id":"https:\/\/hurghadalovers.com\/lt\/tours\/soma-bay-speedboat-rental-to-paradise-island\/#local-main-organization-logo"},"sameAs":["https:\/\/www.facebook.com\/Hurghadaloversegypt"],"address":{"@id":"https:\/\/hurghadalovers.com\/lt\/tours\/soma-bay-speedboat-rental-to-paradise-island\/#local-main-place-address"},"telephone":["00201112596434"],"contactPoint":{"@type":"ContactPoint","telephone":"00201112596434","email":"weyouface@gmail.com"},"openingHoursSpecification":{"@type":"OpeningHoursSpecification","dayOfWeek":["Monday","Tuesday","Wednesday","Thursday","Friday","Saturday","Sunday"],"opens":"00:00","closes":"23:59"},"email":"weyouface@gmail.com","areaServed":"Luxor, Hurghada, El Gouna, Aswan, Sharm El Sheikh, Giza, Alexandria, Marsa Alam, Quseir, Soma Bay, Sahl Hasheesh, Red Sea, Makadi Bay, Cairo","priceRange":"$","currenciesAccepted":"euro","paymentAccepted":"cash on site"},{"@type":"PostalAddress","@id":"https:\/\/hurghadalovers.com\/lt\/tours\/soma-bay-speedboat-rental-to-paradise-island\/#local-main-place-address","streetAddress":"17 Banks street, Alkawther area, top nbk bank","addressLocality":"hurghada","postalCode":"84511","addressRegion":"red sea","addressCountry":"EG"},{"@type":"ImageObject","inLanguage":"lt-LT","@id":"https:\/\/hurghadalovers.com\/lt\/tours\/soma-bay-speedboat-rental-to-paradise-island\/#local-main-organization-logo","url":"https:\/\/hurghadalovers.com\/wp-content\/uploads\/2019\/10\/hurghada-excursions-logo.png","contentUrl":"https:\/\/hurghadalovers.com\/wp-content\/uploads\/2019\/10\/hurghada-excursions-logo.png","width":272,"height":90,"caption":"Hurghada Excursions"}]},"product_brand":"Ekskursijos Nardymas i\u0161 Soma \u012flanka","product_price_amount":"220","product_price_currency":"EUR","og_availability":"instock","product_availability":"instock","product_retailer_item_id":"PrivateSoma092024","product_condition":"new","geo.placename":"hurghada","geo.region":"Egypt"},"_links":{"self":[{"href":"https:\/\/hurghadalovers.com\/lt\/wp-json\/wp\/v2\/product\/384862","targetHints":{"allow":["GET"]}}],"collection":[{"href":"https:\/\/hurghadalovers.com\/lt\/wp-json\/wp\/v2\/product"}],"about":[{"href":"https:\/\/hurghadalovers.com\/lt\/wp-json\/wp\/v2\/types\/product"}],"wp:featuredmedia":[{"embeddable":true,"href":"https:\/\/hurghadalovers.com\/lt\/wp-json\/wp\/v2\/media\/384803"}],"wp:attachment":[{"href":"https:\/\/hurghadalovers.com\/lt\/wp-json\/wp\/v2\/media?parent=384862"}],"wp:term":[{"taxonomy":"product_brand","embeddable":true,"href":"https:\/\/hurghadalovers.com\/lt\/wp-json\/wp\/v2\/product_brand?post=384862"},{"taxonomy":"product_cat","embeddable":true,"href":"https:\/\/hurghadalovers.com\/lt\/wp-json\/wp\/v2\/product_cat?post=384862"},{"taxonomy":"product_tag","embeddable":true,"href":"https:\/\/hurghadalovers.com\/lt\/wp-json\/wp\/v2\/product_tag?post=384862"}],"curies":[{"name":"wp","href":"https:\/\/api.w.org\/{rel}","templated":true}]}}