{"id":383729,"date":"2023-08-26T15:17:06","date_gmt":"2023-08-26T15:17:06","guid":{"rendered":"https:\/\/hurghadalovers.com\/shop\/be-kategorijos\/privacios-ekskursijos-i-luksora-ir-asuana-3-dienos\/"},"modified":"2026-02-09T08:40:30","modified_gmt":"2026-02-09T08:40:30","slug":"privati-soma-ilankos-ekskursija-i-luksora-asvana-3-dienos","status":"publish","type":"product","link":"https:\/\/hurghadalovers.com\/lt\/tours\/privati-soma-ilankos-ekskursija-i-luksora-asvana-3-dienos\/","title":{"rendered":"Priva\u010dios ekskursijos \u012f Luksor\u0105 ir Asuan\u0105 &#8211; 3 dienos"},"content":{"rendered":"<p><strong>Priva\u010dios <\/strong><strong>Soma \u012flankos <\/strong><strong>ekskursijos \u012f Luksor\u0105<\/strong> ir Asuan\u0105 &#8211; 3 dienos su priva\u010diu gidu, bilietais ir pietumis.<\/p>\n<p>Speciali 3 dien\u0173 kelion\u0117 visiems senov\u0117s Egipto civilizacijos myl\u0117tojams, kurios metu su\u017einosite nauj\u0173 fakt\u0173 ir paslap\u010di\u0173 apie faraon\u0173 karalius, aplankysite svarbiausias \u0161ventyklas ir karali\u0161k\u0105sias kapavietes Luksore, Asuane ir kt.<\/p>\n<p>&nbsp;<\/p>\n<p><strong>Svarbiausi \u012fvykiai:<\/strong><\/p>\n<ul>\n<li>Karnako \u0161ventykla.<\/li>\n<li>Memnono kolosai.<\/li>\n<li>Ha\u010depsutos morkuarin\u0117 \u0161ventykla.<\/li>\n<li>3 kapai Karali\u0173 sl\u0117nyje .<\/li>\n<li>Filo \u0161ventykl\u0173 kompleksas.<\/li>\n<li>Nebaigtas obeliskas.<\/li>\n<li>Edfu \u0161ventykla.<\/li>\n<li>Kom Ombo \u0161ventykla.<\/li>\n<li>Auk\u0161toji u\u017etvanka.<\/li>\n<li>Abu Simbelio \u0161ventyklos.<\/li>\n<li>Piet\u016bs restorane &#8222;Vegetar\u0173 maistas&#8221;.<\/li>\n<\/ul>\n<p><strong>Privatus <\/strong><strong>Somos \u012flanka <\/strong><strong>Ekskursijos \u012f Luksor\u0105 ir Asuan\u0105 I\u0161sami informacija:<\/strong><\/p>\n<ul>\n<li>Ekskursijos prieinamumas: Kiekvien\u0105 dien\u0105.<\/li>\n<li>Ekskursijos tipas: Priva\u010diu automobiliu arba mikroautobusu.<\/li>\n<li>Pasi\u0117mimo laikas: Nuo 05:30 val.<\/li>\n<li>Pra\u0161ymas Vie\u0161butis gauti pusry\u010di\u0173 krep\u0161\u012f su jumis Ryte.<\/li>\n<li>I\u0161vykimo laikas: 19:00 val.<\/li>\n<li>Galimyb\u0117 naudotis ne\u012fgali\u0173j\u0173 ve\u017eim\u0117liais.<\/li>\n<li>Trukm\u0117: 3 dienos \/ 2 naktys.<\/li>\n<\/ul>\n<p><strong>Rezervuokite dabar ir mok\u0117kite v\u0117liau:<\/strong><\/p>\n<ul>\n<li>Grynieji pinigai vietoje, skirti vadovui.<\/li>\n<li>Apmok\u0117jimas Egipto svarais, $, \u20ac arba \u00a3.<\/li>\n<\/ul>\n<p><strong>At\u0161aukimo politika:<\/strong><\/p>\n<ul>\n<li>At\u0161aukti iki 24 valand\u0173.<\/li>\n<li>Kai kas nors i\u0161 j\u016bs\u0173 \u0161eimos nari\u0173 at\u0161auks ryt\u0105, sumok\u0117site 50 % i\u0161laid\u0173.<\/li>\n<\/ul>\n<p><strong>Kas \u012fskai\u010diuota?<\/strong><\/p>\n<ul>\n<li>Perve\u017eimas i\u0161 Somos \u012flankos vie\u0161bu\u010di\u0173 &#8222;Pasitikimas ir i\u0161vykimas i\u0161 vie\u0161bu\u010dio&#8221;.<\/li>\n<li>Visi mokes\u010diai, \u012fva\u017eiavimo mokes\u010diai ir tvarkymo mokes\u010diai.<\/li>\n<li>Pervedimai.<\/li>\n<li>Ekskursij\u0173 vadovas.<\/li>\n<li>2 nakvyn\u0117s vie\u0161butyje su pusry\u010diais.<\/li>\n<li>G\u0117rimai.<\/li>\n<li>3 laiko piet\u016bs restorane.<\/li>\n<\/ul>\n<p><strong>I\u0161imtys?<\/strong><\/p>\n<ul>\n<li>Arbatpinigiai.<\/li>\n<li>Kelion\u0117 felukomis &#8222;Kruizas valtimi&#8221; 35 min. = 10$.<\/li>\n<li>Visi nepamin\u0117ti priedai.<\/li>\n<\/ul>\n<p><strong>galite prid\u0117ti pirm\u0105j\u0105 dien\u0105 arba atsipalaiduoti vie\u0161butyje:<\/strong><\/p>\n<ul>\n<li>Privati 30 min. trukm\u0117s kelion\u0117 Nilo upe.<\/li>\n<li>Mumifikacijos muziejus.<\/li>\n<\/ul>\n<p><strong>galite prid\u0117ti antr\u0105j\u0105 dien\u0105:<\/strong><\/p>\n<ul>\n<li>Karalien\u0117 Nefertit\u0117 Karalieni\u0173 sl\u0117nyje.<\/li>\n<li>Apsipirkimas.<\/li>\n<li>Arba aplankyti Denderos \u0161ventykl\u0105<\/li>\n<li>Pasiva\u017ein\u0117jimas kar\u0161to oro balionais.<\/li>\n<\/ul>\n<p><strong>Kainos:<\/strong><\/p>\n<ul>\n<li><strong>Suaugusi\u0173j\u0173 kaina = nuo<\/strong><strong>520 $ asmeniui<\/strong>.<\/li>\n<li>Kaina vaikams &#8222;5-12\u2033= 50%.<\/li>\n<li>vaikams &#8222;0-5&#8221; = nemokamai.<\/li>\n<\/ul>\n<p><strong>Atsiliepimai:<\/strong><\/p>\n<p>patikrinti m\u016bs\u0173 &#8222;Google&#8221; \u017eem\u0117lapio Atsiliepimai kaip geriausias <a href=\"https:\/\/g.page\/r\/CUeYvkngP3wkEBM\/review\">kelioni\u0173 operatorius Hurgada<\/a> internete <a href=\"https:\/\/hurghadalovers.com\/\">Hurgada<\/a> Egiptas.<\/p>\n<p>&nbsp;<\/p>\n<p><strong>U\u017esakymas:<\/strong><\/p>\n<p>Si\u0173skite vie\u0161but\u012f + kambario numer\u012f + paso nuotrauk\u0105 \u012f &#8222;WhatsApp&#8221;: <strong>+201112596434<\/strong><\/p>\n<p>Jei i\u0161 Egipto U\u017esakymas dabar internetu ir patvirtinti, kai atvykimo vie\u0161butis.<\/p>\n<p>&nbsp;<\/p>\n<p>&nbsp;<\/p>\n","protected":false},"excerpt":{"rendered":"<p>Priva\u010dios Soma \u012flankos ekskursijos \u012f Luksor\u0105 ir Asuan\u0105 &#8211; 3 dienos su priva\u010diu gidu, bilietais ir pietumis. su\u017einokite nauj\u0173 fakt\u0173 ir paslap\u010di\u0173 apie faraon\u0173 karalius<\/p>\n","protected":false},"featured_media":132040,"template":"","meta":{"_joinchat":[]},"product_brand":[],"product_cat":[36662],"product_tag":[54976,55011,55005,55096,55017,55244,55225,54849,55034,54984,54999,55023,51541,55028,55230,54853,54991,55116,55108,55103,55237,55328],"class_list":{"0":"post-383729","1":"product","2":"type-product","3":"status-publish","4":"has-post-thumbnail","6":"product_cat-ekskursijos","7":"product_tag-dienos-kelione-is-somos-ilankos-i-luksora","8":"product_tag-ekskursija-po-luksora-is-somos-ilankos","9":"product_tag-ekskursijos-is-somos-ilankos-i-luksora","10":"product_tag-ekskursijos-po-somos-ilanka","11":"product_tag-is-somos-ilankos-i-karaliu-sleni","12":"product_tag-ka-veikti-soma-ilankoje-poroms","13":"product_tag-ka-veikti-somos-ilankoje","14":"product_tag-ka-veikti-su-seima-is-soma-bay","15":"product_tag-karsto-oro-balionas-soma-bay","16":"product_tag-kelione-i-luksora-is-somos-ilankos","17":"product_tag-luksoro-dienos-ekskursija-is-somos-ilankos","18":"product_tag-perdavimas-luxor-i-soma-bay","19":"product_tag-privacios-ekskursijos-po-luksora","20":"product_tag-privati-ekskursija-po-luksora-is-somos-ilankos","21":"product_tag-romantiski-dalykai-kuriuos-galima-nuveikti-is-somos-ilankos","22":"product_tag-seimos-pramogu-vietos-is-somos-ilankos","23":"product_tag-soma-bay-i-luksora-autobusas","24":"product_tag-soma-ilanka-ka-veikti","25":"product_tag-somos-ilankos-dienos-isvykos","26":"product_tag-somos-ilankos-veikla","27":"product_tag-somos-ilankos-veikla-poroms","28":"product_tag-veikla-paaugliams-is-somos-ilankos","29":"tour_category-ekskursijos-is-somos-ilankos-i-luksora","30":"tour_category-soma-ilanka-ekskursijos","32":"first","33":"instock","34":"sale","35":"shipping-taxable","36":"purchasable","37":"product-type-tour"},"yoast_head":"<!-- This site is optimized with the Yoast SEO Premium plugin v26.9 (Yoast SEO v27.2) - https:\/\/yoast.com\/product\/yoast-seo-premium-wordpress\/ -->\n<title>Priva\u010dios ekskursijos \u012f Luksor\u0105 ir Asuan\u0105 - 3 dienos<\/title>\n<meta name=\"description\" content=\"Priva\u010dios Soma \u012flankos ekskursijos \u012f Luksor\u0105 ir Asuan\u0105 - 3 dienos su priva\u010diu gidu, bilietais ir pietumis. su\u017einokite nauj\u0173 fakt\u0173 ir paslap\u010di\u0173 apie faraon\u0173 karalius\" \/>\n<meta name=\"robots\" content=\"index, follow, max-snippet:-1, max-image-preview:large, max-video-preview:-1\" \/>\n<link rel=\"canonical\" href=\"https:\/\/hurghadalovers.com\/lt\/tours\/privati-soma-ilankos-ekskursija-i-luksora-asvana-3-dienos\/\" \/>\n<meta property=\"og:locale\" content=\"lt_LT\" \/>\n<meta property=\"og:type\" content=\"article\" \/>\n<meta property=\"og:title\" content=\"Priva\u010dios ekskursijos \u012f Luksor\u0105 ir Asuan\u0105 - 3 dienos\" \/>\n<meta property=\"og:description\" content=\"Priva\u010dios Soma \u012flankos ekskursijos \u012f Luksor\u0105 ir Asuan\u0105 - 3 dienos su priva\u010diu gidu, bilietais ir pietumis. su\u017einokite nauj\u0173 fakt\u0173 ir paslap\u010di\u0173 apie faraon\u0173 karalius\" \/>\n<meta property=\"og:url\" content=\"https:\/\/hurghadalovers.com\/lt\/tours\/privati-soma-ilankos-ekskursija-i-luksora-asvana-3-dienos\/\" \/>\n<meta property=\"og:site_name\" content=\"Hurghada Excursions &amp; Day Trips | Booking Best Prices Tours\" \/>\n<meta property=\"article:publisher\" content=\"https:\/\/www.facebook.com\/Hurghadaloversegypt\" \/>\n<meta property=\"article:modified_time\" content=\"2026-02-09T08:40:30+00:00\" \/>\n<meta property=\"og:image\" content=\"https:\/\/hurghadalovers.com\/wp-content\/uploads\/2022\/07\/Dagtrips-Aswan-vanuit-Sahl-Hasheesh-Egypte-De-Beste-Excursies-Abu-Simbel-Luxe-prive\u0301-met-de-bus-met-Nederlandstalige-gids.jpeg\" \/>\n\t<meta property=\"og:image:width\" content=\"1555\" \/>\n\t<meta property=\"og:image:height\" content=\"893\" \/>\n\t<meta property=\"og:image:type\" content=\"image\/jpeg\" \/>\n<meta name=\"twitter:card\" content=\"summary_large_image\" \/>\n<meta name=\"twitter:label1\" content=\"Price\" \/>\n\t<meta name=\"twitter:data1\" content=\"&euro;&nbsp;550\" \/>\n\t<meta name=\"twitter:label2\" content=\"Availability\" \/>\n\t<meta name=\"twitter:data2\" content=\"In stock\" \/>\n<script type=\"application\/ld+json\" class=\"yoast-schema-graph\">{\"@context\":\"https:\/\/schema.org\",\"@graph\":[{\"@type\":[\"WebPage\",\"ItemPage\"],\"@id\":\"https:\/\/hurghadalovers.com\/lt\/tours\/privati-soma-ilankos-ekskursija-i-luksora-asvana-3-dienos\/\",\"url\":\"https:\/\/hurghadalovers.com\/lt\/tours\/privati-soma-ilankos-ekskursija-i-luksora-asvana-3-dienos\/\",\"name\":\"Priva\u010dios ekskursijos \u012f Luksor\u0105 ir Asuan\u0105 - 3 dienos\",\"isPartOf\":{\"@id\":\"https:\/\/hurghadalovers.com\/lt\/#website\"},\"primaryImageOfPage\":{\"@id\":\"https:\/\/hurghadalovers.com\/lt\/tours\/privati-soma-ilankos-ekskursija-i-luksora-asvana-3-dienos\/#primaryimage\"},\"image\":{\"@id\":\"https:\/\/hurghadalovers.com\/lt\/tours\/privati-soma-ilankos-ekskursija-i-luksora-asvana-3-dienos\/#primaryimage\"},\"thumbnailUrl\":\"https:\/\/hurghadalovers.com\/wp-content\/uploads\/2022\/07\/Dagtrips-Aswan-vanuit-Sahl-Hasheesh-Egypte-De-Beste-Excursies-Abu-Simbel-Luxe-prive\u0301-met-de-bus-met-Nederlandstalige-gids.jpeg\",\"datePublished\":\"2023-08-26T15:17:06+00:00\",\"dateModified\":\"2026-02-09T08:40:30+00:00\",\"description\":\"Priva\u010dios Soma \u012flankos ekskursijos \u012f Luksor\u0105 ir Asuan\u0105 - 3 dienos su priva\u010diu gidu, bilietais ir pietumis. su\u017einokite nauj\u0173 fakt\u0173 ir paslap\u010di\u0173 apie faraon\u0173 karalius\",\"breadcrumb\":{\"@id\":\"https:\/\/hurghadalovers.com\/lt\/tours\/privati-soma-ilankos-ekskursija-i-luksora-asvana-3-dienos\/#breadcrumb\"},\"inLanguage\":\"lt-LT\",\"potentialAction\":[{\"@type\":\"ReadAction\",\"target\":[\"https:\/\/hurghadalovers.com\/lt\/tours\/privati-soma-ilankos-ekskursija-i-luksora-asvana-3-dienos\/\"]}]},{\"@type\":\"ImageObject\",\"inLanguage\":\"lt-LT\",\"@id\":\"https:\/\/hurghadalovers.com\/lt\/tours\/privati-soma-ilankos-ekskursija-i-luksora-asvana-3-dienos\/#primaryimage\",\"url\":\"https:\/\/hurghadalovers.com\/wp-content\/uploads\/2022\/07\/Dagtrips-Aswan-vanuit-Sahl-Hasheesh-Egypte-De-Beste-Excursies-Abu-Simbel-Luxe-prive\u0301-met-de-bus-met-Nederlandstalige-gids.jpeg\",\"contentUrl\":\"https:\/\/hurghadalovers.com\/wp-content\/uploads\/2022\/07\/Dagtrips-Aswan-vanuit-Sahl-Hasheesh-Egypte-De-Beste-Excursies-Abu-Simbel-Luxe-prive\u0301-met-de-bus-met-Nederlandstalige-gids.jpeg\",\"width\":1555,\"height\":893,\"caption\":\"Dagtrips Aswan vanuit Sahl Hasheesh Egypte | De Beste Excursies Abu Simbel Luxe priv\u00e9 \/ met de bus met Nederlandstalige gids.\"},{\"@type\":\"BreadcrumbList\",\"@id\":\"https:\/\/hurghadalovers.com\/lt\/tours\/privati-soma-ilankos-ekskursija-i-luksora-asvana-3-dienos\/#breadcrumb\",\"itemListElement\":[{\"@type\":\"ListItem\",\"position\":1,\"name\":\"Home\",\"item\":\"https:\/\/hurghadalovers.com\/lt\/\"},{\"@type\":\"ListItem\",\"position\":2,\"name\":\"Shop\",\"item\":\"https:\/\/hurghadalovers.com\/shop\/\"},{\"@type\":\"ListItem\",\"position\":3,\"name\":\"Priva\u010dios ekskursijos \u012f Luksor\u0105 ir Asuan\u0105 &#8211; 3 dienos\"}]},{\"@type\":\"WebSite\",\"@id\":\"https:\/\/hurghadalovers.com\/lt\/#website\",\"url\":\"https:\/\/hurghadalovers.com\/lt\/\",\"name\":\"Hurghada Excursions & Day Trips | Booking Best Prices Tours\",\"description\":\"Hurghada Lovers - Best Tour Operator - Excursions &amp; Things to do for Family Day Trips with kids and Couples Romantic. Unique .Hidden gems\",\"publisher\":{\"@id\":\"https:\/\/hurghadalovers.com\/lt\/#organization\"},\"alternateName\":\"Hurghada Excursions\",\"potentialAction\":[{\"@type\":\"SearchAction\",\"target\":{\"@type\":\"EntryPoint\",\"urlTemplate\":\"https:\/\/hurghadalovers.com\/lt\/?s={search_term_string}\"},\"query-input\":{\"@type\":\"PropertyValueSpecification\",\"valueRequired\":true,\"valueName\":\"search_term_string\"}}],\"inLanguage\":\"lt-LT\"},{\"@type\":[\"Organization\",\"Place\",\"TravelAgency\"],\"@id\":\"https:\/\/hurghadalovers.com\/lt\/#organization\",\"name\":\"Hurghada Excursions\",\"url\":\"https:\/\/hurghadalovers.com\/lt\/\",\"logo\":{\"@id\":\"https:\/\/hurghadalovers.com\/lt\/tours\/privati-soma-ilankos-ekskursija-i-luksora-asvana-3-dienos\/#local-main-organization-logo\"},\"image\":{\"@id\":\"https:\/\/hurghadalovers.com\/lt\/tours\/privati-soma-ilankos-ekskursija-i-luksora-asvana-3-dienos\/#local-main-organization-logo\"},\"sameAs\":[\"https:\/\/www.facebook.com\/Hurghadaloversegypt\"],\"address\":{\"@id\":\"https:\/\/hurghadalovers.com\/lt\/tours\/privati-soma-ilankos-ekskursija-i-luksora-asvana-3-dienos\/#local-main-place-address\"},\"telephone\":[\"00201112596434\"],\"contactPoint\":{\"@type\":\"ContactPoint\",\"telephone\":\"00201112596434\",\"email\":\"weyouface@gmail.com\"},\"openingHoursSpecification\":{\"@type\":\"OpeningHoursSpecification\",\"dayOfWeek\":[\"Monday\",\"Tuesday\",\"Wednesday\",\"Thursday\",\"Friday\",\"Saturday\",\"Sunday\"],\"opens\":\"00:00\",\"closes\":\"23:59\"},\"email\":\"weyouface@gmail.com\",\"areaServed\":\"Luxor, Hurghada, El Gouna, Aswan, Sharm El Sheikh, Giza, Alexandria, Marsa Alam, Quseir, Soma Bay, Sahl Hasheesh, Red Sea, Makadi Bay, Cairo\",\"priceRange\":\"$\",\"currenciesAccepted\":\"euro\",\"paymentAccepted\":\"cash on site\"},{\"@type\":\"PostalAddress\",\"@id\":\"https:\/\/hurghadalovers.com\/lt\/tours\/privati-soma-ilankos-ekskursija-i-luksora-asvana-3-dienos\/#local-main-place-address\",\"streetAddress\":\"17 Banks street, Alkawther area, top nbk bank\",\"addressLocality\":\"hurghada\",\"postalCode\":\"84511\",\"addressRegion\":\"red sea\",\"addressCountry\":\"EG\"},{\"@type\":\"ImageObject\",\"inLanguage\":\"lt-LT\",\"@id\":\"https:\/\/hurghadalovers.com\/lt\/tours\/privati-soma-ilankos-ekskursija-i-luksora-asvana-3-dienos\/#local-main-organization-logo\",\"url\":\"https:\/\/hurghadalovers.com\/wp-content\/uploads\/2019\/10\/hurghada-excursions-logo.png\",\"contentUrl\":\"https:\/\/hurghadalovers.com\/wp-content\/uploads\/2019\/10\/hurghada-excursions-logo.png\",\"width\":272,\"height\":90,\"caption\":\"Hurghada Excursions\"}]}<\/script>\n<meta property=\"product:brand\" content=\"Ekskursijos Luksoras i\u0161 Soma \u012flanka\" \/>\n<meta property=\"product:price:amount\" content=\"550\" \/>\n<meta property=\"product:price:currency\" content=\"EUR\" \/>\n<meta property=\"og:availability\" content=\"instock\" \/>\n<meta property=\"product:availability\" content=\"instock\" \/>\n<meta property=\"product:retailer_item_id\" content=\"PrivateSoma012024\" \/>\n<meta property=\"product:condition\" content=\"new\" \/>\n<meta name=\"geo.placename\" content=\"hurghada\" \/>\n<meta name=\"geo.region\" content=\"Egypt\" \/>\n<!-- \/ Yoast SEO Premium plugin. -->","yoast_head_json":{"title":"Priva\u010dios ekskursijos \u012f Luksor\u0105 ir Asuan\u0105 - 3 dienos","description":"Priva\u010dios Soma \u012flankos ekskursijos \u012f Luksor\u0105 ir Asuan\u0105 - 3 dienos su priva\u010diu gidu, bilietais ir pietumis. su\u017einokite nauj\u0173 fakt\u0173 ir paslap\u010di\u0173 apie faraon\u0173 karalius","robots":{"index":"index","follow":"follow","max-snippet":"max-snippet:-1","max-image-preview":"max-image-preview:large","max-video-preview":"max-video-preview:-1"},"canonical":"https:\/\/hurghadalovers.com\/lt\/tours\/privati-soma-ilankos-ekskursija-i-luksora-asvana-3-dienos\/","og_locale":"lt_LT","og_type":"article","og_title":"Priva\u010dios ekskursijos \u012f Luksor\u0105 ir Asuan\u0105 - 3 dienos","og_description":"Priva\u010dios Soma \u012flankos ekskursijos \u012f Luksor\u0105 ir Asuan\u0105 - 3 dienos su priva\u010diu gidu, bilietais ir pietumis. su\u017einokite nauj\u0173 fakt\u0173 ir paslap\u010di\u0173 apie faraon\u0173 karalius","og_url":"https:\/\/hurghadalovers.com\/lt\/tours\/privati-soma-ilankos-ekskursija-i-luksora-asvana-3-dienos\/","og_site_name":"Hurghada Excursions &amp; Day Trips | Booking Best Prices Tours","article_publisher":"https:\/\/www.facebook.com\/Hurghadaloversegypt","article_modified_time":"2026-02-09T08:40:30+00:00","og_image":[{"width":1555,"height":893,"url":"https:\/\/hurghadalovers.com\/wp-content\/uploads\/2022\/07\/Dagtrips-Aswan-vanuit-Sahl-Hasheesh-Egypte-De-Beste-Excursies-Abu-Simbel-Luxe-prive\u0301-met-de-bus-met-Nederlandstalige-gids.jpeg","type":"image\/jpeg"}],"twitter_card":"summary_large_image","twitter_misc":{"Price":"&euro;&nbsp;550","Availability":"In stock"},"schema":{"@context":"https:\/\/schema.org","@graph":[{"@type":["WebPage","ItemPage"],"@id":"https:\/\/hurghadalovers.com\/lt\/tours\/privati-soma-ilankos-ekskursija-i-luksora-asvana-3-dienos\/","url":"https:\/\/hurghadalovers.com\/lt\/tours\/privati-soma-ilankos-ekskursija-i-luksora-asvana-3-dienos\/","name":"Priva\u010dios ekskursijos \u012f Luksor\u0105 ir Asuan\u0105 - 3 dienos","isPartOf":{"@id":"https:\/\/hurghadalovers.com\/lt\/#website"},"primaryImageOfPage":{"@id":"https:\/\/hurghadalovers.com\/lt\/tours\/privati-soma-ilankos-ekskursija-i-luksora-asvana-3-dienos\/#primaryimage"},"image":{"@id":"https:\/\/hurghadalovers.com\/lt\/tours\/privati-soma-ilankos-ekskursija-i-luksora-asvana-3-dienos\/#primaryimage"},"thumbnailUrl":"https:\/\/hurghadalovers.com\/wp-content\/uploads\/2022\/07\/Dagtrips-Aswan-vanuit-Sahl-Hasheesh-Egypte-De-Beste-Excursies-Abu-Simbel-Luxe-prive\u0301-met-de-bus-met-Nederlandstalige-gids.jpeg","datePublished":"2023-08-26T15:17:06+00:00","dateModified":"2026-02-09T08:40:30+00:00","description":"Priva\u010dios Soma \u012flankos ekskursijos \u012f Luksor\u0105 ir Asuan\u0105 - 3 dienos su priva\u010diu gidu, bilietais ir pietumis. su\u017einokite nauj\u0173 fakt\u0173 ir paslap\u010di\u0173 apie faraon\u0173 karalius","breadcrumb":{"@id":"https:\/\/hurghadalovers.com\/lt\/tours\/privati-soma-ilankos-ekskursija-i-luksora-asvana-3-dienos\/#breadcrumb"},"inLanguage":"lt-LT","potentialAction":[{"@type":"ReadAction","target":["https:\/\/hurghadalovers.com\/lt\/tours\/privati-soma-ilankos-ekskursija-i-luksora-asvana-3-dienos\/"]}]},{"@type":"ImageObject","inLanguage":"lt-LT","@id":"https:\/\/hurghadalovers.com\/lt\/tours\/privati-soma-ilankos-ekskursija-i-luksora-asvana-3-dienos\/#primaryimage","url":"https:\/\/hurghadalovers.com\/wp-content\/uploads\/2022\/07\/Dagtrips-Aswan-vanuit-Sahl-Hasheesh-Egypte-De-Beste-Excursies-Abu-Simbel-Luxe-prive\u0301-met-de-bus-met-Nederlandstalige-gids.jpeg","contentUrl":"https:\/\/hurghadalovers.com\/wp-content\/uploads\/2022\/07\/Dagtrips-Aswan-vanuit-Sahl-Hasheesh-Egypte-De-Beste-Excursies-Abu-Simbel-Luxe-prive\u0301-met-de-bus-met-Nederlandstalige-gids.jpeg","width":1555,"height":893,"caption":"Dagtrips Aswan vanuit Sahl Hasheesh Egypte | De Beste Excursies Abu Simbel Luxe priv\u00e9 \/ met de bus met Nederlandstalige gids."},{"@type":"BreadcrumbList","@id":"https:\/\/hurghadalovers.com\/lt\/tours\/privati-soma-ilankos-ekskursija-i-luksora-asvana-3-dienos\/#breadcrumb","itemListElement":[{"@type":"ListItem","position":1,"name":"Home","item":"https:\/\/hurghadalovers.com\/lt\/"},{"@type":"ListItem","position":2,"name":"Shop","item":"https:\/\/hurghadalovers.com\/shop\/"},{"@type":"ListItem","position":3,"name":"Priva\u010dios ekskursijos \u012f Luksor\u0105 ir Asuan\u0105 &#8211; 3 dienos"}]},{"@type":"WebSite","@id":"https:\/\/hurghadalovers.com\/lt\/#website","url":"https:\/\/hurghadalovers.com\/lt\/","name":"Hurghada Excursions & Day Trips | Booking Best Prices Tours","description":"Hurghada Lovers - Best Tour Operator - Excursions &amp; Things to do for Family Day Trips with kids and Couples Romantic. Unique .Hidden gems","publisher":{"@id":"https:\/\/hurghadalovers.com\/lt\/#organization"},"alternateName":"Hurghada Excursions","potentialAction":[{"@type":"SearchAction","target":{"@type":"EntryPoint","urlTemplate":"https:\/\/hurghadalovers.com\/lt\/?s={search_term_string}"},"query-input":{"@type":"PropertyValueSpecification","valueRequired":true,"valueName":"search_term_string"}}],"inLanguage":"lt-LT"},{"@type":["Organization","Place","TravelAgency"],"@id":"https:\/\/hurghadalovers.com\/lt\/#organization","name":"Hurghada Excursions","url":"https:\/\/hurghadalovers.com\/lt\/","logo":{"@id":"https:\/\/hurghadalovers.com\/lt\/tours\/privati-soma-ilankos-ekskursija-i-luksora-asvana-3-dienos\/#local-main-organization-logo"},"image":{"@id":"https:\/\/hurghadalovers.com\/lt\/tours\/privati-soma-ilankos-ekskursija-i-luksora-asvana-3-dienos\/#local-main-organization-logo"},"sameAs":["https:\/\/www.facebook.com\/Hurghadaloversegypt"],"address":{"@id":"https:\/\/hurghadalovers.com\/lt\/tours\/privati-soma-ilankos-ekskursija-i-luksora-asvana-3-dienos\/#local-main-place-address"},"telephone":["00201112596434"],"contactPoint":{"@type":"ContactPoint","telephone":"00201112596434","email":"weyouface@gmail.com"},"openingHoursSpecification":{"@type":"OpeningHoursSpecification","dayOfWeek":["Monday","Tuesday","Wednesday","Thursday","Friday","Saturday","Sunday"],"opens":"00:00","closes":"23:59"},"email":"weyouface@gmail.com","areaServed":"Luxor, Hurghada, El Gouna, Aswan, Sharm El Sheikh, Giza, Alexandria, Marsa Alam, Quseir, Soma Bay, Sahl Hasheesh, Red Sea, Makadi Bay, Cairo","priceRange":"$","currenciesAccepted":"euro","paymentAccepted":"cash on site"},{"@type":"PostalAddress","@id":"https:\/\/hurghadalovers.com\/lt\/tours\/privati-soma-ilankos-ekskursija-i-luksora-asvana-3-dienos\/#local-main-place-address","streetAddress":"17 Banks street, Alkawther area, top nbk bank","addressLocality":"hurghada","postalCode":"84511","addressRegion":"red sea","addressCountry":"EG"},{"@type":"ImageObject","inLanguage":"lt-LT","@id":"https:\/\/hurghadalovers.com\/lt\/tours\/privati-soma-ilankos-ekskursija-i-luksora-asvana-3-dienos\/#local-main-organization-logo","url":"https:\/\/hurghadalovers.com\/wp-content\/uploads\/2019\/10\/hurghada-excursions-logo.png","contentUrl":"https:\/\/hurghadalovers.com\/wp-content\/uploads\/2019\/10\/hurghada-excursions-logo.png","width":272,"height":90,"caption":"Hurghada Excursions"}]},"product_brand":"Ekskursijos Luksoras i\u0161 Soma \u012flanka","product_price_amount":"550","product_price_currency":"EUR","og_availability":"instock","product_availability":"instock","product_retailer_item_id":"PrivateSoma012024","product_condition":"new","geo.placename":"hurghada","geo.region":"Egypt"},"_links":{"self":[{"href":"https:\/\/hurghadalovers.com\/lt\/wp-json\/wp\/v2\/product\/383729","targetHints":{"allow":["GET"]}}],"collection":[{"href":"https:\/\/hurghadalovers.com\/lt\/wp-json\/wp\/v2\/product"}],"about":[{"href":"https:\/\/hurghadalovers.com\/lt\/wp-json\/wp\/v2\/types\/product"}],"wp:featuredmedia":[{"embeddable":true,"href":"https:\/\/hurghadalovers.com\/lt\/wp-json\/wp\/v2\/media\/132040"}],"wp:attachment":[{"href":"https:\/\/hurghadalovers.com\/lt\/wp-json\/wp\/v2\/media?parent=383729"}],"wp:term":[{"taxonomy":"product_brand","embeddable":true,"href":"https:\/\/hurghadalovers.com\/lt\/wp-json\/wp\/v2\/product_brand?post=383729"},{"taxonomy":"product_cat","embeddable":true,"href":"https:\/\/hurghadalovers.com\/lt\/wp-json\/wp\/v2\/product_cat?post=383729"},{"taxonomy":"product_tag","embeddable":true,"href":"https:\/\/hurghadalovers.com\/lt\/wp-json\/wp\/v2\/product_tag?post=383729"}],"curies":[{"name":"wp","href":"https:\/\/api.w.org\/{rel}","templated":true}]}}