{"id":382996,"date":"2023-08-26T09:08:19","date_gmt":"2023-08-26T09:08:19","guid":{"rendered":"https:\/\/hurghadalovers.com\/shop\/be-kategorijos\/privati-vienos-dienos-kelione-is-somos-ilankos-i-kaira\/"},"modified":"2026-02-10T03:54:16","modified_gmt":"2026-02-10T03:54:16","slug":"privati-vienos-dienos-kelione-is-soma-bajaus-i-kaira","status":"publish","type":"product","link":"https:\/\/hurghadalovers.com\/lt\/tours\/privati-vienos-dienos-kelione-is-soma-bajaus-i-kaira\/","title":{"rendered":"Privati vienos dienos kelion\u0117 i\u0161 Somos \u012flankos \u012f Kair\u0105"},"content":{"rendered":"<p><strong>Privati dienos kelion\u0117 <\/strong> i\u0161<strong>Somos \u012flankos<\/strong> <strong>\u012f Kair\u0105<\/strong>, kurios metu aplankysite <strong>Gizos piramides<\/strong>, <strong>Sfinks\u0105<\/strong>, <strong>Egipto muziej\u0173<\/strong> su priva\u010diu gidu, VIP automobiliu arba mikroautobusu, pietumis ir bilietais. | N\u0117ra apsipirkimo stoteli\u0173 | Daugiau laiko lankytinos vietos Kaire.<\/p>\n<p style=\"text-align: center;\"><span style=\"color: #993300;\"><strong>Atraskite faraon\u0173 civilizacijos paslaptis<\/strong><\/span><\/p>\n<p><strong>Svarbiausi \u012fvykiai:<\/strong><\/p>\n<ol>\n<li>Apsilankykite Gizos piramid\u0117se.<\/li>\n<li>Aplankykite Did\u012fj\u012f sfinks\u0105.<\/li>\n<li>Egipto muziejus.<\/li>\n<li>Privati 30 min. trukm\u0117s kelion\u0117 Nilo upe.<\/li>\n<li>Piet\u016bs restorane &#8222;Vegetar\u0173 maistas&#8221;.<\/li>\n<\/ol>\n<p><strong>Privati vienos dienos kelion\u0117 i\u0161 <\/strong><strong>Somos \u012flanka<\/strong><strong>\u012f Kair\u0105 I\u0161sami informacija:<\/strong><\/p>\n<ul>\n<li>Ekskursijos prieinamumas: Kiekvien\u0105 dien\u0105.<\/li>\n<li>Ekskursijos tipas: Priva\u010diu automobiliu arba mikroautobusu.<\/li>\n<li>Pasi\u0117mimo laikas: Nuo 01:30 val.<\/li>\n<li>Pra\u0161ymas Vie\u0161butis gauti pusry\u010di\u0173 krep\u0161\u012f su jumis Ryte.<\/li>\n<li>I\u0161vykimo laikas: 21:30 val.<\/li>\n<li>Galimyb\u0117 naudotis ne\u012fgali\u0173j\u0173 ve\u017eim\u0117liais.<\/li>\n<li>Trukm\u0117: 22 val.<\/li>\n<\/ul>\n<p><strong>Rezervuokite dabar ir mok\u0117kite v\u0117liau:<\/strong><\/p>\n<ul>\n<li>Grynieji pinigai vietoje, skirti vadovui.<\/li>\n<li>Apmok\u0117jimas Egipto svarais, $, \u20ac arba \u00a3.<\/li>\n<\/ul>\n<p><strong>At\u0161aukimo politika:<\/strong><\/p>\n<ul>\n<li>At\u0161aukti iki 24 valand\u0173.<\/li>\n<li>Kai kas nors i\u0161 j\u016bs\u0173 \u0161eimos nari\u0173 at\u0161auks ryt\u0105, sumok\u0117site 50 % i\u0161laid\u0173.<\/li>\n<\/ul>\n<p><strong>Kas \u012fskai\u010diuota?<\/strong><\/p>\n<ul>\n<li>Perve\u017eimas i\u0161 Soma bayHotels &#8222;Pasitikimas ir i\u0161vykimas i\u0161 vie\u0161bu\u010dio&#8221;.<\/li>\n<li>Visi mokes\u010diai, \u012fva\u017eiavimo mokes\u010diai ir tvarkymo mokes\u010diai.<\/li>\n<li>Pervedimai.<\/li>\n<li>Felukos kelion\u0117 &#8222;Kruizas valtimi&#8221; 35 min.<\/li>\n<li>Ekskursij\u0173 vadovas.<\/li>\n<li>G\u0117rimai.<\/li>\n<li>Piet\u016bs restorane.<\/li>\n<\/ul>\n<p><strong>I\u0161imtys?<\/strong><\/p>\n<ul>\n<li>Arbatpinigiai.<\/li>\n<li>Visi nepamin\u0117ti priedai.<\/li>\n<\/ul>\n<p><strong>Kainos:<\/strong><\/p>\n<ul>\n<li><strong>Kaina suaugusiems = nuo<\/strong><strong>160 $ asmeniui<\/strong>.<\/li>\n<li>Kaina vaikams &#8222;5-12\u2033= 50%.<\/li>\n<li>vaikams &#8222;0-5&#8221; = nemokamai.<\/li>\n<\/ul>\n<p>&nbsp;<\/p>\n<p><strong>Atsiliepimai:<\/strong><\/p>\n<p>patikrinti m\u016bs\u0173 &#8222;Google&#8221; \u017eem\u0117lapio Atsiliepimai kaip geriausias <a href=\"https:\/\/g.page\/r\/CUeYvkngP3wkEBM\/review\">kelioni\u0173 operatorius Hurgada<\/a> internete <a href=\"https:\/\/hurghadalovers.com\/\">Hurgada<\/a> Egiptas.<\/p>\n<p><strong>U\u017esakymas:<\/strong><\/p>\n<p>Si\u0173skite vie\u0161but\u012f + kambario numer\u012f + paso nuotrauk\u0105 \u012f &#8222;WhatsApp&#8221;: <strong>+201112596434<\/strong><\/p>\n<p>Jei i\u0161 Egipto U\u017esakymas dabar internetu ir patvirtinti, kai atvykimo vie\u0161butis.<\/p>\n<p>&nbsp;<\/p>\n<p>&nbsp;<\/p>\n","protected":false},"excerpt":{"rendered":"<p><strong>Privati dienos kelion\u0117 <\/strong> i\u0161<strong>Somos \u012flankos<\/strong> <strong>\u012f Kair\u0105<\/strong>, kurios metu aplankysite <strong>Gizos piramides<\/strong>, <strong>Sfinks\u0105<\/strong>, <strong>Egipto muziej\u0173<\/strong> su priva\u010diu gidu, VIP automobiliu arba mikroautobusu, pietumis ir bilietais. | N\u0117ra apsipirkimo stoteli\u0173 | Daugiau laiko lankytinos vietos Kaire.<\/p>\n","protected":false},"featured_media":927928,"template":"","meta":{"_joinchat":[]},"product_brand":[],"product_cat":[36662],"product_tag":[55046,55065,55096,55244,55225,55040,55052,51551,55230,55288,55134,55282,55059,55108,55103,55237,55274],"class_list":{"0":"post-382996","1":"product","2":"type-product","3":"status-publish","4":"has-post-thumbnail","6":"product_cat-ekskursijos","7":"product_tag-dienos-kelione-i-kaira-is-somos-ilankos","8":"product_tag-dienos-kelione-nuo-somos-ilankos-iki-piramidziu","9":"product_tag-ekskursijos-po-somos-ilanka","10":"product_tag-ka-veikti-soma-ilankoje-poroms","11":"product_tag-ka-veikti-somos-ilankoje","12":"product_tag-nuo-somos-ilankos-iki-piramidziu","13":"product_tag-piramides-is-somos-ilankos","14":"product_tag-privacios-ekskursijos-po-kaira","15":"product_tag-romantiski-dalykai-kuriuos-galima-nuveikti-is-somos-ilankos","16":"product_tag-seimos-isvykos-is-somos-ilankos","17":"product_tag-seimos-pramogos-is-soma-bay","18":"product_tag-seimos-veikla-is-somos-ilankos","19":"product_tag-soma-bay-kelione-i-kaira","20":"product_tag-somos-ilankos-dienos-isvykos","21":"product_tag-somos-ilankos-veikla","22":"product_tag-somos-ilankos-veikla-poroms","23":"product_tag-veikla-mazyliams-is-soma-bay","24":"tour_category-dienos-ekskursijos-i-kaira-is-somos-ilankos","25":"tour_category-soma-ilanka-ekskursijos","27":"first","28":"instock","29":"sale","30":"shipping-taxable","31":"purchasable","32":"product-type-tour"},"yoast_head":"<!-- This site is optimized with the Yoast SEO Premium plugin v26.9 (Yoast SEO v27.2) - https:\/\/yoast.com\/product\/yoast-seo-premium-wordpress\/ -->\n<title>Privati vienos dienos kelion\u0117 i\u0161 Somos \u012flankos \u012f Kair\u0105 ir Gizos piramid\u017ei\u0173 lankymas<\/title>\n<meta name=\"description\" content=\"Privati dienos kelion\u0117 i\u0161 Somos \u012flankos \u012f Kair\u0105, kurios metu aplankysite Gizos piramides, Sfinks\u0105, Egipto muziej\u0173 su priva\u010diu gidu, VIP automobiliu arba mikroautobusu ir pietumis, bilietais...\" \/>\n<meta name=\"robots\" content=\"index, follow, max-snippet:-1, max-image-preview:large, max-video-preview:-1\" \/>\n<link rel=\"canonical\" href=\"https:\/\/hurghadalovers.com\/lt\/tours\/privati-vienos-dienos-kelione-is-soma-bajaus-i-kaira\/\" \/>\n<meta property=\"og:locale\" content=\"lt_LT\" \/>\n<meta property=\"og:type\" content=\"article\" \/>\n<meta property=\"og:title\" content=\"Privati vienos dienos kelion\u0117 i\u0161 Somos \u012flankos \u012f Kair\u0105\" \/>\n<meta property=\"og:description\" content=\"Privati dienos kelion\u0117 i\u0161 Somos \u012flankos \u012f Kair\u0105, kurios metu aplankysite Gizos piramides, Sfinks\u0105, Egipto muziej\u0173 su priva\u010diu gidu, VIP automobiliu arba mikroautobusu ir pietumis, bilietais...\" \/>\n<meta property=\"og:url\" content=\"https:\/\/hurghadalovers.com\/lt\/tours\/privati-vienos-dienos-kelione-is-soma-bajaus-i-kaira\/\" \/>\n<meta property=\"og:site_name\" content=\"Hurghada Excursions &amp; Day Trips | Booking Best Prices Tours\" \/>\n<meta property=\"article:publisher\" content=\"https:\/\/www.facebook.com\/Hurghadaloversegypt\" \/>\n<meta property=\"article:modified_time\" content=\"2026-02-10T03:54:16+00:00\" \/>\n<meta property=\"og:image\" content=\"https:\/\/hurghadalovers.com\/wp-content\/uploads\/2024\/04\/Pyramids-Day-Trip-from-Hurghada-by-Luxury-Bus-Cairo-Tours-2025.jpeg\" \/>\n\t<meta property=\"og:image:width\" content=\"1200\" \/>\n\t<meta property=\"og:image:height\" content=\"1600\" \/>\n\t<meta property=\"og:image:type\" content=\"image\/jpeg\" \/>\n<meta name=\"twitter:card\" content=\"summary_large_image\" \/>\n<meta name=\"twitter:label1\" content=\"Price\" \/>\n\t<meta name=\"twitter:data1\" content=\"&euro;&nbsp;105\" \/>\n\t<meta name=\"twitter:label2\" content=\"Availability\" \/>\n\t<meta name=\"twitter:data2\" content=\"In stock\" \/>\n<script type=\"application\/ld+json\" class=\"yoast-schema-graph\">{\"@context\":\"https:\/\/schema.org\",\"@graph\":[{\"@type\":[\"WebPage\",\"ItemPage\"],\"@id\":\"https:\/\/hurghadalovers.com\/lt\/tours\/privati-vienos-dienos-kelione-is-soma-bajaus-i-kaira\/\",\"url\":\"https:\/\/hurghadalovers.com\/lt\/tours\/privati-vienos-dienos-kelione-is-soma-bajaus-i-kaira\/\",\"name\":\"Privati vienos dienos kelion\u0117 i\u0161 Somos \u012flankos \u012f Kair\u0105 ir Gizos piramid\u017ei\u0173 lankymas\",\"isPartOf\":{\"@id\":\"https:\/\/hurghadalovers.com\/lt\/#website\"},\"primaryImageOfPage\":{\"@id\":\"https:\/\/hurghadalovers.com\/lt\/tours\/privati-vienos-dienos-kelione-is-soma-bajaus-i-kaira\/#primaryimage\"},\"image\":{\"@id\":\"https:\/\/hurghadalovers.com\/lt\/tours\/privati-vienos-dienos-kelione-is-soma-bajaus-i-kaira\/#primaryimage\"},\"thumbnailUrl\":\"https:\/\/hurghadalovers.com\/wp-content\/uploads\/2024\/04\/Pyramids-Day-Trip-from-Hurghada-by-Luxury-Bus-Cairo-Tours-2025.jpeg\",\"datePublished\":\"2023-08-26T09:08:19+00:00\",\"dateModified\":\"2026-02-10T03:54:16+00:00\",\"description\":\"Privati dienos kelion\u0117 i\u0161 Somos \u012flankos \u012f Kair\u0105, kurios metu aplankysite Gizos piramides, Sfinks\u0105, Egipto muziej\u0173 su priva\u010diu gidu, VIP automobiliu arba mikroautobusu ir pietumis, bilietais...\",\"breadcrumb\":{\"@id\":\"https:\/\/hurghadalovers.com\/lt\/tours\/privati-vienos-dienos-kelione-is-soma-bajaus-i-kaira\/#breadcrumb\"},\"inLanguage\":\"lt-LT\",\"potentialAction\":[{\"@type\":\"ReadAction\",\"target\":[\"https:\/\/hurghadalovers.com\/lt\/tours\/privati-vienos-dienos-kelione-is-soma-bajaus-i-kaira\/\"]}]},{\"@type\":\"ImageObject\",\"inLanguage\":\"lt-LT\",\"@id\":\"https:\/\/hurghadalovers.com\/lt\/tours\/privati-vienos-dienos-kelione-is-soma-bajaus-i-kaira\/#primaryimage\",\"url\":\"https:\/\/hurghadalovers.com\/wp-content\/uploads\/2024\/04\/Pyramids-Day-Trip-from-Hurghada-by-Luxury-Bus-Cairo-Tours-2025.jpeg\",\"contentUrl\":\"https:\/\/hurghadalovers.com\/wp-content\/uploads\/2024\/04\/Pyramids-Day-Trip-from-Hurghada-by-Luxury-Bus-Cairo-Tours-2025.jpeg\",\"width\":1200,\"height\":1600,\"caption\":\"Pyramids Day Trip from Hurghada by Luxury Bus | Cairo Tours 2025\"},{\"@type\":\"BreadcrumbList\",\"@id\":\"https:\/\/hurghadalovers.com\/lt\/tours\/privati-vienos-dienos-kelione-is-soma-bajaus-i-kaira\/#breadcrumb\",\"itemListElement\":[{\"@type\":\"ListItem\",\"position\":1,\"name\":\"Home\",\"item\":\"https:\/\/hurghadalovers.com\/lt\/\"},{\"@type\":\"ListItem\",\"position\":2,\"name\":\"Shop\",\"item\":\"https:\/\/hurghadalovers.com\/shop\/\"},{\"@type\":\"ListItem\",\"position\":3,\"name\":\"Privati vienos dienos kelion\u0117 i\u0161 Somos \u012flankos \u012f Kair\u0105\"}]},{\"@type\":\"WebSite\",\"@id\":\"https:\/\/hurghadalovers.com\/lt\/#website\",\"url\":\"https:\/\/hurghadalovers.com\/lt\/\",\"name\":\"Hurghada Excursions & Day Trips | Booking Best Prices Tours\",\"description\":\"Hurghada Lovers - Best Tour Operator - Excursions &amp; Things to do for Family Day Trips with kids and Couples Romantic. Unique .Hidden gems\",\"publisher\":{\"@id\":\"https:\/\/hurghadalovers.com\/lt\/#organization\"},\"alternateName\":\"Hurghada Excursions\",\"potentialAction\":[{\"@type\":\"SearchAction\",\"target\":{\"@type\":\"EntryPoint\",\"urlTemplate\":\"https:\/\/hurghadalovers.com\/lt\/?s={search_term_string}\"},\"query-input\":{\"@type\":\"PropertyValueSpecification\",\"valueRequired\":true,\"valueName\":\"search_term_string\"}}],\"inLanguage\":\"lt-LT\"},{\"@type\":[\"Organization\",\"Place\",\"TravelAgency\"],\"@id\":\"https:\/\/hurghadalovers.com\/lt\/#organization\",\"name\":\"Hurghada Excursions\",\"url\":\"https:\/\/hurghadalovers.com\/lt\/\",\"logo\":{\"@id\":\"https:\/\/hurghadalovers.com\/lt\/tours\/privati-vienos-dienos-kelione-is-soma-bajaus-i-kaira\/#local-main-organization-logo\"},\"image\":{\"@id\":\"https:\/\/hurghadalovers.com\/lt\/tours\/privati-vienos-dienos-kelione-is-soma-bajaus-i-kaira\/#local-main-organization-logo\"},\"sameAs\":[\"https:\/\/www.facebook.com\/Hurghadaloversegypt\"],\"address\":{\"@id\":\"https:\/\/hurghadalovers.com\/lt\/tours\/privati-vienos-dienos-kelione-is-soma-bajaus-i-kaira\/#local-main-place-address\"},\"telephone\":[\"00201112596434\"],\"contactPoint\":{\"@type\":\"ContactPoint\",\"telephone\":\"00201112596434\",\"email\":\"weyouface@gmail.com\"},\"openingHoursSpecification\":{\"@type\":\"OpeningHoursSpecification\",\"dayOfWeek\":[\"Monday\",\"Tuesday\",\"Wednesday\",\"Thursday\",\"Friday\",\"Saturday\",\"Sunday\"],\"opens\":\"00:00\",\"closes\":\"23:59\"},\"email\":\"weyouface@gmail.com\",\"areaServed\":\"Luxor, Hurghada, El Gouna, Aswan, Sharm El Sheikh, Giza, Alexandria, Marsa Alam, Quseir, Soma Bay, Sahl Hasheesh, Red Sea, Makadi Bay, Cairo\",\"priceRange\":\"$\",\"currenciesAccepted\":\"euro\",\"paymentAccepted\":\"cash on site\"},{\"@type\":\"PostalAddress\",\"@id\":\"https:\/\/hurghadalovers.com\/lt\/tours\/privati-vienos-dienos-kelione-is-soma-bajaus-i-kaira\/#local-main-place-address\",\"streetAddress\":\"17 Banks street, Alkawther area, top nbk bank\",\"addressLocality\":\"hurghada\",\"postalCode\":\"84511\",\"addressRegion\":\"red sea\",\"addressCountry\":\"EG\"},{\"@type\":\"ImageObject\",\"inLanguage\":\"lt-LT\",\"@id\":\"https:\/\/hurghadalovers.com\/lt\/tours\/privati-vienos-dienos-kelione-is-soma-bajaus-i-kaira\/#local-main-organization-logo\",\"url\":\"https:\/\/hurghadalovers.com\/wp-content\/uploads\/2019\/10\/hurghada-excursions-logo.png\",\"contentUrl\":\"https:\/\/hurghadalovers.com\/wp-content\/uploads\/2019\/10\/hurghada-excursions-logo.png\",\"width\":272,\"height\":90,\"caption\":\"Hurghada Excursions\"}]}<\/script>\n<meta property=\"product:brand\" content=\"Ekskursijos Kairas i\u0161 Soma \u012flanka\" \/>\n<meta property=\"product:price:amount\" content=\"105\" \/>\n<meta property=\"product:price:currency\" content=\"EUR\" \/>\n<meta property=\"og:availability\" content=\"instock\" \/>\n<meta property=\"product:availability\" content=\"instock\" \/>\n<meta property=\"product:retailer_item_id\" content=\"Somabay032024\" \/>\n<meta property=\"product:condition\" content=\"new\" \/>\n<meta name=\"geo.placename\" content=\"hurghada\" \/>\n<meta name=\"geo.region\" content=\"Egypt\" \/>\n<!-- \/ Yoast SEO Premium plugin. -->","yoast_head_json":{"title":"Privati vienos dienos kelion\u0117 i\u0161 Somos \u012flankos \u012f Kair\u0105 ir Gizos piramid\u017ei\u0173 lankymas","description":"Privati dienos kelion\u0117 i\u0161 Somos \u012flankos \u012f Kair\u0105, kurios metu aplankysite Gizos piramides, Sfinks\u0105, Egipto muziej\u0173 su priva\u010diu gidu, VIP automobiliu arba mikroautobusu ir pietumis, bilietais...","robots":{"index":"index","follow":"follow","max-snippet":"max-snippet:-1","max-image-preview":"max-image-preview:large","max-video-preview":"max-video-preview:-1"},"canonical":"https:\/\/hurghadalovers.com\/lt\/tours\/privati-vienos-dienos-kelione-is-soma-bajaus-i-kaira\/","og_locale":"lt_LT","og_type":"article","og_title":"Privati vienos dienos kelion\u0117 i\u0161 Somos \u012flankos \u012f Kair\u0105","og_description":"Privati dienos kelion\u0117 i\u0161 Somos \u012flankos \u012f Kair\u0105, kurios metu aplankysite Gizos piramides, Sfinks\u0105, Egipto muziej\u0173 su priva\u010diu gidu, VIP automobiliu arba mikroautobusu ir pietumis, bilietais...","og_url":"https:\/\/hurghadalovers.com\/lt\/tours\/privati-vienos-dienos-kelione-is-soma-bajaus-i-kaira\/","og_site_name":"Hurghada Excursions &amp; Day Trips | Booking Best Prices Tours","article_publisher":"https:\/\/www.facebook.com\/Hurghadaloversegypt","article_modified_time":"2026-02-10T03:54:16+00:00","og_image":[{"width":1200,"height":1600,"url":"https:\/\/hurghadalovers.com\/wp-content\/uploads\/2024\/04\/Pyramids-Day-Trip-from-Hurghada-by-Luxury-Bus-Cairo-Tours-2025.jpeg","type":"image\/jpeg"}],"twitter_card":"summary_large_image","twitter_misc":{"Price":"&euro;&nbsp;105","Availability":"In stock"},"schema":{"@context":"https:\/\/schema.org","@graph":[{"@type":["WebPage","ItemPage"],"@id":"https:\/\/hurghadalovers.com\/lt\/tours\/privati-vienos-dienos-kelione-is-soma-bajaus-i-kaira\/","url":"https:\/\/hurghadalovers.com\/lt\/tours\/privati-vienos-dienos-kelione-is-soma-bajaus-i-kaira\/","name":"Privati vienos dienos kelion\u0117 i\u0161 Somos \u012flankos \u012f Kair\u0105 ir Gizos piramid\u017ei\u0173 lankymas","isPartOf":{"@id":"https:\/\/hurghadalovers.com\/lt\/#website"},"primaryImageOfPage":{"@id":"https:\/\/hurghadalovers.com\/lt\/tours\/privati-vienos-dienos-kelione-is-soma-bajaus-i-kaira\/#primaryimage"},"image":{"@id":"https:\/\/hurghadalovers.com\/lt\/tours\/privati-vienos-dienos-kelione-is-soma-bajaus-i-kaira\/#primaryimage"},"thumbnailUrl":"https:\/\/hurghadalovers.com\/wp-content\/uploads\/2024\/04\/Pyramids-Day-Trip-from-Hurghada-by-Luxury-Bus-Cairo-Tours-2025.jpeg","datePublished":"2023-08-26T09:08:19+00:00","dateModified":"2026-02-10T03:54:16+00:00","description":"Privati dienos kelion\u0117 i\u0161 Somos \u012flankos \u012f Kair\u0105, kurios metu aplankysite Gizos piramides, Sfinks\u0105, Egipto muziej\u0173 su priva\u010diu gidu, VIP automobiliu arba mikroautobusu ir pietumis, bilietais...","breadcrumb":{"@id":"https:\/\/hurghadalovers.com\/lt\/tours\/privati-vienos-dienos-kelione-is-soma-bajaus-i-kaira\/#breadcrumb"},"inLanguage":"lt-LT","potentialAction":[{"@type":"ReadAction","target":["https:\/\/hurghadalovers.com\/lt\/tours\/privati-vienos-dienos-kelione-is-soma-bajaus-i-kaira\/"]}]},{"@type":"ImageObject","inLanguage":"lt-LT","@id":"https:\/\/hurghadalovers.com\/lt\/tours\/privati-vienos-dienos-kelione-is-soma-bajaus-i-kaira\/#primaryimage","url":"https:\/\/hurghadalovers.com\/wp-content\/uploads\/2024\/04\/Pyramids-Day-Trip-from-Hurghada-by-Luxury-Bus-Cairo-Tours-2025.jpeg","contentUrl":"https:\/\/hurghadalovers.com\/wp-content\/uploads\/2024\/04\/Pyramids-Day-Trip-from-Hurghada-by-Luxury-Bus-Cairo-Tours-2025.jpeg","width":1200,"height":1600,"caption":"Pyramids Day Trip from Hurghada by Luxury Bus | Cairo Tours 2025"},{"@type":"BreadcrumbList","@id":"https:\/\/hurghadalovers.com\/lt\/tours\/privati-vienos-dienos-kelione-is-soma-bajaus-i-kaira\/#breadcrumb","itemListElement":[{"@type":"ListItem","position":1,"name":"Home","item":"https:\/\/hurghadalovers.com\/lt\/"},{"@type":"ListItem","position":2,"name":"Shop","item":"https:\/\/hurghadalovers.com\/shop\/"},{"@type":"ListItem","position":3,"name":"Privati vienos dienos kelion\u0117 i\u0161 Somos \u012flankos \u012f Kair\u0105"}]},{"@type":"WebSite","@id":"https:\/\/hurghadalovers.com\/lt\/#website","url":"https:\/\/hurghadalovers.com\/lt\/","name":"Hurghada Excursions & Day Trips | Booking Best Prices Tours","description":"Hurghada Lovers - Best Tour Operator - Excursions &amp; Things to do for Family Day Trips with kids and Couples Romantic. Unique .Hidden gems","publisher":{"@id":"https:\/\/hurghadalovers.com\/lt\/#organization"},"alternateName":"Hurghada Excursions","potentialAction":[{"@type":"SearchAction","target":{"@type":"EntryPoint","urlTemplate":"https:\/\/hurghadalovers.com\/lt\/?s={search_term_string}"},"query-input":{"@type":"PropertyValueSpecification","valueRequired":true,"valueName":"search_term_string"}}],"inLanguage":"lt-LT"},{"@type":["Organization","Place","TravelAgency"],"@id":"https:\/\/hurghadalovers.com\/lt\/#organization","name":"Hurghada Excursions","url":"https:\/\/hurghadalovers.com\/lt\/","logo":{"@id":"https:\/\/hurghadalovers.com\/lt\/tours\/privati-vienos-dienos-kelione-is-soma-bajaus-i-kaira\/#local-main-organization-logo"},"image":{"@id":"https:\/\/hurghadalovers.com\/lt\/tours\/privati-vienos-dienos-kelione-is-soma-bajaus-i-kaira\/#local-main-organization-logo"},"sameAs":["https:\/\/www.facebook.com\/Hurghadaloversegypt"],"address":{"@id":"https:\/\/hurghadalovers.com\/lt\/tours\/privati-vienos-dienos-kelione-is-soma-bajaus-i-kaira\/#local-main-place-address"},"telephone":["00201112596434"],"contactPoint":{"@type":"ContactPoint","telephone":"00201112596434","email":"weyouface@gmail.com"},"openingHoursSpecification":{"@type":"OpeningHoursSpecification","dayOfWeek":["Monday","Tuesday","Wednesday","Thursday","Friday","Saturday","Sunday"],"opens":"00:00","closes":"23:59"},"email":"weyouface@gmail.com","areaServed":"Luxor, Hurghada, El Gouna, Aswan, Sharm El Sheikh, Giza, Alexandria, Marsa Alam, Quseir, Soma Bay, Sahl Hasheesh, Red Sea, Makadi Bay, Cairo","priceRange":"$","currenciesAccepted":"euro","paymentAccepted":"cash on site"},{"@type":"PostalAddress","@id":"https:\/\/hurghadalovers.com\/lt\/tours\/privati-vienos-dienos-kelione-is-soma-bajaus-i-kaira\/#local-main-place-address","streetAddress":"17 Banks street, Alkawther area, top nbk bank","addressLocality":"hurghada","postalCode":"84511","addressRegion":"red sea","addressCountry":"EG"},{"@type":"ImageObject","inLanguage":"lt-LT","@id":"https:\/\/hurghadalovers.com\/lt\/tours\/privati-vienos-dienos-kelione-is-soma-bajaus-i-kaira\/#local-main-organization-logo","url":"https:\/\/hurghadalovers.com\/wp-content\/uploads\/2019\/10\/hurghada-excursions-logo.png","contentUrl":"https:\/\/hurghadalovers.com\/wp-content\/uploads\/2019\/10\/hurghada-excursions-logo.png","width":272,"height":90,"caption":"Hurghada Excursions"}]},"product_brand":"Ekskursijos Kairas i\u0161 Soma \u012flanka","product_price_amount":"105","product_price_currency":"EUR","og_availability":"instock","product_availability":"instock","product_retailer_item_id":"Somabay032024","product_condition":"new","geo.placename":"hurghada","geo.region":"Egypt"},"_links":{"self":[{"href":"https:\/\/hurghadalovers.com\/lt\/wp-json\/wp\/v2\/product\/382996","targetHints":{"allow":["GET"]}}],"collection":[{"href":"https:\/\/hurghadalovers.com\/lt\/wp-json\/wp\/v2\/product"}],"about":[{"href":"https:\/\/hurghadalovers.com\/lt\/wp-json\/wp\/v2\/types\/product"}],"wp:featuredmedia":[{"embeddable":true,"href":"https:\/\/hurghadalovers.com\/lt\/wp-json\/wp\/v2\/media\/927928"}],"wp:attachment":[{"href":"https:\/\/hurghadalovers.com\/lt\/wp-json\/wp\/v2\/media?parent=382996"}],"wp:term":[{"taxonomy":"product_brand","embeddable":true,"href":"https:\/\/hurghadalovers.com\/lt\/wp-json\/wp\/v2\/product_brand?post=382996"},{"taxonomy":"product_cat","embeddable":true,"href":"https:\/\/hurghadalovers.com\/lt\/wp-json\/wp\/v2\/product_cat?post=382996"},{"taxonomy":"product_tag","embeddable":true,"href":"https:\/\/hurghadalovers.com\/lt\/wp-json\/wp\/v2\/product_tag?post=382996"}],"curies":[{"name":"wp","href":"https:\/\/api.w.org\/{rel}","templated":true}]}}