{"id":380475,"date":"2025-07-01T10:00:42","date_gmt":"2023-08-15T11:43:07","guid":{"rendered":"https:\/\/hurghadalovers.com\/shop\/be-kategorijos\/prabangi-elitine-kelione-i-oranzines-ilankos-sala-is-hurgados\/"},"modified":"2026-02-08T04:56:18","modified_gmt":"2026-02-08T04:56:18","slug":"prabangios-elitines-apelsinu-ilankos-salos-isvyka-is-hurgados","status":"publish","type":"product","link":"https:\/\/hurghadalovers.com\/lt\/tours\/prabangios-elitines-apelsinu-ilankos-salos-isvyka-is-hurgados\/","title":{"rendered":"Prabangi kelion\u0117 \u012f Oran\u017ein\u0117s \u012flankos sal\u0105 i\u0161 Hurgados"},"content":{"rendered":"<p><strong>Prabangus Orange Bay Island Kelion\u0117 i\u0161 Hurgados<\/strong> su VIP piet\u016bs ir specialios vietos \u0161eimoms, daugiau privatumo ir prabangus prabanga praleisti laik\u0105 gra\u017eiausi\u0173 papl\u016bdimi\u0173 <strong>Giftun salos<\/strong> ir vienas Geriausias namas rifas d\u0117m\u0117s.<\/p>\n<p>&nbsp;<\/p>\n<p><strong>Svarbiausi \u012fvykiai:<\/strong><\/p>\n<ul>\n<li>Vienos vietos nardymas Namo rifas.<\/li>\n<li>1 val. prie Orange Bay Island papl\u016bdimio.<\/li>\n<li>Prabangios jachtos.<\/li>\n<\/ul>\n<p><strong>I\u0161sami informacija:<\/strong><\/p>\n<ul>\n<li>Ekskursijos prieinamumas: Kiekvien\u0105 dien\u0105.<\/li>\n<li>Ekskursijos tipas: Grup\u0117.<\/li>\n<li>Pasi\u0117mimo laikas: Nuo 08:00 val.<\/li>\n<li>I\u0161vykimo laikas: 17:00 val.<\/li>\n<li>Galimyb\u0117 naudotis ne\u012fgali\u0173j\u0173 ve\u017eim\u0117liais.<\/li>\n<li>Trukm\u0117: 8 val.<\/li>\n<\/ul>\n<p><strong>Rezervuokite dabar ir mok\u0117kite v\u0117liau:<\/strong><\/p>\n<ul>\n<li>Grynieji pinigai vietoje, skirti vadovui.<\/li>\n<li>Apmok\u0117jimas Egipto svarais, $, \u20ac arba \u00a3.<\/li>\n<\/ul>\n<p><strong>At\u0161aukimo politika:<\/strong><\/p>\n<ul>\n<li>At\u0161aukti iki 24 valand\u0173.<\/li>\n<li>Kai kas nors i\u0161 j\u016bs\u0173 \u0161eimos nari\u0173 at\u0161auks ryt\u0105, sumok\u0117site 50 % i\u0161laid\u0173.<\/li>\n<\/ul>\n<p><strong>Kas \u012fskai\u010diuota?<\/strong><\/p>\n<ul>\n<li>Perve\u017eimas i\u0161 Hurgados vie\u0161bu\u010di\u0173 &#8222;Pasitikimas ir i\u0161vykimas i\u0161 vie\u0161bu\u010dio&#8221;.<\/li>\n<li>Visi mokes\u010diai, \u012fva\u017eiavimo mokes\u010diai ir tvarkymo mokes\u010diai.<\/li>\n<li>Ekskursij\u0173 vadovas.<\/li>\n<li>Mineralinis vanduo + kola + pienas + kava \/ arbata.<\/li>\n<li>1 nardymo vieta.<\/li>\n<li>Nardymo \u012franga &#8222;Kauk\u0117s ir plaukimo pelekai&#8221;.<\/li>\n<li>1 val. prie <strong>Orange Bay Island<\/strong> <strong>papl\u016bdimio<\/strong>.<\/li>\n<li>VIP \u0161vedi\u0161ko stalo piet\u016bs laive.<\/li>\n<li>Gelb\u0117jimosi liemen\u0117s.<\/li>\n<\/ul>\n<p><strong>I\u0161imtys?<\/strong><\/p>\n<ul>\n<li>Arbatpinigiai.<\/li>\n<li>G\u0117rimai &#8222;Orange Bay&#8221; restorane &#8222;Island&#8221;.<\/li>\n<li>Kelion\u0117s fotografija ir nuotraukos.<\/li>\n<li>Si\u016blome i\u0161sinuomoti maudymosi kostiumus ir maudymosi kostium\u0117lius moterims, vyrams, vaikams vis\u0173 dyd\u017ei\u0173 &#8222;5$ u\u017e vien\u0105&#8221;.<\/li>\n<li>Visi nepamin\u0117ti priedai.<\/li>\n<\/ul>\n<p><strong>Prabangi kelion\u0117 \u012f Oran\u017ein\u0117s \u012flankos sal\u0105 i\u0161 Hurgados Kainos:<\/strong><\/p>\n<ul>\n<li><strong>Kaina suaugusiems = <\/strong><strong>nuo 40$<\/strong><strong> vienam asmeniui<\/strong>.<\/li>\n<li>Kaina vaikams &#8222;5-12\u2033= 50%.<\/li>\n<li>vaikams &#8222;0-5&#8221; = nemokamai.<\/li>\n<\/ul>\n<p><strong>Atsiliepimai:<\/strong><\/p>\n<p>patikrinti m\u016bs\u0173 &#8222;Google&#8221; \u017eem\u0117lapio Atsiliepimai kaip geriausias <a href=\"https:\/\/g.page\/r\/CUeYvkngP3wkEBM\/review\">kelioni\u0173 operatorius Hurgada<\/a> internete <a href=\"https:\/\/hurghadalovers.com\/\">Hurgada<\/a> Egiptas.<\/p>\n<p>&nbsp;<\/p>\n<p><strong>Pastaba:  <\/strong><\/p>\n<p>Taip pat si\u016blome ekskursij\u0105 su perve\u017eimu i\u0161 vie\u0161bu\u010dio El Goua, Somos \u012flankoje, Makadi \u012flankoje, Sahl Hasheesh, Safagoje u\u017e papildom\u0105 kain\u0105 = 10 USD asmeniui.<\/p>\n<p>&nbsp;<\/p>\n<p><strong>U\u017esakymas:<\/strong><\/p>\n<p>Si\u0173skite vie\u0161but\u012f + kambario numer\u012f + paso nuotrauk\u0105 \u012f &#8222;WhatsApp&#8221;: <strong>+201112596434<\/strong><\/p>\n<p>Jei i\u0161 Egipto U\u017esakymas dabar internetu ir patvirtinti, kai atvykimo vie\u0161butis.<\/p>\n","protected":false},"excerpt":{"rendered":"<p>Prabangus Elite Orange Bay Island Kelion\u0117 i\u0161 Hurgados su VIP piet\u016bs ir specialios vietos \u0161eimoms, daugiau privatumo ir prabangus prabanga praleisti laik\u0105 gra\u017eiausi\u0173 papl\u016bdimi\u0173 Giftun salos ir vienas Geriausias namas rifas vietoje.<\/p>\n","protected":false},"featured_media":380426,"template":"","meta":{"_joinchat":[]},"product_brand":[],"product_cat":[36662],"product_tag":[51547,51545],"class_list":{"0":"post-380475","1":"product","2":"type-product","3":"status-publish","4":"has-post-thumbnail","6":"product_cat-ekskursijos","7":"product_tag-geriausios-prabangios-egipto-kelioniu-bendroves","8":"product_tag-prabangus-turai-i-egipta","9":"tour_category-hurgados-nardymo-keliones","10":"tour_category-ekskursijos-i-hurgada","12":"first","13":"instock","14":"sale","15":"shipping-taxable","16":"purchasable","17":"product-type-tour"},"yoast_head":"<!-- This site is optimized with the Yoast SEO Premium plugin v26.9 (Yoast SEO v27.2) - https:\/\/yoast.com\/product\/yoast-seo-premium-wordpress\/ -->\n<title>Prabangi kelion\u0117 \u012f Oran\u017ein\u0117s \u012flankos sal\u0105 i\u0161 Hurgados<\/title>\n<meta name=\"description\" content=\"Prabangi kelion\u0117 \u012f Oran\u017ein\u0117s \u012flankos sal\u0105 i\u0161 Hurgados su VIP pietumis ir specialiomis vietomis \u0161eimoms, didesniu privatumu ir prabangia prabanga praleisti laik\u0105.\" \/>\n<meta name=\"robots\" content=\"index, follow, max-snippet:-1, max-image-preview:large, max-video-preview:-1\" \/>\n<link rel=\"canonical\" href=\"https:\/\/hurghadalovers.com\/lt\/tours\/prabangios-elitines-apelsinu-ilankos-salos-isvyka-is-hurgados\/\" \/>\n<meta property=\"og:locale\" content=\"lt_LT\" \/>\n<meta property=\"og:type\" content=\"article\" \/>\n<meta property=\"og:title\" content=\"Prabangi kelion\u0117 \u012f Oran\u017ein\u0117s \u012flankos sal\u0105 i\u0161 Hurgados\" \/>\n<meta property=\"og:description\" content=\"Prabangi kelion\u0117 \u012f Oran\u017ein\u0117s \u012flankos sal\u0105 i\u0161 Hurgados su VIP pietumis ir specialiomis vietomis \u0161eimoms, didesniu privatumu ir prabangia prabanga praleisti laik\u0105.\" \/>\n<meta property=\"og:url\" content=\"https:\/\/hurghadalovers.com\/lt\/tours\/prabangios-elitines-apelsinu-ilankos-salos-isvyka-is-hurgados\/\" \/>\n<meta property=\"og:site_name\" content=\"Hurghada Excursions &amp; Day Trips | Booking Best Prices Tours\" \/>\n<meta property=\"article:publisher\" content=\"https:\/\/www.facebook.com\/Hurghadaloversegypt\" \/>\n<meta property=\"article:modified_time\" content=\"2026-02-08T04:56:18+00:00\" \/>\n<meta property=\"og:image\" content=\"https:\/\/hurghadalovers.com\/wp-content\/uploads\/2023\/08\/Luxury-Elite-Orange-Bay-Island-Trip-from-Hurghada.jpeg\" \/>\n\t<meta property=\"og:image:width\" content=\"1156\" \/>\n\t<meta property=\"og:image:height\" content=\"867\" \/>\n\t<meta property=\"og:image:type\" content=\"image\/jpeg\" \/>\n<meta name=\"twitter:card\" content=\"summary_large_image\" \/>\n<meta name=\"twitter:label1\" content=\"Price\" \/>\n\t<meta name=\"twitter:data1\" content=\"&euro;&nbsp;40\" \/>\n\t<meta name=\"twitter:label2\" content=\"Availability\" \/>\n\t<meta name=\"twitter:data2\" content=\"In stock\" \/>\n<script type=\"application\/ld+json\" class=\"yoast-schema-graph\">{\"@context\":\"https:\/\/schema.org\",\"@graph\":[{\"@type\":[\"WebPage\",\"ItemPage\"],\"@id\":\"https:\/\/hurghadalovers.com\/lt\/tours\/prabangios-elitines-apelsinu-ilankos-salos-isvyka-is-hurgados\/\",\"url\":\"https:\/\/hurghadalovers.com\/lt\/tours\/prabangios-elitines-apelsinu-ilankos-salos-isvyka-is-hurgados\/\",\"name\":\"Prabangi kelion\u0117 \u012f Oran\u017ein\u0117s \u012flankos sal\u0105 i\u0161 Hurgados\",\"isPartOf\":{\"@id\":\"https:\/\/hurghadalovers.com\/lt\/#website\"},\"primaryImageOfPage\":{\"@id\":\"https:\/\/hurghadalovers.com\/lt\/tours\/prabangios-elitines-apelsinu-ilankos-salos-isvyka-is-hurgados\/#primaryimage\"},\"image\":{\"@id\":\"https:\/\/hurghadalovers.com\/lt\/tours\/prabangios-elitines-apelsinu-ilankos-salos-isvyka-is-hurgados\/#primaryimage\"},\"thumbnailUrl\":\"https:\/\/hurghadalovers.com\/wp-content\/uploads\/2023\/08\/Luxury-Elite-Orange-Bay-Island-Trip-from-Hurghada.jpeg\",\"datePublished\":\"2023-08-15T11:43:07+00:00\",\"dateModified\":\"2026-02-08T04:56:18+00:00\",\"description\":\"Prabangi kelion\u0117 \u012f Oran\u017ein\u0117s \u012flankos sal\u0105 i\u0161 Hurgados su VIP pietumis ir specialiomis vietomis \u0161eimoms, didesniu privatumu ir prabangia prabanga praleisti laik\u0105.\",\"breadcrumb\":{\"@id\":\"https:\/\/hurghadalovers.com\/lt\/tours\/prabangios-elitines-apelsinu-ilankos-salos-isvyka-is-hurgados\/#breadcrumb\"},\"inLanguage\":\"lt-LT\",\"potentialAction\":[{\"@type\":\"ReadAction\",\"target\":[\"https:\/\/hurghadalovers.com\/lt\/tours\/prabangios-elitines-apelsinu-ilankos-salos-isvyka-is-hurgados\/\"]}]},{\"@type\":\"ImageObject\",\"inLanguage\":\"lt-LT\",\"@id\":\"https:\/\/hurghadalovers.com\/lt\/tours\/prabangios-elitines-apelsinu-ilankos-salos-isvyka-is-hurgados\/#primaryimage\",\"url\":\"https:\/\/hurghadalovers.com\/wp-content\/uploads\/2023\/08\/Luxury-Elite-Orange-Bay-Island-Trip-from-Hurghada.jpeg\",\"contentUrl\":\"https:\/\/hurghadalovers.com\/wp-content\/uploads\/2023\/08\/Luxury-Elite-Orange-Bay-Island-Trip-from-Hurghada.jpeg\",\"width\":1156,\"height\":867,\"caption\":\"Prabangi elitin\u0117 kelion\u0117 \u012f Oran\u017ein\u0117s \u012flankos sal\u0105 i\u0161 Hurgados\"},{\"@type\":\"BreadcrumbList\",\"@id\":\"https:\/\/hurghadalovers.com\/lt\/tours\/prabangios-elitines-apelsinu-ilankos-salos-isvyka-is-hurgados\/#breadcrumb\",\"itemListElement\":[{\"@type\":\"ListItem\",\"position\":1,\"name\":\"Home\",\"item\":\"https:\/\/hurghadalovers.com\/lt\/\"},{\"@type\":\"ListItem\",\"position\":2,\"name\":\"Shop\",\"item\":\"https:\/\/hurghadalovers.com\/shop\/\"},{\"@type\":\"ListItem\",\"position\":3,\"name\":\"Prabangi kelion\u0117 \u012f Oran\u017ein\u0117s \u012flankos sal\u0105 i\u0161 Hurgados\"}]},{\"@type\":\"WebSite\",\"@id\":\"https:\/\/hurghadalovers.com\/lt\/#website\",\"url\":\"https:\/\/hurghadalovers.com\/lt\/\",\"name\":\"Hurghada Excursions & Day Trips | Booking Best Prices Tours\",\"description\":\"Hurghada Lovers - Best Tour Operator - Excursions &amp; Things to do for Family Day Trips with kids and Couples Romantic. Unique .Hidden gems\",\"publisher\":{\"@id\":\"https:\/\/hurghadalovers.com\/lt\/#organization\"},\"alternateName\":\"Hurghada Excursions\",\"potentialAction\":[{\"@type\":\"SearchAction\",\"target\":{\"@type\":\"EntryPoint\",\"urlTemplate\":\"https:\/\/hurghadalovers.com\/lt\/?s={search_term_string}\"},\"query-input\":{\"@type\":\"PropertyValueSpecification\",\"valueRequired\":true,\"valueName\":\"search_term_string\"}}],\"inLanguage\":\"lt-LT\"},{\"@type\":[\"Organization\",\"Place\",\"TravelAgency\"],\"@id\":\"https:\/\/hurghadalovers.com\/lt\/#organization\",\"name\":\"Hurghada Excursions\",\"url\":\"https:\/\/hurghadalovers.com\/lt\/\",\"logo\":{\"@id\":\"https:\/\/hurghadalovers.com\/lt\/tours\/prabangios-elitines-apelsinu-ilankos-salos-isvyka-is-hurgados\/#local-main-organization-logo\"},\"image\":{\"@id\":\"https:\/\/hurghadalovers.com\/lt\/tours\/prabangios-elitines-apelsinu-ilankos-salos-isvyka-is-hurgados\/#local-main-organization-logo\"},\"sameAs\":[\"https:\/\/www.facebook.com\/Hurghadaloversegypt\"],\"address\":{\"@id\":\"https:\/\/hurghadalovers.com\/lt\/tours\/prabangios-elitines-apelsinu-ilankos-salos-isvyka-is-hurgados\/#local-main-place-address\"},\"telephone\":[\"00201112596434\"],\"contactPoint\":{\"@type\":\"ContactPoint\",\"telephone\":\"00201112596434\",\"email\":\"weyouface@gmail.com\"},\"openingHoursSpecification\":{\"@type\":\"OpeningHoursSpecification\",\"dayOfWeek\":[\"Monday\",\"Tuesday\",\"Wednesday\",\"Thursday\",\"Friday\",\"Saturday\",\"Sunday\"],\"opens\":\"00:00\",\"closes\":\"23:59\"},\"email\":\"weyouface@gmail.com\",\"areaServed\":\"Luxor, Hurghada, El Gouna, Aswan, Sharm El Sheikh, Giza, Alexandria, Marsa Alam, Quseir, Soma Bay, Sahl Hasheesh, Red Sea, Makadi Bay, Cairo\",\"priceRange\":\"$\",\"currenciesAccepted\":\"euro\",\"paymentAccepted\":\"cash on site\"},{\"@type\":\"PostalAddress\",\"@id\":\"https:\/\/hurghadalovers.com\/lt\/tours\/prabangios-elitines-apelsinu-ilankos-salos-isvyka-is-hurgados\/#local-main-place-address\",\"streetAddress\":\"17 Banks street, Alkawther area, top nbk bank\",\"addressLocality\":\"hurghada\",\"postalCode\":\"84511\",\"addressRegion\":\"red sea\",\"addressCountry\":\"EG\"},{\"@type\":\"ImageObject\",\"inLanguage\":\"lt-LT\",\"@id\":\"https:\/\/hurghadalovers.com\/lt\/tours\/prabangios-elitines-apelsinu-ilankos-salos-isvyka-is-hurgados\/#local-main-organization-logo\",\"url\":\"https:\/\/hurghadalovers.com\/wp-content\/uploads\/2019\/10\/hurghada-excursions-logo.png\",\"contentUrl\":\"https:\/\/hurghadalovers.com\/wp-content\/uploads\/2019\/10\/hurghada-excursions-logo.png\",\"width\":272,\"height\":90,\"caption\":\"Hurghada Excursions\"}]}<\/script>\n<meta property=\"product:brand\" content=\"Ekskursijos Nardymas i\u0161 Hurgada\" \/>\n<meta property=\"product:price:amount\" content=\"40\" \/>\n<meta property=\"product:price:currency\" content=\"EUR\" \/>\n<meta property=\"og:availability\" content=\"instock\" \/>\n<meta property=\"product:availability\" content=\"instock\" \/>\n<meta property=\"product:retailer_item_id\" content=\"Snorkeling022024\" \/>\n<meta property=\"product:condition\" content=\"new\" \/>\n<meta name=\"geo.placename\" content=\"hurghada\" \/>\n<meta name=\"geo.region\" content=\"Egypt\" \/>\n<!-- \/ Yoast SEO Premium plugin. -->","yoast_head_json":{"title":"Prabangi kelion\u0117 \u012f Oran\u017ein\u0117s \u012flankos sal\u0105 i\u0161 Hurgados","description":"Prabangi kelion\u0117 \u012f Oran\u017ein\u0117s \u012flankos sal\u0105 i\u0161 Hurgados su VIP pietumis ir specialiomis vietomis \u0161eimoms, didesniu privatumu ir prabangia prabanga praleisti laik\u0105.","robots":{"index":"index","follow":"follow","max-snippet":"max-snippet:-1","max-image-preview":"max-image-preview:large","max-video-preview":"max-video-preview:-1"},"canonical":"https:\/\/hurghadalovers.com\/lt\/tours\/prabangios-elitines-apelsinu-ilankos-salos-isvyka-is-hurgados\/","og_locale":"lt_LT","og_type":"article","og_title":"Prabangi kelion\u0117 \u012f Oran\u017ein\u0117s \u012flankos sal\u0105 i\u0161 Hurgados","og_description":"Prabangi kelion\u0117 \u012f Oran\u017ein\u0117s \u012flankos sal\u0105 i\u0161 Hurgados su VIP pietumis ir specialiomis vietomis \u0161eimoms, didesniu privatumu ir prabangia prabanga praleisti laik\u0105.","og_url":"https:\/\/hurghadalovers.com\/lt\/tours\/prabangios-elitines-apelsinu-ilankos-salos-isvyka-is-hurgados\/","og_site_name":"Hurghada Excursions &amp; Day Trips | Booking Best Prices Tours","article_publisher":"https:\/\/www.facebook.com\/Hurghadaloversegypt","article_modified_time":"2026-02-08T04:56:18+00:00","og_image":[{"width":1156,"height":867,"url":"https:\/\/hurghadalovers.com\/wp-content\/uploads\/2023\/08\/Luxury-Elite-Orange-Bay-Island-Trip-from-Hurghada.jpeg","type":"image\/jpeg"}],"twitter_card":"summary_large_image","twitter_misc":{"Price":"&euro;&nbsp;40","Availability":"In stock"},"schema":{"@context":"https:\/\/schema.org","@graph":[{"@type":["WebPage","ItemPage"],"@id":"https:\/\/hurghadalovers.com\/lt\/tours\/prabangios-elitines-apelsinu-ilankos-salos-isvyka-is-hurgados\/","url":"https:\/\/hurghadalovers.com\/lt\/tours\/prabangios-elitines-apelsinu-ilankos-salos-isvyka-is-hurgados\/","name":"Prabangi kelion\u0117 \u012f Oran\u017ein\u0117s \u012flankos sal\u0105 i\u0161 Hurgados","isPartOf":{"@id":"https:\/\/hurghadalovers.com\/lt\/#website"},"primaryImageOfPage":{"@id":"https:\/\/hurghadalovers.com\/lt\/tours\/prabangios-elitines-apelsinu-ilankos-salos-isvyka-is-hurgados\/#primaryimage"},"image":{"@id":"https:\/\/hurghadalovers.com\/lt\/tours\/prabangios-elitines-apelsinu-ilankos-salos-isvyka-is-hurgados\/#primaryimage"},"thumbnailUrl":"https:\/\/hurghadalovers.com\/wp-content\/uploads\/2023\/08\/Luxury-Elite-Orange-Bay-Island-Trip-from-Hurghada.jpeg","datePublished":"2023-08-15T11:43:07+00:00","dateModified":"2026-02-08T04:56:18+00:00","description":"Prabangi kelion\u0117 \u012f Oran\u017ein\u0117s \u012flankos sal\u0105 i\u0161 Hurgados su VIP pietumis ir specialiomis vietomis \u0161eimoms, didesniu privatumu ir prabangia prabanga praleisti laik\u0105.","breadcrumb":{"@id":"https:\/\/hurghadalovers.com\/lt\/tours\/prabangios-elitines-apelsinu-ilankos-salos-isvyka-is-hurgados\/#breadcrumb"},"inLanguage":"lt-LT","potentialAction":[{"@type":"ReadAction","target":["https:\/\/hurghadalovers.com\/lt\/tours\/prabangios-elitines-apelsinu-ilankos-salos-isvyka-is-hurgados\/"]}]},{"@type":"ImageObject","inLanguage":"lt-LT","@id":"https:\/\/hurghadalovers.com\/lt\/tours\/prabangios-elitines-apelsinu-ilankos-salos-isvyka-is-hurgados\/#primaryimage","url":"https:\/\/hurghadalovers.com\/wp-content\/uploads\/2023\/08\/Luxury-Elite-Orange-Bay-Island-Trip-from-Hurghada.jpeg","contentUrl":"https:\/\/hurghadalovers.com\/wp-content\/uploads\/2023\/08\/Luxury-Elite-Orange-Bay-Island-Trip-from-Hurghada.jpeg","width":1156,"height":867,"caption":"Prabangi elitin\u0117 kelion\u0117 \u012f Oran\u017ein\u0117s \u012flankos sal\u0105 i\u0161 Hurgados"},{"@type":"BreadcrumbList","@id":"https:\/\/hurghadalovers.com\/lt\/tours\/prabangios-elitines-apelsinu-ilankos-salos-isvyka-is-hurgados\/#breadcrumb","itemListElement":[{"@type":"ListItem","position":1,"name":"Home","item":"https:\/\/hurghadalovers.com\/lt\/"},{"@type":"ListItem","position":2,"name":"Shop","item":"https:\/\/hurghadalovers.com\/shop\/"},{"@type":"ListItem","position":3,"name":"Prabangi kelion\u0117 \u012f Oran\u017ein\u0117s \u012flankos sal\u0105 i\u0161 Hurgados"}]},{"@type":"WebSite","@id":"https:\/\/hurghadalovers.com\/lt\/#website","url":"https:\/\/hurghadalovers.com\/lt\/","name":"Hurghada Excursions & Day Trips | Booking Best Prices Tours","description":"Hurghada Lovers - Best Tour Operator - Excursions &amp; Things to do for Family Day Trips with kids and Couples Romantic. Unique .Hidden gems","publisher":{"@id":"https:\/\/hurghadalovers.com\/lt\/#organization"},"alternateName":"Hurghada Excursions","potentialAction":[{"@type":"SearchAction","target":{"@type":"EntryPoint","urlTemplate":"https:\/\/hurghadalovers.com\/lt\/?s={search_term_string}"},"query-input":{"@type":"PropertyValueSpecification","valueRequired":true,"valueName":"search_term_string"}}],"inLanguage":"lt-LT"},{"@type":["Organization","Place","TravelAgency"],"@id":"https:\/\/hurghadalovers.com\/lt\/#organization","name":"Hurghada Excursions","url":"https:\/\/hurghadalovers.com\/lt\/","logo":{"@id":"https:\/\/hurghadalovers.com\/lt\/tours\/prabangios-elitines-apelsinu-ilankos-salos-isvyka-is-hurgados\/#local-main-organization-logo"},"image":{"@id":"https:\/\/hurghadalovers.com\/lt\/tours\/prabangios-elitines-apelsinu-ilankos-salos-isvyka-is-hurgados\/#local-main-organization-logo"},"sameAs":["https:\/\/www.facebook.com\/Hurghadaloversegypt"],"address":{"@id":"https:\/\/hurghadalovers.com\/lt\/tours\/prabangios-elitines-apelsinu-ilankos-salos-isvyka-is-hurgados\/#local-main-place-address"},"telephone":["00201112596434"],"contactPoint":{"@type":"ContactPoint","telephone":"00201112596434","email":"weyouface@gmail.com"},"openingHoursSpecification":{"@type":"OpeningHoursSpecification","dayOfWeek":["Monday","Tuesday","Wednesday","Thursday","Friday","Saturday","Sunday"],"opens":"00:00","closes":"23:59"},"email":"weyouface@gmail.com","areaServed":"Luxor, Hurghada, El Gouna, Aswan, Sharm El Sheikh, Giza, Alexandria, Marsa Alam, Quseir, Soma Bay, Sahl Hasheesh, Red Sea, Makadi Bay, Cairo","priceRange":"$","currenciesAccepted":"euro","paymentAccepted":"cash on site"},{"@type":"PostalAddress","@id":"https:\/\/hurghadalovers.com\/lt\/tours\/prabangios-elitines-apelsinu-ilankos-salos-isvyka-is-hurgados\/#local-main-place-address","streetAddress":"17 Banks street, Alkawther area, top nbk bank","addressLocality":"hurghada","postalCode":"84511","addressRegion":"red sea","addressCountry":"EG"},{"@type":"ImageObject","inLanguage":"lt-LT","@id":"https:\/\/hurghadalovers.com\/lt\/tours\/prabangios-elitines-apelsinu-ilankos-salos-isvyka-is-hurgados\/#local-main-organization-logo","url":"https:\/\/hurghadalovers.com\/wp-content\/uploads\/2019\/10\/hurghada-excursions-logo.png","contentUrl":"https:\/\/hurghadalovers.com\/wp-content\/uploads\/2019\/10\/hurghada-excursions-logo.png","width":272,"height":90,"caption":"Hurghada Excursions"}]},"product_brand":"Ekskursijos Nardymas i\u0161 Hurgada","product_price_amount":"40","product_price_currency":"EUR","og_availability":"instock","product_availability":"instock","product_retailer_item_id":"Snorkeling022024","product_condition":"new","geo.placename":"hurghada","geo.region":"Egypt"},"_links":{"self":[{"href":"https:\/\/hurghadalovers.com\/lt\/wp-json\/wp\/v2\/product\/380475","targetHints":{"allow":["GET"]}}],"collection":[{"href":"https:\/\/hurghadalovers.com\/lt\/wp-json\/wp\/v2\/product"}],"about":[{"href":"https:\/\/hurghadalovers.com\/lt\/wp-json\/wp\/v2\/types\/product"}],"wp:featuredmedia":[{"embeddable":true,"href":"https:\/\/hurghadalovers.com\/lt\/wp-json\/wp\/v2\/media\/380426"}],"wp:attachment":[{"href":"https:\/\/hurghadalovers.com\/lt\/wp-json\/wp\/v2\/media?parent=380475"}],"wp:term":[{"taxonomy":"product_brand","embeddable":true,"href":"https:\/\/hurghadalovers.com\/lt\/wp-json\/wp\/v2\/product_brand?post=380475"},{"taxonomy":"product_cat","embeddable":true,"href":"https:\/\/hurghadalovers.com\/lt\/wp-json\/wp\/v2\/product_cat?post=380475"},{"taxonomy":"product_tag","embeddable":true,"href":"https:\/\/hurghadalovers.com\/lt\/wp-json\/wp\/v2\/product_tag?post=380475"}],"curies":[{"name":"wp","href":"https:\/\/api.w.org\/{rel}","templated":true}]}}