{"id":380093,"date":"2023-08-14T09:57:56","date_gmt":"2023-08-14T09:57:56","guid":{"rendered":"https:\/\/hurghadalovers.com\/shop\/be-kategorijos\/rytine-ekskursija-keturraciais-dykumoje-is-hurgados\/"},"modified":"2026-02-09T16:40:29","modified_gmt":"2026-02-09T16:40:29","slug":"rytinis-keturvalandinis-zygis-dviraciu-is-hurgados","status":"publish","type":"product","link":"https:\/\/hurghadalovers.com\/lt\/tours\/rytinis-keturvalandinis-zygis-dviraciu-is-hurgados\/","title":{"rendered":"Rytin\u0117 ekskursija keturra\u010diais dykumoje i\u0161 Hurgados"},"content":{"rendered":"<p><strong>Rytin\u0117 kelion\u0117 keturra\u010diais<\/strong> dykumoje i\u0161 Hurgados \u012f beduin\u0173 kaim\u0105 su pasiva\u017ein\u0117jimu kupranugariais.<\/p>\n<p>Nuotyki\u0173 kupinas nuotykis, kupinas \u012ftampos, jaudulio,  <strong>adrenalinas<\/strong>, vairuojant keturra\u010dius motociklus 25 km atstum\u0105 \u017eavingoje Hurgados dykumoje iki  <strong>Beduinai<\/strong>  regionas tarp plynauk\u0161\u010di\u0173 ir Raudonosios j\u016bros kaln\u0173, tada  <strong>jodin\u0117jimas ant kupranugario<\/strong>, gerti beduin\u0173 arbat\u0105, su\u017einoti apie beduin\u0173 gyvenim\u0105, paskui gr\u012f\u017eti \u012f  <strong>safaris<\/strong>  stotis.<\/p>\n<p style=\"text-align: center;\"><span style=\"color: #ff6600;\">Geriausi dalykai, kuriuos galima nuveikti Hurgadoje <span style=\"color: #993366;\"><br \/>\n  <strong>Romanti\u0161kas<\/strong><br \/>\n<\/span> ir <span style=\"color: #993366;\"><br \/>\n  <strong>por\u0173 medaus m\u0117nesiui<\/strong><br \/>\n<\/span><\/span><\/p>\n<p><strong>Svarbiausi \u012fvykiai:<\/strong><\/p>\n<ol>\n<li>Pasiva\u017ein\u0117jimas keturra\u010diais.<\/li>\n<li>Pasiva\u017ein\u0117jimas kupranugariais.<\/li>\n<li>Beduin\u0173 kaimas.<\/li>\n<\/ol>\n<p><strong>Rytin\u0117 ekskursija keturra\u010diais I\u0161sami informacija:<\/strong><\/p>\n<ul>\n<li>Ekskursijos prieinamumas: Kiekvien\u0105 dien\u0105.<\/li>\n<li>Ekskursijos tipas: Grup\u0117.<\/li>\n<li>Pasi\u0117mimo laikas: Nuo 08:15 val.<\/li>\n<li>I\u0161vykimo laikas: 11:45 val.<\/li>\n<li>Trukm\u0117: trukm\u0117 3 val.<\/li>\n<\/ul>\n<p><strong>Rezervuokite dabar ir mok\u0117kite v\u0117liau:<\/strong><\/p>\n<ul>\n<li>Grynieji pinigai vietoje, skirti vadovui.<\/li>\n<li>Apmok\u0117jimas Egipto svarais, $, \u20ac arba \u00a3.<\/li>\n<\/ul>\n<p><strong>At\u0161aukimo politika:<\/strong><\/p>\n<ul>\n<li>At\u0161aukti iki 24 valand\u0173.<\/li>\n<li>Kai kas nors i\u0161 j\u016bs\u0173 \u0161eimos nari\u0173 at\u0161auks ryt\u0105, sumok\u0117site 50 % i\u0161laid\u0173.<\/li>\n<\/ul>\n<p><strong>Kas \u012fskai\u010diuota?<\/strong><\/p>\n<ul>\n<li>Perve\u017eimas i\u0161 Hurgados vie\u0161bu\u010di\u0173 &#8222;Pasitikimas ir i\u0161vykimas i\u0161 vie\u0161bu\u010dio&#8221;.<\/li>\n<li>Visi mokes\u010diai, \u012fva\u017eiavimo mokes\u010diai ir tvarkymo mokes\u010diai.<\/li>\n<li>Pervedimai.<\/li>\n<li>Ekskursij\u0173 vadovas.<\/li>\n<li>\u0160almas.<\/li>\n<\/ul>\n<p><strong>I\u0161imtys?<\/strong><\/p>\n<ul>\n<li>\u0160alikas<\/li>\n<li>Apsauginiai akiniai<\/li>\n<li>Arbatpinigiai.<\/li>\n<li>Kelion\u0117s fotografija.<\/li>\n<li>Visi nepamin\u0117ti priedai.<\/li>\n<\/ul>\n<p><strong>Rytin\u0117s ekskursijos keturra\u010diais dvira\u010diais kainos:<\/strong><\/p>\n<ul>\n<li><strong>Kaina suaugusiems = <\/strong><strong>18$<\/strong><strong> vienam asmeniui<\/strong>.<\/li>\n<\/ul>\n<p><strong>Atsiliepimai:<\/strong><\/p>\n<p>patikrinti m\u016bs\u0173 &#8222;Google&#8221; \u017eem\u0117lapio Atsiliepimai kaip geriausias <a href=\"https:\/\/g.page\/r\/CUeYvkngP3wkEBM\/review\">kelioni\u0173 operatorius Hurgada<\/a> internete <a href=\"https:\/\/hurghadalovers.com\/\">Hurgada<\/a> Egiptas.<\/p>\n<p>&nbsp;<\/p>\n<p><strong>Pastaba:  <\/strong><\/p>\n<p>Taip pat si\u016blome ekskursij\u0105 su perve\u017eimu i\u0161 vie\u0161bu\u010dio El Goua, Somos \u012flankoje, Makadi \u012flankoje, Sahl Hasheesh, Safagoje u\u017e papildom\u0105 kain\u0105 = 10 USD asmeniui.<\/p>\n<p>&nbsp;<\/p>\n<p><strong>U\u017esakymas:<\/strong><\/p>\n<p>Si\u0173skite vie\u0161but\u012f + kambario numer\u012f + paso nuotrauk\u0105 \u012f &#8222;WhatsApp&#8221;: <strong>+201112596434<\/strong><\/p>\n<p>Jei i\u0161 Egipto U\u017esakymas dabar internetu ir patvirtinti, kai atvykimo vie\u0161butis.<\/p>\n","protected":false},"excerpt":{"rendered":"<p>Rytin\u0117 kelion\u0117 keturra\u010diais dykumoje i\u0161 Hurgados \u012f beduin\u0173 kaim\u0105 su pasiva\u017ein\u0117jimu kupranugariais. Geriausi dalykai, kuriuos galima nuveikti Hurgadoje romanti\u0161kam ir por\u0173 medaus m\u0117nesiui<\/p>\n","protected":false},"featured_media":932448,"template":"","meta":{"_joinchat":[]},"product_brand":[],"product_cat":[36662],"product_tag":[60385,60428,60362,60416,60424,60383,60357,60379,60420,60371,60367,60375],"class_list":{"0":"post-380093","1":"product","2":"type-product","3":"status-publish","4":"has-post-thumbnail","6":"product_cat-ekskursijos","7":"product_tag-atv-hurgada-lt","8":"product_tag-beduinu-kaimas-hurgada","9":"product_tag-dzipu-safaris-hurgadoje","10":"product_tag-ekskursija-su-bagiais-po-hurgada","11":"product_tag-jodinejimas-kupranugariais-hurgada","12":"product_tag-keturraciai-hurgada","13":"product_tag-safari-dykumoje-hurgadoje","14":"product_tag-safari-sahara-hurgada-lt","15":"product_tag-safari-turas-hurgada","16":"product_tag-safaris-su-bagiais-hurgadoje","17":"product_tag-super-safari-hurgada-lt","18":"product_tag-zvaigzdziu-stebejimas-hurgada","19":"tour_category-ekskursija-keturraciais-is-hurgados","20":"tour_category-ekskursijos-i-hurgada","22":"first","23":"instock","24":"sale","25":"shipping-taxable","26":"purchasable","27":"product-type-tour"},"yoast_head":"<!-- This site is optimized with the Yoast SEO Premium plugin v26.9 (Yoast SEO v27.2) - https:\/\/yoast.com\/product\/yoast-seo-premium-wordpress\/ -->\n<title>Rytin\u0117 ekskursija keturra\u010diais dykumoje i\u0161 Hurgados<\/title>\n<meta name=\"description\" content=\"Rytin\u0117 kelion\u0117 keturra\u010diais dykumoje i\u0161 Hurgados \u012f beduin\u0173 kaim\u0105 su pasiva\u017ein\u0117jimu kupranugariais. Geriausi dalykai, kuriuos galima nuveikti Hurgadoje romanti\u0161kam ir por\u0173 medaus m\u0117nesiui\" \/>\n<meta name=\"robots\" content=\"index, follow, max-snippet:-1, max-image-preview:large, max-video-preview:-1\" \/>\n<link rel=\"canonical\" href=\"https:\/\/hurghadalovers.com\/lt\/tours\/rytinis-keturvalandinis-zygis-dviraciu-is-hurgados\/\" \/>\n<meta property=\"og:locale\" content=\"lt_LT\" \/>\n<meta property=\"og:type\" content=\"article\" \/>\n<meta property=\"og:title\" content=\"Rytin\u0117 ekskursija keturra\u010diais dykumoje i\u0161 Hurgados\" \/>\n<meta property=\"og:description\" content=\"Rytin\u0117 kelion\u0117 keturra\u010diais dykumoje i\u0161 Hurgados \u012f beduin\u0173 kaim\u0105 su pasiva\u017ein\u0117jimu kupranugariais. Geriausi dalykai, kuriuos galima nuveikti Hurgadoje romanti\u0161kam ir por\u0173 medaus m\u0117nesiui\" \/>\n<meta property=\"og:url\" content=\"https:\/\/hurghadalovers.com\/lt\/tours\/rytinis-keturvalandinis-zygis-dviraciu-is-hurgados\/\" \/>\n<meta property=\"og:site_name\" content=\"Hurghada Excursions &amp; Day Trips | Booking Best Prices Tours\" \/>\n<meta property=\"article:publisher\" content=\"https:\/\/www.facebook.com\/Hurghadaloversegypt\" \/>\n<meta property=\"article:modified_time\" content=\"2026-02-09T16:40:29+00:00\" \/>\n<meta property=\"og:image\" content=\"https:\/\/hurghadalovers.com\/wp-content\/uploads\/2023\/08\/Hurghada-Quad-Biking-on-the-Beach-Trip.jpeg\" \/>\n\t<meta property=\"og:image:width\" content=\"1156\" \/>\n\t<meta property=\"og:image:height\" content=\"867\" \/>\n\t<meta property=\"og:image:type\" content=\"image\/jpeg\" \/>\n<meta name=\"twitter:card\" content=\"summary_large_image\" \/>\n<meta name=\"twitter:label1\" content=\"Price\" \/>\n\t<meta name=\"twitter:data1\" content=\"&euro;&nbsp;40\" \/>\n\t<meta name=\"twitter:label2\" content=\"Availability\" \/>\n\t<meta name=\"twitter:data2\" content=\"In stock\" \/>\n<script type=\"application\/ld+json\" class=\"yoast-schema-graph\">{\"@context\":\"https:\/\/schema.org\",\"@graph\":[{\"@type\":[\"WebPage\",\"ItemPage\"],\"@id\":\"https:\/\/hurghadalovers.com\/lt\/tours\/rytinis-keturvalandinis-zygis-dviraciu-is-hurgados\/\",\"url\":\"https:\/\/hurghadalovers.com\/lt\/tours\/rytinis-keturvalandinis-zygis-dviraciu-is-hurgados\/\",\"name\":\"Rytin\u0117 ekskursija keturra\u010diais dykumoje i\u0161 Hurgados\",\"isPartOf\":{\"@id\":\"https:\/\/hurghadalovers.com\/lt\/#website\"},\"primaryImageOfPage\":{\"@id\":\"https:\/\/hurghadalovers.com\/lt\/tours\/rytinis-keturvalandinis-zygis-dviraciu-is-hurgados\/#primaryimage\"},\"image\":{\"@id\":\"https:\/\/hurghadalovers.com\/lt\/tours\/rytinis-keturvalandinis-zygis-dviraciu-is-hurgados\/#primaryimage\"},\"thumbnailUrl\":\"https:\/\/hurghadalovers.com\/wp-content\/uploads\/2023\/08\/Hurghada-Quad-Biking-on-the-Beach-Trip.jpeg\",\"datePublished\":\"2023-08-14T09:57:56+00:00\",\"dateModified\":\"2026-02-09T16:40:29+00:00\",\"description\":\"Rytin\u0117 kelion\u0117 keturra\u010diais dykumoje i\u0161 Hurgados \u012f beduin\u0173 kaim\u0105 su pasiva\u017ein\u0117jimu kupranugariais. Geriausi dalykai, kuriuos galima nuveikti Hurgadoje romanti\u0161kam ir por\u0173 medaus m\u0117nesiui\",\"breadcrumb\":{\"@id\":\"https:\/\/hurghadalovers.com\/lt\/tours\/rytinis-keturvalandinis-zygis-dviraciu-is-hurgados\/#breadcrumb\"},\"inLanguage\":\"lt-LT\",\"potentialAction\":[{\"@type\":\"ReadAction\",\"target\":[\"https:\/\/hurghadalovers.com\/lt\/tours\/rytinis-keturvalandinis-zygis-dviraciu-is-hurgados\/\"]}]},{\"@type\":\"ImageObject\",\"inLanguage\":\"lt-LT\",\"@id\":\"https:\/\/hurghadalovers.com\/lt\/tours\/rytinis-keturvalandinis-zygis-dviraciu-is-hurgados\/#primaryimage\",\"url\":\"https:\/\/hurghadalovers.com\/wp-content\/uploads\/2023\/08\/Hurghada-Quad-Biking-on-the-Beach-Trip.jpeg\",\"contentUrl\":\"https:\/\/hurghadalovers.com\/wp-content\/uploads\/2023\/08\/Hurghada-Quad-Biking-on-the-Beach-Trip.jpeg\",\"width\":1156,\"height\":867,\"caption\":\"Hurghada Quad Biking on the Beach Trip\"},{\"@type\":\"BreadcrumbList\",\"@id\":\"https:\/\/hurghadalovers.com\/lt\/tours\/rytinis-keturvalandinis-zygis-dviraciu-is-hurgados\/#breadcrumb\",\"itemListElement\":[{\"@type\":\"ListItem\",\"position\":1,\"name\":\"Home\",\"item\":\"https:\/\/hurghadalovers.com\/lt\/\"},{\"@type\":\"ListItem\",\"position\":2,\"name\":\"Shop\",\"item\":\"https:\/\/hurghadalovers.com\/shop\/\"},{\"@type\":\"ListItem\",\"position\":3,\"name\":\"Rytin\u0117 ekskursija keturra\u010diais dykumoje i\u0161 Hurgados\"}]},{\"@type\":\"WebSite\",\"@id\":\"https:\/\/hurghadalovers.com\/lt\/#website\",\"url\":\"https:\/\/hurghadalovers.com\/lt\/\",\"name\":\"Hurghada Excursions & Day Trips | Booking Best Prices Tours\",\"description\":\"Hurghada Lovers - Best Tour Operator - Excursions &amp; Things to do for Family Day Trips with kids and Couples Romantic. Unique .Hidden gems\",\"publisher\":{\"@id\":\"https:\/\/hurghadalovers.com\/lt\/#organization\"},\"alternateName\":\"Hurghada Excursions\",\"potentialAction\":[{\"@type\":\"SearchAction\",\"target\":{\"@type\":\"EntryPoint\",\"urlTemplate\":\"https:\/\/hurghadalovers.com\/lt\/?s={search_term_string}\"},\"query-input\":{\"@type\":\"PropertyValueSpecification\",\"valueRequired\":true,\"valueName\":\"search_term_string\"}}],\"inLanguage\":\"lt-LT\"},{\"@type\":[\"Organization\",\"Place\",\"TravelAgency\"],\"@id\":\"https:\/\/hurghadalovers.com\/lt\/#organization\",\"name\":\"Hurghada Excursions\",\"url\":\"https:\/\/hurghadalovers.com\/lt\/\",\"logo\":{\"@id\":\"https:\/\/hurghadalovers.com\/lt\/tours\/rytinis-keturvalandinis-zygis-dviraciu-is-hurgados\/#local-main-organization-logo\"},\"image\":{\"@id\":\"https:\/\/hurghadalovers.com\/lt\/tours\/rytinis-keturvalandinis-zygis-dviraciu-is-hurgados\/#local-main-organization-logo\"},\"sameAs\":[\"https:\/\/www.facebook.com\/Hurghadaloversegypt\"],\"address\":{\"@id\":\"https:\/\/hurghadalovers.com\/lt\/tours\/rytinis-keturvalandinis-zygis-dviraciu-is-hurgados\/#local-main-place-address\"},\"telephone\":[\"00201112596434\"],\"contactPoint\":{\"@type\":\"ContactPoint\",\"telephone\":\"00201112596434\",\"email\":\"weyouface@gmail.com\"},\"openingHoursSpecification\":{\"@type\":\"OpeningHoursSpecification\",\"dayOfWeek\":[\"Monday\",\"Tuesday\",\"Wednesday\",\"Thursday\",\"Friday\",\"Saturday\",\"Sunday\"],\"opens\":\"00:00\",\"closes\":\"23:59\"},\"email\":\"weyouface@gmail.com\",\"areaServed\":\"Luxor, Hurghada, El Gouna, Aswan, Sharm El Sheikh, Giza, Alexandria, Marsa Alam, Quseir, Soma Bay, Sahl Hasheesh, Red Sea, Makadi Bay, Cairo\",\"priceRange\":\"$\",\"currenciesAccepted\":\"euro\",\"paymentAccepted\":\"cash on site\"},{\"@type\":\"PostalAddress\",\"@id\":\"https:\/\/hurghadalovers.com\/lt\/tours\/rytinis-keturvalandinis-zygis-dviraciu-is-hurgados\/#local-main-place-address\",\"streetAddress\":\"17 Banks street, Alkawther area, top nbk bank\",\"addressLocality\":\"hurghada\",\"postalCode\":\"84511\",\"addressRegion\":\"red sea\",\"addressCountry\":\"EG\"},{\"@type\":\"ImageObject\",\"inLanguage\":\"lt-LT\",\"@id\":\"https:\/\/hurghadalovers.com\/lt\/tours\/rytinis-keturvalandinis-zygis-dviraciu-is-hurgados\/#local-main-organization-logo\",\"url\":\"https:\/\/hurghadalovers.com\/wp-content\/uploads\/2019\/10\/hurghada-excursions-logo.png\",\"contentUrl\":\"https:\/\/hurghadalovers.com\/wp-content\/uploads\/2019\/10\/hurghada-excursions-logo.png\",\"width\":272,\"height\":90,\"caption\":\"Hurghada Excursions\"}]}<\/script>\n<meta property=\"product:brand\" content=\"Ekskursijos dykumoje i\u0161 Hurgada\" \/>\n<meta property=\"product:price:amount\" content=\"40\" \/>\n<meta property=\"product:price:currency\" content=\"EUR\" \/>\n<meta property=\"og:availability\" content=\"instock\" \/>\n<meta property=\"product:availability\" content=\"instock\" \/>\n<meta property=\"product:retailer_item_id\" content=\"Safari012024\" \/>\n<meta property=\"product:condition\" content=\"new\" \/>\n<meta name=\"geo.placename\" content=\"hurghada\" \/>\n<meta name=\"geo.region\" content=\"Egypt\" \/>\n<!-- \/ Yoast SEO Premium plugin. -->","yoast_head_json":{"title":"Rytin\u0117 ekskursija keturra\u010diais dykumoje i\u0161 Hurgados","description":"Rytin\u0117 kelion\u0117 keturra\u010diais dykumoje i\u0161 Hurgados \u012f beduin\u0173 kaim\u0105 su pasiva\u017ein\u0117jimu kupranugariais. Geriausi dalykai, kuriuos galima nuveikti Hurgadoje romanti\u0161kam ir por\u0173 medaus m\u0117nesiui","robots":{"index":"index","follow":"follow","max-snippet":"max-snippet:-1","max-image-preview":"max-image-preview:large","max-video-preview":"max-video-preview:-1"},"canonical":"https:\/\/hurghadalovers.com\/lt\/tours\/rytinis-keturvalandinis-zygis-dviraciu-is-hurgados\/","og_locale":"lt_LT","og_type":"article","og_title":"Rytin\u0117 ekskursija keturra\u010diais dykumoje i\u0161 Hurgados","og_description":"Rytin\u0117 kelion\u0117 keturra\u010diais dykumoje i\u0161 Hurgados \u012f beduin\u0173 kaim\u0105 su pasiva\u017ein\u0117jimu kupranugariais. Geriausi dalykai, kuriuos galima nuveikti Hurgadoje romanti\u0161kam ir por\u0173 medaus m\u0117nesiui","og_url":"https:\/\/hurghadalovers.com\/lt\/tours\/rytinis-keturvalandinis-zygis-dviraciu-is-hurgados\/","og_site_name":"Hurghada Excursions &amp; Day Trips | Booking Best Prices Tours","article_publisher":"https:\/\/www.facebook.com\/Hurghadaloversegypt","article_modified_time":"2026-02-09T16:40:29+00:00","og_image":[{"width":1156,"height":867,"url":"https:\/\/hurghadalovers.com\/wp-content\/uploads\/2023\/08\/Hurghada-Quad-Biking-on-the-Beach-Trip.jpeg","type":"image\/jpeg"}],"twitter_card":"summary_large_image","twitter_misc":{"Price":"&euro;&nbsp;40","Availability":"In stock"},"schema":{"@context":"https:\/\/schema.org","@graph":[{"@type":["WebPage","ItemPage"],"@id":"https:\/\/hurghadalovers.com\/lt\/tours\/rytinis-keturvalandinis-zygis-dviraciu-is-hurgados\/","url":"https:\/\/hurghadalovers.com\/lt\/tours\/rytinis-keturvalandinis-zygis-dviraciu-is-hurgados\/","name":"Rytin\u0117 ekskursija keturra\u010diais dykumoje i\u0161 Hurgados","isPartOf":{"@id":"https:\/\/hurghadalovers.com\/lt\/#website"},"primaryImageOfPage":{"@id":"https:\/\/hurghadalovers.com\/lt\/tours\/rytinis-keturvalandinis-zygis-dviraciu-is-hurgados\/#primaryimage"},"image":{"@id":"https:\/\/hurghadalovers.com\/lt\/tours\/rytinis-keturvalandinis-zygis-dviraciu-is-hurgados\/#primaryimage"},"thumbnailUrl":"https:\/\/hurghadalovers.com\/wp-content\/uploads\/2023\/08\/Hurghada-Quad-Biking-on-the-Beach-Trip.jpeg","datePublished":"2023-08-14T09:57:56+00:00","dateModified":"2026-02-09T16:40:29+00:00","description":"Rytin\u0117 kelion\u0117 keturra\u010diais dykumoje i\u0161 Hurgados \u012f beduin\u0173 kaim\u0105 su pasiva\u017ein\u0117jimu kupranugariais. Geriausi dalykai, kuriuos galima nuveikti Hurgadoje romanti\u0161kam ir por\u0173 medaus m\u0117nesiui","breadcrumb":{"@id":"https:\/\/hurghadalovers.com\/lt\/tours\/rytinis-keturvalandinis-zygis-dviraciu-is-hurgados\/#breadcrumb"},"inLanguage":"lt-LT","potentialAction":[{"@type":"ReadAction","target":["https:\/\/hurghadalovers.com\/lt\/tours\/rytinis-keturvalandinis-zygis-dviraciu-is-hurgados\/"]}]},{"@type":"ImageObject","inLanguage":"lt-LT","@id":"https:\/\/hurghadalovers.com\/lt\/tours\/rytinis-keturvalandinis-zygis-dviraciu-is-hurgados\/#primaryimage","url":"https:\/\/hurghadalovers.com\/wp-content\/uploads\/2023\/08\/Hurghada-Quad-Biking-on-the-Beach-Trip.jpeg","contentUrl":"https:\/\/hurghadalovers.com\/wp-content\/uploads\/2023\/08\/Hurghada-Quad-Biking-on-the-Beach-Trip.jpeg","width":1156,"height":867,"caption":"Hurghada Quad Biking on the Beach Trip"},{"@type":"BreadcrumbList","@id":"https:\/\/hurghadalovers.com\/lt\/tours\/rytinis-keturvalandinis-zygis-dviraciu-is-hurgados\/#breadcrumb","itemListElement":[{"@type":"ListItem","position":1,"name":"Home","item":"https:\/\/hurghadalovers.com\/lt\/"},{"@type":"ListItem","position":2,"name":"Shop","item":"https:\/\/hurghadalovers.com\/shop\/"},{"@type":"ListItem","position":3,"name":"Rytin\u0117 ekskursija keturra\u010diais dykumoje i\u0161 Hurgados"}]},{"@type":"WebSite","@id":"https:\/\/hurghadalovers.com\/lt\/#website","url":"https:\/\/hurghadalovers.com\/lt\/","name":"Hurghada Excursions & Day Trips | Booking Best Prices Tours","description":"Hurghada Lovers - Best Tour Operator - Excursions &amp; Things to do for Family Day Trips with kids and Couples Romantic. Unique .Hidden gems","publisher":{"@id":"https:\/\/hurghadalovers.com\/lt\/#organization"},"alternateName":"Hurghada Excursions","potentialAction":[{"@type":"SearchAction","target":{"@type":"EntryPoint","urlTemplate":"https:\/\/hurghadalovers.com\/lt\/?s={search_term_string}"},"query-input":{"@type":"PropertyValueSpecification","valueRequired":true,"valueName":"search_term_string"}}],"inLanguage":"lt-LT"},{"@type":["Organization","Place","TravelAgency"],"@id":"https:\/\/hurghadalovers.com\/lt\/#organization","name":"Hurghada Excursions","url":"https:\/\/hurghadalovers.com\/lt\/","logo":{"@id":"https:\/\/hurghadalovers.com\/lt\/tours\/rytinis-keturvalandinis-zygis-dviraciu-is-hurgados\/#local-main-organization-logo"},"image":{"@id":"https:\/\/hurghadalovers.com\/lt\/tours\/rytinis-keturvalandinis-zygis-dviraciu-is-hurgados\/#local-main-organization-logo"},"sameAs":["https:\/\/www.facebook.com\/Hurghadaloversegypt"],"address":{"@id":"https:\/\/hurghadalovers.com\/lt\/tours\/rytinis-keturvalandinis-zygis-dviraciu-is-hurgados\/#local-main-place-address"},"telephone":["00201112596434"],"contactPoint":{"@type":"ContactPoint","telephone":"00201112596434","email":"weyouface@gmail.com"},"openingHoursSpecification":{"@type":"OpeningHoursSpecification","dayOfWeek":["Monday","Tuesday","Wednesday","Thursday","Friday","Saturday","Sunday"],"opens":"00:00","closes":"23:59"},"email":"weyouface@gmail.com","areaServed":"Luxor, Hurghada, El Gouna, Aswan, Sharm El Sheikh, Giza, Alexandria, Marsa Alam, Quseir, Soma Bay, Sahl Hasheesh, Red Sea, Makadi Bay, Cairo","priceRange":"$","currenciesAccepted":"euro","paymentAccepted":"cash on site"},{"@type":"PostalAddress","@id":"https:\/\/hurghadalovers.com\/lt\/tours\/rytinis-keturvalandinis-zygis-dviraciu-is-hurgados\/#local-main-place-address","streetAddress":"17 Banks street, Alkawther area, top nbk bank","addressLocality":"hurghada","postalCode":"84511","addressRegion":"red sea","addressCountry":"EG"},{"@type":"ImageObject","inLanguage":"lt-LT","@id":"https:\/\/hurghadalovers.com\/lt\/tours\/rytinis-keturvalandinis-zygis-dviraciu-is-hurgados\/#local-main-organization-logo","url":"https:\/\/hurghadalovers.com\/wp-content\/uploads\/2019\/10\/hurghada-excursions-logo.png","contentUrl":"https:\/\/hurghadalovers.com\/wp-content\/uploads\/2019\/10\/hurghada-excursions-logo.png","width":272,"height":90,"caption":"Hurghada Excursions"}]},"product_brand":"Ekskursijos dykumoje i\u0161 Hurgada","product_price_amount":"40","product_price_currency":"EUR","og_availability":"instock","product_availability":"instock","product_retailer_item_id":"Safari012024","product_condition":"new","geo.placename":"hurghada","geo.region":"Egypt"},"_links":{"self":[{"href":"https:\/\/hurghadalovers.com\/lt\/wp-json\/wp\/v2\/product\/380093","targetHints":{"allow":["GET"]}}],"collection":[{"href":"https:\/\/hurghadalovers.com\/lt\/wp-json\/wp\/v2\/product"}],"about":[{"href":"https:\/\/hurghadalovers.com\/lt\/wp-json\/wp\/v2\/types\/product"}],"wp:featuredmedia":[{"embeddable":true,"href":"https:\/\/hurghadalovers.com\/lt\/wp-json\/wp\/v2\/media\/932448"}],"wp:attachment":[{"href":"https:\/\/hurghadalovers.com\/lt\/wp-json\/wp\/v2\/media?parent=380093"}],"wp:term":[{"taxonomy":"product_brand","embeddable":true,"href":"https:\/\/hurghadalovers.com\/lt\/wp-json\/wp\/v2\/product_brand?post=380093"},{"taxonomy":"product_cat","embeddable":true,"href":"https:\/\/hurghadalovers.com\/lt\/wp-json\/wp\/v2\/product_cat?post=380093"},{"taxonomy":"product_tag","embeddable":true,"href":"https:\/\/hurghadalovers.com\/lt\/wp-json\/wp\/v2\/product_tag?post=380093"}],"curies":[{"name":"wp","href":"https:\/\/api.w.org\/{rel}","templated":true}]}}